{"id":16207,"date":"2025-01-20T08:39:49","date_gmt":"2025-01-20T08:39:49","guid":{"rendered":"https:\/\/www.hydraulic-cylinders.net\/product\/arm-cylinderfor-doosan-middle-excavator-dh220lc-9e\/"},"modified":"2025-01-20T08:39:51","modified_gmt":"2025-01-20T08:39:51","slug":"arm-cylinderfor-doosan-middle-excavator-dh220lc-9e","status":"publish","type":"product","link":"https:\/\/www.hydraulic-cylinders.net\/hu\/termek\/arm-cylinderfor-doosan-middle-excavator-dh220lc-9e\/","title":{"rendered":"Karhenger Doosan k\u00f6z\u00e9ps\u0151 kotr\u00f3g\u00e9phez DH220LC-9E"},"content":{"rendered":"<p>Karhenger Doosan k\u00f6z\u00e9ps\u0151 kotr\u00f3g\u00e9phez DH220LC-9E<\/p>\n<p>A karhenger egy speci\u00e1lisan tervezett hidraulikus henger, amelyet f\u0151k\u00e9nt k\u00fcl\u00f6nf\u00e9le g\u00e9pkarok, p\u00e9ld\u00e1ul kotr\u00f3g\u00e9pek, daruk \u00e9s mechanikus karok line\u00e1ris mozg\u00e1s\u00e1nak \u00e9s teljes\u00edtm\u00e9ny\u00e9nek biztos\u00edt\u00e1s\u00e1ra haszn\u00e1lnak. A karhenger kulcsszerepet j\u00e1tszik a hidraulikus rendszerben, lehet\u0151v\u00e9 t\u00e9ve a kieg\u00e9sz\u00edt\u0151 szersz\u00e1mok vagy tartoz\u00e9kok hat\u00e9kony mozg\u00e1s\u00e1t \u00e9s vez\u00e9rl\u00e9s\u00e9t. Ezek a hengerek nemcsak sima mozg\u00e1st biztos\u00edtanak, hanem nagy terhel\u00e9seket is elviselnek, biztos\u00edtva a g\u00e9p hat\u00e9kony m\u0171k\u00f6d\u00e9s\u00e9t \u00e9s megb\u00edzhat\u00f3s\u00e1g\u00e1t k\u00fcl\u00f6nb\u00f6z\u0151 munkak\u00f6r\u00fclm\u00e9nyek k\u00f6z\u00f6tt.<\/p>\n<p>Defin\u00edci\u00f3 \u00e9s magyar\u00e1zat<\/p>\n<p>A karhenger egy olyan hidraulikus henger, amely line\u00e1ris mozg\u00e1st \u00e9s er\u0151t biztos\u00edt a k\u00fcl\u00f6nf\u00e9le g\u00e9pkaroknak. Hidraulikus folyad\u00e9kot haszn\u00e1l az er\u0151 el\u0151\u00e1ll\u00edt\u00e1s\u00e1hoz, amely a dugatty\u00fara ker\u00fcl \u00e1t, \u00e9s ez\u00e1ltal line\u00e1ris ir\u00e1ny\u00fa mozg\u00e1st eredm\u00e9nyez. A dugatty\u00fa a r\u00fadhoz van csatlakoztatva, amely a g\u00e9pkarhoz van r\u00f6gz\u00edtve. A henger furata hat\u00e1rozza meg a l\u00e9trehozhat\u00f3 er\u0151 m\u00e9rt\u00e9k\u00e9t, m\u00edg a dugatty\u00fa fel\u00fclete az er\u0151 nagys\u00e1g\u00e1t.<\/p>\n<p>Jellemz\u0151k<\/p>\n<p>1. Nagy hat\u00e9konys\u00e1g\u00fa er\u0151\u00e1tvitel: A karhenger er\u0151teljes line\u00e1ris mozg\u00e1st \u00e9s er\u0151t biztos\u00edt, biztos\u00edtva a g\u00e9pkar nagy hat\u00e9konys\u00e1g\u00e1t a k\u00fcl\u00f6nb\u00f6z\u0151 m\u0171veletek sor\u00e1n.<\/p>\n<p>2. Prec\u00edz vez\u00e9rl\u00e9s: A hidraulikus rendszeren kereszt\u00fcl a karhenger pontos mozg\u00e1svez\u00e9rl\u00e9st \u00e9rhet el, \u00edgy a kieg\u00e9sz\u00edt\u0151 szersz\u00e1mm\u0171veletek rugalmasabbak \u00e9s pontosabbak.<\/p>\n<p>3. Er\u0151s tart\u00f3ss\u00e1g: A karhengerek \u00e1ltal\u00e1ban nagy szil\u00e1rds\u00e1g\u00fa anyagokb\u00f3l k\u00e9sz\u00fclnek, j\u00f3 kop\u00e1s\u00e1ll\u00f3s\u00e1ggal \u00e9s korr\u00f3zi\u00f3\u00e1ll\u00f3s\u00e1ggal rendelkeznek, \u00e9s alkalmasak hossz\u00fa t\u00e1v\u00fa haszn\u00e1latra zord k\u00f6rnyezetben.<\/p>\n<p>4. T\u00f6bbfunkci\u00f3s alkalmazkod\u00f3k\u00e9pess\u00e9g: Ezek a hengerek sz\u00e9les k\u00f6rben alkalmazhat\u00f3k k\u00fcl\u00f6nf\u00e9le g\u00e9pipari berendez\u00e9sekben, p\u00e9ld\u00e1ul kotr\u00f3g\u00e9pekben, darukban \u00e9s mechanikus karokban, hogy alkalmazkodjanak a k\u00fcl\u00f6nb\u00f6z\u0151 munkak\u00f6vetelm\u00e9nyekhez.<\/p>\n<p>5. K\u00f6nny\u0171 karbantart\u00e1s: A kialak\u00edt\u00e1s figyelembe veszi az egyszer\u0171 karbantart\u00e1st \u00e9s cser\u00e9t, \u00edgy a rendszeres ellen\u0151rz\u00e9s \u00e9s karbantart\u00e1s k\u00e9nyelmesebb, cs\u00f6kkentve a berendez\u00e9sek \u00e1ll\u00e1sidej\u00e9t.<\/p>\n<p>Termel\u00e9s<\/p>\n<p>C\u00e9g\u00fcnk gy\u00e1rtja ezt a term\u00e9ket, \u00e9s term\u00e9k\u00fcnk t\u00f6k\u00e9letesen helyettes\u00edtheti ezeket a hidraulikus hengereket.<\/p>\n<p>Alkalmaz\u00e1sok<\/p>\n<p>A karhengerek k\u00fcl\u00f6nf\u00e9le alkalmaz\u00e1sokban haszn\u00e1lhat\u00f3k, bele\u00e9rtve:<\/p>\n<p>1. \u00c9p\u00edt\u0151m\u00e9rn\u00f6ki munka: Kotr\u00f3g\u00e9pekn\u00e9l \u00e9s darukn\u00e1l a karhengerek szab\u00e1lyozz\u00e1k a kan\u00e1l vagy a daru mozg\u00e1s\u00e1t f\u00f6ldmunk\u00e1k, anyagmozgat\u00e1s \u00e9s szerkezeti szerel\u00e9s sor\u00e1n.<\/p>\n<p>2. Gy\u00e1rt\u00f3ipar: Az automatiz\u00e1lt gy\u00e1rt\u00f3sorokon a karhengerek vez\u00e9rlik a mechanikus kar mozg\u00e1s\u00e1t az \u00f6sszeszerel\u00e9si, hegeszt\u00e9si \u00e9s anyagmozgat\u00e1si folyamatok sor\u00e1n, jav\u00edtva a termel\u00e9si hat\u00e9konys\u00e1got \u00e9s a pontoss\u00e1got.<\/p>\n<p>3. Mez\u0151gazdas\u00e1gi g\u00e9pek: A mez\u0151gazdas\u00e1gi g\u00e9pekben, p\u00e9ld\u00e1ul a betakar\u00edt\u00f3g\u00e9pekben \u00e9s a vet\u0151g\u00e9pekben a karhengerek szab\u00e1lyozz\u00e1k a m\u0171k\u00f6dtet\u0151 kar mozg\u00e1s\u00e1t olyan feladatok elv\u00e9gz\u00e9s\u00e9hez, mint a vet\u00e9s, a m\u0171tr\u00e1gy\u00e1z\u00e1s \u00e9s a betakar\u00edt\u00e1s.<\/p>\n<p>4. B\u00e1ny\u00e1szat: A b\u00e1ny\u00e1szati \u200b\u200bberendez\u00e9sekben a karhengerek szab\u00e1lyozz\u00e1k a kar mozg\u00e1s\u00e1t az \u00e1sv\u00e1nyok b\u00e1ny\u00e1szat\u00e1hoz \u00e9s sz\u00e1ll\u00edt\u00e1s\u00e1hoz.<\/p>\n<p>5. Logisztika \u00e9s sz\u00e1ll\u00edt\u00e1s: A targonc\u00e1kban \u00e9s anyagmozgat\u00f3 robotokban a karhengerek szab\u00e1lyozz\u00e1k a villa emel\u00e9s\u00e9t \u00e9s mozg\u00e1s\u00e1t, megval\u00f3s\u00edtva az anyagmozgat\u00e1st \u00e9s a rakod\u00e1st.<\/p>\n<p>Tervez\u00e9si szempontok \u00e9s kiv\u00e1laszt\u00e1si krit\u00e9riumok<\/p>\n<p>1. Teherb\u00edr\u00e1s: A karhenger furatm\u00e9rete \u00e9s a dugatty\u00fa fel\u00fclete hat\u00e1rozza meg a teherb\u00edr\u00e1st. A hengernek k\u00e9pesnek kell lennie arra, hogy ellen\u00e1lljon a maxim\u00e1lis terhel\u00e9snek a legny\u00fajtottabb hosszon.<\/p>\n<p>2. T\u00f6m\u00edt\u00e9s: A hengernek k\u00fcl\u00f6nf\u00e9le t\u00f6m\u00edt\u0151elemeket kell haszn\u00e1lnia, p\u00e9ld\u00e1ul dugatty\u00fat\u00f6m\u00edt\u00e9seket, r\u00fadt\u00f6m\u00edt\u00e9seket \u00e9s ablakt\u00f6rl\u0151ket a sziv\u00e1rg\u00e1sok \u00e9s szennyez\u0151d\u00e9sek megel\u0151z\u00e9se \u00e9rdek\u00e9ben.<\/p>\n<p>3. Tart\u00f3ss\u00e1g: A hengertestnek \u00e9s a dugatty\u00far\u00fadnak nagy szil\u00e1rds\u00e1g\u00fa, j\u00f3 kop\u00e1s\u00e1ll\u00f3s\u00e1g\u00fa \u00e9s korr\u00f3zi\u00f3\u00e1ll\u00f3 anyagokb\u00f3l kell k\u00e9sz\u00fclnie.<\/p>\n<p>4. Biztons\u00e1g: A palacknak \u200b\u200bbiztons\u00e1gi funkci\u00f3kkal kell rendelkeznie, p\u00e9ld\u00e1ul p\u00e1rn\u00e1z\u00e1ssal \u00e9s t\u00falnyom\u00e1sv\u00e9delemmel a balesetek megel\u0151z\u00e9se \u00e9rdek\u00e9ben.<\/p>\n<p>5. Karbantart\u00e1s: A hengert \u00fagy kell megtervezni, hogy k\u00f6nnyen karbantarthat\u00f3 \u00e9s alkatr\u00e9szei k\u00f6nnyen cser\u00e9lhet\u0151k legyenek.<\/p>\n<p>T\u00f6m\u00edt\u00e9s \u00e9s ken\u00e9s<\/p>\n<p>K\u00fcl\u00f6nb\u00f6z\u0151 t\u00f6m\u00edt\u0151elemeket, p\u00e9ld\u00e1ul dugatty\u00fat\u00f6m\u00edt\u00e9seket, r\u00fadt\u00f6m\u00edt\u00e9seket \u00e9s ablakt\u00f6rl\u0151ket haszn\u00e1lnak a sziv\u00e1rg\u00e1sok \u00e9s szennyez\u0151d\u00e9sek megakad\u00e1lyoz\u00e1s\u00e1ra. Ezek az alkatr\u00e9szek kop\u00e1s\u00e1ll\u00f3 anyagokb\u00f3l, p\u00e9ld\u00e1ul poliuret\u00e1nb\u00f3l \u00e9s nitrilgumib\u00f3l k\u00e9sz\u00fclnek. A hengertest \u00e9s a dugatty\u00far\u00fad finom megmunk\u00e1l\u00e1son esik \u00e1t a kop\u00e1s\u00e1ll\u00f3s\u00e1g jav\u00edt\u00e1sa \u00e9rdek\u00e9ben. A henger rendszeres hidraulikaolajjal t\u00f6rt\u00e9n\u0151 ken\u00e9st is ig\u00e9nyel a z\u00f6kken\u0151mentes m\u0171k\u00f6d\u00e9s fenntart\u00e1sa \u00e9rdek\u00e9ben.<\/p>\n<p>Megel\u0151z\u0151 karbantart\u00e1s<\/p>\n<p>A karhenger megb\u00edzhat\u00f3 \u00e9s hat\u00e9kony m\u0171k\u00f6d\u00e9s\u00e9nek biztos\u00edt\u00e1s\u00e1hoz elengedhetetlen a rendszeres ellen\u0151rz\u00e9s \u00e9s karbantart\u00e1s. A k\u00f6vetkez\u0151 int\u00e9zked\u00e9seket lehet megtenni:<\/p>\n<p>1. Rendszeresen ellen\u0151rizze a palackot s\u00e9r\u00fcl\u00e9s vagy kop\u00e1s jelei szempontj\u00e1b\u00f3l.<\/p>\n<p>2. Az elkopott vagy s\u00e9r\u00fclt alkatr\u00e9szeket halad\u00e9ktalanul cser\u00e9lje ki.<\/p>\n<p>3. Haszn\u00e1ljon min\u0151s\u00e9gi hidraulikaolajat, \u00e9s cser\u00e9lje ki az aj\u00e1nl\u00e1soknak megfelel\u0151en.<\/p>\n<p>4. K\u00f6vesse a gy\u00e1rt\u00f3 telep\u00edt\u00e9si \u00e9s \u00fczemeltet\u00e9si utas\u00edt\u00e1sait.<\/p>\n<p>Term\u00e9ktelep\u00edt\u00e9si \u00fatmutat\u00f3<\/p>\n<p>1. Telep\u00edt\u00e9s el\u0151tt alaposan tiszt\u00edtsa meg a r\u00f6gz\u00edt\u0151fel\u00fcleteket, \u00e9s gy\u0151z\u0151dj\u00f6n meg arr\u00f3l, hogy azok s\u00edkak, sorj\u00e1kt\u00f3l \u00e9s ki\u00e1ll\u00f3 r\u00e9szekt\u0151l mentesek.<\/p>\n<p>2. \u00d3vatosan igaz\u00edtsa egym\u00e1shoz a hengert \u00e9s a g\u00e9pkart, \u00fcgyelve arra, hogy a csaplyukak megfelel\u0151en illeszkedjenek.<\/p>\n<p>3. Biztons\u00e1gosan szerelje fel a hengercsapokat \u00e9s a r\u00f6gz\u00edt\u0151ket.<\/p>\n<p>4. Csatlakoztassa a hidraulikat\u00f6ml\u0151ket a henger csatlakoz\u00f3ihoz, \u00fcgyelve a megfelel\u0151 csatlakoztat\u00e1sra.<\/p>\n<p>5. T\u00f6ltse fel a hengert hidraulikaolajjal, \u00e9s ellen\u0151rizze, hogy nincs-e sziv\u00e1rg\u00e1s.<\/p>\n<p>Biztons\u00e1gi \u00e9s k\u00f6rnyezetv\u00e9delmi szempontok<\/p>\n<p>A biztons\u00e1g rendk\u00edv\u00fcl fontos a g\u00e9pekkel val\u00f3 munkav\u00e9gz\u00e9s sor\u00e1n, \u00e9s a karos munkahengerek sem kiv\u00e9telek. Alapvet\u0151 fontoss\u00e1g\u00fa a gy\u00e1rt\u00f3 biztons\u00e1gi ir\u00e1nyelveinek betart\u00e1sa, valamint a megfelel\u0151 szem\u00e9lyi v\u00e9d\u0151felszerel\u00e9s, p\u00e9ld\u00e1ul keszty\u0171 \u00e9s v\u00e9d\u0151szem\u00fcveg visel\u00e9se. A hidraulikaolaj megfelel\u0151 \u00e1rtalmatlan\u00edt\u00e1sa szint\u00e9n kulcsfontoss\u00e1g\u00fa a k\u00f6rnyezetszennyez\u00e9s megel\u0151z\u00e9se \u00e9rdek\u00e9ben.<\/p>\n<p>Hibaelh\u00e1r\u00edt\u00e1s \u00e9s gyakori probl\u00e9m\u00e1k<\/p>\n<p>A karos munkahengerek n\u00e9h\u00e1ny gyakori probl\u00e9m\u00e1ja k\u00f6z\u00e9 tartozik a sziv\u00e1rg\u00e1s, a t\u00f6m\u00edt\u00e9sek s\u00e9r\u00fcl\u00e9se \u00e9s az el\u00e9gtelen er\u0151. Ezeket a probl\u00e9m\u00e1kat kop\u00e1s, szennyez\u0151d\u00e9s vagy nem megfelel\u0151 beszerel\u00e9s okozhatja. Ha ezen probl\u00e9m\u00e1k b\u00e1rmelyike \u200b\u200b\u200b\u200bel\u0151fordul, elengedhetetlen, hogy konzult\u00e1ljon a gy\u00e1rt\u00f3 hibaelh\u00e1r\u00edt\u00e1si \u00fatmutat\u00f3j\u00e1val, vagy k\u00e9rjen seg\u00edts\u00e9get egy szakembert\u0151l.<\/p>\n<p>Hibakezel\u00e9s \u00e9s -megel\u0151z\u00e9s<\/p>\n<p>A lehets\u00e9ges probl\u00e9m\u00e1k megel\u0151z\u00e9se \u00e9rdek\u00e9ben elengedhetetlen a rendszeres ellen\u0151rz\u00e9s \u00e9s karbantart\u00e1s. A k\u00f6vetkez\u0151 int\u00e9zked\u00e9sekkel el\u0151zhet\u0151 meg a probl\u00e9ma:<\/p>\n<p>1. Haszn\u00e1ljon min\u0151s\u00e9gi hidraulikaolajat, \u00e9s cser\u00e9lje ki az aj\u00e1nlott mennyis\u00e9get.<\/p>\n<p>2. K\u00f6vesse a gy\u00e1rt\u00f3 telep\u00edt\u00e9si \u00e9s \u00fczemeltet\u00e9si utas\u00edt\u00e1sait.<\/p>\n<p>3. Ker\u00fclje a henger kapacit\u00e1s\u00e1n t\u00fali t\u00falterhel\u00e9s\u00e9t.<\/p>\n<p>4. Rendszeresen ellen\u0151rizze a hengert s\u00e9r\u00fcl\u00e9s vagy kop\u00e1s jelei szempontj\u00e1b\u00f3l.<\/p>\n<p>C\u00e9g\u00fcnk<\/p>\n<p>Sz\u00e9les term\u00e9kv\u00e1laszt\u00e9kkal rendelkez\u0151 p\u00f3talkatr\u00e9sz-hidraulikus hengerek professzion\u00e1lis gy\u00e1rt\u00f3ja vagyunk. A vil\u00e1g egyik vezet\u0151 hidraulikus hengergy\u00e1rt\u00f3j\u00e1v\u00e1 \u00e9s nagykeresked\u0151j\u00e9v\u00e9 v\u00e1ltunk. Mindig a kiv\u00e1l\u00f3 min\u0151s\u00e9g elv\u00e9t valljuk, \u00e9s folyamatosan fejlesztj\u00fck technol\u00f3gi\u00e1nkat \u00e9s termel\u00e9si hat\u00e9konys\u00e1gunkat. Cs\u00facskateg\u00f3ri\u00e1s digit\u00e1lis gy\u00e1rt\u00f3berendez\u00e9sek \u00e9s professzion\u00e1lis tesztel\u0151rendszerek bevezet\u00e9s\u00e9vel folyamatosan optimaliz\u00e1ljuk gy\u00e1rt\u00e1si platformunkat, fejlesztj\u00fck term\u00e9kmin\u0151s\u00e9g-ellen\u0151rz\u00e9si folyamatunkat, \u00e9s er\u0151s innov\u00e1ci\u00f3s k\u00e9pess\u00e9ggel rendelkez\u00fcnk. C\u00e9lunk, hogy hat\u00e9kony, pontos \u00e9s kiv\u00e1l\u00f3 min\u0151s\u00e9g\u0171 elvekkel el\u00e9g\u00edts\u00fck ki \u00fcgyfeleink sokr\u00e9t\u0171 ig\u00e9nyeit.<\/p>\n<p>C\u00e9g\u00fcnk professzion\u00e1lis szolg\u00e1ltat\u00e1sokat, nemzetk\u00f6zi tan\u00fas\u00edtv\u00e1nyokat, testreszabott szolg\u00e1ltat\u00e1sokat, gy\u00e1rt\u00f3berendez\u00e9seket \u00e9s \u00e9rt\u00e9kes\u00edt\u00e9s ut\u00e1ni szolg\u00e1ltat\u00e1sokat k\u00edn\u00e1l. Szakemberekb\u0151l \u00e1ll\u00f3 csapatunk szem\u00e9lyre szabott szolg\u00e1ltat\u00e1sokat \u00e9s technikai t\u00e1mogat\u00e1st tud ny\u00fajtani \u00fcgyfeleinknek. Sz\u00e1mos nemzetk\u00f6zi tan\u00fas\u00edtv\u00e1nyt szerezt\u00fcnk, mint p\u00e9ld\u00e1ul az ISO9001, CE \u00e9s ROHS, amelyek biztos\u00edtj\u00e1k term\u00e9keink \u00e9s szolg\u00e1ltat\u00e1saink magas min\u0151s\u00e9g\u00e9t. Teljes gy\u00e1rt\u00f3sorral, korszer\u0171 gy\u00e1rt\u00f3berendez\u00e9sekkel \u00e9s szigor\u00fa min\u0151s\u00e9gellen\u0151rz\u00e9si elj\u00e1r\u00e1sokkal rendelkez\u00fcnk annak biztos\u00edt\u00e1s\u00e1ra, hogy minden term\u00e9k megfeleljen az \u00fcgyfelek ig\u00e9nyeinek. Kiv\u00e1l\u00f3 \u00e9rt\u00e9kes\u00edt\u00e9s ut\u00e1ni szolg\u00e1ltat\u00e1st ny\u00fajtunk, \u00e9s \u00e1tfog\u00f3 \u00e9rt\u00e9kes\u00edt\u00e9s ut\u00e1ni szolg\u00e1ltat\u00e1si rendszert hoztunk l\u00e9tre az \u00fcgyfelek probl\u00e9m\u00e1inak gyors megold\u00e1sa \u00e9rdek\u00e9ben.<\/p>\n<p>Szerz\u0151: lyl<\/p>","protected":false},"excerpt":{"rendered":"<p>Arm Cylinder for Doosan Middle Excavator DH220LC-9E Arm cylinder is a specially designed hydraulic cylinder that is mainly used to provide linear motion and power for various kinds of machinery arms such as excavators, cranes, and mechanical arms. The arm cylinder plays a crucial role in the hydraulic system, enabling the additional tools or attachments [&hellip;]<\/p>","protected":false},"featured_media":14774,"comment_status":"open","ping_status":"closed","template":"","meta":{"_et_pb_use_builder":"","_et_pb_old_content":"","_et_gb_content_width":""},"product_brand":[],"product_cat":[1497],"product_tag":[1498,1496],"class_list":{"0":"post-16207","1":"product","2":"type-product","3":"status-publish","4":"has-post-thumbnail","6":"product_cat-arm-cylinders","7":"product_tag-arm-cylinders","8":"product_tag-hydraulic-cylinders","10":"first","11":"instock","12":"shipping-taxable","13":"product-type-simple"},"amp_enabled":true,"_links":{"self":[{"href":"https:\/\/www.hydraulic-cylinders.net\/hu\/wp-json\/wp\/v2\/product\/16207","targetHints":{"allow":["GET"]}}],"collection":[{"href":"https:\/\/www.hydraulic-cylinders.net\/hu\/wp-json\/wp\/v2\/product"}],"about":[{"href":"https:\/\/www.hydraulic-cylinders.net\/hu\/wp-json\/wp\/v2\/types\/product"}],"replies":[{"embeddable":true,"href":"https:\/\/www.hydraulic-cylinders.net\/hu\/wp-json\/wp\/v2\/comments?post=16207"}],"wp:featuredmedia":[{"embeddable":true,"href":"https:\/\/www.hydraulic-cylinders.net\/hu\/wp-json\/wp\/v2\/media\/14774"}],"wp:attachment":[{"href":"https:\/\/www.hydraulic-cylinders.net\/hu\/wp-json\/wp\/v2\/media?parent=16207"}],"wp:term":[{"taxonomy":"product_brand","embeddable":true,"href":"https:\/\/www.hydraulic-cylinders.net\/hu\/wp-json\/wp\/v2\/product_brand?post=16207"},{"taxonomy":"product_cat","embeddable":true,"href":"https:\/\/www.hydraulic-cylinders.net\/hu\/wp-json\/wp\/v2\/product_cat?post=16207"},{"taxonomy":"product_tag","embeddable":true,"href":"https:\/\/www.hydraulic-cylinders.net\/hu\/wp-json\/wp\/v2\/product_tag?post=16207"}],"curies":[{"name":"munkaf\u00fczet","href":"https:\/\/api.w.org\/{rel}","templated":true}]}}