{"id":16238,"date":"2025-01-20T08:42:44","date_gmt":"2025-01-20T08:42:44","guid":{"rendered":"https:\/\/www.hydraulic-cylinders.net\/product\/arm-cylinderfor-hyundai-middle-excavator-r170lc-5\/"},"modified":"2025-01-20T08:42:45","modified_gmt":"2025-01-20T08:42:45","slug":"arm-cylinderfor-hyundai-middle-excavator-r170lc-5","status":"publish","type":"product","link":"https:\/\/www.hydraulic-cylinders.net\/hu\/termek\/arm-cylinderfor-hyundai-middle-excavator-r170lc-5\/","title":{"rendered":"Karhenger Hyundai k\u00f6z\u00e9ps\u0151 kotr\u00f3g\u00e9phez R170LC-5"},"content":{"rendered":"<h1>Karhenger Hyundai k\u00f6z\u00e9ps\u0151 kotr\u00f3g\u00e9phez R170LC-5<\/h1>\n<h2>Term\u00e9kbemutat\u00f3<\/h2>\n<p>A karhenger egy speci\u00e1lisan tervezett hidraulikus henger, amely line\u00e1ris mozg\u00e1st \u00e9s er\u0151t biztos\u00edt k\u00fcl\u00f6nf\u00e9le g\u00e9pek, p\u00e9ld\u00e1ul kotr\u00f3g\u00e9pek, daruk \u00e9s robotkarok karj\u00e1nak. A karhenger kulcsszerepet j\u00e1tszik a hidraulikus rendszerekben, lehet\u0151v\u00e9 t\u00e9ve a tov\u00e1bbi szersz\u00e1mok vagy tartoz\u00e9kok hat\u00e9kony mozg\u00e1s\u00e1t \u00e9s vez\u00e9rl\u00e9s\u00e9t. Ezek a hengerek nemcsak a sima mozg\u00e1st biztos\u00edtj\u00e1k, hanem a nagy terhel\u00e9seket is elviselik, biztos\u00edtva a g\u00e9p hat\u00e9kony m\u0171k\u00f6d\u00e9s\u00e9t \u00e9s megb\u00edzhat\u00f3s\u00e1g\u00e1t k\u00fcl\u00f6nb\u00f6z\u0151 munkak\u00f6r\u00fclm\u00e9nyek k\u00f6z\u00f6tt.<\/p>\n<p><img decoding=\"async\" src=\"https:\/\/www.hydraulic-cylinders.net\/wp-content\/uploads\/2025\/01\/songte-company-2.webp\" alt=\"Karhenger k\u00e9pe\"><\/p>\n<h2>Term\u00e9kjellemz\u0151k<\/h2>\n<ul>\n<li>\n<h3>Nagy hat\u00e9konys\u00e1g\u00fa \u00e1tvitel<\/h3>\n<p>A karhenger er\u0151teljes line\u00e1ris mozg\u00e1st \u00e9s er\u0151t biztos\u00edt, biztos\u00edtva a mechanikus kar nagy teljes\u00edtm\u00e9ny\u00e9t k\u00fcl\u00f6nb\u00f6z\u0151 m\u0171veletek sor\u00e1n.<\/p>\n<\/li>\n<li>\n<h3>Prec\u00edz vez\u00e9rl\u00e9s<\/h3>\n<p>A hidraulikus rendszeren kereszt\u00fcl a karhenger prec\u00edz mozg\u00e1svez\u00e9rl\u00e9st tesz lehet\u0151v\u00e9, \u00edgy a kieg\u00e9sz\u00edt\u0151 eszk\u00f6z\u00f6kkel v\u00e9gzett m\u0171veletek rugalmasabbak \u00e9s pontosabbak.<\/p>\n<\/li>\n<li>\n<h3>Tart\u00f3ss\u00e1g<\/h3>\n<p>A karhengerek jellemz\u0151en nagy szil\u00e1rds\u00e1g\u00fa anyagokb\u00f3l k\u00e9sz\u00fclnek, kiv\u00e1l\u00f3 kop\u00e1s- \u00e9s korr\u00f3zi\u00f3\u00e1ll\u00f3s\u00e1ggal rendelkeznek, \u00edgy alkalmasak a hosszan tart\u00f3 haszn\u00e1latra zord k\u00f6rnyezetben.<\/p>\n<\/li>\n<li>\n<h3>T\u00f6bbfunkci\u00f3s alkalmazkod\u00f3k\u00e9pess\u00e9g<\/h3>\n<p>Ezek a munkahengerek sz\u00e9les k\u00f6rben alkalmazhat\u00f3k k\u00fcl\u00f6nf\u00e9le g\u00e9pipari berendez\u00e9sekben, p\u00e9ld\u00e1ul kotr\u00f3g\u00e9pekben, darukban \u00e9s robotkarokban, alkalmazkodva a k\u00fcl\u00f6nb\u00f6z\u0151 munkak\u00f6vetelm\u00e9nyekhez.<\/p>\n<\/li>\n<li>\n<h3>K\u00f6nny\u0171 karbantart\u00e1s<\/h3>\n<p>A k\u00f6nny\u0171 karbantart\u00e1st \u00e9s cser\u00e9t szem el\u0151tt tartva tervezt\u00e9k, a rendszeres ellen\u0151rz\u00e9sek \u00e9s karbantart\u00e1s k\u00e9nyelmess\u00e9 v\u00e1lik, cs\u00f6kkentve a berendez\u00e9sek \u00e1ll\u00e1sidej\u00e9t.<\/p>\n<\/li>\n<\/ul>\n<p><img decoding=\"async\" src=\"https:\/\/www.hydraulic-cylinders.net\/wp-content\/uploads\/2025\/01\/songte-oil-pipes-and-spare-parts.webp\" alt=\"Term\u00e9kk\u00e9p\"><\/p>\n<h2>Alkalmaz\u00e1si forgat\u00f3k\u00f6nyvek<\/h2>\n<p>Karhengerek k\u00fcl\u00f6nb\u00f6z\u0151 ipar\u00e1gakban alkalmazhat\u00f3k:<\/p>\n<ul>\n<li>\n<h3>\u00c9p\u00edt\u0151m\u00e9rn\u00f6ki<\/h3>\n<p>Kotr\u00f3g\u00e9pekben \u00e9s darukban a karhengerek szab\u00e1lyozz\u00e1k a v\u00f6dr\u00f6k vagy g\u00e9mek mozg\u00e1s\u00e1t f\u00f6ldmunk\u00e1k, anyagmozgat\u00e1s \u00e9s szerkezeti telep\u00edt\u00e9s sor\u00e1n.<\/p>\n<\/li>\n<li>\n<h3>Gy\u00e1rt\u00e1s<\/h3>\n<p>Az automatiz\u00e1lt gy\u00e1rt\u00f3sorokon a karhengerek lehet\u0151v\u00e9 teszik a robotkarok mozg\u00e1s\u00e1t \u00f6sszeszerel\u00e9shez, hegeszt\u00e9shez \u00e9s anyagmozgat\u00e1shoz, n\u00f6velve a termel\u00e9si hat\u00e9konys\u00e1got \u00e9s a pontoss\u00e1got.<\/p>\n<\/li>\n<li>\n<h3>Mez\u0151gazdas\u00e1gi g\u00e9pek<\/h3>\n<p>A mez\u0151gazdas\u00e1gi g\u00e9pekben, p\u00e9ld\u00e1ul a betakar\u00edt\u00f3g\u00e9pekben \u00e9s a vet\u0151g\u00e9pekben, a karhengerek vez\u00e9rlik a m\u0171k\u00f6dtet\u0151 karok mozg\u00e1s\u00e1t vet\u00e9s, tr\u00e1gy\u00e1z\u00e1s \u00e9s betakar\u00edt\u00e1s sor\u00e1n.<\/p>\n<\/li>\n<li>\n<h3>B\u00e1ny\u00e1szati<\/h3>\n<p>A b\u00e1ny\u00e1szati \u200b\u200bberendez\u00e9sekben a karhengerek szab\u00e1lyozz\u00e1k a b\u00e1ny\u00e1szati \u200b\u200bg\u00e9pek karj\u00e1nak mozg\u00e1s\u00e1t az \u00e9rc kitermel\u00e9se \u00e9s sz\u00e1ll\u00edt\u00e1sa sor\u00e1n.<\/p>\n<\/li>\n<li>\n<h3>Logisztika \u00e9s sz\u00e1ll\u00edtm\u00e1nyoz\u00e1s<\/h3>\n<p>A targonc\u00e1kban \u00e9s anyagmozgat\u00f3 robotokban a karhengerek vez\u00e9rlik a vill\u00e1k emel\u00e9s\u00e9t \u00e9s mozg\u00e1s\u00e1t, lehet\u0151v\u00e9 t\u00e9ve az anyagmozgat\u00e1st \u00e9s a rakod\u00e1st.<\/p>\n<\/li>\n<\/ul>\n<h2>Tervez\u00e9si szempontok \u00e9s kiv\u00e1laszt\u00e1si krit\u00e9riumok<\/h2>\n<p>A karhengerek tervez\u00e9si szempontjai \u00e9s kiv\u00e1laszt\u00e1si krit\u00e9riumai tekintet\u00e9ben sz\u00e1mos kulcsfontoss\u00e1g\u00fa t\u00e9nyez\u0151t kell figyelembe venni:<\/p>\n<ul>\n<li>\n<h3>Teherb\u00edr\u00e1s<\/h3>\n<p>A karhengert \u00fagy kell megtervezni, hogy elb\u00edrja a v\u00e1rhat\u00f3 terhel\u00e9st, \u00e9s k\u00fcl\u00f6nb\u00f6z\u0151 munkak\u00f6r\u00fclm\u00e9nyek k\u00f6z\u00f6tt is sim\u00e1n m\u0171k\u00f6dj\u00f6n.<\/p>\n<\/li>\n<li>\n<h3>T\u00f6m\u00edt\u00e9s<\/h3>\n<p>A k\u00fcl\u00f6nf\u00e9le t\u00f6m\u00edt\u0151elemeket, p\u00e9ld\u00e1ul a dugatty\u00fat\u00f6m\u00edt\u00e9seket \u00e9s a r\u00fadt\u00f6m\u00edt\u00e9seket gondosan kell kiv\u00e1lasztani a hat\u00e9kony t\u00f6m\u00edt\u00e9s biztos\u00edt\u00e1sa \u00e9s a sziv\u00e1rg\u00e1s minimaliz\u00e1l\u00e1sa \u00e9rdek\u00e9ben.<\/p>\n<\/li>\n<li>\n<h3>Tart\u00f3ss\u00e1g<\/h3>\n<p>A karhengernek nagy tart\u00f3ss\u00e1g\u00fa, kop\u00e1s\u00e1ll\u00f3 \u00e9s korr\u00f3zi\u00f3\u00e1ll\u00f3 anyagokb\u00f3l kell k\u00e9sz\u00fclnie, hogy ellen\u00e1lljon a neh\u00e9z k\u00f6rnyezeti felt\u00e9teleknek.<\/p>\n<\/li>\n<li>\n<h3>Biztons\u00e1g<\/h3>\n<p>A balesetek megel\u0151z\u00e9se \u00e9s a biztons\u00e1gos m\u0171k\u00f6d\u00e9s biztos\u00edt\u00e1sa \u00e9rdek\u00e9ben biztons\u00e1gi berendez\u00e9seket, p\u00e9ld\u00e1ul nyom\u00e1scs\u00f6kkent\u0151 szelepeket \u00e9s v\u00e9szle\u00e1ll\u00edt\u00f3 mechanizmusokat kell be\u00e9p\u00edteni.<\/p>\n<\/li>\n<li>\n<h3>Karbantarthat\u00f3s\u00e1g<\/h3>\n<p>A kialak\u00edt\u00e1snak lehet\u0151v\u00e9 kell tennie az alkatr\u00e9szek egyszer\u0171 karbantart\u00e1s\u00e1t \u00e9s cser\u00e9j\u00e9t, lehet\u0151v\u00e9 t\u00e9ve a hat\u00e9kony ellen\u0151rz\u00e9st \u00e9s a le\u00e1ll\u00e1si id\u0151 cs\u00f6kkent\u00e9s\u00e9t.<\/p>\n<\/li>\n<\/ul>\n<p><img decoding=\"async\" src=\"https:\/\/www.hydraulic-cylinders.net\/wp-content\/uploads\/2025\/01\/songte-cylinder-head-with-all-kinds-excavator-models.webp\" alt=\"Tervez\u00e9si k\u00e9p\"><\/p>\n<h2>T\u00f6m\u00edt\u00e9s \u00e9s ken\u00e9s<\/h2>\n<p>A karos munkahengerek k\u00fcl\u00f6nf\u00e9le t\u00f6m\u00edt\u0151elemeket haszn\u00e1lnak, p\u00e9ld\u00e1ul dugatty\u00fat\u00f6m\u00edt\u00e9seket \u00e9s r\u00fadt\u00f6m\u00edt\u00e9seket, amelyek kop\u00e1s\u00e1ll\u00f3 anyagokb\u00f3l, p\u00e9ld\u00e1ul poliuret\u00e1nb\u00f3l \u00e9s nitrilgumib\u00f3l k\u00e9sz\u00fclnek. A hengertest \u00e9s a menetes v\u00e9gek finom megmunk\u00e1l\u00e1son esnek \u00e1t a kop\u00e1s\u00e1ll\u00f3s\u00e1g fokoz\u00e1sa \u00e9rdek\u00e9ben. Az optim\u00e1lis teljes\u00edtm\u00e9ny biztos\u00edt\u00e1s\u00e1hoz rendszeres ken\u00e9s sz\u00fcks\u00e9ges, amely megfelel\u0151 mennyis\u00e9g\u0171 hidraulikaolaj hozz\u00e1ad\u00e1s\u00e1t ig\u00e9nyli.<\/p>\n<h2>Rendszeres ellen\u0151rz\u00e9s \u00e9s megel\u0151z\u0151 karbantart\u00e1s<\/h2>\n<p>A karhenger hossz\u00fa \u00e9lettartam\u00e1nak \u00e9s hat\u00e9kony m\u0171k\u00f6d\u00e9s\u00e9nek biztos\u00edt\u00e1sa \u00e9rdek\u00e9ben elengedhetetlen a rendszeres ellen\u0151rz\u00e9s \u00e9s a megel\u0151z\u0151 karbantart\u00e1s. A k\u00f6vetkez\u0151 int\u00e9zked\u00e9seket lehet megtenni:<\/p>\n<ul>\n<li>\n<p>Vizsg\u00e1lja meg a t\u00f6m\u00edt\u00e9seket, \u00e9s cser\u00e9lje ki a kopott vagy s\u00e9r\u00fclt t\u00f6m\u00edt\u00e9seket.<\/p>\n<\/li>\n<li>\n<p>Ellen\u0151rizze a sziv\u00e1rg\u00e1st, \u00e9s jav\u00edtsa meg vagy cser\u00e9lje ki a hib\u00e1s alkatr\u00e9szeket.<\/p>\n<\/li>\n<li>\n<p>Figyelje \u00e9s tartsa fenn a megfelel\u0151 hidraulikaolaj-szintet.<\/p>\n<\/li>\n<li>\n<p>Vizsg\u00e1lja meg a hengertestet kop\u00e1s, korr\u00f3zi\u00f3 vagy s\u00e9r\u00fcl\u00e9s szempontj\u00e1b\u00f3l, \u00e9s tegye meg a sz\u00fcks\u00e9ges int\u00e9zked\u00e9seket.<\/p>\n<\/li>\n<\/ul>\n<h2>Helyes term\u00e9ktelep\u00edt\u00e9si \u00fatmutat\u00f3<\/h2>\n<p>A karhenger megfelel\u0151 beszerel\u00e9se elengedhetetlen az optim\u00e1lis teljes\u00edtm\u00e9ny\u00e9hez \u00e9s hossz\u00fa \u00e9lettartam\u00e1hoz. K\u00f6vesse az al\u00e1bbi ir\u00e1nyelveket:<\/p>\n<ol>\n<li>\n<p>Gy\u0151z\u0151dj\u00f6n meg arr\u00f3l, hogy a szerel\u00e9si fel\u00fclet \u00e9s a csatlakoz\u00e1sok tiszt\u00e1k \u00e9s mentesek mindenf\u00e9le t\u00f6rmel\u00e9kt\u0151l vagy szennyez\u0151d\u00e9st\u0151l.<\/p>\n<\/li>\n<li>\n<p>Telep\u00edt\u00e9s el\u0151tt ellen\u0151rizze az \u00f6sszes alkatr\u00e9szt s\u00e9r\u00fcl\u00e9sek vagy hib\u00e1k szempontj\u00e1b\u00f3l.<\/p>\n<\/li>\n<li>\n<p>A csatlakoz\u00e1sok megh\u00faz\u00e1sakor a megfelel\u0151 nyomat\u00e9kot alkalmazza a sziv\u00e1rg\u00e1s vagy s\u00e9r\u00fcl\u00e9s elker\u00fcl\u00e9se \u00e9rdek\u00e9ben.<\/p>\n<\/li>\n<li>\n<p>K\u00f6vesse a gy\u00e1rt\u00f3 utas\u00edt\u00e1sait minden konkr\u00e9t telep\u00edt\u00e9si elj\u00e1r\u00e1shoz.<\/p>\n<\/li>\n<\/ol>\n<p><img decoding=\"async\" src=\"https:\/\/www.hydraulic-cylinders.net\/wp-content\/uploads\/2025\/01\/songte-bushings-with-all-kinds-of-excavator-models.webp\" alt=\"Telep\u00edt\u00e9si k\u00e9p\"><\/p>\n<h2>Biztons\u00e1gi szempontok \u00e9s k\u00f6rnyezeti t\u00e9nyez\u0151k<\/h2>\n<p>Karhengerek haszn\u00e1latakor l\u00e9tfontoss\u00e1g\u00fa a biztons\u00e1gi int\u00e9zked\u00e9sek priorit\u00e1sk\u00e9nt val\u00f3 kezel\u00e9se a balesetek megel\u0151z\u00e9se \u00e9s a kezel\u0151 j\u00f3l\u00e9t\u00e9nek biztos\u00edt\u00e1sa \u00e9rdek\u00e9ben. Megfelel\u0151 biztons\u00e1gi protokollokat \u00e9s k\u00e9pz\u00e9st kell alkalmazni. Ezenk\u00edv\u00fcl figyelembe kell venni a k\u00f6rnyezeti t\u00e9nyez\u0151ket, p\u00e9ld\u00e1ul a hidraulikus folyad\u00e9kok megfelel\u0151 \u00e1rtalmatlan\u00edt\u00e1s\u00e1t \u00e9s a vonatkoz\u00f3 k\u00f6rnyezetv\u00e9delmi el\u0151\u00edr\u00e1sok betart\u00e1s\u00e1t.<\/p>\n<h2>Hibaelh\u00e1r\u00edt\u00e1s \u00e9s gyakori probl\u00e9m\u00e1k<\/h2>\n<p>A karhengerek m\u0171k\u00f6d\u00e9s k\u00f6zben k\u00fcl\u00f6nf\u00e9le probl\u00e9m\u00e1kba \u00fctk\u00f6zhetnek. N\u00e9h\u00e1ny gyakori probl\u00e9ma a k\u00f6vetkez\u0151:<\/p>\n<ul>\n<li>\n<p>Sziv\u00e1rg\u00e1s a t\u00f6m\u00edt\u00e9sekb\u0151l vagy csatlakoz\u00e1sokb\u00f3l<\/p>\n<\/li>\n<li>\n<p>Teljes\u00edtm\u00e9nyveszt\u00e9s vagy el\u00e9gtelen er\u0151<\/p>\n<\/li>\n<li>\n<p>Szab\u00e1lytalan vagy r\u00e1ngat\u00f3z\u00f3 mozg\u00e1s<\/p>\n<\/li>\n<li>\n<p>Zaj vagy rezg\u00e9s<\/p>\n<\/li>\n<\/ul>\n<p>A hibaelh\u00e1r\u00edt\u00e1shoz \u00e9s a probl\u00e9ma megold\u00e1s\u00e1hoz vegye figyelembe a k\u00f6vetkez\u0151ket:<\/p>\n<ul>\n<li>\n<p>Vizsg\u00e1lja meg \u00e9s cser\u00e9lje ki a hib\u00e1s t\u00f6m\u00edt\u00e9seket vagy csatlakoz\u00e1sokat.<\/p>\n<\/li>\n<li>\n<p>Ellen\u0151rizze a rendszerben l\u00e9v\u0151 akad\u00e1lyokat vagy korl\u00e1toz\u00e1sokat, \u00e9s ennek megfelel\u0151en kezelje azokat.<\/p>\n<\/li>\n<li>\n<p>Biztos\u00edtsa a hidraulikafolyad\u00e9k megfelel\u0151 szintj\u00e9t \u00e9s min\u0151s\u00e9g\u00e9t.<\/p>\n<\/li>\n<li>\n<p>Tekintse meg a gy\u00e1rt\u00f3 hibaelh\u00e1r\u00edt\u00e1si \u00fatmutat\u00f3j\u00e1t, vagy k\u00e9rjen szakember seg\u00edts\u00e9g\u00e9t.<\/p>\n<\/li>\n<\/ul>\n<p><img decoding=\"async\" src=\"https:\/\/www.hydraulic-cylinders.net\/wp-content\/uploads\/2025\/01\/songte-chushion-collar.webp\" alt=\"Hibaelh\u00e1r\u00edt\u00e1si k\u00e9p\"><\/p>\n<p>Ne felejtsd el logikusan fel\u00e9p\u00edteni a cikket, haszn\u00e1lj alc\u00edmeket a k\u00f6nny\u0171 navig\u00e1ci\u00f3 \u00e9rdek\u00e9ben, \u00e9p\u00edts be relev\u00e1ns k\u00e9peket vagy diagramokat a jobb meg\u00e9rt\u00e9s \u00e9rdek\u00e9ben, \u00e9s \u00fcgyelj arra, hogy a tartalom vil\u00e1gos, t\u00f6m\u00f6r \u00e9s k\u00fcl\u00f6nb\u00f6z\u0151 technikai tud\u00e1sszint\u0171 olvas\u00f3k sz\u00e1m\u00e1ra is megfelel\u0151 legyen.<\/p>\n<h2>R\u00f3lunk<\/h2>\n<p>Professzion\u00e1lis gy\u00e1rt\u00f3k\u00e9nt cser\u00e9lhet\u0151 hidraulikus hengereket gy\u00e1rtunk, sz\u00e9les term\u00e9kv\u00e1laszt\u00e9kkal. M\u00e1ra a hazai \u00e9s a nemzetk\u00f6zi piacok egyik vezet\u0151 hidraulikus hengergy\u00e1rt\u00f3j\u00e1v\u00e1 \u00e9s nagykereskedelmi forgalmaz\u00f3j\u00e1v\u00e1 v\u00e1ltunk. A kiv\u00e1l\u00f3 min\u0151s\u00e9g ir\u00e1nti elk\u00f6telezetts\u00e9g\u00fcnket finomhangolt ipari termel\u00e9sir\u00e1ny\u00edt\u00e1si strat\u00e9gi\u00e1ink, fejlett gy\u00e1rt\u00f3m\u0171helyeink, valamint a technol\u00f3giai k\u00e9pess\u00e9gek \u00e9s a termel\u00e9si hat\u00e9konys\u00e1g folyamatos fejleszt\u00e9se t\u00e1masztja al\u00e1. Korszer\u0171 digit\u00e1lis gy\u00e1rt\u00f3berendez\u00e9sek \u00e9s professzion\u00e1lis tesztel\u0151rendszerek bevezet\u00e9s\u00e9vel optimaliz\u00e1ljuk gy\u00e1rt\u00e1sunkat.<\/p>","protected":false},"excerpt":{"rendered":"<p>Arm Cylinder for Hyundai Middle Excavator R170LC-5 Product Introduction An arm cylinder is a specially designed hydraulic cylinder that provides linear motion and power to the arm of various types of machinery, such as excavators, cranes, and robotic arms. The arm cylinder plays a crucial role in hydraulic systems, enabling effective movement and control of [&hellip;]<\/p>","protected":false},"featured_media":14772,"comment_status":"open","ping_status":"closed","template":"","meta":{"_et_pb_use_builder":"","_et_pb_old_content":"","_et_gb_content_width":""},"product_brand":[],"product_cat":[1497],"product_tag":[1498,1496],"class_list":{"0":"post-16238","1":"product","2":"type-product","3":"status-publish","4":"has-post-thumbnail","6":"product_cat-arm-cylinders","7":"product_tag-arm-cylinders","8":"product_tag-hydraulic-cylinders","10":"first","11":"instock","12":"shipping-taxable","13":"product-type-simple"},"amp_enabled":true,"_links":{"self":[{"href":"https:\/\/www.hydraulic-cylinders.net\/hu\/wp-json\/wp\/v2\/product\/16238","targetHints":{"allow":["GET"]}}],"collection":[{"href":"https:\/\/www.hydraulic-cylinders.net\/hu\/wp-json\/wp\/v2\/product"}],"about":[{"href":"https:\/\/www.hydraulic-cylinders.net\/hu\/wp-json\/wp\/v2\/types\/product"}],"replies":[{"embeddable":true,"href":"https:\/\/www.hydraulic-cylinders.net\/hu\/wp-json\/wp\/v2\/comments?post=16238"}],"wp:featuredmedia":[{"embeddable":true,"href":"https:\/\/www.hydraulic-cylinders.net\/hu\/wp-json\/wp\/v2\/media\/14772"}],"wp:attachment":[{"href":"https:\/\/www.hydraulic-cylinders.net\/hu\/wp-json\/wp\/v2\/media?parent=16238"}],"wp:term":[{"taxonomy":"product_brand","embeddable":true,"href":"https:\/\/www.hydraulic-cylinders.net\/hu\/wp-json\/wp\/v2\/product_brand?post=16238"},{"taxonomy":"product_cat","embeddable":true,"href":"https:\/\/www.hydraulic-cylinders.net\/hu\/wp-json\/wp\/v2\/product_cat?post=16238"},{"taxonomy":"product_tag","embeddable":true,"href":"https:\/\/www.hydraulic-cylinders.net\/hu\/wp-json\/wp\/v2\/product_tag?post=16238"}],"curies":[{"name":"munkaf\u00fczet","href":"https:\/\/api.w.org\/{rel}","templated":true}]}}