{"id":16241,"date":"2025-01-20T08:42:56","date_gmt":"2025-01-20T08:42:56","guid":{"rendered":"https:\/\/www.hydraulic-cylinders.net\/product\/arm-cylinderfor-hyundai-middle-excavator-r215-5-7c-9\/"},"modified":"2025-01-20T08:42:58","modified_gmt":"2025-01-20T08:42:58","slug":"arm-cylinderfor-hyundai-middle-excavator-r215-5-7c-9","status":"publish","type":"product","link":"https:\/\/www.hydraulic-cylinders.net\/hu\/termek\/arm-cylinderfor-hyundai-middle-excavator-r215-5-7c-9\/","title":{"rendered":"Karhenger Hyundai k\u00f6z\u00e9ps\u0151 kotr\u00f3g\u00e9phez R215-5-7c-9"},"content":{"rendered":"<h2>Karhenger Hyundai k\u00f6z\u00e9ps\u0151 kotr\u00f3g\u00e9phez R215-5-7c-9<\/h2>\n<h3>Bevezet\u00e9s<\/h3>\n<p>A karhenger egy speci\u00e1lisan tervezett hidraulikus henger, amely line\u00e1ris mozg\u00e1st \u00e9s er\u0151t biztos\u00edt k\u00fcl\u00f6nf\u00e9le g\u00e9pek, p\u00e9ld\u00e1ul kotr\u00f3g\u00e9pek, daruk \u00e9s robotkarok karjainak. A karhenger kulcsszerepet j\u00e1tszik a hidraulikus rendszerben, lehet\u0151v\u00e9 t\u00e9ve a tartoz\u00e9kok \u00e9s tartoz\u00e9kok hat\u00e9kony mozg\u00e1s\u00e1t \u00e9s vez\u00e9rl\u00e9s\u00e9t. Ezek a hengerek nemcsak sima mozg\u00e1st biztos\u00edtanak, hanem nagy terhel\u00e9seket is elviselnek, biztos\u00edtva a g\u00e9pek hat\u00e9kony m\u0171k\u00f6d\u00e9s\u00e9t \u00e9s megb\u00edzhat\u00f3s\u00e1g\u00e1t k\u00fcl\u00f6nb\u00f6z\u0151 munkak\u00f6r\u00fclm\u00e9nyek k\u00f6z\u00f6tt.<\/p>\n<p><img decoding=\"async\" src=\"https:\/\/www.hydraulic-cylinders.net\/wp-content\/uploads\/2025\/01\/songte-company-2.webp\"><\/p>\n<h3>Jellemz\u0151k<\/h3>\n<ul>\n<li><strong>Nagy hat\u00e9konys\u00e1g\u00fa \u00e1tvitel:<\/strong> A karhenger er\u0151teljes line\u00e1ris mozg\u00e1st \u00e9s er\u0151t biztos\u00edt, biztos\u00edtva a robotkar nagy hat\u00e9konys\u00e1g\u00fa teljes\u00edtm\u00e9ny\u00e9t k\u00fcl\u00f6nf\u00e9le m\u0171veletek sor\u00e1n.<\/li>\n<li><strong>Prec\u00edz vez\u00e9rl\u00e9s:<\/strong> A hidraulikus rendszeren kereszt\u00fcl a karhenger prec\u00edz mozg\u00e1svez\u00e9rl\u00e9st tesz lehet\u0151v\u00e9, \u00edgy a tartoz\u00e9kok m\u0171k\u00f6dtet\u00e9se rugalmasabb \u00e9s pontosabb.<\/li>\n<li><strong>Tart\u00f3s:<\/strong> A karhengerek \u00e1ltal\u00e1ban nagy szil\u00e1rds\u00e1g\u00fa anyagokb\u00f3l k\u00e9sz\u00fclnek, amelyek j\u00f3 kop\u00e1s- \u00e9s korr\u00f3zi\u00f3\u00e1ll\u00f3s\u00e1ggal rendelkeznek, \u00e9s alkalmasak hossz\u00fa t\u00e1v\u00fa haszn\u00e1latra zord k\u00f6rnyezetben.<\/li>\n<li><strong>T\u00f6bbfunkci\u00f3s alkalmazkod\u00f3k\u00e9pess\u00e9g:<\/strong> Ezek a hengerek sz\u00e9les k\u00f6rben alkalmazhat\u00f3k k\u00fcl\u00f6nf\u00e9le mechanikus berendez\u00e9sekben, p\u00e9ld\u00e1ul kotr\u00f3g\u00e9pekben, darukban \u00e9s robotkarokban, alkalmazkodva a k\u00fcl\u00f6nb\u00f6z\u0151 munkak\u00f6vetelm\u00e9nyekhez.<\/li>\n<li><strong>K\u00f6nny\u0171 karbantart\u00e1s:<\/strong> A tervez\u00e9s sor\u00e1n figyelembe vett\u00e9k a karbantart\u00e1s \u00e9s a csere egyszer\u0171s\u00e9g\u00e9t, \u00edgy a rendszeres ellen\u0151rz\u00e9sek \u00e9s karbantart\u00e1s k\u00e9nyelmesebb\u00e9 v\u00e1lt, \u00e9s cs\u00f6kkentett\u00e9k a berendez\u00e9sek \u00e1ll\u00e1sidej\u00e9t.<\/li>\n<\/ul>\n<p>Ezt a term\u00e9ket el\u0151 tudjuk \u00e1ll\u00edtani, \u00e9s term\u00e9keink t\u00f6k\u00e9letesen helyettes\u00edthetik ezeket a hidraulikus hengereket.<\/p>\n<p><img decoding=\"async\" src=\"https:\/\/www.hydraulic-cylinders.net\/wp-content\/uploads\/2025\/01\/songte-oil-pipes-and-spare-parts.webp\"><\/p>\n<h3>Alkalmaz\u00e1sok<\/h3>\n<p>A karhengert sz\u00e9les k\u00f6rben haszn\u00e1lj\u00e1k k\u00fcl\u00f6nb\u00f6z\u0151 ipar\u00e1gakban:<\/p>\n<ul>\n<li><strong>\u00c9p\u00edt\u0151m\u00e9rn\u00f6ki:<\/strong> Kotr\u00f3g\u00e9pekn\u00e9l \u00e9s darukn\u00e1l a karhengert a v\u00f6dr\u00f6k vagy g\u00e9mek mozg\u00e1s\u00e1nak vez\u00e9rl\u00e9s\u00e9re haszn\u00e1lj\u00e1k f\u00f6ldmunk\u00e1kn\u00e1l, anyagmozgat\u00e1sn\u00e1l \u00e9s szerkezeti telep\u00edt\u00e9sn\u00e9l.<\/li>\n<li><strong>Gy\u00e1rt\u00e1s:<\/strong> Az automatiz\u00e1lt gy\u00e1rt\u00f3sorokon a karhengert robotkarok mozgat\u00e1s\u00e1ra, \u00f6sszeszerel\u00e9si, hegeszt\u00e9si \u00e9s anyagmozgat\u00e1si folyamatokra haszn\u00e1lj\u00e1k, jav\u00edtva a termel\u00e9si hat\u00e9konys\u00e1got \u00e9s a pontoss\u00e1got.<\/li>\n<li><strong>Mez\u0151gazdas\u00e1gi g\u00e9pek:<\/strong> A mez\u0151gazdas\u00e1gi g\u00e9pekben, p\u00e9ld\u00e1ul a betakar\u00edt\u00f3g\u00e9pekben \u00e9s a vet\u0151g\u00e9pekben a karhenger vez\u00e9rli a m\u0171k\u00f6dtet\u0151 kar mozg\u00e1s\u00e1t, olyan feladatokat l\u00e1tva el, mint a vet\u00e9s, a tr\u00e1gy\u00e1z\u00e1s \u00e9s a betakar\u00edt\u00e1s.<\/li>\n<li><strong>B\u00e1ny\u00e1szati:<\/strong> B\u00e1ny\u00e1szati \u200b\u200bberendez\u00e9sekben a karhengert a b\u00e1ny\u00e1szati \u200b\u200bberendez\u00e9sek karjainak mozg\u00e1s\u00e1nak vez\u00e9rl\u00e9s\u00e9re haszn\u00e1lj\u00e1k, b\u00e1ny\u00e1szathoz \u00e9s anyagmozgat\u00e1shoz.<\/li>\n<li><strong>Logisztika \u00e9s sz\u00e1ll\u00edt\u00e1s:<\/strong> A targonc\u00e1kban \u00e9s anyagmozgat\u00f3 robotokban a karhenger vez\u00e9rli a villa emel\u00e9s\u00e9t \u00e9s mozg\u00e1s\u00e1t, megval\u00f3s\u00edtva az anyagmozgat\u00e1st \u00e9s a rakod\u00e1st.<\/li>\n<\/ul>\n<h3>Tervez\u00e9si szempontok \u00e9s kiv\u00e1laszt\u00e1si krit\u00e9riumok<\/h3>\n<p>A karhenger a hidraulikus rendszer fontos alkot\u00f3eleme, teljes\u00edtm\u00e9nye \u00e9s min\u0151s\u00e9ge szorosan \u00f6sszef\u00fcgg a g\u00e9p \u00e1ltal\u00e1nos hat\u00e9konys\u00e1g\u00e1val \u00e9s biztons\u00e1g\u00e1val. A k\u00f6vetkez\u0151 tervez\u00e9si szempontokat \u00e9s kiv\u00e1laszt\u00e1si krit\u00e9riumokat kell figyelembe venni:<\/p>\n<ul>\n<li><strong>Teherb\u00edr\u00e1s:<\/strong> A karhengernek k\u00e9pesnek kell lennie ellen\u00e1llni a g\u00e9p \u00e9s a tartoz\u00e9kok maxim\u00e1lis terhel\u00e9s\u00e9nek, biztos\u00edtva a hat\u00e9kony \u00e9s biztons\u00e1gos m\u0171k\u00f6d\u00e9st.<\/li>\n<li><strong>T\u00f6m\u00edt\u00e9si teljes\u00edtm\u00e9ny:<\/strong> K\u00fcl\u00f6nb\u00f6z\u0151 t\u00f6m\u00edt\u0151elemeket, p\u00e9ld\u00e1ul dugatty\u00fat\u00f6m\u00edt\u00e9seket \u00e9s r\u00fadt\u00f6m\u00edt\u00e9seket kell haszn\u00e1lni, \u00e9s a t\u00f6m\u00edt\u0151anyagokat, p\u00e9ld\u00e1ul a poliuret\u00e1nt \u00e9s a nitrilgumit kop\u00e1s\u00e1ll\u00f3s\u00e1guk alapj\u00e1n kell kiv\u00e1lasztani.<\/li>\n<li><strong>Tart\u00f3ss\u00e1g:<\/strong> A hengertestet \u00e9s a menetes v\u00e9gfel\u00fcletet finoman meg kell munk\u00e1lni a kop\u00e1s\u00e1ll\u00f3s\u00e1g \u00e9s a korr\u00f3zi\u00f3\u00e1ll\u00f3s\u00e1g jav\u00edt\u00e1sa \u00e9rdek\u00e9ben.<\/li>\n<li><strong>Biztons\u00e1g:<\/strong> A karhengert biztons\u00e1gi berendez\u00e9sekkel, p\u00e9ld\u00e1ul t\u00falterhel\u00e9s elleni v\u00e9delemmel \u00e9s v\u00e9szle\u00e1ll\u00edt\u00f3val kell felszerelni a biztons\u00e1gos m\u0171k\u00f6d\u00e9s biztos\u00edt\u00e1sa \u00e9rdek\u00e9ben.<\/li>\n<li><strong>Karbantarthat\u00f3s\u00e1g:<\/strong> A karhenger kialak\u00edt\u00e1s\u00e1nak k\u00f6nnyen karbantarthat\u00f3nak \u00e9s jav\u00edthat\u00f3nak kell lennie, cs\u00f6kkentve az \u00e1ll\u00e1sid\u0151t \u00e9s a karbantart\u00e1si k\u00f6lts\u00e9geket.<\/li>\n<\/ul>\n<p><img decoding=\"async\" src=\"https:\/\/www.hydraulic-cylinders.net\/wp-content\/uploads\/2025\/01\/songte-cylinder-head-with-all-kinds-excavator-models.webp\"><\/p>\n<h3>T\u00f6m\u00edt\u00e9s \u00e9s ken\u00e9s<\/h3>\n<p>A karhenger megfelel\u0151 t\u00f6m\u00edt\u00e9st \u00e9s ken\u00e9st ig\u00e9nyel a teljes\u00edtm\u00e9ny\u00e9nek meg\u0151rz\u00e9se \u00e9s \u00e9lettartam\u00e1nak meghosszabb\u00edt\u00e1sa \u00e9rdek\u00e9ben. A k\u00f6vetkez\u0151 int\u00e9zked\u00e9seket kell megtenni:<\/p>\n<ul>\n<li><strong>K\u00fcl\u00f6nb\u00f6z\u0151 t\u00f6m\u00edt\u0151anyagok haszn\u00e1lata:<\/strong> A karhengert k\u00fcl\u00f6nf\u00e9le t\u00f6m\u00edt\u0151elemekkel, p\u00e9ld\u00e1ul dugatty\u00fat\u00f6m\u00edt\u00e9sekkel \u00e9s r\u00fadt\u00f6m\u00edt\u00e9sekkel kell felszerelni a j\u00f3 t\u00f6m\u00edt\u00e9si teljes\u00edtm\u00e9ny biztos\u00edt\u00e1sa \u00e9rdek\u00e9ben.<\/li>\n<li><strong>Kop\u00e1s\u00e1ll\u00f3 anyagok kiv\u00e1laszt\u00e1sa:<\/strong> A t\u00f6m\u00edt\u0151anyagokat, p\u00e9ld\u00e1ul a poliuret\u00e1nt \u00e9s a nitrilgumit, kop\u00e1s\u00e1ll\u00f3s\u00e1guk alapj\u00e1n kell kiv\u00e1lasztani.<\/li>\n<li><strong>Hengertest \u00e9s menetes v\u00e9gfel\u00fclet finommegmunk\u00e1l\u00e1sa:<\/strong> A hengertestet \u00e9s a menetes v\u00e9gfel\u00fcletet finoman meg kell munk\u00e1lni a kop\u00e1s\u00e1ll\u00f3s\u00e1g \u00e9s a korr\u00f3zi\u00f3\u00e1ll\u00f3s\u00e1g jav\u00edt\u00e1sa \u00e9rdek\u00e9ben.<\/li>\n<li><strong>Rendszeresen ut\u00e1nt\u00f6lt\u00fcnk hidraulikaolajat ken\u00e9shez:<\/strong> A ken\u00e9shez rendszeresen megfelel\u0151 mennyis\u00e9g\u0171 hidraulikaolajat kell ut\u00e1nt\u00f6lteni.<\/li>\n<\/ul>\n<h3>Karbantart\u00e1s \u00e9s megel\u0151z\u0151 int\u00e9zked\u00e9sek<\/h3>\n<p>A megfelel\u0151 karbantart\u00e1s \u00e9s a megel\u0151z\u0151 int\u00e9zked\u00e9sek seg\u00edthetnek meghosszabb\u00edtani a karhenger \u00e9lettartam\u00e1t \u00e9s cs\u00f6kkenteni az \u00e1ll\u00e1sid\u0151t. A k\u00f6vetkez\u0151 int\u00e9zked\u00e9seket kell megtenni:<\/p>\n<ul>\n<li><strong>Rendszeres ellen\u0151rz\u00e9sek:<\/strong> Rendszeres ellen\u0151rz\u00e9seket kell v\u00e9gezni a probl\u00e9m\u00e1k id\u0151ben t\u00f6rt\u00e9n\u0151 felismer\u00e9se \u00e9s diagnosztiz\u00e1l\u00e1sa \u00e9rdek\u00e9ben.<\/li>\n<li><strong>Kopott vagy s\u00e9r\u00fclt alkatr\u00e9szek cser\u00e9je:<\/strong> A kopott vagy s\u00e9r\u00fclt alkatr\u00e9szeket id\u0151ben ki kell cser\u00e9lni, hogy elker\u00fclj\u00fck a karhenger teljes\u00edtm\u00e9ny\u00e9nek \u00e9s biztons\u00e1g\u00e1nak befoly\u00e1sol\u00e1s\u00e1t.<\/li>\n<li><strong>Megel\u0151z\u0151 karbantart\u00e1s:<\/strong> A kop\u00e1s cs\u00f6kkent\u00e9se \u00e9s a lehets\u00e9ges probl\u00e9m\u00e1k megel\u0151z\u00e9se \u00e9rdek\u00e9ben rendszeres megel\u0151z\u0151 karbantart\u00e1st kell v\u00e9gezni, p\u00e9ld\u00e1ul tiszt\u00edt\u00e1st \u00e9s ken\u00e9st.<\/li>\n<\/ul>\n<p><img decoding=\"async\" src=\"https:\/\/www.hydraulic-cylinders.net\/wp-content\/uploads\/2025\/01\/songte-chushion-collar.webp\"><\/p>\n<h3>Telep\u00edt\u00e9si \u00fatmutat\u00f3<\/h3>\n<p>A karhengert a k\u00f6vetkez\u0151 ir\u00e1nyelvek szerint kell felszerelni \u00e9s haszn\u00e1lni:<\/p>\n<ul>\n<li><strong>V\u00e1lassza ki a megfelel\u0151 telep\u00edt\u00e9si helyet:<\/strong> A telep\u00edt\u00e9si helyet a g\u00e9pek \u00e9s a tartoz\u00e9kok saj\u00e1tos k\u00f6vetelm\u00e9nyeinek megfelel\u0151en kell kiv\u00e1lasztani.<\/li>\n<li><strong>\u00dcgyeljen a helyes telep\u00edt\u00e9si ir\u00e1nyra:<\/strong> A megfelel\u0151 m\u0171k\u00f6d\u00e9s biztos\u00edt\u00e1sa \u00e9rdek\u00e9ben a karhengert a megfelel\u0151 ir\u00e1nyba kell felszerelni.<\/li>\n<li><strong>A hidraulikaolaj-cs\u00f6vek megfelel\u0151 csatlakoztat\u00e1sa:<\/strong> A hidraulikaolaj-cs\u00f6veket megfelel\u0151en kell csatlakoztatni a zavartalan \u00e1raml\u00e1s biztos\u00edt\u00e1sa \u00e9s a sziv\u00e1rg\u00e1sok elker\u00fcl\u00e9se \u00e9rdek\u00e9ben.<\/li>\n<li><strong>\u00c1ll\u00edtsa be a nyom\u00e1st:<\/strong> A nyom\u00e1st a g\u00e9p \u00e9s a tartoz\u00e9kok saj\u00e1tos k\u00f6vetelm\u00e9nyeinek megfelel\u0151en kell be\u00e1ll\u00edtani a megfelel\u0151 szintre.<\/li>\n<\/ul>\n<h3>Biztons\u00e1gi szempontok \u00e9s k\u00f6rnyezeti t\u00e9nyez\u0151k<\/h3>\n<p>A karhenger haszn\u00e1latakor biztons\u00e1gi int\u00e9zked\u00e9seket kell tenni, mivel az a g\u00e9p fontos r\u00e9sze. Figyelembe kell venni a k\u00f6rnyezeti t\u00e9nyez\u0151ket, p\u00e9ld\u00e1ul a h\u0151m\u00e9rs\u00e9kletet \u00e9s a p\u00e1ratartalmat is, \u00e9s megfelel\u0151 int\u00e9zked\u00e9seket kell tenni a karhenger biztons\u00e1gos \u00e9s hat\u00e9kony m\u0171k\u00f6d\u00e9s\u00e9nek biztos\u00edt\u00e1sa \u00e9rdek\u00e9ben.<\/p>\n<h3>Hibaelh\u00e1r\u00edt\u00e1s \u00e9s gyakori probl\u00e9m\u00e1k<\/h3>\n<p>Az al\u00e1bbiakban a karhengerrel kapcsolatos gyakori probl\u00e9m\u00e1kat \u00e9s megold\u00e1sokat tal\u00e1lja:<\/p>\n<ul>\n<li><strong>Sziv\u00e1rg\u00e1s:<\/strong> A sziv\u00e1rg\u00e1st s\u00e9r\u00fclt t\u00f6m\u00edt\u0151elemek vagy nem megfelel\u0151 beszerel\u00e9s okozhatja. Cser\u00e9lje ki a s\u00e9r\u00fclt alkatr\u00e9szeket, vagy sz\u00fcks\u00e9g szerint \u00e1ll\u00edtsa be a beszerel\u00e9st.<\/li>\n<li><strong>T\u00falmeleged\u00e9s:<\/strong> A t\u00falmeleged\u00e9st okozhatja az el\u00e9gtelen olajell\u00e1t\u00e1s vagy a t\u00falzott terhel\u00e9s. Ellen\u0151rizze az olajell\u00e1t\u00e1st, \u00e9s sz\u00fcks\u00e9g szerint cs\u00f6kkentse a terhel\u00e9st.<\/li>\n<li><strong>Rendellenes zaj:<\/strong> A rendellenes zajt laza alkatr\u00e9szek vagy a karhenger s\u00e9r\u00fcl\u00e9se okozhatja. Sz\u00fcks\u00e9g szerint h\u00fazza meg a laza alkatr\u00e9szeket, vagy cser\u00e9lje ki a s\u00e9r\u00fclt alkatr\u00e9szeket.<\/li>\n<\/ul>\n<p>A megel\u0151z\u0151 int\u00e9zked\u00e9sek, mint p\u00e9ld\u00e1ul a rendszeres karbantart\u00e1s \u00e9s ellen\u0151rz\u00e9s, seg\u00edthetnek cs\u00f6kkenteni ezen probl\u00e9m\u00e1k el\u0151fordul\u00e1s\u00e1t.<\/p>\n<p><img decoding=\"async\" src=\"https:\/\/www.hydraulic-cylinders.net\/wp-content\/uploads\/2025\/01\/songte-bushings-with-all-kinds-of-excavator-models.webp\"><\/p>\n<h3>R\u00f3lunk<\/h3>\n<p>Professzion\u00e1lis hidraulikus hengergy\u00e1rt\u00f3k\u00e9nt sz\u00e9les term\u00e9kv\u00e1laszt\u00e9kkal rendelkez\u00fcnk, \u00e9s m\u00e1ra a hazai \u00e9s nemzetk\u00f6zi piacok egyik vezet\u0151 hidraulikus hengergy\u00e1rt\u00f3j\u00e1v\u00e1 \u00e9s nagykereskedelmi forgalmaz\u00f3j\u00e1v\u00e1 v\u00e1ltunk. Mindig a kiv\u00e1l\u00f3 min\u0151s\u00e9g elv\u00e9t k\u00f6vetj\u00fck, a finomgy\u00e1rt\u00f3 m\u0171helyek iparos\u00edtott termel\u00e9sir\u00e1ny\u00edt\u00e1si strat\u00e9gi\u00e1j\u00e1ra t\u00e1maszkodva, folyamatosan fejlesztve technol\u00f3gi\u00e1nkat \u00e9s termel\u00e9si hat\u00e9konys\u00e1gunkat. Cs\u00facskateg\u00f3ri\u00e1s digit\u00e1lis gy\u00e1rt\u00f3berendez\u00e9sek \u00e9s professzion\u00e1lis tesztel\u0151rendszerek bevezet\u00e9s\u00e9vel folyamatosan optimaliz\u00e1ljuk gy\u00e1rt\u00e1si platformunkat, fejlesztj\u00fck term\u00e9kmin\u0151s\u00e9g-ellen\u0151rz\u00e9si folyamatunkat, \u00e9s er\u0151s innov\u00e1ci\u00f3s k\u00e9pess\u00e9gekkel rendelkez\u00fcnk. C\u00e9lunk, hogy nagy hat\u00e9konys\u00e1ggal, prec\u00edzen \u00e9s magas min\u0151s\u00e9gi elvekkel el\u00e9g\u00edts\u00fck ki \u00fcgyfeleink sokr\u00e9t\u0171 ig\u00e9nyeit.<\/p>\n<p>Hidraulikus hengerek testreszabott szervizel\u00e9s\u00e9re szakosodtunk, \u00e9s olyan nemzetk\u00f6zi tan\u00fas\u00edtv\u00e1nyokkal rendelkez\u00fcnk, mint az ISO9001 \u00e9s a CE. Korszer\u0171 gy\u00e1rt\u00f3berendez\u00e9sekkel \u00e9s professzion\u00e1lis m\u0171szaki szem\u00e9lyzettel rendelkez\u00fcnk, \u00edgy kiv\u00e1l\u00f3 min\u0151s\u00e9g\u0171 term\u00e9keket \u00e9s szolg\u00e1ltat\u00e1sokat tudunk ny\u00fajtani \u00fcgyfeleinknek, id\u0151ben. Kiv\u00e1l\u00f3 \u00e9rt\u00e9kes\u00edt\u00e9s ut\u00e1ni szolg\u00e1ltat\u00e1st \u00e9s m\u0171szaki t\u00e1mogat\u00e1st is ny\u00fajtunk az \u00fcgyfelek el\u00e9gedetts\u00e9g\u00e9nek biztos\u00edt\u00e1sa \u00e9rdek\u00e9ben.<\/p>\n<p><img decoding=\"async\" src=\"https:\/\/www.hydraulic-cylinders.net\/wp-content\/uploads\/2025\/01\/songte-company-4.webp\"><br \/>\n<img decoding=\"async\" src=\"https:\/\/www.hydraulic-cylinders.net\/wp-content\/uploads\/2025\/01\/songte-company-3.webp\"><\/p>\n<p>Szerz\u0151: lyl<\/p>","protected":false},"excerpt":{"rendered":"<p>Arm Cylinder for Hyundai Middle Excavator R215-5-7c-9 Introduction The arm cylinder is a specially designed hydraulic cylinder that provides linear motion and power to the arms of various types of machinery including excavators, cranes, and robotic arms. The arm cylinder plays a crucial role in the hydraulic system, enabling the effective movement and control of [&hellip;]<\/p>","protected":false},"featured_media":14763,"comment_status":"open","ping_status":"closed","template":"","meta":{"_et_pb_use_builder":"","_et_pb_old_content":"","_et_gb_content_width":""},"product_brand":[],"product_cat":[1497],"product_tag":[1498,1496],"class_list":{"0":"post-16241","1":"product","2":"type-product","3":"status-publish","4":"has-post-thumbnail","6":"product_cat-arm-cylinders","7":"product_tag-arm-cylinders","8":"product_tag-hydraulic-cylinders","10":"first","11":"instock","12":"shipping-taxable","13":"product-type-simple"},"amp_enabled":true,"_links":{"self":[{"href":"https:\/\/www.hydraulic-cylinders.net\/hu\/wp-json\/wp\/v2\/product\/16241","targetHints":{"allow":["GET"]}}],"collection":[{"href":"https:\/\/www.hydraulic-cylinders.net\/hu\/wp-json\/wp\/v2\/product"}],"about":[{"href":"https:\/\/www.hydraulic-cylinders.net\/hu\/wp-json\/wp\/v2\/types\/product"}],"replies":[{"embeddable":true,"href":"https:\/\/www.hydraulic-cylinders.net\/hu\/wp-json\/wp\/v2\/comments?post=16241"}],"wp:featuredmedia":[{"embeddable":true,"href":"https:\/\/www.hydraulic-cylinders.net\/hu\/wp-json\/wp\/v2\/media\/14763"}],"wp:attachment":[{"href":"https:\/\/www.hydraulic-cylinders.net\/hu\/wp-json\/wp\/v2\/media?parent=16241"}],"wp:term":[{"taxonomy":"product_brand","embeddable":true,"href":"https:\/\/www.hydraulic-cylinders.net\/hu\/wp-json\/wp\/v2\/product_brand?post=16241"},{"taxonomy":"product_cat","embeddable":true,"href":"https:\/\/www.hydraulic-cylinders.net\/hu\/wp-json\/wp\/v2\/product_cat?post=16241"},{"taxonomy":"product_tag","embeddable":true,"href":"https:\/\/www.hydraulic-cylinders.net\/hu\/wp-json\/wp\/v2\/product_tag?post=16241"}],"curies":[{"name":"munkaf\u00fczet","href":"https:\/\/api.w.org\/{rel}","templated":true}]}}