{"id":16251,"date":"2025-01-20T08:59:35","date_gmt":"2025-01-20T08:59:35","guid":{"rendered":"https:\/\/www.hydraulic-cylinders.net\/product\/arm-cylinderfor-hyundai-large-excavator-r290lc-7\/"},"modified":"2025-01-20T08:59:37","modified_gmt":"2025-01-20T08:59:37","slug":"arm-cylinderfor-hyundai-large-excavator-r290lc-7","status":"publish","type":"product","link":"https:\/\/www.hydraulic-cylinders.net\/hu\/termek\/arm-cylinderfor-hyundai-large-excavator-r290lc-7\/","title":{"rendered":"Karhenger Hyundai nagy kotr\u00f3g\u00e9phez R290LC-7"},"content":{"rendered":"<h1>Karhenger Hyundai nagy kotr\u00f3g\u00e9phez R290LC-7<\/h1>\n<h2>Bevezet\u00e9s<\/h2>\n<p>A karhenger egy speci\u00e1lisan tervezett hidraulikus henger, amely line\u00e1ris mozg\u00e1st \u00e9s er\u0151t biztos\u00edt k\u00fcl\u00f6nf\u00e9le g\u00e9pek, p\u00e9ld\u00e1ul kotr\u00f3g\u00e9pek, daruk \u00e9s robotkarok karj\u00e1nak. Kulcsfontoss\u00e1g\u00fa szerepet j\u00e1tszik a hidraulikus rendszerekben, lehet\u0151v\u00e9 t\u00e9ve a tartoz\u00e9kok vagy szersz\u00e1mok hat\u00e9kony mozg\u00e1s\u00e1t \u00e9s vez\u00e9rl\u00e9s\u00e9t. Ezek a hengerek nemcsak a sima mozg\u00e1st biztos\u00edtj\u00e1k, hanem a nagy terhel\u00e9seket is elviselik, biztos\u00edtva a g\u00e9pek magas hat\u00e9konys\u00e1g\u00e1t \u00e9s megb\u00edzhat\u00f3s\u00e1g\u00e1t k\u00fcl\u00f6nb\u00f6z\u0151 \u00fczemi k\u00f6r\u00fclm\u00e9nyek k\u00f6z\u00f6tt.<\/p>\n<p><img decoding=\"async\" src=\"https:\/\/www.hydraulic-cylinders.net\/wp-content\/uploads\/2025\/01\/songte-company-2.webp\" alt=\"Karhenger\" \/><\/p>\n<h2>Jellemz\u0151k<\/h2>\n<ul>\n<li><strong>Nagy hat\u00e9konys\u00e1g\u00fa \u00e1tvitel:<\/strong> A karhenger er\u0151teljes line\u00e1ris mozg\u00e1st \u00e9s er\u0151t biztos\u00edt, biztos\u00edtva a mechanikus kar nagy teljes\u00edtm\u00e9ny\u00e9t k\u00fcl\u00f6nf\u00e9le m\u0171veletek sor\u00e1n.<\/li>\n<li><strong>Prec\u00edz vez\u00e9rl\u00e9s:<\/strong> A hidraulikus rendszeren kereszt\u00fcl a karhenger prec\u00edz mozg\u00e1svez\u00e9rl\u00e9st tesz lehet\u0151v\u00e9, \u00edgy a csatlakoztatott eszk\u00f6z\u00f6k kezel\u00e9se rugalmasabb \u00e9s pontosabb.<\/li>\n<li><strong>Tart\u00f3ss\u00e1g:<\/strong> A karos munkahengerek jellemz\u0151en nagy szil\u00e1rds\u00e1g\u00fa anyagokb\u00f3l k\u00e9sz\u00fclnek, amelyek kiv\u00e1l\u00f3 kop\u00e1s- \u00e9s korr\u00f3zi\u00f3\u00e1ll\u00f3s\u00e1got biztos\u00edtanak, \u00edgy alkalmasak hossz\u00fa t\u00e1v\u00fa haszn\u00e1latra zord k\u00f6rnyezetben.<\/li>\n<li><strong>T\u00f6bbfunkci\u00f3s alkalmazkod\u00f3k\u00e9pess\u00e9g:<\/strong> Ezek a munkahengerek sz\u00e9les k\u00f6rben alkalmazhat\u00f3k k\u00fcl\u00f6nf\u00e9le g\u00e9pekben, p\u00e9ld\u00e1ul kotr\u00f3g\u00e9pekben, darukban \u00e9s robotkarokban, alkalmazkodva a k\u00fcl\u00f6nb\u00f6z\u0151 munkak\u00f6vetelm\u00e9nyekhez.<\/li>\n<li><strong>K\u00f6nny\u0171 karbantart\u00e1s:<\/strong> A k\u00f6nny\u0171 karbantart\u00e1st \u00e9s cser\u00e9t szem el\u0151tt tart\u00f3 tervez\u00e9si szempontok k\u00e9nyelmesebb\u00e9 teszik a rendszeres ellen\u0151rz\u00e9st \u00e9s karbantart\u00e1st, cs\u00f6kkentve a berendez\u00e9sek \u00e1ll\u00e1sidej\u00e9t.<\/li>\n<\/ul>\n<p><img decoding=\"async\" src=\"https:\/\/www.hydraulic-cylinders.net\/wp-content\/uploads\/2025\/01\/songte-oil-pipes-and-spare-parts.webp\" alt=\"Hidraulikus hengerek\" \/><\/p>\n<h2>Alkalmaz\u00e1sok<\/h2>\n<p>A karhenger k\u00fcl\u00f6nf\u00e9le ipar\u00e1gakban alkalmazhat\u00f3:<\/p>\n<h3>\u00c9p\u00edt\u0151m\u00e9rn\u00f6ki<\/h3>\n<p>Kotr\u00f3g\u00e9pekn\u00e9l \u00e9s darukn\u00e1l a karhenger a v\u00f6dr\u00f6k vagy karok mozg\u00e1s\u00e1nak vez\u00e9rl\u00e9s\u00e9re szolg\u00e1l f\u00f6ldmunk\u00e1kn\u00e1l, anyagmozgat\u00e1sn\u00e1l \u00e9s szerkezeti telep\u00edt\u00e9sekn\u00e9l.<\/p>\n<h3>Gy\u00e1rt\u00e1s<\/h3>\n<p>Az automatiz\u00e1lt gy\u00e1rt\u00f3sorokon a karhengert robotkarok mozgat\u00e1s\u00e1ra haszn\u00e1lj\u00e1k, lehet\u0151v\u00e9 t\u00e9ve olyan folyamatokat, mint az \u00f6sszeszerel\u00e9s, a hegeszt\u00e9s \u00e9s az anyagmozgat\u00e1s, ez\u00e1ltal jav\u00edtva a termel\u00e9si hat\u00e9konys\u00e1got \u00e9s a pontoss\u00e1got.<\/p>\n<h3>Mez\u0151gazdas\u00e1gi g\u00e9pek<\/h3>\n<p>A mez\u0151gazdas\u00e1gi g\u00e9pekben, p\u00e9ld\u00e1ul a betakar\u00edt\u00f3g\u00e9pekben \u00e9s a vet\u0151g\u00e9pekben a karhenger vez\u00e9rli a m\u0171k\u00f6dtet\u0151 karok mozg\u00e1s\u00e1t olyan feladatok elv\u00e9gz\u00e9s\u00e9hez, mint a vet\u00e9s, a m\u0171tr\u00e1gy\u00e1z\u00e1s \u00e9s a betakar\u00edt\u00e1s.<\/p>\n<h3>B\u00e1ny\u00e1szati<\/h3>\n<p>A b\u00e1ny\u00e1szati \u200b\u200bberendez\u00e9sekben a karhenger vez\u00e9rli a b\u00e1ny\u00e1szati \u200b\u200bg\u00e9pek karj\u00e1nak mozg\u00e1s\u00e1t az \u00e9rc kitermel\u00e9se \u00e9s sz\u00e1ll\u00edt\u00e1sa sor\u00e1n.<\/p>\n<h3>Logisztika \u00e9s sz\u00e1ll\u00edtm\u00e1nyoz\u00e1s<\/h3>\n<p>A targonc\u00e1kban \u00e9s anyagmozgat\u00f3 robotokban a karhenger vez\u00e9rli a vill\u00e1k emel\u00e9s\u00e9t \u00e9s mozg\u00e1s\u00e1t, megk\u00f6nny\u00edtve az anyagmozgat\u00e1st \u00e9s a rakod\u00e1st.<\/p>\n<p><img decoding=\"async\" src=\"https:\/\/www.hydraulic-cylinders.net\/wp-content\/uploads\/2025\/01\/songte-cylinder-head-with-all-kinds-excavator-models.webp\" alt=\"Hengerfej\" \/><\/p>\n<h2>Tervez\u00e9si szempontok \u00e9s kiv\u00e1laszt\u00e1si krit\u00e9riumok<\/h2>\n<ul>\n<li><strong>Teherb\u00edr\u00e1s:<\/strong> A karhenger terhel\u00e9s\u00e1ll\u00f3 \u00e9s teherhord\u00f3 k\u00e9pess\u00e9ge kulcsfontoss\u00e1g\u00fa tervez\u00e9si szempont.<\/li>\n<li><strong>T\u00f6m\u00edt\u00e9s:<\/strong> A hat\u00e9kony t\u00f6m\u00edt\u00e9s biztos\u00edt\u00e1s\u00e1hoz k\u00fcl\u00f6nf\u00e9le t\u00f6m\u00edt\u00e9seket, p\u00e9ld\u00e1ul dugatty\u00fat\u00f6m\u00edt\u00e9seket \u00e9s r\u00fadt\u00f6m\u00edt\u00e9seket haszn\u00e1lnak, amelyek kop\u00e1s\u00e1ll\u00f3 anyagokb\u00f3l, p\u00e9ld\u00e1ul poliuret\u00e1nb\u00f3l \u00e9s nitrilgumib\u00f3l k\u00e9sz\u00fclnek.<\/li>\n<li><strong>Tart\u00f3ss\u00e1g:<\/strong> A hengertest \u00e9s a menetes v\u00e9gek prec\u00edz megmunk\u00e1l\u00e1son esnek \u00e1t a kop\u00e1s\u00e1ll\u00f3s\u00e1g fokoz\u00e1sa \u00e9rdek\u00e9ben.<\/li>\n<li><strong>Biztons\u00e1g:<\/strong> Biztons\u00e1gi int\u00e9zked\u00e9seket \u00e9p\u00edtettek be a m\u0171k\u00f6d\u00e9s k\u00f6zbeni balesetek megel\u0151z\u00e9se \u00e9rdek\u00e9ben, p\u00e9ld\u00e1ul nyom\u00e1scs\u00f6kkent\u0151 szelepeket \u00e9s v\u00e9szle\u00e1ll\u00edt\u00f3 mechanizmusokat.<\/li>\n<li><strong>Karbantarthat\u00f3s\u00e1g:<\/strong> A megfelel\u0151 hidraulikaolajjal t\u00f6rt\u00e9n\u0151 rendszeres ken\u00e9s, valamint a k\u00f6nny\u0171 hozz\u00e1f\u00e9r\u00e9s az ellen\u0151rz\u00e9shez \u00e9s karbantart\u00e1shoz alapvet\u0151 tervez\u00e9si szempontok.<\/li>\n<\/ul>\n<p><img decoding=\"async\" src=\"https:\/\/www.hydraulic-cylinders.net\/wp-content\/uploads\/2025\/01\/songte-chushion-collar.webp\" alt=\"Chushion gall\u00e9r\" \/><\/p>\n<h2>Karbantart\u00e1s \u00e9s megel\u0151z\u0151 int\u00e9zked\u00e9sek<\/h2>\n<p>A karhenger optim\u00e1lis teljes\u00edtm\u00e9ny\u00e9nek \u00e9s hossz\u00fa \u00e9lettartam\u00e1nak biztos\u00edt\u00e1sa \u00e9rdek\u00e9ben a k\u00f6vetkez\u0151 int\u00e9zked\u00e9seket kell v\u00e9grehajtani:<\/p>\n<ul>\n<li>Rendszeresen ellen\u0151rizze a hengert sziv\u00e1rg\u00e1sok, s\u00e9r\u00fcl\u00e9sek vagy rendellenes kop\u00e1s szempontj\u00e1b\u00f3l.<\/li>\n<li>Rendszeresen cser\u00e9lje ki a kopott t\u00f6m\u00edt\u00e9seket vagy a s\u00e9r\u00fclt alkatr\u00e9szeket.<\/li>\n<li>Biztos\u00edtsa a megfelel\u0151 ken\u00e9st a megfelel\u0151 mennyis\u00e9g\u0171 hidraulikaolajjal az aj\u00e1nlott id\u0151k\u00f6z\u00f6nk\u00e9nt.<\/li>\n<li>Vezessen be megel\u0151z\u0151 karbantart\u00e1si \u00fctemterveket a potenci\u00e1lis probl\u00e9m\u00e1k kezel\u00e9s\u00e9re, miel\u0151tt azok s\u00falyosbodn\u00e1nak.<\/li>\n<\/ul>\n<h2>Term\u00e9ktelep\u00edt\u00e9si \u00fatmutat\u00f3<\/h2>\n<p>A hengerfej megfelel\u0151 beszerel\u00e9s\u00e9hez k\u00f6vesse az al\u00e1bbi l\u00e9p\u00e9seket:<\/p>\n<ol>\n<li>Biztons\u00e1gosan r\u00f6gz\u00edtse a hengert a g\u00e9phez, \u00fcgyelve a megfelel\u0151 be\u00e1ll\u00edt\u00e1sra \u00e9s csatlakoz\u00e1sra.<\/li>\n<li>H\u00fazza meg az \u00f6sszes r\u00f6gz\u00edt\u0151elemet \u00e9s szerelv\u00e9nyt a megadott nyomat\u00e9k\u00e9rt\u00e9keknek megfelel\u0151en.<\/li>\n<li>Csatlakoztassa a hidraulikavezet\u00e9keket, \u00fcgyelve a biztons\u00e1gos \u00e9s sziv\u00e1rg\u00e1smentes csatlakoz\u00e1sra.<\/li>\n<li>V\u00e9gezzen el egy funkcion\u00e1lis tesztet a karhenger megfelel\u0151 m\u0171k\u00f6d\u00e9s\u00e9nek ellen\u0151rz\u00e9s\u00e9re.<\/li>\n<\/ol>\n<p><img decoding=\"async\" src=\"https:\/\/www.hydraulic-cylinders.net\/wp-content\/uploads\/2025\/01\/songte-bushings-with-all-kinds-of-excavator-models.webp\" alt=\"perselyek\" \/><\/p>\n<h2>Biztons\u00e1gi szempontok \u00e9s k\u00f6rnyezeti t\u00e9nyez\u0151k<\/h2>\n<p>A karhengerrel v\u00e9gzett munka sor\u00e1n fontos a biztons\u00e1gi int\u00e9zked\u00e9sek priorit\u00e1sk\u00e9nt val\u00f3 kezel\u00e9se a balesetek megel\u0151z\u00e9se \u00e9s a biztons\u00e1gos munkak\u00f6rnyezet biztos\u00edt\u00e1sa \u00e9rdek\u00e9ben. A biztons\u00e1gi ir\u00e1nyelvek betart\u00e1sa, p\u00e9ld\u00e1ul a megfelel\u0151 v\u00e9d\u0151felszerel\u00e9s visel\u00e9se \u00e9s a g\u00e9pek kezel\u00e9si elj\u00e1r\u00e1sainak betart\u00e1sa kulcsfontoss\u00e1g\u00fa a kezel\u0151k \u00e9s a k\u00f6rnyez\u0151 k\u00f6rnyezet j\u00f3l\u00e9te szempontj\u00e1b\u00f3l.<\/p>\n<h2>Hibaelh\u00e1r\u00edt\u00e1s \u00e9s gyakori probl\u00e9m\u00e1k<\/h2>\n<p>\u00cdme n\u00e9h\u00e1ny gyakori probl\u00e9ma, amely a karhengerekkel kapcsolatban felmer\u00fclhet:<\/p>\n<ul>\n<li>A kar lass\u00fa vagy szab\u00e1lytalan mozg\u00e1sa<\/li>\n<li>Hidraulikafolyad\u00e9k sziv\u00e1rg\u00e1sa<\/li>\n<li>T\u00falzott zaj vagy rezg\u00e9s m\u0171k\u00f6d\u00e9s k\u00f6zben<\/li>\n<li>Inkonzisztens vagy gyenge er\u0151kifejt\u00e9s<\/li>\n<\/ul>\n<p>A probl\u00e9m\u00e1k megold\u00e1s\u00e1hoz k\u00f6vesse az al\u00e1bbi hibaelh\u00e1r\u00edt\u00e1si tippeket:<\/p>\n<ul>\n<li>Ellen\u0151rizze a hidraulikafolyad\u00e9k szintj\u00e9t \u00e9s min\u0151s\u00e9g\u00e9t. Sz\u00fcks\u00e9g szerint t\u00f6ltse fel vagy cser\u00e9lje ki.<\/li>\n<li>Ellen\u0151rizze a t\u00f6m\u00edt\u00e9seket \u00e9s csatlakoz\u00e1sokat sziv\u00e1rg\u00e1s szempontj\u00e1b\u00f3l. Cser\u00e9lje ki a s\u00e9r\u00fclt t\u00f6m\u00edt\u00e9seket, vagy h\u00fazza meg a csatlakoz\u00e1sokat.<\/li>\n<li>Vizsg\u00e1lja meg a dugatty\u00fat \u00e9s a rudat kop\u00e1s vagy s\u00e9r\u00fcl\u00e9s szempontj\u00e1b\u00f3l. Sz\u00fcks\u00e9g eset\u00e9n cser\u00e9lje ki.<\/li>\n<li>Ellen\u0151rizze a nyom\u00e1sbe\u00e1ll\u00edt\u00e1sokat, \u00e9s sz\u00fcks\u00e9g eset\u00e9n \u00e1ll\u00edtsa be azokat.<\/li>\n<\/ul>\n<p><img decoding=\"async\" src=\"https:\/\/www.hydraulic-cylinders.net\/wp-content\/uploads\/2025\/01\/songte-chushion-collar.webp\" alt=\"Chushion gall\u00e9r\" \/><\/p>\n<h2>R\u00f3lunk<\/h2>\n<p>Professzion\u00e1lis hidraulikus hengergy\u00e1rt\u00f3k\u00e9nt k\u00edn\u00e1lunk p\u00f3talkatr\u00e9szeket, \u00e9s v\u00e1ltozatos term\u00e9kv\u00e1laszt\u00e9kot k\u00edn\u00e1lunk. A hazai \u00e9s nemzetk\u00f6zi piacok egyik vezet\u0151 hidraulikus hengergy\u00e1rt\u00f3j\u00e1v\u00e1 \u00e9s nagykeresked\u0151j\u00e9v\u00e9 v\u00e1ltunk. Elk\u00f6telezettek vagyunk a kiv\u00e1l\u00f3s\u00e1g ir\u00e1nt, folyamatosan fejlesztj\u00fck technol\u00f3giai szak\u00e9rtelm\u00fcnket \u00e9s termel\u00e9si hat\u00e9konys\u00e1gunkat fejlett gy\u00e1rt\u00f3berendez\u00e9seink \u00e9s min\u0151s\u00e9gellen\u0151rz\u00e9si folyamataink r\u00e9v\u00e9n. C\u00e9lunk, hogy hat\u00e9konys\u00e1ggal, pontoss\u00e1ggal \u00e9s kiv\u00e1l\u00f3 min\u0151s\u00e9g\u0171 term\u00e9kekkel el\u00e9g\u00edts\u00fck ki \u00fcgyfeleink sokr\u00e9t\u0171 ig\u00e9nyeit.<\/p>\n<p><img decoding=\"async\" src=\"https:\/\/www.hydraulic-cylinders.net\/wp-content\/uploads\/2025\/01\/songte-company-4.webp\" alt=\"V\u00e1llalat\" \/><br \/>\n<img decoding=\"async\" src=\"https:\/\/www.hydraulic-cylinders.net\/wp-content\/uploads\/2025\/01\/songte-company-3.webp\" alt=\"V\u00e1llalat\" \/><\/p>\n<p>Szerz\u0151: lyl<\/p>","protected":false},"excerpt":{"rendered":"<p>Arm Cylinder For Hyundai Large Excavator R290LC-7 Introduction The arm cylinder is a specially designed hydraulic cylinder that provides linear motion and power to the arm of various machinery, such as excavators, cranes, and robotic arms. It plays a crucial role in hydraulic systems, enabling the efficient movement and control of attachments or tools. These [&hellip;]<\/p>","protected":false},"featured_media":14770,"comment_status":"open","ping_status":"closed","template":"","meta":{"_et_pb_use_builder":"","_et_pb_old_content":"","_et_gb_content_width":""},"product_brand":[],"product_cat":[1497],"product_tag":[1498,1496],"class_list":{"0":"post-16251","1":"product","2":"type-product","3":"status-publish","4":"has-post-thumbnail","6":"product_cat-arm-cylinders","7":"product_tag-arm-cylinders","8":"product_tag-hydraulic-cylinders","10":"first","11":"instock","12":"shipping-taxable","13":"product-type-simple"},"amp_enabled":true,"_links":{"self":[{"href":"https:\/\/www.hydraulic-cylinders.net\/hu\/wp-json\/wp\/v2\/product\/16251","targetHints":{"allow":["GET"]}}],"collection":[{"href":"https:\/\/www.hydraulic-cylinders.net\/hu\/wp-json\/wp\/v2\/product"}],"about":[{"href":"https:\/\/www.hydraulic-cylinders.net\/hu\/wp-json\/wp\/v2\/types\/product"}],"replies":[{"embeddable":true,"href":"https:\/\/www.hydraulic-cylinders.net\/hu\/wp-json\/wp\/v2\/comments?post=16251"}],"wp:featuredmedia":[{"embeddable":true,"href":"https:\/\/www.hydraulic-cylinders.net\/hu\/wp-json\/wp\/v2\/media\/14770"}],"wp:attachment":[{"href":"https:\/\/www.hydraulic-cylinders.net\/hu\/wp-json\/wp\/v2\/media?parent=16251"}],"wp:term":[{"taxonomy":"product_brand","embeddable":true,"href":"https:\/\/www.hydraulic-cylinders.net\/hu\/wp-json\/wp\/v2\/product_brand?post=16251"},{"taxonomy":"product_cat","embeddable":true,"href":"https:\/\/www.hydraulic-cylinders.net\/hu\/wp-json\/wp\/v2\/product_cat?post=16251"},{"taxonomy":"product_tag","embeddable":true,"href":"https:\/\/www.hydraulic-cylinders.net\/hu\/wp-json\/wp\/v2\/product_tag?post=16251"}],"curies":[{"name":"munkaf\u00fczet","href":"https:\/\/api.w.org\/{rel}","templated":true}]}}