{"id":16256,"date":"2025-01-20T08:59:57","date_gmt":"2025-01-20T08:59:57","guid":{"rendered":"https:\/\/www.hydraulic-cylinders.net\/product\/arm-cylinderfor-hyundai-large-excavator-r300lc-5\/"},"modified":"2025-01-20T08:59:58","modified_gmt":"2025-01-20T08:59:58","slug":"arm-cylinderfor-hyundai-large-excavator-r300lc-5","status":"publish","type":"product","link":"https:\/\/www.hydraulic-cylinders.net\/hu\/termek\/arm-cylinderfor-hyundai-large-excavator-r300lc-5\/","title":{"rendered":"Karhenger Hyundai R300LC-5 nagy kotr\u00f3g\u00e9phez"},"content":{"rendered":"<p><!DOCTYPE html><br \/>\n<html><br \/>\n<head><br \/>\n<title>Karhenger Hyundai R300LC-5 nagy kotr\u00f3g\u00e9phez<\/title><br \/>\n<\/head><br \/>\n<body><\/p>\n<h1>Karhenger Hyundai R300LC-5 nagy kotr\u00f3g\u00e9phez<\/h1>\n<h2>Bevezet\u00e9s<\/h2>\n<p>A Hyundai R300LC-5 nagym\u00e9ret\u0171 kotr\u00f3g\u00e9p karhengere egy speci\u00e1lisan tervezett hidraulikus henger, amely line\u00e1ris mozg\u00e1st \u00e9s teljes\u00edtm\u00e9nyt biztos\u00edt k\u00fcl\u00f6nf\u00e9le g\u00e9pek, p\u00e9ld\u00e1ul kotr\u00f3g\u00e9pek, daruk \u00e9s mechanikus karok karj\u00e1nak. A karhenger kulcsszerepet j\u00e1tszik a hidraulikus rendszerekben, lehet\u0151v\u00e9 t\u00e9ve a tov\u00e1bbi szersz\u00e1mok vagy tartoz\u00e9kok hat\u00e9kony mozg\u00e1s\u00e1t \u00e9s vez\u00e9rl\u00e9s\u00e9t. Ezek a hengerek sima \u00e9s megb\u00edzhat\u00f3 m\u0171k\u00f6d\u00e9st biztos\u00edtanak m\u00e9g nagy terhel\u00e9s alatt is, biztos\u00edtva a magas hat\u00e9konys\u00e1got \u00e9s megb\u00edzhat\u00f3s\u00e1got k\u00fcl\u00f6nb\u00f6z\u0151 munkak\u00f6r\u00fclm\u00e9nyek k\u00f6z\u00f6tt.<\/p>\n<p><img decoding=\"async\" src=\"https:\/\/www.hydraulic-cylinders.net\/wp-content\/uploads\/2025\/01\/songte-company-2.webp\" alt=\"Karhenger k\u00e9pe\"><\/p>\n<h2>Jellemz\u0151k<\/h2>\n<ul>\n<li><strong>Nagy hat\u00e9konys\u00e1g\u00fa \u00e1tvitel:<\/strong> A karhenger er\u0151teljes line\u00e1ris mozg\u00e1st \u00e9s er\u0151t biztos\u00edt, biztos\u00edtva a mechanikus kar nagy teljes\u00edtm\u00e9ny\u00e9t k\u00fcl\u00f6nf\u00e9le m\u0171veletek sor\u00e1n.<\/li>\n<li><strong>Prec\u00edz vez\u00e9rl\u00e9s:<\/strong> A hidraulikus rendszeren kereszt\u00fcl a karhenger prec\u00edz mozg\u00e1svez\u00e9rl\u00e9st tesz lehet\u0151v\u00e9, \u00edgy a csatlakoztatott eszk\u00f6z\u00f6k kezel\u00e9se rugalmasabb \u00e9s pontosabb.<\/li>\n<li><strong>Tart\u00f3ss\u00e1g:<\/strong> A karhenger jellemz\u0151en nagy szil\u00e1rds\u00e1g\u00fa anyagokb\u00f3l k\u00e9sz\u00fcl, amelyek j\u00f3 kop\u00e1s\u00e1ll\u00f3s\u00e1got \u00e9s korr\u00f3zi\u00f3\u00e1ll\u00f3s\u00e1got biztos\u00edtanak, \u00edgy alkalmasak hossz\u00fa t\u00e1v\u00fa haszn\u00e1latra zord k\u00f6rnyezetben.<\/li>\n<li><strong>T\u00f6bbfunkci\u00f3s alkalmazkod\u00f3k\u00e9pess\u00e9g:<\/strong> Ezek a munkahengerek sz\u00e9les k\u00f6rben alkalmazhat\u00f3k k\u00fcl\u00f6nf\u00e9le g\u00e9pekhez, bele\u00e9rtve a kotr\u00f3g\u00e9peket, darukat \u00e9s mechanikus karokat, amelyek a k\u00fcl\u00f6nb\u00f6z\u0151 munkak\u00f6vetelm\u00e9nyeket el\u00e9g\u00edtik ki.<\/li>\n<li><strong>K\u00f6nny\u0171 karbantart\u00e1s:<\/strong> A tervez\u00e9s sor\u00e1n figyelembe vett\u00e9k a karbantart\u00e1s \u00e9s a csere egyszer\u0171s\u00e9g\u00e9t, \u00edgy a rendszeres ellen\u0151rz\u00e9sek \u00e9s karbantart\u00e1s k\u00e9nyelmesebb\u00e9 v\u00e1lt, cs\u00f6kkentve a berendez\u00e9sek \u00e1ll\u00e1sidej\u00e9t.<\/li>\n<\/ul>\n<p><img decoding=\"async\" src=\"https:\/\/www.hydraulic-cylinders.net\/wp-content\/uploads\/2025\/01\/songte-oil-pipes-and-spare-parts.webp\" alt=\"Hidraulikus hengerek k\u00e9pe\"><\/p>\n<h2>Alkalmaz\u00e1sok<\/h2>\n<ul>\n<li><strong>\u00c9p\u00edt\u0151m\u00e9rn\u00f6ki:<\/strong> Kotr\u00f3g\u00e9pekn\u00e9l \u00e9s darukn\u00e1l a karhenger a v\u00f6dr\u00f6k vagy g\u00e9mkarok mozg\u00e1s\u00e1nak vez\u00e9rl\u00e9s\u00e9re szolg\u00e1l f\u00f6ldmunk\u00e1kn\u00e1l, anyagmozgat\u00e1sn\u00e1l \u00e9s szerkezeti telep\u00edt\u00e9sekn\u00e9l.<\/li>\n<li><strong>Feldolgoz\u00f3 ipar:<\/strong> Az automatiz\u00e1lt gy\u00e1rt\u00f3sorokon a karhengert mechanikus karok mozgat\u00e1s\u00e1ra haszn\u00e1lj\u00e1k az \u00f6sszeszerel\u00e9si, hegeszt\u00e9si \u00e9s anyagmozgat\u00e1si folyamatok sor\u00e1n, jav\u00edtva a termel\u00e9si hat\u00e9konys\u00e1got \u00e9s a pontoss\u00e1got.<\/li>\n<li><strong>Mez\u0151gazdas\u00e1gi g\u00e9pek:<\/strong> A mez\u0151gazdas\u00e1gi g\u00e9pekben, p\u00e9ld\u00e1ul a betakar\u00edt\u00f3g\u00e9pekben \u00e9s a vet\u0151g\u00e9pekben a karhenger vez\u00e9rli a kezel\u0151karok mozg\u00e1s\u00e1t olyan feladatokhoz, mint a vet\u00e9s, a m\u0171tr\u00e1gy\u00e1z\u00e1s \u00e9s a betakar\u00edt\u00e1s.<\/li>\n<li><strong>B\u00e1ny\u00e1szati:<\/strong> B\u00e1ny\u00e1szati \u200b\u200bberendez\u00e9sekben a karhengert a b\u00e1ny\u00e1szati \u200b\u200bg\u00e9pek karmozg\u00e1s\u00e1nak vez\u00e9rl\u00e9s\u00e9re haszn\u00e1lj\u00e1k \u00e9rc kitermel\u00e9se \u00e9s sz\u00e1ll\u00edt\u00e1sa sor\u00e1n.<\/li>\n<li><strong>Logisztika \u00e9s sz\u00e1ll\u00edt\u00e1s:<\/strong> A targonc\u00e1kban \u00e9s anyagmozgat\u00f3 robotokban a karhenger a vill\u00e1k emel\u00e9s\u00e9nek \u00e9s mozg\u00e1s\u00e1nak vez\u00e9rl\u00e9s\u00e9re szolg\u00e1l, lehet\u0151v\u00e9 t\u00e9ve az anyagmozgat\u00e1st \u00e9s a rakod\u00e1st.<\/li>\n<\/ul>\n<h2>Tervez\u00e9si szempontok \u00e9s kiv\u00e1laszt\u00e1si krit\u00e9riumok<\/h2>\n<ul>\n<li><strong>Teherb\u00edr\u00e1s:<\/strong> A karhenger \u00fagy van kialak\u00edtva, hogy ellen\u00e1lljon bizonyos terhel\u00e9seknek, \u00e9s ennek megfelel\u0151en kell kiv\u00e1lasztani a biztons\u00e1gos \u00e9s hat\u00e9kony m\u0171k\u00f6d\u00e9s biztos\u00edt\u00e1sa \u00e9rdek\u00e9ben.<\/li>\n<li><strong>T\u00f6m\u00edt\u00e9s:<\/strong> K\u00fcl\u00f6nb\u00f6z\u0151 t\u00f6m\u00edt\u0151elemeket, p\u00e9ld\u00e1ul dugatty\u00fat\u00f6m\u00edt\u00e9seket \u00e9s r\u00fadt\u00f6m\u00edt\u00e9seket haszn\u00e1lnak a henger integrit\u00e1s\u00e1nak meg\u0151rz\u00e9s\u00e9re \u00e9s a sziv\u00e1rg\u00e1s megakad\u00e1lyoz\u00e1s\u00e1ra. Ezek a t\u00f6m\u00edt\u00e9sek kop\u00e1s\u00e1ll\u00f3 anyagokb\u00f3l, p\u00e9ld\u00e1ul poliuret\u00e1nb\u00f3l \u00e9s nitrilgumib\u00f3l k\u00e9sz\u00fclnek.<\/li>\n<li><strong>Tart\u00f3ss\u00e1g:<\/strong> A hengertest \u00e9s a menetes v\u00e9gek apr\u00f3l\u00e9kos fel\u00fcletkezel\u00e9sen esnek \u00e1t a kop\u00e1s\u00e1ll\u00f3s\u00e1g fokoz\u00e1sa \u00e9s a henger \u00e9lettartam\u00e1nak meghosszabb\u00edt\u00e1sa \u00e9rdek\u00e9ben.<\/li>\n<li><strong>Biztons\u00e1g:<\/strong> A tervez\u00e9si folyamat sor\u00e1n figyelembe kell venni a biztons\u00e1gi int\u00e9zked\u00e9seket a balesetek megel\u0151z\u00e9se, valamint a kezel\u0151k \u00e9s a k\u00f6rnyez\u0151 szem\u00e9lyzet v\u00e9delme \u00e9rdek\u00e9ben.<\/li>\n<li><strong>Karbantart\u00e1s:<\/strong> A karhengert \u00fagy kell kialak\u00edtani, hogy k\u00f6nnyen karbantarthat\u00f3 \u00e9s jav\u00edthat\u00f3 legyen, lehet\u0151v\u00e9 t\u00e9ve a rendszeres ellen\u0151rz\u00e9seket \u00e9s az elkopott alkatr\u00e9szek cser\u00e9j\u00e9t, cs\u00f6kkentve az \u00e1ll\u00e1sid\u0151t.<\/li>\n<\/ul>\n<p><img decoding=\"async\" src=\"https:\/\/www.hydraulic-cylinders.net\/wp-content\/uploads\/2025\/01\/songte-cylinder-head-with-all-kinds-excavator-models.webp\" alt=\"Hengerfej k\u00e9pe\"><\/p>\n<h2>T\u00f6m\u00edt\u00e9s \u00e9s ken\u00e9s<\/h2>\n<p>K\u00fcl\u00f6nb\u00f6z\u0151 t\u00f6m\u00edt\u0151elemeket, p\u00e9ld\u00e1ul dugatty\u00fat\u00f6m\u00edt\u00e9seket \u00e9s r\u00fadt\u00f6m\u00edt\u00e9seket haszn\u00e1lnak a karhenger integrit\u00e1s\u00e1nak meg\u0151rz\u00e9s\u00e9re. Ezek a t\u00f6m\u00edt\u00e9sek kop\u00e1s\u00e1ll\u00f3 anyagokb\u00f3l, p\u00e9ld\u00e1ul poliuret\u00e1nb\u00f3l \u00e9s nitrilgumib\u00f3l k\u00e9sz\u00fclnek. A hengertest \u00e9s a menetes v\u00e9gek apr\u00f3l\u00e9kos fel\u00fcletkezel\u00e9sen esnek \u00e1t a kop\u00e1s\u00e1ll\u00f3s\u00e1g fokoz\u00e1sa \u00e9rdek\u00e9ben. A z\u00f6kken\u0151mentes m\u0171k\u00f6d\u00e9s biztos\u00edt\u00e1s\u00e1hoz rendszeres ken\u00e9s sz\u00fcks\u00e9ges megfelel\u0151 mennyis\u00e9g\u0171 hidraulikaolajjal.<\/p>\n<h2>Rendszeres ellen\u0151rz\u00e9s \u00e9s megel\u0151z\u0151 karbantart\u00e1s<\/h2>\n<ul>\n<li>Rendszeresen ellen\u0151rizze a kar henger\u00e9t kop\u00e1s, sziv\u00e1rg\u00e1s vagy s\u00e9r\u00fcl\u00e9s jelei szempontj\u00e1b\u00f3l.<\/li>\n<li>Ellen\u0151rizze \u00e9s sz\u00fcks\u00e9g szerint cser\u00e9lje ki az elkopott t\u00f6m\u00edt\u00e9seket \u00e9s alkatr\u00e9szeket.<\/li>\n<li>A megfelel\u0151 ken\u00e9st a javasolt mennyis\u00e9g\u0171 hidraulikaolaj rendszeres felt\u00f6lt\u00e9s\u00e9vel biztos\u00edtsa.<\/li>\n<li>Gy\u0151z\u0151dj\u00f6n meg arr\u00f3l, hogy minden csatlakoz\u00e1s \u00e9s szerelv\u00e9ny szoros \u00e9s biztons\u00e1gos.<\/li>\n<li>V\u00e9gezze el a megel\u0151z\u0151 karbantart\u00e1si feladatokat a gy\u00e1rt\u00f3 utas\u00edt\u00e1sainak megfelel\u0151en.<\/li>\n<\/ul>\n<h2>Term\u00e9ktelep\u00edt\u00e9si \u00fatmutat\u00f3<\/h2>\n<p>A karhenger megfelel\u0151 beszerel\u00e9se kulcsfontoss\u00e1g\u00fa a teljes\u00edtm\u00e9nye \u00e9s hossz\u00fa \u00e9lettartama szempontj\u00e1b\u00f3l. A sikeres beszerel\u00e9shez k\u00f6vesse az al\u00e1bbi l\u00e9p\u00e9seket:<\/p>\n<ol>\n<li>K\u00e9sz\u00edtse el\u0151 a r\u00f6gz\u00edt\u00e9si ter\u00fcletet, \u00e9s gy\u0151z\u0151dj\u00f6n meg arr\u00f3l, hogy tiszta \u00e9s t\u00f6rmel\u00e9kt\u0151l mentes.<\/li>\n<li>Igaz\u00edtsa a karhengert a r\u00f6gz\u00edt\u00e9si pontokhoz, \u00e9s r\u00f6gz\u00edtse a megfelel\u0151 csavarokkal \u00e9s r\u00f6gz\u00edt\u0151elemekkel.<\/li>\n<li>Ellen\u0151rizze, hogy nincs-e b\u00e1rmilyen eltol\u00f3d\u00e1s vagy interferencia, \u00e9s sz\u00fcks\u00e9g eset\u00e9n \u00e1ll\u00edtsa be.<\/li>\n<li>Csatlakoztassa a hidraulikavezet\u00e9keket a gy\u00e1rt\u00f3 utas\u00edt\u00e1sainak megfelel\u0151en.<\/li>\n<li>Teljes \u00fczembe helyez\u00e9s el\u0151tt ellen\u0151rizze a karhenger mozg\u00e1s\u00e1t \u00e9s m\u0171k\u00f6d\u00e9s\u00e9t.<\/li>\n<\/ol>\n<p><img decoding=\"async\" src=\"https:\/\/www.hydraulic-cylinders.net\/wp-content\/uploads\/2025\/01\/songte-bushings-with-all-kinds-of-excavator-models.webp\" alt=\"Perselyek k\u00e9pe\"><\/p>\n<h2>Biztons\u00e1gi szempontok \u00e9s k\u00f6rnyezeti t\u00e9nyez\u0151k<\/h2>\n<p>A biztons\u00e1gi int\u00e9zked\u00e9sek rendk\u00edv\u00fcl fontosak a hidraulikus hengerekkel v\u00e9gzett munka sor\u00e1n. A balesetek \u00e9s s\u00e9r\u00fcl\u00e9sek megel\u0151z\u00e9se \u00e9rdek\u00e9ben elengedhetetlen a biztons\u00e1gi ir\u00e1nyelvek betart\u00e1sa \u00e9s a megfelel\u0151 szem\u00e9lyi v\u00e9d\u0151felszerel\u00e9s (PPE) haszn\u00e1lata. Ezenk\u00edv\u00fcl a k\u00f6rnyezeti t\u00e9nyez\u0151ket, p\u00e9ld\u00e1ul a h\u0151m\u00e9rs\u00e9kletet, a p\u00e1ratartalmat \u00e9s a korroz\u00edv anyagokat is figyelembe kell venni a karhenger optim\u00e1lis teljes\u00edtm\u00e9ny\u00e9nek \u00e9s hossz\u00fa \u00e9lettartam\u00e1nak biztos\u00edt\u00e1sa \u00e9rdek\u00e9ben.<\/p>\n<h2>Hibaelh\u00e1r\u00edt\u00e1s \u00e9s gyakori probl\u00e9m\u00e1k<\/h2>\n<p>\u00cdme n\u00e9h\u00e1ny gyakori probl\u00e9ma, amely a karhengerrel kapcsolatban felmer\u00fclhet:<\/p>\n<ul>\n<li>Sziv\u00e1rg\u00e1s: Ellen\u0151rizze a t\u00f6m\u00edt\u00e9seket \u00e9s csatlakoz\u00e1sokat sziv\u00e1rg\u00e1s jelei szempontj\u00e1b\u00f3l, \u00e9s cser\u00e9lje ki a hib\u00e1s alkatr\u00e9szeket.<\/li>\n<li>Szab\u00e1lytalan mozg\u00e1s: Vizsg\u00e1lja meg a hidraulikus rendszert, hogy nincs-e benne m\u0171k\u00f6d\u00e9si hiba vagy elz\u00e1r\u00f3d\u00e1s, amely befoly\u00e1solhatja a henger mozg\u00e1s\u00e1t, \u00e9s jav\u00edtsa ki a probl\u00e9m\u00e1t.<\/li>\n<li>T\u00falzott zaj: Ellen\u0151rizze a laza csatlakoz\u00e1sokat, elkopott alkatr\u00e9szeket vagy el\u00e9gtelen ken\u00e9st, \u00e9s ennek megfelel\u0151en kezelje a probl\u00e9m\u00e1t.<\/li>\n<li>Gyenge teljes\u00edtm\u00e9ny: Gy\u0151z\u0151dj\u00f6n meg arr\u00f3l, hogy a karhenger megfelel\u0151 m\u00e9ret\u0171 \u00e9s a k\u00edv\u00e1nt alkalmaz\u00e1shoz igaz\u00edtott. Ellen\u0151rizze, hogy nincsenek-e olyan korl\u00e1toz\u00e1sok vagy akad\u00e1lyok, amelyek befoly\u00e1solhatj\u00e1k a teljes\u00edtm\u00e9ny\u00e9t.<\/li>\n<\/ul>\n<p>A konkr\u00e9t hibaelh\u00e1r\u00edt\u00e1ssal \u00e9s probl\u00e9mamegold\u00e1ssal kapcsolatban tekintse meg a gy\u00e1rt\u00f3 \u00fatmutat\u00f3j\u00e1t, vagy forduljon szakk\u00e9pzett szakemberhez.<\/p>\n<p><img decoding=\"async\" src=\"https:\/\/www.hydraulic-cylinders.net\/wp-content\/uploads\/2025\/01\/songte-chushion-collar.webp\" alt=\"Chushion gall\u00e9r k\u00e9p\"><\/p>\n<h2>C\u00e9g\u00fcnkr\u0151l<\/h2>\n<p>Professzion\u00e1lis hidraulikus hengergy\u00e1rt\u00f3k\u00e9nt sz\u00e9les term\u00e9kv\u00e1laszt\u00e9kot k\u00edn\u00e1lunk. A hidraulikus hengerek egyik vezet\u0151 gy\u00e1rt\u00f3j\u00e1v\u00e1 \u00e9s nagykereskedelmi forgalmaz\u00f3j\u00e1v\u00e1 v\u00e1ltunk mind a hazai, mind a nemzetk\u00f6zi piacokon. A kiv\u00e1l\u00f3s\u00e1g ir\u00e1nti elk\u00f6telezetts\u00e9g\u00fcnkkel folyamatosan fejlesztj\u00fck technol\u00f3giai k\u00e9pess\u00e9geinket \u00e9s termel\u00e9si hat\u00e9konys\u00e1gunkat kifinomult gy\u00e1rt\u00f3l\u00e9tes\u00edtm\u00e9nyeink \u00e9s iparos\u00edtott termel\u00e9sir\u00e1ny\u00edt\u00e1si strat\u00e9gi\u00e1ink r\u00e9v\u00e9n. Cs\u00facskateg\u00f3ri\u00e1s digit\u00e1lis gy\u00e1rt\u00f3berendez\u00e9sek \u00e9s professzion\u00e1lis tesztel\u0151rendszerek bevezet\u00e9s\u00e9vel optimaliz\u00e1ljuk gy\u00e1rt\u00e1si platformunkat, finom\u00edtjuk min\u0151s\u00e9gellen\u0151rz\u00e9si folyamatainkat, \u00e9s er\u0151s innov\u00e1ci\u00f3s k\u00e9pess\u00e9gekkel rendelkez\u00fcnk. C\u00e9lunk, hogy a hat\u00e9konys\u00e1g, a pontoss\u00e1g \u00e9s a magas min\u0151s\u00e9g elvei alapj\u00e1n kiel\u00e9g\u00edts\u00fck az \u00fcgyfelek v\u00e1ltozatos ig\u00e9nyeit.<\/p>\n<p><img decoding=\"async\" src=\"https:\/\/www.hydraulic-cylinders.net\/wp-content\/uploads\/2025\/01\/songte-company-4.webp\" alt=\"C\u00e9ges im\u00e1zs\"><br \/>\n<img decoding=\"async\" src=\"https:\/\/www.hydraulic-cylinders.net\/wp-content\/uploads\/2025\/01\/songte-company-3.webp\" alt=\"C\u00e9ges im\u00e1zs\"><\/p>\n<p>Szerz\u0151: lyl<\/p>\n<p><\/body><br \/>\n<\/html><\/p>","protected":false},"excerpt":{"rendered":"<p>Arm Cylinder For Hyundai Large Excavator R300LC-5 Arm Cylinder For Hyundai Large Excavator R300LC-5 Introduction The Arm Cylinder for Hyundai Large Excavator R300LC-5 is a specially designed hydraulic cylinder that provides linear motion and power to the arm of various machinery, such as excavators, cranes, and mechanical arms. The arm cylinder plays a crucial role [&hellip;]<\/p>","protected":false},"featured_media":14783,"comment_status":"open","ping_status":"closed","template":"","meta":{"_et_pb_use_builder":"","_et_pb_old_content":"","_et_gb_content_width":""},"product_brand":[],"product_cat":[1497],"product_tag":[1498,1496],"class_list":{"0":"post-16256","1":"product","2":"type-product","3":"status-publish","4":"has-post-thumbnail","6":"product_cat-arm-cylinders","7":"product_tag-arm-cylinders","8":"product_tag-hydraulic-cylinders","10":"first","11":"instock","12":"shipping-taxable","13":"product-type-simple"},"amp_enabled":true,"_links":{"self":[{"href":"https:\/\/www.hydraulic-cylinders.net\/hu\/wp-json\/wp\/v2\/product\/16256","targetHints":{"allow":["GET"]}}],"collection":[{"href":"https:\/\/www.hydraulic-cylinders.net\/hu\/wp-json\/wp\/v2\/product"}],"about":[{"href":"https:\/\/www.hydraulic-cylinders.net\/hu\/wp-json\/wp\/v2\/types\/product"}],"replies":[{"embeddable":true,"href":"https:\/\/www.hydraulic-cylinders.net\/hu\/wp-json\/wp\/v2\/comments?post=16256"}],"wp:featuredmedia":[{"embeddable":true,"href":"https:\/\/www.hydraulic-cylinders.net\/hu\/wp-json\/wp\/v2\/media\/14783"}],"wp:attachment":[{"href":"https:\/\/www.hydraulic-cylinders.net\/hu\/wp-json\/wp\/v2\/media?parent=16256"}],"wp:term":[{"taxonomy":"product_brand","embeddable":true,"href":"https:\/\/www.hydraulic-cylinders.net\/hu\/wp-json\/wp\/v2\/product_brand?post=16256"},{"taxonomy":"product_cat","embeddable":true,"href":"https:\/\/www.hydraulic-cylinders.net\/hu\/wp-json\/wp\/v2\/product_cat?post=16256"},{"taxonomy":"product_tag","embeddable":true,"href":"https:\/\/www.hydraulic-cylinders.net\/hu\/wp-json\/wp\/v2\/product_tag?post=16256"}],"curies":[{"name":"munkaf\u00fczet","href":"https:\/\/api.w.org\/{rel}","templated":true}]}}