{"id":16262,"date":"2025-01-20T09:00:34","date_gmt":"2025-01-20T09:00:34","guid":{"rendered":"https:\/\/www.hydraulic-cylinders.net\/product\/arm-cylinderfor-hyundai-wheel-excavator-r160w-5\/"},"modified":"2025-01-20T09:00:36","modified_gmt":"2025-01-20T09:00:36","slug":"arm-cylinderfor-hyundai-wheel-excavator-r160w-5","status":"publish","type":"product","link":"https:\/\/www.hydraulic-cylinders.net\/hu\/termek\/arm-cylinderfor-hyundai-wheel-excavator-r160w-5\/","title":{"rendered":"Karhenger Hyundai R160W-5 kerekes kotr\u00f3g\u00e9phez"},"content":{"rendered":"<h2>Bevezet\u00e9s<\/h2>\n<h3>Karhenger Hyundai R160W-5 kerekes kotr\u00f3g\u00e9phez<\/h3>\n<p>A karhenger egy speci\u00e1lisan tervezett hidraulikus henger, amelyet els\u0151sorban k\u00fcl\u00f6nf\u00e9le g\u00e9pek, p\u00e9ld\u00e1ul kotr\u00f3g\u00e9pek, daruk \u00e9s mechanikus karok karjainak line\u00e1ris mozg\u00e1s\u00e1nak \u00e9s erej\u00e9nek biztos\u00edt\u00e1s\u00e1ra haszn\u00e1lnak. A karhenger kulcsszerepet j\u00e1tszik a hidraulikus rendszerben az\u00e1ltal, hogy lehet\u0151v\u00e9 teszi a tov\u00e1bbi szersz\u00e1mok vagy tartoz\u00e9kok hat\u00e9kony mozg\u00e1s\u00e1t \u00e9s vez\u00e9rl\u00e9s\u00e9t. Ezek a hengerek nemcsak sima mozg\u00e1st biztos\u00edtanak, hanem nagy terhel\u00e9seket is elviselnek, biztos\u00edtva a g\u00e9p hat\u00e9kony m\u0171k\u00f6d\u00e9s\u00e9t \u00e9s megb\u00edzhat\u00f3s\u00e1g\u00e1t k\u00fcl\u00f6nb\u00f6z\u0151 munkak\u00f6r\u00fclm\u00e9nyek k\u00f6z\u00f6tt.<\/p>\n<p><img decoding=\"async\" src=\"https:\/\/www.hydraulic-cylinders.net\/wp-content\/uploads\/2025\/01\/songte-company-2.webp\" alt=\"Karhenger k\u00e9pe\"><\/p>\n<h2>Jellemz\u0151k<\/h2>\n<ol>\n<li><strong>Nagy hat\u00e9konys\u00e1g\u00fa \u00e1tvitel:<\/strong> A karhengerek er\u0151teljes line\u00e1ris mozg\u00e1st \u00e9s er\u0151t biztos\u00edtanak, biztos\u00edtva a mechanikus kar nagy hat\u00e9konys\u00e1g\u00fa teljes\u00edtm\u00e9ny\u00e9t k\u00fcl\u00f6nf\u00e9le m\u0171veletek sor\u00e1n.<\/li>\n<li><strong>Prec\u00edzi\u00f3s vez\u00e9rl\u00e9s:<\/strong> A hidraulikus rendszeren kereszt\u00fcl a karhengerek prec\u00edz mozg\u00e1svez\u00e9rl\u00e9st \u00e9rhetnek el, \u00edgy a tov\u00e1bbi eszk\u00f6z\u00f6k m\u0171k\u00f6dtet\u00e9se rugalmasabb \u00e9s pontosabb.<\/li>\n<li><strong>Er\u0151s tart\u00f3ss\u00e1g:<\/strong> A karhengerek \u00e1ltal\u00e1ban nagy szil\u00e1rds\u00e1g\u00fa anyagokb\u00f3l k\u00e9sz\u00fclnek, j\u00f3 kop\u00e1s- \u00e9s korr\u00f3zi\u00f3\u00e1ll\u00f3s\u00e1ggal rendelkeznek, \u00edgy alkalmasak hossz\u00fa t\u00e1v\u00fa haszn\u00e1latra zord k\u00f6rnyezetben.<\/li>\n<li><strong>T\u00f6bbfunkci\u00f3s alkalmazkod\u00f3k\u00e9pess\u00e9g:<\/strong> Ezek a munkahengerek sz\u00e9les k\u00f6rben alkalmazhat\u00f3k k\u00fcl\u00f6nf\u00e9le g\u00e9pekben, p\u00e9ld\u00e1ul kotr\u00f3g\u00e9pekben, darukban \u00e9s mechanikus karokban, alkalmazkodva a k\u00fcl\u00f6nb\u00f6z\u0151 munkak\u00f6vetelm\u00e9nyekhez.<\/li>\n<li><strong>K\u00f6nny\u0171 karbantart\u00e1s:<\/strong> A tervez\u00e9s sor\u00e1n figyelembe vett\u00e9k a karbantart\u00e1s \u00e9s a csere egyszer\u0171s\u00e9g\u00e9t, \u00edgy a rendszeres ellen\u0151rz\u00e9sek \u00e9s karbantart\u00e1s k\u00e9nyelmesebb\u00e9 v\u00e1lik, \u00e9s cs\u00f6kken a berendez\u00e9sek \u00e1ll\u00e1sideje.<\/li>\n<\/ol>\n<p>Term\u00e9k\u00fcnk t\u00f6k\u00e9letesen helyettes\u00edtheti ezeket a hidraulikus hengereket. L\u00e1sd a k\u00f6vetkez\u0151 k\u00e9pet:<\/p>\n<p><img decoding=\"async\" src=\"https:\/\/www.hydraulic-cylinders.net\/wp-content\/uploads\/2025\/01\/songte-oil-pipes-and-spare-parts.webp\" alt=\"Hidraulikus hengerek k\u00e9pe\"><\/p>\n<h2>Alkalmaz\u00e1sok<\/h2>\n<p>A karhengereket sz\u00e1mos ipar\u00e1gban haszn\u00e1lj\u00e1k, p\u00e9ld\u00e1ul:<\/p>\n<ol>\n<li><strong>\u00c9p\u00edt\u0151m\u00e9rn\u00f6ki:<\/strong> Kotr\u00f3g\u00e9pekben \u00e9s darukban a karhengereket a v\u00f6dr\u00f6k vagy g\u00e9mek mozg\u00e1s\u00e1nak vez\u00e9rl\u00e9s\u00e9re haszn\u00e1lj\u00e1k f\u00f6ldmozgat\u00e1shoz, anyagmozgat\u00e1shoz \u00e9s szerkezeti telep\u00edt\u00e9shez.<\/li>\n<li><strong>Gy\u00e1rt\u00e1s:<\/strong> Az automatiz\u00e1lt gy\u00e1rt\u00f3sorokon a karhengereket a mechanikus karok mozg\u00e1s\u00e1nak vez\u00e9rl\u00e9s\u00e9re haszn\u00e1lj\u00e1k az \u00f6sszeszerel\u00e9shez, hegeszt\u00e9shez \u00e9s anyagmozgat\u00e1shoz, jav\u00edtva a termel\u00e9si hat\u00e9konys\u00e1got \u00e9s a pontoss\u00e1got.<\/li>\n<li><strong>Mez\u0151gazdas\u00e1gi g\u00e9pek:<\/strong> A mez\u0151gazdas\u00e1gi g\u00e9pekben, p\u00e9ld\u00e1ul a betakar\u00edt\u00f3g\u00e9pekben \u00e9s a vet\u0151g\u00e9pekben, a karhengerek szab\u00e1lyozz\u00e1k a m\u0171k\u00f6dtet\u0151 karok mozg\u00e1s\u00e1t olyan feladatok elv\u00e9gz\u00e9s\u00e9hez, mint a vet\u00e9s, a m\u0171tr\u00e1gy\u00e1z\u00e1s \u00e9s a betakar\u00edt\u00e1s.<\/li>\n<li><strong>B\u00e1ny\u00e1szati:<\/strong> A b\u00e1ny\u00e1szati \u200b\u200bberendez\u00e9sekben a karhengereket az \u00e9rcb\u00e1ny\u00e1szati \u200b\u200b\u00e9s -kezel\u00e9si berendez\u00e9sek karmozg\u00e1s\u00e1nak vez\u00e9rl\u00e9s\u00e9re haszn\u00e1lj\u00e1k.<\/li>\n<li><strong>Logisztika \u00e9s sz\u00e1ll\u00edt\u00e1s:<\/strong> A targonc\u00e1kban \u00e9s anyagmozgat\u00f3 robotokban a karhengereket a rakom\u00e1ny emel\u00e9s\u00e9nek \u00e9s mozgat\u00e1s\u00e1nak vez\u00e9rl\u00e9s\u00e9re haszn\u00e1lj\u00e1k, megval\u00f3s\u00edtva az anyagmozgat\u00e1st \u00e9s a rakod\u00e1st.<\/li>\n<\/ol>\n<h2>Tervez\u00e9si szempontok \u00e9s kiv\u00e1laszt\u00e1si krit\u00e9riumok<\/h2>\n<p>A karhengereket olyan kulcsfontoss\u00e1g\u00fa t\u00e9nyez\u0151k figyelembev\u00e9tel\u00e9vel tervezik, mint:<\/p>\n<ol>\n<li><strong>Teherb\u00edr\u00e1s:<\/strong> A karhengereknek elegend\u0151 teherb\u00edr\u00e1ssal kell rendelkezni\u00fck ahhoz, hogy ellen\u00e1lljanak a nagy terhel\u00e9seknek \u00e9s biztos\u00edts\u00e1k hat\u00e9kony m\u0171k\u00f6d\u00e9s\u00fcket.<\/li>\n<li><strong>T\u00f6m\u00edt\u00e9s:<\/strong> K\u00fcl\u00f6nb\u00f6z\u0151 t\u00f6m\u00edt\u0151elemeket, p\u00e9ld\u00e1ul dugatty\u00fat\u00f6m\u00edt\u00e9seket \u00e9s r\u00fadt\u00f6m\u00edt\u00e9seket haszn\u00e1lnak, \u00e9s a t\u00f6m\u00edt\u0151anyagokat, p\u00e9ld\u00e1ul a poliuret\u00e1nt \u00e9s a nitrilgumit a tart\u00f3ss\u00e1g biztos\u00edt\u00e1sa \u00e9rdek\u00e9ben v\u00e1lasztj\u00e1k ki.<\/li>\n<li><strong>Tart\u00f3ss\u00e1g:<\/strong> A karhengerek nagy szil\u00e1rds\u00e1g\u00fa anyagokb\u00f3l k\u00e9sz\u00fclnek, \u00e9s prec\u00edzi\u00f3s megmunk\u00e1l\u00e1ssal k\u00e9sz\u00fclnek, hogy jav\u00edts\u00e1k kop\u00e1s\u00e1ll\u00f3s\u00e1gukat \u00e9s korr\u00f3zi\u00f3\u00e1ll\u00f3s\u00e1gukat.<\/li>\n<li><strong>Biztons\u00e1g:<\/strong> A biztons\u00e1gi szempontok magukban foglalj\u00e1k a biztons\u00e1gi szelepek \u00e9s egy\u00e9b biztons\u00e1gi berendez\u00e9sek tervez\u00e9s\u00e9t \u00e9s telep\u00edt\u00e9s\u00e9t a balesetek megel\u0151z\u00e9se \u00e9rdek\u00e9ben.<\/li>\n<li><strong>Karbantarthat\u00f3s\u00e1g:<\/strong> A tervez\u00e9s sor\u00e1n figyelembe vett\u00e9k az egyszer\u0171 karbantart\u00e1st \u00e9s cser\u00e9t a rendszeres ellen\u0151rz\u00e9sek \u00e9s karbantart\u00e1s \u00e9rdek\u00e9ben, cs\u00f6kkentve a berendez\u00e9sek \u00e1ll\u00e1sidej\u00e9t.<\/li>\n<\/ol>\n<p>L\u00e1sd a k\u00f6vetkez\u0151 k\u00e9pet:<\/p>\n<p><img decoding=\"async\" src=\"https:\/\/www.hydraulic-cylinders.net\/wp-content\/uploads\/2025\/01\/songte-cylinder-head-with-all-kinds-excavator-models.webp\" alt=\"Hengerfej k\u00e9pe\"><\/p>\n<h2>T\u00f6m\u00edt\u00e9s \u00e9s ken\u00e9s<\/h2>\n<p>A karos munkahengerek k\u00fcl\u00f6nf\u00e9le t\u00f6m\u00edt\u0151elemeket, p\u00e9ld\u00e1ul dugatty\u00fat\u00f6m\u00edt\u00e9seket \u00e9s r\u00fadt\u00f6m\u00edt\u00e9seket, valamint poliuret\u00e1n \u00e9s nitrilkaucsuk t\u00f6m\u00edt\u0151anyagokat haszn\u00e1lnak a tart\u00f3ss\u00e1g biztos\u00edt\u00e1sa \u00e9rdek\u00e9ben. A hengertest \u00e9s a menetes v\u00e9gek finom megmunk\u00e1l\u00e1s\u00faak a kop\u00e1s\u00e1ll\u00f3s\u00e1g jav\u00edt\u00e1sa \u00e9rdek\u00e9ben. A ken\u00e9shez rendszeres ut\u00e1nt\u00f6lt\u00e9s sz\u00fcks\u00e9ges megfelel\u0151 hidraulikaolajjal.<\/p>\n<h2>Megel\u0151z\u0151 karbantart\u00e1s \u00e9s hibaelh\u00e1r\u00edt\u00e1s<\/h2>\n<p>A lehets\u00e9ges probl\u00e9m\u00e1k megel\u0151z\u00e9se \u00e9rdek\u00e9ben rendszeres ellen\u0151rz\u00e9sekre \u00e9s megel\u0151z\u0151 karbantart\u00e1sra van sz\u00fcks\u00e9g. A k\u00f6vetkez\u0151 tippek seg\u00edthetnek a probl\u00e9m\u00e1k diagnosztiz\u00e1l\u00e1s\u00e1ban \u00e9s megold\u00e1s\u00e1ban:<\/p>\n<h3>Gyakori probl\u00e9m\u00e1k<\/h3>\n<ol>\n<li>Alacsony hengerm\u0171k\u00f6d\u00e9si hat\u00e1sfok<\/li>\n<li>Sziv\u00e1rg\u00f3 olaj a hengerb\u0151l<\/li>\n<li>T\u00falzott hengerzaj vagy rezg\u00e9s<\/li>\n<li>Henger eltol\u00f3d\u00e1sa<\/li>\n<li>Henger deform\u00e1ci\u00f3ja vagy s\u00e9r\u00fcl\u00e9se<\/li>\n<\/ol>\n<h3>Hibaelh\u00e1r\u00edt\u00e1si m\u00f3dszerek<\/h3>\n<ol>\n<li>Ellen\u0151rizze az olaj \u00fatj\u00e1t \u00e9s a szab\u00e1lyoz\u00f3szelepet, hogy biztos\u00edtsa az olaj\u00e1raml\u00e1s zavartalans\u00e1g\u00e1t \u00e9s a megfelel\u0151 szab\u00e1lyoz\u00e1st.<\/li>\n<li>Ellen\u0151rizze a t\u00f6m\u00edt\u0151 alkatr\u00e9szeket, \u00e9s sz\u00fcks\u00e9g eset\u00e9n cser\u00e9lje ki azokat.<\/li>\n<li>Ellen\u0151rizze a henger beszerel\u00e9si pontoss\u00e1g\u00e1t, \u00e9s \u00e1ll\u00edtsa be.<\/li>\n<li>Ellen\u0151rizze a hidraulikus rendszer nyom\u00e1s\u00e1t, \u00e9s \u00e1ll\u00edtsa be a megfelel\u0151 szintre.<\/li>\n<li>Ellen\u0151rizze a hengerfejet, \u00e9s sz\u00fcks\u00e9g eset\u00e9n jav\u00edtsa meg vagy cser\u00e9lje ki.<\/li>\n<\/ol>\n<p>A megel\u0151z\u0151 int\u00e9zked\u00e9sek k\u00f6z\u00e9 tartozik a kopott alkatr\u00e9szek rendszeres karbantart\u00e1sa \u00e9s cser\u00e9je, a hidraulikus rendszer megfelel\u0151 haszn\u00e1lata \u00e9s karbantart\u00e1sa, valamint a t\u00falterhel\u00e9s vagy t\u00falnyom\u00e1sos m\u0171k\u00f6d\u00e9s elker\u00fcl\u00e9se.<\/p>\n<p>L\u00e1sd a k\u00f6vetkez\u0151 k\u00e9pet:<\/p>\n<p><img decoding=\"async\" src=\"https:\/\/www.hydraulic-cylinders.net\/wp-content\/uploads\/2025\/01\/songte-chushion-collar.webp\" alt=\"Chushion gall\u00e9r k\u00e9p\"><\/p>\n<h2>Telep\u00edt\u00e9si \u00fatmutat\u00f3<\/h2>\n<p>A megfelel\u0151 telep\u00edt\u00e9s elengedhetetlen a karhengerek m\u0171k\u00f6d\u00e9s\u00e9hez. A k\u00f6vetkez\u0151 l\u00e9p\u00e9seket kell tenni:<\/p>\n<ol>\n<li>Gy\u0151z\u0151dj\u00f6n meg arr\u00f3l, hogy a henger \u00e9s a mechanikus kar egy vonalban van.<\/li>\n<li>Gy\u0151z\u0151dj\u00f6n meg arr\u00f3l, hogy a dugatty\u00far\u00fad megfelel\u0151en van felszerelve.<\/li>\n<li>Gy\u0151z\u0151dj\u00f6n meg arr\u00f3l, hogy a hidraulikus csatlakoz\u00f3 megfelel\u0151en van felszerelve \u00e9s megh\u00fazva.<\/li>\n<li>V\u00e9gezzen el egy funkcion\u00e1lis tesztet a megfelel\u0151 m\u0171k\u00f6d\u00e9s biztos\u00edt\u00e1sa \u00e9rdek\u00e9ben.<\/li>\n<\/ol>\n<p>L\u00e1sd a k\u00f6vetkez\u0151 k\u00e9pet:<\/p>\n<p><img decoding=\"async\" src=\"https:\/\/www.hydraulic-cylinders.net\/wp-content\/uploads\/2025\/01\/songte-bushings-with-all-kinds-of-excavator-models.webp\" alt=\"Perselyek k\u00e9pe\"><\/p>\n<h2>R\u00f3lunk<\/h2>\n<p>Sz\u00e9les term\u00e9kv\u00e1laszt\u00e9kkal rendelkez\u0151 p\u00f3talkatr\u00e9sz-hidraulikus hengerek professzion\u00e1lis gy\u00e1rt\u00f3ja vagyunk, \u00e9s m\u00e1ra a hazai \u00e9s nemzetk\u00f6zi piacok egyik vezet\u0151 hidraulikus hengergy\u00e1rt\u00f3j\u00e1v\u00e1 \u00e9s nagykereskedelmi forgalmaz\u00f3j\u00e1v\u00e1 v\u00e1ltunk. Mindig a kiv\u00e1l\u00f3 min\u0151s\u00e9g elv\u00e9t k\u00f6vetj\u00fck, \u00e9s a finomgy\u00e1rt\u00f3 m\u0171helyek termel\u00e9sir\u00e1ny\u00edt\u00e1si strat\u00e9gi\u00e1ira t\u00e1maszkodunk technol\u00f3gi\u00e1nk \u00e9s termel\u00e9si hat\u00e9konys\u00e1gunk folyamatos fejleszt\u00e9se \u00e9rdek\u00e9ben. Fejlett digit\u00e1lis gy\u00e1rt\u00f3berendez\u00e9sek \u00e9s professzion\u00e1lis tesztel\u0151rendszerek bevezet\u00e9s\u00e9vel folyamatosan optimaliz\u00e1ljuk gy\u00e1rt\u00e1si platformunkat \u00e9s fejlesztj\u00fck term\u00e9kmin\u0151s\u00e9g-ellen\u0151rz\u00e9si folyamatainkat. C\u00e9lunk, hogy a hat\u00e9konys\u00e1g, a pontoss\u00e1g \u00e9s a magas min\u0151s\u00e9g elveivel el\u00e9g\u00edts\u00fck ki \u00fcgyfeleink sokr\u00e9t\u0171 ig\u00e9nyeit.<\/p>\n<p>C\u00e9g\u00fcnk a k\u00f6vetkez\u0151 el\u0151ny\u00f6kkel rendelkezik:<\/p>\n<ul>\n<li><strong>Szakmaiass\u00e1g:<\/strong> Tapasztalt szakemberekb\u0151l \u00e1ll\u00f3 csapatunk \u00e9s korszer\u0171 gy\u00e1rt\u00f3berendez\u00e9seink biztos\u00edtj\u00e1k a term\u00e9kmin\u0151s\u00e9get \u00e9s a pontoss\u00e1got.<\/li>\n<li><strong>Nemzetk\u00f6zi min\u0151s\u00edt\u00e9s:<\/strong> Term\u00e9keink megfeleltek az ISO9001, CE \u00e9s egy\u00e9b nemzetk\u00f6zi tan\u00fas\u00edtv\u00e1nyoknak, biztos\u00edtva min\u0151s\u00e9g\u00fcket \u00e9s megb\u00edzhat\u00f3s\u00e1gukat.<\/li>\n<li><strong>Testreszabott szolg\u00e1ltat\u00e1sok:<\/strong> Testreszabott szolg\u00e1ltat\u00e1sokat k\u00edn\u00e1lunk, hogy megfelelj\u00fcnk \u00fcgyfeleink speci\u00e1lis ig\u00e9nyeinek \u00e9s k\u00f6vetelm\u00e9nyeinek.<\/li>\n<li><strong>Gy\u00e1rt\u00f3berendez\u00e9sek:<\/strong> Korszer\u0171 digit\u00e1lis gy\u00e1rt\u00f3berendez\u00e9sekkel, p\u00e9ld\u00e1ul CNC g\u00e9pekkel \u00e9s tesztrendszerekkel rendelkez\u00fcnk a kiv\u00e1l\u00f3 min\u0151s\u00e9g\u0171 term\u00e9kek biztos\u00edt\u00e1sa \u00e9rdek\u00e9ben.<\/li>\n<li><strong>\u00c9rt\u00e9kes\u00edt\u00e9s ut\u00e1ni szolg\u00e1ltat\u00e1s:<\/strong> \u00c1tfog\u00f3 \u00e9rt\u00e9kes\u00edt\u00e9s ut\u00e1ni szolg\u00e1ltat\u00e1st \u00e9s t\u00e1mogat\u00e1st ny\u00fajtunk az \u00fcgyfelek el\u00e9gedetts\u00e9g\u00e9nek \u00e9s lojalit\u00e1s\u00e1nak biztos\u00edt\u00e1sa \u00e9rdek\u00e9ben.<\/li>\n<\/ul>\n<p>L\u00e1sd a k\u00f6vetkez\u0151 k\u00e9peket:<\/p>\n<p><img decoding=\"async\" src=\"https:\/\/www.hydraulic-cylinders.net\/wp-content\/uploads\/2025\/01\/songte-company-4.webp\" alt=\"C\u00e9gk\u00e9p 1\"><br \/>\n<img decoding=\"async\" src=\"https:\/\/www.hydraulic-cylinders.net\/wp-content\/uploads\/2025\/01\/songte-company-3.webp\" alt=\"C\u00e9gk\u00e9p 2\"><\/p>\n<p>Lyl \u00edrta.<\/p>","protected":false},"excerpt":{"rendered":"<p>Introduction Arm Cylinder for Hyundai Wheel Excavator R160W-5 An arm cylinder is a specially designed hydraulic cylinder that is primarily used to provide linear motion and power for the arms of various types of machinery such as excavators, cranes, and mechanical arms. The arm cylinder plays a key role in the hydraulic system by enabling [&hellip;]<\/p>","protected":false},"featured_media":14766,"comment_status":"open","ping_status":"closed","template":"","meta":{"_et_pb_use_builder":"","_et_pb_old_content":"","_et_gb_content_width":""},"product_brand":[],"product_cat":[1497],"product_tag":[1498,1496],"class_list":{"0":"post-16262","1":"product","2":"type-product","3":"status-publish","4":"has-post-thumbnail","6":"product_cat-arm-cylinders","7":"product_tag-arm-cylinders","8":"product_tag-hydraulic-cylinders","10":"first","11":"instock","12":"shipping-taxable","13":"product-type-simple"},"amp_enabled":true,"_links":{"self":[{"href":"https:\/\/www.hydraulic-cylinders.net\/hu\/wp-json\/wp\/v2\/product\/16262","targetHints":{"allow":["GET"]}}],"collection":[{"href":"https:\/\/www.hydraulic-cylinders.net\/hu\/wp-json\/wp\/v2\/product"}],"about":[{"href":"https:\/\/www.hydraulic-cylinders.net\/hu\/wp-json\/wp\/v2\/types\/product"}],"replies":[{"embeddable":true,"href":"https:\/\/www.hydraulic-cylinders.net\/hu\/wp-json\/wp\/v2\/comments?post=16262"}],"wp:featuredmedia":[{"embeddable":true,"href":"https:\/\/www.hydraulic-cylinders.net\/hu\/wp-json\/wp\/v2\/media\/14766"}],"wp:attachment":[{"href":"https:\/\/www.hydraulic-cylinders.net\/hu\/wp-json\/wp\/v2\/media?parent=16262"}],"wp:term":[{"taxonomy":"product_brand","embeddable":true,"href":"https:\/\/www.hydraulic-cylinders.net\/hu\/wp-json\/wp\/v2\/product_brand?post=16262"},{"taxonomy":"product_cat","embeddable":true,"href":"https:\/\/www.hydraulic-cylinders.net\/hu\/wp-json\/wp\/v2\/product_cat?post=16262"},{"taxonomy":"product_tag","embeddable":true,"href":"https:\/\/www.hydraulic-cylinders.net\/hu\/wp-json\/wp\/v2\/product_tag?post=16262"}],"curies":[{"name":"munkaf\u00fczet","href":"https:\/\/api.w.org\/{rel}","templated":true}]}}