{"id":16277,"date":"2025-01-20T09:01:47","date_gmt":"2025-01-20T09:01:47","guid":{"rendered":"https:\/\/www.hydraulic-cylinders.net\/product\/arm-cylinderfor-kobelco-small-excavator-sk60-3-8\/"},"modified":"2025-01-20T09:01:49","modified_gmt":"2025-01-20T09:01:49","slug":"arm-cylinderfor-kobelco-small-excavator-sk60-3-8","status":"publish","type":"product","link":"https:\/\/www.hydraulic-cylinders.net\/hu\/termek\/arm-cylinderfor-kobelco-small-excavator-sk60-3-8\/","title":{"rendered":"Karhenger Kobelco kis kotr\u00f3g\u00e9phez SK60-3-8"},"content":{"rendered":"<h1>Karhenger Kobelco kis kotr\u00f3g\u00e9phez SK60-3-8<\/h1>\n<h2>Bevezet\u00e9s<\/h2>\n<p>A karhenger egy speci\u00e1lisan tervezett hidraulikus henger, amely line\u00e1ris mozg\u00e1st \u00e9s er\u0151t biztos\u00edt k\u00fcl\u00f6nf\u00e9le g\u00e9pek, p\u00e9ld\u00e1ul kotr\u00f3g\u00e9pek, daruk \u00e9s robotkarok karj\u00e1nak. Kulcsfontoss\u00e1g\u00fa szerepet j\u00e1tszik a hidraulikus rendszerekben, lehet\u0151v\u00e9 t\u00e9ve a tartoz\u00e9kok \u00e9s tartoz\u00e9kok hat\u00e9kony mozg\u00e1s\u00e1t \u00e9s vez\u00e9rl\u00e9s\u00e9t. Ezek a hengerek nemcsak a sima m\u0171k\u00f6d\u00e9st biztos\u00edtj\u00e1k, hanem a nagy terhel\u00e9seket is elviselik, biztos\u00edtva a g\u00e9pek magas hat\u00e9konys\u00e1g\u00e1t \u00e9s megb\u00edzhat\u00f3s\u00e1g\u00e1t k\u00fcl\u00f6nb\u00f6z\u0151 munkak\u00f6r\u00fclm\u00e9nyek k\u00f6z\u00f6tt.<\/p>\n<p><img decoding=\"async\" src=\"https:\/\/www.hydraulic-cylinders.net\/wp-content\/uploads\/2025\/01\/songte-company-2.webp\"><\/p>\n<h2>Jellemz\u0151k<\/h2>\n<ul>\n<li>Hat\u00e9kony er\u0151\u00e1tvitel: A karhenger er\u0151teljes line\u00e1ris mozg\u00e1st \u00e9s er\u0151t biztos\u00edt, biztos\u00edtva a g\u00e9pkar nagy teljes\u00edtm\u00e9ny\u00e9t.<\/li>\n<li>Prec\u00edz vez\u00e9rl\u00e9s: A hidraulikus rendszeren kereszt\u00fcl a kar munkahengere prec\u00edz mozg\u00e1svez\u00e9rl\u00e9st tesz lehet\u0151v\u00e9, \u00edgy a tartoz\u00e9kokkal v\u00e9gzett m\u0171veletek rugalmasabbak \u00e9s pontosabbak.<\/li>\n<li>Nagy tart\u00f3ss\u00e1g: A karos munkahengerek jellemz\u0151en nagy szil\u00e1rds\u00e1g\u00fa anyagokb\u00f3l k\u00e9sz\u00fclnek, amelyek kiv\u00e1l\u00f3 kop\u00e1s- \u00e9s korr\u00f3zi\u00f3\u00e1ll\u00f3s\u00e1got biztos\u00edtanak, \u00edgy alkalmasak a hosszan tart\u00f3 haszn\u00e1latra zord k\u00f6rnyezetben.<\/li>\n<li>T\u00f6bbfunkci\u00f3s alkalmazkod\u00f3k\u00e9pess\u00e9g: Ezek a hengerek sz\u00e9les k\u00f6rben alkalmazhat\u00f3k k\u00fcl\u00f6nf\u00e9le g\u00e9pekben, p\u00e9ld\u00e1ul kotr\u00f3g\u00e9pekben, darukban \u00e9s robotkarokban, alkalmazkodva a k\u00fcl\u00f6nb\u00f6z\u0151 munkak\u00f6vetelm\u00e9nyekhez.<\/li>\n<li>K\u00f6nny\u0171 karbantart\u00e1s: A k\u00f6nny\u0171 karbantart\u00e1st \u00e9s cser\u00e9t szem el\u0151tt tart\u00f3 tervez\u00e9si szempontok megk\u00f6nny\u00edtik a rendszeres ellen\u0151rz\u00e9seket \u00e9s karbantart\u00e1st, cs\u00f6kkentve a berendez\u00e9sek \u00e1ll\u00e1sidej\u00e9t.<\/li>\n<\/ul>\n<p><img decoding=\"async\" src=\"https:\/\/www.hydraulic-cylinders.net\/wp-content\/uploads\/2025\/01\/songte-oil-pipes-and-spare-parts.webp\"><\/p>\n<h2>Alkalmaz\u00e1sok<\/h2>\n<p>A karhenger k\u00fcl\u00f6nf\u00e9le ipar\u00e1gakban alkalmazhat\u00f3:<\/p>\n<ul>\n<li>\u00c9p\u00edt\u0151ipar: Kotr\u00f3g\u00e9pekben \u00e9s darukban haszn\u00e1lj\u00e1k, a karhenger a v\u00f6dr\u00f6k vagy g\u00e9mek mozg\u00e1s\u00e1t vez\u00e9rli f\u00f6ldmunk\u00e1kn\u00e1l, anyagmozgat\u00e1sn\u00e1l \u00e9s szerkezeti telep\u00edt\u00e9sekn\u00e9l.<\/li>\n<li>Gy\u00e1rt\u00e1s: Az automatiz\u00e1lt gy\u00e1rt\u00f3sorokon a karhenger megk\u00f6nny\u00edti a robotkarok mozg\u00e1s\u00e1t az \u00f6sszeszerel\u00e9si, hegeszt\u00e9si \u00e9s anyagmozgat\u00e1si folyamatok sor\u00e1n, n\u00f6velve a termel\u00e9si hat\u00e9konys\u00e1got \u00e9s a pontoss\u00e1got.<\/li>\n<li>Mez\u0151gazdas\u00e1gi g\u00e9pek: A betakar\u00edt\u00f3g\u00e9pekhez \u00e9s vet\u0151g\u00e9pekhez hasonl\u00f3 mez\u0151gazdas\u00e1gi berendez\u00e9sekben a karhenger vez\u00e9rli a m\u0171k\u00f6d\u00e9si karok mozg\u00e1s\u00e1t olyan feladatokhoz, mint a vet\u00e9s, a m\u0171tr\u00e1gy\u00e1z\u00e1s \u00e9s a betakar\u00edt\u00e1s.<\/li>\n<li>B\u00e1ny\u00e1szat: A b\u00e1ny\u00e1szati \u200b\u200bberendez\u00e9sekben a karhenger vez\u00e9rli a b\u00e1ny\u00e1szati \u200b\u200bg\u00e9pek karj\u00e1nak mozg\u00e1s\u00e1t az \u00e9rcek kitermel\u00e9se \u00e9s sz\u00e1ll\u00edt\u00e1sa sor\u00e1n.<\/li>\n<li>Logisztika \u00e9s sz\u00e1ll\u00edt\u00e1s: A targonc\u00e1kban \u00e9s anyagmozgat\u00f3 robotokban a karhenger vez\u00e9rli a vill\u00e1k emel\u00e9s\u00e9t \u00e9s mozg\u00e1s\u00e1t, lehet\u0151v\u00e9 t\u00e9ve az anyagmozgat\u00e1st \u00e9s a rakod\u00e1st.<\/li>\n<\/ul>\n<h2>Tervez\u00e9si szempontok \u00e9s kiv\u00e1laszt\u00e1si krit\u00e9riumok<\/h2>\n<p>A hengerek tervez\u00e9sekor sz\u00e1mos kulcsfontoss\u00e1g\u00fa t\u00e9nyez\u0151t vesznek figyelembe:<\/p>\n<ul>\n<li>Teherb\u00edr\u00e1s: A hengereket \u00fagy tervezt\u00e9k, hogy ellen\u00e1lljanak bizonyos terhel\u00e9seknek \u00e9s er\u0151knek, biztos\u00edtva a biztons\u00e1gos \u00e9s hat\u00e9kony m\u0171k\u00f6d\u00e9st.<\/li>\n<li>T\u00f6m\u00edt\u0151k\u00e9pess\u00e9g: K\u00fcl\u00f6nb\u00f6z\u0151 t\u00f6m\u00edt\u0151elemeket, p\u00e9ld\u00e1ul dugatty\u00fat\u00f6m\u00edt\u00e9seket \u00e9s r\u00fadt\u00f6m\u00edt\u00e9seket haszn\u00e1lnak tart\u00f3s anyagokb\u00f3l, p\u00e9ld\u00e1ul poliuret\u00e1nb\u00f3l \u00e9s nitrilgumib\u00f3l, a sziv\u00e1rg\u00e1s megakad\u00e1lyoz\u00e1sa \u00e9s a hat\u00e9kony t\u00f6m\u00edt\u00e9s biztos\u00edt\u00e1sa \u00e9rdek\u00e9ben.<\/li>\n<li>Tart\u00f3ss\u00e1g: A hengertest \u00e9s a menetes v\u00e9gek apr\u00f3l\u00e9kos megmunk\u00e1l\u00e1son esnek \u00e1t a kop\u00e1s\u00e1ll\u00f3s\u00e1g fokoz\u00e1sa \u00e9s a hossz\u00fa t\u00e1v\u00fa teljes\u00edtm\u00e9ny biztos\u00edt\u00e1sa \u00e9rdek\u00e9ben.<\/li>\n<li>Biztons\u00e1g: A biztons\u00e1gi funkci\u00f3kat be\u00e9p\u00edtett\u00e9k a tervez\u00e9sbe a balesetek megel\u0151z\u00e9se \u00e9s a kezel\u0151k, valamint a g\u00e9pek j\u00f3l\u00e9t\u00e9nek biztos\u00edt\u00e1sa \u00e9rdek\u00e9ben.<\/li>\n<li>Karbantarthat\u00f3s\u00e1g: A tervez\u00e9s sor\u00e1n figyelembe vett\u00e9k az egyszer\u0171 karbantart\u00e1st \u00e9s jav\u00edt\u00e1st, ami megk\u00f6nny\u00edti a rendszeres ellen\u0151rz\u00e9seket \u00e9s minimaliz\u00e1lja az \u00e1ll\u00e1sid\u0151t.<\/li>\n<\/ul>\n<p><img decoding=\"async\" src=\"https:\/\/www.hydraulic-cylinders.net\/wp-content\/uploads\/2025\/01\/songte-cylinder-head-with-all-kinds-excavator-models.webp\"><\/p>\n<h2>T\u00f6m\u00edt\u00e9s \u00e9s ken\u00e9s<\/h2>\n<p>A karhenger k\u00fcl\u00f6nf\u00e9le t\u00f6m\u00edt\u00e9seket haszn\u00e1l, p\u00e9ld\u00e1ul dugatty\u00fat\u00f6m\u00edt\u00e9seket \u00e9s r\u00fadt\u00f6m\u00edt\u00e9seket, amelyek kop\u00e1s\u00e1ll\u00f3 anyagokb\u00f3l, p\u00e9ld\u00e1ul poliuret\u00e1nb\u00f3l \u00e9s nitrilgumib\u00f3l k\u00e9sz\u00fclnek. A hengertest \u00e9s a menetes v\u00e9gek finom megmunk\u00e1l\u00e1son esnek \u00e1t a kop\u00e1s\u00e1ll\u00f3s\u00e1g jav\u00edt\u00e1sa \u00e9rdek\u00e9ben. A henger megfelel\u0151 m\u0171k\u00f6d\u00e9s\u00e9nek \u00e9s hossz\u00fa \u00e9lettartam\u00e1nak biztos\u00edt\u00e1s\u00e1hoz rendszeres ken\u00e9s sz\u00fcks\u00e9ges a megfelel\u0151 mennyis\u00e9g\u0171 hidraulikaolajjal.<\/p>\n<h2>Rendszeres ellen\u0151rz\u00e9s \u00e9s megel\u0151z\u0151 karbantart\u00e1s<\/h2>\n<ul>\n<li>Rendszeresen ellen\u0151rizze a palackot sziv\u00e1rg\u00e1s, s\u00e9r\u00fcl\u00e9s vagy rendellenes kop\u00e1s jelei szempontj\u00e1b\u00f3l.<\/li>\n<li>Az optim\u00e1lis teljes\u00edtm\u00e9ny fenntart\u00e1sa \u00e9rdek\u00e9ben sz\u00fcks\u00e9g szerint ellen\u0151rizze \u00e9s cser\u00e9lje ki a t\u00f6m\u00edt\u00e9seket.<\/li>\n<li>A gy\u00e1rt\u00f3 aj\u00e1nl\u00e1sainak betart\u00e1s\u00e1val biztos\u00edtsa a megfelel\u0151 ken\u00e9st.<\/li>\n<li>Vizsg\u00e1lja meg \u00e9s tiszt\u00edtsa meg a henger k\u00fclsej\u00e9t \u00e9s alkatr\u00e9szeit a t\u00f6rmel\u00e9k felhalmoz\u00f3d\u00e1s\u00e1nak megel\u0151z\u00e9se \u00e9rdek\u00e9ben.<\/li>\n<li>V\u00e9gezzen megel\u0151z\u0151 karbantart\u00e1si feladatokat, p\u00e9ld\u00e1ul csavarok megh\u00faz\u00e1s\u00e1t \u00e9s az illeszt\u00e9s ellen\u0151rz\u00e9s\u00e9t.<\/li>\n<\/ul>\n<h2>Term\u00e9ktelep\u00edt\u00e9si \u00fatmutat\u00f3<\/h2>\n<p>A hengerfej megfelel\u0151 beszerel\u00e9s\u00e9hez k\u00f6vesse az al\u00e1bbi l\u00e9p\u00e9seket:<\/p>\n<ol>\n<li>K\u00e9sz\u00edtse el\u0151 a r\u00f6gz\u00edt\u00e9si ter\u00fcletet, \u00e9s gy\u0151z\u0151dj\u00f6n meg arr\u00f3l, hogy tiszta \u00e9s t\u00f6rmel\u00e9kt\u0151l mentes.<\/li>\n<li>\u00d3vatosan helyezze el a hengert, \u00e9s igaz\u00edtsa a r\u00f6gz\u00edt\u00e9si pontokhoz.<\/li>\n<li>R\u00f6gz\u00edtse biztons\u00e1gosan a hengert megfelel\u0151 csavarokkal, \u00e9s \u00fcgyeljen a megfelel\u0151 nyomat\u00e9kra.<\/li>\n<li>Csatlakoztassa a hidraulikavezet\u00e9keket a hengerhez, \u00fcgyelve a megfelel\u0151 t\u00f6m\u00edt\u00e9sre.<\/li>\n<li>Alaposan ellen\u0151rizze a telep\u00edt\u00e9st, hogy megbizonyosodjon a megfelel\u0151 illeszt\u00e9sr\u0151l \u00e9s a biztons\u00e1gos csatlakoz\u00e1sokr\u00f3l.<\/li>\n<\/ol>\n<p><img decoding=\"async\" src=\"https:\/\/www.hydraulic-cylinders.net\/wp-content\/uploads\/2025\/01\/songte-bushings-with-all-kinds-of-excavator-models.webp\"><\/p>\n<h2>Biztons\u00e1gi szempontok \u00e9s k\u00f6rnyezeti t\u00e9nyez\u0151k<\/h2>\n<p>A karhengerekkel v\u00e9gzett munka sor\u00e1n elengedhetetlen a biztons\u00e1gi int\u00e9zked\u00e9sek betart\u00e1sa a balesetek megel\u0151z\u00e9se \u00e9s a kezel\u0151 j\u00f3l\u00e9t\u00e9nek biztos\u00edt\u00e1sa \u00e9rdek\u00e9ben. A biztons\u00e1gi \u00f3vint\u00e9zked\u00e9sek k\u00f6z\u00e9 tartozik a megfelel\u0151 k\u00e9pz\u00e9s, a szem\u00e9lyi v\u00e9d\u0151felszerel\u00e9sek megfelel\u0151 haszn\u00e1lata \u00e9s a biztons\u00e1gi ir\u00e1nyelvek betart\u00e1sa a teljes \u00fczemeltet\u00e9s sor\u00e1n. Ezenk\u00edv\u00fcl a k\u00f6rnyezeti t\u00e9nyez\u0151k, p\u00e9ld\u00e1ul a folyad\u00e9ksziv\u00e1rg\u00e1sok megel\u0151z\u00e9se \u00e9s a hidraulikus alkatr\u00e9szek megfelel\u0151 \u00e1rtalmatlan\u00edt\u00e1sa figyelembev\u00e9tele seg\u00edt minimaliz\u00e1lni a k\u00f6rnyezetre gyakorolt \u200b\u200bhat\u00e1st.<\/p>\n<h2>Hibaelh\u00e1r\u00edt\u00e1s \u00e9s gyakori probl\u00e9m\u00e1k<\/h2>\n<p>A karhengerrel kapcsolatos b\u00e1rmilyen probl\u00e9ma eset\u00e9n \u00edme n\u00e9h\u00e1ny hibaelh\u00e1r\u00edt\u00e1si tipp \u00e9s gyakori probl\u00e9ma:<\/p>\n<ul>\n<li>Probl\u00e9ma: Sziv\u00e1rg\u00e1s a hengert\u00f6m\u00edt\u00e9sekn\u00e9l.<br \/>Megold\u00e1s: Vizsg\u00e1lja meg \u00e9s cser\u00e9lje ki a s\u00e9r\u00fclt t\u00f6m\u00edt\u00e9seket a sziv\u00e1rg\u00e1s meg\u00e1ll\u00edt\u00e1sa \u00e9rdek\u00e9ben.<\/li>\n<li>Probl\u00e9ma: T\u00falzott zaj m\u0171k\u00f6d\u00e9s k\u00f6zben.<br \/>Megold\u00e1s: Ellen\u0151rizze az alkatr\u00e9szek lazas\u00e1g\u00e1t vagy az illeszt\u00e9si hib\u00e1kat, \u00e9s sz\u00fcks\u00e9g szerint h\u00fazza meg vagy igaz\u00edtsa be \u0151ket.<\/li>\n<li>Probl\u00e9ma: A henger nem h\u00faz\u00f3dik ki vagy be teljesen.<br \/>Megold\u00e1s: Ellen\u0151rizze az esetleges elt\u00f6m\u0151d\u00e9seket vagy s\u00e9r\u00fclt alkatr\u00e9szeket, \u00e9s sz\u00fcks\u00e9g szerint tiszt\u00edtsa meg vagy cser\u00e9lje ki \u0151ket.<\/li>\n<li>Probl\u00e9ma: A henger lass\u00fa vagy szab\u00e1lytalan mozg\u00e1sa.<br \/>Megold\u00e1s: Ellen\u0151rizze a hidraulikafolyad\u00e9k szintj\u00e9t \u00e9s min\u0151s\u00e9g\u00e9t, \u00e9s sz\u00fcks\u00e9g szerint v\u00e9gezzen karbantart\u00e1st vagy cser\u00e9ljen folyad\u00e9kot.<\/li>\n<\/ul>\n<p>A hibaelh\u00e1r\u00edt\u00e1si tippek \u00e9s megel\u0151z\u0151 int\u00e9zked\u00e9sek k\u00f6vet\u00e9s\u00e9vel az olvas\u00f3k hat\u00e9konyan diagnosztiz\u00e1lhatj\u00e1k \u00e9s megoldhatj\u00e1k a probl\u00e9m\u00e1kat, valamint minimaliz\u00e1lhatj\u00e1k a lehets\u00e9ges probl\u00e9m\u00e1kat.<\/p>\n<p><img decoding=\"async\" src=\"https:\/\/www.hydraulic-cylinders.net\/wp-content\/uploads\/2025\/01\/songte-chushion-collar.webp\"><\/p>\n<h2>R\u00f3lunk<\/h2>\n<p>Professzion\u00e1lis gy\u00e1rt\u00f3k\u00e9nt specializ\u00e1l\u00f3dtunk a hidraulikus hengerek cser\u00e9j\u00e9re. Sz\u00e9les term\u00e9kk\u00edn\u00e1latunkkal a hazai \u00e9s nemzetk\u00f6zi piacok egyik vezet\u0151 gy\u00e1rt\u00f3j\u00e1v\u00e1 \u00e9s nagykeresked\u0151j\u00e9v\u00e9 v\u00e1ltunk. A kiv\u00e1l\u00f3s\u00e1g elv\u00e9t valljuk, folyamatosan fejlesztj\u00fck m\u0171szaki k\u00e9pess\u00e9geinket \u00e9s termel\u00e9si hat\u00e9konys\u00e1gunkat kifinomult gy\u00e1rt\u00f3m\u0171helyek \u00e9s ipari ir\u00e1ny\u00edt\u00e1si strat\u00e9gi\u00e1k r\u00e9v\u00e9n. Fejlett digit\u00e1lis gy\u00e1rt\u00f3berendez\u00e9sek \u00e9s professzion\u00e1lis tesztel\u0151rendszerek bevezet\u00e9s\u00e9vel optimaliz\u00e1ljuk gy\u00e1rt\u00e1si platformunkat \u00e9s jav\u00edtjuk term\u00e9kmin\u0151s\u00e9g-ellen\u0151rz\u00e9si folyamatainkat, er\u0151s innov\u00e1ci\u00f3s k\u00e9pess\u00e9geket demonstr\u00e1lva. C\u00e9lunk, hogy hat\u00e9konyan, prec\u00edzen \u00e9s kiv\u00e1l\u00f3 min\u0151s\u00e9g\u0171 term\u00e9kekkel el\u00e9g\u00edts\u00fck ki \u00fcgyfeleink v\u00e1ltozatos ig\u00e9nyeit.<\/p>\n<p><img decoding=\"async\" src=\"https:\/\/www.hydraulic-cylinders.net\/wp-content\/uploads\/2025\/01\/songte-company-4.webp\"><br \/>\n<img decoding=\"async\" src=\"https:\/\/www.hydraulic-cylinders.net\/wp-content\/uploads\/2025\/01\/songte-company-3.webp\"><\/p>\n<p>C\u00e9gk\u00e9nt b\u00fcszk\u00e9k vagyunk a professzionalizmusra, a nemzetk\u00f6zi tan\u00fas\u00edtv\u00e1nyokra, a szem\u00e9lyre szabott szolg\u00e1ltat\u00e1sokra, a fejlett gy\u00e1rt\u00f3berendez\u00e9sekre \u00e9s az \u00e1tfog\u00f3 \u00e9rt\u00e9kes\u00edt\u00e9s ut\u00e1ni t\u00e1mogat\u00e1sra.<\/p>\n<p>Szerz\u0151: lyl<\/p>","protected":false},"excerpt":{"rendered":"<p>Arm Cylinder for Kobelco Small Excavator SK60-3-8 Introduction The arm cylinder is a specially designed hydraulic cylinder that provides linear motion and power to the arm of various machinery such as excavators, cranes, and robotic arms. It plays a crucial role in hydraulic systems, enabling the efficient movement and control of attachments and accessories. These [&hellip;]<\/p>","protected":false},"featured_media":14779,"comment_status":"open","ping_status":"closed","template":"","meta":{"_et_pb_use_builder":"","_et_pb_old_content":"","_et_gb_content_width":""},"product_brand":[],"product_cat":[1497],"product_tag":[1498,1496],"class_list":{"0":"post-16277","1":"product","2":"type-product","3":"status-publish","4":"has-post-thumbnail","6":"product_cat-arm-cylinders","7":"product_tag-arm-cylinders","8":"product_tag-hydraulic-cylinders","10":"first","11":"instock","12":"shipping-taxable","13":"product-type-simple"},"amp_enabled":true,"_links":{"self":[{"href":"https:\/\/www.hydraulic-cylinders.net\/hu\/wp-json\/wp\/v2\/product\/16277","targetHints":{"allow":["GET"]}}],"collection":[{"href":"https:\/\/www.hydraulic-cylinders.net\/hu\/wp-json\/wp\/v2\/product"}],"about":[{"href":"https:\/\/www.hydraulic-cylinders.net\/hu\/wp-json\/wp\/v2\/types\/product"}],"replies":[{"embeddable":true,"href":"https:\/\/www.hydraulic-cylinders.net\/hu\/wp-json\/wp\/v2\/comments?post=16277"}],"wp:featuredmedia":[{"embeddable":true,"href":"https:\/\/www.hydraulic-cylinders.net\/hu\/wp-json\/wp\/v2\/media\/14779"}],"wp:attachment":[{"href":"https:\/\/www.hydraulic-cylinders.net\/hu\/wp-json\/wp\/v2\/media?parent=16277"}],"wp:term":[{"taxonomy":"product_brand","embeddable":true,"href":"https:\/\/www.hydraulic-cylinders.net\/hu\/wp-json\/wp\/v2\/product_brand?post=16277"},{"taxonomy":"product_cat","embeddable":true,"href":"https:\/\/www.hydraulic-cylinders.net\/hu\/wp-json\/wp\/v2\/product_cat?post=16277"},{"taxonomy":"product_tag","embeddable":true,"href":"https:\/\/www.hydraulic-cylinders.net\/hu\/wp-json\/wp\/v2\/product_tag?post=16277"}],"curies":[{"name":"munkaf\u00fczet","href":"https:\/\/api.w.org\/{rel}","templated":true}]}}