{"id":16303,"date":"2025-01-20T09:03:58","date_gmt":"2025-01-20T09:03:58","guid":{"rendered":"https:\/\/www.hydraulic-cylinders.net\/product\/arm-cylinderfor-yugong-wy15-7\/"},"modified":"2025-01-20T09:04:00","modified_gmt":"2025-01-20T09:04:00","slug":"arm-cylinderfor-yugong-wy15-7","status":"publish","type":"product","link":"https:\/\/www.hydraulic-cylinders.net\/hu\/termek\/arm-cylinderfor-yugong-wy15-7\/","title":{"rendered":"Karos henger Yugong WY15-7-hez"},"content":{"rendered":"<p>Karhenger Yugong WY15-7-hez<\/p>\n<p>A karhenger egy speci\u00e1lis hidraulikus henger, amelyet arra terveztek, hogy line\u00e1ris mozg\u00e1st \u00e9s er\u0151t biztos\u00edtson k\u00fcl\u00f6nf\u00e9le g\u00e9pek, p\u00e9ld\u00e1ul kotr\u00f3g\u00e9pek, daruk \u00e9s robotkarok karjainak. Kulcsfontoss\u00e1g\u00fa szerepet j\u00e1tszik a hidraulikus rendszerekben, lehet\u0151v\u00e9 t\u00e9ve a tov\u00e1bbi szersz\u00e1mok vagy tartoz\u00e9kok hat\u00e9kony mozg\u00e1s\u00e1t \u00e9s vez\u00e9rl\u00e9s\u00e9t. Ezek a hengerek nemcsak sima mozg\u00e1st biztos\u00edtanak, hanem nagy terhel\u00e9seket is elviselnek, biztos\u00edtva a g\u00e9pek hat\u00e9kony m\u0171k\u00f6d\u00e9s\u00e9t \u00e9s megb\u00edzhat\u00f3s\u00e1g\u00e1t k\u00fcl\u00f6nb\u00f6z\u0151 munkak\u00f6r\u00fclm\u00e9nyek k\u00f6z\u00f6tt.<\/p>\n<p><img decoding=\"async\" src=\"https:\/\/www.hydraulic-cylinders.net\/wp-content\/uploads\/2025\/01\/songte-company-2.webp\"><\/p>\n<p>Jellemz\u0151k:<\/p>\n<p>1. Nagy hat\u00e9konys\u00e1g\u00fa er\u0151\u00e1tvitel: A karhenger er\u0151teljes line\u00e1ris mozg\u00e1st \u00e9s er\u0151t biztos\u00edt, biztos\u00edtva a mechanikus kar nagy hat\u00e9konys\u00e1g\u00fa teljes\u00edtm\u00e9ny\u00e9t k\u00fcl\u00f6nb\u00f6z\u0151 m\u0171veletek sor\u00e1n.<\/p>\n<p>2. Prec\u00edz vez\u00e9rl\u00e9s: A hidraulikus rendszeren kereszt\u00fcl a karhenger prec\u00edz mozg\u00e1svez\u00e9rl\u00e9st \u00e9rhet el, \u00edgy a tov\u00e1bbi szersz\u00e1mok m\u0171k\u00f6dtet\u00e9se rugalmasabb \u00e9s pontosabb.<\/p>\n<p>3. Er\u0151s tart\u00f3ss\u00e1g: A karhengerek \u00e1ltal\u00e1ban nagy szil\u00e1rds\u00e1g\u00fa anyagokb\u00f3l k\u00e9sz\u00fclnek, j\u00f3 kop\u00e1s- \u00e9s korr\u00f3zi\u00f3\u00e1ll\u00f3s\u00e1ggal, \u00edgy alkalmasak hossz\u00fa t\u00e1v\u00fa haszn\u00e1latra zord k\u00f6rnyezetben.<\/p>\n<p>4. Sokoldal\u00fa alkalmazkod\u00f3k\u00e9pess\u00e9g: Ezek a munkahengerek sz\u00e9les k\u00f6rben alkalmazhat\u00f3k k\u00fcl\u00f6nf\u00e9le mechanikus berendez\u00e9sekben, p\u00e9ld\u00e1ul kotr\u00f3g\u00e9pekben, darukban \u00e9s robotkarokban, alkalmazkodva a k\u00fcl\u00f6nb\u00f6z\u0151 munkak\u00f6vetelm\u00e9nyekhez.<\/p>\n<p>5. K\u00f6nny\u0171 karbantart\u00e1s: A kialak\u00edt\u00e1s a karbantart\u00e1s \u00e9s a csere egyszer\u0171s\u00e9g\u00e9t szem el\u0151tt tartva k\u00e9nyelmesebb\u00e9 teszi a rendszeres ellen\u0151rz\u00e9seket \u00e9s karbantart\u00e1st, valamint cs\u00f6kkenti a berendez\u00e9sek \u00e1ll\u00e1sidej\u00e9t.<\/p>\n<p>Ezt a term\u00e9ket el\u0151 tudjuk \u00e1ll\u00edtani, \u00e9s term\u00e9keink t\u00f6k\u00e9letesen helyettes\u00edthetik ezeket a hidraulikus hengereket.<\/p>\n<p><img decoding=\"async\" src=\"https:\/\/www.hydraulic-cylinders.net\/wp-content\/uploads\/2025\/01\/songte-oil-pipes-and-spare-parts.webp\"><\/p>\n<p>Alkalmaz\u00e1sok:<\/p>\n<p>1. \u00c9p\u00edt\u0151m\u00e9rn\u00f6ki munka: Kotr\u00f3g\u00e9pekn\u00e9l \u00e9s darukn\u00e1l a karhenger a kotr\u00f3g\u00e9p vagy a g\u00e9m mozg\u00e1s\u00e1nak vez\u00e9rl\u00e9s\u00e9re, f\u00f6ldmunk\u00e1k elv\u00e9gz\u00e9s\u00e9re, anyagmozgat\u00e1sra \u00e9s szerkezeti telep\u00edt\u00e9sre szolg\u00e1l.<\/p>\n<p>2. Gy\u00e1rt\u00e1s: Az automatiz\u00e1lt gy\u00e1rt\u00f3sorokon a karhengert robotkarok mozgat\u00e1s\u00e1ra haszn\u00e1lj\u00e1k, \u00f6sszeszerel\u00e9si, hegeszt\u00e9si \u00e9s anyagmozgat\u00e1si folyamatok v\u00e9grehajt\u00e1s\u00e1ra, jav\u00edtva a termel\u00e9si hat\u00e9konys\u00e1got \u00e9s a pontoss\u00e1got.<\/p>\n<p>3. Mez\u0151gazdas\u00e1gi g\u00e9pek: A mez\u0151gazdas\u00e1gi g\u00e9pekben, p\u00e9ld\u00e1ul a betakar\u00edt\u00f3g\u00e9pekben \u00e9s a vet\u0151g\u00e9pekben a karhenger vez\u00e9rli a m\u0171k\u00f6dtet\u0151 kar mozg\u00e1s\u00e1t, olyan feladatokat l\u00e1tva el, mint a vet\u00e9s, a tr\u00e1gy\u00e1z\u00e1s \u00e9s a betakar\u00edt\u00e1s.<\/p>\n<p>4. B\u00e1ny\u00e1szat: A b\u00e1ny\u00e1szati \u200b\u200bberendez\u00e9sekben a karhenger a b\u00e1ny\u00e1szati \u200b\u200bberendez\u00e9sek karj\u00e1nak mozg\u00e1s\u00e1t vez\u00e9rli, \u00e9rcb\u00e1ny\u00e1szatot \u00e9s -kezel\u00e9st v\u00e9gez.<\/p>\n<p>5. Logisztika \u00e9s sz\u00e1ll\u00edt\u00e1s: Targonc\u00e1kban \u00e9s anyagmozgat\u00f3 robotokban a karhenger a tehervilla emel\u00e9s\u00e9nek \u00e9s mozg\u00e1s\u00e1nak vez\u00e9rl\u00e9s\u00e9re szolg\u00e1l, ez\u00e1ltal anyagmozgat\u00e1st \u00e9s rakod\u00e1st tesz lehet\u0151v\u00e9.<\/p>\n<p>Tervez\u00e9si szempontok \u00e9s kiv\u00e1laszt\u00e1si krit\u00e9riumok:<\/p>\n<p>1. Teherb\u00edr\u00e1s: A karhengereket a g\u00e9p maxim\u00e1lis teherb\u00edr\u00e1sa alapj\u00e1n kell kiv\u00e1lasztani.<\/p>\n<p>2. T\u00f6m\u00edt\u00e9si teljes\u00edtm\u00e9ny: A j\u00f3 t\u00f6m\u00edt\u00e9si teljes\u00edtm\u00e9ny biztos\u00edt\u00e1sa \u00e9rdek\u00e9ben k\u00fcl\u00f6nf\u00e9le t\u00f6m\u00edt\u0151elemeket, p\u00e9ld\u00e1ul dugatty\u00fat\u00f6m\u00edt\u00e9seket \u00e9s r\u00fadt\u00f6m\u00edt\u00e9seket kell haszn\u00e1lni, \u00e9s a t\u00f6m\u00edt\u00e9sekhez kop\u00e1s\u00e1ll\u00f3 anyagokat, p\u00e9ld\u00e1ul poliuret\u00e1nt \u00e9s nitrilgumit kell v\u00e1lasztani.<\/p>\n<p>3. Tart\u00f3ss\u00e1g: A hengertestet \u00e9s a menetes v\u00e9gfel\u00fcleteket finoman meg kell munk\u00e1lni a kop\u00e1s\u00e1ll\u00f3s\u00e1g jav\u00edt\u00e1sa \u00e9rdek\u00e9ben.<\/p>\n<p>4. Biztons\u00e1g: Biztons\u00e1gi berendez\u00e9seket, p\u00e9ld\u00e1ul biztons\u00e1gi szelepeket \u00e9s puffereket kell felszerelni a t\u00falterhel\u00e9s vagy \u00fct\u00e9s okozta balesetek megel\u0151z\u00e9se \u00e9rdek\u00e9ben.<\/p>\n<p>5. Karbantart\u00e1s: A tervez\u00e9snek figyelembe kell vennie a k\u00f6nny\u0171 karbantart\u00e1st \u00e9s cser\u00e9t, \u00e9s a hengert a gy\u00e1rt\u00f3 utas\u00edt\u00e1sai szerint megfelel\u0151 mennyis\u00e9g\u0171 hidraulikaolajjal kell felt\u00f6lteni ken\u00e9shez.<\/p>\n<p><img decoding=\"async\" src=\"https:\/\/www.hydraulic-cylinders.net\/wp-content\/uploads\/2025\/01\/songte-cylinder-head-with-all-kinds-excavator-models.webp\"><\/p>\n<p>Rendszeres ellen\u0151rz\u00e9s \u00e9s megel\u0151z\u0151 karbantart\u00e1s:<\/p>\n<p>1. Rendszeresen ellen\u0151rizze a henger t\u00f6m\u00edt\u0151k\u00e9pess\u00e9g\u00e9t, \u00e9s sz\u00fcks\u00e9g eset\u00e9n id\u0151ben cser\u00e9lje ki a t\u00f6m\u00edt\u0151 alkatr\u00e9szeket.<\/p>\n<p>2. Rendszeresen ellen\u0151rizze a hengertest \u00e9s a dugatty\u00far\u00fad kop\u00e1s\u00e1t, \u00e9s sz\u00fcks\u00e9g eset\u00e9n cser\u00e9lje ki \u0151ket.<\/p>\n<p>3. Rendszeresen ellen\u0151rizze a hidraulikaolaj szintj\u00e9t \u00e9s min\u0151s\u00e9g\u00e9t, \u00e9s sz\u00fcks\u00e9g eset\u00e9n cser\u00e9lje ki vagy t\u00f6ltse fel az olajat.<\/p>\n<p>4. Rendszeresen ellen\u0151rizze a biztons\u00e1gi berendez\u00e9sek megfelel\u0151 m\u0171k\u00f6d\u00e9s\u00e9t.<\/p>\n<p>5. Rendszeresen tiszt\u00edtsa meg a hengert \u00e9s a k\u00f6rnyez\u0151 k\u00f6rnyezetet a szennyez\u0151d\u00e9s megel\u0151z\u00e9se \u00e9rdek\u00e9ben.<\/p>\n<p>Helyes telep\u00edt\u00e9si \u00fatmutat\u00f3:<\/p>\n<p>1. V\u00e1lassza ki a megfelel\u0151 hengert \u00e9s a hozz\u00e1 tartoz\u00f3 tartoz\u00e9kokat a g\u00e9p terhel\u00e9si k\u00f6vetelm\u00e9nyeinek \u00e9s a telep\u00edt\u00e9si k\u00f6r\u00fclm\u00e9nyeknek megfelel\u0151en.<\/p>\n<p>2. Csatlakoztassa a hengert a hidraulikus rendszerhez a gy\u00e1rt\u00f3 utas\u00edt\u00e1sainak megfelel\u0151en, \u00e9s gy\u0151z\u0151dj\u00f6n meg arr\u00f3l, hogy a cs\u0151vezet\u00e9k megfelel\u0151en van felszerelve.<\/p>\n<p>3. Szerelje fel a hengert \u00e9s a tartoz\u00e9kokat a gy\u00e1rt\u00f3 utas\u00edt\u00e1sainak megfelel\u0151en.<\/p>\n<p>4. Haszn\u00e1lat el\u0151tt ellen\u0151rizze a palack megfelel\u0151 m\u0171k\u00f6d\u00e9s\u00e9t.<\/p>\n<p><img decoding=\"async\" src=\"https:\/\/www.hydraulic-cylinders.net\/wp-content\/uploads\/2025\/01\/songte-bushings-with-all-kinds-of-excavator-models.webp\"><\/p>\n<p>Biztons\u00e1gi szempontok \u00e9s k\u00f6rnyezeti t\u00e9nyez\u0151k:<\/p>\n<p>1. A biztons\u00e1g elengedhetetlen a karos munkahengerek haszn\u00e1latakor, \u00e9s a balesetek megel\u0151z\u00e9se \u00e9rdek\u00e9ben be kell tartani a biztons\u00e1gi szab\u00e1lyokat.<\/p>\n<p>2. A henger anyagainak kiv\u00e1laszt\u00e1sakor figyelembe kell venni a k\u00f6rnyezeti t\u00e9nyez\u0151ket, p\u00e9ld\u00e1ul a h\u0151m\u00e9rs\u00e9kletet, a p\u00e1ratartalmat \u00e9s a k\u00e9miai er\u00f3zi\u00f3t.<\/p>\n<p>Hibadiagn\u00f3zis \u00e9s gyakori probl\u00e9m\u00e1k:<\/p>\n<p>1. Henger sziv\u00e1rg\u00e1sa: A t\u00f6m\u00edt\u0151elemek elkoptak vagy s\u00e9r\u00fcltek, vagy a hengertest s\u00e9r\u00fclt.<\/p>\n<p>2. El\u00e9gtelen er\u0151 vagy mozg\u00e1s: El\u00e9gtelen hidraulikus nyom\u00e1s, s\u00e9r\u00fclt dugatty\u00far\u00fad vagy el\u00e9gtelen ken\u00e9s.<\/p>\n<p>3. Rendellenes zaj: A henger vagy a tartoz\u00e9kok laza csatlakoz\u00e1sa vagy s\u00e9r\u00fcl\u00e9se, el\u00e9gtelen ken\u00e9s vagy a hidraulikus szivatty\u00fa s\u00e9r\u00fcl\u00e9se.<\/p>\n<p>4. Lass\u00fa mozg\u00e1s: El\u00e9gtelen hidraulikus nyom\u00e1s, eldugult cs\u0151vezet\u00e9k vagy s\u00e9r\u00fclt dugatty\u00far\u00fad.<\/p>\n<p>5. Henger rezg\u00e9se: A henger vagy a tartoz\u00e9kok laza csatlakoz\u00e1sa vagy s\u00e9r\u00fcl\u00e9se, illetve kiegyens\u00falyozatlan terhel\u00e9s.<\/p>\n<p>Hibakezel\u00e9si \u00e9s megel\u0151z\u00e9si int\u00e9zked\u00e9sek:<\/p>\n<p>1. Id\u0151ben cser\u00e9lje ki a kopott vagy s\u00e9r\u00fclt t\u00f6m\u00edt\u0151elemeket.<\/p>\n<p>2. Ellen\u0151rizze \u00e9s \u00e1ll\u00edtsa be a hidraulikus nyom\u00e1st, hogy megbizonyosodjon arr\u00f3l, hogy megfelel a k\u00f6vetelm\u00e9nyeknek.<\/p>\n<p>3. Id\u0151ben cser\u00e9lje ki vagy jav\u00edtsa meg a s\u00e9r\u00fclt alkatr\u00e9szeket.<\/p>\n<p>4. Rendszeresen t\u00f6ltse fel a megfelel\u0151 mennyis\u00e9g\u0171 hidraulikaolajat a gy\u00e1rt\u00f3 utas\u00edt\u00e1sainak megfelel\u0151en.<\/p>\n<p>5. Rendszeresen ellen\u0151rizze \u00e9s tartsa karban a palackot \u00e9s a tartoz\u00e9kokat a lehets\u00e9ges probl\u00e9m\u00e1k elker\u00fcl\u00e9se \u00e9rdek\u00e9ben.<\/p>\n<p>Professzion\u00e1lis hidraulikus hengergy\u00e1rt\u00f3k\u00e9nt sz\u00e9les term\u00e9kv\u00e1laszt\u00e9kkal rendelkez\u00fcnk, \u00e9s a hazai \u00e9s nemzetk\u00f6zi piacok egyik vezet\u0151 hidraulikus hengergy\u00e1rt\u00f3j\u00e1v\u00e1 \u00e9s nagykereskedelmi forgalmaz\u00f3j\u00e1v\u00e1 v\u00e1ltunk. Mindig a kiv\u00e1l\u00f3 min\u0151s\u00e9g elv\u00e9t k\u00f6vetj\u00fck, a kifinomult gy\u00e1rt\u00f3m\u0171hely ipari termel\u00e9sir\u00e1ny\u00edt\u00e1si strat\u00e9gi\u00e1j\u00e1ra t\u00e1maszkodunk, \u00e9s folyamatosan fejlesztj\u00fck technol\u00f3gi\u00e1nkat \u00e9s termel\u00e9si hat\u00e9konys\u00e1gunkat. Cs\u00facskateg\u00f3ri\u00e1s digit\u00e1lis gy\u00e1rt\u00f3berendez\u00e9sek \u00e9s professzion\u00e1lis tesztel\u0151rendszerek bevezet\u00e9s\u00e9vel optimaliz\u00e1ljuk a gy\u00e1rt\u00e1si platformot \u00e9s jav\u00edtjuk a term\u00e9kmin\u0151s\u00e9g-ellen\u0151rz\u00e9si folyamatokat, er\u0151s innov\u00e1ci\u00f3s k\u00e9pess\u00e9gekkel rendelkezve. C\u00e9lunk, hogy a nagy hat\u00e9konys\u00e1g, a pontoss\u00e1g \u00e9s a kiv\u00e1l\u00f3 min\u0151s\u00e9g elveivel el\u00e9g\u00edts\u00fck ki \u00fcgyfeleink sokr\u00e9t\u0171 ig\u00e9nyeit.<\/p>\n<p>A professzionalizmust\u00f3l kezdve a nemzetk\u00f6zi tan\u00fas\u00edtv\u00e1nyokon, a szem\u00e9lyre szabott szolg\u00e1ltat\u00e1sokon, a gy\u00e1rt\u00f3berendez\u00e9seken \u00e9s az \u00e9rt\u00e9kes\u00edt\u00e9s ut\u00e1ni szolg\u00e1ltat\u00e1sokon \u00e1t eg\u00e9szen a teljes k\u00f6r\u0171 t\u00e1j\u00e9koztat\u00e1st ny\u00fajtjuk c\u00e9g\u00fcnkr\u0151l.<\/p>\n<p><img decoding=\"async\" src=\"https:\/\/www.hydraulic-cylinders.net\/wp-content\/uploads\/2025\/01\/songte-company-4.webp\"><br \/>\n<img decoding=\"async\" src=\"https:\/\/www.hydraulic-cylinders.net\/wp-content\/uploads\/2025\/01\/songte-company-3.webp\"><\/p>\n<p>Szerz\u0151: lyl.<\/p>","protected":false},"excerpt":{"rendered":"<p>Arm Cylinder For Yugong WY15-7 Arm cylinder is a specialized hydraulic cylinder designed to provide linear motion and power to the arms of various types of machinery such as excavators, cranes, and robotic arms. It plays a crucial role in hydraulic systems, enabling the effective movement and control of additional tools or attachments. These cylinders [&hellip;]<\/p>","protected":false},"featured_media":14763,"comment_status":"open","ping_status":"closed","template":"","meta":{"_et_pb_use_builder":"","_et_pb_old_content":"","_et_gb_content_width":""},"product_brand":[],"product_cat":[1497],"product_tag":[1498,1496],"class_list":{"0":"post-16303","1":"product","2":"type-product","3":"status-publish","4":"has-post-thumbnail","6":"product_cat-arm-cylinders","7":"product_tag-arm-cylinders","8":"product_tag-hydraulic-cylinders","10":"first","11":"instock","12":"shipping-taxable","13":"product-type-simple"},"amp_enabled":true,"_links":{"self":[{"href":"https:\/\/www.hydraulic-cylinders.net\/hu\/wp-json\/wp\/v2\/product\/16303","targetHints":{"allow":["GET"]}}],"collection":[{"href":"https:\/\/www.hydraulic-cylinders.net\/hu\/wp-json\/wp\/v2\/product"}],"about":[{"href":"https:\/\/www.hydraulic-cylinders.net\/hu\/wp-json\/wp\/v2\/types\/product"}],"replies":[{"embeddable":true,"href":"https:\/\/www.hydraulic-cylinders.net\/hu\/wp-json\/wp\/v2\/comments?post=16303"}],"wp:featuredmedia":[{"embeddable":true,"href":"https:\/\/www.hydraulic-cylinders.net\/hu\/wp-json\/wp\/v2\/media\/14763"}],"wp:attachment":[{"href":"https:\/\/www.hydraulic-cylinders.net\/hu\/wp-json\/wp\/v2\/media?parent=16303"}],"wp:term":[{"taxonomy":"product_brand","embeddable":true,"href":"https:\/\/www.hydraulic-cylinders.net\/hu\/wp-json\/wp\/v2\/product_brand?post=16303"},{"taxonomy":"product_cat","embeddable":true,"href":"https:\/\/www.hydraulic-cylinders.net\/hu\/wp-json\/wp\/v2\/product_cat?post=16303"},{"taxonomy":"product_tag","embeddable":true,"href":"https:\/\/www.hydraulic-cylinders.net\/hu\/wp-json\/wp\/v2\/product_tag?post=16303"}],"curies":[{"name":"munkaf\u00fczet","href":"https:\/\/api.w.org\/{rel}","templated":true}]}}