{"id":16304,"date":"2025-01-20T09:04:02","date_gmt":"2025-01-20T09:04:02","guid":{"rendered":"https:\/\/www.hydraulic-cylinders.net\/product\/arm-cylinderfor-yugong-wy75-7-8\/"},"modified":"2025-01-20T09:04:04","modified_gmt":"2025-01-20T09:04:04","slug":"arm-cylinderfor-yugong-wy75-7-8","status":"publish","type":"product","link":"https:\/\/www.hydraulic-cylinders.net\/hu\/termek\/arm-cylinderfor-yugong-wy75-7-8\/","title":{"rendered":"Karos henger Yugong WY75-7-8-hoz"},"content":{"rendered":"<h1>Karos henger Yugong WY75-7-8-hoz<\/h1>\n<h2>Bevezet\u00e9s<\/h2>\n<p>A Yugong WY75-7-8 karhengere egy speci\u00e1lis hidraulikus henger, amelyet k\u00fcl\u00f6nf\u00e9le g\u00e9pek, p\u00e9ld\u00e1ul kotr\u00f3g\u00e9pek, daruk \u00e9s robotkarok karjainak line\u00e1ris mozg\u00e1s\u00e1nak \u00e9s teljes\u00edtm\u00e9ny\u00e9nek biztos\u00edt\u00e1s\u00e1ra terveztek. A karhenger kulcsszerepet j\u00e1tszik a hidraulikus rendszerekben, lehet\u0151v\u00e9 t\u00e9ve a tov\u00e1bbi szersz\u00e1mok vagy tartoz\u00e9kok hat\u00e9kony mozg\u00e1s\u00e1t \u00e9s vez\u00e9rl\u00e9s\u00e9t. Ezek a hengerek nemcsak sima mozg\u00e1st biztos\u00edtanak, hanem nagy terhel\u00e9seket is elviselnek, biztos\u00edtva a g\u00e9p hat\u00e9kony m\u0171k\u00f6d\u00e9s\u00e9t \u00e9s megb\u00edzhat\u00f3s\u00e1g\u00e1t k\u00fcl\u00f6nb\u00f6z\u0151 munkak\u00f6r\u00fclm\u00e9nyek k\u00f6z\u00f6tt.<\/p>\n<p><img decoding=\"async\" src=\"https:\/\/www.hydraulic-cylinders.net\/wp-content\/uploads\/2025\/01\/songte-company-2.webp\" alt=\"Karhenger k\u00e9pe\"><\/p>\n<h2>Jellemz\u0151k<\/h2>\n<ul>\n<li><strong>Nagy hat\u00e9konys\u00e1g\u00fa \u00e1tvitel:<\/strong> A karhenger er\u0151teljes line\u00e1ris mozg\u00e1st \u00e9s er\u0151t biztos\u00edt, biztos\u00edtva a robotkar nagy teljes\u00edtm\u00e9ny\u00e9t k\u00fcl\u00f6nf\u00e9le m\u0171veletek sor\u00e1n.<\/li>\n<li><strong>Prec\u00edz vez\u00e9rl\u00e9s:<\/strong> A hidraulikus rendszeren kereszt\u00fcl a karhenger prec\u00edz mozg\u00e1svez\u00e9rl\u00e9st tesz lehet\u0151v\u00e9, lehet\u0151v\u00e9 t\u00e9ve a csatlakoztatott szersz\u00e1mok rugalmas \u00e9s pontos m\u0171k\u00f6dtet\u00e9s\u00e9t.<\/li>\n<li><strong>Tart\u00f3ss\u00e1g:<\/strong> A karos munkahengerek jellemz\u0151en nagy szil\u00e1rds\u00e1g\u00fa anyagokb\u00f3l k\u00e9sz\u00fclnek, kiv\u00e1l\u00f3 kop\u00e1s- \u00e9s korr\u00f3zi\u00f3\u00e1ll\u00f3s\u00e1ggal rendelkeznek, \u00edgy alkalmasak hossz\u00fa t\u00e1v\u00fa haszn\u00e1latra zord k\u00f6rnyezetben.<\/li>\n<li><strong>Sokoldal\u00fa alkalmazkod\u00f3k\u00e9pess\u00e9g:<\/strong> Ezek a munkahengerek sz\u00e9les k\u00f6rben alkalmazhat\u00f3k k\u00fcl\u00f6nf\u00e9le g\u00e9pekhez \u00e9s berendez\u00e9sekhez, p\u00e9ld\u00e1ul kotr\u00f3g\u00e9pekhez, darukhoz \u00e9s robotkarokhoz, amelyek a k\u00fcl\u00f6nb\u00f6z\u0151 munkak\u00f6vetelm\u00e9nyeket el\u00e9g\u00edtik ki.<\/li>\n<li><strong>K\u00f6nny\u0171 karbantart\u00e1s:<\/strong> A tervez\u00e9s sor\u00e1n figyelembe vett\u00e9k a karbantart\u00e1s \u00e9s a csere egyszer\u0171s\u00e9g\u00e9t, \u00edgy a rendszeres ellen\u0151rz\u00e9sek \u00e9s karbantart\u00e1s k\u00e9nyelmes, ez\u00e1ltal cs\u00f6kkentve a berendez\u00e9sek \u00e1ll\u00e1sidej\u00e9t.<\/li>\n<\/ul>\n<p><img decoding=\"async\" src=\"https:\/\/www.hydraulic-cylinders.net\/wp-content\/uploads\/2025\/01\/songte-oil-pipes-and-spare-parts.webp\" alt=\"Karhenger alkatr\u00e9szek\"><\/p>\n<h2>Alkalmaz\u00e1sok<\/h2>\n<p>A Yugong WY75-7-8 karhengere sz\u00e1mos ipar\u00e1gban alkalmazhat\u00f3:<\/p>\n<ul>\n<li><strong>\u00c9p\u00edt\u0151m\u00e9rn\u00f6ki:<\/strong> Kotr\u00f3g\u00e9pekn\u00e9l \u00e9s darukn\u00e1l a karhenger vez\u00e9rli a kan\u00e1l vagy a g\u00e9m mozg\u00e1s\u00e1t, lehet\u0151v\u00e9 t\u00e9ve a f\u00f6ldmozgat\u00e1st, az anyagmozgat\u00e1st \u00e9s a szerkezeti telep\u00edt\u00e9st.<\/li>\n<li><strong>Gy\u00e1rt\u00e1s:<\/strong> Az automatiz\u00e1lt gy\u00e1rt\u00f3sorokon a karhenger megk\u00f6nny\u00edti a robotkarok mozg\u00e1s\u00e1t az \u00f6sszeszerel\u00e9si, hegeszt\u00e9si \u00e9s anyagmozgat\u00e1si folyamatok sor\u00e1n, n\u00f6velve a termel\u00e9kenys\u00e9get \u00e9s a pontoss\u00e1got.<\/li>\n<li><strong>Mez\u0151gazdas\u00e1gi g\u00e9pek:<\/strong> A mez\u0151gazdas\u00e1gi g\u00e9pekben, p\u00e9ld\u00e1ul a betakar\u00edt\u00f3g\u00e9pekben \u00e9s a vet\u0151g\u00e9pekben a karhenger vez\u00e9rli a m\u0171k\u00f6dtet\u0151 kar mozg\u00e1s\u00e1t, olyan feladatokat v\u00e9gezve, mint a vet\u00e9s, a m\u0171tr\u00e1gy\u00e1z\u00e1s \u00e9s a betakar\u00edt\u00e1s.<\/li>\n<li><strong>B\u00e1ny\u00e1szati:<\/strong> A b\u00e1ny\u00e1szati \u200b\u200bberendez\u00e9sekben a karhenger vez\u00e9rli a b\u00e1ny\u00e1szati \u200b\u200bg\u00e9pek karj\u00e1nak mozg\u00e1s\u00e1t, megk\u00f6nny\u00edtve az \u00e9rcek kinyer\u00e9s\u00e9t \u00e9s sz\u00e1ll\u00edt\u00e1s\u00e1t.<\/li>\n<li><strong>Logisztika \u00e9s sz\u00e1ll\u00edt\u00e1s:<\/strong> A targonc\u00e1kban \u00e9s anyagmozgat\u00f3 robotokban a karhenger vez\u00e9rli a vill\u00e1k emel\u00e9s\u00e9t \u00e9s mozg\u00e1s\u00e1t, lehet\u0151v\u00e9 t\u00e9ve az anyagok sz\u00e1ll\u00edt\u00e1s\u00e1t \u00e9s egym\u00e1sra rak\u00e1s\u00e1t.<\/li>\n<\/ul>\n<h2>Tervez\u00e9si szempontok \u00e9s kiv\u00e1laszt\u00e1si krit\u00e9riumok<\/h2>\n<p>A Yugong WY75-7-8 karhenger\u00e9nek tervez\u00e9sekor sz\u00e1mos kulcsfontoss\u00e1g\u00fa t\u00e9nyez\u0151t vesznek figyelembe:<\/p>\n<ul>\n<li><strong>Teherb\u00edr\u00e1s:<\/strong> A hengert a megadott teherb\u00edr\u00e1sra tervezt\u00e9k, biztos\u00edtva a biztons\u00e1gos \u00e9s hat\u00e9kony m\u0171k\u00f6d\u00e9st.<\/li>\n<li><strong>T\u00f6m\u00edt\u00e9s:<\/strong> K\u00fcl\u00f6nb\u00f6z\u0151 t\u00f6m\u00edt\u0151elemeket haszn\u00e1lnak, p\u00e9ld\u00e1ul dugatty\u00fat\u00f6m\u00edt\u00e9seket \u00e9s r\u00fadt\u00f6m\u00edt\u00e9seket, amelyek kop\u00e1s\u00e1ll\u00f3 anyagokb\u00f3l, p\u00e9ld\u00e1ul poliuret\u00e1nb\u00f3l \u00e9s nitrilgumib\u00f3l k\u00e9sz\u00fclnek. A hengertest \u00e9s a menetes v\u00e9gek gondos fel\u00fcletkezel\u00e9sen esnek \u00e1t a kop\u00e1s\u00e1ll\u00f3s\u00e1g fokoz\u00e1sa \u00e9rdek\u00e9ben.<\/li>\n<li><strong>Tart\u00f3ss\u00e1g:<\/strong> A henger kiv\u00e1l\u00f3 min\u0151s\u00e9g\u0171 anyagokb\u00f3l \u00e9s gy\u00e1rt\u00e1si elj\u00e1r\u00e1sokb\u00f3l k\u00e9sz\u00fcl, hogy biztos\u00edtsa a hossz\u00fa \u00e9lettartamot \u00e9s a kop\u00e1s\u00e1ll\u00f3s\u00e1got.<\/li>\n<li><strong>Biztons\u00e1g:<\/strong> A balesetek megel\u0151z\u00e9se \u00e9s a kezel\u0151 v\u00e9delme \u00e9rdek\u00e9ben a tervez\u00e9s sor\u00e1n biztons\u00e1gi funkci\u00f3kat \u00e9p\u00edtettek be.<\/li>\n<li><strong>Karbantarthat\u00f3s\u00e1g:<\/strong> A kialak\u00edt\u00e1s lehet\u0151v\u00e9 teszi az alkatr\u00e9szek egyszer\u0171 karbantart\u00e1s\u00e1t \u00e9s cser\u00e9j\u00e9t, cs\u00f6kkentve az \u00e1ll\u00e1sid\u0151t \u00e9s jav\u00edtva az \u00e1ltal\u00e1nos hat\u00e9konys\u00e1got.<\/li>\n<\/ul>\n<p><img decoding=\"async\" src=\"https:\/\/www.hydraulic-cylinders.net\/wp-content\/uploads\/2025\/01\/songte-cylinder-head-with-all-kinds-excavator-models.webp\" alt=\"Hengerfej k\u00e9pe\"><\/p>\n<h2>T\u00f6m\u00edt\u00e9s \u00e9s ken\u00e9s<\/h2>\n<p>A Yugong WY75-7-8 hidraulikahengere k\u00fcl\u00f6nf\u00e9le t\u00f6m\u00edt\u0151elemeket haszn\u00e1l, p\u00e9ld\u00e1ul dugatty\u00fat\u00f6m\u00edt\u00e9seket \u00e9s r\u00fadt\u00f6m\u00edt\u00e9seket, amelyek kop\u00e1s\u00e1ll\u00f3 anyagokb\u00f3l, p\u00e9ld\u00e1ul poliuret\u00e1nb\u00f3l \u00e9s nitrilgumib\u00f3l k\u00e9sz\u00fclnek. A hengertest \u00e9s a menetes v\u00e9gek finom fel\u00fcletkezel\u00e9sen esnek \u00e1t a kop\u00e1s\u00e1ll\u00f3s\u00e1g fokoz\u00e1sa \u00e9rdek\u00e9ben. Rendszeres ken\u00e9s sz\u00fcks\u00e9ges, \u00e9s megfelel\u0151 mennyis\u00e9g\u0171 hidraulikaolajat kell hozz\u00e1adni a megfelel\u0151 ken\u00e9s biztos\u00edt\u00e1s\u00e1hoz.<\/p>\n<h2>Rendszeres ellen\u0151rz\u00e9s \u00e9s megel\u0151z\u0151 karbantart\u00e1s<\/h2>\n<p>A Yugong WY75-7-8 karhenger\u00e9nek optim\u00e1lis teljes\u00edtm\u00e9ny\u00e9nek \u00e9s hossz\u00fa \u00e9lettartam\u00e1nak biztos\u00edt\u00e1sa \u00e9rdek\u00e9ben rendszeres ellen\u0151rz\u00e9seket \u00e9s megel\u0151z\u0151 karbantart\u00e1st kell v\u00e9gezni. N\u00e9h\u00e1ny aj\u00e1nlott int\u00e9zked\u00e9s:<\/p>\n<ul>\n<li>A henger t\u00f6m\u00edt\u00e9seinek sziv\u00e1rg\u00e1s\u00e1nak vagy s\u00e9r\u00fcl\u00e9s\u00e9nek ellen\u0151rz\u00e9se<\/li>\n<li>A r\u00fad kop\u00e1s\u00e1nak vagy korr\u00f3zi\u00f3j\u00e1nak jeleinek ellen\u0151rz\u00e9se<\/li>\n<li>Az \u00f6sszes csatlakoz\u00e1s \u00e9s r\u00f6gz\u00edt\u0151elem szoross\u00e1g\u00e1nak ellen\u0151rz\u00e9se<\/li>\n<li>Hidraulikaolaj szintj\u00e9nek \u00e9s min\u0151s\u00e9g\u00e9nek ellen\u0151rz\u00e9se<\/li>\n<li>Az \u00f6sszes mozg\u00f3 alkatr\u00e9sz rendszeres tiszt\u00edt\u00e1sa \u00e9s ken\u00e9se<\/li>\n<\/ul>\n<h2>Term\u00e9ktelep\u00edt\u00e9si \u00fatmutat\u00f3<\/h2>\n<p>A Yugong WY75-7-8 karhenger\u00e9nek megfelel\u0151 beszerel\u00e9se elengedhetetlen az optim\u00e1lis teljes\u00edtm\u00e9nyhez \u00e9s biztons\u00e1gos m\u0171k\u00f6d\u00e9shez. K\u00f6vesse az al\u00e1bbi l\u00e9p\u00e9seket:<\/p>\n<ol>\n<li>Gy\u0151z\u0151dj\u00f6n meg arr\u00f3l, hogy a berendez\u00e9s ki van kapcsolva, \u00e9s minden hidraulikus nyom\u00e1s ki van engedve.<\/li>\n<li>Vizsg\u00e1lja meg a hengert \u00e9s az \u00f6sszes alkatr\u00e9szt s\u00e9r\u00fcl\u00e9sek vagy hib\u00e1k szempontj\u00e1b\u00f3l.<\/li>\n<li>Igaz\u00edtsa a hengert a r\u00f6gz\u00edt\u00e9si pontokhoz, \u00e9s r\u00f6gz\u00edtse a megfelel\u0151 r\u00f6gz\u00edt\u0151elemekkel.<\/li>\n<li>Csatlakoztassa a hidraulikus t\u00f6ml\u0151ket vagy cs\u00f6veket a hengerhez, \u00fcgyelve a szoros \u00e9s biztons\u00e1gos csatlakoz\u00e1sokra.<\/li>\n<li>A norm\u00e1l \u00fczem folytat\u00e1sa el\u0151tt ellen\u0151rizze, hogy nincs-e sziv\u00e1rg\u00e1s, \u00e9s v\u00e9gezzen m\u0171k\u00f6d\u00e9si tesztet.<\/li>\n<\/ol>\n<p><img decoding=\"async\" src=\"https:\/\/www.hydraulic-cylinders.net\/wp-content\/uploads\/2025\/01\/songte-bushings-with-all-kinds-of-excavator-models.webp\" alt=\"Perselyek k\u00e9pe\"><\/p>\n<h2>Biztons\u00e1gi szempontok \u00e9s k\u00f6rnyezeti t\u00e9nyez\u0151k<\/h2>\n<p>A Yugong WY75-7-8 karhenger\u00e9vel v\u00e9gzett munka sor\u00e1n rendk\u00edv\u00fcl fontos a biztons\u00e1gi int\u00e9zked\u00e9sek betart\u00e1sa. A balesetek megel\u0151z\u00e9se, valamint a kezel\u0151k \u00e9s a k\u00f6zelben tart\u00f3zkod\u00f3k j\u00f3l\u00e9t\u00e9nek biztos\u00edt\u00e1sa \u00e9rdek\u00e9ben be kell tartani a biztons\u00e1gi \u00f3vint\u00e9zked\u00e9seket. A k\u00f6rnyezeti t\u00e9nyez\u0151ket, p\u00e9ld\u00e1ul a h\u0151m\u00e9rs\u00e9kletet \u00e9s a p\u00e1ratartalmat is figyelembe kell venni, hogy elker\u00fclj\u00fck a henger teljes\u00edtm\u00e9ny\u00e9re \u00e9s \u00e9lettartam\u00e1ra gyakorolt \u200b\u200bk\u00e1ros hat\u00e1sokat.<\/p>\n<h2>Hibaelh\u00e1r\u00edt\u00e1s \u00e9s gyakori probl\u00e9m\u00e1k<\/h2>\n<p>B\u00e1r a Yugong WY75-7-8 karhenger\u00e9t megb\u00edzhat\u00f3 teljes\u00edtm\u00e9nyre tervezt\u00e9k, probl\u00e9m\u00e1k mer\u00fclhetnek fel. A gyakori hibaelh\u00e1r\u00edt\u00e1si tippek \u00e9s megold\u00e1sok a k\u00f6vetkez\u0151k:<\/p>\n<ul>\n<li>Teljes\u00edtm\u00e9nykies\u00e9s vagy lass\u00fa mozg\u00e1s eset\u00e9n ellen\u0151rizze a hidraulikafolyad\u00e9k szintj\u00e9t \u00e9s min\u0151s\u00e9g\u00e9t, \u00e9s gy\u0151z\u0151dj\u00f6n meg arr\u00f3l, hogy megfelel a gy\u00e1rt\u00f3 el\u0151\u00edr\u00e1sainak.<\/li>\n<li>Ellen\u0151rizze az \u00f6sszes csatlakoz\u00e1st sziv\u00e1rg\u00e1s szempontj\u00e1b\u00f3l, \u00e9s sz\u00fcks\u00e9g eset\u00e9n h\u00fazza meg \u0151ket.<\/li>\n<li>Ha m\u0171k\u00f6d\u00e9s k\u00f6zben t\u00falzott zaj hallhat\u00f3, ellen\u0151rizze, hogy nincsenek-e laza vagy kopott alkatr\u00e9szek, \u00e9s sz\u00fcks\u00e9g eset\u00e9n cser\u00e9lje ki azokat.<\/li>\n<li>Rendszeresen tiszt\u00edtsa \u00e9s kenje meg a hengert a beragad\u00e1s vagy a t\u00falzott s\u00farl\u00f3d\u00e1s elker\u00fcl\u00e9se \u00e9rdek\u00e9ben.<\/li>\n<\/ul>\n<p><img decoding=\"async\" src=\"https:\/\/www.hydraulic-cylinders.net\/wp-content\/uploads\/2025\/01\/songte-chushion-collar.webp\" alt=\"Chushion gall\u00e9r k\u00e9p\"><\/p>\n<p>A cikket logikusan szervezd meg, haszn\u00e1lj alc\u00edmeket a k\u00f6nny\u0171 navig\u00e1ci\u00f3 \u00e9rdek\u00e9ben, \u00e9p\u00edts be relev\u00e1ns k\u00e9peket vagy diagramokat a jobb meg\u00e9rt\u00e9s \u00e9rdek\u00e9ben, \u00e9s \u00fcgyelj arra, hogy a tartalom vil\u00e1gos, t\u00f6m\u00f6r \u00e9s megfelel\u0151 legyen a k\u00fcl\u00f6nb\u00f6z\u0151 szint\u0171 technikai tud\u00e1ssal rendelkez\u0151 olvas\u00f3k sz\u00e1m\u00e1ra.<\/p>\n<h2>R\u00f3lunk<\/h2>\n<p>Professzion\u00e1lis hidraulikus hengergy\u00e1rt\u00f3k\u00e9nt sz\u00e9les term\u00e9kv\u00e1laszt\u00e9kot k\u00edn\u00e1lunk. A hazai \u00e9s nemzetk\u00f6zi piacok egyik vezet\u0151 hidraulikus hengergy\u00e1rt\u00f3j\u00e1v\u00e1 \u00e9s nagykereskedelmi forgalmaz\u00f3j\u00e1v\u00e1 v\u00e1ltunk. A kiv\u00e1l\u00f3s\u00e1g elv\u00e9t szem el\u0151tt tartva folyamatosan fejlesztj\u00fck technol\u00f3giai k\u00e9pess\u00e9geinket \u00e9s termel\u00e9si hat\u00e9konys\u00e1gunkat, a fejlett gy\u00e1rt\u00f3m\u0171hely\u00fcnkben finoman ir\u00e1ny\u00edtott iparos\u00edtott termel\u00e9sre t\u00e1maszkodva. Cs\u00facskateg\u00f3ri\u00e1s digit\u00e1lis gy\u00e1rt\u00f3berendez\u00e9sek \u00e9s professzion\u00e1lis tesztel\u0151rendszerek bevezet\u00e9s\u00e9vel optimaliz\u00e1ljuk gy\u00e1rt\u00e1si platformunkat \u00e9s t\u00f6k\u00e9letes\u00edtj\u00fck term\u00e9kmin\u0151s\u00e9g-ellen\u0151rz\u00e9si folyamatainkat, er\u0151s innov\u00e1ci\u00f3s k\u00e9pess\u00e9geket demonstr\u00e1lva. C\u00e9lunk, hogy a nagy hat\u00e9konys\u00e1g, a pontoss\u00e1g \u00e9s a kiv\u00e1l\u00f3 min\u0151s\u00e9g elveivel el\u00e9g\u00edts\u00fck ki \u00fcgyfeleink sokr\u00e9t\u0171 ig\u00e9nyeit.<\/p>\n<p><img","protected":false},"excerpt":{"rendered":"<p>Arm CylinderFor Yugong WY75-7-8 Introduction The Arm CylinderFor Yugong WY75-7-8 is a specialized hydraulic cylinder designed to provide linear motion and power for the arm of various types of machinery, such as excavators, cranes, and robotic arms. The arm cylinder plays a crucial role in hydraulic systems, enabling the efficient movement and control of additional [&hellip;]<\/p>","protected":false},"featured_media":14759,"comment_status":"open","ping_status":"closed","template":"","meta":{"_et_pb_use_builder":"","_et_pb_old_content":"","_et_gb_content_width":""},"product_brand":[],"product_cat":[1497],"product_tag":[1498,1496],"class_list":{"0":"post-16304","1":"product","2":"type-product","3":"status-publish","4":"has-post-thumbnail","6":"product_cat-arm-cylinders","7":"product_tag-arm-cylinders","8":"product_tag-hydraulic-cylinders","10":"first","11":"instock","12":"shipping-taxable","13":"product-type-simple"},"amp_enabled":true,"_links":{"self":[{"href":"https:\/\/www.hydraulic-cylinders.net\/hu\/wp-json\/wp\/v2\/product\/16304","targetHints":{"allow":["GET"]}}],"collection":[{"href":"https:\/\/www.hydraulic-cylinders.net\/hu\/wp-json\/wp\/v2\/product"}],"about":[{"href":"https:\/\/www.hydraulic-cylinders.net\/hu\/wp-json\/wp\/v2\/types\/product"}],"replies":[{"embeddable":true,"href":"https:\/\/www.hydraulic-cylinders.net\/hu\/wp-json\/wp\/v2\/comments?post=16304"}],"wp:featuredmedia":[{"embeddable":true,"href":"https:\/\/www.hydraulic-cylinders.net\/hu\/wp-json\/wp\/v2\/media\/14759"}],"wp:attachment":[{"href":"https:\/\/www.hydraulic-cylinders.net\/hu\/wp-json\/wp\/v2\/media?parent=16304"}],"wp:term":[{"taxonomy":"product_brand","embeddable":true,"href":"https:\/\/www.hydraulic-cylinders.net\/hu\/wp-json\/wp\/v2\/product_brand?post=16304"},{"taxonomy":"product_cat","embeddable":true,"href":"https:\/\/www.hydraulic-cylinders.net\/hu\/wp-json\/wp\/v2\/product_cat?post=16304"},{"taxonomy":"product_tag","embeddable":true,"href":"https:\/\/www.hydraulic-cylinders.net\/hu\/wp-json\/wp\/v2\/product_tag?post=16304"}],"curies":[{"name":"munkaf\u00fczet","href":"https:\/\/api.w.org\/{rel}","templated":true}]}}