{"id":16311,"date":"2025-01-20T09:04:33","date_gmt":"2025-01-20T09:04:33","guid":{"rendered":"https:\/\/www.hydraulic-cylinders.net\/product\/arm-cylinderfor-volvo-small-excavator-bl-60b\/"},"modified":"2025-01-20T09:04:41","modified_gmt":"2025-01-20T09:04:41","slug":"arm-cylinderfor-volvo-small-excavator-bl-60b","status":"publish","type":"product","link":"https:\/\/www.hydraulic-cylinders.net\/hu\/termek\/arm-cylinderfor-volvo-small-excavator-bl-60b\/","title":{"rendered":"Karhenger Volvo BL\/60B kis kotr\u00f3g\u00e9phez"},"content":{"rendered":"<h1>Karhenger Volvo BL\/60B kis kotr\u00f3g\u00e9phez<\/h1>\n<h2>Bevezet\u00e9s<\/h2>\n<p>A karhenger egy speci\u00e1lis hidraulikus henger, amelyet arra terveztek, hogy line\u00e1ris mozg\u00e1st \u00e9s er\u0151t biztos\u00edtson k\u00fcl\u00f6nf\u00e9le g\u00e9pek, p\u00e9ld\u00e1ul kotr\u00f3g\u00e9pek, daruk \u00e9s mechanikus karok karj\u00e1nak. A karhenger kritikus szerepet j\u00e1tszik a hidraulikus rendszerben, lehet\u0151v\u00e9 t\u00e9ve a tartoz\u00e9kok vagy tartoz\u00e9kok hat\u00e9kony mozg\u00e1s\u00e1t \u00e9s vez\u00e9rl\u00e9s\u00e9t. Ezek a hengerek nemcsak sima mozg\u00e1st biztos\u00edtanak, hanem nagy terhel\u00e9seket is elviselnek, biztos\u00edtva a g\u00e9pek hat\u00e9kony m\u0171k\u00f6d\u00e9s\u00e9t \u00e9s megb\u00edzhat\u00f3s\u00e1g\u00e1t k\u00fcl\u00f6nb\u00f6z\u0151 \u00fczemi k\u00f6r\u00fclm\u00e9nyek k\u00f6z\u00f6tt.<\/p>\n<p><img decoding=\"async\" src=\"https:\/\/www.hydraulic-cylinders.net\/wp-content\/uploads\/2025\/01\/songte-company-2.webp\" alt=\"karhenger k\u00e9pe\"><\/p>\n<h3>Defin\u00edci\u00f3 \u00e9s magyar\u00e1zat<\/h3>\n<p>A karhenger egy hidraulikus hengert\u00edpus, amelyet k\u00fcl\u00f6nf\u00e9le g\u00e9pekben haszn\u00e1lnak a kar line\u00e1ris mozg\u00e1s\u00e1nak \u00e9s erej\u00e9nek biztos\u00edt\u00e1s\u00e1ra. Egy hengeres hengerb\u0151l, egy dugatty\u00fab\u00f3l \u00e9s egy dugatty\u00far\u00fadb\u00f3l \u00e1ll, \u00e9s nyom\u00e1s alatt \u00e1ll\u00f3 hidraulikus folyad\u00e9k seg\u00edts\u00e9g\u00e9vel m\u0171k\u00f6dik. A karhenger a hidraulikus rendszer kulcsfontoss\u00e1g\u00fa eleme, amely lehet\u0151v\u00e9 teszi a tartoz\u00e9kok vagy tartoz\u00e9kok hat\u00e9kony mozg\u00e1s\u00e1t \u00e9s vez\u00e9rl\u00e9s\u00e9t. Tervez\u00e9se \u00e9s kivitelez\u00e9se kritikus fontoss\u00e1g\u00fa a g\u00e9pek hat\u00e9kony m\u0171k\u00f6d\u00e9s\u00e9nek \u00e9s megb\u00edzhat\u00f3s\u00e1g\u00e1nak biztos\u00edt\u00e1sa \u00e9rdek\u00e9ben k\u00fcl\u00f6nb\u00f6z\u0151 \u00fczemi k\u00f6r\u00fclm\u00e9nyek k\u00f6z\u00f6tt.<\/p>\n<h2>Term\u00e9kjellemz\u0151k<\/h2>\n<ul>\n<li>\n<h3>Hat\u00e9kony er\u0151\u00e1tvitel<\/h3>\n<p>A karhenger er\u0151teljes line\u00e1ris mozg\u00e1st \u00e9s er\u0151t biztos\u00edt, biztos\u00edtva a mechanikus kar hat\u00e9kony teljes\u00edtm\u00e9ny\u00e9t k\u00fcl\u00f6nb\u00f6z\u0151 m\u0171veletek sor\u00e1n.<\/p>\n<\/li>\n<li>\n<h3>Prec\u00edz vez\u00e9rl\u00e9s<\/h3>\n<p>A hidraulikus rendszeren kereszt\u00fcl a karhenger prec\u00edz mozg\u00e1svez\u00e9rl\u00e9st tesz lehet\u0151v\u00e9, \u00edgy a tartoz\u00e9kok m\u0171k\u00f6dtet\u00e9se rugalmasabb \u00e9s pontosabb.<\/p>\n<\/li>\n<li>\n<h3>Tart\u00f3ss\u00e1g<\/h3>\n<p>A karhenger jellemz\u0151en nagy szil\u00e1rds\u00e1g\u00fa anyagokb\u00f3l k\u00e9sz\u00fcl, j\u00f3 kop\u00e1s- \u00e9s korr\u00f3zi\u00f3\u00e1ll\u00f3s\u00e1ggal, \u00edgy alkalmas hossz\u00fa t\u00e1v\u00fa haszn\u00e1latra zord k\u00f6rnyezetben.<\/p>\n<\/li>\n<li>\n<h3>T\u00f6bbfunkci\u00f3s alkalmazkod\u00f3k\u00e9pess\u00e9g<\/h3>\n<p>Ezek a hengerek sz\u00e9les k\u00f6rben alkalmazhat\u00f3k k\u00fcl\u00f6nf\u00e9le g\u00e9pekben, p\u00e9ld\u00e1ul kotr\u00f3g\u00e9pekben, darukban \u00e9s mechanikus karokban, hogy megfeleljenek a k\u00fcl\u00f6nb\u00f6z\u0151 munkak\u00f6vetelm\u00e9nyeknek.<\/p>\n<\/li>\n<li>\n<h3>K\u00f6nny\u0171 karbantart\u00e1s<\/h3>\n<p>A tervez\u00e9s sor\u00e1n figyelembe vett\u00e9k a karbantart\u00e1s \u00e9s a csere egyszer\u0171s\u00e9g\u00e9t, \u00edgy a rendszeres ellen\u0151rz\u00e9sek \u00e9s karbantart\u00e1s k\u00e9nyelmesebb\u00e9 v\u00e1lt, \u00e9s cs\u00f6kkentett\u00e9k a berendez\u00e9sek \u00e1ll\u00e1sidej\u00e9t.<\/p>\n<\/li>\n<\/ul>\n<p><img decoding=\"async\" src=\"https:\/\/www.hydraulic-cylinders.net\/wp-content\/uploads\/2025\/01\/songte-oil-pipes-and-spare-parts.webp\" alt=\"p\u00f3talkatr\u00e9szek k\u00e9pe\"><\/p>\n<h2>Alkalmaz\u00e1si forgat\u00f3k\u00f6nyvek<\/h2>\n<p>A karhengert sz\u00e9les k\u00f6rben haszn\u00e1lj\u00e1k k\u00fcl\u00f6nf\u00e9le ipar\u00e1gakban \u00e9s alkalmaz\u00e1sokban, bele\u00e9rtve:<\/p>\n<ul>\n<li>\n<h3>\u00c9p\u00edt\u0151m\u00e9rn\u00f6ki<\/h3>\n<p>Kotr\u00f3g\u00e9pekn\u00e9l \u00e9s darukn\u00e1l a karhengert a v\u00f6dr\u00f6k vagy g\u00e9mek mozg\u00e1s\u00e1nak vez\u00e9rl\u00e9s\u00e9re haszn\u00e1lj\u00e1k f\u00f6ldmunk\u00e1khoz, anyagmozgat\u00e1shoz \u00e9s szerkezeti telep\u00edt\u00e9sekhez.<\/p>\n<\/li>\n<li>\n<h3>Gy\u00e1rt\u00e1s<\/h3>\n<p>Az automatiz\u00e1lt gy\u00e1rt\u00f3sorokon a karhengert mechanikus karok mozgat\u00e1s\u00e1ra, \u00f6sszeszerel\u00e9si, hegeszt\u00e9si \u00e9s anyagmozgat\u00e1si folyamatokhoz haszn\u00e1lj\u00e1k, jav\u00edtva a termel\u00e9si hat\u00e9konys\u00e1got \u00e9s a pontoss\u00e1got.<\/p>\n<\/li>\n<li>\n<h3>Mez\u0151gazdas\u00e1gi g\u00e9pek<\/h3>\n<p>A mez\u0151gazdas\u00e1gi g\u00e9pekben, p\u00e9ld\u00e1ul a betakar\u00edt\u00f3g\u00e9pekben \u00e9s a vet\u0151g\u00e9pekben a karhenger vez\u00e9rli a m\u0171k\u00f6dtet\u0151 kar mozg\u00e1s\u00e1t, olyan feladatokat l\u00e1tva el, mint az vet\u00e9s, a tr\u00e1gy\u00e1z\u00e1s \u00e9s a betakar\u00edt\u00e1s.<\/p>\n<\/li>\n<li>\n<h3>B\u00e1ny\u00e1szati<\/h3>\n<p>B\u00e1ny\u00e1szati \u200b\u200bberendez\u00e9sekben a karhengert a b\u00e1ny\u00e1szati \u200b\u200bberendez\u00e9sek karj\u00e1nak mozg\u00e1s\u00e1nak vez\u00e9rl\u00e9s\u00e9re haszn\u00e1lj\u00e1k az \u00e9rc kitermel\u00e9se \u00e9s kezel\u00e9se sor\u00e1n.<\/p>\n<\/li>\n<li>\n<h3>Logisztika \u00e9s sz\u00e1ll\u00edtm\u00e1nyoz\u00e1s<\/h3>\n<p>Targonc\u00e1kban \u00e9s anyagmozgat\u00f3 robotokban a karhenger az \u00e1ruk emel\u00e9s\u00e9nek \u00e9s mozgat\u00e1s\u00e1nak vez\u00e9rl\u00e9s\u00e9re, az anyagmozgat\u00e1s \u00e9s a rakod\u00e1s elv\u00e9gz\u00e9s\u00e9re szolg\u00e1l.<\/p>\n<\/li>\n<\/ul>\n<h2>Tervez\u00e9si szempontok \u00e9s kiv\u00e1laszt\u00e1si krit\u00e9riumok<\/h2>\n<p>A hengerfej tervez\u00e9sekor \u00e9s kiv\u00e1laszt\u00e1sakor sz\u00e1mos t\u00e9nyez\u0151t kell figyelembe venni:<\/p>\n<ul>\n<li>\n<h3>Teherb\u00edr\u00e1s<\/h3>\n<p>A karhenger teherb\u00edr\u00e1s\u00e1nak meg kell felelnie a g\u00e9p k\u00f6vetelm\u00e9nyeinek, biztos\u00edtva a hat\u00e9kony \u00e9s biztons\u00e1gos m\u0171k\u00f6d\u00e9st.<\/p>\n<\/li>\n<li>\n<h3>T\u00f6m\u00edt\u00e9s \u00e9s ken\u00e9s<\/h3>\n<p>A karhenger k\u00fcl\u00f6nf\u00e9le t\u00f6m\u00edt\u0151elemeket haszn\u00e1l, p\u00e9ld\u00e1ul dugatty\u00fat\u00f6m\u00edt\u00e9seket \u00e9s r\u00fadt\u00f6m\u00edt\u00e9seket a folyad\u00e9ksziv\u00e1rg\u00e1s megakad\u00e1lyoz\u00e1s\u00e1ra \u00e9s a folyad\u00e9knyom\u00e1s fenntart\u00e1s\u00e1ra. A ken\u00e9s szint\u00e9n kritikus fontoss\u00e1g\u00fa a mozg\u00f3 alkatr\u00e9szek k\u00f6z\u00f6tti s\u00farl\u00f3d\u00e1s cs\u00f6kkent\u00e9se \u00e9s a kop\u00e1s megel\u0151z\u00e9se \u00e9rdek\u00e9ben.<\/p>\n<\/li>\n<li>\n<h3>Tart\u00f3ss\u00e1g<\/h3>\n<p>A karhengernek nagy szil\u00e1rds\u00e1g\u00fa anyagokb\u00f3l kell k\u00e9sz\u00fclnie, \u00e9s szigor\u00fa tesztel\u00e9sen kell \u00e1tesnie a megb\u00edzhat\u00f3s\u00e1g \u00e9s a hossz\u00fa \u00e9lettartam biztos\u00edt\u00e1sa \u00e9rdek\u00e9ben zord \u00fczemi k\u00f6r\u00fclm\u00e9nyek k\u00f6z\u00f6tt.<\/p>\n<\/li>\n<li>\n<h3>Biztons\u00e1g<\/h3>\n<p>A karhengernek biztons\u00e1gi funkci\u00f3kkal, p\u00e9ld\u00e1ul nyom\u00e1scs\u00f6kkent\u0151 szelepekkel \u00e9s v\u00e9szle\u00e1ll\u00edt\u00f3 gombokkal kell rendelkeznie a balesetek megel\u0151z\u00e9se \u00e9s a biztons\u00e1gos m\u0171k\u00f6d\u00e9s biztos\u00edt\u00e1sa \u00e9rdek\u00e9ben.<\/p>\n<\/li>\n<li>\n<h3>Karbantart\u00e1s<\/h3>\n<p>A karhengert \u00fagy kell kialak\u00edtani, hogy k\u00f6nnyen karbantarthat\u00f3 \u00e9s cser\u00e9lhet\u0151 legyen, hozz\u00e1f\u00e9rhet\u0151 alkatr\u00e9szekkel \u00e9s egy\u00e9rtelm\u0171 utas\u00edt\u00e1sokkal a rendszeres ellen\u0151rz\u00e9sekhez \u00e9s jav\u00edt\u00e1sokhoz.<\/p>\n<\/li>\n<\/ul>\n<p><img decoding=\"async\" src=\"https:\/\/www.hydraulic-cylinders.net\/wp-content\/uploads\/2025\/01\/songte-cylinder-head-with-all-kinds-excavator-models.webp\" alt=\"p\u00f3talkatr\u00e9szek k\u00e9pe\"><\/p>\n<h2>T\u00f6m\u00edt\u00e9s \u00e9s ken\u00e9s<\/h2>\n<p>A karhenger k\u00fcl\u00f6nf\u00e9le t\u00f6m\u00edt\u0151elemeket haszn\u00e1l, p\u00e9ld\u00e1ul dugatty\u00fat\u00f6m\u00edt\u00e9seket, r\u00fadt\u00f6m\u00edt\u00e9seket \u00e9s ablakt\u00f6rl\u0151 t\u00f6m\u00edt\u00e9seket a folyad\u00e9ksziv\u00e1rg\u00e1s megakad\u00e1lyoz\u00e1sa \u00e9s a folyad\u00e9knyom\u00e1s fenntart\u00e1sa \u00e9rdek\u00e9ben. A t\u00f6m\u00edt\u0151elemek jellemz\u0151en kop\u00e1s\u00e1ll\u00f3 anyagokb\u00f3l, p\u00e9ld\u00e1ul poliuret\u00e1nb\u00f3l \u00e9s nitrilgumib\u00f3l k\u00e9sz\u00fclnek, nagy szil\u00e1rds\u00e1g\u00fa sz\u00f6veter\u0151s\u00edt\u00e9ssel. Ezenk\u00edv\u00fcl a hengertestet \u00e9s a r\u00fadfel\u00fcletet gondosan megmunk\u00e1lj\u00e1k a kop\u00e1s\u00e1ll\u00f3s\u00e1g fokoz\u00e1sa \u00e9s a s\u00farl\u00f3d\u00e1s cs\u00f6kkent\u00e9se \u00e9rdek\u00e9ben.<\/p>\n<p>A karhengert rendszeresen kell kenni megfelel\u0151 hidraulikafolyad\u00e9kkal, az \u00fczemi k\u00f6r\u00fclm\u00e9nyekt\u0151l \u00e9s a gy\u00e1rt\u00f3 aj\u00e1nl\u00e1sait\u00f3l f\u00fcgg\u0151en. A folyad\u00e9knak tiszt\u00e1nak \u00e9s szennyez\u0151d\u00e9sekt\u0151l mentesnek kell lennie a k\u00e1rosod\u00e1s megel\u0151z\u00e9se \u00e9s a z\u00f6kken\u0151mentes m\u0171k\u00f6d\u00e9s biztos\u00edt\u00e1sa \u00e9rdek\u00e9ben.<\/p>\n<p><img decoding=\"async\" src=\"https:\/\/www.hydraulic-cylinders.net\/wp-content\/uploads\/2025\/01\/songte-chushion-collar.webp\" alt=\"p\u00f3talkatr\u00e9szek k\u00e9pe\"><\/p>\n<h2>Karbantart\u00e1s \u00e9s jav\u00edt\u00e1s<\/h2>\n<p>A karhenger megb\u00edzhat\u00f3 m\u0171k\u00f6d\u00e9s\u00e9nek \u00e9s hossz\u00fa \u00e9lettartam\u00e1nak biztos\u00edt\u00e1s\u00e1hoz elengedhetetlen a rendszeres ellen\u0151rz\u00e9s \u00e9s karbantart\u00e1s. A k\u00f6vetkez\u0151 int\u00e9zked\u00e9seket kell megtenni:<\/p>\n<ul>\n<li>\n<h3>Ellen\u0151rizze a hengertestet \u00e9s a rudat kop\u00e1s, korr\u00f3zi\u00f3 vagy s\u00e9r\u00fcl\u00e9s jelei szempontj\u00e1b\u00f3l.<\/h3>\n<\/li>\n<li>\n<h3>Ellen\u0151rizze a t\u00f6m\u00edt\u00e9seket s\u00e9r\u00fcl\u00e9s, sziv\u00e1rg\u00e1s vagy t\u00falzott kop\u00e1s szempontj\u00e1b\u00f3l.<\/h3>\n<\/li>\n<li>\n<h3>Ellen\u0151rizze a folyad\u00e9k szintj\u00e9t \u00e9s min\u0151s\u00e9g\u00e9t, \u00e9s sz\u00fcks\u00e9g eset\u00e9n cser\u00e9lje ki a folyad\u00e9kot.<\/h3>\n<\/li>\n<li>\n<h3>Ellen\u0151rizze a r\u00f6gz\u00edt\u0151csavarok \u00e9s csatlakoz\u00e1sok megh\u00faz\u00e1s\u00e1t \u00e9s kop\u00e1s\u00e1t.<\/h3>\n<\/li>\n<li>\n<h3>Cser\u00e9lje ki a s\u00e9r\u00fclt vagy kopott alkatr\u00e9szeket eredeti cserealkatr\u00e9szekre.<\/h3>\n<\/li>\n<\/ul>\n<p>Javasolt a megel\u0151z\u0151 karbantart\u00e1st rendszeres \u00fctemterv szerint, p\u00e9ld\u00e1ul 500 \u00fczem\u00f3r\u00e1nk\u00e9nt elv\u00e9gezni, hogy a lehets\u00e9ges probl\u00e9m\u00e1kat m\u00e9g azel\u0151tt azonos\u00edtani \u00e9s kezelni lehessen, miel\u0151tt azok komolyabb probl\u00e9m\u00e1kk\u00e1 v\u00e1ln\u00e1nak.<\/p>\n<h2>Telep\u00edt\u00e9si \u00fatmutat\u00f3<\/h2>\n<p>A karhengert a gy\u00e1rt\u00f3 utas\u00edt\u00e1sainak \u00e9s a k\u00f6vetkez\u0151 ir\u00e1nyelveknek megfelel\u0151en kell felszerelni:<\/p>\n<ul>\n<li>\n<h3>Vizsg\u00e1lja meg a r\u00f6gz\u00edt\u00e9si fel\u00fcletet, \u00e9s gy\u0151z\u0151dj\u00f6n meg arr\u00f3l, hogy tiszta \u00e9s s\u00edk.<\/h3>\n<\/li>\n<li>\n<h3>Igaz\u00edtsa a r\u00f6gz\u00edt\u0151furatokat \u00e9s csavarokat a hengerhez, majd h\u00fazza meg azokat az aj\u00e1nlott nyomat\u00e9kkal.<\/h3>\n<\/li>\n<li>\n<h3>Csatlakoztassa a hidraulikat\u00f6ml\u0151ket \u00e9s szerelv\u00e9nyeket a hengerhez, \u00e9s gy\u0151z\u0151dj\u00f6n meg arr\u00f3l, hogy biztons\u00e1gosan meg vannak h\u00fazva.<\/h3>\n<\/li>\n<li>\n<h3>T\u00f6ltse fel a hidraulikus rendszert az aj\u00e1nlott folyad\u00e9kkal, \u00e9s l\u00e9gtelen\u00edtse a rendszert.<\/h3>\n<\/li>\n<li>\n<h3>Ellen\u0151rizze a henger m\u0171k\u00f6d\u00e9s\u00e9t \u00e9s sziv\u00e1rg\u00e1smentess\u00e9g\u00e9t.<\/h3>\n<\/li>\n<\/ul>\n<p><img decoding=\"async\" src=\"https:\/\/www.hydraulic-cylinders.net\/wp-content\/uploads\/2025\/01\/songte-bushings-with-all-kinds-of-excavator-models.webp\" alt=\"p\u00f3talkatr\u00e9szek k\u00e9pe\"><\/p>\n<h2>Biztons\u00e1gi szempontok \u00e9s k\u00f6rnyezeti t\u00e9nyez\u0151k<\/h2>\n<p>A biztons\u00e1gi int\u00e9zked\u00e9sek, p\u00e9ld\u00e1ul a nyom\u00e1scs\u00f6kkent\u0151 szelepek, a v\u00e9szle\u00e1ll\u00edt\u00f3 gombok \u00e9s a biztons\u00e1gi v\u00e9d\u0151burkolatok haszn\u00e1lata elengedhetetlen a balesetek megel\u0151z\u00e9se \u00e9s a karhenger biztons\u00e1gos m\u0171k\u00f6d\u00e9s\u00e9nek biztos\u00edt\u00e1sa \u00e9rdek\u00e9ben. A berendez\u00e9s \u00fczemeltet\u00e9se vagy rajta v\u00e9gzett munka sor\u00e1n elengedhetetlen a helyi biztons\u00e1gi el\u0151\u00edr\u00e1sok \u00e9s ir\u00e1nyelvek betart\u00e1sa is.<\/p>\n<p>A karhenger k\u00f6rnyezeti hat\u00e1s\u00e1t is figyelembe kell venni, p\u00e9ld\u00e1ul a k\u00f6rnyezetbar\u00e1t hidraulikafolyad\u00e9kok haszn\u00e1lat\u00e1t, valamint a haszn\u00e1lt folyad\u00e9kok \u00e9s alkatr\u00e9szek megfelel\u0151 \u00e1rtalmatlan\u00edt\u00e1s\u00e1t.<\/p>\n<h2>Hibaelh\u00e1r\u00edt\u00e1s \u00e9s gyakori probl\u00e9m\u00e1k<\/h2>\n<p>Az al\u00e1bbiakban felsoroljuk a gyakori probl\u00e9m\u00e1kat \u00e9s azok lehets\u00e9ges okait:<\/p>\n<ul>\n<li>\n<h3>Sziv\u00e1rg\u00f3 folyad\u00e9k<\/h3>\n<p>A hiba oka lehet s\u00e9r\u00fclt t\u00f6m\u00edt\u00e9s, laza csatlakoz\u00e1s vagy kopott alkatr\u00e9szek. A hengert ellen\u0151rizni \u00e9s sz\u00fcks\u00e9g szerint jav\u00edtani kell.<\/p>\n<\/li>\n<li>\n<h3>Lass\u00fa vagy k\u00f6vetkezetlen mozg\u00e1s<\/h3>\n<p>Az ok lehet alacsony folyad\u00e9kszint, leveg\u0151 a rendszerben vagy kopott alkatr\u00e9szek. Ellen\u0151rizni kell a folyad\u00e9kszintet, \u00e9s sz\u00fcks\u00e9g eset\u00e9n l\u00e9gtelen\u00edteni kell a rendszert. A hengert is ellen\u0151rizni kell kopott vagy s\u00e9r\u00fclt alkatr\u00e9szek szempontj\u00e1b\u00f3l.<\/p>\n<\/li>\n<li>\n<h3>Nincs mozg\u00e1s<\/h3>\n<p>Az ok lehet egy \u00fcres hidraulikaolaj-tart\u00e1ly, egy s\u00e9r\u00fclt vagy elt\u00f6m\u0151d\u00f6tt hidraulikat\u00f6ml\u0151, vagy egy hib\u00e1s hidraulikaszivatty\u00fa. A tart\u00e1lyt \u00fajra kell t\u00f6lteni, a t\u00f6ml\u0151t ellen\u0151rizni kell, a szivatty\u00fat pedig tesztelni \u00e9s sz\u00fcks\u00e9g eset\u00e9n ki kell cser\u00e9lni.<\/p>\n<\/li>\n<li>\n<h3>T\u00falzott zaj vagy rezg\u00e9s<\/h3>\n<p>A hiba oka lehet kopott vagy s\u00e9r\u00fclt alkatr\u00e9szek, laza csatlakoz\u00e1sok vagy hib\u00e1s be\u00e1ll\u00edt\u00e1s. A hengert ellen\u0151rizni \u00e9s sz\u00fcks\u00e9g szerint jav\u00edtani kell.<\/p>\n<\/li>\n<\/ul>\n<p>Ezen probl\u00e9m\u00e1k megel\u0151z\u00e9se \u00e9rdek\u00e9ben rendszeres ellen\u0151rz\u00e9sek \u00e9s karbantart\u00e1s, valamint eredeti cserealkatr\u00e9szek \u00e9s megfelel\u0151 hidraulikafolyad\u00e9kok haszn\u00e1lata aj\u00e1nlott.<\/p>\n<h2>R\u00f3lunk<\/h2>\n<p>Professzion\u00e1lis hidraulikus hengergy\u00e1rt\u00f3k\u00e9nt m\u0171k\u00f6d\u00fcnk, sz\u00e9les term\u00e9k- \u00e9s szolg\u00e1ltat\u00e1sv\u00e1laszt\u00e9kkal. A hazai \u00e9s nemzetk\u00f6zi piacok vezet\u0151 hidraulikus hengergy\u00e1rt\u00f3j\u00e1v\u00e1 \u00e9s nagykereskedelmi forgalmaz\u00f3j\u00e1v\u00e1 v\u00e1ltunk. A kiv\u00e1l\u00f3 min\u0151s\u00e9g elv\u00e9t k\u00f6vetj\u00fck, \u00e9s a finomgy\u00e1rt\u00f3 m\u0171helyek ipari termel\u00e9sir\u00e1ny\u00edt\u00e1si strat\u00e9gi\u00e1j\u00e1ra t\u00e1maszkodunk m\u0171szaki sz\u00ednvonalunk \u00e9s termel\u00e9si hat\u00e9konys\u00e1gunk folyamatos fejleszt\u00e9se \u00e9rdek\u00e9ben. Cs\u00facskateg\u00f3ri\u00e1s digit\u00e1lis gy\u00e1rt\u00f3berendez\u00e9sek \u00e9s professzion\u00e1lis tesztel\u0151rendszerek bevezet\u00e9s\u00e9vel folyamatosan optimaliz\u00e1ljuk gy\u00e1rt\u00e1si platformunkat, fejlesztj\u00fck term\u00e9kmin\u0151s\u00e9g-ellen\u0151rz\u00e9si folyamatainkat, \u00e9s er\u0151s innov\u00e1ci\u00f3s k\u00e9pess\u00e9gekkel rendelkez\u00fcnk. C\u00e9lunk, hogy a hat\u00e9konys\u00e1g, a pontoss\u00e1g \u00e9s a magas min\u0151s\u00e9g elveivel el\u00e9g\u00edts\u00fck ki \u00fcgyfeleink sokr\u00e9t\u0171 ig\u00e9nyeit.<\/p>\n<p><img decoding=\"async\" src=\"https:\/\/www.hydraulic-cylinders.net\/wp-content\/uploads\/2025\/01\/songte-company-4.webp\" alt=\"c\u00e9ges im\u00e1zs\"><br \/>\n<img decoding=\"async\" src=\"https:\/\/www.hydraulic-cylinders.net\/wp-content\/uploads\/2025\/01\/songte-company-3.webp\" alt=\"c\u00e9ges im\u00e1zs\"><\/p>\n<h3>Szakmaiass\u00e1g<\/h3>\n<p>Tapasztalt m\u00e9rn\u00f6k\u00f6kb\u0151l \u00e9s technikusokb\u00f3l \u00e1ll\u00f3 csapatunk hidraulikus hengerek tervez\u00e9s\u00e9re, fejleszt\u00e9s\u00e9re \u00e9s min\u0151s\u00e9gellen\u0151rz\u00e9s\u00e9re specializ\u00e1l\u00f3dott. Teljes k\u00f6r\u0171 testreszab\u00e1si szolg\u00e1ltat\u00e1sokat is k\u00edn\u00e1lunk, hogy megfelelj\u00fcnk \u00fcgyfeleink egyedi ig\u00e9nyeinek.<\/p>\n<h3>Nemzetk\u00f6zi min\u0151s\u00edt\u00e9s<\/h3>\n<p>Term\u00e9keink sz\u00e1mos nemzetk\u00f6zi tan\u00fas\u00edtv\u00e1nnyal rendelkeznek, mint p\u00e9ld\u00e1ul az ISO 9001 \u00e9s a CE, ami garant\u00e1lja min\u0151s\u00e9g\u00fcket \u00e9s megb\u00edzhat\u00f3s\u00e1gukat.<\/p>\n<h3>Testreszab\u00e1si szolg\u00e1ltat\u00e1sok<\/h3>\n<p>Teljes k\u00f6r\u0171 testreszab\u00e1si szolg\u00e1ltat\u00e1sokat k\u00edn\u00e1lunk, bele\u00e9rtve a tervez\u00e9st, fejleszt\u00e9st \u00e9s gy\u00e1rt\u00e1st, hogy megfelelj\u00fcnk \u00fcgyfeleink egyedi ig\u00e9nyeinek \u00e9s alkalmaz\u00e1sainak.<\/p>\n<h3>Termel\u00e9si berendez\u00e9sek<\/h3>\n<p>Sz\u00e9lesk\u00f6r\u0171, fejlett digit\u00e1lis gy\u00e1rt\u00f3berendez\u00e9sekkel rendelkez\u00fcnk, bele\u00e9rtve CNC g\u00e9peket, eszterg\u00e1kat, s\u00edkcsiszol\u00f3kat \u00e9s vizsg\u00e1l\u00f3rendszereket, term\u00e9keink pontoss\u00e1g\u00e1nak \u00e9s min\u0151s\u00e9g\u00e9nek biztos\u00edt\u00e1sa \u00e9rdek\u00e9ben.<\/p>\n<h3>\u00c9rt\u00e9kes\u00edt\u00e9s ut\u00e1ni szolg\u00e1ltat\u00e1s<\/h3>\n<p>\u00c1tfog\u00f3 \u00e9rt\u00e9kes\u00edt\u00e9s ut\u00e1ni szolg\u00e1ltat\u00e1sokat k\u00edn\u00e1lunk, bele\u00e9rtve a m\u0171szaki t\u00e1mogat\u00e1st, a karbantart\u00e1st \u00e9s a jav\u00edt\u00e1st, hogy biztos\u00edtsuk \u00fcgyfeleink el\u00e9gedetts\u00e9g\u00e9t \u00e9s term\u00e9keink hossz\u00fa t\u00e1v\u00fa haszn\u00e1lat\u00e1t.<\/p>\n<p>Szerz\u0151: lyl<\/p>","protected":false},"excerpt":{"rendered":"<p>Arm Cylinder For Volvo Small Excavator BL\/60B Introduction An arm cylinder is a specialized hydraulic cylinder designed to provide linear motion and power to the arm of various types of machinery such as excavators, cranes, and mechanical arms. The arm cylinder plays a critical role in the hydraulic system, enabling the effective movement and control [&hellip;]<\/p>","protected":false},"featured_media":14770,"comment_status":"open","ping_status":"closed","template":"","meta":{"_et_pb_use_builder":"","_et_pb_old_content":"","_et_gb_content_width":""},"product_brand":[],"product_cat":[1497],"product_tag":[1498,1496],"class_list":{"0":"post-16311","1":"product","2":"type-product","3":"status-publish","4":"has-post-thumbnail","6":"product_cat-arm-cylinders","7":"product_tag-arm-cylinders","8":"product_tag-hydraulic-cylinders","10":"first","11":"instock","12":"shipping-taxable","13":"product-type-simple"},"amp_enabled":true,"_links":{"self":[{"href":"https:\/\/www.hydraulic-cylinders.net\/hu\/wp-json\/wp\/v2\/product\/16311","targetHints":{"allow":["GET"]}}],"collection":[{"href":"https:\/\/www.hydraulic-cylinders.net\/hu\/wp-json\/wp\/v2\/product"}],"about":[{"href":"https:\/\/www.hydraulic-cylinders.net\/hu\/wp-json\/wp\/v2\/types\/product"}],"replies":[{"embeddable":true,"href":"https:\/\/www.hydraulic-cylinders.net\/hu\/wp-json\/wp\/v2\/comments?post=16311"}],"wp:featuredmedia":[{"embeddable":true,"href":"https:\/\/www.hydraulic-cylinders.net\/hu\/wp-json\/wp\/v2\/media\/14770"}],"wp:attachment":[{"href":"https:\/\/www.hydraulic-cylinders.net\/hu\/wp-json\/wp\/v2\/media?parent=16311"}],"wp:term":[{"taxonomy":"product_brand","embeddable":true,"href":"https:\/\/www.hydraulic-cylinders.net\/hu\/wp-json\/wp\/v2\/product_brand?post=16311"},{"taxonomy":"product_cat","embeddable":true,"href":"https:\/\/www.hydraulic-cylinders.net\/hu\/wp-json\/wp\/v2\/product_cat?post=16311"},{"taxonomy":"product_tag","embeddable":true,"href":"https:\/\/www.hydraulic-cylinders.net\/hu\/wp-json\/wp\/v2\/product_tag?post=16311"}],"curies":[{"name":"munkaf\u00fczet","href":"https:\/\/api.w.org\/{rel}","templated":true}]}}