{"id":16314,"date":"2025-01-20T09:04:51","date_gmt":"2025-01-20T09:04:51","guid":{"rendered":"https:\/\/www.hydraulic-cylinders.net\/product\/arm-cylinderfor-volvo-small-excavator-ec55b\/"},"modified":"2025-01-20T09:04:53","modified_gmt":"2025-01-20T09:04:53","slug":"arm-cylinderfor-volvo-small-excavator-ec55b","status":"publish","type":"product","link":"https:\/\/www.hydraulic-cylinders.net\/hu\/termek\/arm-cylinderfor-volvo-small-excavator-ec55b\/","title":{"rendered":"Karhenger Volvo kis kotr\u00f3g\u00e9phez EC55B"},"content":{"rendered":"<h1>Karhenger Volvo kis kotr\u00f3g\u00e9phez EC55B<\/h1>\n<h2>Bevezet\u00e9s<\/h2>\n<p>A karhenger egy speci\u00e1lisan tervezett hidraulikus henger, amely line\u00e1ris mozg\u00e1st \u00e9s er\u0151t biztos\u00edt k\u00fcl\u00f6nf\u00e9le g\u00e9pek, p\u00e9ld\u00e1ul kotr\u00f3g\u00e9pek, daruk \u00e9s robotkarok karj\u00e1nak. Kulcsfontoss\u00e1g\u00fa szerepet j\u00e1tszik a hidraulikus rendszerekben, lehet\u0151v\u00e9 t\u00e9ve a tov\u00e1bbi szersz\u00e1mok vagy tartoz\u00e9kok hat\u00e9kony mozgat\u00e1s\u00e1t \u00e9s vez\u00e9rl\u00e9s\u00e9t. Ezek a hengerek nemcsak sima mozg\u00e1st biztos\u00edtanak, hanem nagy terhel\u00e9seket is elviselnek, biztos\u00edtva a hat\u00e9kony m\u0171k\u00f6d\u00e9st \u00e9s megb\u00edzhat\u00f3s\u00e1got k\u00fcl\u00f6nb\u00f6z\u0151 munkak\u00f6r\u00fclm\u00e9nyek k\u00f6z\u00f6tt.<\/p>\n<p><img decoding=\"async\" src=\"https:\/\/www.hydraulic-cylinders.net\/wp-content\/uploads\/2025\/01\/songte-company-2.webp\" alt=\"Karhenger\" \/><\/p>\n<h2>Jellemz\u0151k<\/h2>\n<ul>\n<li>Nagy hat\u00e9konys\u00e1g\u00fa er\u0151\u00e1tvitel: A karhenger er\u0151teljes line\u00e1ris mozg\u00e1st \u00e9s er\u0151t biztos\u00edt, biztos\u00edtva a nagy teljes\u00edtm\u00e9nyt k\u00fcl\u00f6nf\u00e9le m\u0171veletek sor\u00e1n.<\/li>\n<li>Prec\u00edz vez\u00e9rl\u00e9s: A hidraulikus rendszeren kereszt\u00fcl a karhenger prec\u00edz mozg\u00e1svez\u00e9rl\u00e9st tesz lehet\u0151v\u00e9, \u00edgy a csatlakoztatott eszk\u00f6z\u00f6k m\u0171k\u00f6dtet\u00e9se rugalmasabb \u00e9s pontosabb.<\/li>\n<li>Tart\u00f3ss\u00e1g: A karos munkahengerek jellemz\u0151en nagy szil\u00e1rds\u00e1g\u00fa anyagokb\u00f3l k\u00e9sz\u00fclnek, kiv\u00e1l\u00f3 kop\u00e1s- \u00e9s korr\u00f3zi\u00f3\u00e1ll\u00f3s\u00e1ggal rendelkeznek, \u00edgy alkalmasak hossz\u00fa t\u00e1v\u00fa haszn\u00e1latra zord k\u00f6rnyezetben.<\/li>\n<li>T\u00f6bbfunkci\u00f3s alkalmazkod\u00f3k\u00e9pess\u00e9g: Ezek a munkahengerek sz\u00e9les k\u00f6rben alkalmazhat\u00f3k k\u00fcl\u00f6nf\u00e9le g\u00e9peken, p\u00e9ld\u00e1ul kotr\u00f3g\u00e9peken, darukon \u00e9s robotkarokon, alkalmazkodva a k\u00fcl\u00f6nb\u00f6z\u0151 munkak\u00f6vetelm\u00e9nyekhez.<\/li>\n<li>K\u00f6nny\u0171 karbantart\u00e1s: A karhenger kialak\u00edt\u00e1sa figyelembe veszi a karbantart\u00e1s \u00e9s a csere egyszer\u0171s\u00e9g\u00e9t, \u00edgy a rendszeres ellen\u0151rz\u00e9s \u00e9s karbantart\u00e1s k\u00e9nyelmes, cs\u00f6kkentve a berendez\u00e9s \u00e1ll\u00e1sidej\u00e9t.<\/li>\n<\/ul>\n<p><img decoding=\"async\" src=\"https:\/\/www.hydraulic-cylinders.net\/wp-content\/uploads\/2025\/01\/songte-oil-pipes-and-spare-parts.webp\" alt=\"Hidraulikus henger\" \/><\/p>\n<h2>Alkalmaz\u00e1sok<\/h2>\n<p>A karos henger sz\u00e1mos ipar\u00e1gban alkalmazhat\u00f3:<\/p>\n<h3>1. \u00c9p\u00edt\u0151m\u00e9rn\u00f6ki tudom\u00e1nyok<\/h3>\n<p>Kotr\u00f3g\u00e9pekben \u00e9s darukban a karhengert a v\u00f6dr\u00f6k vagy g\u00e9mek mozg\u00e1s\u00e1nak vez\u00e9rl\u00e9s\u00e9re haszn\u00e1lj\u00e1k f\u00f6ldmunk\u00e1kn\u00e1l, anyagmozgat\u00e1sn\u00e1l \u00e9s szerkezeti telep\u00edt\u00e9sekn\u00e9l.<\/p>\n<h3>2. Gy\u00e1rt\u00e1s<\/h3>\n<p>Az automatiz\u00e1lt gy\u00e1rt\u00f3sorokon a karhengert robotkarok mozgat\u00e1s\u00e1ra, \u00f6sszeszerel\u00e9si, hegeszt\u00e9si \u00e9s anyagmozgat\u00e1si folyamatokra haszn\u00e1lj\u00e1k, jav\u00edtva a termel\u00e9si hat\u00e9konys\u00e1got \u00e9s a pontoss\u00e1got.<\/p>\n<h3>3. Mez\u0151gazdas\u00e1gi g\u00e9pek<\/h3>\n<p>A mez\u0151gazdas\u00e1gi g\u00e9pekben, p\u00e9ld\u00e1ul a betakar\u00edt\u00f3g\u00e9pekben \u00e9s a vet\u0151g\u00e9pekben a karhenger vez\u00e9rli a m\u0171k\u00f6dtet\u0151 karok mozg\u00e1s\u00e1t olyan feladatokhoz, mint a vet\u00e9s, a m\u0171tr\u00e1gy\u00e1z\u00e1s \u00e9s a betakar\u00edt\u00e1s.<\/p>\n<h3>4. B\u00e1ny\u00e1szat<\/h3>\n<p>A b\u00e1ny\u00e1szati \u200b\u200bberendez\u00e9sekben a karhenger vez\u00e9rli a b\u00e1ny\u00e1szati \u200b\u200bg\u00e9pek karj\u00e1nak mozg\u00e1s\u00e1t az \u00e9rc kitermel\u00e9se \u00e9s sz\u00e1ll\u00edt\u00e1sa sor\u00e1n.<\/p>\n<h3>5. Logisztika \u00e9s sz\u00e1ll\u00edt\u00e1s<\/h3>\n<p>A targonc\u00e1kban \u00e9s az automatiz\u00e1lt anyagmozgat\u00f3 robotokban a karhenger felel\u0151s a vill\u00e1k emel\u00e9s\u00e9nek \u00e9s mozg\u00e1s\u00e1nak vez\u00e9rl\u00e9s\u00e9\u00e9rt, megk\u00f6nny\u00edtve az anyagmozgat\u00e1st \u00e9s a rakod\u00e1st.<\/p>\n<p><img decoding=\"async\" src=\"https:\/\/www.hydraulic-cylinders.net\/wp-content\/uploads\/2025\/01\/songte-cylinder-head-with-all-kinds-excavator-models.webp\" alt=\"Hidraulikus henger alkalmaz\u00e1sa\" \/><\/p>\n<h2>Tervez\u00e9si szempontok \u00e9s kiv\u00e1laszt\u00e1si krit\u00e9riumok<\/h2>\n<p>A hengerfejek tervez\u00e9s\u00e9n\u00e9l \u00e9s kiv\u00e1laszt\u00e1s\u00e1n\u00e1l sz\u00e1mos t\u00e9nyez\u0151t kell figyelembe venni:<\/p>\n<h3>1. Teherb\u00edr\u00e1s<\/h3>\n<p>A karhengert \u00fagy kell megtervezni, hogy elb\u00edrja a haszn\u00e1lni k\u00edv\u00e1nt g\u00e9p terhel\u00e9si k\u00f6vetelm\u00e9nyeit, biztos\u00edtva a biztons\u00e1gos \u00e9s hat\u00e9kony m\u0171k\u00f6d\u00e9st.<\/p>\n<h3>2. T\u00f6m\u00edt\u00e9s<\/h3>\n<p>A karos hengerekben k\u00fcl\u00f6nf\u00e9le t\u00f6m\u00edt\u0151elemeket, p\u00e9ld\u00e1ul dugatty\u00fat\u00f6m\u00edt\u00e9seket \u00e9s r\u00fadt\u00f6m\u00edt\u00e9seket haszn\u00e1lnak. Ezek a t\u00f6m\u00edt\u00e9sek kop\u00e1s\u00e1ll\u00f3 anyagokb\u00f3l, p\u00e9ld\u00e1ul poliuret\u00e1nb\u00f3l \u00e9s nitrilgumib\u00f3l k\u00e9sz\u00fclnek, hat\u00e9kony t\u00f6m\u00edt\u00e9st biztos\u00edtva a sziv\u00e1rg\u00e1sok megel\u0151z\u00e9s\u00e9re \u00e9s az optim\u00e1lis teljes\u00edtm\u00e9ny biztos\u00edt\u00e1s\u00e1ra. A hengertest \u00e9s a menetes v\u00e9gek finom fel\u00fcletkezel\u00e9sen esnek \u00e1t a kop\u00e1s\u00e1ll\u00f3s\u00e1g fokoz\u00e1sa \u00e9rdek\u00e9ben.<\/p>\n<h3>3. Tart\u00f3ss\u00e1g<\/h3>\n<p>A karos munkahengerek kiv\u00e1l\u00f3 min\u0151s\u00e9g\u0171 anyagokb\u00f3l k\u00e9sz\u00fclnek, \u00e9s szigor\u00fa tesztel\u00e9sen esnek \u00e1t, hogy biztos\u00edts\u00e1k a tart\u00f3ss\u00e1got \u00e9s a megb\u00edzhat\u00f3s\u00e1got ig\u00e9nyl\u0151 k\u00f6rnyezetben.<\/p>\n<h3>4. Biztons\u00e1g<\/h3>\n<p>A karhengerek biztons\u00e1gi funkci\u00f3kkal vannak ell\u00e1tva, hogy megel\u0151zz\u00e9k a baleseteket, \u00e9s biztos\u00edts\u00e1k a kezel\u0151k \u00e9s a k\u00f6rnyez\u0151 berendez\u00e9sek v\u00e9delm\u00e9t m\u0171k\u00f6d\u00e9s k\u00f6zben.<\/p>\n<h3>5. Karbantart\u00e1s<\/h3>\n<p>A karhenger optim\u00e1lis m\u0171k\u00f6d\u00e9s\u00e9hez elengedhetetlen a rendszeres karbantart\u00e1s \u00e9s a kopott alkatr\u00e9szek id\u0151ben t\u00f6rt\u00e9n\u0151 cser\u00e9je. A z\u00f6kken\u0151mentes m\u0171k\u00f6d\u00e9s biztos\u00edt\u00e1s\u00e1hoz sz\u00fcks\u00e9ges a megfelel\u0151 hidraulikaolajjal t\u00f6rt\u00e9n\u0151 ken\u00e9s.<\/p>\n<p><img decoding=\"async\" src=\"https:\/\/www.hydraulic-cylinders.net\/wp-content\/uploads\/2025\/01\/songte-chushion-collar.webp\" alt=\"Hidraulikus henger kialak\u00edt\u00e1sa\" \/><\/p>\n<h2>Rendszeres ellen\u0151rz\u00e9s \u00e9s megel\u0151z\u0151 karbantart\u00e1s<\/h2>\n<p>A karhenger hossz\u00fa t\u00e1v\u00fa teljes\u00edtm\u00e9ny\u00e9hez elengedhetetlen a rendszeres ellen\u0151rz\u00e9s \u00e9s a megel\u0151z\u0151 karbantart\u00e1si int\u00e9zked\u00e9sek:<\/p>\n<h3>1. Ellen\u0151rz\u00e9s<\/h3>\n<p>Rendszeresen ellen\u0151rizze a karhengert kop\u00e1s, sziv\u00e1rg\u00e1s vagy s\u00e9r\u00fcl\u00e9s jelei szempontj\u00e1b\u00f3l. Ellen\u0151rizze az \u00f6sszes t\u00f6m\u00edt\u00e9st, csatlakoz\u00e1st \u00e9s r\u00f6gz\u00edt\u00e9si pontot esetleges probl\u00e9m\u00e1k szempontj\u00e1b\u00f3l.<\/p>\n<h3>2. Ken\u00e9s<\/h3>\n<p>A megfelel\u0151 ken\u00e9st \u00fagy biztos\u00edtsa, hogy rendszeresen elegend\u0151 mennyis\u00e9g\u0171 hidraulikaolajat t\u00f6lt a hengerbe. A megfelel\u0151 olajt\u00edpusra \u00e9s -mennyis\u00e9gre vonatkoz\u00f3an k\u00f6vesse a gy\u00e1rt\u00f3 utas\u00edt\u00e1sait.<\/p>\n<h3>3. Csere<\/h3>\n<p>A tov\u00e1bbi k\u00e1rosod\u00e1s elker\u00fcl\u00e9se \u00e9s az optim\u00e1lis teljes\u00edtm\u00e9ny biztos\u00edt\u00e1sa \u00e9rdek\u00e9ben halad\u00e9ktalanul cser\u00e9lje ki a kopott vagy s\u00e9r\u00fclt alkatr\u00e9szeket. A javasolt csereintervallumokkal kapcsolatban tekintse meg a gy\u00e1rt\u00f3 ir\u00e1nyelveit.<\/p>\n<h2>Term\u00e9ktelep\u00edt\u00e9si \u00fatmutat\u00f3<\/h2>\n<p>A karhenger megfelel\u0151 beszerel\u00e9se elengedhetetlen a hat\u00e9kony m\u0171k\u00f6d\u00e9s\u00e9hez \u00e9s hossz\u00fa \u00e9lettartam\u00e1hoz. A helyes beszerel\u00e9shez k\u00f6vesse az al\u00e1bbi l\u00e9p\u00e9seket:<\/p>\n<h3>1. El\u0151k\u00e9sz\u00edt\u00e9s<\/h3>\n<p>Gy\u0151z\u0151dj\u00f6n meg arr\u00f3l, hogy minden sz\u00fcks\u00e9ges szersz\u00e1m \u00e9s felszerel\u00e9s rendelkez\u00e9sre \u00e1ll. Tekintse \u00e1t a gy\u00e1rt\u00f3 telep\u00edt\u00e9si utas\u00edt\u00e1sait \u00e9s ir\u00e1nyelveit.<\/p>\n<h3>2. Ellen\u0151rz\u00e9s<\/h3>\n<p>A beszerel\u00e9s el\u0151tt alaposan ellen\u0151rizze a karhengert \u00e9s az \u00f6sszes kapcsol\u00f3d\u00f3 alkatr\u00e9szt, hogy megbizonyosodjon azok j\u00f3 \u00e1llapot\u00e1r\u00f3l \u00e9s s\u00e9r\u00fcl\u00e9smentess\u00e9g\u00e9r\u0151l.<\/p>\n<h3>3. Szerel\u00e9s<\/h3>\n<p>A gy\u00e1rt\u00f3 utas\u00edt\u00e1sait k\u00f6vetve r\u00f6gz\u00edtse biztons\u00e1gosan a karhengert a megfelel\u0151 poz\u00edci\u00f3ban, \u00fcgyelve a t\u00f6bbi alkatr\u00e9szhez val\u00f3 megfelel\u0151 illeszked\u00e9sre.<\/p>\n<h3>4. Kapcsolat<\/h3>\n<p>Csatlakoztassa a hidraulikus t\u00f6ml\u0151ket \u00e9s szerelv\u00e9nyeket a karhengerhez a megadott specifik\u00e1ci\u00f3knak megfelel\u0151en, \u00fcgyelve a szoros csatlakoz\u00e1sokra a sziv\u00e1rg\u00e1sok elker\u00fcl\u00e9se \u00e9rdek\u00e9ben.<\/p>\n<h3>5. Tesztel\u00e9s<\/h3>\n<p>A telep\u00edt\u00e9s ut\u00e1n a karhenger m\u0171k\u00f6d\u00e9s\u00e9t a g\u00e9p m\u0171k\u00f6dtet\u00e9s\u00e9vel tesztelje. Ellen\u0151rizze, hogy nincsenek-e rendellenes zajok, sziv\u00e1rg\u00e1sok vagy helytelen mozg\u00e1s.<\/p>\n<p><img decoding=\"async\" src=\"https:\/\/www.hydraulic-cylinders.net\/wp-content\/uploads\/2025\/01\/songte-bushings-with-all-kinds-of-excavator-models.webp\" alt=\"Telep\u00edt\u00e9si \u00fatmutat\u00f3\" \/><\/p>\n<h2>Biztons\u00e1gi szempontok \u00e9s k\u00f6rnyezeti t\u00e9nyez\u0151k<\/h2>\n<p>A karhenger haszn\u00e1latakor elengedhetetlen a biztons\u00e1gi int\u00e9zked\u00e9sek priorit\u00e1sk\u00e9nt val\u00f3 kezel\u00e9se a kezel\u0151k v\u00e9delme \u00e9s a megfelel\u0151 m\u0171k\u00f6d\u00e9s biztos\u00edt\u00e1sa \u00e9rdek\u00e9ben. Vegye figyelembe a k\u00f6vetkez\u0151ket:<\/p>\n<p>1. Biztons\u00e1gi int\u00e9zked\u00e9sek: Biztons\u00e1gi protokollok bevezet\u00e9se, p\u00e9ld\u00e1ul kezel\u0151i k\u00e9pz\u00e9s biztos\u00edt\u00e1sa, v\u00e9d\u0151felszerel\u00e9s haszn\u00e1lata \u00e9s a g\u00e9pre vonatkoz\u00f3 biztons\u00e1gi ir\u00e1nyelvek betart\u00e1sa.<\/p>\n<p>2. K\u00f6rnyezeti t\u00e9nyez\u0151k: Vegye figyelembe a k\u00f6rnyezeti felt\u00e9teleket, p\u00e9ld\u00e1ul a h\u0151m\u00e9rs\u00e9kletet, a nedvess\u00e9get \u00e9s a korroz\u00edv anyagoknak val\u00f3 kitetts\u00e9get, \u00e9s tegyen megfelel\u0151 int\u00e9zked\u00e9seket a karhenger esetleges k\u00e1rosod\u00e1s\u00e1nak megakad\u00e1lyoz\u00e1s\u00e1ra.<\/p>\n<h2>Hibaelh\u00e1r\u00edt\u00e1s \u00e9s gyakori probl\u00e9m\u00e1k<\/h2>\n<p>A karhengerrel felmer\u00fcl\u0151 lehets\u00e9ges hib\u00e1k \u00e9s probl\u00e9m\u00e1k meg\u00e9rt\u00e9se seg\u00edthet a probl\u00e9m\u00e1k hat\u00e9kony diagnosztiz\u00e1l\u00e1s\u00e1ban \u00e9s megold\u00e1s\u00e1ban. \u00cdme n\u00e9h\u00e1ny gyakori probl\u00e9ma:<\/p>\n<h3>1. Sziv\u00e1rg\u00e1s<\/h3>\n<p>Ha sziv\u00e1rg\u00e1st \u00e9szlel a karhengern\u00e9l, ellen\u0151rizze a t\u00f6m\u00edt\u00e9seket, csatlakoz\u00e1sokat \u00e9s szerelv\u00e9nyeket s\u00e9r\u00fcl\u00e9sek vagy helytelen beszerel\u00e9s szempontj\u00e1b\u00f3l. Cser\u00e9lje ki a hib\u00e1s t\u00f6m\u00edt\u00e9seket, vagy h\u00fazza meg a laza csatlakoz\u00e1sokat.<\/p>\n<h3>2. Lass\u00fa vagy r\u00e1ngat\u00f3z\u00f3 mozg\u00e1s<\/h3>\n<p>Ha a kar munkahenger\u00e9nek mozg\u00e1sa lass\u00fa vagy r\u00e1ngat\u00f3zik, ellen\u0151rizze a hidraulikus rendszert alacsony folyad\u00e9kszint vagy potenci\u00e1lis elt\u00f6m\u0151d\u00e9sek szempontj\u00e1b\u00f3l. Ellen\u0151rizze a hidraulikus szivatty\u00fa \u00e9s a szelepek megfelel\u0151 m\u0171k\u00f6d\u00e9s\u00e9t.<\/p>\n<h3>3. Rendellenes zajok<\/h3>\n<p>Ha szokatlan zajok hallhat\u00f3k a karhengerb\u0151l, az bels\u0151 kop\u00e1sra vagy s\u00e9r\u00fcl\u00e9sre utalhat. Vizsg\u00e1lja meg a hengert kop\u00e1s vagy laza alkatr\u00e9szek jelei szempontj\u00e1b\u00f3l, \u00e9s ennek megfelel\u0151en kezelje a probl\u00e9m\u00e1t.<\/p>\n<h3>4. Szab\u00e1lytalan m\u0171k\u00f6d\u00e9s<\/h3>\n<p>Ha a kar munkahenger\u00e9nek m\u0171k\u00f6d\u00e9se szab\u00e1lytalan vagy kisz\u00e1m\u00edthatatlan, ellen\u0151rizze a vez\u00e9rl\u0151szelepeket \u00e9s a hidraulikus rendszert m\u0171k\u00f6d\u00e9si hib\u00e1k szempontj\u00e1b\u00f3l. Gy\u0151z\u0151dj\u00f6n meg arr\u00f3l, hogy a rendszer megfelel\u0151en kalibr\u00e1lva van, \u00e9s minden alkatr\u00e9sz megfelel\u0151en m\u0171k\u00f6dik.<\/p>\n<p><img decoding=\"async\" src=\"https:\/\/www.hydraulic-cylinders.net\/wp-content\/uploads\/2025\/01\/songte-chushion-collar.webp\" alt=\"Hibaelh\u00e1r\u00edt\u00e1si tippek\" \/><\/p>\n<p>A hibaelh\u00e1r\u00edt\u00e1si tippek k\u00f6vet\u00e9s\u00e9vel \u00e9s a megel\u0151z\u0151 int\u00e9zked\u00e9sek bevezet\u00e9s\u00e9vel hat\u00e9konyan diagnosztiz\u00e1lhatja \u00e9s megoldhatja a probl\u00e9m\u00e1kat, minimaliz\u00e1lva a lehets\u00e9ges probl\u00e9m\u00e1kat \u00e9s biztos\u00edtva a karhenger optim\u00e1lis teljes\u00edtm\u00e9ny\u00e9t.<\/p>\n<h2>R\u00f3lunk<\/h2>\n<p>Mi egy<\/p>","protected":false},"excerpt":{"rendered":"<p>Arm Cylinder For Volvo Small Excavator EC55B Introduction The Arm Cylinder is a specially designed hydraulic cylinder that provides linear motion and power to the arm of various types of machinery, such as excavators, cranes, and robotic arms. It plays a crucial role in hydraulic systems, allowing for efficient movement and control of additional tools [&hellip;]<\/p>","protected":false},"featured_media":14759,"comment_status":"open","ping_status":"closed","template":"","meta":{"_et_pb_use_builder":"","_et_pb_old_content":"","_et_gb_content_width":""},"product_brand":[],"product_cat":[1497],"product_tag":[1498,1496],"class_list":{"0":"post-16314","1":"product","2":"type-product","3":"status-publish","4":"has-post-thumbnail","6":"product_cat-arm-cylinders","7":"product_tag-arm-cylinders","8":"product_tag-hydraulic-cylinders","10":"first","11":"instock","12":"shipping-taxable","13":"product-type-simple"},"amp_enabled":true,"_links":{"self":[{"href":"https:\/\/www.hydraulic-cylinders.net\/hu\/wp-json\/wp\/v2\/product\/16314","targetHints":{"allow":["GET"]}}],"collection":[{"href":"https:\/\/www.hydraulic-cylinders.net\/hu\/wp-json\/wp\/v2\/product"}],"about":[{"href":"https:\/\/www.hydraulic-cylinders.net\/hu\/wp-json\/wp\/v2\/types\/product"}],"replies":[{"embeddable":true,"href":"https:\/\/www.hydraulic-cylinders.net\/hu\/wp-json\/wp\/v2\/comments?post=16314"}],"wp:featuredmedia":[{"embeddable":true,"href":"https:\/\/www.hydraulic-cylinders.net\/hu\/wp-json\/wp\/v2\/media\/14759"}],"wp:attachment":[{"href":"https:\/\/www.hydraulic-cylinders.net\/hu\/wp-json\/wp\/v2\/media?parent=16314"}],"wp:term":[{"taxonomy":"product_brand","embeddable":true,"href":"https:\/\/www.hydraulic-cylinders.net\/hu\/wp-json\/wp\/v2\/product_brand?post=16314"},{"taxonomy":"product_cat","embeddable":true,"href":"https:\/\/www.hydraulic-cylinders.net\/hu\/wp-json\/wp\/v2\/product_cat?post=16314"},{"taxonomy":"product_tag","embeddable":true,"href":"https:\/\/www.hydraulic-cylinders.net\/hu\/wp-json\/wp\/v2\/product_tag?post=16314"}],"curies":[{"name":"munkaf\u00fczet","href":"https:\/\/api.w.org\/{rel}","templated":true}]}}