{"id":16317,"date":"2025-01-20T09:05:17","date_gmt":"2025-01-20T09:05:17","guid":{"rendered":"https:\/\/www.hydraulic-cylinders.net\/product\/arm-cylinderfor-volvo-small-excavator-ec170d\/"},"modified":"2025-01-20T09:05:19","modified_gmt":"2025-01-20T09:05:19","slug":"arm-cylinderfor-volvo-small-excavator-ec170d","status":"publish","type":"product","link":"https:\/\/www.hydraulic-cylinders.net\/hu\/termek\/arm-cylinderfor-volvo-small-excavator-ec170d\/","title":{"rendered":"Karhenger Volvo kis kotr\u00f3g\u00e9phez EC170D"},"content":{"rendered":"<h1>Karhenger Volvo kis kotr\u00f3g\u00e9phez EC170D<\/h1>\n<h2>Bevezet\u00e9s<\/h2>\n<p>A karhenger egy speci\u00e1lisan tervezett hidraulikus henger, amely line\u00e1ris mozg\u00e1st \u00e9s teljes\u00edtm\u00e9nyt biztos\u00edt k\u00fcl\u00f6nf\u00e9le g\u00e9pek, p\u00e9ld\u00e1ul kotr\u00f3g\u00e9pek, daruk \u00e9s robotkarok karjai sz\u00e1m\u00e1ra. Kritikus szerepet j\u00e1tszik a hidraulikus rendszerekben, lehet\u0151v\u00e9 t\u00e9ve a tov\u00e1bbi szersz\u00e1mok vagy tartoz\u00e9kok hat\u00e9kony mozg\u00e1s\u00e1t \u00e9s vez\u00e9rl\u00e9s\u00e9t. Ezek a hengerek nemcsak a sima mozg\u00e1st biztos\u00edtj\u00e1k, hanem a nagy terhel\u00e9seket is elviselik, biztos\u00edtva a g\u00e9pek magas hat\u00e9konys\u00e1g\u00e1t \u00e9s megb\u00edzhat\u00f3s\u00e1g\u00e1t k\u00fcl\u00f6nb\u00f6z\u0151 \u00fczemi k\u00f6r\u00fclm\u00e9nyek k\u00f6z\u00f6tt.<\/p>\n<h3>Defin\u00edci\u00f3 \u00e9s magyar\u00e1zat<\/h3>\n<p>A karhenger egy hidraulikus henger, amelyet arra terveztek, hogy line\u00e1ris mozg\u00e1st \u00e9s er\u0151t biztos\u00edtson a g\u00e9pek karj\u00e1nak. K\u00fcl\u00f6nb\u00f6z\u0151 alkalmaz\u00e1sokban haszn\u00e1lj\u00e1k, p\u00e9ld\u00e1ul kotr\u00f3g\u00e9pekben, darukban \u00e9s robotkarokban, hogy lehet\u0151v\u00e9 tegy\u00e9k a tov\u00e1bbi szersz\u00e1mok vagy tartoz\u00e9kok hat\u00e9kony mozgat\u00e1s\u00e1t \u00e9s vez\u00e9rl\u00e9s\u00e9t. Ezek a hengerek a hidraulikus rendszerek alapvet\u0151 alkatr\u00e9szei, amelyek lehet\u0151v\u00e9 teszik a sima \u00e9s pontos m\u0171k\u00f6d\u00e9st, m\u00e9g nagy terhel\u00e9s mellett is. Nagy szil\u00e1rds\u00e1g\u00fa anyagokb\u00f3l k\u00e9sz\u00fclnek a tart\u00f3ss\u00e1g biztos\u00edt\u00e1sa \u00e9rdek\u00e9ben, \u00e9s ellen\u00e1llnak a kop\u00e1snak \u00e9s a korr\u00f3zi\u00f3nak, \u00edgy alkalmasak a hossz\u00fa t\u00e1v\u00fa haszn\u00e1latra zord k\u00f6rnyezetben.<\/p>\n<p><img decoding=\"async\" src=\"https:\/\/www.hydraulic-cylinders.net\/wp-content\/uploads\/2025\/01\/songte-company-2.webp\"><\/p>\n<h2>Term\u00e9kjellemz\u0151k<\/h2>\n<ul>\n<li><strong>Magas \u00e1tviteli hat\u00e9konys\u00e1g:<\/strong> A karhenger er\u0151teljes line\u00e1ris mozg\u00e1st \u00e9s er\u0151t biztos\u00edt, biztos\u00edtva a magas hat\u00e9konys\u00e1got a k\u00fcl\u00f6nf\u00e9le m\u0171veletek sor\u00e1n.<\/li>\n<li><strong>Prec\u00edz vez\u00e9rl\u00e9s:<\/strong> Hidraulikus rendszereken kereszt\u00fcl a karhenger prec\u00edz mozg\u00e1svez\u00e9rl\u00e9st tesz lehet\u0151v\u00e9, \u00edgy a kieg\u00e9sz\u00edt\u0151 eszk\u00f6z\u00f6kkel v\u00e9gzett m\u0171veletek rugalmasabbak \u00e9s pontosabbak.<\/li>\n<li><strong>Er\u0151s tart\u00f3ss\u00e1g:<\/strong> A karos munkahengerek jellemz\u0151en nagy szil\u00e1rds\u00e1g\u00fa anyagokb\u00f3l k\u00e9sz\u00fclnek, kiv\u00e1l\u00f3 kop\u00e1s- \u00e9s korr\u00f3zi\u00f3\u00e1ll\u00f3s\u00e1ggal rendelkeznek, \u00edgy alkalmasak hossz\u00fa t\u00e1v\u00fa haszn\u00e1latra zord k\u00f6rnyezetben.<\/li>\n<li><strong>Sokoldal\u00fa alkalmazkod\u00f3k\u00e9pess\u00e9g:<\/strong> Ezeket a hengereket sz\u00e9les k\u00f6rben haszn\u00e1lj\u00e1k k\u00fcl\u00f6nf\u00e9le g\u00e9pekben, p\u00e9ld\u00e1ul kotr\u00f3g\u00e9pekben, darukban \u00e9s robotkarokban, hogy kiel\u00e9g\u00edts\u00e9k a k\u00fcl\u00f6nb\u00f6z\u0151 munkak\u00f6vetelm\u00e9nyeket.<\/li>\n<li><strong>K\u00f6nny\u0171 karbantart\u00e1s:<\/strong> A k\u00f6nny\u0171 karbantart\u00e1sra \u00e9s cser\u00e9re tervezett karhenger megk\u00f6nny\u00edti a rendszeres ellen\u0151rz\u00e9seket \u00e9s karbantart\u00e1st, cs\u00f6kkentve a berendez\u00e9s \u00e1ll\u00e1sidej\u00e9t.<\/li>\n<\/ul>\n<p><img decoding=\"async\" src=\"https:\/\/www.hydraulic-cylinders.net\/wp-content\/uploads\/2025\/01\/songte-oil-pipes-and-spare-parts.webp\"><\/p>\n<h2>Alkalmaz\u00e1sok<\/h2>\n<p>A karos henger sz\u00e1mos ipar\u00e1gban alkalmazhat\u00f3:<\/p>\n<h3>1. \u00c9p\u00edt\u0151m\u00e9rn\u00f6ki tudom\u00e1nyok<\/h3>\n<p>Kotr\u00f3g\u00e9pekben \u00e9s darukban a karhenger vez\u00e9rli a kanalak vagy g\u00e9mek mozg\u00e1s\u00e1t f\u00f6ldmunk\u00e1k, anyagmozgat\u00e1s \u00e9s szerkezeti telep\u00edt\u00e9s sor\u00e1n.<\/p>\n<h3>2. Gy\u00e1rt\u00e1s<\/h3>\n<p>Az automatiz\u00e1lt gy\u00e1rt\u00f3sorokon a karhenger lehet\u0151v\u00e9 teszi a robotkarok mozgat\u00e1s\u00e1t az \u00f6sszeszerel\u00e9si, hegeszt\u00e9si \u00e9s anyagmozgat\u00e1si folyamatok sor\u00e1n, n\u00f6velve a termel\u00e9si hat\u00e9konys\u00e1got \u00e9s a pontoss\u00e1got.<\/p>\n<h3>3. Mez\u0151gazdas\u00e1gi g\u00e9pek<\/h3>\n<p>A mez\u0151gazdas\u00e1gi g\u00e9pekben, p\u00e9ld\u00e1ul a betakar\u00edt\u00f3g\u00e9pekben \u00e9s a vet\u0151g\u00e9pekben a karhenger vez\u00e9rli a m\u0171k\u00f6dtet\u0151 karok mozg\u00e1s\u00e1t olyan feladatokhoz, mint a vet\u00e9s, a m\u0171tr\u00e1gy\u00e1z\u00e1s \u00e9s a betakar\u00edt\u00e1s.<\/p>\n<h3>4. B\u00e1ny\u00e1szat<\/h3>\n<p>A b\u00e1ny\u00e1szati \u200b\u200bberendez\u00e9sekben a karhenger vez\u00e9rli a b\u00e1ny\u00e1szati \u200b\u200bg\u00e9pek karj\u00e1nak mozg\u00e1s\u00e1t az \u00e9rc kitermel\u00e9se \u00e9s sz\u00e1ll\u00edt\u00e1sa sor\u00e1n.<\/p>\n<h3>5. Logisztika \u00e9s sz\u00e1ll\u00edt\u00e1s<\/h3>\n<p>A targonc\u00e1kban \u00e9s anyagmozgat\u00f3 robotokban a karhenger vez\u00e9rli a vill\u00e1k emel\u00e9s\u00e9t \u00e9s mozg\u00e1s\u00e1t, lehet\u0151v\u00e9 t\u00e9ve az anyagmozgat\u00e1st \u00e9s a rakod\u00e1st.<\/p>\n<h2>Tervez\u00e9si szempontok \u00e9s kiv\u00e1laszt\u00e1si krit\u00e9riumok<\/h2>\n<p>A karhenger tervez\u00e9sekor sz\u00e1mos t\u00e9nyez\u0151t \u00e9s kiv\u00e1laszt\u00e1si krit\u00e9riumot kell figyelembe venni:<\/p>\n<h3>1. Teherb\u00edr\u00e1s<\/h3>\n<p>A karhengert \u00fagy kell megtervezni, hogy ellen\u00e1lljon a m\u0171k\u00f6d\u00e9s sor\u00e1n fell\u00e9p\u0151 specifikus terhel\u00e9seknek \u00e9s er\u0151knek.<\/p>\n<h3>2. T\u00f6m\u00edt\u00e9s<\/h3>\n<p>Az optim\u00e1lis teljes\u00edtm\u00e9ny biztos\u00edt\u00e1sa \u00e9s a sziv\u00e1rg\u00e1s megel\u0151z\u00e9se \u00e9rdek\u00e9ben k\u00fcl\u00f6nf\u00e9le t\u00f6m\u00edt\u0151elemeket, p\u00e9ld\u00e1ul dugatty\u00fat\u00f6m\u00edt\u00e9seket \u00e9s r\u00fadt\u00f6m\u00edt\u00e9seket kell haszn\u00e1lni.<\/p>\n<h3>3. Tart\u00f3ss\u00e1g<\/h3>\n<p>A karhenger alkatr\u00e9szeit, p\u00e9ld\u00e1ul a hengertestet \u00e9s a menetes v\u00e9geket, prec\u00edzi\u00f3s fel\u00fcletkezel\u00e9snek kell al\u00e1vetni a kop\u00e1s\u00e1ll\u00f3s\u00e1g \u00e9s a tart\u00f3ss\u00e1g n\u00f6vel\u00e9se \u00e9rdek\u00e9ben.<\/p>\n<h3>4. Biztons\u00e1g<\/h3>\n<p>A tervnek tartalmaznia kell biztons\u00e1gi funkci\u00f3kat, p\u00e9ld\u00e1ul nyom\u00e1scs\u00f6kkent\u0151 szelepeket \u00e9s biztons\u00e1gi z\u00e1rakat a balesetek megel\u0151z\u00e9se, valamint a kezel\u0151k \u00e9s a k\u00f6rnyez\u0151 szem\u00e9lyzet biztons\u00e1g\u00e1nak garant\u00e1l\u00e1sa \u00e9rdek\u00e9ben.<\/p>\n<h3>5. Karbantart\u00e1s<\/h3>\n<p>A karhengert \u00fagy kell megtervezni, hogy k\u00f6nnyen karbantarthat\u00f3 \u00e9s jav\u00edthat\u00f3 legyen, lehet\u0151v\u00e9 t\u00e9ve a gyors \u00e9s probl\u00e9mamentes ellen\u0151rz\u00e9st \u00e9s cser\u00e9t.<\/p>\n<p><img decoding=\"async\" src=\"https:\/\/www.hydraulic-cylinders.net\/wp-content\/uploads\/2025\/01\/songte-cylinder-head-with-all-kinds-excavator-models.webp\"><\/p>\n<h2>T\u00f6m\u00edt\u00e9s \u00e9s ken\u00e9s<\/h2>\n<p>A karos munkahenger k\u00fcl\u00f6nf\u00e9le t\u00f6m\u00edt\u0151elemeket haszn\u00e1l, p\u00e9ld\u00e1ul dugatty\u00fat\u00f6m\u00edt\u00e9seket \u00e9s r\u00fadt\u00f6m\u00edt\u00e9seket, amelyek kop\u00e1s\u00e1ll\u00f3 anyagokb\u00f3l, p\u00e9ld\u00e1ul poliuret\u00e1nb\u00f3l \u00e9s nitrilgumib\u00f3l k\u00e9sz\u00fclnek. A hengertest \u00e9s a menetes v\u00e9gek finoman megmunk\u00e1ltak a kop\u00e1s\u00e1ll\u00f3s\u00e1g jav\u00edt\u00e1sa \u00e9rdek\u00e9ben. A megfelel\u0151 mennyis\u00e9g\u0171 hidraulikaolajjal t\u00f6rt\u00e9n\u0151 rendszeres ken\u00e9s sz\u00fcks\u00e9ges a z\u00f6kken\u0151mentes m\u0171k\u00f6d\u00e9s \u00e9s a hossz\u00fa \u00e9lettartam biztos\u00edt\u00e1s\u00e1hoz.<\/p>\n<h2>Rendszeres ellen\u0151rz\u00e9s \u00e9s megel\u0151z\u0151 karbantart\u00e1s<\/h2>\n<ul>\n<li>Rendszeresen ellen\u0151rizze a karhengert kop\u00e1s, s\u00e9r\u00fcl\u00e9s vagy sziv\u00e1rg\u00e1s jelei szempontj\u00e1b\u00f3l.<\/li>\n<li>Gy\u0151z\u0151dj\u00f6n meg arr\u00f3l, hogy minden csatlakoz\u00e1s \u00e9s r\u00f6gz\u00edt\u0151elem biztons\u00e1gos.<\/li>\n<li>Ellen\u0151rizze \u00e9s halad\u00e9ktalanul cser\u00e9lje ki az elhaszn\u00e1l\u00f3dott vagy s\u00e9r\u00fclt t\u00f6m\u00edt\u00e9seket.<\/li>\n<li>Tartsa tiszt\u00e1n a karhengert, t\u00f6rmel\u00e9kt\u0151l \u00e9s szennyez\u0151d\u00e9sekt\u0151l mentesen.<\/li>\n<li>K\u00f6vesse a gy\u00e1rt\u00f3 karbantart\u00e1si id\u0151k\u00f6z\u00f6kre \u00e9s elj\u00e1r\u00e1sokra vonatkoz\u00f3 ir\u00e1nyelveit.<\/li>\n<\/ul>\n<h2>Helyes term\u00e9ktelep\u00edt\u00e9si \u00fatmutat\u00f3<\/h2>\n<p>A karhenger megfelel\u0151 beszerel\u00e9se elengedhetetlen az optim\u00e1lis teljes\u00edtm\u00e9ny \u00e9s a hossz\u00fa \u00e9lettartam \u00e9rdek\u00e9ben. K\u00f6vesse az al\u00e1bbi l\u00e9p\u00e9seket:<\/p>\n<ol>\n<li>Gy\u0151z\u0151dj\u00f6n meg arr\u00f3l, hogy a r\u00f6gz\u00edt\u0151fel\u00fcletek tiszt\u00e1k \u00e9s t\u00f6rmel\u00e9kt\u0151l mentesek.<\/li>\n<li>Igaz\u00edtsa a karhengert a r\u00f6gz\u00edt\u0151furatokhoz, \u00e9s r\u00f6gz\u00edtse megfelel\u0151 csavarokkal vagy r\u00f6gz\u00edt\u0151elemekkel.<\/li>\n<li>Gy\u0151z\u0151dj\u00f6n meg r\u00f3la, hogy minden csatlakoz\u00e1s megfelel\u0151en meg van h\u00fazva.<\/li>\n<li>Az els\u0151 \u00fczembe helyez\u00e9s sor\u00e1n ellen\u0151rizze, hogy nincs-e sziv\u00e1rg\u00e1s vagy rendellenes zaj.<\/li>\n<li>A konkr\u00e9t \u00fatmutat\u00e1s\u00e9rt l\u00e1sd a gy\u00e1rt\u00f3 telep\u00edt\u00e9si utas\u00edt\u00e1sait.<\/li>\n<\/ol>\n<p><img decoding=\"async\" src=\"https:\/\/www.hydraulic-cylinders.net\/wp-content\/uploads\/2025\/01\/songte-bushings-with-all-kinds-of-excavator-models.webp\"><\/p>\n<h2>Biztons\u00e1gi szempontok \u00e9s k\u00f6rnyezeti t\u00e9nyez\u0151k<\/h2>\n<p>A karos munkahenger haszn\u00e1latakor elengedhetetlen a biztons\u00e1gi int\u00e9zked\u00e9sek priorit\u00e1sk\u00e9nt val\u00f3 kezel\u00e9se. A megfelel\u0151 biztons\u00e1gi \u00f3vint\u00e9zked\u00e9sek elengedhetetlenek a balesetek megel\u0151z\u00e9se, valamint az egy\u00e9nek \u00e9s a k\u00f6rnyezet j\u00f3l\u00e9t\u00e9nek biztos\u00edt\u00e1sa \u00e9rdek\u00e9ben.<\/p>\n<h2>Hibadiagn\u00f3zis \u00e9s gyakori probl\u00e9m\u00e1k<\/h2>\n<p>A karhengerrel kapcsolatos gyakori hib\u00e1k \u00e9s probl\u00e9m\u00e1k a k\u00f6vetkez\u0151k:<\/p>\n<ol>\n<li>Sziv\u00e1rg\u00e1s a hengerb\u0151l vagy a hidraulikus csatlakoz\u00e1sokb\u00f3l.<\/li>\n<li>Szokatlan zaj m\u0171k\u00f6d\u00e9s k\u00f6zben.<\/li>\n<li>A kar k\u00f6vetkezetlen vagy r\u00e1ngat\u00f3z\u00f3 mozg\u00e1sa.<\/li>\n<li>A t\u00f6m\u00edt\u00e9sek vagy m\u00e1s alkatr\u00e9szek t\u00falzott kop\u00e1sa.<\/li>\n<li>A poz\u00edci\u00f3 megtart\u00e1s\u00e1nak vagy fenntart\u00e1s\u00e1nak elmulaszt\u00e1sa.<\/li>\n<\/ol>\n<p>A probl\u00e9m\u00e1k megold\u00e1s\u00e1hoz vegye figyelembe a k\u00f6vetkez\u0151 hibaelh\u00e1r\u00edt\u00e1si tippeket \u00e9s megold\u00e1sokat:<\/p>\n<ul>\n<li>Vizsg\u00e1lja meg \u00e9s cser\u00e9lje ki az esetlegesen s\u00e9r\u00fclt vagy kopott t\u00f6m\u00edt\u00e9seket.<\/li>\n<li>H\u00fazza meg a laza csatlakoz\u00e1sokat vagy r\u00f6gz\u00edt\u0151ket.<\/li>\n<li>Ellen\u0151rizze a hidraulikafolyad\u00e9k szintj\u00e9t \u00e9s min\u0151s\u00e9g\u00e9t.<\/li>\n<li>\u00d6bl\u00edtse \u00e1t \u00e9s sz\u00fcks\u00e9g eset\u00e9n cser\u00e9lje ki a hidraulikafolyad\u00e9kot.<\/li>\n<li>Konkr\u00e9t probl\u00e9m\u00e1k eset\u00e9n tekintse meg a gy\u00e1rt\u00f3 hibaelh\u00e1r\u00edt\u00e1si \u00fatmutat\u00f3j\u00e1t.<\/li>\n<\/ul>\n<p><img decoding=\"async\" src=\"https:\/\/www.hydraulic-cylinders.net\/wp-content\/uploads\/2025\/01\/songte-chushion-collar.webp\"><\/p>\n<p>Ne felejtsd el logikusan fel\u00e9p\u00edteni a cikket, haszn\u00e1lj alc\u00edmeket a k\u00f6nny\u0171 navig\u00e1ci\u00f3 \u00e9rdek\u00e9ben, \u00e9p\u00edts be relev\u00e1ns k\u00e9peket vagy diagramokat a jobb meg\u00e9rt\u00e9s \u00e9rdek\u00e9ben, \u00e9s gondoskodj a vil\u00e1gos \u00e9s t\u00f6m\u00f6r tartalomr\u00f3l, amely a k\u00fcl\u00f6nb\u00f6z\u0151 szint\u0171 technikai tud\u00e1ssal rendelkez\u0151 olvas\u00f3k sz\u00e1m\u00e1ra is megfelel\u0151.<\/p>\n<h2>R\u00f3lunk<\/h2>\n<p>Professzion\u00e1lis hidraulikus munkahenger gy\u00e1rt\u00f3k\u00e9nt m\u0171k\u00f6d\u00fcnk. Sz\u00e9les term\u00e9kk\u00edn\u00e1latunkkal a hazai \u00e9s nemzetk\u00f6zi piacok egyik vezet\u0151 gy\u00e1rt\u00f3j\u00e1v\u00e1 \u00e9s nagykereskedelmi forgalmaz\u00f3j\u00e1v\u00e1 v\u00e1ltunk. A kiv\u00e1l\u00f3 min\u0151s\u00e9g elv\u00e9t valljuk, \u00e9s folyamatosan fejlesztj\u00fck technol\u00f3giai k\u00e9pess\u00e9geinket \u00e9s termel\u00e9si hat\u00e9konys\u00e1gunkat. Cs\u00facskateg\u00f3ri\u00e1s digit\u00e1lis gy\u00e1rt\u00f3berendez\u00e9sek \u00e9s professzion\u00e1lis tesztel\u0151rendszerek bevezet\u00e9s\u00e9vel optimaliz\u00e1ljuk gy\u00e1rt\u00e1si platformunkat \u00e9s fejlesztj\u00fck term\u00e9kmin\u0151s\u00e9g-ellen\u0151rz\u00e9si folyamatainkat, er\u0151s innov\u00e1ci\u00f3s k\u00e9pess\u00e9geket demonstr\u00e1lva. C\u00e9lunk, hogy hat\u00e9konyan, prec\u00edzen \u00e9s kiv\u00e1l\u00f3 min\u0151s\u00e9gben el\u00e9g\u00edts\u00fck ki \u00fcgyfeleink sokr\u00e9t\u0171 ig\u00e9nyeit.<\/p>\n<p>Tov\u00e1bb\u00e1 b\u00fcszk\u00e9k vagyunk professzionalizmusunkra, nemzetk\u00f6zi tan\u00fas\u00edtv\u00e1nyainkra, testreszabott szolg\u00e1ltat\u00e1sainkra, gy\u00e1rt\u00f3\u00fczemeinkre \u00e9s \u00e9rt\u00e9kes\u00edt\u00e9s ut\u00e1ni szolg\u00e1ltat\u00e1sainkra.<\/p>\n<p><img decoding=\"async\" src=\"https:\/\/www.hydraulic-cylinders.net\/wp-content\/uploads\/2025\/01\/songte-company-4.webp\"><br \/>\n<img","protected":false},"excerpt":{"rendered":"<p>Arm Cylinder For Volvo Small Excavator EC170D Introduction The Arm Cylinder is a specially designed hydraulic cylinder that provides linear motion and power for the arm of various types of machinery such as excavators, cranes, and robotic arms. It plays a critical role in hydraulic systems, enabling the efficient movement and control of additional tools [&hellip;]<\/p>","protected":false},"featured_media":14779,"comment_status":"open","ping_status":"closed","template":"","meta":{"_et_pb_use_builder":"","_et_pb_old_content":"","_et_gb_content_width":""},"product_brand":[],"product_cat":[1497],"product_tag":[1498,1496],"class_list":{"0":"post-16317","1":"product","2":"type-product","3":"status-publish","4":"has-post-thumbnail","6":"product_cat-arm-cylinders","7":"product_tag-arm-cylinders","8":"product_tag-hydraulic-cylinders","10":"first","11":"instock","12":"shipping-taxable","13":"product-type-simple"},"amp_enabled":true,"_links":{"self":[{"href":"https:\/\/www.hydraulic-cylinders.net\/hu\/wp-json\/wp\/v2\/product\/16317","targetHints":{"allow":["GET"]}}],"collection":[{"href":"https:\/\/www.hydraulic-cylinders.net\/hu\/wp-json\/wp\/v2\/product"}],"about":[{"href":"https:\/\/www.hydraulic-cylinders.net\/hu\/wp-json\/wp\/v2\/types\/product"}],"replies":[{"embeddable":true,"href":"https:\/\/www.hydraulic-cylinders.net\/hu\/wp-json\/wp\/v2\/comments?post=16317"}],"wp:featuredmedia":[{"embeddable":true,"href":"https:\/\/www.hydraulic-cylinders.net\/hu\/wp-json\/wp\/v2\/media\/14779"}],"wp:attachment":[{"href":"https:\/\/www.hydraulic-cylinders.net\/hu\/wp-json\/wp\/v2\/media?parent=16317"}],"wp:term":[{"taxonomy":"product_brand","embeddable":true,"href":"https:\/\/www.hydraulic-cylinders.net\/hu\/wp-json\/wp\/v2\/product_brand?post=16317"},{"taxonomy":"product_cat","embeddable":true,"href":"https:\/\/www.hydraulic-cylinders.net\/hu\/wp-json\/wp\/v2\/product_cat?post=16317"},{"taxonomy":"product_tag","embeddable":true,"href":"https:\/\/www.hydraulic-cylinders.net\/hu\/wp-json\/wp\/v2\/product_tag?post=16317"}],"curies":[{"name":"munkaf\u00fczet","href":"https:\/\/api.w.org\/{rel}","templated":true}]}}