{"id":16328,"date":"2025-01-20T09:06:17","date_gmt":"2025-01-20T09:06:17","guid":{"rendered":"https:\/\/www.hydraulic-cylinders.net\/product\/arm-cylinderfor-volvo-large-excavator-ec290b\/"},"modified":"2025-01-20T09:06:19","modified_gmt":"2025-01-20T09:06:19","slug":"arm-cylinderfor-volvo-large-excavator-ec290b","status":"publish","type":"product","link":"https:\/\/www.hydraulic-cylinders.net\/hu\/termek\/arm-cylinderfor-volvo-large-excavator-ec290b\/","title":{"rendered":"Karhenger Volvo EC290B nagy kotr\u00f3g\u00e9phez"},"content":{"rendered":"<p><html><\/p>\n<h1>Karhenger Volvo nagym\u00e9ret\u0171 kotr\u00f3g\u00e9phez EC290B<\/h1>\n<h2>Bevezet\u00e9s<\/h2>\n<p>A karhenger egy speci\u00e1lisan tervezett hidraulikus henger, amely line\u00e1ris mozg\u00e1st \u00e9s er\u0151t biztos\u00edt k\u00fcl\u00f6nf\u00e9le g\u00e9pek, p\u00e9ld\u00e1ul kotr\u00f3g\u00e9pek, daruk \u00e9s robotkarok karj\u00e1nak. A karhenger kulcsszerepet j\u00e1tszik a hidraulikus rendszerekben, lehet\u0151v\u00e9 t\u00e9ve a tartoz\u00e9kok vagy tartoz\u00e9kok hat\u00e9kony mozg\u00e1s\u00e1t \u00e9s vez\u00e9rl\u00e9s\u00e9t. Ezek a hengerek nemcsak sima mozg\u00e1st tesznek lehet\u0151v\u00e9, hanem nagy terhel\u00e9seket is elviselnek, biztos\u00edtva a g\u00e9p hat\u00e9kony m\u0171k\u00f6d\u00e9s\u00e9t \u00e9s megb\u00edzhat\u00f3s\u00e1g\u00e1t k\u00fcl\u00f6nb\u00f6z\u0151 munkak\u00f6r\u00fclm\u00e9nyek k\u00f6z\u00f6tt.<\/p>\n<p>  <img decoding=\"async\" src=\"https:\/\/www.hydraulic-cylinders.net\/wp-content\/uploads\/2025\/01\/songte-company-2.webp\" alt=\"Karhenger k\u00e9pe\"><\/p>\n<h2>Jellemz\u0151k<\/h2>\n<ul>\n<li><strong>Nagy hat\u00e9konys\u00e1g\u00fa \u00e1tvitel:<\/strong> A karhenger er\u0151teljes line\u00e1ris mozg\u00e1st \u00e9s er\u0151t biztos\u00edt, biztos\u00edtva a mechanikus kar nagy teljes\u00edtm\u00e9ny\u00e9t k\u00fcl\u00f6nf\u00e9le m\u0171veletek sor\u00e1n.<\/li>\n<li><strong>Prec\u00edz vez\u00e9rl\u00e9s:<\/strong> A hidraulikus rendszeren kereszt\u00fcl a karhenger prec\u00edz mozg\u00e1svez\u00e9rl\u00e9st tesz lehet\u0151v\u00e9, \u00edgy a csatlakoztatott eszk\u00f6z\u00f6k kezel\u00e9se rugalmasabb \u00e9s pontosabb.<\/li>\n<li><strong>Tart\u00f3ss\u00e1g:<\/strong> A karos munkahengerek \u00e1ltal\u00e1ban nagy szil\u00e1rds\u00e1g\u00fa anyagokb\u00f3l k\u00e9sz\u00fclnek, kiv\u00e1l\u00f3 kop\u00e1s\u00e1ll\u00f3s\u00e1got \u00e9s korr\u00f3zi\u00f3\u00e1ll\u00f3s\u00e1got biztos\u00edtva, \u00edgy alkalmasak hossz\u00fa t\u00e1v\u00fa haszn\u00e1latra zord k\u00f6rnyezetben.<\/li>\n<li><strong>T\u00f6bbfunkci\u00f3s alkalmazkod\u00f3k\u00e9pess\u00e9g:<\/strong> Ezek a munkahengerek sz\u00e9les k\u00f6rben alkalmazhat\u00f3k k\u00fcl\u00f6nf\u00e9le g\u00e9pipari berendez\u00e9sekben, p\u00e9ld\u00e1ul kotr\u00f3g\u00e9pekben, darukban \u00e9s robotkarokban, alkalmazkodva a k\u00fcl\u00f6nb\u00f6z\u0151 munkak\u00f6vetelm\u00e9nyekhez.<\/li>\n<li><strong>K\u00f6nny\u0171 karbantart\u00e1s:<\/strong> A tervez\u00e9s sor\u00e1n figyelembe vett\u00e9k a karbantart\u00e1s \u00e9s a csere egyszer\u0171s\u00e9g\u00e9t, \u00edgy a rendszeres ellen\u0151rz\u00e9sek \u00e9s karbantart\u00e1s k\u00e9nyelmesebb\u00e9 v\u00e1lt, \u00e9s cs\u00f6kkentett\u00e9k a berendez\u00e9sek \u00e1ll\u00e1sidej\u00e9t.<\/li>\n<\/ul>\n<p>  <img decoding=\"async\" src=\"https:\/\/www.hydraulic-cylinders.net\/wp-content\/uploads\/2025\/01\/songte-oil-pipes-and-spare-parts.webp\" alt=\"Karhenger alkatr\u00e9szek k\u00e9pe\"><\/p>\n<h2>Alkalmaz\u00e1sok<\/h2>\n<p>A karhenger k\u00fcl\u00f6nf\u00e9le ipar\u00e1gakban alkalmazhat\u00f3:<\/p>\n<ul>\n<li><strong>\u00c9p\u00edt\u0151m\u00e9rn\u00f6ki:<\/strong> Kotr\u00f3g\u00e9pekn\u00e9l \u00e9s darukn\u00e1l a karhenger vez\u00e9rli a kan\u00e1l vagy a g\u00e9m mozg\u00e1s\u00e1t f\u00f6ldmunk\u00e1kn\u00e1l, anyagmozgat\u00e1sn\u00e1l \u00e9s szerkezettelep\u00edt\u00e9sn\u00e9l.<\/li>\n<li><strong>Feldolgoz\u00f3 ipar:<\/strong> Az automatiz\u00e1lt gy\u00e1rt\u00f3sorokon a karhenger lehet\u0151v\u00e9 teszi a robotkarok mozg\u00e1s\u00e1t az \u00f6sszeszerel\u00e9si, hegeszt\u00e9si \u00e9s anyagmozgat\u00e1si folyamatok sor\u00e1n, jav\u00edtva a termel\u00e9si hat\u00e9konys\u00e1got \u00e9s a pontoss\u00e1got.<\/li>\n<li><strong>Mez\u0151gazdas\u00e1gi g\u00e9pek:<\/strong> A mez\u0151gazdas\u00e1gi g\u00e9pekben, p\u00e9ld\u00e1ul a betakar\u00edt\u00f3g\u00e9pekben \u00e9s a vet\u0151g\u00e9pekben a karhenger vez\u00e9rli a m\u0171k\u00f6dtet\u0151 kar mozg\u00e1s\u00e1t olyan feladatokhoz, mint a vet\u00e9s, a m\u0171tr\u00e1gy\u00e1z\u00e1s \u00e9s a betakar\u00edt\u00e1s.<\/li>\n<li><strong>B\u00e1nyaipar:<\/strong> B\u00e1ny\u00e1szati \u200b\u200bberendez\u00e9sekben a karhengert haszn\u00e1lj\u00e1k a kar mozg\u00e1s\u00e1nak vez\u00e9rl\u00e9s\u00e9re az \u00e9rc kitermel\u00e9se \u00e9s sz\u00e1ll\u00edt\u00e1sa sor\u00e1n.<\/li>\n<li><strong>Logisztika \u00e9s sz\u00e1ll\u00edt\u00e1s:<\/strong> A targonc\u00e1kban \u00e9s anyagmozgat\u00f3 robotokban a karhenger vez\u00e9rli a vill\u00e1k emel\u00e9s\u00e9t \u00e9s mozg\u00e1s\u00e1t, hogy megk\u00f6nny\u00edtse az anyagmozgat\u00e1st \u00e9s a rakod\u00e1st.<\/li>\n<\/ul>\n<h2>Tervez\u00e9si szempontok \u00e9s kiv\u00e1laszt\u00e1si krit\u00e9riumok<\/h2>\n<p>  <img decoding=\"async\" src=\"https:\/\/www.hydraulic-cylinders.net\/wp-content\/uploads\/2025\/01\/songte-cylinder-head-with-all-kinds-excavator-models.webp\" alt=\"Hengerfej k\u00e9pe\"><\/p>\n<p>A hengerfejek tervez\u00e9sekor sz\u00e1mos t\u00e9nyez\u0151t kell figyelembe venni:<\/p>\n<ul>\n<li><strong>Teherb\u00edr\u00e1s:<\/strong> Besz\u00e9lj\u00e9tek meg a karhenger k\u00fcl\u00f6nb\u00f6z\u0151 terhel\u00e9sek kezel\u00e9si k\u00e9pess\u00e9g\u00e9t, \u00e9s a megfelel\u0151 kapacit\u00e1s kiv\u00e1laszt\u00e1s\u00e1nak fontoss\u00e1g\u00e1t az adott alkalmaz\u00e1sokhoz.<\/li>\n<li><strong>T\u00f6m\u00edt\u00e9s:<\/strong> Magyar\u00e1zza el a kop\u00e1s\u00e1ll\u00f3 anyagokb\u00f3l, p\u00e9ld\u00e1ul poliuret\u00e1nb\u00f3l \u00e9s nitrilgumib\u00f3l k\u00e9sz\u00fclt k\u00fcl\u00f6nf\u00e9le t\u00f6m\u00edt\u0151elemek, p\u00e9ld\u00e1ul dugatty\u00fat\u00f6m\u00edt\u00e9sek \u00e9s r\u00fadt\u00f6m\u00edt\u00e9sek haszn\u00e1lat\u00e1t, \u00e9s azt, hogy megfelel\u0151 kiv\u00e1laszt\u00e1suk hogyan akad\u00e1lyozza meg a sziv\u00e1rg\u00e1sokat.<\/li>\n<li><strong>Tart\u00f3ss\u00e1g:<\/strong> Hangs\u00falyozza a kiv\u00e1l\u00f3 min\u0151s\u00e9g\u0171 anyagok \u00e9s a prec\u00edz gy\u00e1rt\u00e1si technik\u00e1k fontoss\u00e1g\u00e1t a karhengerek tart\u00f3ss\u00e1g\u00e1nak \u00e9s kop\u00e1s\u00e1ll\u00f3s\u00e1g\u00e1nak biztos\u00edt\u00e1sa \u00e9rdek\u00e9ben.<\/li>\n<li><strong>Biztons\u00e1g:<\/strong> Besz\u00e9lje meg a karhengerek tervez\u00e9s\u00e9n\u00e9l figyelembe veend\u0151 biztons\u00e1gi szempontokat, p\u00e9ld\u00e1ul a m\u0171k\u00f6d\u00e9s k\u00f6zbeni balesetek \u00e9s s\u00e9r\u00fcl\u00e9sek megel\u0151z\u00e9s\u00e9t szolg\u00e1l\u00f3 biztons\u00e1gi funkci\u00f3k be\u00e9p\u00edt\u00e9s\u00e9t.<\/li>\n<li><strong>Karbantarthat\u00f3s\u00e1g:<\/strong> Magyar\u00e1zza el, hogyan kellene a kialak\u00edt\u00e1snak megk\u00f6nny\u00edtenie a karbantart\u00e1st \u00e9s a jav\u00edt\u00e1st, lehet\u0151v\u00e9 t\u00e9ve az alkatr\u00e9szek gyors ellen\u0151rz\u00e9s\u00e9t \u00e9s cser\u00e9j\u00e9t.<\/li>\n<\/ul>\n<h2>T\u00f6m\u00edt\u00e9s \u00e9s ken\u00e9s<\/h2>\n<p>A karhengerek k\u00fcl\u00f6nf\u00e9le t\u00f6m\u00edt\u0151elemeket haszn\u00e1lnak, \u00e9s rendszeres ken\u00e9st ig\u00e9nyelnek:<\/p>\n<ul>\n<li>T\u00f6m\u00edt\u00e9s: A karos munkahengerek k\u00fcl\u00f6nb\u00f6z\u0151 t\u00f6m\u00edt\u00e9seket haszn\u00e1lnak, p\u00e9ld\u00e1ul dugatty\u00fat\u00f6m\u00edt\u00e9seket \u00e9s r\u00fadt\u00f6m\u00edt\u00e9seket, amelyek kop\u00e1s\u00e1ll\u00f3 anyagokb\u00f3l, p\u00e9ld\u00e1ul poliuret\u00e1nb\u00f3l \u00e9s nitrilgumib\u00f3l k\u00e9sz\u00fclnek. A hengertest \u00e9s a menetes v\u00e9gek prec\u00edz megmunk\u00e1l\u00e1son esnek \u00e1t a kop\u00e1s\u00e1ll\u00f3s\u00e1g fokoz\u00e1sa \u00e9rdek\u00e9ben. A ken\u00e9shez rendszeres megfelel\u0151 hidraulikaolaj hozz\u00e1ad\u00e1sa sz\u00fcks\u00e9ges.<\/li>\n<\/ul>\n<h2>Ellen\u0151rz\u00e9s \u00e9s megel\u0151z\u0151 karbantart\u00e1s<\/h2>\n<p>A rendszeres ellen\u0151rz\u00e9sek \u00e9s a megel\u0151z\u0151 karbantart\u00e1s elengedhetetlen az optim\u00e1lis teljes\u00edtm\u00e9nyhez:<\/p>\n<ul>\n<li>Ellen\u0151rz\u00e9s: Adjon tippeket a karhenger \u00e9s alkatr\u00e9szeinek ellen\u0151rz\u00e9s\u00e9hez, bele\u00e9rtve a sziv\u00e1rg\u00e1sok, kop\u00e1s \u00e9s megfelel\u0151 m\u0171k\u00f6d\u00e9s ellen\u0151rz\u00e9s\u00e9t.<\/li>\n<li>Megel\u0151z\u0151 karbantart\u00e1s: Besz\u00e9lje meg a megel\u0151z\u0151 int\u00e9zked\u00e9seket, p\u00e9ld\u00e1ul a megfelel\u0151 ken\u00e9s biztos\u00edt\u00e1s\u00e1t, a nyom\u00e1sszintek ellen\u0151rz\u00e9s\u00e9t, valamint a kop\u00e1s vagy s\u00e9r\u00fcl\u00e9s jeleinek kezel\u00e9s\u00e9t, miel\u0151tt azok s\u00falyos probl\u00e9m\u00e1kk\u00e1 fajuln\u00e1nak.<\/li>\n<\/ul>\n<h2>Telep\u00edt\u00e9si \u00fatmutat\u00f3<\/h2>\n<p>  <img decoding=\"async\" src=\"https:\/\/www.hydraulic-cylinders.net\/wp-content\/uploads\/2025\/01\/songte-bushings-with-all-kinds-of-excavator-models.webp\" alt=\"Perselyek k\u00e9pe\"><\/p>\n<p>R\u00e9szletes \u00fatmutat\u00f3t ad a karhenger helyes beszerel\u00e9s\u00e9hez:<\/p>\n<ul>\n<li>Telep\u00edt\u00e9si l\u00e9p\u00e9sek: Magyar\u00e1zza el a karhenger l\u00e9p\u00e9senk\u00e9nti telep\u00edt\u00e9si folyamat\u00e1t, bele\u00e9rtve a sz\u00fcks\u00e9ges szersz\u00e1mokat \u00e9s \u00f3vint\u00e9zked\u00e9seket.<\/li>\n<li>Be\u00e1ll\u00edt\u00e1s: Hangs\u00falyozza a megfelel\u0151 be\u00e1ll\u00edt\u00e1s fontoss\u00e1g\u00e1t a z\u00f6kken\u0151mentes m\u0171k\u00f6d\u00e9s biztos\u00edt\u00e1sa \u00e9s az id\u0151 el\u0151tti kop\u00e1s megel\u0151z\u00e9se \u00e9rdek\u00e9ben.<\/li>\n<\/ul>\n<h2>Biztons\u00e1gi szempontok \u00e9s k\u00f6rnyezeti t\u00e9nyez\u0151k<\/h2>\n<p>Besz\u00e9lj\u00e9tek meg a biztons\u00e1gi int\u00e9zked\u00e9sek \u00e9s a k\u00f6rnyezetv\u00e9delmi szempontok fontoss\u00e1g\u00e1t a karos munkahengerek haszn\u00e1latakor:<\/p>\n<ul>\n<li>Biztons\u00e1gi int\u00e9zked\u00e9sek: Hangs\u00falyozza a megfelel\u0151 k\u00e9pz\u00e9s, a biztons\u00e1gi ir\u00e1nyelvek betart\u00e1s\u00e1nak \u00e9s a v\u00e9d\u0151felszerel\u00e9sek haszn\u00e1lat\u00e1nak sz\u00fcks\u00e9gess\u00e9g\u00e9t a balesetek \u00e9s s\u00e9r\u00fcl\u00e9sek megel\u0151z\u00e9se \u00e9rdek\u00e9ben.<\/li>\n<li>K\u00f6rnyezeti t\u00e9nyez\u0151k: Ismertesse, hogyan j\u00e1rulnak hozz\u00e1 a karos munkahengerek az energiahat\u00e9konys\u00e1ghoz, a kibocs\u00e1t\u00e1s cs\u00f6kkent\u00e9s\u00e9hez \u00e9s a k\u00f6rnyezeti fenntarthat\u00f3s\u00e1ghoz.<\/li>\n<\/ul>\n<h2>Hibaelh\u00e1r\u00edt\u00e1s \u00e9s gyakori probl\u00e9m\u00e1k<\/h2>\n<p>A karhengerekkel kapcsolatos lehets\u00e9ges m\u0171k\u00f6d\u00e9si hib\u00e1k \u00e9s gyakori probl\u00e9m\u00e1k megold\u00e1sa:<\/p>\n<ul>\n<li>Hibaelh\u00e1r\u00edt\u00e1s: \u00datmutat\u00e1st ny\u00fajt a gyakori probl\u00e9m\u00e1k, p\u00e9ld\u00e1ul sziv\u00e1rg\u00e1sok, helytelen mozg\u00e1s vagy cs\u00f6kkent teljes\u00edtm\u00e9ny diagnosztiz\u00e1l\u00e1s\u00e1hoz.<\/li>\n<li>Probl\u00e9mamegold\u00e1s: Tippeket \u00e9s megold\u00e1sokat k\u00edn\u00e1l a felt\u00e1rt probl\u00e9m\u00e1k megold\u00e1s\u00e1ra, seg\u00edtve az olvas\u00f3kat a probl\u00e9m\u00e1k hat\u00e9kony diagnosztiz\u00e1l\u00e1s\u00e1ban \u00e9s megold\u00e1s\u00e1ban. Javasoljon megel\u0151z\u0151 int\u00e9zked\u00e9seket is a lehets\u00e9ges probl\u00e9m\u00e1k minimaliz\u00e1l\u00e1sa \u00e9rdek\u00e9ben.<\/li>\n<\/ul>\n<p>  <img decoding=\"async\" src=\"https:\/\/www.hydraulic-cylinders.net\/wp-content\/uploads\/2025\/01\/songte-chushion-collar.webp\" alt=\"Chushion gall\u00e9r k\u00e9p\"><\/p>\n<p>Ne felejtsd el logikusan fel\u00e9p\u00edteni a cikket, haszn\u00e1lj alc\u00edmeket a k\u00f6nny\u0171 navig\u00e1ci\u00f3 \u00e9rdek\u00e9ben, \u00e9p\u00edts be relev\u00e1ns k\u00e9peket vagy diagramokat a jobb meg\u00e9rt\u00e9s \u00e9rdek\u00e9ben, \u00e9s \u00fcgyelj arra, hogy a tartalom vil\u00e1gos, t\u00f6m\u00f6r \u00e9s k\u00fcl\u00f6nb\u00f6z\u0151 szint\u0171 technikai tud\u00e1ssal rendelkez\u0151 olvas\u00f3k sz\u00e1m\u00e1ra is megfelel\u0151 legyen.<\/p>\n<h2>R\u00f3lunk<\/h2>\n<p>  <img decoding=\"async\" src=\"https:\/\/www.hydraulic-cylinders.net\/wp-content\/uploads\/2025\/01\/songte-company-4.webp\" alt=\"C\u00e9ges im\u00e1zs\"><br \/>\n  <img decoding=\"async\" src=\"https:\/\/www.hydraulic-cylinders.net\/wp-content\/uploads\/2025\/01\/songte-company-3.webp\" alt=\"C\u00e9ges im\u00e1zs\"><\/p>\n<p>Professzion\u00e1lis gy\u00e1rt\u00f3k\u00e9nt k\u00edn\u00e1lunk p\u00f3talkatr\u00e9szeket hidraulikus hengerek sz\u00e9les term\u00e9kv\u00e1laszt\u00e9kkal. A hazai \u00e9s nemzetk\u00f6zi piacok egyik vezet\u0151 hidraulikus hengergy\u00e1rt\u00f3j\u00e1v\u00e1 \u00e9s nagykereskedelmi forgalmaz\u00f3j\u00e1v\u00e1 v\u00e1ltunk. A kiv\u00e1l\u00f3s\u00e1g ir\u00e1nti elk\u00f6telezetts\u00e9g\u00fcnkkel folyamatosan fejlesztj\u00fck m\u0171szaki szak\u00e9rtelm\u00fcnket \u00e9s termel\u00e9si hat\u00e9konys\u00e1gunkat az iparos\u00edtott termel\u00e9sir\u00e1ny\u00edt\u00e1s r\u00e9v\u00e9n kifinomult gy\u00e1rt\u00f3m\u0171helyeinkben. Fejlett digit\u00e1lis gy\u00e1rt\u00f3berendez\u00e9sek \u00e9s professzion\u00e1lis tesztel\u0151rendszerek bevezet\u00e9s\u00e9vel optimaliz\u00e1ljuk gy\u00e1rt\u00e1si platformunkat \u00e9s fejlesztj\u00fck term\u00e9kmin\u0151s\u00e9g-ellen\u0151rz\u00e9si folyamatunkat, er\u0151s innov\u00e1ci\u00f3s k\u00e9pess\u00e9geket demonstr\u00e1lva. C\u00e9lunk, hogy hat\u00e9konyan, prec\u00edzen \u00e9s magas min\u0151s\u00e9gi sz\u00ednvonalon el\u00e9g\u00edts\u00fck ki \u00fcgyfeleink soksz\u00edn\u0171 ig\u00e9nyeit.<\/p>\n<h2>Er\u0151ss\u00e9geink<\/h2>\n<ul>\n<li><strong>Szak\u00e9rtelem:<\/strong> E-kereskedelmi SEO sz\u00f6veg\u00edr\u00f3 csapat vagyunk<br \/>","protected":false},"excerpt":{"rendered":"<p>Arm Cylinder For Volvo Large Excavator EC290B Introduction An arm cylinder is a specially designed hydraulic cylinder that provides linear motion and power to the arm of various types of machinery, such as excavators, cranes, and robotic arms. The arm cylinder plays a crucial role in hydraulic systems, allowing for the effective movement and control [&hellip;]<\/p>","protected":false},"featured_media":14777,"comment_status":"open","ping_status":"closed","template":"","meta":{"_et_pb_use_builder":"","_et_pb_old_content":"","_et_gb_content_width":""},"product_brand":[],"product_cat":[1497],"product_tag":[1498,1496],"class_list":{"0":"post-16328","1":"product","2":"type-product","3":"status-publish","4":"has-post-thumbnail","6":"product_cat-arm-cylinders","7":"product_tag-arm-cylinders","8":"product_tag-hydraulic-cylinders","10":"first","11":"instock","12":"shipping-taxable","13":"product-type-simple"},"amp_enabled":true,"_links":{"self":[{"href":"https:\/\/www.hydraulic-cylinders.net\/hu\/wp-json\/wp\/v2\/product\/16328","targetHints":{"allow":["GET"]}}],"collection":[{"href":"https:\/\/www.hydraulic-cylinders.net\/hu\/wp-json\/wp\/v2\/product"}],"about":[{"href":"https:\/\/www.hydraulic-cylinders.net\/hu\/wp-json\/wp\/v2\/types\/product"}],"replies":[{"embeddable":true,"href":"https:\/\/www.hydraulic-cylinders.net\/hu\/wp-json\/wp\/v2\/comments?post=16328"}],"wp:featuredmedia":[{"embeddable":true,"href":"https:\/\/www.hydraulic-cylinders.net\/hu\/wp-json\/wp\/v2\/media\/14777"}],"wp:attachment":[{"href":"https:\/\/www.hydraulic-cylinders.net\/hu\/wp-json\/wp\/v2\/media?parent=16328"}],"wp:term":[{"taxonomy":"product_brand","embeddable":true,"href":"https:\/\/www.hydraulic-cylinders.net\/hu\/wp-json\/wp\/v2\/product_brand?post=16328"},{"taxonomy":"product_cat","embeddable":true,"href":"https:\/\/www.hydraulic-cylinders.net\/hu\/wp-json\/wp\/v2\/product_cat?post=16328"},{"taxonomy":"product_tag","embeddable":true,"href":"https:\/\/www.hydraulic-cylinders.net\/hu\/wp-json\/wp\/v2\/product_tag?post=16328"}],"curies":[{"name":"munkaf\u00fczet","href":"https:\/\/api.w.org\/{rel}","templated":true}]}}