{"id":16334,"date":"2025-01-20T09:06:50","date_gmt":"2025-01-20T09:06:50","guid":{"rendered":"https:\/\/www.hydraulic-cylinders.net\/product\/arm-cylinderfor-volvo-large-excavator-ec360bp\/"},"modified":"2025-01-20T09:06:51","modified_gmt":"2025-01-20T09:06:51","slug":"arm-cylinderfor-volvo-large-excavator-ec360bp","status":"publish","type":"product","link":"https:\/\/www.hydraulic-cylinders.net\/hu\/termek\/arm-cylinderfor-volvo-large-excavator-ec360bp\/","title":{"rendered":"Karhenger Volvo nagym\u00e9ret\u0171 kotr\u00f3g\u00e9phez EC360BP"},"content":{"rendered":"<p>Karhenger Volvo EC360BP nagym\u00e9ret\u0171 kotr\u00f3g\u00e9phez<\/p>\n<p>Bevezet\u00e9s<\/p>\n<p>A karhenger egy speci\u00e1lis hidraulikus henger, amelyet arra terveztek, hogy line\u00e1ris mozg\u00e1st \u00e9s er\u0151t biztos\u00edtson k\u00fcl\u00f6nf\u00e9le g\u00e9pek, p\u00e9ld\u00e1ul kotr\u00f3g\u00e9pek, daruk \u00e9s manipul\u00e1torok karj\u00e1nak. A karhenger kulcsszerepet j\u00e1tszik a hidraulikus rendszerben, lehet\u0151v\u00e9 t\u00e9ve a tartoz\u00e9kok vagy tartoz\u00e9kok hat\u00e9kony mozg\u00e1s\u00e1t \u00e9s vez\u00e9rl\u00e9s\u00e9t. Ezek a hengerek nemcsak sima mozg\u00e1st biztos\u00edtanak, hanem nagy terhel\u00e9seket is elviselnek, biztos\u00edtva a g\u00e9pek hat\u00e9kony m\u0171k\u00f6d\u00e9s\u00e9t \u00e9s megb\u00edzhat\u00f3s\u00e1g\u00e1t k\u00fcl\u00f6nb\u00f6z\u0151 \u00fczemi k\u00f6r\u00fclm\u00e9nyek k\u00f6z\u00f6tt.<\/p>\n<p><img loading=\"lazy\" decoding=\"async\" src=\"https:\/\/www.hydraulic-cylinders.net\/wp-content\/uploads\/2025\/01\/songte-company-2.webp\" alt=\"Hidraulikus henger\" width=\"500\" height=\"333\"><\/p>\n<p>Term\u00e9kjellemz\u0151k<\/p>\n<p>A Volvo EC360BP nagym\u00e9ret\u0171 kotr\u00f3g\u00e9p karhengere a k\u00f6vetkez\u0151 tulajdons\u00e1gokkal rendelkezik:<\/p>\n<p>1. Nagy hat\u00e9konys\u00e1g\u00fa er\u0151\u00e1tvitel: A karhenger er\u0151teljes line\u00e1ris mozg\u00e1st \u00e9s er\u0151t biztos\u00edt, biztos\u00edtva a manipul\u00e1tor magas hat\u00e9konys\u00e1g\u00e1t a k\u00fcl\u00f6nb\u00f6z\u0151 m\u0171veletek sor\u00e1n.<\/p>\n<p>2. Prec\u00edz vez\u00e9rl\u00e9s: A hidraulikus rendszeren kereszt\u00fcl a karhenger pontos mozg\u00e1svez\u00e9rl\u00e9st \u00e9rhet el, \u00edgy a tartoz\u00e9kok m\u0171k\u00f6d\u00e9se rugalmasabb \u00e9s pontosabb.<\/p>\n<p>3. Er\u0151s tart\u00f3ss\u00e1g: A karhengerek \u00e1ltal\u00e1ban nagy szil\u00e1rds\u00e1g\u00fa anyagokb\u00f3l k\u00e9sz\u00fclnek, j\u00f3 kop\u00e1s- \u00e9s korr\u00f3zi\u00f3\u00e1ll\u00f3s\u00e1ggal rendelkeznek, \u00edgy hossz\u00fa t\u00e1v\u00fa haszn\u00e1latra alkalmasak zord k\u00f6rnyezetben.<\/p>\n<p>4. T\u00f6bbfunkci\u00f3s alkalmazkod\u00f3k\u00e9pess\u00e9g: Ezek a hengerek sz\u00e9les k\u00f6rben alkalmazhat\u00f3k k\u00fcl\u00f6nf\u00e9le mechanikus berendez\u00e9sekben, p\u00e9ld\u00e1ul kotr\u00f3g\u00e9pekben, darukban \u00e9s manipul\u00e1torokban, hogy megfeleljenek a k\u00fcl\u00f6nb\u00f6z\u0151 munkaig\u00e9nyeknek.<\/p>\n<p>5. K\u00f6nny\u0171 karbantart\u00e1s: A k\u00f6nny\u0171 karbantart\u00e1s \u00e9s csere \u00e9rdek\u00e9ben tervezett karhengerek k\u00e9nyelmesebb\u00e9 teszik a rendszeres ellen\u0151rz\u00e9st \u00e9s karbantart\u00e1st, cs\u00f6kkentve a berendez\u00e9sek \u00e1ll\u00e1sidej\u00e9t.<\/p>\n<p>Gy\u00e1rt\u00e1sunk \u00e9s cser\u00e9nk<\/p>\n<p>Term\u00e9keink t\u00f6k\u00e9letesen helyettes\u00edthetik ezeket a hidraulikus hengereket. K\u00fcl\u00f6nb\u00f6z\u0151 specifik\u00e1ci\u00f3j\u00fa \u00e9s m\u00e9ret\u0171, kiv\u00e1l\u00f3 min\u0151s\u00e9g\u0171 karos hengereket tudunk gy\u00e1rtani, hogy megfeleljenek a k\u00fcl\u00f6nb\u00f6z\u0151 ipar\u00e1gak \u00e9s alkalmaz\u00e1sok ig\u00e9nyeinek.<\/p>\n<p><img loading=\"lazy\" decoding=\"async\" src=\"https:\/\/www.hydraulic-cylinders.net\/wp-content\/uploads\/2025\/01\/songte-oil-pipes-and-spare-parts.webp\" alt=\"Hidraulikus henger\" width=\"500\" height=\"333\"><\/p>\n<p>Alkalmaz\u00e1sok<\/p>\n<p>A karhengereket sz\u00e9les k\u00f6rben haszn\u00e1lj\u00e1k k\u00fcl\u00f6nf\u00e9le ter\u00fcleteken, t\u00f6bbek k\u00f6z\u00f6tt:<\/p>\n<p>1. \u00c9p\u00edt\u0151ipar: Kotr\u00f3g\u00e9pekben \u00e9s darukban a karhengereket a lap\u00e1tok vagy g\u00e9mek mozg\u00e1s\u00e1nak vez\u00e9rl\u00e9s\u00e9re haszn\u00e1lj\u00e1k f\u00f6ldmozgat\u00e1shoz, anyagmozgat\u00e1shoz \u00e9s szerkezeti telep\u00edt\u00e9shez.<\/p>\n<p>2. Gy\u00e1rt\u00f3ipar: Az automatiz\u00e1lt gy\u00e1rt\u00f3sorokon a karhengereket manipul\u00e1torok mozgat\u00e1s\u00e1ra haszn\u00e1lj\u00e1k az \u00f6sszeszerel\u00e9si, hegeszt\u00e9si \u00e9s anyagmozgat\u00e1si folyamatokban, jav\u00edtva a termel\u00e9si hat\u00e9konys\u00e1got \u00e9s a pontoss\u00e1got.<\/p>\n<p>3. Mez\u0151gazdas\u00e1gi g\u00e9pek: A mez\u0151gazdas\u00e1gi g\u00e9pekben, p\u00e9ld\u00e1ul a betakar\u00edt\u00f3g\u00e9pekben \u00e9s a vet\u0151g\u00e9pekben a karhengerek vez\u00e9rlik a m\u0171k\u00f6dtet\u0151 karok mozg\u00e1s\u00e1t, \u00e9s olyan feladatokat l\u00e1tnak el, mint a vet\u00e9s, a tr\u00e1gy\u00e1z\u00e1s \u00e9s a betakar\u00edt\u00e1s.<\/p>\n<p>4. B\u00e1ny\u00e1szat: A b\u00e1ny\u00e1szati \u200b\u200bberendez\u00e9sekben a karhengereket a b\u00e1ny\u00e1szati \u200b\u200bberendez\u00e9sek karj\u00e1nak mozg\u00e1s\u00e1nak vez\u00e9rl\u00e9s\u00e9re haszn\u00e1lj\u00e1k az \u00e9rc kitermel\u00e9se \u00e9s sz\u00e1ll\u00edt\u00e1sa sor\u00e1n.<\/p>\n<p>5. Logisztika \u00e9s sz\u00e1ll\u00edt\u00e1s: A targonc\u00e1kban \u00e9s anyagmozgat\u00f3 robotokban a karhengereket a vill\u00e1k emel\u00e9s\u00e9nek \u00e9s mozg\u00e1s\u00e1nak vez\u00e9rl\u00e9s\u00e9re haszn\u00e1lj\u00e1k, megval\u00f3s\u00edtva az anyagmozgat\u00e1st \u00e9s a rakod\u00e1st.<\/p>\n<p>Tervez\u00e9si szempontok \u00e9s kiv\u00e1laszt\u00e1si krit\u00e9riumok<\/p>\n<p>A hengerfejek kiv\u00e1laszt\u00e1sakor n\u00e9h\u00e1ny fontos t\u00e9nyez\u0151t kell figyelembe venni:<\/p>\n<p>1. Teherb\u00edr\u00e1s: A hengernek k\u00e9pesnek kell lennie ellen\u00e1llni az \u00fczem k\u00f6zben keletkez\u0151 maxim\u00e1lis terhel\u00e9snek.<\/p>\n<p>2. T\u00f6m\u00edt\u00e9s: A hengert j\u00f3l kell t\u00f6m\u00edteni az olajsziv\u00e1rg\u00e1s megakad\u00e1lyoz\u00e1sa \u00e9s a hidraulikus rendszer zavartalan m\u0171k\u00f6d\u00e9s\u00e9nek biztos\u00edt\u00e1sa \u00e9rdek\u00e9ben.<\/p>\n<p>3. Tart\u00f3ss\u00e1g: A hengernek nagy szil\u00e1rds\u00e1g\u00fa anyagokb\u00f3l kell k\u00e9sz\u00fclnie, j\u00f3 kop\u00e1s- \u00e9s korr\u00f3zi\u00f3\u00e1ll\u00f3s\u00e1ggal kell rendelkeznie, \u00e9s k\u00e9pesnek kell lennie ellen\u00e1llni a zord \u00fczemi k\u00f6r\u00fclm\u00e9nyeknek.<\/p>\n<p>4. Biztons\u00e1g: A palacknak \u200b\u200bbiztons\u00e1gi int\u00e9zked\u00e9sekkel kell rendelkeznie a balesetek megel\u0151z\u00e9se \u00e9rdek\u00e9ben, p\u00e9ld\u00e1ul nyom\u00e1scs\u00f6kkent\u0151 szelepekkel \u00e9s reteszel\u0151berendez\u00e9sekkel.<\/p>\n<p>5. Karbantarthat\u00f3s\u00e1g: A hengert \u00fagy kell megtervezni, hogy k\u00f6nnyen karbantarthat\u00f3 \u00e9s cser\u00e9lhet\u0151 legyen, cs\u00f6kkentve a karbantart\u00e1si id\u0151t \u00e9s k\u00f6lts\u00e9geket.<\/p>\n<p><img loading=\"lazy\" decoding=\"async\" src=\"https:\/\/www.hydraulic-cylinders.net\/wp-content\/uploads\/2025\/01\/songte-cylinder-head-with-all-kinds-excavator-models.webp\" alt=\"Hidraulikus henger\" width=\"500\" height=\"333\"><\/p>\n<p>T\u00f6m\u00edt\u00e9s \u00e9s ken\u00e9s<\/p>\n<p>A karos munkahengerek k\u00fcl\u00f6nf\u00e9le t\u00f6m\u00edt\u0151elemeket haszn\u00e1lnak, p\u00e9ld\u00e1ul dugatty\u00fat\u00f6m\u00edt\u00e9seket \u00e9s r\u00fadt\u00f6m\u00edt\u00e9seket, amelyek kop\u00e1s\u00e1ll\u00f3 anyagokb\u00f3l, p\u00e9ld\u00e1ul poliuret\u00e1nb\u00f3l \u00e9s nitrilgumib\u00f3l k\u00e9sz\u00fclnek, hogy biztos\u00edts\u00e1k a hat\u00e9kony t\u00f6m\u00edt\u00e9st \u00e9s megakad\u00e1lyozz\u00e1k az olajsziv\u00e1rg\u00e1st. A hengertest \u00e9s a menetes v\u00e9gfel\u00fclet finoman megmunk\u00e1lt a kop\u00e1s\u00e1ll\u00f3s\u00e1g jav\u00edt\u00e1sa \u00e9rdek\u00e9ben. A megfelel\u0151 hidraulikaolaj rendszeres hozz\u00e1ad\u00e1sa kenheti a hengert \u00e9s cs\u00f6kkentheti a kop\u00e1st.<\/p>\n<p>Karbantart\u00e1s \u00e9s megel\u0151z\u0151 int\u00e9zked\u00e9sek<\/p>\n<p>A karhenger norm\u00e1l m\u0171k\u00f6d\u00e9s\u00e9nek biztos\u00edt\u00e1sa \u00e9s \u00e9lettartam\u00e1nak meghosszabb\u00edt\u00e1sa \u00e9rdek\u00e9ben rendszeres ellen\u0151rz\u00e9s \u00e9s karbantart\u00e1s sz\u00fcks\u00e9ges. N\u00e9h\u00e1ny megel\u0151z\u0151 int\u00e9zked\u00e9s a k\u00f6vetkez\u0151ket foglalja mag\u00e1ban:<\/p>\n<p>1. Rendszeresen ellen\u0151rizze a t\u00f6m\u00edt\u00e9s teljes\u00edtm\u00e9ny\u00e9t, \u00e9s id\u0151ben cser\u00e9lje ki az elkopott t\u00f6m\u00edt\u00e9seket.<\/p>\n<p>2. Ellen\u0151rizze a hengertest fel\u00fclet\u00e9t kop\u00e1s \u00e9s korr\u00f3zi\u00f3 szempontj\u00e1b\u00f3l, \u00e9s sz\u00fcks\u00e9g eset\u00e9n jav\u00edtsa meg vagy cser\u00e9lje ki.<\/p>\n<p>3. Rendszeresen ellen\u0151rizze a nyom\u00e1scs\u00f6kkent\u0151 szelep \u00e9s a z\u00e1r\u00f3szerkezet megb\u00edzhat\u00f3s\u00e1g\u00e1t \u00e9s hat\u00e9konys\u00e1g\u00e1t.<\/p>\n<p>4. A hidraulikaolajat a hidraulikarendszer ig\u00e9nyeinek megfelel\u0151en id\u0151ben ut\u00e1na kell t\u00f6lteni.<\/p>\n<p>5. Haszn\u00e1lja helyesen a palackot, \u00e9s ker\u00fclje a t\u00falterhel\u00e9st vagy az \u00fct\u00e9seket.<\/p>\n<p><img loading=\"lazy\" decoding=\"async\" src=\"https:\/\/www.hydraulic-cylinders.net\/wp-content\/uploads\/2025\/01\/songte-chushion-collar.webp\" alt=\"Hidraulikus henger\" width=\"500\" height=\"333\"><\/p>\n<p>Telep\u00edt\u00e9si \u00fatmutat\u00f3<\/p>\n<p>A hengerfej megfelel\u0151 beszerel\u00e9s\u00e9hez k\u00f6vesse az al\u00e1bbi l\u00e9p\u00e9seket:<\/p>\n<p>1. Tiszt\u00edtsa meg a henger \u00e9s a g\u00e9p beszerel\u00e9si fel\u00fclet\u00e9t.<\/p>\n<p>2. Ellen\u0151rizze a henger \u00e9s a kapcsol\u00f3d\u00f3 alkatr\u00e9szek m\u00e9reteit \u00e9s illeszked\u00e9si pontoss\u00e1g\u00e1t.<\/p>\n<p>3. Szerelje be a hengert a telep\u00edt\u00e9si utas\u00edt\u00e1soknak megfelel\u0151en, \u00e9s gy\u0151z\u0151dj\u00f6n meg arr\u00f3l, hogy a henger \u00e9s a g\u00e9p megfelel\u0151en illeszkedik.<\/p>\n<p>4. Csatlakoztassa a hidraulikus cs\u0151vezet\u00e9keket \u00e9s szerelv\u00e9nyeket, \u00e9s ellen\u0151rizze a sziv\u00e1rg\u00e1st.<\/p>\n<p>5. T\u00f6ltse fel a hidraulikaolajat a hidraulikarendszer k\u00f6vetelm\u00e9nyeinek megfelel\u0151en.<\/p>\n<p>Biztons\u00e1gi \u00e9s k\u00f6rnyezeti t\u00e9nyez\u0151k<\/p>\n<p>Karhengerek haszn\u00e1latakor biztons\u00e1gi int\u00e9zked\u00e9seket kell tenni a balesetek megel\u0151z\u00e9se \u00e9rdek\u00e9ben, p\u00e9ld\u00e1ul v\u00e9d\u0151felszerel\u00e9st kell viselni, be kell tartani az \u00fczemeltet\u00e9si utas\u00edt\u00e1sokat, valamint el kell ker\u00fclni a t\u00falterhel\u00e9st vagy az \u00fct\u00e9seket. Ezenk\u00edv\u00fcl figyelembe kell venni a k\u00f6rnyezeti t\u00e9nyez\u0151ket, p\u00e9ld\u00e1ul a h\u0151m\u00e9rs\u00e9kletet, a p\u00e1ratartalmat \u00e9s a port a hidraulikus rendszer stabil m\u0171k\u00f6d\u00e9s\u00e9nek biztos\u00edt\u00e1sa \u00e9s a szennyez\u00e9s cs\u00f6kkent\u00e9se \u00e9rdek\u00e9ben.<\/p>\n<p>Hibaelh\u00e1r\u00edt\u00e1s \u00e9s gyakori probl\u00e9m\u00e1k<\/p>\n<p>A karos munkahengerek n\u00e9h\u00e1ny gyakori probl\u00e9m\u00e1ja k\u00f6z\u00e9 tartozik az olajsziv\u00e1rg\u00e1s, a rendellenes zaj \u00e9s a lass\u00fa mozg\u00e1s. Ezen probl\u00e9m\u00e1k diagnosztiz\u00e1l\u00e1s\u00e1hoz \u00e9s megold\u00e1s\u00e1hoz olvassa el a gy\u00e1rt\u00f3 \u00e1ltal biztos\u00edtott hibaelh\u00e1r\u00edt\u00e1si \u00fatmutat\u00f3t, \u00e9s gondosan k\u00f6vesse az utas\u00edt\u00e1sokat. N\u00e9h\u00e1ny megel\u0151z\u0151 int\u00e9zked\u00e9s k\u00f6z\u00e9 tartozik a rendszeres ellen\u0151rz\u00e9s \u00e9s karbantart\u00e1s, a t\u00falterhel\u00e9s vagy \u00fct\u00e9sek elker\u00fcl\u00e9se, valamint a munkahenger helyes haszn\u00e1lata.<\/p>\n<p><img loading=\"lazy\" decoding=\"async\" src=\"https:\/\/www.hydraulic-cylinders.net\/wp-content\/uploads\/2025\/01\/songte-bushings-with-all-kinds-of-excavator-models.webp\" alt=\"Hidraulikus henger\" width=\"500\" height=\"333\"><\/p>\n<p>C\u00e9gbemutat\u00f3<\/p>\n<p>Sz\u00e9les term\u00e9kv\u00e1laszt\u00e9kkal rendelkez\u0151 p\u00f3talkatr\u00e9sz-hidraulikus hengerek professzion\u00e1lis gy\u00e1rt\u00f3jak\u00e9nt \u00e9s nagykereskedelmi forgalmaz\u00f3j\u00e1v\u00e1 v\u00e1ltunk a hazai \u00e9s a nemzetk\u00f6zi piacokon. Mindig a kiv\u00e1l\u00f3 min\u0151s\u00e9g elv\u00e9t k\u00f6vetj\u00fck, a kifinomult gy\u00e1rt\u00f3m\u0171helyek iparos\u00edt\u00e1si termel\u00e9sir\u00e1ny\u00edt\u00e1si strat\u00e9gi\u00e1j\u00e1ra t\u00e1maszkodunk, \u00e9s folyamatosan fejlesztj\u00fck technol\u00f3gi\u00e1nkat \u00e9s termel\u00e9si hat\u00e9konys\u00e1gunkat. Fejlett digit\u00e1lis gy\u00e1rt\u00f3berendez\u00e9sek \u00e9s professzion\u00e1lis tesztel\u0151rendszerek bevezet\u00e9s\u00e9vel optimaliz\u00e1ljuk gy\u00e1rt\u00e1si platformunkat, fejlesztj\u00fck min\u0151s\u00e9gellen\u0151rz\u00e9si folyamatainkat, \u00e9s er\u0151s innov\u00e1ci\u00f3s k\u00e9pess\u00e9ggel rendelkez\u00fcnk. C\u00e9lunk, hogy \u00fcgyfeleink sokr\u00e9t\u0171 ig\u00e9nyeit nagy hat\u00e9konys\u00e1g, pontoss\u00e1g \u00e9s kiv\u00e1l\u00f3 min\u0151s\u00e9g alapj\u00e1n el\u00e9g\u00edts\u00fck ki.<\/p>\n<p>Elk\u00f6telezettek vagyunk amellett, hogy professzion\u00e1lis term\u00e9keket, nemzetk\u00f6zi tan\u00fas\u00edtv\u00e1nyokat, szem\u00e9lyre szabott szolg\u00e1ltat\u00e1sokat, fejlett gy\u00e1rt\u00f3berendez\u00e9seket \u00e9s kiv\u00e1l\u00f3 \u00e9rt\u00e9kes\u00edt\u00e9s ut\u00e1ni szolg\u00e1ltat\u00e1sokat ny\u00fajtsunk \u00fcgyfeleinknek.<\/p>\n<p><img loading=\"lazy\" decoding=\"async\" src=\"https:\/\/www.hydraulic-cylinders.net\/wp-content\/uploads\/2025\/01\/songte-company-4.webp\" alt=\"Hidraulikus henger\" width=\"500\" height=\"333\"><br \/>\n<img loading=\"lazy\" decoding=\"async\" src=\"https:\/\/www.hydraulic-cylinders.net\/wp-content\/uploads\/2025\/01\/songte-company-3.webp\" alt=\"Hidraulikus henger\" width=\"500\" height=\"333\"><\/p>\n<p>Szerz\u0151: lyl.<\/p>","protected":false},"excerpt":{"rendered":"<p>Arm Cylinder for Volvo Large Excavator EC360BP Introduction Arm cylinder is a specialized hydraulic cylinder designed to provide linear motion and power to the arm of various types of machinery, such as excavators, cranes, and manipulators. The arm cylinder plays a crucial role in the hydraulic system, enabling the effective movement and control of attachments [&hellip;]<\/p>","protected":false},"featured_media":14759,"comment_status":"open","ping_status":"closed","template":"","meta":{"_et_pb_use_builder":"","_et_pb_old_content":"","_et_gb_content_width":""},"product_brand":[],"product_cat":[1497],"product_tag":[1498,1496],"class_list":{"0":"post-16334","1":"product","2":"type-product","3":"status-publish","4":"has-post-thumbnail","6":"product_cat-arm-cylinders","7":"product_tag-arm-cylinders","8":"product_tag-hydraulic-cylinders","10":"first","11":"instock","12":"shipping-taxable","13":"product-type-simple"},"amp_enabled":true,"_links":{"self":[{"href":"https:\/\/www.hydraulic-cylinders.net\/hu\/wp-json\/wp\/v2\/product\/16334","targetHints":{"allow":["GET"]}}],"collection":[{"href":"https:\/\/www.hydraulic-cylinders.net\/hu\/wp-json\/wp\/v2\/product"}],"about":[{"href":"https:\/\/www.hydraulic-cylinders.net\/hu\/wp-json\/wp\/v2\/types\/product"}],"replies":[{"embeddable":true,"href":"https:\/\/www.hydraulic-cylinders.net\/hu\/wp-json\/wp\/v2\/comments?post=16334"}],"wp:featuredmedia":[{"embeddable":true,"href":"https:\/\/www.hydraulic-cylinders.net\/hu\/wp-json\/wp\/v2\/media\/14759"}],"wp:attachment":[{"href":"https:\/\/www.hydraulic-cylinders.net\/hu\/wp-json\/wp\/v2\/media?parent=16334"}],"wp:term":[{"taxonomy":"product_brand","embeddable":true,"href":"https:\/\/www.hydraulic-cylinders.net\/hu\/wp-json\/wp\/v2\/product_brand?post=16334"},{"taxonomy":"product_cat","embeddable":true,"href":"https:\/\/www.hydraulic-cylinders.net\/hu\/wp-json\/wp\/v2\/product_cat?post=16334"},{"taxonomy":"product_tag","embeddable":true,"href":"https:\/\/www.hydraulic-cylinders.net\/hu\/wp-json\/wp\/v2\/product_tag?post=16334"}],"curies":[{"name":"munkaf\u00fczet","href":"https:\/\/api.w.org\/{rel}","templated":true}]}}