{"id":16341,"date":"2025-01-20T09:07:22","date_gmt":"2025-01-20T09:07:22","guid":{"rendered":"https:\/\/www.hydraulic-cylinders.net\/product\/arm-cylinderfor-volvo-wheel-excavator-ew60\/"},"modified":"2025-01-20T09:07:24","modified_gmt":"2025-01-20T09:07:24","slug":"arm-cylinderfor-volvo-wheel-excavator-ew60","status":"publish","type":"product","link":"https:\/\/www.hydraulic-cylinders.net\/hu\/termek\/arm-cylinderfor-volvo-wheel-excavator-ew60\/","title":{"rendered":"Karhenger Volvo EW60 kerekes kotr\u00f3g\u00e9phez"},"content":{"rendered":"<p>Karhenger Volvo EW60 kerekes kotr\u00f3g\u00e9phez<\/p>\n<p>A Volvo EW60 kerekes kotr\u00f3g\u00e9p karhengere egy speci\u00e1lisan tervezett hidraulikus henger, amely line\u00e1ris mozg\u00e1st \u00e9s teljes\u00edtm\u00e9nyt biztos\u00edt k\u00fcl\u00f6nf\u00e9le g\u00e9pek, p\u00e9ld\u00e1ul kotr\u00f3g\u00e9pek, daruk \u00e9s mechanikus karok karjaihoz. A karhengerek kulcsszerepet j\u00e1tszanak a hidraulikus rendszerekben, lehet\u0151v\u00e9 t\u00e9ve a tartoz\u00e9kok vagy tartoz\u00e9kok mozg\u00e1s\u00e1t \u00e9s hat\u00e9kony vez\u00e9rl\u00e9s\u00e9t. Ezek a hengerek nemcsak sima mozg\u00e1st biztos\u00edtanak, hanem nagy terhel\u00e9seket is elviselnek, biztos\u00edtva a g\u00e9p hat\u00e9kony m\u0171k\u00f6d\u00e9s\u00e9t \u00e9s megb\u00edzhat\u00f3s\u00e1g\u00e1t k\u00fcl\u00f6nb\u00f6z\u0151 \u00fczemi k\u00f6r\u00fclm\u00e9nyek k\u00f6z\u00f6tt. <\/p>\n<p>Defin\u00edci\u00f3 \u00e9s magyar\u00e1zat<\/p>\n<p>A karhenger egy olyan hidraulikus henger, amelyet kifejezetten arra terveztek, hogy line\u00e1ris mozg\u00e1st \u00e9s teljes\u00edtm\u00e9nyt biztos\u00edtson k\u00fcl\u00f6nf\u00e9le g\u00e9pek, p\u00e9ld\u00e1ul kotr\u00f3g\u00e9pek, daruk \u00e9s mechanikus karok karjaihoz. A karhenger l\u00e9tfontoss\u00e1g\u00fa szerepet j\u00e1tszik a hidraulikus rendszerben, lehet\u0151v\u00e9 t\u00e9ve a tartoz\u00e9kok vagy tartoz\u00e9kok mozg\u00e1s\u00e1t \u00e9s hat\u00e9kony vez\u00e9rl\u00e9s\u00e9t. Ezek a hengerek nagy szil\u00e1rds\u00e1g\u00fa anyagokb\u00f3l k\u00e9sz\u00fclnek, kiv\u00e1l\u00f3 kop\u00e1s- \u00e9s korr\u00f3zi\u00f3\u00e1ll\u00f3s\u00e1ggal rendelkeznek, \u00edgy alkalmasak a hossz\u00fa t\u00e1v\u00fa haszn\u00e1latra zord k\u00f6rnyezetben. A karhengerek elengedhetetlenek a g\u00e9pek hat\u00e9kony m\u0171k\u00f6d\u00e9s\u00e9nek \u00e9s megb\u00edzhat\u00f3s\u00e1g\u00e1nak biztos\u00edt\u00e1s\u00e1hoz k\u00fcl\u00f6nb\u00f6z\u0151 \u00fczemi k\u00f6r\u00fclm\u00e9nyek k\u00f6z\u00f6tt.<\/p>\n<p><img decoding=\"async\" src=\"https:\/\/www.hydraulic-cylinders.net\/wp-content\/uploads\/2025\/01\/songte-company-2.webp\" alt=\"Karhenger Volvo EW60 kerekes kotr\u00f3g\u00e9phez\" width=\"500\"\/><\/p>\n<p>Jellemz\u0151k<\/p>\n<p>A Volvo EW60 kerekes kotr\u00f3g\u00e9p karhengere a k\u00f6vetkez\u0151 tulajdons\u00e1gokkal rendelkezik:<\/p>\n<p>\u2013 Nagy hat\u00e9konys\u00e1g\u00fa er\u0151\u00e1tvitel: A karhenger er\u0151teljes line\u00e1ris mozg\u00e1st \u00e9s er\u0151t biztos\u00edt, biztos\u00edtva a mechanikus kar nagy hat\u00e9konys\u00e1g\u00fa teljes\u00edtm\u00e9ny\u00e9t k\u00fcl\u00f6nf\u00e9le m\u0171veletek sor\u00e1n.<br \/>\n\u2013 Prec\u00edzi\u00f3s vez\u00e9rl\u00e9s: A karhenger a hidraulikus rendszeren kereszt\u00fcl prec\u00edz mozg\u00e1svez\u00e9rl\u00e9st k\u00e9pes el\u00e9rni, \u00edgy a kieg\u00e9sz\u00edt\u0151 szersz\u00e1m m\u0171k\u00f6d\u00e9se rugalmasabb \u00e9s pontosabb.<br \/>\n\u2013 Er\u0151s tart\u00f3ss\u00e1g: A karos munkahengerek jellemz\u0151en nagy szil\u00e1rds\u00e1g\u00fa anyagokb\u00f3l k\u00e9sz\u00fclnek, j\u00f3 kop\u00e1s- \u00e9s korr\u00f3zi\u00f3\u00e1ll\u00f3s\u00e1ggal rendelkeznek, \u00edgy alkalmasak hossz\u00fa t\u00e1v\u00fa haszn\u00e1latra zord k\u00f6rnyezetben.<br \/>\n\u2013 Sokoldal\u00fas\u00e1g: Ezek a munkahengerek sz\u00e9les k\u00f6rben alkalmazhat\u00f3k k\u00fcl\u00f6nf\u00e9le mechanikus berendez\u00e9sekben, p\u00e9ld\u00e1ul kotr\u00f3g\u00e9pekben, darukban \u00e9s mechanikus karokban, hogy kiel\u00e9g\u00edts\u00e9k a k\u00fcl\u00f6nb\u00f6z\u0151 munkaig\u00e9nyeket.<br \/>\n\u2013 K\u00f6nny\u0171 karbantart\u00e1s: A kialak\u00edt\u00e1s figyelembe veszi a karbantart\u00e1s \u00e9s a csere egyszer\u0171s\u00e9g\u00e9t, \u00edgy a rendszeres ellen\u0151rz\u00e9s \u00e9s karbantart\u00e1s k\u00e9nyelmesebb, cs\u00f6kkentve a berendez\u00e9sek \u00e1ll\u00e1sidej\u00e9t.<\/p>\n<p><img decoding=\"async\" src=\"https:\/\/www.hydraulic-cylinders.net\/wp-content\/uploads\/2025\/01\/songte-oil-pipes-and-spare-parts.webp\" alt=\"Karhenger Volvo EW60 kerekes kotr\u00f3g\u00e9phez\" width=\"500\"\/><\/p>\n<p>Alkalmaz\u00e1sok<\/p>\n<p>A Volvo EW60 kerekes kotr\u00f3g\u00e9p karhenger\u00e9t sz\u00e9les k\u00f6rben haszn\u00e1lj\u00e1k k\u00fcl\u00f6nf\u00e9le ter\u00fcleteken, p\u00e9ld\u00e1ul:<\/p>\n<p>\u2013 \u00c9p\u00edt\u00e9s: A g\u00e9mhengereket kotr\u00f3g\u00e9pekben \u00e9s darukban haszn\u00e1lj\u00e1k a kan\u00e1l vagy a g\u00e9m mozg\u00e1s\u00e1nak vez\u00e9rl\u00e9s\u00e9re, valamint f\u00f6ldmunk\u00e1k, anyagmozgat\u00e1s \u00e9s szerkezeti szerel\u00e9s elv\u00e9gz\u00e9s\u00e9re.<br \/>\n\u2013 Gy\u00e1rt\u00e1s: A karhengereket automatiz\u00e1lt gy\u00e1rt\u00f3sorokon haszn\u00e1lj\u00e1k a mechanikus kar mozg\u00e1s\u00e1nak vez\u00e9rl\u00e9s\u00e9re, valamint az \u00f6sszeszerel\u00e9si, hegeszt\u00e9si \u00e9s anyagmozgat\u00e1si folyamatok v\u00e9grehajt\u00e1s\u00e1ra, jav\u00edtva a termel\u00e9si hat\u00e9konys\u00e1got \u00e9s a pontoss\u00e1got.<br \/>\n\u2013 Mez\u0151gazdas\u00e1gi g\u00e9pek: A karhengereket mez\u0151gazdas\u00e1gi g\u00e9pekben, p\u00e9ld\u00e1ul betakar\u00edt\u00f3g\u00e9pekben \u00e9s vet\u0151g\u00e9pekben haszn\u00e1lj\u00e1k a m\u0171k\u00f6dtet\u0151 kar mozg\u00e1s\u00e1nak vez\u00e9rl\u00e9s\u00e9re \u00e9s olyan feladatok elv\u00e9gz\u00e9s\u00e9re, mint a vet\u00e9s, a tr\u00e1gy\u00e1z\u00e1s \u00e9s a betakar\u00edt\u00e1s.<br \/>\n\u2013 B\u00e1ny\u00e1szat: A b\u00e1ny\u00e1szati \u200b\u200bberendez\u00e9sekben a karhengereket a b\u00e1ny\u00e1szati \u200b\u200bberendez\u00e9sek karj\u00e1nak mozg\u00e1s\u00e1nak vez\u00e9rl\u00e9s\u00e9re, valamint b\u00e1ny\u00e1szati \u200b\u200b\u00e9s sz\u00e1ll\u00edt\u00e1si m\u0171veletek v\u00e9grehajt\u00e1s\u00e1ra haszn\u00e1lj\u00e1k.<br \/>\n\u2013 Logisztika \u00e9s sz\u00e1ll\u00edt\u00e1s: A targonc\u00e1kban \u00e9s anyagmozgat\u00f3 robotokban karhengereket haszn\u00e1lnak a villa emel\u00e9s\u00e9nek \u00e9s mozg\u00e1s\u00e1nak vez\u00e9rl\u00e9s\u00e9re, az anyagmozgat\u00e1s \u00e9s a rakod\u00e1s megval\u00f3s\u00edt\u00e1s\u00e1ra.<\/p>\n<p>Tervez\u00e9si szempontok \u00e9s kiv\u00e1laszt\u00e1si krit\u00e9riumok<\/p>\n<p>A karhengerek tervez\u00e9si szempontjai \u00e9s kiv\u00e1laszt\u00e1si krit\u00e9riumai a k\u00f6vetkez\u0151k:<\/p>\n<p>\u2013 Teherb\u00edr\u00e1s: A karhengereknek elegend\u0151 teherb\u00edr\u00e1ssal kell rendelkezni\u00fck ahhoz, hogy ellen\u00e1lljanak a tartoz\u00e9kok vagy kieg\u00e9sz\u00edt\u0151k s\u00faly\u00e1nak k\u00fcl\u00f6nb\u00f6z\u0151 \u00fczemi k\u00f6r\u00fclm\u00e9nyek k\u00f6z\u00f6tt.<br \/>\n\u2013 T\u00f6m\u00edt\u00e9s: A karos munkahengerek k\u00fcl\u00f6nf\u00e9le t\u00f6m\u00edt\u0151elemeket, p\u00e9ld\u00e1ul dugatty\u00fat\u00f6m\u00edt\u00e9seket \u00e9s r\u00fadt\u00f6m\u00edt\u00e9seket haszn\u00e1lnak a folyad\u00e9ksziv\u00e1rg\u00e1s megakad\u00e1lyoz\u00e1sa \u00e9s a hat\u00e9kony m\u0171k\u00f6d\u00e9s biztos\u00edt\u00e1sa \u00e9rdek\u00e9ben.<br \/>\n\u2013 Tart\u00f3ss\u00e1g: A karos munkahengerek zord k\u00f6rnyezeti hat\u00e1soknak vannak kit\u00e9ve, ez\u00e9rt nagy szil\u00e1rds\u00e1g\u00fa, j\u00f3 kop\u00e1s- \u00e9s korr\u00f3zi\u00f3\u00e1ll\u00f3s\u00e1g\u00fa anyagokb\u00f3l kell k\u00e9sz\u00fclni\u00fck.<br \/>\n\u2013 Biztons\u00e1g: A karhengereket \u00fagy kell megtervezni, hogy megfeleljenek a biztons\u00e1gi el\u0151\u00edr\u00e1soknak, \u00e9s megakad\u00e1lyozz\u00e1k a baleseteket m\u0171k\u00f6d\u00e9s k\u00f6zben.<br \/>\n\u2013 Karbantarthat\u00f3s\u00e1g: A karhengereket \u00fagy kell megtervezni, hogy k\u00f6nnyen karbantarthat\u00f3k \u00e9s cser\u00e9lhet\u0151k legyenek, cs\u00f6kkentve az \u00e1ll\u00e1sid\u0151t \u00e9s jav\u00edtva a hat\u00e9konys\u00e1got.<\/p>\n<p><img decoding=\"async\" src=\"https:\/\/www.hydraulic-cylinders.net\/wp-content\/uploads\/2025\/01\/songte-cylinder-head-with-all-kinds-excavator-models.webp\" alt=\"Karhenger Volvo EW60 kerekes kotr\u00f3g\u00e9phez\" width=\"500\"\/><\/p>\n<p>T\u00f6m\u00edt\u00e9s \u00e9s ken\u00e9s<\/p>\n<p>A karos munkahengerek k\u00fcl\u00f6nf\u00e9le t\u00f6m\u00edt\u0151elemeket, p\u00e9ld\u00e1ul dugatty\u00fat\u00f6m\u00edt\u00e9seket \u00e9s r\u00fadt\u00f6m\u00edt\u00e9seket haszn\u00e1lnak a folyad\u00e9k sziv\u00e1rg\u00e1s\u00e1nak megakad\u00e1lyoz\u00e1s\u00e1ra \u00e9s a hat\u00e9kony m\u0171k\u00f6d\u00e9s biztos\u00edt\u00e1s\u00e1ra. Ezek a t\u00f6m\u00edt\u0151elemek kop\u00e1s\u00e1ll\u00f3 anyagokb\u00f3l, p\u00e9ld\u00e1ul poliuret\u00e1nb\u00f3l \u00e9s nitrilgumib\u00f3l k\u00e9sz\u00fclnek. A hengertest \u00e9s a menetes v\u00e9gek finom megmunk\u00e1l\u00e1s\u00faak a kop\u00e1s\u00e1ll\u00f3s\u00e1g jav\u00edt\u00e1sa \u00e9rdek\u00e9ben. A megfelel\u0151 hidraulikaolaj rendszeres hozz\u00e1ad\u00e1sa a ken\u00e9shez szint\u00e9n meghosszabb\u00edthatja a henger \u00e9lettartam\u00e1t.<\/p>\n<p>Rendszeres karbantart\u00e1s \u00e9s megel\u0151z\u0151 int\u00e9zked\u00e9sek<\/p>\n<p>A karhengerek rendszeres karbantart\u00e1sa \u00e9s megel\u0151z\u0151 int\u00e9zked\u00e9sei a k\u00f6vetkez\u0151k:<\/p>\n<p>\u2013 Rendszeresen ellen\u0151rizze az olajsziv\u00e1rg\u00e1st, \u00e9s id\u0151ben cser\u00e9lje ki a s\u00e9r\u00fclt t\u00f6m\u00edt\u00e9seket.<br \/>\n\u2013 Rendszeresen ellen\u0151rizze a henger fel\u00fclet\u00e9nek kop\u00e1s\u00e1t, \u00e9s id\u0151ben cser\u00e9lje ki.<br \/>\n\u2013 Rendszeresen tiszt\u00edtsa meg a hengert a szennyez\u0151d\u00e9sek \u00e9s t\u00f6rmel\u00e9kek elt\u00e1vol\u00edt\u00e1sa, valamint a t\u00f6m\u00edt\u0151 alkatr\u00e9szek k\u00e1rosod\u00e1s\u00e1nak elker\u00fcl\u00e9se \u00e9rdek\u00e9ben.<br \/>\n\u2013 Rendszeresen t\u00f6lts\u00f6n hidraulikaolajat a hengerbe ken\u00e9shez, hogy megakad\u00e1lyozza a rozsd\u00e1sod\u00e1st \u00e9s meghosszabb\u00edtsa \u00e9lettartam\u00e1t.<\/p>\n<p>Helyes telep\u00edt\u00e9si \u00fatmutat\u00f3<\/p>\n<p>A Volvo EW60 kerekes kotr\u00f3g\u00e9p karhenger\u00e9nek helyes telep\u00edt\u00e9si \u00fatmutat\u00f3ja a k\u00f6vetkez\u0151 l\u00e9p\u00e9seket tartalmazza:<\/p>\n<p>\u2013 Ellen\u0151rizze, hogy a henger megfelel-e a g\u00e9p modellj\u00e9nek, \u00e9s hogy a m\u00e9rete megfelel\u0151-e.<br \/>\n\u2013 Tiszt\u00edtsa meg a henger \u00e9s a g\u00e9p beszerel\u00e9si fel\u00fclet\u00e9t, hogy ne legyen rajta szennyez\u0151d\u00e9s vagy t\u00f6rmel\u00e9k.<br \/>\n\u2013 Szerelje be a hengert, \u00e9s a megfelel\u0151 szersz\u00e1mokkal h\u00fazza meg a csavarokat \u00e9s any\u00e1kat.<br \/>\n\u2013 Csatlakoztassa a hidraulikavezet\u00e9ket, \u00e9s ellen\u0151rizze, hogy nincs-e olajsziv\u00e1rg\u00e1s.<br \/>\n\u2013 Ellen\u0151rizze a henger m\u0171k\u00f6d\u00e9s\u00e9t, \u00e9s ellen\u0151rizze, hogy a mozg\u00e1sa sima-e, \u00e9s hogy hallhat\u00f3-e rendellenes zaj.<\/p>\n<p><img decoding=\"async\" src=\"https:\/\/www.hydraulic-cylinders.net\/wp-content\/uploads\/2025\/01\/songte-bushings-with-all-kinds-of-excavator-models.webp\" alt=\"Karhenger Volvo EW60 kerekes kotr\u00f3g\u00e9phez\" width=\"500\"\/><\/p>\n<p>Biztons\u00e1gi szempontok \u00e9s k\u00f6rnyezeti t\u00e9nyez\u0151k<\/p>\n<p>A Volvo EW60 kerekes kotr\u00f3g\u00e9p karhenger\u00e9nek haszn\u00e1latakor a biztons\u00e1gi szempontok betart\u00e1sa elengedhetetlen a balesetek megel\u0151z\u00e9se \u00e9rdek\u00e9ben, p\u00e9ld\u00e1ul:<\/p>\n<p>\u2013 Beszerel\u00e9s el\u0151tt gy\u0151z\u0151dj\u00f6n meg arr\u00f3l, hogy a henger megfelel a g\u00e9p modellj\u00e9nek, \u00e9s a m\u00e9rete is megfelel\u0151.<br \/>\n\u2013 A henger beszerel\u00e9sekor vagy cser\u00e9jekor a g\u00e9pet le kell \u00e1ll\u00edtani, \u00e9s a hidraulikus rendszer nyom\u00e1s\u00e1t ki kell engedni a balesetek elker\u00fcl\u00e9se \u00e9rdek\u00e9ben.<br \/>\n\u2013 A g\u00e9pet a gy\u00e1rt\u00f3 utas\u00edt\u00e1sainak megfelel\u0151en \u00fczemeltesse, \u00e9s ne terhelje t\u00fal, illetve ne haszn\u00e1lja helytelen\u00fcl.<br \/>\n\u2013 Rendszeresen ellen\u0151rizze a hengert \u00e9s a g\u00e9pet kop\u00e1s, s\u00e9r\u00fcl\u00e9sek \u00e9s egy\u00e9b, a biztons\u00e1got befoly\u00e1sol\u00f3 probl\u00e9m\u00e1k szempontj\u00e1b\u00f3l.<\/p>\n<p>Hibadiagn\u00f3zis \u00e9s gyakori probl\u00e9m\u00e1k<\/p>\n<p>A karhengerek gyakori probl\u00e9m\u00e1i k\u00f6z\u00e9 tartozik az olajsziv\u00e1rg\u00e1s, az el\u00e9gtelen teljes\u00edtm\u00e9ny \u00e9s a rendellenes zaj m\u0171k\u00f6d\u00e9s k\u00f6zben. A hibakeres\u00e9s \u00e9s a gyakori probl\u00e9m\u00e1k a k\u00f6vetkez\u0151kkel oldhat\u00f3k meg:<\/p>\n<p>\u2013 Ellen\u0151rizze a t\u00f6m\u00edt\u0151elemeket s\u00e9r\u00fcl\u00e9s vagy kop\u00e1s szempontj\u00e1b\u00f3l, \u00e9s id\u0151ben cser\u00e9lje ki \u0151ket.<br \/>\n\u2013 Ellen\u0151rizze a hidraulikus cs\u0151vezet\u00e9kben l\u00e9v\u0151 elt\u00f6m\u0151d\u00e9seket, \u00e9s id\u0151ben sz\u00fcntesse meg azokat.<br \/>\n\u2013 Ellen\u0151rizze a hidraulikaolaj szintj\u00e9t \u00e9s min\u0151s\u00e9g\u00e9t, \u00e9s id\u0151ben t\u00f6ltse fel vagy cser\u00e9lje ki.<br \/>\n\u2013 Ellen\u0151rizze, hogy a henger megfelel-e a g\u00e9p modellj\u00e9nek \u00e9s m\u00e9ret\u00e9nek, valamint hogy a beszerel\u00e9s helyes-e.<\/p>\n<p><img decoding=\"async\" src=\"https:\/\/www.hydraulic-cylinders.net\/wp-content\/uploads\/2025\/01\/songte-chushion-collar.webp\" alt=\"Karhenger Volvo EW60 kerekes kotr\u00f3g\u00e9phez\" width=\"500\"\/><\/p>\n<p>\u00d6sszefoglalva, professzion\u00e1lis hidraulikus hengergy\u00e1rt\u00f3k\u00e9nt, v\u00e1ltozatos term\u00e9kk\u00edn\u00e1lattal rendelkez\u00fcnk, \u00e9s m\u00e1ra a hazai \u00e9s a nemzetk\u00f6zi piacok egyik vezet\u0151 hidraulikus hengergy\u00e1rt\u00f3j\u00e1v\u00e1 \u00e9s nagykereskedelmi forgalmaz\u00f3j\u00e1v\u00e1 v\u00e1ltunk. Mindig a kiv\u00e1l\u00f3 min\u0151s\u00e9g elv\u00e9t k\u00f6vetj\u00fck, \u00e9s folyamatosan fejlesztj\u00fck technol\u00f3gi\u00e1nkat \u00e9s termel\u00e9si hat\u00e9konys\u00e1gunkat. Nagy hat\u00e9konys\u00e1ggal, pontoss\u00e1ggal \u00e9s magas min\u0151s\u00e9gi elvekkel igyeksz\u00fcnk kiel\u00e9g\u00edteni \u00fcgyfeleink sokr\u00e9t\u0171 ig\u00e9nyeit. <\/p>\n<p>Professzion\u00e1lis, nemzetk\u00f6zileg tan\u00fas\u00edtott, testreszabott szolg\u00e1ltat\u00e1sokat, korszer\u0171 gy\u00e1rt\u00f3berendez\u00e9seket \u00e9s kiv\u00e1l\u00f3 \u00e9rt\u00e9kes\u00edt\u00e9s ut\u00e1ni szolg\u00e1ltat\u00e1sokat k\u00edn\u00e1lunk. <\/p>\n<p><img decoding=\"async\" src=\"https:\/\/www.hydraulic-cylinders.net\/wp-content\/uploads\/2025\/01\/songte-company-4.webp\" alt=\"Karhenger Volvo EW60 kerekes kotr\u00f3g\u00e9phez\" width=\"500\"\/><\/p>\n<p><img decoding=\"async\" src=\"https:\/\/www.hydraulic-cylinders.net\/wp-content\/uploads\/2025\/01\/songte-company-3.webp\" alt=\"Karhenger Volvo EW60 kerekes kotr\u00f3g\u00e9phez\" width=\"500\"\/><\/p>\n<p>Szerz\u0151: lyl<\/p>","protected":false},"excerpt":{"rendered":"<p>Arm Cylinder for Volvo Wheel Excavator EW60 The Arm Cylinder for Volvo Wheel Excavator EW60 is a specially designed hydraulic cylinder used to provide linear motion and power for arms of various types of machinery, such as excavators, cranes, and mechanical arms. Arm cylinders play a crucial role in hydraulic systems, enabling attachments or accessories [&hellip;]<\/p>","protected":false},"featured_media":14770,"comment_status":"open","ping_status":"closed","template":"","meta":{"_et_pb_use_builder":"","_et_pb_old_content":"","_et_gb_content_width":""},"product_brand":[],"product_cat":[1497],"product_tag":[1498,1496],"class_list":{"0":"post-16341","1":"product","2":"type-product","3":"status-publish","4":"has-post-thumbnail","6":"product_cat-arm-cylinders","7":"product_tag-arm-cylinders","8":"product_tag-hydraulic-cylinders","10":"first","11":"instock","12":"shipping-taxable","13":"product-type-simple"},"amp_enabled":true,"_links":{"self":[{"href":"https:\/\/www.hydraulic-cylinders.net\/hu\/wp-json\/wp\/v2\/product\/16341","targetHints":{"allow":["GET"]}}],"collection":[{"href":"https:\/\/www.hydraulic-cylinders.net\/hu\/wp-json\/wp\/v2\/product"}],"about":[{"href":"https:\/\/www.hydraulic-cylinders.net\/hu\/wp-json\/wp\/v2\/types\/product"}],"replies":[{"embeddable":true,"href":"https:\/\/www.hydraulic-cylinders.net\/hu\/wp-json\/wp\/v2\/comments?post=16341"}],"wp:featuredmedia":[{"embeddable":true,"href":"https:\/\/www.hydraulic-cylinders.net\/hu\/wp-json\/wp\/v2\/media\/14770"}],"wp:attachment":[{"href":"https:\/\/www.hydraulic-cylinders.net\/hu\/wp-json\/wp\/v2\/media?parent=16341"}],"wp:term":[{"taxonomy":"product_brand","embeddable":true,"href":"https:\/\/www.hydraulic-cylinders.net\/hu\/wp-json\/wp\/v2\/product_brand?post=16341"},{"taxonomy":"product_cat","embeddable":true,"href":"https:\/\/www.hydraulic-cylinders.net\/hu\/wp-json\/wp\/v2\/product_cat?post=16341"},{"taxonomy":"product_tag","embeddable":true,"href":"https:\/\/www.hydraulic-cylinders.net\/hu\/wp-json\/wp\/v2\/product_tag?post=16341"}],"curies":[{"name":"munkaf\u00fczet","href":"https:\/\/api.w.org\/{rel}","templated":true}]}}