{"id":16343,"date":"2025-01-20T09:07:31","date_gmt":"2025-01-20T09:07:31","guid":{"rendered":"https:\/\/www.hydraulic-cylinders.net\/product\/arm-cylinderfor-volvo-wheel-excavator-ew145bp\/"},"modified":"2025-01-20T09:07:33","modified_gmt":"2025-01-20T09:07:33","slug":"arm-cylinderfor-volvo-wheel-excavator-ew145bp","status":"publish","type":"product","link":"https:\/\/www.hydraulic-cylinders.net\/hu\/termek\/arm-cylinderfor-volvo-wheel-excavator-ew145bp\/","title":{"rendered":"Karhenger Volvo EW145BP kerekes kotr\u00f3g\u00e9phez"},"content":{"rendered":"<p>Volvo EW145BP kerekes kotr\u00f3g\u00e9p karhengere: Amit tudnia kell<\/p>\n<h2>Bevezet\u00e9s<\/h2>\n<h3>Volvo EW145BP kerekes kotr\u00f3g\u00e9p karhenger\u00e9nek meghat\u00e1roz\u00e1sa<\/h3>\n<p>A karhenger egy speci\u00e1lisan tervezett hidraulikus henger, amelyet els\u0151sorban k\u00fcl\u00f6nf\u00e9le g\u00e9pek, p\u00e9ld\u00e1ul kotr\u00f3g\u00e9pek, daruk \u00e9s robotkarok karjainak line\u00e1ris mozg\u00e1s\u00e1nak \u00e9s erej\u00e9nek biztos\u00edt\u00e1s\u00e1ra haszn\u00e1lnak. A karhengerek kulcsszerepet j\u00e1tszanak a hidraulikus rendszerekben, lehet\u0151v\u00e9 t\u00e9ve a tartoz\u00e9kok vagy tartoz\u00e9kok mozg\u00e1s\u00e1t \u00e9s hat\u00e9kony vez\u00e9rl\u00e9s\u00e9t. Ezek a hengerek nemcsak sima mozg\u00e1st tesznek lehet\u0151v\u00e9, hanem nagy terheket is k\u00e9pesek kezelni, biztos\u00edtva a g\u00e9p hat\u00e9kony m\u0171k\u00f6d\u00e9s\u00e9t \u00e9s megb\u00edzhat\u00f3s\u00e1g\u00e1t k\u00fcl\u00f6nb\u00f6z\u0151 munkak\u00f6r\u00fclm\u00e9nyek k\u00f6z\u00f6tt.<\/p>\n<p><img decoding=\"async\" src=\"https:\/\/www.hydraulic-cylinders.net\/wp-content\/uploads\/2025\/01\/songte-company-2.webp\" alt=\"Karhenger k\u00e9pe\"><\/p>\n<h3>A Volvo EW145BP kerekes kotr\u00f3g\u00e9p karhenger\u00e9nek jellemz\u0151i<\/h3>\n<p>A karhengerek sz\u00e1mos olyan tulajdons\u00e1ggal rendelkeznek, amelyek ide\u00e1liss\u00e1 teszik \u0151ket k\u00fcl\u00f6nf\u00e9le g\u00e9pekben val\u00f3 haszn\u00e1latra. \u00cdme n\u00e9h\u00e1ny f\u0151bb jellemz\u0151:<\/p>\n<ul>\n<li><strong>Nagy hat\u00e9konys\u00e1g\u00fa \u00e1tvitel:<\/strong> A karhengerek er\u0151teljes line\u00e1ris mozg\u00e1st \u00e9s er\u0151t biztos\u00edtanak, biztos\u00edtva a nagy teljes\u00edtm\u00e9ny\u0171 \u00e9s hat\u00e9kony m\u0171k\u00f6d\u00e9st k\u00fcl\u00f6nf\u00e9le m\u0171veletek sor\u00e1n.<\/li>\n<li><strong>Prec\u00edz vez\u00e9rl\u00e9s:<\/strong> Hidraulikus rendszereken kereszt\u00fcl a karhengerek prec\u00edz mozg\u00e1svez\u00e9rl\u00e9st \u00e9rhetnek el, \u00edgy a tov\u00e1bbi szersz\u00e1mok m\u0171k\u00f6dtet\u00e9se rugalmasabb \u00e9s pontosabb.<\/li>\n<li><strong>Er\u0151s tart\u00f3ss\u00e1g:<\/strong> A karhengerek \u00e1ltal\u00e1ban nagy szil\u00e1rds\u00e1g\u00fa anyagokb\u00f3l k\u00e9sz\u00fclnek, amelyek j\u00f3 kop\u00e1s\u00e1ll\u00f3s\u00e1ggal \u00e9s korr\u00f3zi\u00f3\u00e1ll\u00f3s\u00e1ggal rendelkeznek, \u00edgy alkalmasak hossz\u00fa t\u00e1v\u00fa haszn\u00e1latra zord k\u00f6rnyezetben.<\/li>\n<li><strong>T\u00f6bbfunkci\u00f3s alkalmazkod\u00f3k\u00e9pess\u00e9g:<\/strong> Ezek a hengerek sz\u00e9les k\u00f6rben alkalmazhat\u00f3k k\u00fcl\u00f6nf\u00e9le g\u00e9pekben, p\u00e9ld\u00e1ul kotr\u00f3g\u00e9pekben, darukban \u00e9s robotkarokban, hogy megfeleljenek a k\u00fcl\u00f6nb\u00f6z\u0151 munkak\u00f6vetelm\u00e9nyeknek.<\/li>\n<li><strong>K\u00f6nny\u0171 karbantart\u00e1s:<\/strong> A karhengereket a k\u00f6nny\u0171 karbantart\u00e1s \u00e9s csere szem el\u0151tt tart\u00e1s\u00e1val tervezt\u00e9k, \u00edgy a rendszeres ellen\u0151rz\u00e9s \u00e9s karbantart\u00e1s k\u00e9nyelmesebb, \u00e9s cs\u00f6kken a berendez\u00e9s \u00e1ll\u00e1sideje.<\/li>\n<\/ul>\n<p>Term\u00e9keink t\u00f6k\u00e9letesen helyettes\u00edthetik ezeket a hidraulikus hengereket. Sz\u00e1mos alkatr\u00e9szt k\u00edn\u00e1lunk, bele\u00e9rtve az olajcs\u00f6veket \u00e9s perselyeket, hogy kiel\u00e9g\u00edts\u00fck \u00fcgyfeleink sokr\u00e9t\u0171 ig\u00e9nyeit.<\/p>\n<p><img decoding=\"async\" src=\"https:\/\/www.hydraulic-cylinders.net\/wp-content\/uploads\/2025\/01\/songte-oil-pipes-and-spare-parts.webp\" alt=\"Hidraulikus henger alkatr\u00e9szek\"><\/p>\n<h3>A Volvo EW145BP kerekes kotr\u00f3g\u00e9p karhenger\u00e9nek alkalmaz\u00e1sai<\/h3>\n<p>A karhengerek k\u00fcl\u00f6nf\u00e9le t\u00edpus\u00fa g\u00e9pekben haszn\u00e1lhat\u00f3k k\u00fcl\u00f6nb\u00f6z\u0151 ipar\u00e1gakban, bele\u00e9rtve:<\/p>\n<ul>\n<li><strong>\u00c9p\u00edt\u00e9s:<\/strong> Kotr\u00f3g\u00e9pekben \u00e9s darukban a karhengereket a kan\u00e1l vagy a g\u00e9m mozg\u00e1s\u00e1nak vez\u00e9rl\u00e9s\u00e9re haszn\u00e1lj\u00e1k f\u00f6ldmozgat\u00e1s, anyagmozgat\u00e1s \u00e9s szerkezeti telep\u00edt\u00e9s sor\u00e1n.<\/li>\n<li><strong>Gy\u00e1rt\u00e1s:<\/strong> Az automatiz\u00e1lt gy\u00e1rt\u00f3sorokon karhengereket haszn\u00e1lnak robotkarok mozgat\u00e1s\u00e1ra \u00f6sszeszerel\u00e9shez, hegeszt\u00e9shez \u00e9s anyagmozgat\u00e1shoz, jav\u00edtva a termel\u00e9si hat\u00e9konys\u00e1got \u00e9s a pontoss\u00e1got.<\/li>\n<li><strong>Mez\u0151gazdas\u00e1gi g\u00e9pek:<\/strong> A mez\u0151gazdas\u00e1gi g\u00e9pekben, p\u00e9ld\u00e1ul a betakar\u00edt\u00f3g\u00e9pekben \u00e9s a vet\u0151g\u00e9pekben, a karhengerek vez\u00e9rlik a m\u0171k\u00f6dtet\u0151 karok mozg\u00e1s\u00e1t olyan feladatokhoz, mint a vet\u00e9s, a m\u0171tr\u00e1gy\u00e1z\u00e1s \u00e9s a betakar\u00edt\u00e1s.<\/li>\n<li><strong>B\u00e1ny\u00e1szati:<\/strong> A b\u00e1ny\u00e1szati \u200b\u200bberendez\u00e9sekben a karhengereket a b\u00e1ny\u00e1szati \u200b\u200bberendez\u00e9sek karmozg\u00e1s\u00e1nak vez\u00e9rl\u00e9s\u00e9re haszn\u00e1lj\u00e1k b\u00e1ny\u00e1szati \u200b\u200b\u00e9s anyagmozgat\u00f3 berendez\u00e9sekhez.<\/li>\n<li><strong>Logisztika \u00e9s sz\u00e1ll\u00edt\u00e1s:<\/strong> A targonc\u00e1kban \u00e9s anyagmozgat\u00f3 robotokban a karhengereket az \u00e1ruk emel\u00e9s\u00e9nek \u00e9s mozgat\u00e1s\u00e1nak vez\u00e9rl\u00e9s\u00e9re haszn\u00e1lj\u00e1k, lehet\u0151v\u00e9 t\u00e9ve az anyagmozgat\u00e1st \u00e9s a rakod\u00e1st.<\/li>\n<\/ul>\n<h2>Tervez\u00e9si szempontok \u00e9s kiv\u00e1laszt\u00e1si krit\u00e9riumok<\/h2>\n<h3>Tervez\u00e9si szempontok<\/h3>\n<p>A hengerfejek tervez\u00e9sekor sz\u00e1mos t\u00e9nyez\u0151t kell figyelembe venni, t\u00f6bbek k\u00f6z\u00f6tt:<\/p>\n<ul>\n<li><strong>Teherb\u00edr\u00e1s:<\/strong> A karhengereket \u00fagy kell megtervezni, hogy elb\u00edrj\u00e1k az adott m\u0171veletekhez sz\u00fcks\u00e9ges maxim\u00e1lis terhel\u00e9st \u00e9s nyom\u00e1st.<\/li>\n<li><strong>T\u00f6m\u00edt\u00e9s:<\/strong> K\u00fcl\u00f6nb\u00f6z\u0151 t\u00f6m\u00edt\u0151elemeket, p\u00e9ld\u00e1ul dugatty\u00fat\u00f6m\u00edt\u00e9seket \u00e9s r\u00fadt\u00f6m\u00edt\u00e9seket megfelel\u0151en kell kiv\u00e1lasztani \u00e9s beszerelni, hogy a henger l\u00e9gmentes \u00e9s sziv\u00e1rg\u00e1smentes legyen.<\/li>\n<li><strong>Tart\u00f3ss\u00e1g:<\/strong> A karhengereket nagy szil\u00e1rds\u00e1g\u00fa anyagokb\u00f3l kell k\u00e9sz\u00edteni, \u00e9s \u00e1tfog\u00f3 h\u0151kezel\u00e9sen kell \u00e1tesni\u00fck a kop\u00e1s\u00e1ll\u00f3s\u00e1guk \u00e9s korr\u00f3zi\u00f3\u00e1ll\u00f3s\u00e1guk jav\u00edt\u00e1sa \u00e9rdek\u00e9ben.<\/li>\n<li><strong>Biztons\u00e1g:<\/strong> A palack tervez\u00e9s\u00e9nek priorit\u00e1sk\u00e9nt kell kezelnie a biztons\u00e1got, bele\u00e9rtve a t\u00falnyom\u00e1s elleni v\u00e9delmet \u00e9s a palack mozg\u00e1s\u00e1b\u00f3l ered\u0151 potenci\u00e1lis vesz\u00e9lyek elker\u00fcl\u00e9s\u00e9t.<\/li>\n<li><strong>Karbantarthat\u00f3s\u00e1g:<\/strong> A karhengereket \u00fagy kell kialak\u00edtani, hogy k\u00f6nnyen sz\u00e9tszerelhet\u0151k, ellen\u0151rizhet\u0151k \u00e9s karbantarthat\u00f3k legyenek, cs\u00f6kkentve az \u00e1ll\u00e1sid\u0151t \u00e9s a karbantart\u00e1si k\u00f6lts\u00e9geket.<\/li>\n<\/ul>\n<p><img decoding=\"async\" src=\"https:\/\/www.hydraulic-cylinders.net\/wp-content\/uploads\/2025\/01\/songte-cylinder-head-with-all-kinds-excavator-models.webp\" alt=\"Hengerfej k\u00e9pe\"><\/p>\n<h3>T\u00f6m\u00edt\u00e9s \u00e9s ken\u00e9s<\/h3>\n<p>A karos hengerekhez k\u00fcl\u00f6nf\u00e9le t\u00f6m\u00edt\u0151elemekre van sz\u00fcks\u00e9g, p\u00e9ld\u00e1ul dugatty\u00fat\u00f6m\u00edt\u00e9sekre \u00e9s r\u00fadt\u00f6m\u00edt\u00e9sekre a leveg\u0151 sziv\u00e1rg\u00e1s\u00e1nak megakad\u00e1lyoz\u00e1sa \u00e9s a henger l\u00e9gmentes z\u00e1r\u00e1s\u00e1nak biztos\u00edt\u00e1sa \u00e9rdek\u00e9ben. Ezeknek a t\u00f6m\u00edt\u0151elemeknek kop\u00e1s\u00e1ll\u00f3 anyagokb\u00f3l, p\u00e9ld\u00e1ul poliuret\u00e1nb\u00f3l \u00e9s nitrilgumib\u00f3l kell k\u00e9sz\u00fclni\u00fck, biztos\u00edtva, hogy a henger nagy terhel\u00e9snek ellen\u00e1lljon, \u00e9s hat\u00e9konyan m\u0171k\u00f6dj\u00f6n zord k\u00f6rnyezetben. A henger test\u00e9t \u00e9s menetes v\u00e9gfel\u00fclet\u00e9t finoman megmunk\u00e1lni kell a kop\u00e1s\u00e1ll\u00f3s\u00e1g jav\u00edt\u00e1sa \u00e9rdek\u00e9ben.<\/p>\n<p>A hengert rendszeresen kenni kell, \u00e9s megfelel\u0151 mennyis\u00e9g\u0171 hidraulikaolajat kell hozz\u00e1adni a hengerhez. A henger t\u00falt\u00f6lt\u00e9se vagy alult\u00f6lt\u00e9se k\u00e1ros\u00edthatja a hengert \u00e9s cs\u00f6kkentheti a teljes\u00edtm\u00e9ny\u00e9t.<\/p>\n<h3>Karbantart\u00e1s \u00e9s megel\u0151z\u0151 int\u00e9zked\u00e9sek<\/h3>\n<p>A karhenger hossz\u00fa \u00e9lettartam\u00e1nak \u00e9s optim\u00e1lis teljes\u00edtm\u00e9ny\u00e9nek biztos\u00edt\u00e1sa \u00e9rdek\u00e9ben rendszeres ellen\u0151rz\u00e9seket \u00e9s megel\u0151z\u0151 karbantart\u00e1st kell v\u00e9gezni. \u00cdme n\u00e9h\u00e1ny megel\u0151z\u0151 int\u00e9zked\u00e9s, amelyet \u00e9rdemes megfontolni:<\/p>\n<ul>\n<li>Rendszeresen ellen\u0151rizze \u00e9s cser\u00e9lje ki a t\u00f6m\u00edt\u0151 alkatr\u00e9szeket a sziv\u00e1rg\u00e1s megel\u0151z\u00e9se \u00e9s a palack \u00e9lettartam\u00e1nak biztos\u00edt\u00e1sa \u00e9rdek\u00e9ben.<\/li>\n<li>Rendszeresen tiszt\u00edtsa a hengert, hogy megakad\u00e1lyozza a por \u00e9s egy\u00e9b idegen anyagok bejut\u00e1s\u00e1t a hengerbe.<\/li>\n<li>Vizsg\u00e1lja meg a dugatty\u00farudat, hogy nincs-e rajta s\u00e9r\u00fcl\u00e9s vagy g\u00f6rb\u00fcl\u00e9s, \u00e9s sz\u00fcks\u00e9g eset\u00e9n azonnal cser\u00e9lje ki.<\/li>\n<li>Ker\u00fclje a palack t\u00falterhel\u00e9s\u00e9t \u00e9s t\u00falmeleged\u00e9s\u00e9t, hogy elker\u00fclje a palack \u00e9s a g\u00e9p k\u00e1rosod\u00e1s\u00e1t.<\/li>\n<li>Tartsa tiszt\u00e1n a hidraulikaolajat, \u00e9s rendszeresen cser\u00e9lje ki a henger optim\u00e1lis teljes\u00edtm\u00e9ny\u00e9nek fenntart\u00e1sa \u00e9rdek\u00e9ben.<\/li>\n<\/ul>\n<p><img decoding=\"async\" src=\"https:\/\/www.hydraulic-cylinders.net\/wp-content\/uploads\/2025\/01\/songte-chushion-collar.webp\" alt=\"P\u00e1rnagall\u00e9r k\u00e9p\"><\/p>\n<h3>Telep\u00edt\u00e9si \u00fatmutat\u00f3<\/h3>\n<p>A karhenger beszerel\u00e9s\u00e9hez k\u00f6vesse az al\u00e1bbi l\u00e9p\u00e9seket:<\/p>\n<ol>\n<li>Gy\u0151z\u0151dj\u00f6n meg arr\u00f3l, hogy a henger modellje megegyezik a g\u00e9p modellj\u00e9vel \u00e9s specifik\u00e1ci\u00f3ival.<\/li>\n<li>Tiszt\u00edtsa meg a g\u00e9p r\u00f6gz\u00edt\u00e9si pontjainak fel\u00fclet\u00e9t.<\/li>\n<li>Szerelje fel a hengert a g\u00e9pre, \u00fcgyelve arra, hogy a henger v\u00edzszintes \u00e9s megfelel\u0151en be legyen \u00e1ll\u00edtva.<\/li>\n<li>R\u00f6gz\u00edtse a hengert a g\u00e9phez csavarokkal vagy csavarany\u00e1kkal, megfelel\u0151 nyomat\u00e9kkal.<\/li>\n<li>Ellen\u0151rizze a henger mozg\u00e1s\u00e1t, hogy megbizonyosodjon arr\u00f3l, hogy sim\u00e1n \u00e9s hat\u00e9konyan m\u0171k\u00f6dik.<\/li>\n<\/ol>\n<p><img decoding=\"async\" src=\"https:\/\/www.hydraulic-cylinders.net\/wp-content\/uploads\/2025\/01\/songte-bushings-with-all-kinds-of-excavator-models.webp\" alt=\"Perselyek k\u00e9pe\"><\/p>\n<h3>Biztons\u00e1gi \u00e9s k\u00f6rnyezetv\u00e9delmi szempontok<\/h3>\n<p>Karos munkahengerek haszn\u00e1latakor biztons\u00e1gi int\u00e9zked\u00e9seket kell tenni a potenci\u00e1lis vesz\u00e9lyek megel\u0151z\u00e9se \u00e9rdek\u00e9ben. A biztons\u00e1gi int\u00e9zked\u00e9sek a k\u00f6vetkez\u0151k:<\/p>\n<ul>\n<li>V\u00e9d\u0151felszerel\u00e9s, p\u00e9ld\u00e1ul keszty\u0171 \u00e9s v\u00e9d\u0151szem\u00fcveg visel\u00e9se a palack kezel\u00e9sekor.<\/li>\n<li>A palackot gy\u00fal\u00e9kony anyagokt\u00f3l \u00e9s vesz\u00e9lyes ter\u00fcletekt\u0151l t\u00e1vol kell elhelyezni a t\u0171z, robban\u00e1s vagy a palack k\u00e1rosod\u00e1s\u00e1nak elker\u00fcl\u00e9se \u00e9rdek\u00e9ben.<\/li>\n<li>Gy\u0151z\u0151dj\u00f6n meg arr\u00f3l, hogy a palack helyesen \u00e9s biztons\u00e1gosan van felszerelve, hogy megakad\u00e1lyozza a palack lees\u00e9s\u00e9t vagy v\u00e1ratlan elmozdul\u00e1s\u00e1t.<\/li>\n<li>Ker\u00fclje a henger t\u00falterhel\u00e9s\u00e9t \u00e9s t\u00falmeleged\u00e9s\u00e9t, ami a henger \u00e9s a g\u00e9p k\u00e1rosod\u00e1s\u00e1t okozhatja.<\/li>\n<\/ul>\n<h3>Hibaelh\u00e1r\u00edt\u00e1s \u00e9s gyakori probl\u00e9m\u00e1k<\/h3>\n<p>\u00cdme n\u00e9h\u00e1ny gyakori probl\u00e9ma, amely a karhengerekkel kapcsolatban felmer\u00fclhet:<\/p>\n<ul>\n<li><strong>Sziv\u00e1rg\u00e1s:<\/strong> A hengernek probl\u00e9m\u00e1ja lehet a t\u00f6m\u00edt\u0151 alkatr\u00e9szekkel vagy a henger test\u00e9vel.<\/li>\n<li><strong>T\u00falmeleged\u00e9s:<\/strong> Lehets\u00e9ges, hogy a henger rossz t\u00edpus\u00fa hidraulikaolajat haszn\u00e1l, vagy t\u00fal meleg k\u00f6r\u00fclm\u00e9nyek k\u00f6z\u00f6tt haszn\u00e1lj\u00e1k.<\/li>\n<li><strong>Lass\u00fa m\u0171k\u00f6d\u00e9s:<\/strong> Lehet, hogy alacsony a nyom\u00e1s a hengerben, vagy probl\u00e9m\u00e1k vannak a hidraulikus rendszerrel.<\/li>\n<li><strong>Lefogott henger:<\/strong> A henger s\u00e9r\u00fclt lehet, vagy t\u00f6rmel\u00e9k vagy idegen anyag lehet a henger belsej\u00e9ben.<\/li>\n<li><strong>Szab\u00e1lytalan mozg\u00e1s:<\/strong> Lehets\u00e9ges, hogy a henger nincs megfelel\u0151en be\u00e1ll\u00edtva, vagy s\u00e9r\u00fcltek a dugatty\u00farudai.<\/li>\n<\/ul>\n<p>Ha b\u00e1rmilyen probl\u00e9ma mer\u00fcl fel, k\u00f6vesse a hibaelh\u00e1r\u00edt\u00e1si l\u00e9p\u00e9seket, \u00e9s sz\u00fcks\u00e9g eset\u00e9n forduljon szakemberhez. A probl\u00e9m\u00e1k megel\u0151z\u00e9se \u00e9rdek\u00e9ben v\u00e9gezzen rendszeres ellen\u0151rz\u00e9seket \u00e9s karbantart\u00e1st.<\/p>\n<p><img decoding=\"async\" src=\"https:\/\/www.hydraulic-cylinders.net\/wp-content\/uploads\/2025\/01\/songte-company-4.webp\" alt=\"C\u00e9ges im\u00e1zs\"><\/p>\n<h2>C\u00e9g\u00fcnkr\u0151l<\/h2>\n<p>Professzion\u00e1lis hidraulikus hengergy\u00e1rt\u00f3k\u00e9nt sz\u00e9les term\u00e9kv\u00e1laszt\u00e9kot k\u00edn\u00e1lunk, \u00e9s m\u00e1ra a hidraulikus hengerek egyik vezet\u0151 gy\u00e1rt\u00f3j\u00e1v\u00e1 \u00e9s nagykereskedelmi forgalmaz\u00f3j\u00e1v\u00e1 v\u00e1ltunk mind a hazai, mind a nemzetk\u00f6zi piacokon. Mindig is a kiv\u00e1l\u00f3 min\u0151s\u00e9g elv\u00e9t tartottuk magunkat, \u00e9s kifinomult gy\u00e1rt\u00f3m\u0171hely\u00fcnk iparos\u00edtott termel\u00e9sir\u00e1ny\u00edt\u00e1si strat\u00e9gi\u00e1j\u00e1ra t\u00e1maszkodva folyamatosan fejlesztj\u00fck technikai sz\u00ednvonalunkat \u00e9s termel\u00e9si hat\u00e9konys\u00e1gunkat. Cs\u00facskateg\u00f3ri\u00e1s digit\u00e1lis gy\u00e1rt\u00f3berendez\u00e9sek \u00e9s professzion\u00e1lis tesztel\u0151rendszerek bevezet\u00e9s\u00e9vel optimaliz\u00e1ljuk gy\u00e1rt\u00e1si platformunkat \u00e9s fejlesztj\u00fck term\u00e9kmin\u0151s\u00e9g-ellen\u0151rz\u00e9si folyamatainkat, hogy innovat\u00edv megold\u00e1sokat k\u00edn\u00e1lhassunk \u00fcgyfeleink sokr\u00e9t\u0171 ig\u00e9nyeire.<\/p>\n<p>Sz\u00e1mos professzion\u00e1lis szolg\u00e1ltat\u00e1st k\u00edn\u00e1lunk, bele\u00e9rtve a nemzetk\u00f6zi tan\u00fas\u00edtv\u00e1nyokat, az egyedi megold\u00e1sokat, a kiv\u00e1l\u00f3 min\u0151s\u00e9g\u0171 gy\u00e1rt\u00f3berendez\u00e9seket \u00e9s a kiv\u00e1l\u00f3 \u00e9rt\u00e9kes\u00edt\u00e9s ut\u00e1ni szolg\u00e1ltat\u00e1sokat. C\u00e9g\u00fcnk rendelkezik ISO 9001:2015 tan\u00fas\u00edtv\u00e1nnyal, \u00e9s sz\u00e1mos d\u00edjat kapott innovat\u00edv megold\u00e1saink\u00e9rt \u00e9s \u00fcgyf\u00e9l-el\u00e9gedetts\u00e9g\u00fcnk\u00e9rt. Elk\u00f6telezettek vagyunk \u00fcgyfeleink ig\u00e9nyeinek kiel\u00e9g\u00edt\u00e9se ir\u00e1nt hat\u00e9kony, pontos \u00e9s kiv\u00e1l\u00f3 min\u0151s\u00e9g\u0171 term\u00e9kek biztos\u00edt\u00e1s\u00e1val.<\/p>\n<p><img decoding=\"async\" src=\"https:\/\/www.hydraulic-cylinders.net\/wp-content\/uploads\/2025\/01\/songte-company-3.webp\" alt=\"C\u00e9ges im\u00e1zs\"><\/p>\n<p>Szerz\u0151: lyl<\/p>","protected":false},"excerpt":{"rendered":"<p>Arm Cylinder for Volvo Wheel Excavator EW145BP: What You Need to Know Introduction Defining Arm Cylinder for Volvo Wheel Excavator EW145BP An arm cylinder is a specially designed hydraulic cylinder used primarily to provide linear motion and power for the arms of various types of machinery, such as excavators, cranes, and robotic arms. Arm cylinders [&hellip;]<\/p>","protected":false},"featured_media":14763,"comment_status":"open","ping_status":"closed","template":"","meta":{"_et_pb_use_builder":"","_et_pb_old_content":"","_et_gb_content_width":""},"product_brand":[],"product_cat":[1497],"product_tag":[1498,1496],"class_list":{"0":"post-16343","1":"product","2":"type-product","3":"status-publish","4":"has-post-thumbnail","6":"product_cat-arm-cylinders","7":"product_tag-arm-cylinders","8":"product_tag-hydraulic-cylinders","10":"first","11":"instock","12":"shipping-taxable","13":"product-type-simple"},"amp_enabled":true,"_links":{"self":[{"href":"https:\/\/www.hydraulic-cylinders.net\/hu\/wp-json\/wp\/v2\/product\/16343","targetHints":{"allow":["GET"]}}],"collection":[{"href":"https:\/\/www.hydraulic-cylinders.net\/hu\/wp-json\/wp\/v2\/product"}],"about":[{"href":"https:\/\/www.hydraulic-cylinders.net\/hu\/wp-json\/wp\/v2\/types\/product"}],"replies":[{"embeddable":true,"href":"https:\/\/www.hydraulic-cylinders.net\/hu\/wp-json\/wp\/v2\/comments?post=16343"}],"wp:featuredmedia":[{"embeddable":true,"href":"https:\/\/www.hydraulic-cylinders.net\/hu\/wp-json\/wp\/v2\/media\/14763"}],"wp:attachment":[{"href":"https:\/\/www.hydraulic-cylinders.net\/hu\/wp-json\/wp\/v2\/media?parent=16343"}],"wp:term":[{"taxonomy":"product_brand","embeddable":true,"href":"https:\/\/www.hydraulic-cylinders.net\/hu\/wp-json\/wp\/v2\/product_brand?post=16343"},{"taxonomy":"product_cat","embeddable":true,"href":"https:\/\/www.hydraulic-cylinders.net\/hu\/wp-json\/wp\/v2\/product_cat?post=16343"},{"taxonomy":"product_tag","embeddable":true,"href":"https:\/\/www.hydraulic-cylinders.net\/hu\/wp-json\/wp\/v2\/product_tag?post=16343"}],"curies":[{"name":"munkaf\u00fczet","href":"https:\/\/api.w.org\/{rel}","templated":true}]}}