{"id":16359,"date":"2025-01-20T09:08:57","date_gmt":"2025-01-20T09:08:57","guid":{"rendered":"https:\/\/www.hydraulic-cylinders.net\/product\/arm-cylinderfor-sany-middle-excavator-sy210c\/"},"modified":"2025-01-20T09:08:59","modified_gmt":"2025-01-20T09:08:59","slug":"arm-cylinderfor-sany-middle-excavator-sy210c","status":"publish","type":"product","link":"https:\/\/www.hydraulic-cylinders.net\/hu\/termek\/arm-cylinderfor-sany-middle-excavator-sy210c\/","title":{"rendered":"Karhenger Sany k\u00f6z\u00e9ps\u0151 kotr\u00f3g\u00e9phez SY210C"},"content":{"rendered":"<h1>Karhenger Sany k\u00f6z\u00e9ps\u0151 kotr\u00f3g\u00e9phez SY210C<\/h1>\n<h2>Bevezet\u00e9s<\/h2>\n<p>A karhenger egy speci\u00e1lisan tervezett hidraulikus henger, amely line\u00e1ris mozg\u00e1st \u00e9s er\u0151t biztos\u00edt k\u00fcl\u00f6nf\u00e9le g\u00e9pek, p\u00e9ld\u00e1ul kotr\u00f3g\u00e9pek, daruk \u00e9s robotkarok karj\u00e1nak. Kulcsfontoss\u00e1g\u00fa szerepet j\u00e1tszik a hidraulikus rendszerekben, lehet\u0151v\u00e9 t\u00e9ve a tov\u00e1bbi szersz\u00e1mok vagy tartoz\u00e9kok hat\u00e9kony mozgat\u00e1s\u00e1t \u00e9s vez\u00e9rl\u00e9s\u00e9t. Ezek a hengerek nemcsak sima mozg\u00e1st biztos\u00edtanak, hanem nagy terhel\u00e9seket is elviselnek, biztos\u00edtva a g\u00e9pek hat\u00e9kony m\u0171k\u00f6d\u00e9s\u00e9t \u00e9s megb\u00edzhat\u00f3s\u00e1g\u00e1t k\u00fcl\u00f6nb\u00f6z\u0151 munkak\u00f6r\u00fclm\u00e9nyek k\u00f6z\u00f6tt.<\/p>\n<p><img decoding=\"async\" src=\"https:\/\/www.hydraulic-cylinders.net\/wp-content\/uploads\/2025\/01\/songte-company-2.webp\" alt=\"Karhenger k\u00e9pe\"><\/p>\n<h2>Jellemz\u0151k<\/h2>\n<ul>\n<li><strong>Nagy hat\u00e9konys\u00e1g\u00fa \u00e1tvitel:<\/strong> A karhenger er\u0151teljes line\u00e1ris mozg\u00e1st \u00e9s er\u0151t biztos\u00edt, biztos\u00edtva a mechanikus kar nagy teljes\u00edtm\u00e9ny\u00e9t k\u00fcl\u00f6nf\u00e9le m\u0171veletek sor\u00e1n.<\/li>\n<li><strong>Prec\u00edzi\u00f3s vez\u00e9rl\u00e9s:<\/strong> A hidraulikus rendszeren kereszt\u00fcl a karhenger prec\u00edz mozg\u00e1svez\u00e9rl\u00e9st tesz lehet\u0151v\u00e9, n\u00f6velve a csatlakoztatott szersz\u00e1mok rugalmass\u00e1g\u00e1t \u00e9s pontoss\u00e1g\u00e1t.<\/li>\n<li><strong>Tart\u00f3ss\u00e1g:<\/strong> A karos munkahengerek jellemz\u0151en nagy szil\u00e1rds\u00e1g\u00fa anyagokb\u00f3l k\u00e9sz\u00fclnek, amelyek kiv\u00e1l\u00f3 kop\u00e1s\u00e1ll\u00f3s\u00e1got \u00e9s korr\u00f3zi\u00f3\u00e1ll\u00f3s\u00e1got biztos\u00edtanak, \u00edgy alkalmasak hossz\u00fa t\u00e1v\u00fa haszn\u00e1latra zord k\u00f6rnyezetben.<\/li>\n<li><strong>T\u00f6bbfunkci\u00f3s alkalmazkod\u00f3k\u00e9pess\u00e9g:<\/strong> Ezeket a hengereket sz\u00e9les k\u00f6rben haszn\u00e1lj\u00e1k k\u00fcl\u00f6nf\u00e9le g\u00e9pekben, bele\u00e9rtve a kotr\u00f3g\u00e9peket, darukat \u00e9s robotkarokat, alkalmazkodva a k\u00fcl\u00f6nb\u00f6z\u0151 munkak\u00f6vetelm\u00e9nyekhez.<\/li>\n<li><strong>K\u00f6nny\u0171 karbantart\u00e1s:<\/strong> A k\u00f6nny\u0171 karbantart\u00e1st \u00e9s cser\u00e9t szem el\u0151tt tartva tervezett karhenger megk\u00f6nny\u00edti az id\u0151szakos ellen\u0151rz\u00e9seket \u00e9s karbantart\u00e1st, cs\u00f6kkentve a berendez\u00e9sek \u00e1ll\u00e1sidej\u00e9t.<\/li>\n<\/ul>\n<p><img decoding=\"async\" src=\"https:\/\/www.hydraulic-cylinders.net\/wp-content\/uploads\/2025\/01\/songte-oil-pipes-and-spare-parts.webp\" alt=\"Term\u00e9kk\u00e9p\"><\/p>\n<h2>Alkalmaz\u00e1sok<\/h2>\n<p>A karos munkahengerek sz\u00e1mos ipar\u00e1gban \u00e9s szektorban alkalmazhat\u00f3k:<\/p>\n<ol>\n<li><strong>\u00c9p\u00edt\u0151m\u00e9rn\u00f6ki:<\/strong> Kotr\u00f3g\u00e9pekben \u00e9s darukban a g\u00e9mhengerek szab\u00e1lyozz\u00e1k a kanalak vagy g\u00e9mkarok mozg\u00e1s\u00e1t f\u00f6ldmunk\u00e1k, anyagmozgat\u00e1s \u00e9s szerkezeti telep\u00edt\u00e9sek sor\u00e1n.<\/li>\n<li><strong>Feldolgoz\u00f3 ipar:<\/strong> Az automatiz\u00e1lt gy\u00e1rt\u00f3sorokon a karhengerek megk\u00f6nny\u00edtik a robotkarok mozg\u00e1s\u00e1t az \u00f6sszeszerel\u00e9si, hegeszt\u00e9si \u00e9s anyagmozgat\u00e1si folyamatok sor\u00e1n, jav\u00edtva a termel\u00e9si hat\u00e9konys\u00e1got \u00e9s a pontoss\u00e1got.<\/li>\n<li><strong>Mez\u0151gazdas\u00e1gi g\u00e9pek:<\/strong> A mez\u0151gazdas\u00e1gi g\u00e9pekben, p\u00e9ld\u00e1ul a betakar\u00edt\u00f3g\u00e9pekben \u00e9s a vet\u0151g\u00e9pekben a karhengerek vez\u00e9rlik a m\u0171k\u00f6dtet\u0151 karok mozg\u00e1s\u00e1t olyan feladatokhoz, mint a vet\u00e9s, a m\u0171tr\u00e1gy\u00e1z\u00e1s \u00e9s a betakar\u00edt\u00e1s.<\/li>\n<li><strong>B\u00e1ny\u00e1szati:<\/strong> A b\u00e1ny\u00e1szati \u200b\u200bberendez\u00e9sekben a karhengerek szab\u00e1lyozz\u00e1k a b\u00e1ny\u00e1szati \u200b\u200bg\u00e9pek karj\u00e1nak mozg\u00e1s\u00e1t az \u00e9rc kitermel\u00e9se \u00e9s kezel\u00e9se sor\u00e1n.<\/li>\n<li><strong>Logisztika \u00e9s sz\u00e1ll\u00edt\u00e1s:<\/strong> A targonc\u00e1kban \u00e9s anyagmozgat\u00f3 robotokban a karhengerek vez\u00e9rlik a vill\u00e1k emel\u00e9s\u00e9t \u00e9s mozg\u00e1s\u00e1t, lehet\u0151v\u00e9 t\u00e9ve az anyagmozgat\u00e1si \u00e9s rakod\u00e1si m\u0171veleteket.<\/li>\n<\/ol>\n<h2>Tervez\u00e9si szempontok \u00e9s kiv\u00e1laszt\u00e1si krit\u00e9riumok<\/h2>\n<p>A karhengerek tervez\u00e9s\u00e9nek \u00e9s kiv\u00e1laszt\u00e1s\u00e1nak m\u00e9rlegel\u00e9sekor sz\u00e1mos t\u00e9nyez\u0151t kell figyelembe venni:<\/p>\n<ol>\n<li><strong>Teherb\u00edr\u00e1s:<\/strong> A karhengernek k\u00e9pesnek kell lennie ellen\u00e1llni a m\u0171k\u00f6d\u00e9s k\u00f6zben fell\u00e9p\u0151 maxim\u00e1lis terhel\u00e9snek.<\/li>\n<li><strong>T\u00f6m\u00edt\u00e9s:<\/strong> K\u00fcl\u00f6nb\u00f6z\u0151 t\u00f6m\u00edt\u00e9sek, p\u00e9ld\u00e1ul dugatty\u00fat\u00f6m\u00edt\u00e9sek \u00e9s r\u00fadt\u00f6m\u00edt\u00e9sek, amelyek kop\u00e1s\u00e1ll\u00f3 anyagokb\u00f3l, p\u00e9ld\u00e1ul poliuret\u00e1nb\u00f3l \u00e9s nitrilgumib\u00f3l k\u00e9sz\u00fclnek, hat\u00e9kony t\u00f6m\u00edt\u00e9si teljes\u00edtm\u00e9nyt biztos\u00edtanak.<\/li>\n<li><strong>Tart\u00f3ss\u00e1g:<\/strong> A hengertest \u00e9s a menetes v\u00e9gek apr\u00f3l\u00e9kos fel\u00fcletkezel\u00e9sen esnek \u00e1t a kop\u00e1s\u00e1ll\u00f3s\u00e1g fokoz\u00e1sa \u00e9rdek\u00e9ben.<\/li>\n<li><strong>Biztons\u00e1g:<\/strong> A biztons\u00e1gi szempontok k\u00f6z\u00e9 tartoznak olyan jellemz\u0151k, mint a nyom\u00e1scs\u00f6kkent\u0151 szelepek \u00e9s a balesetek megel\u0151z\u00e9s\u00e9re szolg\u00e1l\u00f3 megfelel\u0151 telep\u00edt\u00e9si technik\u00e1k.<\/li>\n<li><strong>Karbantarthat\u00f3s\u00e1g:<\/strong> A rendszeres hidraulikaolajjal t\u00f6rt\u00e9n\u0151 ken\u00e9s \u00e9s az id\u0151szakos ellen\u0151rz\u00e9sek hozz\u00e1j\u00e1rulnak a karhengerek hossz\u00fa t\u00e1v\u00fa teljes\u00edtm\u00e9ny\u00e9hez \u00e9s karbantart\u00e1s\u00e1hoz.<\/li>\n<\/ol>\n<p><img decoding=\"async\" src=\"https:\/\/www.hydraulic-cylinders.net\/wp-content\/uploads\/2025\/01\/songte-cylinder-head-with-all-kinds-excavator-models.webp\" alt=\"Tervez\u00e9si k\u00e9p\"><\/p>\n<h2>T\u00f6m\u00edt\u00e9s \u00e9s ken\u00e9s<\/h2>\n<p>A karos henger k\u00fcl\u00f6nf\u00e9le t\u00f6m\u00edt\u0151elemeket haszn\u00e1l, p\u00e9ld\u00e1ul dugatty\u00fat\u00f6m\u00edt\u00e9seket \u00e9s r\u00fadt\u00f6m\u00edt\u00e9seket, amelyek kop\u00e1s\u00e1ll\u00f3 anyagokb\u00f3l, p\u00e9ld\u00e1ul poliuret\u00e1nb\u00f3l \u00e9s nitrilgumib\u00f3l k\u00e9sz\u00fclnek. Ezenk\u00edv\u00fcl a hengertest \u00e9s a menetes v\u00e9gek finom megmunk\u00e1l\u00e1son esnek \u00e1t a kop\u00e1s\u00e1ll\u00f3s\u00e1g jav\u00edt\u00e1sa \u00e9rdek\u00e9ben. A megfelel\u0151 mennyis\u00e9g\u0171 hidraulikaolajjal t\u00f6rt\u00e9n\u0151 rendszeres ken\u00e9s biztos\u00edtja a z\u00f6kken\u0151mentes m\u0171k\u00f6d\u00e9st \u00e9s meghosszabb\u00edtja a henger \u00e9lettartam\u00e1t.<\/p>\n<h2>Rendszeres ellen\u0151rz\u00e9s \u00e9s megel\u0151z\u0151 karbantart\u00e1s<\/h2>\n<ul>\n<li>Rendszeresen ellen\u0151rizze a karhengert sziv\u00e1rg\u00e1s vagy s\u00e9r\u00fcl\u00e9s jelei szempontj\u00e1b\u00f3l.<\/li>\n<li>Tiszt\u00edtsa meg a hengert, \u00e9s gy\u0151z\u0151dj\u00f6n meg arr\u00f3l, hogy minden csatlakoz\u00e1s biztons\u00e1gos.<\/li>\n<li>Ellen\u0151rizze a t\u00f6m\u00edt\u00e9seket, \u00e9s sz\u00fcks\u00e9g eset\u00e9n cser\u00e9lje ki \u0151ket.<\/li>\n<li>Figyelje a hidraulikaolaj szintj\u00e9t \u00e9s min\u0151s\u00e9g\u00e9t.<\/li>\n<li>V\u00e9gezzen megel\u0151z\u0151 karbantart\u00e1st a gy\u00e1rt\u00f3 aj\u00e1nl\u00e1sainak megfelel\u0151en.<\/li>\n<\/ul>\n<h2>Term\u00e9ktelep\u00edt\u00e9si \u00fatmutat\u00f3<\/h2>\n<p>A karhenger megfelel\u0151 felszerel\u00e9se elengedhetetlen az optim\u00e1lis teljes\u00edtm\u00e9ny \u00e9s biztons\u00e1g \u00e9rdek\u00e9ben. K\u00f6vesse az al\u00e1bbi ir\u00e1nyelveket:<\/p>\n<ol>\n<li>Telep\u00edt\u00e9s el\u0151tt gy\u0151z\u0151dj\u00f6n meg arr\u00f3l, hogy a hidraulikus rendszer nyom\u00e1smentes\u00edtett.<\/li>\n<li>Biztons\u00e1gosan r\u00f6gz\u00edtse a karhengert a kijel\u00f6lt r\u00f6gz\u00edt\u00e9si pontokhoz.<\/li>\n<li>Gy\u0151z\u0151dj\u00f6n meg arr\u00f3l, hogy minden hidraulikus csatlakoz\u00e1s szoros \u00e9s sziv\u00e1rg\u00e1smentes.<\/li>\n<li>Ellen\u0151rizze a henger be\u00e1ll\u00edt\u00e1s\u00e1t \u00e9s helyzet\u00e9t a sima m\u0171k\u00f6d\u00e9s \u00e9rdek\u00e9ben.<\/li>\n<li>A tov\u00e1bbi telep\u00edt\u00e9si r\u00e9szletek\u00e9rt l\u00e1sd a gy\u00e1rt\u00f3 utas\u00edt\u00e1sait.<\/li>\n<\/ol>\n<p><img decoding=\"async\" src=\"https:\/\/www.hydraulic-cylinders.net\/wp-content\/uploads\/2025\/01\/songte-bushings-with-all-kinds-of-excavator-models.webp\" alt=\"Telep\u00edt\u00e9si \u00fatmutat\u00f3 k\u00e9pe\"><\/p>\n<h2>Biztons\u00e1gi szempontok \u00e9s k\u00f6rnyezeti t\u00e9nyez\u0151k<\/h2>\n<p>Karos munkahengerek haszn\u00e1latakor rendk\u00edv\u00fcl fontos a biztons\u00e1gi int\u00e9zked\u00e9sek betart\u00e1sa. A biztons\u00e1gi \u00f3vint\u00e9zked\u00e9sek a k\u00f6vetkez\u0151k:<\/p>\n<ul>\n<li>A balesetek elker\u00fcl\u00e9se \u00e9rdek\u00e9ben k\u00f6vesse a megfelel\u0151 telep\u00edt\u00e9si elj\u00e1r\u00e1sokat.<\/li>\n<li>A biztons\u00e1gi el\u0151\u00edr\u00e1sok \u00e9s el\u0151\u00edr\u00e1sok betart\u00e1sa a m\u0171k\u00f6d\u00e9s sor\u00e1n.<\/li>\n<li>Haszn\u00e1ljon megfelel\u0151 szem\u00e9lyi v\u00e9d\u0151felszerel\u00e9st hidraulikus rendszerek kezel\u00e9sekor.<\/li>\n<li>K\u00f6rnyezeti t\u00e9nyez\u0151k figyelembev\u00e9tele \u00e9s a k\u00f6rnyezetv\u00e9delmi el\u0151\u00edr\u00e1sok betart\u00e1s\u00e1nak biztos\u00edt\u00e1sa.<\/li>\n<\/ul>\n<h2>Hibadiagn\u00f3zis \u00e9s gyakori probl\u00e9m\u00e1k<\/h2>\n<p>A karhengerek bizonyos hib\u00e1kat \u00e9s gyakori probl\u00e9m\u00e1kat tapasztalhatnak, bele\u00e9rtve:<\/p>\n<ol>\n<li>Sziv\u00e1rg\u00e1s a t\u00f6m\u00edt\u00e9sekb\u0151l vagy a csatlakoz\u00e1sokb\u00f3l.<\/li>\n<li>Cs\u00f6kkent teljes\u00edtm\u00e9ny vagy energiavesztes\u00e9g.<\/li>\n<li>A kar szab\u00e1lytalan vagy r\u00e1ngat\u00f3z\u00f3 mozg\u00e1sa.<\/li>\n<li>T\u00falzott zaj vagy rezg\u00e9s m\u0171k\u00f6d\u00e9s k\u00f6zben.<\/li>\n<li>Inkonzisztens mozg\u00e1s vagy a poz\u00edci\u00f3 megtart\u00e1s\u00e1nak k\u00e9ptelens\u00e9ge.<\/li>\n<\/ol>\n<p>Ezen probl\u00e9m\u00e1k megold\u00e1s\u00e1hoz vegye figyelembe a k\u00f6vetkez\u0151 tippeket \u00e9s megold\u00e1sokat:<\/p>\n<ul>\n<li>Vizsg\u00e1lja meg \u00e9s cser\u00e9lje ki a s\u00e9r\u00fclt t\u00f6m\u00edt\u00e9seket vagy csatlakoz\u00e1sokat.<\/li>\n<li>Ellen\u0151rizze a hidraulikafolyad\u00e9k szintj\u00e9t \u00e9s min\u0151s\u00e9g\u00e9t, \u00fcgyelve a megfelel\u0151 ken\u00e9sre.<\/li>\n<li>Tiszt\u00edtsa meg vagy cser\u00e9lje ki az elt\u00f6m\u0151d\u00f6tt sz\u0171r\u0151ket \u00e9s szelepeket.<\/li>\n<li>Ellen\u0151rizze a henger megfelel\u0151 be\u00e1ll\u00edt\u00e1s\u00e1t \u00e9s poz\u00edci\u00f3j\u00e1t.<\/li>\n<li>Komplexebb hibaelh\u00e1r\u00edt\u00e1s vagy jav\u00edt\u00e1s eset\u00e9n forduljon szakemberhez.<\/li>\n<\/ul>\n<p><img decoding=\"async\" src=\"https:\/\/www.hydraulic-cylinders.net\/wp-content\/uploads\/2025\/01\/songte-chushion-collar.webp\" alt=\"Hibaelh\u00e1r\u00edt\u00e1si k\u00e9p\"><\/p>\n<p>Felh\u00edvjuk figyelm\u00e9t, hogy a hidraulikus rendszerek hibaelh\u00e1r\u00edt\u00e1sa \u00f6sszetett lehet, \u00e9s bizonyos probl\u00e9m\u00e1k eset\u00e9n szakember seg\u00edts\u00e9g\u00e9re lehet sz\u00fcks\u00e9g.<\/p>\n<h2>C\u00e9g\u00fcnkr\u0151l<\/h2>\n<p>A p\u00f3talkatr\u00e9szk\u00e9nt szolg\u00e1l\u00f3 hidraulikus hengerek vezet\u0151 gy\u00e1rt\u00f3ja vagyunk, sz\u00e9les term\u00e9kv\u00e1laszt\u00e9kot k\u00edn\u00e1lva. A kiv\u00e1l\u00f3s\u00e1g ir\u00e1nti elk\u00f6telezetts\u00e9g\u00fcnkkel fejlett gy\u00e1rt\u00e1si folyamatokra \u00e9s magas min\u0151s\u00e9gellen\u0151rz\u00e9si rendszerekre t\u00e1maszkodunk. A legmodernebb digit\u00e1lis gy\u00e1rt\u00f3berendez\u00e9sek \u00e9s professzion\u00e1lis tesztel\u0151rendszerek be\u00e9p\u00edt\u00e9s\u00e9vel folyamatosan optimaliz\u00e1ljuk gy\u00e1rt\u00e1si platformunkat \u00e9s jav\u00edtjuk term\u00e9keink min\u0151s\u00e9g\u00e9t. C\u00e9lunk, hogy hat\u00e9konyan, prec\u00edzen \u00e9s magas min\u0151s\u00e9gi szabv\u00e1nyok mellett el\u00e9g\u00edts\u00fck ki \u00fcgyfeleink v\u00e1ltozatos ig\u00e9nyeit.<\/p>\n<p><img decoding=\"async\" src=\"https:\/\/www.hydraulic-cylinders.net\/wp-content\/uploads\/2025\/01\/songte-company-4.webp\" alt=\"C\u00e9ges im\u00e1zs\"><br \/>\n<img decoding=\"async\" src=\"https:\/\/www.hydraulic-cylinders.net\/wp-content\/uploads\/2025\/01\/songte-company-3.webp\" alt=\"C\u00e9ges im\u00e1zs\"><\/p>\n<h2>Er\u0151ss\u00e9geink<\/h2>\n<ul>\n<li>Szak\u00e9rtelem: Szak\u00e9rt\u0151i csapatunk hidraulikus hengerek gy\u00e1rt\u00e1s\u00e1ra \u00e9s SEO sz\u00f6veg\u00edr\u00e1sra specializ\u00e1l\u00f3dott.<\/li>\n<li>Nemzetk\u00f6zi tan\u00fas\u00edtv\u00e1nyok: Term\u00e9keink megfelelnek a nemzetk\u00f6zi min\u0151s\u00e9gi szabv\u00e1nyoknak \u00e9s tan\u00fas\u00edtv\u00e1nyoknak.<\/li>\n<li>Testreszab\u00e1si szolg\u00e1ltat\u00e1sok: Testreszabott megold\u00e1sokat k\u00edn\u00e1lunk az \u00fcgyfelek egyedi ig\u00e9nyeinek kiel\u00e9g\u00edt\u00e9s\u00e9re.<\/<br>","protected":false},"excerpt":{"rendered":"<p>Arm Cylinder For Sany Middle Excavator SY210C Introduction The Arm Cylinder is a specially designed hydraulic cylinder that provides linear motion and power to the arm of various machinery, such as excavators, cranes, and robotic arms. It plays a crucial role in hydraulic systems, allowing for efficient movement and control of additional tools or attachments. [&hellip;]<\/p>","protected":false},"featured_media":14774,"comment_status":"open","ping_status":"closed","template":"","meta":{"_et_pb_use_builder":"","_et_pb_old_content":"","_et_gb_content_width":""},"product_brand":[],"product_cat":[1497],"product_tag":[1498,1496],"class_list":{"0":"post-16359","1":"product","2":"type-product","3":"status-publish","4":"has-post-thumbnail","6":"product_cat-arm-cylinders","7":"product_tag-arm-cylinders","8":"product_tag-hydraulic-cylinders","10":"first","11":"instock","12":"shipping-taxable","13":"product-type-simple"},"amp_enabled":true,"_links":{"self":[{"href":"https:\/\/www.hydraulic-cylinders.net\/hu\/wp-json\/wp\/v2\/product\/16359","targetHints":{"allow":["GET"]}}],"collection":[{"href":"https:\/\/www.hydraulic-cylinders.net\/hu\/wp-json\/wp\/v2\/product"}],"about":[{"href":"https:\/\/www.hydraulic-cylinders.net\/hu\/wp-json\/wp\/v2\/types\/product"}],"replies":[{"embeddable":true,"href":"https:\/\/www.hydraulic-cylinders.net\/hu\/wp-json\/wp\/v2\/comments?post=16359"}],"wp:featuredmedia":[{"embeddable":true,"href":"https:\/\/www.hydraulic-cylinders.net\/hu\/wp-json\/wp\/v2\/media\/14774"}],"wp:attachment":[{"href":"https:\/\/www.hydraulic-cylinders.net\/hu\/wp-json\/wp\/v2\/media?parent=16359"}],"wp:term":[{"taxonomy":"product_brand","embeddable":true,"href":"https:\/\/www.hydraulic-cylinders.net\/hu\/wp-json\/wp\/v2\/product_brand?post=16359"},{"taxonomy":"product_cat","embeddable":true,"href":"https:\/\/www.hydraulic-cylinders.net\/hu\/wp-json\/wp\/v2\/product_cat?post=16359"},{"taxonomy":"product_tag","embeddable":true,"href":"https:\/\/www.hydraulic-cylinders.net\/hu\/wp-json\/wp\/v2\/product_tag?post=16359"}],"curies":[{"name":"munkaf\u00fczet","href":"https:\/\/api.w.org\/{rel}","templated":true}]}}