{"id":16368,"date":"2025-01-20T09:09:40","date_gmt":"2025-01-20T09:09:40","guid":{"rendered":"https:\/\/www.hydraulic-cylinders.net\/product\/arm-cylinderfor-sany-middle-excavator-sy205c-9\/"},"modified":"2025-01-20T09:09:42","modified_gmt":"2025-01-20T09:09:42","slug":"arm-cylinderfor-sany-middle-excavator-sy205c-9","status":"publish","type":"product","link":"https:\/\/www.hydraulic-cylinders.net\/hu\/termek\/arm-cylinderfor-sany-middle-excavator-sy205c-9\/","title":{"rendered":"Karhenger Sany k\u00f6z\u00e9ps\u0151 kotr\u00f3g\u00e9phez SY205C-9"},"content":{"rendered":"<h1>Karhenger Sany k\u00f6z\u00e9ps\u0151 kotr\u00f3g\u00e9phez SY205C-9<\/h1>\n<h2>Bevezet\u00e9s<\/h2>\n<p>A Sany SY205C-9 k\u00f6z\u00e9pkotr\u00f3g\u00e9p karhengere egy hidraulikus henger, amelyet kifejezetten arra terveztek, hogy line\u00e1ris mozg\u00e1st \u00e9s er\u0151t biztos\u00edtson k\u00fcl\u00f6nf\u00e9le g\u00e9pek, p\u00e9ld\u00e1ul kotr\u00f3g\u00e9pek, daruk \u00e9s mechanikus karok karjainak. A karhenger kulcsszerepet j\u00e1tszik a hidraulikus rendszerekben, lehet\u0151v\u00e9 t\u00e9ve a tov\u00e1bbi szersz\u00e1mok vagy tartoz\u00e9kok hat\u00e9kony mozg\u00e1s\u00e1t \u00e9s vez\u00e9rl\u00e9s\u00e9t. Ezek a hengerek nemcsak a sima mozg\u00e1st biztos\u00edtj\u00e1k, hanem a nagy terhel\u00e9seket is elviselik, biztos\u00edtva a g\u00e9p magas hat\u00e9konys\u00e1g\u00e1t \u00e9s megb\u00edzhat\u00f3s\u00e1g\u00e1t k\u00fcl\u00f6nb\u00f6z\u0151 \u00fczemi k\u00f6r\u00fclm\u00e9nyek k\u00f6z\u00f6tt.<\/p>\n<h3>Defin\u00edci\u00f3 \u00e9s magyar\u00e1zat<\/h3>\n<p>A karhenger egy speci\u00e1lisan tervezett hidraulikus henger, amely line\u00e1ris mozg\u00e1st \u00e9s er\u0151t biztos\u00edt k\u00fcl\u00f6nf\u00e9le g\u00e9pek, p\u00e9ld\u00e1ul kotr\u00f3g\u00e9pek, daruk \u00e9s mechanikus karok karj\u00e1nak. Kulcsszerepet j\u00e1tszik a hidraulikus rendszerekben, lehet\u0151v\u00e9 t\u00e9ve a tov\u00e1bbi szersz\u00e1mok vagy tartoz\u00e9kok hat\u00e9kony mozg\u00e1s\u00e1t \u00e9s vez\u00e9rl\u00e9s\u00e9t. Ezek a hengerek nemcsak a sima mozg\u00e1st biztos\u00edtj\u00e1k, hanem a nagy terhel\u00e9seket is elviselik, biztos\u00edtva a g\u00e9p magas hat\u00e9konys\u00e1g\u00e1t \u00e9s megb\u00edzhat\u00f3s\u00e1g\u00e1t k\u00fcl\u00f6nb\u00f6z\u0151 \u00fczemi k\u00f6r\u00fclm\u00e9nyek k\u00f6z\u00f6tt.<\/p>\n<p><img decoding=\"async\" src=\"https:\/\/www.hydraulic-cylinders.net\/wp-content\/uploads\/2025\/01\/songte-company-2.webp\" alt=\"Karhenger k\u00e9pe\"><\/p>\n<h2>Jellemz\u0151k<\/h2>\n<ol>\n<li><strong>Nagy hat\u00e9konys\u00e1g\u00fa \u00e1tvitel:<\/strong> A karhenger er\u0151teljes line\u00e1ris mozg\u00e1st \u00e9s er\u0151t biztos\u00edt, biztos\u00edtva a mechanikus kar nagy teljes\u00edtm\u00e9ny\u00e9t k\u00fcl\u00f6nf\u00e9le m\u0171veletek sor\u00e1n.<\/li>\n<li><strong>Prec\u00edz vez\u00e9rl\u00e9s:<\/strong> A hidraulikus rendszeren kereszt\u00fcl a karhenger prec\u00edz mozg\u00e1svez\u00e9rl\u00e9st tesz lehet\u0151v\u00e9, \u00edgy a tov\u00e1bbi szersz\u00e1mok kezel\u00e9se rugalmasabb \u00e9s pontosabb.<\/li>\n<li><strong>Tart\u00f3ss\u00e1g:<\/strong> A karos munkahengerek jellemz\u0151en nagy szil\u00e1rds\u00e1g\u00fa anyagokb\u00f3l k\u00e9sz\u00fclnek, amelyek kiv\u00e1l\u00f3 kop\u00e1s\u00e1ll\u00f3s\u00e1got \u00e9s korr\u00f3zi\u00f3\u00e1ll\u00f3s\u00e1got biztos\u00edtanak, \u00edgy alkalmasak hossz\u00fa t\u00e1v\u00fa haszn\u00e1latra zord k\u00f6rnyezetben.<\/li>\n<li><strong>T\u00f6bbfunkci\u00f3s alkalmazkod\u00f3k\u00e9pess\u00e9g:<\/strong> Ezek a munkahengerek sz\u00e9les k\u00f6rben alkalmazhat\u00f3k k\u00fcl\u00f6nf\u00e9le g\u00e9pekben, p\u00e9ld\u00e1ul kotr\u00f3g\u00e9pekben, darukban \u00e9s mechanikus karokban, alkalmazkodva a k\u00fcl\u00f6nb\u00f6z\u0151 munkak\u00f6vetelm\u00e9nyekhez.<\/li>\n<li><strong>K\u00f6nny\u0171 karbantart\u00e1s:<\/strong> A karhenger kialak\u00edt\u00e1sa a k\u00f6nny\u0171 karbantart\u00e1st \u00e9s cser\u00e9t szem el\u0151tt tartva t\u00f6rt\u00e9nt, \u00edgy a rendszeres ellen\u0151rz\u00e9sek \u00e9s karbantart\u00e1s k\u00e9nyelmesebb, \u00e9s cs\u00f6kken a berendez\u00e9s \u00e1ll\u00e1sideje.<\/li>\n<\/ol>\n<p><img decoding=\"async\" src=\"https:\/\/www.hydraulic-cylinders.net\/wp-content\/uploads\/2025\/01\/songte-oil-pipes-and-spare-parts.webp\" alt=\"Karhenger alkatr\u00e9szek k\u00e9pe\"><\/p>\n<h2>Alkalmaz\u00e1sok<\/h2>\n<ul>\n<li><strong>\u00c9p\u00edt\u0151m\u00e9rn\u00f6ki:<\/strong> Kotr\u00f3g\u00e9pekn\u00e9l \u00e9s darukn\u00e1l a karhenger a kan\u00e1l vagy a g\u00e9m mozg\u00e1s\u00e1nak vez\u00e9rl\u00e9s\u00e9re szolg\u00e1l f\u00f6ldmozgat\u00e1s, anyagmozgat\u00e1s \u00e9s szerkezeti telep\u00edt\u00e9s sor\u00e1n.<\/li>\n<li><strong>Feldolgoz\u00f3 ipar:<\/strong> Az automatiz\u00e1lt gy\u00e1rt\u00f3sorokon a karhengert mechanikus karok mozgat\u00e1s\u00e1ra haszn\u00e1lj\u00e1k, p\u00e9ld\u00e1ul \u00f6sszeszerel\u00e9shez, hegeszt\u00e9shez \u00e9s anyagmozgat\u00e1shoz, jav\u00edtva a termel\u00e9si hat\u00e9konys\u00e1got \u00e9s a pontoss\u00e1got.<\/li>\n<li><strong>Mez\u0151gazdas\u00e1gi g\u00e9pek:<\/strong> A mez\u0151gazdas\u00e1gi g\u00e9pekben, p\u00e9ld\u00e1ul a betakar\u00edt\u00f3g\u00e9pekben \u00e9s a vet\u0151g\u00e9pekben a karhenger vez\u00e9rli a m\u0171k\u00f6dtet\u0151 kar mozg\u00e1s\u00e1t olyan feladatokhoz, mint a vet\u00e9s, a m\u0171tr\u00e1gy\u00e1z\u00e1s \u00e9s a betakar\u00edt\u00e1s.<\/li>\n<li><strong>B\u00e1ny\u00e1szati:<\/strong> B\u00e1ny\u00e1szati \u200b\u200bberendez\u00e9sekben a karhengert a b\u00e1ny\u00e1szati \u200b\u200bberendez\u00e9sek karj\u00e1nak mozg\u00e1s\u00e1nak vez\u00e9rl\u00e9s\u00e9re haszn\u00e1lj\u00e1k \u00e9rcek kitermel\u00e9se \u00e9s sz\u00e1ll\u00edt\u00e1sa sor\u00e1n.<\/li>\n<li><strong>Logisztika \u00e9s sz\u00e1ll\u00edt\u00e1s:<\/strong> A targonc\u00e1kban \u00e9s anyagmozgat\u00f3 robotokban a karhenger a vill\u00e1k emel\u00e9s\u00e9nek \u00e9s mozg\u00e1s\u00e1nak vez\u00e9rl\u00e9s\u00e9re szolg\u00e1l, lehet\u0151v\u00e9 t\u00e9ve az anyagmozgat\u00e1st \u00e9s a rakod\u00e1st.<\/li>\n<\/ul>\n<h2>Tervez\u00e9si szempontok \u00e9s kiv\u00e1laszt\u00e1si krit\u00e9riumok<\/h2>\n<ol>\n<li><strong>Teherb\u00edr\u00e1s:<\/strong> A karhenger \u00fagy van kialak\u00edtva, hogy megfeleljen a haszn\u00e1lni k\u00edv\u00e1nt g\u00e9pek speci\u00e1lis teherb\u00edr\u00e1si k\u00f6vetelm\u00e9nyeinek, biztos\u00edtva a biztons\u00e1gos \u00e9s hat\u00e9kony m\u0171k\u00f6d\u00e9st.<\/li>\n<li><strong>T\u00f6m\u00edt\u00e9s:<\/strong> A hat\u00e9kony t\u00f6m\u00edt\u00e9s biztos\u00edt\u00e1s\u00e1hoz k\u00fcl\u00f6nf\u00e9le t\u00f6m\u00edt\u0151elemeket, p\u00e9ld\u00e1ul dugatty\u00fat\u00f6m\u00edt\u00e9seket \u00e9s r\u00fadt\u00f6m\u00edt\u00e9seket haszn\u00e1lnak. Ezek a t\u00f6m\u00edt\u00e9sek kop\u00e1s\u00e1ll\u00f3 anyagokb\u00f3l, p\u00e9ld\u00e1ul poliuret\u00e1nb\u00f3l \u00e9s nitrilgumib\u00f3l k\u00e9sz\u00fclnek. A hengertestet \u00e9s a menetes v\u00e9geket finoman kezelik a kop\u00e1s\u00e1ll\u00f3s\u00e1g fokoz\u00e1sa \u00e9rdek\u00e9ben.<\/li>\n<li><strong>Tart\u00f3ss\u00e1g:<\/strong> A karhenger \u00fagy van kialak\u00edtva, hogy ellen\u00e1lljon a zord \u00fczemi k\u00f6r\u00fclm\u00e9nyeknek, biztos\u00edtva a hossz\u00fa t\u00e1v\u00fa teljes\u00edtm\u00e9nyt \u00e9s megb\u00edzhat\u00f3s\u00e1got.<\/li>\n<li><strong>Biztons\u00e1g:<\/strong> A karhenger kialak\u00edt\u00e1s\u00e1ba biztons\u00e1gi funkci\u00f3kat \u00e9p\u00edtettek be a balesetek megel\u0151z\u00e9se \u00e9s a kezel\u0151 biztons\u00e1g\u00e1nak garant\u00e1l\u00e1sa \u00e9rdek\u00e9ben m\u0171k\u00f6d\u00e9s k\u00f6zben.<\/li>\n<li><strong>Karbantarthat\u00f3s\u00e1g:<\/strong> A karhenger \u00fagy lett kialak\u00edtva, hogy k\u00f6nnyen karbantarthat\u00f3 \u00e9s jav\u00edthat\u00f3 legyen, lehet\u0151v\u00e9 t\u00e9ve a rendszeres ellen\u0151rz\u00e9seket \u00e9s az id\u0151ben t\u00f6rt\u00e9n\u0151 cser\u00e9ket, cs\u00f6kkentve az \u00e1ll\u00e1sid\u0151t \u00e9s maximaliz\u00e1lva a termel\u00e9kenys\u00e9get.<\/li>\n<\/ol>\n<p><img decoding=\"async\" src=\"https:\/\/www.hydraulic-cylinders.net\/wp-content\/uploads\/2025\/01\/songte-cylinder-head-with-all-kinds-excavator-models.webp\" alt=\"Hengerfej k\u00e9pe\"><\/p>\n<h2>T\u00f6m\u00edt\u00e9s \u00e9s ken\u00e9s<\/h2>\n<p>A karhenger k\u00fcl\u00f6nf\u00e9le t\u00f6m\u00edt\u0151elemeket haszn\u00e1l, p\u00e9ld\u00e1ul dugatty\u00fat\u00f6m\u00edt\u00e9seket \u00e9s r\u00fadt\u00f6m\u00edt\u00e9seket, amelyek kop\u00e1s\u00e1ll\u00f3 anyagokb\u00f3l, p\u00e9ld\u00e1ul poliuret\u00e1nb\u00f3l \u00e9s nitrilgumib\u00f3l k\u00e9sz\u00fclnek. A hengertest \u00e9s a menetes v\u00e9gek finoman megmunk\u00e1ltak a kop\u00e1s\u00e1ll\u00f3s\u00e1g fokoz\u00e1sa \u00e9rdek\u00e9ben. A z\u00f6kken\u0151mentes m\u0171k\u00f6d\u00e9s biztos\u00edt\u00e1s\u00e1hoz rendszeres hidraulikaolajjal val\u00f3 ken\u00e9s sz\u00fcks\u00e9ges.<\/p>\n<h2>Rendszeres ellen\u0151rz\u00e9sek \u00e9s megel\u0151z\u0151 karbantart\u00e1s<\/h2>\n<ul>\n<li>Rendszeresen ellen\u0151rizze a kar henger\u00e9t kop\u00e1s, sziv\u00e1rg\u00e1s vagy s\u00e9r\u00fcl\u00e9s jelei szempontj\u00e1b\u00f3l.<\/li>\n<li>Ellen\u0151rizze \u00e9s tartsa karban a hidraulikaolaj szintj\u00e9t \u00e9s min\u0151s\u00e9g\u00e9t.<\/li>\n<li>Vizsg\u00e1lja meg \u00e9s tiszt\u00edtsa meg a t\u00f6m\u00edt\u0151 alkatr\u00e9szeket a t\u00f6rmel\u00e9k felhalmoz\u00f3d\u00e1s\u00e1nak elker\u00fcl\u00e9se \u00e9rdek\u00e9ben.<\/li>\n<li>K\u00f6vesse a gy\u00e1rt\u00f3 \u00e1ltal aj\u00e1nlott karbantart\u00e1si \u00fctemtervet.<\/li>\n<li>Azonnal cser\u00e9lje ki az elkopott vagy s\u00e9r\u00fclt alkatr\u00e9szeket.<\/li>\n<\/ul>\n<h2>Term\u00e9ktelep\u00edt\u00e9si \u00fatmutat\u00f3<\/h2>\n<p>A karhenger megfelel\u0151 beszerel\u00e9se kulcsfontoss\u00e1g\u00fa a teljes\u00edtm\u00e9nye \u00e9s hossz\u00fa \u00e9lettartama szempontj\u00e1b\u00f3l. A sikeres beszerel\u00e9shez k\u00f6vesse az al\u00e1bbi l\u00e9p\u00e9seket:<\/p>\n<ol>\n<li>Gy\u0151z\u0151dj\u00f6n meg arr\u00f3l, hogy a g\u00e9p teljesen le van \u00e1ll\u00edtva \u00e9s biztons\u00e1gosan le van \u00e1ll\u00edtva.<\/li>\n<li>Sz\u00fcks\u00e9g eset\u00e9n t\u00e1vol\u00edtsa el a megl\u00e9v\u0151 karhengert.<\/li>\n<li>\u00d3vatosan igaz\u00edtsa az \u00faj karhengert a r\u00f6gz\u00edt\u00e9si pontokhoz.<\/li>\n<li>R\u00f6gz\u00edtse biztons\u00e1gosan a hengert a megfelel\u0151 csavarokkal \u00e9s szerelv\u00e9nyekkel.<\/li>\n<li>Csatlakoztassa a hidraulikavezet\u00e9keket a g\u00e9p hidraulikarendszer\u00e9nek megfelel\u0151en.<\/li>\n<li>A m\u0171k\u00f6d\u00e9s folytat\u00e1sa el\u0151tt v\u00e9gezzen alapos ellen\u0151rz\u00e9st \u00e9s tesztelje a henger m\u0171k\u00f6d\u00e9s\u00e9t.<\/li>\n<\/ol>\n<p><img decoding=\"async\" src=\"https:\/\/www.hydraulic-cylinders.net\/wp-content\/uploads\/2025\/01\/songte-bushings-with-all-kinds-of-excavator-models.webp\" alt=\"Perselyek k\u00e9pe\"><\/p>\n<h2>Biztons\u00e1gi szempontok \u00e9s k\u00f6rnyezeti t\u00e9nyez\u0151k<\/h2>\n<p>A karhenger haszn\u00e1latakor a biztons\u00e1gi \u00f3vint\u00e9zked\u00e9sek rendk\u00edv\u00fcl fontosak a balesetek megel\u0151z\u00e9se \u00e9s a kezel\u0151k j\u00f3l\u00e9t\u00e9nek biztos\u00edt\u00e1sa \u00e9rdek\u00e9ben. A g\u00e9p kezel\u00e9sekor be kell tartani az aj\u00e1nlott biztons\u00e1gi ir\u00e1nyelveket, \u00e9s v\u00e9d\u0151felszerel\u00e9st kell viselni.<\/p>\n<h2>Hibaelh\u00e1r\u00edt\u00e1s \u00e9s gyakori probl\u00e9m\u00e1k<\/h2>\n<p>A karhenger nagyfok\u00fa tart\u00f3ss\u00e1ga \u00e9s megb\u00edzhat\u00f3s\u00e1ga ellen\u00e9re id\u0151nk\u00e9nt probl\u00e9m\u00e1k mer\u00fclhetnek fel. \u00cdme n\u00e9h\u00e1ny gyakori hibaelh\u00e1r\u00edt\u00e1si tipp \u00e9s megold\u00e1s:<\/p>\n<ul>\n<li><strong>1. sz\u00e1m:<\/strong> A henger nem h\u00faz\u00f3dik ki vagy be megfelel\u0151en.<br \/>\n    <br \/><strong>Megold\u00e1s:<\/strong> Ellen\u0151rizze a hidraulikafolyad\u00e9k sziv\u00e1rg\u00e1s\u00e1t, \u00e9s vizsg\u00e1lja meg a dugatty\u00fat\u00f6m\u00edt\u00e9sek \u00e9ps\u00e9g\u00e9t. Cser\u00e9lje ki a hib\u00e1s t\u00f6m\u00edt\u00e9seket, vagy jav\u00edtsa meg a sziv\u00e1rg\u00e1sokat.<\/li>\n<li><strong>2. sz\u00e1m:<\/strong> T\u00falzott zaj m\u0171k\u00f6d\u00e9s k\u00f6zben.<br \/>\n    <br \/><strong>Megold\u00e1s:<\/strong> Ellen\u0151rizze a laza vagy s\u00e9r\u00fclt alkatr\u00e9szeket, \u00e9s h\u00fazza meg vagy cser\u00e9lje ki azokat ennek megfelel\u0151en. Vizsg\u00e1lja meg a r\u00f6gz\u00edt\u00e9si pontokat az esetleges szab\u00e1lytalans\u00e1gok szempontj\u00e1b\u00f3l.<\/li>\n<li><strong>3. sz\u00e1m:<\/strong> A henger mozg\u00e1sa nem sima.<br \/>\n    <br \/><strong>Megold\u00e1s:<\/strong> Ellen\u0151rizze, hogy nincs-e t\u00f6rmel\u00e9k vagy szennyez\u0151d\u00e9s a henger belsej\u00e9ben. Tiszt\u00edtsa meg a hengert, \u00e9s cser\u00e9lje ki az elkopott vagy s\u00e9r\u00fclt alkatr\u00e9szeket.<\/li>\n<\/ul>\n<p>Ezen hibaelh\u00e1r\u00edt\u00e1si tippek k\u00f6vet\u00e9s\u00e9vel az olvas\u00f3k hat\u00e9konyan diagnosztiz\u00e1lhatj\u00e1k \u00e9s megoldhatj\u00e1k a karhengerrel kapcsolatos probl\u00e9m\u00e1kat, valamint megel\u0151z\u0151 int\u00e9zked\u00e9seket tehetnek a potenci\u00e1lis probl\u00e9m\u00e1k minimaliz\u00e1l\u00e1sa \u00e9rdek\u00e9ben.<\/p>\n<p><img decoding=\"async\" src=\"https:\/\/www.hydraulic-cylinders.net\/wp-content\/uploads\/2025\/01\/songte-chushion-collar.webp\" alt=\"Chushion gall\u00e9r k\u00e9p\"><\/p>\n<p>Fontos a cikk logikus fel\u00e9p\u00edt\u00e9se, alc\u00edmek haszn\u00e1lata a k\u00f6nny\u0171 navig\u00e1ci\u00f3 \u00e9rdek\u00e9ben, relev\u00e1ns k\u00e9pek vagy diagramok be\u00e9p\u00edt\u00e9se a jobb meg\u00e9rt\u00e9s \u00e9rdek\u00e9ben, valamint annak biztos\u00edt\u00e1sa, hogy a tartalom vil\u00e1gos, t\u00f6m\u00f6r \u00e9s k\u00fcl\u00f6nb\u00f6z\u0151 szint\u0171 technikai tud\u00e1ssal rendelkez\u0151 olvas\u00f3k sz\u00e1m\u00e1ra is megfelel\u0151 legyen.<\/p>\n<h2>R\u00f3lunk<\/h2>\n<p>Professzion\u00e1lis hidraulikus hengergy\u00e1rt\u00f3k vagyunk, sz\u00e9les term\u00e9kv\u00e1laszt\u00e9kot k\u00edn\u00e1lva. A hazai \u00e9s nemzetk\u00f6zi piacok egyik vezet\u0151 hidraulikus hengergy\u00e1rt\u00f3j\u00e1v\u00e1 \u00e9s nagykereskedelmi forgalmaz\u00f3j\u00e1v\u00e1 v\u00e1ltunk. A kiv\u00e1l\u00f3s\u00e1g elv\u00e9t k\u00f6vetj\u00fck, \u00e9s folyamatosan fejlesztj\u00fck m\u0171szaki szak\u00e9rtelm\u00fcnket.<\/p>","protected":false},"excerpt":{"rendered":"<p>Arm Cylinder For Sany Middle Excavator SY205C-9 Introduction The Arm Cylinder for Sany Middle Excavator SY205C-9 is a hydraulic cylinder specifically designed to provide linear motion and power to the arm of various types of machinery, such as excavators, cranes, and mechanical arms. The arm cylinder plays a crucial role in hydraulic systems, enabling the [&hellip;]<\/p>","protected":false},"featured_media":14777,"comment_status":"open","ping_status":"closed","template":"","meta":{"_et_pb_use_builder":"","_et_pb_old_content":"","_et_gb_content_width":""},"product_brand":[],"product_cat":[1497],"product_tag":[1498,1496],"class_list":{"0":"post-16368","1":"product","2":"type-product","3":"status-publish","4":"has-post-thumbnail","6":"product_cat-arm-cylinders","7":"product_tag-arm-cylinders","8":"product_tag-hydraulic-cylinders","10":"first","11":"instock","12":"shipping-taxable","13":"product-type-simple"},"amp_enabled":true,"_links":{"self":[{"href":"https:\/\/www.hydraulic-cylinders.net\/hu\/wp-json\/wp\/v2\/product\/16368","targetHints":{"allow":["GET"]}}],"collection":[{"href":"https:\/\/www.hydraulic-cylinders.net\/hu\/wp-json\/wp\/v2\/product"}],"about":[{"href":"https:\/\/www.hydraulic-cylinders.net\/hu\/wp-json\/wp\/v2\/types\/product"}],"replies":[{"embeddable":true,"href":"https:\/\/www.hydraulic-cylinders.net\/hu\/wp-json\/wp\/v2\/comments?post=16368"}],"wp:featuredmedia":[{"embeddable":true,"href":"https:\/\/www.hydraulic-cylinders.net\/hu\/wp-json\/wp\/v2\/media\/14777"}],"wp:attachment":[{"href":"https:\/\/www.hydraulic-cylinders.net\/hu\/wp-json\/wp\/v2\/media?parent=16368"}],"wp:term":[{"taxonomy":"product_brand","embeddable":true,"href":"https:\/\/www.hydraulic-cylinders.net\/hu\/wp-json\/wp\/v2\/product_brand?post=16368"},{"taxonomy":"product_cat","embeddable":true,"href":"https:\/\/www.hydraulic-cylinders.net\/hu\/wp-json\/wp\/v2\/product_cat?post=16368"},{"taxonomy":"product_tag","embeddable":true,"href":"https:\/\/www.hydraulic-cylinders.net\/hu\/wp-json\/wp\/v2\/product_tag?post=16368"}],"curies":[{"name":"munkaf\u00fczet","href":"https:\/\/api.w.org\/{rel}","templated":true}]}}