{"id":16370,"date":"2025-01-20T09:09:49","date_gmt":"2025-01-20T09:09:49","guid":{"rendered":"https:\/\/www.hydraulic-cylinders.net\/product\/arm-cylinderfor-sany-middle-excavator-sy230c\/"},"modified":"2025-01-20T09:09:57","modified_gmt":"2025-01-20T09:09:57","slug":"arm-cylinderfor-sany-middle-excavator-sy230c","status":"publish","type":"product","link":"https:\/\/www.hydraulic-cylinders.net\/hu\/termek\/arm-cylinderfor-sany-middle-excavator-sy230c\/","title":{"rendered":"Karhenger Sany k\u00f6z\u00e9ps\u0151 kotr\u00f3g\u00e9phez SY230C"},"content":{"rendered":"<p>Karhenger Sany k\u00f6z\u00e9ps\u0151 kotr\u00f3g\u00e9phez SY230C<\/p>\n<p>A Sany SY230C k\u00f6z\u00e9pkotr\u00f3g\u00e9p karhengere egy olyan hidraulikus henger, amelyet kifejezetten arra terveztek, hogy line\u00e1ris mozg\u00e1st \u00e9s er\u0151t biztos\u00edtson k\u00fcl\u00f6nf\u00e9le g\u00e9pek, p\u00e9ld\u00e1ul kotr\u00f3g\u00e9pek, daruk \u00e9s mechanikus karok karjaihoz. Kulcsfontoss\u00e1g\u00fa szerepet j\u00e1tszik a hidraulikus rendszerben, lehet\u0151v\u00e9 t\u00e9ve a tov\u00e1bbi szersz\u00e1mok vagy tartoz\u00e9kok mozg\u00e1s\u00e1t \u00e9s hat\u00e9kony vez\u00e9rl\u00e9s\u00e9t. Ezek a hengerek nemcsak sima mozg\u00e1st biztos\u00edtanak, hanem nagy terhel\u00e9seket is elviselnek, biztos\u00edtva a g\u00e9p hat\u00e9kony m\u0171k\u00f6d\u00e9s\u00e9t \u00e9s megb\u00edzhat\u00f3s\u00e1g\u00e1t k\u00fcl\u00f6nb\u00f6z\u0151 \u00fczemi k\u00f6r\u00fclm\u00e9nyek k\u00f6z\u00f6tt.<\/p>\n<p><img decoding=\"async\" src=\"https:\/\/www.hydraulic-cylinders.net\/wp-content\/uploads\/2025\/01\/songte-company-2.webp\"><\/p>\n<p>Jellemz\u0151k:<\/p>\n<p>\u2013 Nagy hat\u00e9konys\u00e1g\u00fa er\u0151\u00e1tvitel: A karhenger er\u0151teljes line\u00e1ris mozg\u00e1st \u00e9s er\u0151t biztos\u00edt, biztos\u00edtva a mechanikus kar nagy hat\u00e9konys\u00e1g\u00fa teljes\u00edtm\u00e9ny\u00e9t k\u00fcl\u00f6nb\u00f6z\u0151 m\u0171veletek sor\u00e1n.<br \/>\n\u2013 Prec\u00edz vez\u00e9rl\u00e9s: A hidraulikus rendszeren kereszt\u00fcl a karhenger prec\u00edz mozg\u00e1svez\u00e9rl\u00e9st tesz lehet\u0151v\u00e9, \u00edgy a tov\u00e1bbi szersz\u00e1mok m\u0171k\u00f6dtet\u00e9se rugalmasabb \u00e9s pontosabb.<br \/>\n\u2013 Tart\u00f3ss\u00e1g: A karos henger jellemz\u0151en nagy szil\u00e1rds\u00e1g\u00fa anyagokb\u00f3l k\u00e9sz\u00fcl, amelyek kiv\u00e1l\u00f3 kop\u00e1s\u00e1ll\u00f3s\u00e1ggal \u00e9s korr\u00f3zi\u00f3\u00e1ll\u00f3s\u00e1ggal rendelkeznek, \u00edgy alkalmasak a hossz\u00fa t\u00e1v\u00fa haszn\u00e1latra zord k\u00f6rnyezetben.<br \/>\n\u2013 T\u00f6bbfunkci\u00f3s: Ezek a munkahengerek sz\u00e9les k\u00f6rben alkalmazhat\u00f3k k\u00fcl\u00f6nf\u00e9le mechanikus berendez\u00e9sekben, p\u00e9ld\u00e1ul kotr\u00f3g\u00e9pekben, darukban \u00e9s mechanikus karokban, hogy megfeleljenek a k\u00fcl\u00f6nb\u00f6z\u0151 munkak\u00f6vetelm\u00e9nyeknek.<br \/>\n\u2013 K\u00f6nny\u0171 karbantart\u00e1s: A tervez\u00e9s sor\u00e1n figyelembe vett\u00e9k az egyszer\u0171 karbantart\u00e1st \u00e9s cser\u00e9t, \u00edgy a rendszeres ellen\u0151rz\u00e9s \u00e9s karbantart\u00e1s k\u00e9nyelmesebb, \u00e9s cs\u00f6kken a berendez\u00e9sek \u00e1ll\u00e1sideje.<\/p>\n<p>Ezt a term\u00e9ket el\u0151 tudjuk \u00e1ll\u00edtani, \u00e9s term\u00e9keink t\u00f6k\u00e9letesen helyettes\u00edthetik ezeket a hidraulikus hengereket.<\/p>\n<p><img decoding=\"async\" src=\"https:\/\/www.hydraulic-cylinders.net\/wp-content\/uploads\/2025\/01\/songte-oil-pipes-and-spare-parts.webp\"><\/p>\n<p>Alkalmaz\u00e1sok:<\/p>\n<p>\u2013 \u00c9p\u00edt\u0151ipar: Kotr\u00f3g\u00e9pekn\u00e9l \u00e9s darukn\u00e1l a karhenger a kan\u00e1l vagy a g\u00e9m mozg\u00e1s\u00e1nak vez\u00e9rl\u00e9s\u00e9re szolg\u00e1l f\u00f6ldmunk\u00e1kn\u00e1l, anyagmozgat\u00e1sn\u00e1l \u00e9s szerkezeti telep\u00edt\u00e9sekn\u00e9l.<br \/>\n\u2013 Gy\u00e1rt\u00f3ipar: Az automatiz\u00e1lt gy\u00e1rt\u00f3sorokon a karhengert mechanikus karok mozgat\u00e1s\u00e1ra, \u00f6sszeszerel\u00e9si, hegeszt\u00e9si \u00e9s anyagmozgat\u00e1si folyamatokhoz haszn\u00e1lj\u00e1k, jav\u00edtva a termel\u00e9si hat\u00e9konys\u00e1got \u00e9s a pontoss\u00e1got.<br \/>\n\u2013 Mez\u0151gazdas\u00e1gi g\u00e9pek: A mez\u0151gazdas\u00e1gi g\u00e9pekben, p\u00e9ld\u00e1ul a betakar\u00edt\u00f3g\u00e9pekben \u00e9s a vet\u0151g\u00e9pekben a karhenger vez\u00e9rli a m\u0171k\u00f6dtet\u0151 kar mozg\u00e1s\u00e1t, olyan feladatokat l\u00e1tva el, mint a vet\u00e9s, a tr\u00e1gy\u00e1z\u00e1s \u00e9s a betakar\u00edt\u00e1s.<br \/>\n\u2013 B\u00e1ny\u00e1szat: B\u00e1ny\u00e1szati \u200b\u200bberendez\u00e9sekben a karhenger a b\u00e1ny\u00e1szati \u200b\u200bberendez\u00e9sek karj\u00e1nak mozg\u00e1s\u00e1nak vez\u00e9rl\u00e9s\u00e9re szolg\u00e1l, b\u00e1ny\u00e1szathoz \u00e9s \u00e1sv\u00e1nyok kezel\u00e9s\u00e9hez.<br \/>\n\u2013 Logisztika \u00e9s sz\u00e1ll\u00edt\u00e1s: Targonc\u00e1kban \u00e9s anyagmozgat\u00f3 robotokban a karhenger a villa emel\u00e9s\u00e9nek \u00e9s mozg\u00e1s\u00e1nak vez\u00e9rl\u00e9s\u00e9re, az anyagok kezel\u00e9s\u00e9re \u00e9s egym\u00e1sra rak\u00e1s\u00e1ra szolg\u00e1l.<\/p>\n<p>Tervez\u00e9si szempontok \u00e9s kiv\u00e1laszt\u00e1si krit\u00e9riumok:<\/p>\n<p>\u2013 Teherb\u00edr\u00e1s: A karhengernek k\u00e9pesnek kell lennie arra, hogy ellen\u00e1lljon a g\u00e9p maxim\u00e1lis terhel\u00e9s\u00e9nek, biztos\u00edtva a biztons\u00e1gos \u00e9s megb\u00edzhat\u00f3 m\u0171k\u00f6d\u00e9st.<br \/>\n\u2013 T\u00f6m\u00edt\u00e9si teljes\u00edtm\u00e9ny: A hengert k\u00fcl\u00f6nf\u00e9le t\u00f6m\u00edt\u00e9sekkel kell ell\u00e1tni, p\u00e9ld\u00e1ul dugatty\u00fat\u00f6m\u00edt\u0151 gy\u0171r\u0171kkel \u00e9s r\u00fadt\u00f6m\u00edt\u0151 gy\u0171r\u0171kkel, amelyek kop\u00e1s\u00e1ll\u00f3 anyagokb\u00f3l, p\u00e9ld\u00e1ul poliuret\u00e1nb\u00f3l \u00e9s nitrilgumib\u00f3l k\u00e9sz\u00fclnek, a kiv\u00e1l\u00f3 t\u00f6m\u00edt\u00e9si teljes\u00edtm\u00e9ny el\u00e9r\u00e9se \u00e9rdek\u00e9ben.<br \/>\n\u2013 Tart\u00f3ss\u00e1g: A henger test\u00e9t \u00e9s menetes v\u00e9gfel\u00fclet\u00e9t finoman megmunk\u00e1lni kell a kop\u00e1s\u00e1ll\u00f3s\u00e1g jav\u00edt\u00e1sa \u00e9s az \u00e9lettartam meghosszabb\u00edt\u00e1sa \u00e9rdek\u00e9ben.<br \/>\n\u2013 Biztons\u00e1g: A palackot megb\u00edzhat\u00f3 biztons\u00e1gi berendez\u00e9sekkel, p\u00e9ld\u00e1ul biztons\u00e1gi szelepekkel \u00e9s v\u00e9g\u00e1ll\u00e1skapcsol\u00f3kkal kell felszerelni a t\u00falterhel\u00e9s vagy egy\u00e9b hib\u00e1k okozta balesetek megel\u0151z\u00e9se \u00e9rdek\u00e9ben.<br \/>\n\u2013 K\u00f6nny\u0171 karbantart\u00e1s: A palackot \u00fagy kell megtervezni, hogy k\u00f6nnyen karbantarthat\u00f3 \u00e9s cser\u00e9lhet\u0151 legyen, hogy megk\u00f6nny\u00edtse a rendszeres ellen\u0151rz\u00e9st \u00e9s karbantart\u00e1st, valamint cs\u00f6kkentse a berendez\u00e9s \u00e1ll\u00e1sidej\u00e9t.<\/p>\n<p><img decoding=\"async\" src=\"https:\/\/www.hydraulic-cylinders.net\/wp-content\/uploads\/2025\/01\/songte-cylinder-head-with-all-kinds-excavator-models.webp\"><\/p>\n<p>T\u00f6m\u00edt\u00e9s \u00e9s ken\u00e9s:<\/p>\n<p>A karhengernek k\u00fcl\u00f6nf\u00e9le t\u00f6m\u00edt\u0151elemeket kell haszn\u00e1lnia, p\u00e9ld\u00e1ul dugatty\u00fat\u00f6m\u00edt\u00e9seket \u00e9s r\u00fadt\u00f6m\u00edt\u00e9seket, amelyek kop\u00e1s\u00e1ll\u00f3 anyagokb\u00f3l, p\u00e9ld\u00e1ul poliuret\u00e1nb\u00f3l \u00e9s nitrilgumib\u00f3l k\u00e9sz\u00fclnek, a kiv\u00e1l\u00f3 t\u00f6m\u00edt\u00e9si teljes\u00edtm\u00e9ny biztos\u00edt\u00e1sa \u00e9rdek\u00e9ben. A hengertestet \u00e9s a menetes v\u00e9gfel\u00fcletet finoman megmunk\u00e1lni kell a kop\u00e1s\u00e1ll\u00f3s\u00e1g jav\u00edt\u00e1sa \u00e9rdek\u00e9ben. A megfelel\u0151 mennyis\u00e9g\u0171 hidraulikaolaj rendszeres felt\u00f6lt\u00e9se biztos\u00edtja a henger ken\u00e9s\u00e9t \u00e9s jav\u00edtja a t\u00f6m\u00edt\u0151 alkatr\u00e9szek \u00e9lettartam\u00e1t.<\/p>\n<p>Rendszeres ellen\u0151rz\u00e9s \u00e9s megel\u0151z\u0151 karbantart\u00e1si int\u00e9zked\u00e9sek:<\/p>\n<p>\u2013 Rendszeresen ellen\u0151rizze a henger m\u0171k\u00f6d\u00e9s\u00e9t, hogy megbizonyosodjon a megfelel\u0151 m\u0171k\u00f6d\u00e9sr\u0151l, \u00e9s id\u0151ben felismerje a lehets\u00e9ges probl\u00e9m\u00e1kat.<br \/>\n\u2013 Rendszeresen ellen\u0151rizze a henger t\u00f6m\u00edt\u00e9seit \u00e9s ken\u0151rendszer\u00e9t, hogy megbizonyosodjon azok megfelel\u0151 m\u0171k\u00f6d\u00e9s\u00e9r\u0151l, \u00e9s halad\u00e9ktalanul cser\u00e9lje ki az elkopott alkatr\u00e9szeket.<br \/>\n\u2013 Rendszeresen tiszt\u00edtsa \u00e9s tartsa karban a henger fel\u00fclet\u00e9t, hogy megakad\u00e1lyozza a rozsda, por \u00e9s egy\u00e9b szennyez\u0151d\u00e9sek okozta k\u00e1rosod\u00e1st.<br \/>\n\u2013 K\u00e9sz\u00edtsen megel\u0151z\u0151 karbantart\u00e1si tervet annak biztos\u00edt\u00e1s\u00e1ra, hogy a karbantart\u00e1si munk\u00e1latokat rendszeresen \u00e9s id\u0151ben elv\u00e9gezz\u00e9k, \u00e9s hogy a lehets\u00e9ges probl\u00e9m\u00e1kat m\u00e9g azok bek\u00f6vetkez\u00e9se el\u0151tt megel\u0151zz\u00e9k.<\/p>\n<p>Helyes telep\u00edt\u00e9si \u00fatmutat\u00f3:<\/p>\n<p>\u2013 Telep\u00edt\u00e9s el\u0151tt gy\u0151z\u0151dj\u00f6n meg arr\u00f3l, hogy a telep\u00edt\u00e9si hely v\u00edzszintes, \u00e9s a henger megfelel\u0151en meg van tiszt\u00edtva \u00e9s meg van kenve.<br \/>\n\u2013 Gy\u0151z\u0151dj\u00f6n meg arr\u00f3l, hogy a henger megfelel\u0151en illeszkedik a berendez\u00e9shez, \u00e9s minden alkatr\u00e9sz a megadott nyomat\u00e9kkal meg van h\u00fazva.<br \/>\n\u2013 A beszerel\u00e9s ut\u00e1n ellen\u0151rizze a henger m\u0171k\u00f6d\u00e9s\u00e9t, \u00e9s gy\u0151z\u0151dj\u00f6n meg arr\u00f3l, hogy megfelel\u0151en m\u0171k\u00f6dik.<\/p>\n<p><img decoding=\"async\" src=\"https:\/\/www.hydraulic-cylinders.net\/wp-content\/uploads\/2025\/01\/songte-bushings-with-all-kinds-of-excavator-models.webp\"><\/p>\n<p>Biztons\u00e1gi szempontok \u00e9s k\u00f6rnyezeti t\u00e9nyez\u0151k:<\/p>\n<p>Fontos figyelembe venni a biztons\u00e1gi int\u00e9zked\u00e9seket a karos munkahenger haszn\u00e1latakor, p\u00e9ld\u00e1ul a henger megfelel\u0151 telep\u00edt\u00e9s\u00e9t \u00e9s karbantart\u00e1s\u00e1t, valamint megb\u00edzhat\u00f3 biztons\u00e1gi eszk\u00f6z\u00f6k, p\u00e9ld\u00e1ul biztons\u00e1gi szelepek \u00e9s v\u00e9g\u00e1ll\u00e1skapcsol\u00f3k haszn\u00e1lat\u00e1t. Fontos figyelembe venni a k\u00f6rnyezeti t\u00e9nyez\u0151ket is, p\u00e9ld\u00e1ul a haszn\u00e1lt hidraulikaolaj k\u00f6rnyezetbar\u00e1t jelleg\u00e9t, valamint a hullad\u00e9kolaj vagy egy\u00e9b szennyez\u0151 anyagok megfelel\u0151 \u00e1rtalmatlan\u00edt\u00e1s\u00e1t.<\/p>\n<p>Gyakori hib\u00e1k diagnosztiz\u00e1l\u00e1sa \u00e9s hibaelh\u00e1r\u00edt\u00e1sa:<\/p>\n<p>\u2013 El\u00e9gtelen tol\u00f3er\u0151 vagy sebess\u00e9g: A nem megfelel\u0151 hidraulikaolaj-szint vagy a cs\u0151vezet\u00e9kben l\u00e9v\u0151 nagy ellen\u00e1ll\u00e1s el\u00e9gtelen tol\u00f3er\u0151t vagy sebess\u00e9get okozhat. Ellen\u0151rizze a hidraulikaolaj szintj\u00e9t \u00e9s a cs\u0151vezet\u00e9ket, hogy nincs-e rajta dugul\u00e1s.<br \/>\n\u2013 Sziv\u00e1rg\u00e1s: A sziv\u00e1rg\u00e1st elkopott t\u00f6m\u00edt\u00e9sek vagy s\u00e9r\u00fclt alkatr\u00e9szek okozhatj\u00e1k. Ellen\u0151rizze a t\u00f6m\u00edt\u00e9seket, \u00e9s cser\u00e9lje ki az elkopott alkatr\u00e9szeket.<br \/>\n\u2013 Zaj: A t\u00falzott zajt kopott vagy s\u00e9r\u00fclt alkatr\u00e9szek okozhatj\u00e1k. Ellen\u0151rizze a hengert, \u00e9s cser\u00e9lje ki az elkopott alkatr\u00e9szeket.<\/p>\n<p>Hibakezel\u00e9si tippek \u00e9s megold\u00e1sok:<\/p>\n<p>\u2013 Rendszeresen karbantartsa a hidraulikus rendszert, \u00e9s id\u0151ben cser\u00e9lje ki az elkopott vagy s\u00e9r\u00fclt alkatr\u00e9szeket a hib\u00e1k megel\u0151z\u00e9se \u00e9rdek\u00e9ben.<br \/>\n\u2013 Hiba eset\u00e9n azonnal hagyja abba a palack haszn\u00e1lat\u00e1t, \u00e9s forduljon szakemberhez a diagn\u00f3zis \u00e9s a jav\u00edt\u00e1s \u00e9rdek\u00e9ben.<br \/>\n\u2013 K\u00e9sz\u00edtsen megel\u0151z\u0151 karbantart\u00e1si tervet annak biztos\u00edt\u00e1s\u00e1ra, hogy a karbantart\u00e1si munk\u00e1latokat rendszeresen \u00e9s id\u0151ben elv\u00e9gezz\u00e9k, \u00e9s hogy a lehets\u00e9ges probl\u00e9m\u00e1kat m\u00e9g azok bek\u00f6vetkez\u00e9se el\u0151tt megel\u0151zz\u00e9k.<\/p>\n<p><img decoding=\"async\" src=\"https:\/\/www.hydraulic-cylinders.net\/wp-content\/uploads\/2025\/01\/songte-chushion-collar.webp\"><\/p>\n<p>C\u00e9g\u00fcnkn\u00e9l professzion\u00e1lis p\u00f3talkatr\u00e9sz-hidraulikus hengerek gy\u00e1rt\u00f3ja vagyunk. Term\u00e9keink sokr\u00e9t\u0171ek, \u00e9s m\u00e1ra a hazai \u00e9s a nemzetk\u00f6zi piacok egyik vezet\u0151 hidraulikus hengergy\u00e1rt\u00f3j\u00e1v\u00e1 \u00e9s nagykereskedelmi forgalmaz\u00f3j\u00e1v\u00e1 v\u00e1ltunk. Mindig a kiv\u00e1l\u00f3 min\u0151s\u00e9g elv\u00e9t k\u00f6vetj\u00fck, \u00e9s kifinomult gy\u00e1rt\u00f3m\u0171hely\u00fcnk iparos\u00edtott termel\u00e9sir\u00e1ny\u00edt\u00e1si strat\u00e9gi\u00e1j\u00e1ra t\u00e1maszkodunk, hogy folyamatosan fejlessz\u00fck technikai sz\u00ednvonalunkat \u00e9s termel\u00e9si hat\u00e9konys\u00e1gunkat. Korszer\u0171 digit\u00e1lis gy\u00e1rt\u00f3berendez\u00e9sek \u00e9s professzion\u00e1lis tesztel\u0151rendszerek bevezet\u00e9s\u00e9vel folyamatosan optimaliz\u00e1ljuk gy\u00e1rt\u00e1si platformunkat, fejlesztj\u00fck term\u00e9kmin\u0151s\u00e9g-ellen\u0151rz\u00e9si folyamatunkat, \u00e9s er\u0151s innov\u00e1ci\u00f3s k\u00e9pess\u00e9gekkel rendelkez\u00fcnk. C\u00e9lunk, hogy nagy hat\u00e9konys\u00e1ggal, prec\u00edzi\u00f3val \u00e9s kiv\u00e1l\u00f3 min\u0151s\u00e9g\u0171 term\u00e9kekkel el\u00e9g\u00edts\u00fck ki \u00fcgyfeleink sokr\u00e9t\u0171 ig\u00e9nyeit.<\/p>\n<p>Professzion\u00e1lis testreszab\u00e1si szolg\u00e1ltat\u00e1sokat k\u00edn\u00e1lunk, term\u00e9keink pedig nemzetk\u00f6zi tan\u00fas\u00edtv\u00e1nyokon estek \u00e1t, biztos\u00edtva min\u0151s\u00e9g\u00fcket \u00e9s biztons\u00e1gukat. Gy\u00e1rt\u00f3berendez\u00e9seink is a legmagasabb min\u0151s\u00e9g\u0171ek, \u00e9rt\u00e9kes\u00edt\u00e9s ut\u00e1ni szolg\u00e1ltat\u00e1sunk pedig megb\u00edzhat\u00f3 \u00e9s gyors.<\/p>\n<p><img decoding=\"async\" src=\"https:\/\/www.hydraulic-cylinders.net\/wp-content\/uploads\/2025\/01\/songte-company-4.webp\"> <img decoding=\"async\" src=\"https:\/\/www.hydraulic-cylinders.net\/wp-content\/uploads\/2025\/01\/songte-company-3.webp\"><\/p>\n<p>Szerz\u0151: lyl.<\/p>","protected":false},"excerpt":{"rendered":"<p>Arm Cylinder For Sany Middle Excavator SY230C The Arm Cylinder for Sany Middle Excavator SY230C is a type of hydraulic cylinder specifically designed to provide linear motion and power to the arms of various types of machinery, such as excavators, cranes, and mechanical arms. It plays a crucial role in the hydraulic system, making it [&hellip;]<\/p>","protected":false},"featured_media":14772,"comment_status":"open","ping_status":"closed","template":"","meta":{"_et_pb_use_builder":"","_et_pb_old_content":"","_et_gb_content_width":""},"product_brand":[],"product_cat":[1497],"product_tag":[1498,1496],"class_list":{"0":"post-16370","1":"product","2":"type-product","3":"status-publish","4":"has-post-thumbnail","6":"product_cat-arm-cylinders","7":"product_tag-arm-cylinders","8":"product_tag-hydraulic-cylinders","10":"first","11":"instock","12":"shipping-taxable","13":"product-type-simple"},"amp_enabled":true,"_links":{"self":[{"href":"https:\/\/www.hydraulic-cylinders.net\/hu\/wp-json\/wp\/v2\/product\/16370","targetHints":{"allow":["GET"]}}],"collection":[{"href":"https:\/\/www.hydraulic-cylinders.net\/hu\/wp-json\/wp\/v2\/product"}],"about":[{"href":"https:\/\/www.hydraulic-cylinders.net\/hu\/wp-json\/wp\/v2\/types\/product"}],"replies":[{"embeddable":true,"href":"https:\/\/www.hydraulic-cylinders.net\/hu\/wp-json\/wp\/v2\/comments?post=16370"}],"wp:featuredmedia":[{"embeddable":true,"href":"https:\/\/www.hydraulic-cylinders.net\/hu\/wp-json\/wp\/v2\/media\/14772"}],"wp:attachment":[{"href":"https:\/\/www.hydraulic-cylinders.net\/hu\/wp-json\/wp\/v2\/media?parent=16370"}],"wp:term":[{"taxonomy":"product_brand","embeddable":true,"href":"https:\/\/www.hydraulic-cylinders.net\/hu\/wp-json\/wp\/v2\/product_brand?post=16370"},{"taxonomy":"product_cat","embeddable":true,"href":"https:\/\/www.hydraulic-cylinders.net\/hu\/wp-json\/wp\/v2\/product_cat?post=16370"},{"taxonomy":"product_tag","embeddable":true,"href":"https:\/\/www.hydraulic-cylinders.net\/hu\/wp-json\/wp\/v2\/product_tag?post=16370"}],"curies":[{"name":"munkaf\u00fczet","href":"https:\/\/api.w.org\/{rel}","templated":true}]}}