{"id":16375,"date":"2025-01-20T09:10:17","date_gmt":"2025-01-20T09:10:17","guid":{"rendered":"https:\/\/www.hydraulic-cylinders.net\/product\/arm-cylinderfor-sany-large-excavator-sy360-8\/"},"modified":"2025-01-20T09:10:24","modified_gmt":"2025-01-20T09:10:24","slug":"arm-cylinderfor-sany-large-excavator-sy360-8","status":"publish","type":"product","link":"https:\/\/www.hydraulic-cylinders.net\/hu\/termek\/arm-cylinderfor-sany-large-excavator-sy360-8\/","title":{"rendered":"Karhenger Sany nagym\u00e9ret\u0171 kotr\u00f3g\u00e9phez SY360-8"},"content":{"rendered":"<h1>Karhenger Sany nagym\u00e9ret\u0171 kotr\u00f3g\u00e9phez SY360-8<\/h1>\n<h2>Bevezet\u00e9s<\/h2>\n<p>A karhenger egy speci\u00e1lisan tervezett hidraulikus henger, amelyet els\u0151sorban k\u00fcl\u00f6nf\u00e9le g\u00e9pek, p\u00e9ld\u00e1ul kotr\u00f3g\u00e9pek, daruk \u00e9s robotkarok karj\u00e1nak line\u00e1ris mozg\u00e1s\u00e1nak \u00e9s erej\u00e9nek biztos\u00edt\u00e1s\u00e1ra haszn\u00e1lnak. Kulcsfontoss\u00e1g\u00fa szerepet j\u00e1tszik a hidraulikus rendszerekben, lehet\u0151v\u00e9 t\u00e9ve a tov\u00e1bbi szersz\u00e1mok vagy tartoz\u00e9kok hat\u00e9kony mozg\u00e1s\u00e1t \u00e9s vez\u00e9rl\u00e9s\u00e9t. Ezek a hengerek nemcsak a sima mozg\u00e1st teszik lehet\u0151v\u00e9, hanem a nagy terhel\u00e9seket is elviselik, biztos\u00edtva a g\u00e9p hat\u00e9kony m\u0171k\u00f6d\u00e9s\u00e9t \u00e9s megb\u00edzhat\u00f3s\u00e1g\u00e1t k\u00fcl\u00f6nb\u00f6z\u0151 munkak\u00f6r\u00fclm\u00e9nyek k\u00f6z\u00f6tt.<\/p>\n<p><img decoding=\"async\" src=\"https:\/\/www.hydraulic-cylinders.net\/wp-content\/uploads\/2025\/01\/songte-company-2.webp\" alt=\"Karhenger k\u00e9pe\"><\/p>\n<h2>Jellemz\u0151k<\/h2>\n<ul>\n<li><strong>Nagy teljes\u00edtm\u00e9ny\u0171 \u00e1tvitel:<\/strong> A karhenger er\u0151teljes line\u00e1ris mozg\u00e1st \u00e9s er\u0151t biztos\u00edt, biztos\u00edtva a g\u00e9pkar nagy teljes\u00edtm\u00e9ny\u00e9t k\u00fcl\u00f6nf\u00e9le m\u0171veletek sor\u00e1n.<\/li>\n<li><strong>Prec\u00edz vez\u00e9rl\u00e9s:<\/strong> A hidraulikus rendszeren kereszt\u00fcl a karhenger prec\u00edz mozg\u00e1svez\u00e9rl\u00e9st tesz lehet\u0151v\u00e9, \u00edgy a csatlakoztatott eszk\u00f6z\u00f6k m\u0171k\u00f6dtet\u00e9se rugalmasabb \u00e9s pontosabb.<\/li>\n<li><strong>Tart\u00f3ss\u00e1g:<\/strong> A karos munkahengerek jellemz\u0151en nagy szil\u00e1rds\u00e1g\u00fa anyagokb\u00f3l k\u00e9sz\u00fclnek, kiv\u00e1l\u00f3 kop\u00e1s\u00e1ll\u00f3s\u00e1got \u00e9s korr\u00f3zi\u00f3\u00e1ll\u00f3s\u00e1got biztos\u00edtva, \u00edgy alkalmasak hossz\u00fa t\u00e1v\u00fa haszn\u00e1latra zord k\u00f6rnyezetben.<\/li>\n<li><strong>T\u00f6bbfunkci\u00f3s alkalmazkod\u00f3k\u00e9pess\u00e9g:<\/strong> Ezek a munkahengerek sz\u00e9les k\u00f6rben alkalmazhat\u00f3k k\u00fcl\u00f6nf\u00e9le g\u00e9pekhez, p\u00e9ld\u00e1ul kotr\u00f3g\u00e9pekhez, darukhoz \u00e9s robotkarokhoz, alkalmazkodva a k\u00fcl\u00f6nb\u00f6z\u0151 munkak\u00f6vetelm\u00e9nyekhez.<\/li>\n<li><strong>K\u00f6nny\u0171 karbantart\u00e1s:<\/strong> A karhenger kialak\u00edt\u00e1sa a k\u00f6nny\u0171 karbantart\u00e1st \u00e9s cser\u00e9t szem el\u0151tt tartva t\u00f6rt\u00e9nt, \u00edgy a rendszeres ellen\u0151rz\u00e9sek \u00e9s karbantart\u00e1s k\u00e9nyelmesebb, \u00e9s cs\u00f6kken a berendez\u00e9s \u00e1ll\u00e1sideje.<\/li>\n<\/ul>\n<p><img decoding=\"async\" src=\"https:\/\/www.hydraulic-cylinders.net\/wp-content\/uploads\/2025\/01\/songte-oil-pipes-and-spare-parts.webp\" alt=\"Term\u00e9kk\u00e9p\"><\/p>\n<h2>Alkalmaz\u00e1sok<\/h2>\n<p>A karos henger sz\u00e1mos ipar\u00e1gban alkalmazhat\u00f3:<\/p>\n<ul>\n<li><strong>\u00c9p\u00edt\u0151m\u00e9rn\u00f6ki:<\/strong> Kotr\u00f3g\u00e9pekn\u00e9l \u00e9s darukn\u00e1l a karhenger vez\u00e9rli a kan\u00e1l vagy a g\u00e9m mozg\u00e1s\u00e1t f\u00f6ldmunk\u00e1kn\u00e1l, anyagmozgat\u00e1sn\u00e1l \u00e9s szerkezeti telep\u00edt\u00e9sekn\u00e9l.<\/li>\n<li><strong>Gy\u00e1rt\u00e1s:<\/strong> Az automatiz\u00e1lt gy\u00e1rt\u00f3sorokon a karhengert robotkarok mozgat\u00e1s\u00e1ra haszn\u00e1lj\u00e1k, lehet\u0151v\u00e9 t\u00e9ve olyan folyamatokat, mint az \u00f6sszeszerel\u00e9s, a hegeszt\u00e9s \u00e9s az anyagmozgat\u00e1s, ez\u00e1ltal jav\u00edtva a termel\u00e9si hat\u00e9konys\u00e1got \u00e9s a pontoss\u00e1got.<\/li>\n<li><strong>Mez\u0151gazdas\u00e1gi g\u00e9pek:<\/strong> A mez\u0151gazdas\u00e1gi g\u00e9pekben, p\u00e9ld\u00e1ul a betakar\u00edt\u00f3g\u00e9pekben \u00e9s a vet\u0151g\u00e9pekben a karhenger vez\u00e9rli a m\u0171k\u00f6dtet\u0151 karok mozg\u00e1s\u00e1t, olyan feladatokat v\u00e9gezve, mint a vet\u00e9s, a m\u0171tr\u00e1gy\u00e1z\u00e1s \u00e9s a betakar\u00edt\u00e1s.<\/li>\n<li><strong>B\u00e1ny\u00e1szati:<\/strong> A b\u00e1ny\u00e1szati \u200b\u200bberendez\u00e9sekben a karhenger vez\u00e9rli a b\u00e1ny\u00e1szati \u200b\u200bg\u00e9pek karj\u00e1nak mozg\u00e1s\u00e1t az \u00e9rc kitermel\u00e9se \u00e9s sz\u00e1ll\u00edt\u00e1sa sor\u00e1n.<\/li>\n<li><strong>Logisztika \u00e9s sz\u00e1ll\u00edt\u00e1s:<\/strong> Targonc\u00e1kban \u00e9s anyagmozgat\u00f3 robotokban a karhenger a vill\u00e1k emel\u00e9s\u00e9nek \u00e9s mozg\u00e1s\u00e1nak vez\u00e9rl\u00e9s\u00e9re szolg\u00e1l, lehet\u0151v\u00e9 t\u00e9ve az anyagok kezel\u00e9s\u00e9t \u00e9s egym\u00e1sra rak\u00e1s\u00e1t.<\/li>\n<\/ul>\n<h2>Tervez\u00e9si szempontok \u00e9s kiv\u00e1laszt\u00e1si krit\u00e9riumok<\/h2>\n<p>A karos munkahengerek tervez\u00e9si szempontjai \u00e9s kiv\u00e1laszt\u00e1si krit\u00e9riumai tekintet\u00e9ben a k\u00f6vetkez\u0151 kulcsfontoss\u00e1g\u00fa t\u00e9nyez\u0151ket kell figyelembe venni:<\/p>\n<ul>\n<li><strong>Teherb\u00edr\u00e1s:<\/strong> A karhengernek k\u00e9pesnek kell lennie a sz\u00fcks\u00e9ges terhel\u00e9s kezel\u00e9s\u00e9re \u00e9s elegend\u0151 er\u0151 lead\u00e1s\u00e1ra az alkalmaz\u00e1shoz.<\/li>\n<li><strong>T\u00f6m\u00edt\u0151k\u00e9pess\u00e9g:<\/strong> A hat\u00e9kony t\u00f6m\u00edt\u00e9s biztos\u00edt\u00e1s\u00e1hoz k\u00fcl\u00f6nf\u00e9le t\u00f6m\u00edt\u0151elemeket, p\u00e9ld\u00e1ul dugatty\u00fat\u00f6m\u00edt\u00e9seket \u00e9s r\u00fadt\u00f6m\u00edt\u00e9seket kell haszn\u00e1lni. Ezek a t\u00f6m\u00edt\u00e9sek jellemz\u0151en kop\u00e1s\u00e1ll\u00f3 anyagokb\u00f3l, p\u00e9ld\u00e1ul poliuret\u00e1nb\u00f3l \u00e9s nitrilgumib\u00f3l k\u00e9sz\u00fclnek.<\/li>\n<li><strong>Tart\u00f3ss\u00e1g:<\/strong> A hengertestet \u00e9s a menetes v\u00e9geket prec\u00edz megmunk\u00e1l\u00e1snak kell al\u00e1vetni a kop\u00e1s\u00e1ll\u00f3s\u00e1g fokoz\u00e1sa \u00e9rdek\u00e9ben. A megfelel\u0151 hidraulikaolajjal t\u00f6rt\u00e9n\u0151 rendszeres ken\u00e9s elengedhetetlen a z\u00f6kken\u0151mentes m\u0171k\u00f6d\u00e9shez.<\/li>\n<li><strong>Biztons\u00e1g:<\/strong> Biztons\u00e1gi int\u00e9zked\u00e9seket kell bevezetni a balesetek megel\u0151z\u00e9se \u00e9s a karhengerrel felszerelt g\u00e9pek biztons\u00e1gos m\u0171k\u00f6d\u00e9s\u00e9nek biztos\u00edt\u00e1sa \u00e9rdek\u00e9ben.<\/li>\n<li><strong>Karbantarthat\u00f3s\u00e1g:<\/strong> Fontos a karhenger megtervez\u00e9se a k\u00f6nny\u0171 karbantart\u00e1s \u00e9s jav\u00edt\u00e1s szem el\u0151tt tart\u00e1s\u00e1val, lehet\u0151v\u00e9 t\u00e9ve a k\u00e9nyelmes ellen\u0151rz\u00e9st \u00e9s a minim\u00e1lis \u00e1ll\u00e1sid\u0151t.<\/li>\n<\/ul>\n<p><img decoding=\"async\" src=\"https:\/\/www.hydraulic-cylinders.net\/wp-content\/uploads\/2025\/01\/songte-cylinder-head-with-all-kinds-excavator-models.webp\" alt=\"Tervez\u00e9si k\u00e9p\"><\/p>\n<h2>T\u00f6m\u00edt\u00e9s \u00e9s ken\u00e9s<\/h2>\n<p>A hat\u00e9kony m\u0171k\u00f6d\u00e9s biztos\u00edt\u00e1sa \u00e9rdek\u00e9ben a karos munkahengerekben k\u00fcl\u00f6nf\u00e9le t\u00f6m\u00edt\u0151elemeket kell haszn\u00e1lni. Ezek az alkatr\u00e9szek, mint p\u00e9ld\u00e1ul a dugatty\u00fat\u00f6m\u00edt\u00e9sek \u00e9s a r\u00fadt\u00f6m\u00edt\u00e9sek, kop\u00e1s\u00e1ll\u00f3 anyagokb\u00f3l, p\u00e9ld\u00e1ul poliuret\u00e1nb\u00f3l \u00e9s nitrilgumib\u00f3l k\u00e9sz\u00fclnek. Ezenk\u00edv\u00fcl a hengertest \u00e9s a menetes v\u00e9gek finom megmunk\u00e1l\u00e1son esnek \u00e1t a kop\u00e1s\u00e1ll\u00f3s\u00e1g jav\u00edt\u00e1sa \u00e9rdek\u00e9ben. A z\u00f6kken\u0151mentes m\u0171k\u00f6d\u00e9s biztos\u00edt\u00e1sa \u00e9rdek\u00e9ben a megfelel\u0151 mennyis\u00e9g\u0171 hidraulikaolajjal t\u00f6rt\u00e9n\u0151 rendszeres ken\u00e9s is sz\u00fcks\u00e9ges.<\/p>\n<h2>Rendszeres ellen\u0151rz\u00e9s \u00e9s megel\u0151z\u0151 karbantart\u00e1s<\/h2>\n<ul>\n<li>Rendszeresen ellen\u0151rizze a karhengert kop\u00e1s, sziv\u00e1rg\u00e1s vagy s\u00e9r\u00fcl\u00e9s jelei szempontj\u00e1b\u00f3l.<\/li>\n<li>Ellen\u0151rizze a hidraulikus csatlakoz\u00e1sok t\u00f6m\u00edtetts\u00e9g\u00e9t \u00e9s az esetleges sziv\u00e1rg\u00e1sokat.<\/li>\n<li>Figyelje a t\u00f6m\u00edt\u00e9sek teljes\u00edtm\u00e9ny\u00e9t, \u00e9s sz\u00fcks\u00e9g eset\u00e9n cser\u00e9lje ki azokat.<\/li>\n<li>Gy\u0151z\u0151dj\u00f6n meg a hidraulikus rendszer megfelel\u0151 karbantart\u00e1s\u00e1r\u00f3l \u00e9s a folyad\u00e9kszint megfelel\u0151s\u00e9g\u00e9r\u0151l.<\/li>\n<li>K\u00f6vesse a gy\u00e1rt\u00f3 karbantart\u00e1si ir\u00e1nyelveit, \u00e9s tegyen megel\u0151z\u0151 int\u00e9zked\u00e9seket a lehets\u00e9ges probl\u00e9m\u00e1k minimaliz\u00e1l\u00e1sa \u00e9rdek\u00e9ben.<\/li>\n<\/ul>\n<h2>Term\u00e9ktelep\u00edt\u00e9si \u00fatmutat\u00f3<\/h2>\n<p>A karhenger megfelel\u0151 felszerel\u00e9se elengedhetetlen az optim\u00e1lis teljes\u00edtm\u00e9nyhez. K\u00f6vesse az al\u00e1bbi l\u00e9p\u00e9seket:<\/p>\n<ol>\n<li>Gy\u0151z\u0151dj\u00f6n meg arr\u00f3l, hogy a g\u00e9p \u00e1ramell\u00e1t\u00e1sa ki van kapcsolva, \u00e9s a hidraulikus rendszer nyom\u00e1smentes.<\/li>\n<li>T\u00e1vol\u00edtson el minden megl\u00e9v\u0151 hengert vagy alkatr\u00e9szt, ami akad\u00e1lyozhatja a beszerel\u00e9st.<\/li>\n<li>Igaz\u00edtsa a karhengert a r\u00f6gz\u00edt\u00e9si pontokhoz, \u00e9s r\u00f6gz\u00edtse megfelel\u0151 r\u00f6gz\u00edt\u0151elemekkel.<\/li>\n<li>H\u00fazza meg a r\u00f6gz\u00edt\u0151elemeket a gy\u00e1rt\u00f3 \u00e1ltal megadott nyomat\u00e9kkal.<\/li>\n<li>Csatlakoztassa a hidraulikat\u00f6ml\u0151ket vagy -cs\u00f6veket a hidraulikarendszer terv\u00e9nek megfelel\u0151en.<\/li>\n<li>Ellen\u0151rizze k\u00e9tszer az \u00f6sszes csatlakoz\u00e1st, \u00e9s gy\u0151z\u0151dj\u00f6n meg arr\u00f3l, hogy nincs-e sziv\u00e1rg\u00e1s.<\/li>\n<li>Sz\u00fcks\u00e9g eset\u00e9n t\u00f6ltse fel a hidraulikafolyad\u00e9kot.<\/li>\n<li>Ellen\u0151rizze a karhenger m\u0171k\u00f6d\u00e9s\u00e9t a megfelel\u0151 m\u0171k\u00f6d\u00e9s biztos\u00edt\u00e1sa \u00e9rdek\u00e9ben.<\/li>\n<\/ol>\n<p><img decoding=\"async\" src=\"https:\/\/www.hydraulic-cylinders.net\/wp-content\/uploads\/2025\/01\/songte-bushings-with-all-kinds-of-excavator-models.webp\" alt=\"Telep\u00edt\u00e9si k\u00e9p\"><\/p>\n<h2>Biztons\u00e1gi szempontok \u00e9s k\u00f6rnyezeti t\u00e9nyez\u0151k<\/h2>\n<p>Karos munkahengerekkel felszerelt g\u00e9pek \u00fczemeltet\u00e9sekor elengedhetetlen a biztons\u00e1gi int\u00e9zked\u00e9sek priorit\u00e1sk\u00e9nt val\u00f3 kezel\u00e9se. A megfelel\u0151 biztons\u00e1gi felszerel\u00e9sek haszn\u00e1lata \u00e9s a biztons\u00e1gi ir\u00e1nyelvek betart\u00e1sa megel\u0151zheti a baleseteket \u00e9s cs\u00f6kkentheti a s\u00e9r\u00fcl\u00e9sek kock\u00e1zat\u00e1t. Ezenk\u00edv\u00fcl a fenntarthat\u00f3 gyakorlatok szempontj\u00e1b\u00f3l elengedhetetlen a k\u00f6rnyezeti t\u00e9nyez\u0151k, p\u00e9ld\u00e1ul a hidraulikus folyad\u00e9kok megfelel\u0151 \u00e1rtalmatlan\u00edt\u00e1sa \u00e9s a k\u00f6rnyezetv\u00e9delmi el\u0151\u00edr\u00e1sok betart\u00e1sa.<\/p>\n<h2>Hibaelh\u00e1r\u00edt\u00e1s \u00e9s gyakori probl\u00e9m\u00e1k<\/h2>\n<p>A karos munkahengerekkel kapcsolatban felmer\u00fcl\u0151 gyakori probl\u00e9m\u00e1k a k\u00f6vetkez\u0151k:<\/p>\n<ul>\n<li>Sziv\u00e1rg\u00e1s a t\u00f6m\u00edt\u00e9sekn\u00e9l vagy a hidraulikus csatlakoz\u00e1sokn\u00e1l<\/li>\n<li>Cs\u00f6kkent vagy egyenetlen hidraulikus nyom\u00e1s<\/li>\n<li>Inkonzisztens vagy lass\u00fa karmozg\u00e1s<\/li>\n<\/ul>\n<p>Ezen probl\u00e9m\u00e1k megold\u00e1s\u00e1hoz vegye figyelembe a k\u00f6vetkez\u0151 hibaelh\u00e1r\u00edt\u00e1si tippeket:<\/p>\n<ul>\n<li>Vizsg\u00e1lja meg \u00e9s cser\u00e9lje ki a s\u00e9r\u00fclt t\u00f6m\u00edt\u00e9seket vagy csatlakoz\u00e1sokat.<\/li>\n<li>Ellen\u0151rizze a hidraulikafolyad\u00e9k szintj\u00e9t \u00e9s min\u0151s\u00e9g\u00e9t, sz\u00fcks\u00e9g szerint t\u00f6ltse fel vagy cser\u00e9lje ki.<\/li>\n<li>Gy\u0151z\u0151dj\u00f6n meg a karhenger megfelel\u0151 be\u00e1ll\u00edt\u00e1s\u00e1r\u00f3l \u00e9s r\u00f6gz\u00edt\u00e9s\u00e9r\u0151l.<\/li>\n<li>Vizsg\u00e1lja meg a hidraulikus rendszert, hogy nincs-e rajta elt\u00f6m\u0151d\u00e9s vagy meghib\u00e1sod\u00e1s.<\/li>\n<li>Tekintse meg a gy\u00e1rt\u00f3 \u00fatmutat\u00e1sait, vagy k\u00e9rjen szakember seg\u00edts\u00e9g\u00e9t, ha a probl\u00e9m\u00e1k tov\u00e1bbra is fenn\u00e1llnak.<\/li>\n<\/ul>\n<p><img decoding=\"async\" src=\"https:\/\/www.hydraulic-cylinders.net\/wp-content\/uploads\/2025\/01\/songte-chushion-collar.webp\" alt=\"Hibaelh\u00e1r\u00edt\u00e1si k\u00e9p\"><\/p>\n<p>Ne felejtsd el logikusan fel\u00e9p\u00edteni a cikket, haszn\u00e1lj alc\u00edmeket a k\u00f6nny\u0171 navig\u00e1ci\u00f3 \u00e9rdek\u00e9ben, \u00e9p\u00edts be relev\u00e1ns k\u00e9peket vagy diagramokat a jobb meg\u00e9rt\u00e9s \u00e9rdek\u00e9ben, \u00e9s \u00fcgyelj arra, hogy a tartalom vil\u00e1gos, t\u00f6m\u00f6r \u00e9s k\u00fcl\u00f6nb\u00f6z\u0151 szint\u0171 technikai tud\u00e1ssal rendelkez\u0151 olvas\u00f3k sz\u00e1m\u00e1ra is megfelel\u0151 legyen.<\/p>\n<p>V\u00e9g\u00fcl fontos hangs\u00falyozni, hogy professzion\u00e1lis hidraulikus munkahenger gy\u00e1rt\u00f3k\u00e9nt m\u0171k\u00f6d\u00fcnk. Sz\u00e9les term\u00e9kv\u00e1laszt\u00e9kot k\u00edn\u00e1lunk, \u00e9s m\u00e1ra a hazai \u00e9s a nemzetk\u00f6zi piacok egyik vezet\u0151 gy\u00e1rt\u00f3j\u00e1v\u00e1 \u00e9s nagykereskedelmi forgalmaz\u00f3j\u00e1v\u00e1 v\u00e1ltunk. A kiv\u00e1l\u00f3s\u00e1g ir\u00e1nti elk\u00f6telezetts\u00e9g\u00fcnkkel folyamatosan fejlesztj\u00fck m\u0171szaki szak\u00e9rtelm\u00fcnket \u00e9s termel\u00e9si hat\u00e9konys\u00e1gunkat fejlett gy\u00e1rt\u00f3berendez\u00e9sek \u00e9s professzion\u00e1lis tesztel\u0151rendszerek bevezet\u00e9s\u00e9vel. C\u00e9lunk, hogy \u00fcgyfeleink sokr\u00e9t\u0171 ig\u00e9nyeit hat\u00e9konys\u00e1ggal, pontoss\u00e1ggal \u00e9s kiv\u00e1l\u00f3 min\u0151s\u00e9g\u0171 term\u00e9kekkel el\u00e9g\u00edts\u00fck ki.<\/p>\n<p><img","protected":false},"excerpt":{"rendered":"<p>Arm Cylinder for Sany Large Excavator SY360-8 Introduction The Arm Cylinder is a specially designed hydraulic cylinder that is primarily used to provide linear motion and power to the arm of various machinery, such as excavators, cranes, and robotic arms. It plays a crucial role in hydraulic systems, enabling the effective movement and control of [&hellip;]<\/p>","protected":false},"featured_media":14786,"comment_status":"open","ping_status":"closed","template":"","meta":{"_et_pb_use_builder":"","_et_pb_old_content":"","_et_gb_content_width":""},"product_brand":[],"product_cat":[1497],"product_tag":[1498,1496],"class_list":{"0":"post-16375","1":"product","2":"type-product","3":"status-publish","4":"has-post-thumbnail","6":"product_cat-arm-cylinders","7":"product_tag-arm-cylinders","8":"product_tag-hydraulic-cylinders","10":"first","11":"instock","12":"shipping-taxable","13":"product-type-simple"},"amp_enabled":true,"_links":{"self":[{"href":"https:\/\/www.hydraulic-cylinders.net\/hu\/wp-json\/wp\/v2\/product\/16375","targetHints":{"allow":["GET"]}}],"collection":[{"href":"https:\/\/www.hydraulic-cylinders.net\/hu\/wp-json\/wp\/v2\/product"}],"about":[{"href":"https:\/\/www.hydraulic-cylinders.net\/hu\/wp-json\/wp\/v2\/types\/product"}],"replies":[{"embeddable":true,"href":"https:\/\/www.hydraulic-cylinders.net\/hu\/wp-json\/wp\/v2\/comments?post=16375"}],"wp:featuredmedia":[{"embeddable":true,"href":"https:\/\/www.hydraulic-cylinders.net\/hu\/wp-json\/wp\/v2\/media\/14786"}],"wp:attachment":[{"href":"https:\/\/www.hydraulic-cylinders.net\/hu\/wp-json\/wp\/v2\/media?parent=16375"}],"wp:term":[{"taxonomy":"product_brand","embeddable":true,"href":"https:\/\/www.hydraulic-cylinders.net\/hu\/wp-json\/wp\/v2\/product_brand?post=16375"},{"taxonomy":"product_cat","embeddable":true,"href":"https:\/\/www.hydraulic-cylinders.net\/hu\/wp-json\/wp\/v2\/product_cat?post=16375"},{"taxonomy":"product_tag","embeddable":true,"href":"https:\/\/www.hydraulic-cylinders.net\/hu\/wp-json\/wp\/v2\/product_tag?post=16375"}],"curies":[{"name":"munkaf\u00fczet","href":"https:\/\/api.w.org\/{rel}","templated":true}]}}