{"id":16378,"date":"2025-01-20T09:10:35","date_gmt":"2025-01-20T09:10:35","guid":{"rendered":"https:\/\/www.hydraulic-cylinders.net\/product\/arm-cylinderfor-sany-large-excavator-sy285cq\/"},"modified":"2025-01-20T09:10:37","modified_gmt":"2025-01-20T09:10:37","slug":"arm-cylinderfor-sany-large-excavator-sy285cq","status":"publish","type":"product","link":"https:\/\/www.hydraulic-cylinders.net\/hu\/termek\/arm-cylinderfor-sany-large-excavator-sy285cq\/","title":{"rendered":"Karhenger Sany nagym\u00e9ret\u0171 kotr\u00f3g\u00e9phez SY285CQ"},"content":{"rendered":"<h1>Karhenger Sany nagym\u00e9ret\u0171 kotr\u00f3g\u00e9phez SY285CQ<\/h1>\n<h2>Bevezet\u00e9s<\/h2>\n<p>A karhenger egy speci\u00e1lisan tervezett hidraulikus henger, amely line\u00e1ris mozg\u00e1st \u00e9s er\u0151t biztos\u00edt k\u00fcl\u00f6nf\u00e9le g\u00e9pek, p\u00e9ld\u00e1ul kotr\u00f3g\u00e9pek, daruk \u00e9s robotkarok karj\u00e1nak. Kritikus szerepet j\u00e1tszik a hidraulikus rendszerekben, lehet\u0151v\u00e9 t\u00e9ve a tov\u00e1bbi szersz\u00e1mok vagy tartoz\u00e9kok hat\u00e9kony mozg\u00e1s\u00e1t \u00e9s vez\u00e9rl\u00e9s\u00e9t. Ezek a hengerek nemcsak a sima mozg\u00e1st biztos\u00edtj\u00e1k, hanem a nagy terhel\u00e9seket is elviselik, biztos\u00edtva a g\u00e9pek magas hat\u00e9konys\u00e1g\u00e1t \u00e9s megb\u00edzhat\u00f3s\u00e1g\u00e1t k\u00fcl\u00f6nb\u00f6z\u0151 munkak\u00f6r\u00fclm\u00e9nyek k\u00f6z\u00f6tt.<\/p>\n<p><img decoding=\"async\" src=\"https:\/\/www.hydraulic-cylinders.net\/wp-content\/uploads\/2025\/01\/songte-company-2.webp\" alt=\"Karhenger\" \/><\/p>\n<h2>Jellemz\u0151k<\/h2>\n<ul>\n<li><strong>Hat\u00e9kony er\u0151\u00e1tvitel:<\/strong> A karhenger er\u0151teljes line\u00e1ris mozg\u00e1st \u00e9s er\u0151t biztos\u00edt, biztos\u00edtva a nagy teljes\u00edtm\u00e9nyt k\u00fcl\u00f6nf\u00e9le m\u0171veletek sor\u00e1n.<\/li>\n<li><strong>Prec\u00edz vez\u00e9rl\u00e9s:<\/strong> A hidraulikus rendszeren kereszt\u00fcl a karhenger prec\u00edz mozg\u00e1svez\u00e9rl\u00e9st tesz lehet\u0151v\u00e9, \u00edgy a csatlakoztatott eszk\u00f6z\u00f6k kezel\u00e9se rugalmasabb \u00e9s pontosabb.<\/li>\n<li><strong>Tart\u00f3ss\u00e1g:<\/strong> A karhengerek jellemz\u0151en nagy szil\u00e1rds\u00e1g\u00fa anyagokb\u00f3l k\u00e9sz\u00fclnek, kiv\u00e1l\u00f3 kop\u00e1s\u00e1ll\u00f3s\u00e1got \u00e9s korr\u00f3zi\u00f3\u00e1ll\u00f3s\u00e1got biztos\u00edtva, \u00edgy alkalmasak hossz\u00fa t\u00e1v\u00fa haszn\u00e1latra zord k\u00f6rnyezetben.<\/li>\n<li><strong>T\u00f6bbfunkci\u00f3s alkalmazkod\u00f3k\u00e9pess\u00e9g:<\/strong> Ezek a munkahengerek sz\u00e9les k\u00f6rben alkalmazhat\u00f3k k\u00fcl\u00f6nf\u00e9le g\u00e9pekben, p\u00e9ld\u00e1ul kotr\u00f3g\u00e9pekben, darukban \u00e9s robotkarokban, alkalmazkodva a k\u00fcl\u00f6nb\u00f6z\u0151 munkak\u00f6vetelm\u00e9nyekhez.<\/li>\n<li><strong>K\u00f6nny\u0171 karbantart\u00e1s:<\/strong> A karhenger kialak\u00edt\u00e1sa figyelembe veszi a karbantart\u00e1s \u00e9s a csere egyszer\u0171s\u00e9g\u00e9t, \u00edgy a rendszeres ellen\u0151rz\u00e9sek \u00e9s karbantart\u00e1s k\u00e9nyelmesebb, cs\u00f6kkentve a berendez\u00e9sek \u00e1ll\u00e1sidej\u00e9t.<\/li>\n<\/ul>\n<p><img decoding=\"async\" src=\"https:\/\/www.hydraulic-cylinders.net\/wp-content\/uploads\/2025\/01\/songte-oil-pipes-and-spare-parts.webp\" alt=\"Term\u00e9kk\u00e9p\" \/><\/p>\n<h2>Alkalmaz\u00e1sok<\/h2>\n<p>Karhengerek sz\u00e1mos ipar\u00e1gban alkalmazhat\u00f3k:<\/p>\n<ul>\n<li><strong>\u00c9p\u00edt\u0151m\u00e9rn\u00f6ki:<\/strong> Kotr\u00f3g\u00e9pekn\u00e9l \u00e9s darukn\u00e1l a karhenger vez\u00e9rli a kan\u00e1l vagy a g\u00e9m mozg\u00e1s\u00e1t f\u00f6ldmunk\u00e1kn\u00e1l, anyagmozgat\u00e1sn\u00e1l \u00e9s szerkezeti telep\u00edt\u00e9sn\u00e9l.<\/li>\n<li><strong>Gy\u00e1rt\u00e1s:<\/strong> Az automatiz\u00e1lt gy\u00e1rt\u00f3sorokon a karhengert robotkarok mozgat\u00e1s\u00e1ra haszn\u00e1lj\u00e1k olyan folyamatokban, mint az \u00f6sszeszerel\u00e9s, hegeszt\u00e9s \u00e9s anyagmozgat\u00e1s, jav\u00edtva a termel\u00e9si hat\u00e9konys\u00e1got \u00e9s a pontoss\u00e1got.<\/li>\n<li><strong>Mez\u0151gazdas\u00e1gi g\u00e9pek:<\/strong> A mez\u0151gazdas\u00e1gi g\u00e9pekben, p\u00e9ld\u00e1ul a betakar\u00edt\u00f3g\u00e9pekben \u00e9s a vet\u0151g\u00e9pekben a karhenger vez\u00e9rli a m\u0171k\u00f6dtet\u0151 kar mozg\u00e1s\u00e1t olyan feladatokhoz, mint az vet\u00e9s, a tr\u00e1gy\u00e1z\u00e1s \u00e9s a betakar\u00edt\u00e1s.<\/li>\n<li><strong>B\u00e1ny\u00e1szati:<\/strong> A b\u00e1ny\u00e1szati \u200b\u200bberendez\u00e9sekben a karhenger vez\u00e9rli a b\u00e1ny\u00e1szati \u200b\u200bg\u00e9pek karj\u00e1nak mozg\u00e1s\u00e1t az \u00e9rc kitermel\u00e9se \u00e9s sz\u00e1ll\u00edt\u00e1sa sor\u00e1n.<\/li>\n<li><strong>Logisztika \u00e9s sz\u00e1ll\u00edt\u00e1s:<\/strong> A targonc\u00e1kban \u00e9s anyagmozgat\u00f3 robotokban a karhenger vez\u00e9rli a vill\u00e1k emel\u00e9s\u00e9t \u00e9s mozg\u00e1s\u00e1t, megk\u00f6nny\u00edtve az anyagmozgat\u00e1st \u00e9s a rakod\u00e1st.<\/li>\n<\/ul>\n<h2>Tervez\u00e9si szempontok \u00e9s kiv\u00e1laszt\u00e1si krit\u00e9riumok<\/h2>\n<p>A karhengerek tervez\u00e9si szempontjai \u00e9s kiv\u00e1laszt\u00e1si krit\u00e9riumai a k\u00f6vetkez\u0151k:<\/p>\n<ul>\n<li><strong>Teherb\u00edr\u00e1s:<\/strong> Besz\u00e9lj\u00e9tek meg a henger teherb\u00edr\u00e1s\u00e1nak fontoss\u00e1g\u00e1t, \u00e9s azt, hogy hogyan kell azt az adott alkalmaz\u00e1si k\u00f6vetelm\u00e9nyek alapj\u00e1n kiv\u00e1lasztani.<\/li>\n<li><strong>T\u00f6m\u00edt\u00e9s \u00e9s ken\u00e9s:<\/strong> Magyar\u00e1zza el a kop\u00e1s\u00e1ll\u00f3 anyagokb\u00f3l, p\u00e9ld\u00e1ul poliuret\u00e1nb\u00f3l \u00e9s nitrilgumib\u00f3l k\u00e9sz\u00fclt k\u00fcl\u00f6nf\u00e9le t\u00f6m\u00edt\u0151elemek, p\u00e9ld\u00e1ul dugatty\u00fat\u00f6m\u00edt\u00e9sek \u00e9s r\u00fadt\u00f6m\u00edt\u00e9sek haszn\u00e1lat\u00e1t. Hangs\u00falyozza a hidraulikaolajjal t\u00f6rt\u00e9n\u0151 rendszeres ken\u00e9s sz\u00fcks\u00e9gess\u00e9g\u00e9t.<\/li>\n<li><strong>Tart\u00f3ss\u00e1g:<\/strong> Besz\u00e9lj\u00e9tek meg a hengertest \u00e9s a menetes v\u00e9g kiv\u00e1l\u00f3 min\u0151s\u00e9g\u0171 anyagainak \u00e9s fel\u00fcletkezel\u00e9seinek fontoss\u00e1g\u00e1t a kop\u00e1s\u00e1ll\u00f3s\u00e1g \u00e9s a hossz\u00fa \u00e9lettartam n\u00f6vel\u00e9se \u00e9rdek\u00e9ben.<\/li>\n<li><strong>Biztons\u00e1g:<\/strong> Hangs\u00falyozza a biztons\u00e1gi int\u00e9zked\u00e9sek sz\u00fcks\u00e9gess\u00e9g\u00e9t a karhengerekkel v\u00e9gzett munka sor\u00e1n, valamint a biztons\u00e1gi ir\u00e1nyelvek \u00e9s el\u0151\u00edr\u00e1sok betart\u00e1s\u00e1nak fontoss\u00e1g\u00e1t.<\/li>\n<li><strong>Karbantart\u00e1s:<\/strong> \u00datmutat\u00f3t adjon a rendszeres ellen\u0151rz\u00e9shez \u00e9s a megel\u0151z\u0151 karbantart\u00e1shoz, bele\u00e9rtve a sziv\u00e1rg\u00e1sok ellen\u0151rz\u00e9s\u00e9t, a megfelel\u0151 ken\u00e9st \u00e9s a probl\u00e9m\u00e1k azonnali kezel\u00e9s\u00e9t.<\/li>\n<\/ul>\n<p><img decoding=\"async\" src=\"https:\/\/www.hydraulic-cylinders.net\/wp-content\/uploads\/2025\/01\/songte-cylinder-head-with-all-kinds-excavator-models.webp\" alt=\"Term\u00e9kk\u00e9p\" \/><\/p>\n<h2>Term\u00e9ktelep\u00edt\u00e9si \u00fatmutat\u00f3<\/h2>\n<p>A karhenger megfelel\u0151 beszerel\u00e9se elengedhetetlen az optim\u00e1lis teljes\u00edtm\u00e9nyhez. K\u00f6vesse az al\u00e1bbi l\u00e9p\u00e9seket:<\/p>\n<ol>\n<li>1. l\u00e9p\u00e9s: K\u00e9sz\u00edtse el\u0151 a r\u00f6gz\u00edt\u00e9si ter\u00fcletet, \u00e9s gy\u0151z\u0151dj\u00f6n meg arr\u00f3l, hogy tiszta \u00e9s t\u00f6rmel\u00e9kmentes.<\/li>\n<li>2. l\u00e9p\u00e9s: \u00d3vatosan helyezze el a karhengert, \u00e9s igaz\u00edtsa a r\u00f6gz\u00edt\u00e9si pontokhoz.<\/li>\n<li>3. l\u00e9p\u00e9s: R\u00f6gz\u00edtse biztons\u00e1gosan a hengert megfelel\u0151 csavarokkal, \u00e9s \u00fcgyeljen a megfelel\u0151 be\u00e1ll\u00edt\u00e1sra.<\/li>\n<li>4. l\u00e9p\u00e9s: Csatlakoztassa a hidraulikavezet\u00e9keket, \u00fcgyelve a megfelel\u0151 t\u00f6m\u00edt\u00e9sre \u00e9s t\u00f6m\u00edtetts\u00e9gre.<\/li>\n<li>5. l\u00e9p\u00e9s: Haszn\u00e1lat el\u0151tt ellen\u0151rizze a karhenger m\u0171k\u00f6d\u00e9s\u00e9t.<\/li>\n<\/ol>\n<p><img decoding=\"async\" src=\"https:\/\/www.hydraulic-cylinders.net\/wp-content\/uploads\/2025\/01\/songte-bushings-with-all-kinds-of-excavator-models.webp\" alt=\"Term\u00e9kk\u00e9p\" \/><\/p>\n<h2>Biztons\u00e1gi szempontok \u00e9s k\u00f6rnyezeti t\u00e9nyez\u0151k<\/h2>\n<p>Karos munkahengerek haszn\u00e1latakor a biztons\u00e1gi int\u00e9zked\u00e9sek elengedhetetlenek a balesetek megel\u0151z\u00e9se \u00e9s a biztons\u00e1gos munkak\u00f6rnyezet biztos\u00edt\u00e1sa \u00e9rdek\u00e9ben. Hangs\u00falyozza a biztons\u00e1gi ir\u00e1nyelvek betart\u00e1s\u00e1nak fontoss\u00e1g\u00e1t, p\u00e9ld\u00e1ul a megfelel\u0151 szem\u00e9lyi v\u00e9d\u0151felszerel\u00e9s visel\u00e9s\u00e9t \u00e9s a rendszeres biztons\u00e1gi ellen\u0151rz\u00e9sek elv\u00e9gz\u00e9s\u00e9t.<\/p>\n<h2>Hibaelh\u00e1r\u00edt\u00e1s \u00e9s gyakori probl\u00e9m\u00e1k<\/h2>\n<p>A karhengerek m\u0171k\u00f6d\u00e9s k\u00f6zben bizonyos hib\u00e1kba vagy probl\u00e9m\u00e1kba \u00fctk\u00f6zhetnek. Besz\u00e9ljen a gyakori probl\u00e9m\u00e1kr\u00f3l, \u00e9s adjon hibaelh\u00e1r\u00edt\u00e1si tippeket \u00e9s megold\u00e1sokat, hogy az olvas\u00f3k hat\u00e9konyan diagnosztiz\u00e1lhass\u00e1k \u00e9s megoldhass\u00e1k a probl\u00e9m\u00e1kat. Ismertesse a megel\u0151z\u0151 int\u00e9zked\u00e9seket a lehets\u00e9ges probl\u00e9m\u00e1k minimaliz\u00e1l\u00e1sa \u00e9rdek\u00e9ben.<\/p>\n<p><img decoding=\"async\" src=\"https:\/\/www.hydraulic-cylinders.net\/wp-content\/uploads\/2025\/01\/songte-chushion-collar.webp\" alt=\"Term\u00e9kk\u00e9p\" \/><\/p>\n<p>Szerz\u0151: lyl<\/p>\n<p>V\u00e9g\u00fcl, professzion\u00e1lis hidraulikus hengerek gy\u00e1rt\u00f3i vagyunk. Sz\u00e9les term\u00e9kk\u00edn\u00e1latunkkal a hazai \u00e9s a nemzetk\u00f6zi piacok egyik vezet\u0151 hidraulikus hengergy\u00e1rt\u00f3j\u00e1v\u00e1 \u00e9s nagykereskedelmi forgalmaz\u00f3j\u00e1v\u00e1 v\u00e1ltunk. A kiv\u00e1l\u00f3 min\u0151s\u00e9g elv\u00e9t valljuk, \u00e9s folyamatosan fejlesztj\u00fck technol\u00f3giai k\u00e9pess\u00e9geinket \u00e9s termel\u00e9si hat\u00e9konys\u00e1gunkat. Fejlett digit\u00e1lis gy\u00e1rt\u00f3berendez\u00e9sek \u00e9s professzion\u00e1lis tesztel\u0151rendszerek bevezet\u00e9s\u00e9vel optimaliz\u00e1ljuk gy\u00e1rt\u00e1si platformunkat \u00e9s jav\u00edtjuk term\u00e9kmin\u0151s\u00e9g-ellen\u0151rz\u00e9si folyamatainkat. C\u00e9lunk, hogy hat\u00e9kony, prec\u00edz \u00e9s kiv\u00e1l\u00f3 min\u0151s\u00e9g\u0171 term\u00e9kekkel el\u00e9g\u00edts\u00fck ki \u00fcgyfeleink sokr\u00e9t\u0171 ig\u00e9nyeit.<\/p>\n<p><img decoding=\"async\" src=\"https:\/\/www.hydraulic-cylinders.net\/wp-content\/uploads\/2025\/01\/songte-company-4.webp\" alt=\"C\u00e9ges im\u00e1zs\" \/><br \/>\n<img decoding=\"async\" src=\"https:\/\/www.hydraulic-cylinders.net\/wp-content\/uploads\/2025\/01\/songte-company-3.webp\" alt=\"C\u00e9ges im\u00e1zs\" \/><\/p>\n<p>C\u00e9g\u00fcnk a k\u00f6vetkez\u0151k tekintet\u00e9ben kiemelkedik:<\/p>\n<ul>\n<li><strong>Szakmaiass\u00e1g:<\/strong> Szak\u00e9rt\u0151kb\u0151l \u00e9s szakemberekb\u0151l \u00e1ll\u00f3 csapatunk elk\u00f6telezett a kiv\u00e1l\u00f3 szolg\u00e1ltat\u00e1s \u00e9s szak\u00e9rtelem ny\u00fajt\u00e1sa ir\u00e1nt a hidraulikus hengerek ter\u00fclet\u00e9n.<\/li>\n<li><strong>Nemzetk\u00f6zi tan\u00fas\u00edtv\u00e1nyok:<\/strong> Term\u00e9keink megfelelnek a nemzetk\u00f6zi min\u0151s\u00e9gi szabv\u00e1nyoknak \u00e9s tan\u00fas\u00edtv\u00e1nyoknak, biztos\u00edtva megb\u00edzhat\u00f3s\u00e1gukat \u00e9s teljes\u00edtm\u00e9ny\u00fcket.<\/li>\n<li><strong>Testreszab\u00e1si szolg\u00e1ltat\u00e1sok:<\/strong> Testreszabott megold\u00e1sokat k\u00edn\u00e1lunk, hogy megfelelj\u00fcnk az \u00fcgyfelek speci\u00e1lis ig\u00e9nyeinek \u00e9s alkalmaz\u00e1si ter\u00fcleteinek.<\/li>\n<li><strong>Gy\u00e1rt\u00f3berendez\u00e9sek:<\/strong> A legmodernebb gy\u00e1rt\u00f3berendez\u00e9sekkel \u00e9s l\u00e9tes\u00edtm\u00e9nyekkel rendelkez\u00fcnk term\u00e9keink legmagasabb min\u0151s\u00e9g\u00e9nek \u00e9s hat\u00e9konys\u00e1g\u00e1nak biztos\u00edt\u00e1sa \u00e9rdek\u00e9ben.<\/li>\n<li><strong>\u00c9rt\u00e9kes\u00edt\u00e9s ut\u00e1ni szolg\u00e1ltat\u00e1sok:<\/strong> \u00c1tfog\u00f3 \u00e9rt\u00e9kes\u00edt\u00e9s ut\u00e1ni szolg\u00e1ltat\u00e1sokat \u00e9s t\u00e1mogat\u00e1st ny\u00fajtunk az \u00fcgyfelek el\u00e9gedetts\u00e9g\u00e9nek \u00e9s a folyamatos karbantart\u00e1s biztos\u00edt\u00e1sa \u00e9rdek\u00e9ben.<\/li>\n<\/ul>\n<p>Ne felejtsd el logikusan fel\u00e9p\u00edteni a cikket, haszn\u00e1lj alc\u00edmeket a k\u00f6nny\u0171 navig\u00e1ci\u00f3 \u00e9rdek\u00e9ben, \u00e9p\u00edts be relev\u00e1ns k\u00e9peket vagy diagramokat a jobb meg\u00e9rt\u00e9s \u00e9rdek\u00e9ben, \u00e9s \u00fcgyelj arra, hogy a tartalom vil\u00e1gos, t\u00f6m\u00f6r \u00e9s k\u00fcl\u00f6nb\u00f6z\u0151 szint\u0171 technikai tud\u00e1ssal rendelkez\u0151 olvas\u00f3k sz\u00e1m\u00e1ra is megfelel\u0151 legyen.<\/p>","protected":false},"excerpt":{"rendered":"<p>Arm Cylinder for Sany Large Excavator SY285CQ Introduction The arm cylinder is a specially designed hydraulic cylinder that provides linear motion and power to the arm of various types of machinery, such as excavators, cranes, and robotic arms. It plays a critical role in hydraulic systems, enabling the efficient movement and control of additional tools [&hellip;]<\/p>","protected":false},"featured_media":14777,"comment_status":"open","ping_status":"closed","template":"","meta":{"_et_pb_use_builder":"","_et_pb_old_content":"","_et_gb_content_width":""},"product_brand":[],"product_cat":[1497],"product_tag":[1498,1496],"class_list":{"0":"post-16378","1":"product","2":"type-product","3":"status-publish","4":"has-post-thumbnail","6":"product_cat-arm-cylinders","7":"product_tag-arm-cylinders","8":"product_tag-hydraulic-cylinders","10":"first","11":"instock","12":"shipping-taxable","13":"product-type-simple"},"amp_enabled":true,"_links":{"self":[{"href":"https:\/\/www.hydraulic-cylinders.net\/hu\/wp-json\/wp\/v2\/product\/16378","targetHints":{"allow":["GET"]}}],"collection":[{"href":"https:\/\/www.hydraulic-cylinders.net\/hu\/wp-json\/wp\/v2\/product"}],"about":[{"href":"https:\/\/www.hydraulic-cylinders.net\/hu\/wp-json\/wp\/v2\/types\/product"}],"replies":[{"embeddable":true,"href":"https:\/\/www.hydraulic-cylinders.net\/hu\/wp-json\/wp\/v2\/comments?post=16378"}],"wp:featuredmedia":[{"embeddable":true,"href":"https:\/\/www.hydraulic-cylinders.net\/hu\/wp-json\/wp\/v2\/media\/14777"}],"wp:attachment":[{"href":"https:\/\/www.hydraulic-cylinders.net\/hu\/wp-json\/wp\/v2\/media?parent=16378"}],"wp:term":[{"taxonomy":"product_brand","embeddable":true,"href":"https:\/\/www.hydraulic-cylinders.net\/hu\/wp-json\/wp\/v2\/product_brand?post=16378"},{"taxonomy":"product_cat","embeddable":true,"href":"https:\/\/www.hydraulic-cylinders.net\/hu\/wp-json\/wp\/v2\/product_cat?post=16378"},{"taxonomy":"product_tag","embeddable":true,"href":"https:\/\/www.hydraulic-cylinders.net\/hu\/wp-json\/wp\/v2\/product_tag?post=16378"}],"curies":[{"name":"munkaf\u00fczet","href":"https:\/\/api.w.org\/{rel}","templated":true}]}}