{"id":16380,"date":"2025-01-20T09:10:43","date_gmt":"2025-01-20T09:10:43","guid":{"rendered":"https:\/\/www.hydraulic-cylinders.net\/product\/arm-cylinderfor-sany-large-excavator-sy365\/"},"modified":"2025-01-20T09:10:45","modified_gmt":"2025-01-20T09:10:45","slug":"arm-cylinderfor-sany-large-excavator-sy365","status":"publish","type":"product","link":"https:\/\/www.hydraulic-cylinders.net\/hu\/termek\/arm-cylinderfor-sany-large-excavator-sy365\/","title":{"rendered":"Karhenger Sany nagym\u00e9ret\u0171 kotr\u00f3g\u00e9phez SY365"},"content":{"rendered":"<p>Sany SY365 nagym\u00e9ret\u0171 kotr\u00f3g\u00e9p karhengere \u2013 Minden, amit tudnia kell<\/p>\n<h2>Bevezet\u00e9s<\/h2>\n<h3>Term\u00e9kdefin\u00edci\u00f3<\/h3>\n<p>A karhenger egy speci\u00e1lisan tervezett hidraulikus henger, amelyet els\u0151sorban k\u00fcl\u00f6nf\u00e9le g\u00e9pek, p\u00e9ld\u00e1ul kotr\u00f3g\u00e9pek, daruk \u00e9s robotkarok karjainak line\u00e1ris mozg\u00e1s\u00e1nak \u00e9s erej\u00e9nek biztos\u00edt\u00e1s\u00e1ra haszn\u00e1lnak. A karhengerek kritikus szerepet j\u00e1tszanak a hidraulikus rendszerekben, lehet\u0151v\u00e9 t\u00e9ve tov\u00e1bbi szersz\u00e1mok vagy tartoz\u00e9kok mozg\u00e1s\u00e1t \u00e9s hat\u00e9kony vez\u00e9rl\u00e9s\u00e9t. Ezek a hengerek nemcsak sima mozg\u00e1st biztos\u00edtanak, hanem nagy terhel\u00e9seket is elviselnek, biztos\u00edtva a g\u00e9p hat\u00e9kony m\u0171k\u00f6d\u00e9s\u00e9t \u00e9s megb\u00edzhat\u00f3s\u00e1g\u00e1t k\u00fcl\u00f6nb\u00f6z\u0151 munkak\u00f6r\u00fclm\u00e9nyek k\u00f6z\u00f6tt. <\/p>\n<p><img decoding=\"async\" src=\"https:\/\/www.hydraulic-cylinders.net\/wp-content\/uploads\/2025\/01\/songte-company-2.webp\"><\/p>\n<h3>Term\u00e9kjellemz\u0151k<\/h3>\n<p>A Sany SY365 nagym\u00e9ret\u0171 kotr\u00f3g\u00e9p karhengere a k\u00f6vetkez\u0151 tulajdons\u00e1gokkal rendelkezik:<\/p>\n<ul>\n<li><strong>Nagy hat\u00e9konys\u00e1g\u00fa hajt\u00e1s:<\/strong> A karhengerek er\u0151teljes line\u00e1ris mozg\u00e1st \u00e9s er\u0151t biztos\u00edtanak, biztos\u00edtva a mechanikus kar nagy teljes\u00edtm\u00e9ny\u0171 m\u0171k\u00f6d\u00e9s\u00e9t k\u00fcl\u00f6nf\u00e9le m\u0171veletek sor\u00e1n.<\/li>\n<li><strong>Prec\u00edz vez\u00e9rl\u00e9s:<\/strong> A karhengerek hidraulikus rendszereken kereszt\u00fcl prec\u00edz mozg\u00e1svez\u00e9rl\u00e9st \u00e9rhetnek el, \u00edgy a tov\u00e1bbi szersz\u00e1mok m\u0171k\u00f6dtet\u00e9se rugalmasabb \u00e9s pontosabb.<\/li>\n<li><strong>Tart\u00f3s:<\/strong> A karhengerek \u00e1ltal\u00e1ban nagy szil\u00e1rds\u00e1g\u00fa anyagokb\u00f3l k\u00e9sz\u00fclnek, amelyek j\u00f3 kop\u00e1s\u00e1ll\u00f3s\u00e1ggal \u00e9s korr\u00f3zi\u00f3\u00e1ll\u00f3s\u00e1ggal rendelkeznek, \u00edgy alkalmasak hossz\u00fa t\u00e1v\u00fa haszn\u00e1latra zord k\u00f6rnyezetben.<\/li>\n<li><strong>T\u00f6bbfunkci\u00f3s alkalmazkod\u00f3k\u00e9pess\u00e9g:<\/strong> Ezek a munkahengerek sz\u00e9les k\u00f6rben alkalmazhat\u00f3k k\u00fcl\u00f6nf\u00e9le mechanikus berendez\u00e9sekben, p\u00e9ld\u00e1ul kotr\u00f3g\u00e9pekben, darukban \u00e9s robotkarokban, alkalmazkodva a k\u00fcl\u00f6nb\u00f6z\u0151 munkak\u00f6vetelm\u00e9nyekhez.<\/li>\n<li><strong>K\u00f6nny\u0171 karbantart\u00e1s:<\/strong> A tervez\u00e9s sor\u00e1n figyelembe vett\u00e9k a karbantart\u00e1s \u00e9s a csere egyszer\u0171s\u00e9g\u00e9t, \u00edgy a rendszeres ellen\u0151rz\u00e9s \u00e9s karbantart\u00e1s k\u00e9nyelmesebb\u00e9 v\u00e1lt, \u00e9s cs\u00f6kkentett\u00e9k a berendez\u00e9sek \u00e1ll\u00e1sidej\u00e9t.<\/li>\n<\/ul>\n<p>Ezt a term\u00e9ket tudjuk gy\u00e1rtani, \u00e9s t\u00f6k\u00e9letesen helyettes\u00edtheti ezeket a hidraulikus hengereket.<\/p>\n<p><img decoding=\"async\" src=\"https:\/\/www.hydraulic-cylinders.net\/wp-content\/uploads\/2025\/01\/songte-oil-pipes-and-spare-parts.webp\"><\/p>\n<h3>Term\u00e9kalkalmaz\u00e1sok<\/h3>\n<p>A Sany SY365 nagym\u00e9ret\u0171 kotr\u00f3g\u00e9p karhengere k\u00fcl\u00f6nf\u00e9le ipar\u00e1gakban \u00e9s forgat\u00f3k\u00f6nyvekben haszn\u00e1lhat\u00f3:<\/p>\n<h4>\u00c9p\u00edt\u00e9s<\/h4>\n<p>Kotr\u00f3g\u00e9pekben \u00e9s darukban a karhengerek szab\u00e1lyozz\u00e1k a kan\u00e1l vagy a g\u00e9m mozg\u00e1s\u00e1t, lehet\u0151v\u00e9 t\u00e9ve a f\u00f6ldmunk\u00e1kat, az anyagmozgat\u00e1st \u00e9s a szerkezeti telep\u00edt\u00e9st.<\/p>\n<h4>Gy\u00e1rt\u00e1s<\/h4>\n<p>Az automatiz\u00e1lt gy\u00e1rt\u00f3sorokon a karhengerek vez\u00e9rlik a robotkarok mozg\u00e1s\u00e1t, \u00f6sszeszerel\u00e9si, hegeszt\u00e9si \u00e9s anyagmozgat\u00e1si feladatokat v\u00e9geznek, n\u00f6velve a hat\u00e9konys\u00e1got \u00e9s a pontoss\u00e1got.<\/p>\n<h4>Mez\u0151gazdas\u00e1gi g\u00e9pek<\/h4>\n<p>A mez\u0151gazdas\u00e1gi g\u00e9pekben, p\u00e9ld\u00e1ul a betakar\u00edt\u00f3g\u00e9pekben \u00e9s a vet\u0151g\u00e9pekben, a karhengerek vez\u00e9rlik a m\u0171k\u00f6dtet\u0151 karok mozg\u00e1s\u00e1t, olyan feladatokat hajtva v\u00e9gre, mint a vet\u00e9s, a tr\u00e1gy\u00e1z\u00e1s \u00e9s a betakar\u00edt\u00e1s.<\/p>\n<h4>B\u00e1ny\u00e1szati<\/h4>\n<p>A b\u00e1ny\u00e1szati \u200b\u200bberendez\u00e9sekben a karhengerek szab\u00e1lyozz\u00e1k a b\u00e1ny\u00e1szati \u200b\u200bberendez\u00e9sek karj\u00e1nak mozg\u00e1s\u00e1t, v\u00e9gezve a b\u00e1ny\u00e1szatot \u00e9s az \u00e1sv\u00e1nyok sz\u00e1ll\u00edt\u00e1s\u00e1t.<\/p>\n<h4>Logisztika \u00e9s sz\u00e1ll\u00edtm\u00e1nyoz\u00e1s<\/h4>\n<p>A targonc\u00e1kban \u00e9s anyagmozgat\u00f3 robotokban a karhengerek vez\u00e9rlik a rakom\u00e1ny emel\u00e9s\u00e9t \u00e9s mozgat\u00e1s\u00e1t, megval\u00f3s\u00edtva az anyagmozgat\u00e1st \u00e9s a rakod\u00e1st.<\/p>\n<h3>Term\u00e9ktervez\u00e9si szempontok \u00e9s kiv\u00e1laszt\u00e1si szabv\u00e1nyok<\/h3>\n<p>A tervez\u00e9si szempontok alapj\u00e1n a Sany SY365 nagym\u00e9ret\u0171 kotr\u00f3g\u00e9p karhenger\u00e9nek a k\u00f6vetkez\u0151 tulajdons\u00e1gokkal kell rendelkeznie:<\/p>\n<ul>\n<li><strong>Teherb\u00edr\u00e1s:<\/strong> A karhengernek elegend\u0151 szil\u00e1rds\u00e1ggal kell rendelkeznie ahhoz, hogy megtartsa a berendez\u00e9s \u00e9s az \u00e1ltala sz\u00e1ll\u00edtott terhel\u00e9s s\u00faly\u00e1t.<\/li>\n<li><strong>T\u00f6m\u00edt\u00e9s:<\/strong> K\u00fcl\u00f6nb\u00f6z\u0151 t\u00f6m\u00edt\u0151elemeket, p\u00e9ld\u00e1ul dugatty\u00fat\u00f6m\u00edt\u00e9seket, r\u00fadt\u00f6m\u00edt\u00e9seket stb. haszn\u00e1lnak a henger t\u00f6m\u00edt\u0151hat\u00e1s\u00e1nak biztos\u00edt\u00e1s\u00e1ra, megakad\u00e1lyozva a hidraulikaolaj sziv\u00e1rg\u00e1s\u00e1t \u00e9s biztos\u00edtva a henger \u00e9lettartam\u00e1t.<\/li>\n<li><strong>Tart\u00f3ss\u00e1g:<\/strong> A hengernek kiv\u00e1l\u00f3 min\u0151s\u00e9g\u0171 anyagokb\u00f3l kell k\u00e9sz\u00fclnie, hogy biztos\u00edtsa a tart\u00f3ss\u00e1g\u00e1t, ellen\u00e1lljon a nagy nyom\u00e1snak \u00e9s a magas h\u0151m\u00e9rs\u00e9kletnek, valamint ellen\u00e1lljon a kop\u00e1snak \u00e9s a korr\u00f3zi\u00f3nak.<\/li>\n<li><strong>Biztons\u00e1g:<\/strong> A palacknak \u200b\u200bbiztons\u00e1gosan kell m\u0171k\u00f6dnie, elker\u00fclve a hib\u00e1k \u00e9s balesetek el\u0151fordul\u00e1s\u00e1t, valamint biztos\u00edtva a berendez\u00e9sek \u00e9s a szem\u00e9lyzet biztons\u00e1g\u00e1t.<\/li>\n<li><strong>Karbantarthat\u00f3s\u00e1g:<\/strong> A hengernek k\u00f6nnyen karbantarthat\u00f3nak \u00e9s jav\u00edthat\u00f3nak kell lennie, cs\u00f6kkentve a berendez\u00e9s \u00e1ll\u00e1sidej\u00e9t, a karbantart\u00e1si k\u00f6lts\u00e9geket, \u00e9s biztos\u00edtva a berendez\u00e9s hossz\u00fa t\u00e1v\u00fa m\u0171k\u00f6d\u00e9s\u00e9t.<\/li>\n<\/ul>\n<p><img decoding=\"async\" src=\"https:\/\/www.hydraulic-cylinders.net\/wp-content\/uploads\/2025\/01\/songte-cylinder-head-with-all-kinds-excavator-models.webp\"><\/p>\n<h3>Term\u00e9kt\u00f6m\u00edt\u00e9s \u00e9s ken\u00e9s<\/h3>\n<p>K\u00fcl\u00f6nb\u00f6z\u0151 t\u00f6m\u00edt\u0151elemek, p\u00e9ld\u00e1ul dugatty\u00fat\u00f6m\u00edt\u00e9sek, r\u00fadt\u00f6m\u00edt\u00e9sek stb. biztos\u00edtj\u00e1k a henger t\u00f6m\u00edt\u0151hat\u00e1s\u00e1t, megakad\u00e1lyozz\u00e1k a hidraulikaolaj sziv\u00e1rg\u00e1s\u00e1t \u00e9s biztos\u00edtj\u00e1k a henger \u00e9lettartam\u00e1t. A t\u00f6m\u00edt\u0151elemek kop\u00e1s\u00e1ll\u00f3 anyagokb\u00f3l, p\u00e9ld\u00e1ul poliuret\u00e1nb\u00f3l \u00e9s nitrilgumib\u00f3l k\u00e9sz\u00fclnek. <\/p>\n<p>A hengertest \u00e9s a menetes v\u00e9gfel\u00fclet prec\u00edz megmunk\u00e1l\u00e1son esik \u00e1t, ami jav\u00edtja kop\u00e1s\u00e1ll\u00f3s\u00e1gukat. A megfelel\u0151 mennyis\u00e9g\u0171 hidraulikaolajjal t\u00f6rt\u00e9n\u0151 rendszeres ken\u00e9s sz\u00fcks\u00e9ges a z\u00f6kken\u0151mentes m\u0171k\u00f6d\u00e9s biztos\u00edt\u00e1s\u00e1hoz \u00e9s a henger \u00e9lettartam\u00e1nak meghosszabb\u00edt\u00e1s\u00e1hoz.<\/p>\n<h3>Rendszeres ellen\u0151rz\u00e9s \u00e9s megel\u0151z\u0151 karbantart\u00e1si int\u00e9zked\u00e9sek<\/h3>\n<p>A Sany SY365 nagym\u00e9ret\u0171 kotr\u00f3g\u00e9p karhenger\u00e9t rendszeres ellen\u0151rz\u00e9snek \u00e9s megel\u0151z\u0151 karbantart\u00e1snak kell al\u00e1vetni, bele\u00e9rtve a k\u00f6vetkez\u0151ket:<\/p>\n<ul>\n<li>A t\u00f6m\u00edt\u0151elemek rendszeres ellen\u0151rz\u00e9se \u00e9s cser\u00e9je.<\/li>\n<li>A dugatty\u00farudak \u00e9s hengerfejek rendszeres ellen\u0151rz\u00e9se \u00e9s cser\u00e9je.<\/li>\n<li>Rendszeresen ellen\u0151rizze \u00e9s cser\u00e9lje ki a hidraulikaolajat.<\/li>\n<li>A s\u00e9r\u00fclt alkatr\u00e9szek, p\u00e9ld\u00e1ul any\u00e1k, csavarok stb. rendszeres cser\u00e9je.<\/li>\n<li>Minden csatlakoz\u00e1s \u00e9s r\u00f6gz\u00edt\u0151elem rendszeres megh\u00faz\u00e1sa.<\/li>\n<\/ul>\n<h3>Term\u00e9ktelep\u00edt\u00e9si \u00fatmutat\u00f3<\/h3>\n<p>A Sany SY365 nagym\u00e9ret\u0171 kotr\u00f3g\u00e9p karhenger\u00e9nek beszerel\u00e9se professzion\u00e1lis k\u00e9szs\u00e9geket \u00e9s technik\u00e1kat ig\u00e9nyel. K\u00e9rj\u00fck, k\u00f6vesse az al\u00e1bbi l\u00e9p\u00e9seket:<\/p>\n<ol>\n<li>\u00d3vatosan \u00e9s biztons\u00e1gosan vegye ki a r\u00e9gi hengert a g\u00e9pb\u0151l.<\/li>\n<li>Tiszt\u00edtsa meg a r\u00f6gz\u00edt\u00e9si fel\u00fcletet, \u00e9s gy\u0151z\u0151dj\u00f6n meg arr\u00f3l, hogy sima, rozsda- \u00e9s t\u00f6rmel\u00e9kmentes.<\/li>\n<li>Szerelje be az \u00faj karhengert, \u00e9s h\u00fazza meg a csavarokat a gy\u00e1rt\u00f3 utas\u00edt\u00e1sai szerint.<\/li>\n<li>Csatlakoztassa a hidraulikat\u00f6ml\u0151ket, \u00e9s ellen\u0151rizze, hogy nincs-e sziv\u00e1rg\u00e1s.<\/li>\n<li>Haszn\u00e1lat el\u0151tt a g\u00e9pen tesztelje a karhenger m\u0171k\u00f6d\u00e9s\u00e9t.<\/li>\n<\/ol>\n<p><img decoding=\"async\" src=\"https:\/\/www.hydraulic-cylinders.net\/wp-content\/uploads\/2025\/01\/songte-bushings-with-all-kinds-of-excavator-models.webp\"><\/p>\n<h3>Term\u00e9kbiztons\u00e1gi szempontok \u00e9s k\u00f6rnyezeti t\u00e9nyez\u0151k<\/h3>\n<p>A karhenger m\u0171k\u00f6dtet\u00e9sekor szigor\u00faan tartsa be a biztons\u00e1gi el\u0151\u00edr\u00e1sokat \u00e9s ir\u00e1nyelveket. Viseljen v\u00e9d\u0151felszerel\u00e9st, p\u00e9ld\u00e1ul keszty\u0171t, v\u00e9d\u0151szem\u00fcveget \u00e9s sisakot, ha sz\u00fcks\u00e9ges. Ne l\u00e9pje t\u00fal a henger maxim\u00e1lis teherb\u00edr\u00e1s\u00e1t, \u00e9s ker\u00fclje a t\u00falterhel\u00e9st vagy a hirtelen \u00fct\u00e9seket.<\/p>\n<p>A Sany SY365 nagym\u00e9ret\u0171 kotr\u00f3g\u00e9p karhengere k\u00f6rnyezetbar\u00e1t term\u00e9k, \u00fajrahasznos\u00edthat\u00f3 anyagokb\u00f3l k\u00e9sz\u00fclt, \u00e9s hat\u00e9kony, energiatakar\u00e9kos m\u0171k\u00f6d\u00e9sre tervezt\u00e9k. Megfelel a nemzetk\u00f6zi k\u00f6rnyezetv\u00e9delmi el\u0151\u00edr\u00e1soknak \u00e9s szabv\u00e1nyoknak.<\/p>\n<h3>Term\u00e9khib\u00e1k diagnosztiz\u00e1l\u00e1sa \u00e9s gyakori probl\u00e9m\u00e1k<\/h3>\n<p>A Sany SY365 nagym\u00e9ret\u0171 kotr\u00f3g\u00e9p karhenger\u00e9nek gyakori hib\u00e1i \u00e9s probl\u00e9m\u00e1i a k\u00f6vetkez\u0151k:<\/p>\n<ul>\n<li>Olajsziv\u00e1rg\u00e1s<\/li>\n<li>Zaj m\u0171k\u00f6d\u00e9s k\u00f6zben<\/li>\n<li>Lass\u00fa mozg\u00e1s vagy mozg\u00e1s hi\u00e1nya<\/li>\n<li>T\u00falzott rezg\u00e9s<\/li>\n<li>El\u00e9gtelen teljes\u00edtm\u00e9ny vagy er\u0151<\/li>\n<\/ul>\n<h3>Tippek \u00e9s megold\u00e1sok a hib\u00e1k kezel\u00e9s\u00e9re<\/h3>\n<p>A karhengerrel kapcsolatos probl\u00e9m\u00e1k eset\u00e9n k\u00e9rj\u00fck, k\u00f6vesse az al\u00e1bbi tippeket:<\/p>\n<ul>\n<li>Ellen\u0151rizze a hidraulikarendszert olajsziv\u00e1rg\u00e1s vagy elz\u00e1r\u00f3d\u00e1s szempontj\u00e1b\u00f3l, \u00e9s sz\u00fcks\u00e9g eset\u00e9n cser\u00e9lje ki a hidraulikaolajat.<\/li>\n<li>Ellen\u0151rizze a t\u00f6m\u00edt\u0151elemeket s\u00e9r\u00fcl\u00e9s vagy kop\u00e1s szempontj\u00e1b\u00f3l, \u00e9s sz\u00fcks\u00e9g eset\u00e9n cser\u00e9lje ki \u0151ket.<\/li>\n<li>Ellen\u0151rizze a dugatty\u00far\u00fad \u00e9s a hengercs\u0151 s\u00e9r\u00fcl\u00e9s\u00e9t, \u00e9s sz\u00fcks\u00e9g eset\u00e9n cser\u00e9lje ki \u0151ket.<\/li>\n<li>Ellen\u0151rizze a hidraulikat\u00f6ml\u0151ket \u00e9s csatlakoz\u00e1sokat sziv\u00e1rg\u00e1s szempontj\u00e1b\u00f3l, \u00e9s sz\u00fcks\u00e9g eset\u00e9n jav\u00edtsa meg vagy cser\u00e9lje ki \u0151ket.<\/li>\n<li>Ellen\u0151rizze a r\u00f6gz\u00edt\u0151elemeket, \u00e9s sz\u00fcks\u00e9g eset\u00e9n h\u00fazza meg \u0151ket.<\/li>\n<\/ul>\n<h3>A c\u00e9gr\u0151l<\/h3>\n<p>Professzion\u00e1lis hidraulikus hengergy\u00e1rt\u00f3k\u00e9nt m\u0171k\u00f6d\u00fcnk, k\u00fcl\u00f6nf\u00e9le term\u00e9kekre specializ\u00e1l\u00f3dtunk, \u00e9s mind a hazai, mind a nemzetk\u00f6zi piacok egyik vezet\u0151 hidraulikus hengergy\u00e1rt\u00f3j\u00e1v\u00e1 \u00e9s nagykereskedelmi forgalmaz\u00f3j\u00e1v\u00e1 v\u00e1ltunk. Mindig a kiv\u00e1l\u00f3 min\u0151s\u00e9g elv\u00e9t k\u00f6vetj\u00fck, a finomgy\u00e1rt\u00f3 m\u0171helyek ipari termel\u00e9sir\u00e1ny\u00edt\u00e1si strat\u00e9gi\u00e1j\u00e1ra t\u00e1maszkodunk, folyamatosan fejlesztj\u00fck a technol\u00f3giai szintet \u00e9s a termel\u00e9si hat\u00e9konys\u00e1got. Cs\u00facskateg\u00f3ri\u00e1s digit\u00e1lis gy\u00e1rt\u00f3berendez\u00e9sek \u00e9s professzion\u00e1lis tesztel\u0151rendszerek bevezet\u00e9s\u00e9vel folyamatosan optimaliz\u00e1ljuk a gy\u00e1rt\u00e1si platformot, fejlesztj\u00fck a term\u00e9kmin\u0151s\u00e9g-ellen\u0151rz\u00e9si folyamatot, \u00e9s er\u0151s innov\u00e1ci\u00f3s k\u00e9pess\u00e9gekkel rendelkez\u00fcnk. C\u00e9lunk, hogy a hat\u00e9konys\u00e1g, a pontoss\u00e1g \u00e9s a magas min\u0151s\u00e9g elvei alapj\u00e1n kiel\u00e9g\u00edts\u00fck \u00fcgyfeleink sokr\u00e9t\u0171 ig\u00e9nyeit.<\/p>\n<p><img decoding=\"async\" src=\"https:\/\/www.hydraulic-cylinders.net\/wp-content\/uploads\/2025\/01\/songte-company-4.webp\"><br \/>\n<img decoding=\"async\" src=\"https:\/\/www.hydraulic-cylinders.net\/wp-content\/uploads\/2025\/01\/songte-company-3.webp\"><\/p>\n<h3>Szolg\u00e1ltat\u00e1saink<\/h3>\n<ul>\n<li><strong>Szakmaiass\u00e1g:<\/strong> Tapasztalt m\u00e9rn\u00f6k\u00f6kb\u0151l \u00e9s technikusokb\u00f3l \u00e1ll\u00f3 csapatunk professzion\u00e1lis \u00e9s \u00e1tfog\u00f3 t\u00e1mogat\u00e1st tud ny\u00fajtani.<\/li>\n<li><strong>Nemzetk\u00f6zi min\u0151s\u00edt\u00e9s:<\/strong> Term\u00e9keink megfelelnek a nemzetk\u00f6zi szabv\u00e1nyoknak \u00e9s tan\u00fas\u00edtv\u00e1nyoknak, mint p\u00e9ld\u00e1ul az ISO9001, CE \u00e9s ROHS.<\/li>\n<li><strong>Testreszab\u00e1s:<\/strong> Testreszabott szolg\u00e1ltat\u00e1sokat ny\u00fajtunk az \u00fcgyfelek ig\u00e9nyei szerint, bele\u00e9rtve a m\u00e9retet, az anyagokat \u00e9s egy\u00e9b specifik\u00e1ci\u00f3kat.<\/li>\n<li><strong>Gy\u00e1rt\u00f3berendez\u00e9sek:<\/strong> Korszer\u0171 berendez\u00e9sekkel, p\u00e9ld\u00e1ul CNC eszterg\u00e1kkal, mar\u00f3g\u00e9pekkel \u00e9s k\u00f6sz\u00f6r\u0171g\u00e9pekkel rendelkez\u00fcnk a prec\u00edz \u00e9s hat\u00e9kony gy\u00e1rt\u00e1s biztos\u00edt\u00e1sa \u00e9rdek\u00e9ben.<\/li>\n<li><strong>\u00c9rt\u00e9kes\u00edt\u00e9s ut\u00e1ni szolg\u00e1ltat\u00e1s:<\/strong> Kiv\u00e1l\u00f3 min\u0151s\u00e9g\u0171 \u00e9rt\u00e9kes\u00edt\u00e9s ut\u00e1ni szolg\u00e1ltat\u00e1st ny\u00fajtunk, bele\u00e9rtve a m\u0171szaki t\u00e1mogat\u00e1st, a term\u00e9kgaranci\u00e1t \u00e9s a jav\u00edt\u00e1si szolg\u00e1ltat\u00e1sokat.<\/li>\n<\/ul>\n<h3>K\u00f6vetkeztet\u00e9s<\/h3>\n<p>\u00d6sszefoglalva, a Sany SY365 nagym\u00e9ret\u0171 kotr\u00f3g\u00e9p karhengere kritikus fontoss\u00e1g\u00fa alkatr\u00e9sz a hidraulikus rendszerekben, line\u00e1ris mozg\u00e1st \u00e9s teljes\u00edtm\u00e9nyt biztos\u00edt a mechanikus karnak, lehet\u0151v\u00e9 t\u00e9ve a k\u00fcl\u00f6nf\u00e9le m\u0171veleteket k\u00fcl\u00f6nb\u00f6z\u0151 ipar\u00e1gakban \u00e9s forgat\u00f3k\u00f6nyvekben. Nagy hat\u00e9konys\u00e1g\u00e1nak, prec\u00edz vez\u00e9rl\u00e9s\u00e9nek, tart\u00f3ss\u00e1g\u00e1nak, multifunkcion\u00e1lis alkalmazkod\u00f3k\u00e9pess\u00e9g\u00e9nek \u00e9s egyszer\u0171 karbantart\u00e1s\u00e1nak k\u00f6sz\u00f6nhet\u0151en n\u00e9lk\u00fcl\u00f6zhetetlen term\u00e9kk\u00e9 v\u00e1lt a g\u00e9piparban. A hidraulikus hengerek professzion\u00e1lis gy\u00e1rt\u00f3jak\u00e9nt mindig a kiv\u00e1l\u00f3s\u00e1gra t\u00f6reksz\u00fcnk, \u00e9s kiv\u00e1l\u00f3 min\u0151s\u00e9g\u0171 term\u00e9keket \u00e9s szolg\u00e1ltat\u00e1sokat ny\u00fajtunk \u00fcgyfeleink sokr\u00e9t\u0171 ig\u00e9nyeinek kiel\u00e9g\u00edt\u00e9s\u00e9re. <\/p>\n<p><em>Szerz\u0151: lyl<\/em><\/p>","protected":false},"excerpt":{"rendered":"<p>Arm Cylinder for Sany Large Excavator SY365 &#8211; All You Need to Know Introduction Product Definition An arm cylinder is a specially designed hydraulic cylinder used primarily to provide linear motion and power to various types of machinery&#8217;s arm, such as excavators, cranes, and robotic arms. Arm cylinders play a critical role in hydraulic systems, [&hellip;]<\/p>","protected":false},"featured_media":14772,"comment_status":"open","ping_status":"closed","template":"","meta":{"_et_pb_use_builder":"","_et_pb_old_content":"","_et_gb_content_width":""},"product_brand":[],"product_cat":[1497],"product_tag":[1498,1496],"class_list":{"0":"post-16380","1":"product","2":"type-product","3":"status-publish","4":"has-post-thumbnail","6":"product_cat-arm-cylinders","7":"product_tag-arm-cylinders","8":"product_tag-hydraulic-cylinders","10":"first","11":"instock","12":"shipping-taxable","13":"product-type-simple"},"amp_enabled":true,"_links":{"self":[{"href":"https:\/\/www.hydraulic-cylinders.net\/hu\/wp-json\/wp\/v2\/product\/16380","targetHints":{"allow":["GET"]}}],"collection":[{"href":"https:\/\/www.hydraulic-cylinders.net\/hu\/wp-json\/wp\/v2\/product"}],"about":[{"href":"https:\/\/www.hydraulic-cylinders.net\/hu\/wp-json\/wp\/v2\/types\/product"}],"replies":[{"embeddable":true,"href":"https:\/\/www.hydraulic-cylinders.net\/hu\/wp-json\/wp\/v2\/comments?post=16380"}],"wp:featuredmedia":[{"embeddable":true,"href":"https:\/\/www.hydraulic-cylinders.net\/hu\/wp-json\/wp\/v2\/media\/14772"}],"wp:attachment":[{"href":"https:\/\/www.hydraulic-cylinders.net\/hu\/wp-json\/wp\/v2\/media?parent=16380"}],"wp:term":[{"taxonomy":"product_brand","embeddable":true,"href":"https:\/\/www.hydraulic-cylinders.net\/hu\/wp-json\/wp\/v2\/product_brand?post=16380"},{"taxonomy":"product_cat","embeddable":true,"href":"https:\/\/www.hydraulic-cylinders.net\/hu\/wp-json\/wp\/v2\/product_cat?post=16380"},{"taxonomy":"product_tag","embeddable":true,"href":"https:\/\/www.hydraulic-cylinders.net\/hu\/wp-json\/wp\/v2\/product_tag?post=16380"}],"curies":[{"name":"munkaf\u00fczet","href":"https:\/\/api.w.org\/{rel}","templated":true}]}}