{"id":16387,"date":"2025-01-20T09:11:21","date_gmt":"2025-01-20T09:11:21","guid":{"rendered":"https:\/\/www.hydraulic-cylinders.net\/product\/arm-cylinderfor-xcmg-small-excavator-xe15\/"},"modified":"2025-01-20T09:11:23","modified_gmt":"2025-01-20T09:11:23","slug":"arm-cylinderfor-xcmg-small-excavator-xe15","status":"publish","type":"product","link":"https:\/\/www.hydraulic-cylinders.net\/hu\/termek\/arm-cylinderfor-xcmg-small-excavator-xe15\/","title":{"rendered":"Karhenger XCMG kis kotr\u00f3g\u00e9phez XE15"},"content":{"rendered":"<p>Karhenger XCMG kis kotr\u00f3g\u00e9phez XE15 <\/p>\n<p>Bevezet\u00e9s:<br \/>\nA karhenger egy speci\u00e1lisan tervezett hidraulikus henger, amely line\u00e1ris mozg\u00e1st \u00e9s teljes\u00edtm\u00e9nyt biztos\u00edt k\u00fcl\u00f6nf\u00e9le g\u00e9pkarok, p\u00e9ld\u00e1ul kotr\u00f3g\u00e9pek, daruk \u00e9s mechanikus karok sz\u00e1m\u00e1ra. A karhenger kulcsszerepet j\u00e1tszik a hidraulikus rendszerben, lehet\u0151v\u00e9 t\u00e9ve a tartoz\u00e9kok \u00e9s tartoz\u00e9kok mozg\u00e1s\u00e1t \u00e9s hat\u00e9kony vez\u00e9rl\u00e9s\u00e9t. Ezek a hengerek nemcsak sima mozg\u00e1st biztos\u00edtanak, hanem nagy terhel\u00e9seket is elb\u00edrnak, biztos\u00edtva a g\u00e9pek hat\u00e9kony m\u0171k\u00f6d\u00e9s\u00e9t \u00e9s megb\u00edzhat\u00f3s\u00e1g\u00e1t k\u00fcl\u00f6nb\u00f6z\u0151 munkak\u00f6r\u00fclm\u00e9nyek k\u00f6z\u00f6tt.<\/p>\n<p><img decoding=\"async\" src=\"https:\/\/www.hydraulic-cylinders.net\/wp-content\/uploads\/2025\/01\/songte-company-2.webp\"><\/p>\n<p>Meghat\u00e1roz\u00e1s \u00e9s magyar\u00e1zat:<br \/>\nA karhengerek olyan hidraulikus hengerek, amelyeket kifejezetten a g\u00e9pkarok line\u00e1ris mozg\u00e1s\u00e1nak \u00e9s erej\u00e9nek biztos\u00edt\u00e1s\u00e1ra terveztek. Ezek a hengerek a hidraulikus rendszerek kulcsfontoss\u00e1g\u00fa alkatr\u00e9szei, amelyek lehet\u0151v\u00e9 teszik a tartoz\u00e9kok \u00e9s tartoz\u00e9kok mozg\u00e1s\u00e1t \u00e9s hat\u00e9kony vez\u00e9rl\u00e9s\u00e9t. A karhengerek nagy szil\u00e1rds\u00e1g\u00fa anyagokb\u00f3l k\u00e9sz\u00fclnek, amelyek kiv\u00e1l\u00f3 kop\u00e1s- \u00e9s korr\u00f3zi\u00f3\u00e1ll\u00f3 tulajdons\u00e1gokkal rendelkeznek, \u00edgy alkalmasak zord k\u00f6rnyezetben val\u00f3 haszn\u00e1latra. \u00dagy tervezt\u00e9k \u0151ket, hogy k\u00f6nnyen karbantarthat\u00f3k \u00e9s cser\u00e9lhet\u0151k legyenek, cs\u00f6kkentve a berendez\u00e9sek \u00e1ll\u00e1sidej\u00e9t \u00e9s biztos\u00edtva a magas hat\u00e9konys\u00e1got.<\/p>\n<p>F\u0151bb jellemz\u0151k:<br \/>\n1. Nagy hat\u00e9konys\u00e1g\u00fa er\u0151\u00e1tvitel: A karhengerek er\u0151teljes line\u00e1ris mozg\u00e1st \u00e9s er\u0151t biztos\u00edtanak, biztos\u00edtva a g\u00e9pkarok magas hat\u00e9konys\u00e1g\u00e1t k\u00fcl\u00f6nf\u00e9le m\u0171veletek sor\u00e1n.<br \/>\n2. Prec\u00edz vez\u00e9rl\u00e9s: A hidraulikus rendszeren kereszt\u00fcl a karhengerek prec\u00edz mozg\u00e1svez\u00e9rl\u00e9st \u00e9rhetnek el, \u00edgy a tartoz\u00e9kok m\u0171k\u00f6d\u00e9se rugalmasabb \u00e9s pontosabb.<br \/>\n3. Er\u0151s tart\u00f3ss\u00e1g: A karhengerek \u00e1ltal\u00e1ban nagy szil\u00e1rds\u00e1g\u00fa anyagokb\u00f3l k\u00e9sz\u00fclnek, amelyek j\u00f3 kop\u00e1s- \u00e9s korr\u00f3zi\u00f3\u00e1ll\u00f3s\u00e1ggal rendelkeznek, \u00e9s alkalmasak hossz\u00fa t\u00e1v\u00fa haszn\u00e1latra zord k\u00f6rnyezetben.<br \/>\n4. Sokoldal\u00fas\u00e1g: Ezek a hengerek sz\u00e9les k\u00f6rben alkalmazhat\u00f3k k\u00fcl\u00f6nf\u00e9le g\u00e9pipari berendez\u00e9sekben, p\u00e9ld\u00e1ul kotr\u00f3g\u00e9pekben, darukban \u00e9s mechanikus karokban, alkalmazkodva a k\u00fcl\u00f6nb\u00f6z\u0151 munkak\u00f6vetelm\u00e9nyekhez.<br \/>\n5. K\u00f6nny\u0171 karbantart\u00e1s: A kialak\u00edt\u00e1s figyelembe veszi az egyszer\u0171 karbantart\u00e1st \u00e9s cser\u00e9t, \u00edgy a rendszeres ellen\u0151rz\u00e9s \u00e9s karbantart\u00e1s k\u00e9nyelmesebb, cs\u00f6kkentve a berendez\u00e9sek \u00e1ll\u00e1sidej\u00e9t.<\/p>\n<p><img decoding=\"async\" src=\"https:\/\/www.hydraulic-cylinders.net\/wp-content\/uploads\/2025\/01\/songte-oil-pipes-and-spare-parts.webp\"><\/p>\n<p>Alkalmaz\u00e1s:<br \/>\nA karhengereket sz\u00e9les k\u00f6rben haszn\u00e1lj\u00e1k k\u00fcl\u00f6nf\u00e9le ipar\u00e1gakban, p\u00e9ld\u00e1ul az \u00e9p\u00edt\u0151iparban, a gy\u00e1rt\u00e1sban, a mez\u0151gazdas\u00e1gban, a b\u00e1ny\u00e1szatban, a logisztik\u00e1ban \u00e9s a sz\u00e1ll\u00edtm\u00e1nyoz\u00e1sban.<br \/>\n\u2013 \u00c9p\u00edt\u0151m\u00e9rn\u00f6ki munka: A karhengereket kotr\u00f3g\u00e9pek \u00e9s daruk kanalainak vagy g\u00e9mjeinek mozg\u00e1s\u00e1nak vez\u00e9rl\u00e9s\u00e9re haszn\u00e1lj\u00e1k f\u00f6ldmunk\u00e1k, anyagmozgat\u00e1s \u00e9s szerkezeti szerel\u00e9s sor\u00e1n.<br \/>\n\u2013 Gy\u00e1rt\u00e1s: A karhengereket a mechanikus karok mozg\u00e1s\u00e1nak vez\u00e9rl\u00e9s\u00e9re haszn\u00e1lj\u00e1k automatiz\u00e1lt gy\u00e1rt\u00f3sorokon, \u00f6sszeszerel\u00e9si, hegeszt\u00e9si \u00e9s anyagmozgat\u00e1si folyamatok v\u00e9grehajt\u00e1s\u00e1ra, jav\u00edtva a termel\u00e9si hat\u00e9konys\u00e1got \u00e9s a pontoss\u00e1got.<br \/>\n\u2013 Mez\u0151gazdas\u00e1gi g\u00e9pek: A karhengerek ir\u00e1ny\u00edtj\u00e1k a mez\u0151gazdas\u00e1gi g\u00e9pek, p\u00e9ld\u00e1ul a betakar\u00edt\u00f3g\u00e9pek \u00e9s a vet\u0151g\u00e9pek m\u0171k\u00f6dtet\u0151 karjainak mozg\u00e1s\u00e1t, olyan feladatokat l\u00e1tva el, mint az vet\u00e9s, a tr\u00e1gy\u00e1z\u00e1s \u00e9s a betakar\u00edt\u00e1s.<br \/>\n\u2013 B\u00e1ny\u00e1szat: A karhengereket a b\u00e1ny\u00e1szati \u200b\u200bberendez\u00e9sek karjainak mozg\u00e1s\u00e1nak vez\u00e9rl\u00e9s\u00e9re haszn\u00e1lj\u00e1k, b\u00e1ny\u00e1szatot \u00e9s \u00e9rcek sz\u00e1ll\u00edt\u00e1s\u00e1t v\u00e9gezve.<br \/>\n\u2013 Logisztika \u00e9s sz\u00e1ll\u00edt\u00e1s: A karhengerek a targonc\u00e1k \u00e9s anyagmozgat\u00f3 robotok emel\u00e9s\u00e9nek \u00e9s mozg\u00e1s\u00e1nak vez\u00e9rl\u00e9s\u00e9re szolg\u00e1lnak, anyagmozgat\u00e1st \u00e9s rakod\u00e1st biztos\u00edtva.<\/p>\n<p>Tervez\u00e9si szempontok \u00e9s kiv\u00e1laszt\u00e1si krit\u00e9riumok:<br \/>\n\u2013 Teherb\u00edr\u00e1s: A karhenger teherb\u00edr\u00e1s\u00e1nak k\u00e9pesnek kell lennie a m\u0171velethez sz\u00fcks\u00e9ges maxim\u00e1lis terhel\u00e9s elvisel\u00e9s\u00e9re.<br \/>\n\u2013 T\u00f6m\u00edt\u00e9si teljes\u00edtm\u00e9ny: A karhengereknek j\u00f3 t\u00f6m\u00edt\u00e9si teljes\u00edtm\u00e9nyre van sz\u00fcks\u00e9g\u00fck a hidraulikaolaj sziv\u00e1rg\u00e1s\u00e1nak \u00e9s szennyez\u0151d\u00e9s\u00e9nek megakad\u00e1lyoz\u00e1sa, a bels\u0151 alkatr\u00e9szek v\u00e9delme a s\u00e9r\u00fcl\u00e9sekt\u0151l \u00e9s a hossz\u00fa \u00e9lettartam biztos\u00edt\u00e1sa \u00e9rdek\u00e9ben.<br \/>\n\u2013 Tart\u00f3ss\u00e1g: A karos munkahengerek nagy tart\u00f3ss\u00e1got ig\u00e9nyelnek a zord k\u00f6rnyezeti k\u00f6r\u00fclm\u00e9nyek \u00e9s a nagy terhel\u00e9sek elvisel\u00e9s\u00e9hez. A nagy szil\u00e1rds\u00e1g\u00fa anyagok, a prec\u00edzi\u00f3s megmunk\u00e1l\u00e1s \u00e9s a gondos karbantart\u00e1s n\u00f6velheti a munkahenger tart\u00f3ss\u00e1g\u00e1t.<br \/>\n\u2013 Biztons\u00e1g: A karhengereket biztons\u00e1gi funkci\u00f3kkal, p\u00e9ld\u00e1ul nyom\u00e1scs\u00f6kkent\u0151 szelepekkel, leng\u00e9scsillap\u00edt\u00f3kkal \u00e9s v\u00e9szle\u00e1ll\u00edt\u00f3 berendez\u00e9sekkel kell megtervezni, hogy megv\u00e9dj\u00e9k a berendez\u00e9seket \u00e9s a kezel\u0151ket a balesetekt\u0151l.<br \/>\n\u2013 Karbantart\u00e1s: A karhengereket \u00fagy kell kialak\u00edtani, hogy k\u00f6nnyen karbantarthat\u00f3k \u00e9s jav\u00edthat\u00f3k legyenek, lehet\u0151v\u00e9 t\u00e9ve a rendszeres ellen\u0151rz\u00e9seket, az id\u0151ben t\u00f6rt\u00e9n\u0151 karbantart\u00e1st \u00e9s a cser\u00e9t.<\/p>\n<p><img decoding=\"async\" src=\"https:\/\/www.hydraulic-cylinders.net\/wp-content\/uploads\/2025\/01\/songte-cylinder-head-with-all-kinds-excavator-models.webp\"><\/p>\n<p>T\u00f6m\u00edt\u00e9s \u00e9s ken\u00e9s:<br \/>\nA karos munkahengerek k\u00fcl\u00f6nf\u00e9le t\u00f6m\u00edt\u0151elemekre, p\u00e9ld\u00e1ul dugatty\u00fat\u00f6m\u00edt\u00e9sekre, r\u00fadt\u00f6m\u00edt\u00e9sekre \u00e9s ablakt\u00f6rl\u0151 t\u00f6m\u00edt\u00e9sekre vannak sz\u00fcks\u00e9g\u00fck, amelyek kop\u00e1s\u00e1ll\u00f3 anyagokb\u00f3l, p\u00e9ld\u00e1ul poliuret\u00e1nb\u00f3l, nitrilgumib\u00f3l vagy m\u00e1s anyagokb\u00f3l k\u00e9sz\u00fclnek a j\u00f3 t\u00f6m\u00edt\u00e9si teljes\u00edtm\u00e9ny biztos\u00edt\u00e1sa \u00e9rdek\u00e9ben. A hengerfejet \u00e9s a csavarmenet fel\u00fclet\u00e9t gondosan kezelik a kop\u00e1s\u00e1ll\u00f3s\u00e1g fokoz\u00e1sa \u00e9rdek\u00e9ben. A rendszeres hidraulikaolajjal val\u00f3 ken\u00e9s sz\u00fcks\u00e9ges a z\u00f6kken\u0151mentes m\u0171k\u00f6d\u00e9s biztos\u00edt\u00e1s\u00e1hoz \u00e9s a kop\u00e1s cs\u00f6kkent\u00e9s\u00e9hez.<\/p>\n<p>Karbantart\u00e1s \u00e9s megel\u0151z\u0151 int\u00e9zked\u00e9sek:<br \/>\n\u2013 Rendszeres ellen\u0151rz\u00e9s: A karhengereket rendszeresen ellen\u0151rizni kell az esetleges s\u00e9r\u00fcl\u00e9sek, korr\u00f3zi\u00f3 vagy sziv\u00e1rg\u00e1sok \u00e9szlel\u00e9se \u00e9rdek\u00e9ben, \u00e9s id\u0151ben el kell v\u00e9gezni a karbantart\u00e1st \u00e9s jav\u00edt\u00e1st.<br \/>\n\u2013 Tiszt\u00edt\u00e1s: A henger fel\u00fclet\u00e9t tiszt\u00e1n, szennyez\u0151d\u00e9sekt\u0151l \u00e9s t\u00f6rmel\u00e9kekt\u0151l mentesen kell tartani, hogy megakad\u00e1lyozzuk a bels\u0151 alkatr\u00e9szek szennyez\u0151d\u00e9s\u00e9t.<br \/>\n\u2013 Ken\u00e9s: A megfelel\u0151 hidraulikaolajjal t\u00f6rt\u00e9n\u0151 rendszeres ken\u00e9s megel\u0151zheti a kop\u00e1st \u00e9s biztos\u00edthatja a z\u00f6kken\u0151mentes m\u0171k\u00f6d\u00e9st.<br \/>\n\u2013 T\u00f6m\u00edt\u0151elemek cser\u00e9je: Az elkopott t\u00f6m\u00edt\u0151elemeket rendszeresen cser\u00e9lni kell a j\u00f3 t\u00f6m\u00edt\u00e9si teljes\u00edtm\u00e9ny biztos\u00edt\u00e1sa \u00e9rdek\u00e9ben.<br \/>\n\u2013 Biztons\u00e1gi int\u00e9zked\u00e9sek: A biztons\u00e1gi berendez\u00e9seket, p\u00e9ld\u00e1ul a nyom\u00e1scs\u00f6kkent\u0151 szelepeket \u00e9s a leng\u00e9scsillap\u00edt\u00f3kat rendszeresen ellen\u0151rizni kell a megfelel\u0151 m\u0171k\u00f6d\u00e9s biztos\u00edt\u00e1sa \u00e9rdek\u00e9ben.<\/p>\n<p><img decoding=\"async\" src=\"https:\/\/www.hydraulic-cylinders.net\/wp-content\/uploads\/2025\/01\/songte-chushion-collar.webp\"><\/p>\n<p>Telep\u00edt\u00e9si \u00fatmutat\u00f3:<br \/>\n\u2013 Biztons\u00e1gi int\u00e9zked\u00e9sek: Telep\u00edt\u00e9s el\u0151tt gy\u0151z\u0151dj\u00f6n meg arr\u00f3l, hogy a berendez\u00e9s ki van kapcsolva, \u00e9s hogy minden biztons\u00e1gi int\u00e9zked\u00e9s megvan a balesetek elker\u00fcl\u00e9se \u00e9rdek\u00e9ben.<br \/>\n\u2013 Beszerel\u00e9si poz\u00edci\u00f3: Gy\u0151z\u0151dj\u00f6n meg arr\u00f3l, hogy a karhenger a berendez\u00e9s specifik\u00e1ci\u00f3inak megfelel\u0151en a megfelel\u0151 poz\u00edci\u00f3ban van felszerelve.<br \/>\n\u2013 Megh\u00faz\u00e1si nyomat\u00e9k: A csavarmenetet a k\u00edv\u00e1nt nyomat\u00e9kkal kell megh\u00fazni, hogy a henger szil\u00e1rdan r\u00f6gz\u00fclj\u00f6n.<br \/>\n\u2013 Ken\u00e9s: A hengert \u00e9s a t\u00f6m\u00edt\u0151 alkatr\u00e9szeket a beszerel\u00e9s el\u0151tt hidraulikaolajjal kell bekenni.<\/p>\n<p>Biztons\u00e1gi \u00e9s k\u00f6rnyezetv\u00e9delmi szempontok:<br \/>\n\u2013 Biztons\u00e1gi int\u00e9zked\u00e9sek: A kezel\u0151knek megfelel\u0151 k\u00e9pz\u00e9sben kell r\u00e9szes\u00fclni\u00fck a berendez\u00e9s haszn\u00e1lat\u00e1r\u00f3l, \u00e9s a balesetek megel\u0151z\u00e9se \u00e9rdek\u00e9ben be kell tartaniuk az \u00f6sszes biztons\u00e1gi ir\u00e1nyelvet.<br \/>\n\u2013 K\u00f6rnyezetv\u00e9delem: A haszn\u00e1lt hidraulikaolajat \u00e9s az elkopott t\u00f6m\u00edt\u0151elemeket megfelel\u0151en kell \u00e1rtalmatlan\u00edtani a k\u00f6rnyezetszennyez\u00e9s elker\u00fcl\u00e9se \u00e9rdek\u00e9ben.<\/p>\n<p>Hibaelh\u00e1r\u00edt\u00e1s \u00e9s gyakori probl\u00e9m\u00e1k:<br \/>\n\u2013 Gyakori probl\u00e9m\u00e1k: A karhengerek gyakori probl\u00e9m\u00e1i k\u00f6z\u00e9 tartozik az olajsziv\u00e1rg\u00e1s, a rendellenes zaj, az el\u00e9gtelen teljes\u00edtm\u00e9ny \u00e9s a lass\u00fa mozg\u00e1s.<br \/>\n\u2013 Hibaelh\u00e1r\u00edt\u00e1s: A hibaelh\u00e1r\u00edt\u00e1s mag\u00e1ban foglalhatja a t\u00f6m\u00edt\u0151 alkatr\u00e9szek, a hidraulikaolaj szintj\u00e9nek \u00e9s nyom\u00e1s\u00e1nak ellen\u0151rz\u00e9s\u00e9t, az alkatr\u00e9szek kop\u00e1s\u00e1nak vagy s\u00e9r\u00fcl\u00e9s\u00e9nek meg\u00e1llap\u00edt\u00e1s\u00e1t, valamint a csavarmenet feszess\u00e9g\u00e9nek be\u00e1ll\u00edt\u00e1s\u00e1t.<br \/>\n\u2013 Megel\u0151z\u0151 int\u00e9zked\u00e9sek: A rendszeres ellen\u0151rz\u00e9s, karbantart\u00e1s \u00e9s csere cs\u00f6kkentheti a lehets\u00e9ges probl\u00e9m\u00e1kat \u00e9s biztos\u00edthatja a hossz\u00fa \u00e9lettartamot.<\/p>\n<p><img decoding=\"async\" src=\"https:\/\/www.hydraulic-cylinders.net\/wp-content\/uploads\/2025\/01\/songte-bushings-with-all-kinds-of-excavator-models.webp\"><\/p>\n<p>C\u00e9gbemutat\u00f3:<br \/>\nProfesszion\u00e1lis p\u00f3talkatr\u00e9sz hidraulikus henger gy\u00e1rt\u00f3k\u00e9nt sz\u00e9les term\u00e9kv\u00e1laszt\u00e9kkal rendelkez\u00fcnk, \u00e9s a hazai \u00e9s nemzetk\u00f6zi piacok egyik vezet\u0151 hidraulikus henger gy\u00e1rt\u00f3j\u00e1v\u00e1 \u00e9s nagykereskedelmi forgalmaz\u00f3j\u00e1v\u00e1 v\u00e1ltunk. Mindig a kiv\u00e1l\u00f3 min\u0151s\u00e9g elv\u00e9t k\u00f6vetj\u00fck, a finomgy\u00e1rt\u00f3 m\u0171hely ipari termel\u00e9sir\u00e1ny\u00edt\u00e1si strat\u00e9gi\u00e1j\u00e1ra t\u00e1maszkodunk, folyamatosan fejlesztj\u00fck a m\u0171szaki sz\u00ednvonalat \u00e9s a termel\u00e9si hat\u00e9konys\u00e1got. Cs\u00facskateg\u00f3ri\u00e1s digit\u00e1lis gy\u00e1rt\u00f3berendez\u00e9sek \u00e9s professzion\u00e1lis tesztel\u0151rendszerek bevezet\u00e9s\u00e9vel folyamatosan optimaliz\u00e1ljuk a gy\u00e1rt\u00e1si platformot, fejlesztj\u00fck a term\u00e9kmin\u0151s\u00e9g-ellen\u0151rz\u00e9si folyamatot, \u00e9s er\u0151s innov\u00e1ci\u00f3s k\u00e9pess\u00e9gekkel rendelkez\u00fcnk. C\u00e9lunk, hogy hat\u00e9kony, prec\u00edz \u00e9s kiv\u00e1l\u00f3 min\u0151s\u00e9g\u0171 term\u00e9kekkel el\u00e9g\u00edts\u00fck ki \u00fcgyfeleink sokr\u00e9t\u0171 ig\u00e9nyeit.<\/p>\n<p>\u2013 Professzionalizmus: M\u0171szaki csapatunk sz\u00e9lesk\u00f6r\u0171 tapasztalattal rendelkezik a hidraulikus hengerek tervez\u00e9s\u00e9ben \u00e9s gy\u00e1rt\u00e1s\u00e1ban. Professzion\u00e1lis \u00e9s szem\u00e9lyre szabott szolg\u00e1ltat\u00e1sokat ny\u00fajtunk az \u00fcgyfelek egyedi ig\u00e9nyeinek kiel\u00e9g\u00edt\u00e9s\u00e9re.<br \/>\n\u2013 Nemzetk\u00f6zi tan\u00fas\u00edtv\u00e1nyok: Term\u00e9keink olyan nemzetk\u00f6zi tan\u00fas\u00edtv\u00e1nyokkal rendelkeznek, mint az ISO9001, CE \u00e9s SGS, amelyek biztos\u00edtj\u00e1k, hogy term\u00e9keink \u00e9s szolg\u00e1ltat\u00e1saink min\u0151s\u00e9ge megfeleljen a nemzetk\u00f6zi szabv\u00e1nyoknak.<br \/>\n\u2013 Testreszabott szolg\u00e1ltat\u00e1sok: Testreszabott szolg\u00e1ltat\u00e1sokat ny\u00fajtunk az \u00fcgyfelek specifik\u00e1ci\u00f3i, anyagai, sz\u00ednei, csomagol\u00e1sa \u00e9s egy\u00e9b k\u00f6vetelm\u00e9nyei alapj\u00e1n, hogy megfelelj\u00fcnk egyedi ig\u00e9nyeiknek.<br \/>\n\u2013 Gy\u00e1rt\u00f3berendez\u00e9sek: Korszer\u0171 gy\u00e1rt\u00f3berendez\u00e9sekkel rendelkez\u00fcnk, mint p\u00e9ld\u00e1ul CNC megmunk\u00e1l\u00f3k\u00f6zpontok, automata hegeszt\u0151g\u00e9pek \u00e9s hidraulikus vizsg\u00e1l\u00f3g\u00e9pek, a term\u00e9kmin\u0151s\u00e9g biztos\u00edt\u00e1sa \u00e9rdek\u00e9ben.<br \/>\n\u2013 \u00c9rt\u00e9kes\u00edt\u00e9s ut\u00e1ni szolg\u00e1ltat\u00e1s: Minden term\u00e9k\u00fcnkre egy \u00e9v garanci\u00e1t biztos\u00edtunk, \u00e9s id\u0151ben t\u00f6rt\u00e9n\u0151 \u00e9s \u00e1tfog\u00f3 \u00e9rt\u00e9kes\u00edt\u00e9s ut\u00e1ni szolg\u00e1ltat\u00e1sokat k\u00edn\u00e1lunk az \u00fcgyfelek probl\u00e9m\u00e1inak hat\u00e9kony megold\u00e1sa \u00e9rdek\u00e9ben.<\/p>\n<p><img decoding=\"async\" src=\"https:\/\/www.hydraulic-cylinders.net\/wp-content\/uploads\/2025\/01\/songte-company-4.webp\"><br \/>\n<img decoding=\"async\" src=\"https:\/\/www.hydraulic-cylinders.net\/wp-content\/uploads\/2025\/01\/songte-company-3.webp\"><\/p>\n<p>Szerz\u0151: lyl<\/p>","protected":false},"excerpt":{"rendered":"<p>Arm Cylinder for XCMG Small Excavator XE15 Introduction: Arm cylinder is a specially designed hydraulic cylinder that provides linear motion and power for various types of machinery arms, such as excavators, cranes, and mechanical arms. The arm cylinder plays a crucial role in the hydraulic system, enabling attachments and accessories to move and be controlled [&hellip;]<\/p>","protected":false},"featured_media":14779,"comment_status":"open","ping_status":"closed","template":"","meta":{"_et_pb_use_builder":"","_et_pb_old_content":"","_et_gb_content_width":""},"product_brand":[],"product_cat":[1497],"product_tag":[1498,1496],"class_list":{"0":"post-16387","1":"product","2":"type-product","3":"status-publish","4":"has-post-thumbnail","6":"product_cat-arm-cylinders","7":"product_tag-arm-cylinders","8":"product_tag-hydraulic-cylinders","10":"first","11":"instock","12":"shipping-taxable","13":"product-type-simple"},"amp_enabled":true,"_links":{"self":[{"href":"https:\/\/www.hydraulic-cylinders.net\/hu\/wp-json\/wp\/v2\/product\/16387","targetHints":{"allow":["GET"]}}],"collection":[{"href":"https:\/\/www.hydraulic-cylinders.net\/hu\/wp-json\/wp\/v2\/product"}],"about":[{"href":"https:\/\/www.hydraulic-cylinders.net\/hu\/wp-json\/wp\/v2\/types\/product"}],"replies":[{"embeddable":true,"href":"https:\/\/www.hydraulic-cylinders.net\/hu\/wp-json\/wp\/v2\/comments?post=16387"}],"wp:featuredmedia":[{"embeddable":true,"href":"https:\/\/www.hydraulic-cylinders.net\/hu\/wp-json\/wp\/v2\/media\/14779"}],"wp:attachment":[{"href":"https:\/\/www.hydraulic-cylinders.net\/hu\/wp-json\/wp\/v2\/media?parent=16387"}],"wp:term":[{"taxonomy":"product_brand","embeddable":true,"href":"https:\/\/www.hydraulic-cylinders.net\/hu\/wp-json\/wp\/v2\/product_brand?post=16387"},{"taxonomy":"product_cat","embeddable":true,"href":"https:\/\/www.hydraulic-cylinders.net\/hu\/wp-json\/wp\/v2\/product_cat?post=16387"},{"taxonomy":"product_tag","embeddable":true,"href":"https:\/\/www.hydraulic-cylinders.net\/hu\/wp-json\/wp\/v2\/product_tag?post=16387"}],"curies":[{"name":"munkaf\u00fczet","href":"https:\/\/api.w.org\/{rel}","templated":true}]}}