{"id":16389,"date":"2025-01-20T09:11:35","date_gmt":"2025-01-20T09:11:35","guid":{"rendered":"https:\/\/www.hydraulic-cylinders.net\/product\/arm-cylinderfor-xcmg-small-excavator-xe75\/"},"modified":"2025-01-20T09:11:37","modified_gmt":"2025-01-20T09:11:37","slug":"arm-cylinderfor-xcmg-small-excavator-xe75","status":"publish","type":"product","link":"https:\/\/www.hydraulic-cylinders.net\/hu\/termek\/arm-cylinderfor-xcmg-small-excavator-xe75\/","title":{"rendered":"Karhenger XCMG kis kotr\u00f3g\u00e9phez XE75"},"content":{"rendered":"<p>XCMG XE75 kis kotr\u00f3g\u00e9p karhengere: Meghat\u00e1roz\u00e1s \u00e9s magyar\u00e1zat<\/p>\n<p>A karhenger egy speci\u00e1lis hidraulikus henger, amely line\u00e1ris mozg\u00e1st \u00e9s er\u0151t biztos\u00edt k\u00fcl\u00f6nf\u00e9le g\u00e9pek, p\u00e9ld\u00e1ul kotr\u00f3g\u00e9pek, daruk \u00e9s robotkarok karj\u00e1nak. Kritikus szerepet j\u00e1tszik a hidraulikus rendszerben, lehet\u0151v\u00e9 t\u00e9ve a tov\u00e1bbi szersz\u00e1mok vagy tartoz\u00e9kok hat\u00e9kony mozg\u00e1s\u00e1t \u00e9s vez\u00e9rl\u00e9s\u00e9t. Ezek a hengerek nemcsak a sima mozg\u00e1st biztos\u00edtj\u00e1k, hanem a nagy terhel\u00e9seket is elviselik, biztos\u00edtva a g\u00e9pek hat\u00e9kony m\u0171k\u00f6d\u00e9s\u00e9t \u00e9s megb\u00edzhat\u00f3s\u00e1g\u00e1t k\u00fcl\u00f6nb\u00f6z\u0151 munkak\u00f6r\u00fclm\u00e9nyek k\u00f6z\u00f6tt.<\/p>\n<p>Karhenger: Jellemz\u0151k<\/p>\n<p>\u2013 Nagy hat\u00e9konys\u00e1g\u00fa hajt\u00e1s: A karhengerek er\u0151teljes line\u00e1ris mozg\u00e1st \u00e9s er\u0151t biztos\u00edtanak, hogy biztos\u00edts\u00e1k a robotkar nagy teljes\u00edtm\u00e9ny\u0171 m\u0171k\u00f6d\u00e9s\u00e9t k\u00fcl\u00f6nf\u00e9le alkalmaz\u00e1sokban.<br \/>\n\u2013 Prec\u00edz vez\u00e9rl\u00e9s: Hidraulikus rendszerrel a karhengerek pontos mozg\u00e1svez\u00e9rl\u00e9st \u00e9rhetnek el, \u00edgy a tov\u00e1bbi szersz\u00e1mok m\u0171k\u00f6dtet\u00e9se rugalmasabb \u00e9s pontosabb.<br \/>\n\u2013 Er\u0151s tart\u00f3ss\u00e1g: A karos munkahengerek \u00e1ltal\u00e1ban nagy szil\u00e1rds\u00e1g\u00fa anyagokb\u00f3l k\u00e9sz\u00fclnek, amelyek j\u00f3 kop\u00e1s- \u00e9s korr\u00f3zi\u00f3\u00e1ll\u00f3s\u00e1got biztos\u00edtanak, \u00edgy alkalmasak a hossz\u00fa t\u00e1v\u00fa haszn\u00e1latra zord k\u00f6rnyezetben.<br \/>\n\u2013 T\u00f6bbfunkci\u00f3s alkalmazkod\u00f3k\u00e9pess\u00e9g: Ezek a munkahengerek sz\u00e9les k\u00f6rben alkalmazhat\u00f3k k\u00fcl\u00f6nf\u00e9le mechanikus berendez\u00e9sekben, p\u00e9ld\u00e1ul kotr\u00f3g\u00e9pekben, darukban \u00e9s robotkarokban, hogy alkalmazkodjanak a k\u00fcl\u00f6nb\u00f6z\u0151 munkaig\u00e9nyekhez.<br \/>\n\u2013 K\u00f6nny\u0171 karbantart\u00e1s: A kialak\u00edt\u00e1s c\u00e9lja a k\u00f6nny\u0171 karbantart\u00e1s \u00e9s csere, \u00edgy a rendszeres ellen\u0151rz\u00e9s \u00e9s karbantart\u00e1s k\u00e9nyelmesebb, \u00e9s cs\u00f6kken a berendez\u00e9sek \u00e1ll\u00e1sideje.<\/p>\n<p>Ezt a term\u00e9ket el\u0151 tudjuk \u00e1ll\u00edtani, \u00e9s t\u00f6k\u00e9letesen helyettes\u00edtheti ezeket a hidraulikus hengereket.<\/p>\n<p>Karhenger: Alkalmaz\u00e1sok<\/p>\n<p>\u2013 \u00c9p\u00edt\u0151m\u00e9rn\u00f6ki munka: A karhengereket kotr\u00f3g\u00e9pek \u00e9s daruk kanalainak vagy g\u00e9mjeinek mozg\u00e1s\u00e1nak vez\u00e9rl\u00e9s\u00e9re haszn\u00e1lj\u00e1k f\u00f6ldmozgat\u00e1si, anyagmozgat\u00e1si \u00e9s szerkezeti szerel\u00e9si munk\u00e1khoz.<br \/>\n\u2013 Gy\u00e1rt\u00e1s: Az automatiz\u00e1lt gy\u00e1rt\u00f3sorokon karhengereket haszn\u00e1lnak robotkarok mozgat\u00e1s\u00e1ra, \u00f6sszeszerel\u00e9si, hegeszt\u00e9si \u00e9s anyagmozgat\u00e1si folyamatok elv\u00e9gz\u00e9s\u00e9re a termel\u00e9si hat\u00e9konys\u00e1g \u00e9s a pontoss\u00e1g jav\u00edt\u00e1sa \u00e9rdek\u00e9ben.<br \/>\n\u2013 Mez\u0151gazdas\u00e1gi g\u00e9pek: A mez\u0151gazdas\u00e1gi g\u00e9pekben, p\u00e9ld\u00e1ul a betakar\u00edt\u00f3g\u00e9pekben \u00e9s a vet\u0151g\u00e9pekben a karhengerek vez\u00e9rlik a m\u0171k\u00f6dtet\u0151 karok mozg\u00e1s\u00e1t, elv\u00e9gezve a vet\u00e9si, tr\u00e1gy\u00e1z\u00e1si \u00e9s betakar\u00edt\u00e1si feladatokat.<br \/>\n\u2013 B\u00e1ny\u00e1szat: A b\u00e1ny\u00e1szati \u200b\u200bberendez\u00e9sekben a karhengereket a b\u00e1ny\u00e1szati \u200b\u200bberendez\u00e9sek karmozg\u00e1s\u00e1nak vez\u00e9rl\u00e9s\u00e9re haszn\u00e1lj\u00e1k, \u00e9rcb\u00e1ny\u00e1szatot \u00e9s -sz\u00e1ll\u00edt\u00e1st v\u00e9geznek.<br \/>\n\u2013 Logisztika \u00e9s sz\u00e1ll\u00edt\u00e1s: A targonc\u00e1kban \u00e9s anyagmozgat\u00f3 robotokban a karhengereket a vill\u00e1k emel\u00e9s\u00e9nek \u00e9s mozg\u00e1s\u00e1nak vez\u00e9rl\u00e9s\u00e9re haszn\u00e1lj\u00e1k, megval\u00f3s\u00edtva az anyagok kezel\u00e9s\u00e9t \u00e9s egym\u00e1sra rak\u00e1s\u00e1t.<\/p>\n<p>Tervez\u00e9si szempontok \u00e9s kiv\u00e1laszt\u00e1si krit\u00e9riumok<\/p>\n<p>\u2013 Teherb\u00edr\u00e1s: A karhengereket \u00fagy kell megtervezni, hogy ellen\u00e1lljanak a beszerelt g\u00e9pek maxim\u00e1lis terhel\u00e9s\u00e9nek, biztos\u00edtva ezzel a biztons\u00e1gos \u00e9s megb\u00edzhat\u00f3 m\u0171k\u00f6d\u00e9st.<br \/>\n\u2013 T\u00f6m\u00edt\u00e9s: A henger t\u00f6m\u00edt\u00e9s\u00e9t k\u00fcl\u00f6nf\u00e9le t\u00f6m\u00edt\u0151elemek, p\u00e9ld\u00e1ul dugatty\u00fat\u00f6m\u00edt\u00e9sek \u00e9s r\u00fadt\u00f6m\u00edt\u00e9sek biztos\u00edtj\u00e1k, amelyekhez gyakran haszn\u00e1lnak kop\u00e1s\u00e1ll\u00f3 anyagokat, p\u00e9ld\u00e1ul poliuret\u00e1nt \u00e9s nitrilgumit.<br \/>\n\u2013 Tart\u00f3ss\u00e1g: A hengertest \u00e9s a menetes v\u00e9gfel\u00fclet finom megmunk\u00e1l\u00e1s\u00fa a kop\u00e1s\u00e1ll\u00f3s\u00e1g \u00e9s a korr\u00f3zi\u00f3\u00e1ll\u00f3s\u00e1g fokoz\u00e1sa \u00e9rdek\u00e9ben.<br \/>\n\u2013 Biztons\u00e1g: A karhengereket biztons\u00e1gi funkci\u00f3kkal kell ell\u00e1tni a t\u00falterhel\u00e9s, a cs\u0151t\u00f6r\u00e9s \u00e9s az olajsziv\u00e1rg\u00e1s megel\u0151z\u00e9se \u00e9rdek\u00e9ben.<br \/>\n\u2013 Karbantarthat\u00f3s\u00e1g: A karbantart\u00e1s \u00e9s a csere egyszer\u0171s\u00e9g\u00e9nek figyelembev\u00e9tele cs\u00f6kkentheti a berendez\u00e9sek \u00e1ll\u00e1sidej\u00e9t.<\/p>\n<p>A karhenger t\u00f6m\u00edt\u00e9se \u00e9s ken\u00e9se<\/p>\n<p>A henger t\u00f6m\u00edtetts\u00e9g\u00e9t k\u00fcl\u00f6nf\u00e9le t\u00f6m\u00edt\u00e9sek, p\u00e9ld\u00e1ul dugatty\u00fat\u00f6m\u00edt\u00e9sek \u00e9s r\u00fadt\u00f6m\u00edt\u00e9sek biztos\u00edtj\u00e1k. A poliuret\u00e1n \u00e9s a nitrilkaucsuk a t\u00f6m\u00edt\u00e9sekhez haszn\u00e1lt gyakori kop\u00e1s\u00e1ll\u00f3 anyagok. A hengertestet \u00e9s a menetes v\u00e9gfel\u00fcletet finoman megmunk\u00e1lj\u00e1k a kop\u00e1s\u00e1ll\u00f3s\u00e1g \u00e9s a korr\u00f3zi\u00f3\u00e1ll\u00f3s\u00e1g fokoz\u00e1sa \u00e9rdek\u00e9ben. A henger hat\u00e9kony m\u0171k\u00f6d\u00e9s\u00e9nek biztos\u00edt\u00e1s\u00e1hoz rendszeres ken\u00e9s sz\u00fcks\u00e9ges.<\/p>\n<p>Megel\u0151z\u0151 karbantart\u00e1s \u00e9s hibaelh\u00e1r\u00edt\u00e1s<\/p>\n<p>A karhengerek rendszeres ellen\u0151rz\u00e9se \u00e9s megel\u0151z\u0151 karbantart\u00e1sa sz\u00fcks\u00e9ges a nem tervezett berendez\u00e9sle\u00e1ll\u00e1sok minimaliz\u00e1l\u00e1sa \u00e9rdek\u00e9ben. Probl\u00e9ma eset\u00e9n a k\u00f6vetkez\u0151 tippek seg\u00edthetnek a probl\u00e9m\u00e1k diagnosztiz\u00e1l\u00e1s\u00e1ban \u00e9s megold\u00e1s\u00e1ban:<\/p>\n<p>\u2013 Ellen\u0151rizze a hengertest, a dugatty\u00far\u00fad \u00e9s a t\u00f6m\u00edt\u0151 alkatr\u00e9szek sziv\u00e1rg\u00e1s\u00e1t vagy s\u00e9r\u00fcl\u00e9s\u00e9t.<br \/>\n\u2013 Ellen\u0151rizze a hidraulikafolyad\u00e9k szintj\u00e9t \u00e9s min\u0151s\u00e9g\u00e9t, hogy megbizonyosodjon arr\u00f3l, hogy megfelel a megadott k\u00f6vetelm\u00e9nyeknek.<br \/>\n\u2013 Ellen\u0151rizze a hidraulikus rendszert, hogy nincs-e l\u00e1that\u00f3 s\u00e9r\u00fcl\u00e9s, \u00e9s a s\u00e9r\u00fclt alkatr\u00e9szeket a lehet\u0151 leghamarabb cser\u00e9lje ki.<\/p>\n<p>Megfelel\u0151 telep\u00edt\u00e9si \u00fatmutat\u00f3<\/p>\n<p>\u2013 Ellen\u0151rizze a palack kompatibilit\u00e1s\u00e1t a g\u00e9ppel, \u00e9s gy\u0151z\u0151dj\u00f6n meg arr\u00f3l, hogy megfelel a m\u0171szaki k\u00f6vetelm\u00e9nyeknek.<br \/>\n\u2013 Ellen\u0151rizze a hidraulikus rendszer tisztas\u00e1g\u00e1t, \u00e9s gy\u0151z\u0151dj\u00f6n meg arr\u00f3l, hogy nincsenek-e szennyez\u0151d\u00e9sek vagy r\u00e9szecsk\u00e9k, amelyek k\u00e1ros\u00edthatj\u00e1k a hengert \u00e9s alkatr\u00e9szeit.<br \/>\n\u2013 Szerelje be a hengert, \u00fcgyelve arra, hogy az illeszkedjen a r\u00f6gz\u00edt\u0151konzolhoz, \u00e9s a csavarok biztons\u00e1gosan meg legyenek h\u00fazva.<\/p>\n<p>Biztons\u00e1gi szempontok \u00e9s k\u00f6rnyezeti t\u00e9nyez\u0151k<\/p>\n<p>A biztons\u00e1g kritikus szempont a karhengerek telep\u00edt\u00e9sekor \u00e9s \u00fczemeltet\u00e9sekor. Fontos betartani a vonatkoz\u00f3 biztons\u00e1gi el\u0151\u00edr\u00e1sokat \u00e9s ir\u00e1nyelveket a balesetek, p\u00e9ld\u00e1ul a t\u00falterhel\u00e9s, a cs\u0151t\u00f6r\u00e9s \u00e9s az olajsziv\u00e1rg\u00e1s megel\u0151z\u00e9se \u00e9rdek\u00e9ben. A karhengereket a k\u00f6rnyezeti t\u00e9nyez\u0151ket is figyelembe v\u00e9ve kell megtervezni, mint p\u00e9ld\u00e1ul a h\u0151m\u00e9rs\u00e9klet, a p\u00e1ratartalom \u00e9s a korr\u00f3zi\u00f3\u00e1ll\u00f3s\u00e1g, hogy k\u00fcl\u00f6nb\u00f6z\u0151 k\u00f6r\u00fclm\u00e9nyek k\u00f6z\u00f6tt is megb\u00edzhat\u00f3an m\u0171k\u00f6djenek.<\/p>\n<p>\u00d6sszefoglalva, professzion\u00e1lis p\u00f3talkatr\u00e9sz hidraulikus henger gy\u00e1rt\u00f3k\u00e9nt sz\u00e9les term\u00e9kv\u00e1laszt\u00e9kkal rendelkez\u00fcnk, \u00e9s a hazai \u00e9s nemzetk\u00f6zi piacok egyik vezet\u0151 hidraulikus henger gy\u00e1rt\u00f3j\u00e1v\u00e1 \u00e9s nagykereskedelmi forgalmaz\u00f3j\u00e1v\u00e1 v\u00e1lunk. Mindig a kiv\u00e1l\u00f3 min\u0151s\u00e9g elv\u00e9t k\u00f6vetj\u00fck, a kifinomult gy\u00e1rt\u00f3m\u0171hely ipari termel\u00e9sir\u00e1ny\u00edt\u00e1si strat\u00e9gi\u00e1j\u00e1ra t\u00e1maszkodunk, folyamatosan fejlesztj\u00fck a m\u0171szaki sz\u00ednvonalat \u00e9s a termel\u00e9si hat\u00e9konys\u00e1got. C\u00e9lunk, hogy nagy hat\u00e9konys\u00e1ggal, prec\u00edzen \u00e9s magas min\u0151s\u00e9gi elvekkel el\u00e9g\u00edts\u00fck ki \u00fcgyfeleink sokr\u00e9t\u0171 ig\u00e9nyeit. Professzion\u00e1lis \u00e9s nemzetk\u00f6zi tan\u00fas\u00edtv\u00e1nnyal, testreszabott szolg\u00e1ltat\u00e1sokkal, korszer\u0171 gy\u00e1rt\u00f3berendez\u00e9sekkel \u00e9s \u00e1tfog\u00f3 \u00e9rt\u00e9kes\u00edt\u00e9s ut\u00e1ni szolg\u00e1ltat\u00e1sokkal rendelkez\u00fcnk.<\/p>","protected":false},"excerpt":{"rendered":"<p>Arm Cylinder for XCMG Small Excavator XE75: Definition and Explanation Arm cylinder is a specialized hydraulic cylinder that provides linear motion and power to the arm of various types of machinery, such as excavators, cranes, and robotic arms. It plays a critical role in the hydraulic system, enabling the efficient movement and control of additional [&hellip;]<\/p>","protected":false},"featured_media":14774,"comment_status":"open","ping_status":"closed","template":"","meta":{"_et_pb_use_builder":"","_et_pb_old_content":"","_et_gb_content_width":""},"product_brand":[],"product_cat":[1497],"product_tag":[1498,1496],"class_list":{"0":"post-16389","1":"product","2":"type-product","3":"status-publish","4":"has-post-thumbnail","6":"product_cat-arm-cylinders","7":"product_tag-arm-cylinders","8":"product_tag-hydraulic-cylinders","10":"first","11":"instock","12":"shipping-taxable","13":"product-type-simple"},"amp_enabled":true,"_links":{"self":[{"href":"https:\/\/www.hydraulic-cylinders.net\/hu\/wp-json\/wp\/v2\/product\/16389","targetHints":{"allow":["GET"]}}],"collection":[{"href":"https:\/\/www.hydraulic-cylinders.net\/hu\/wp-json\/wp\/v2\/product"}],"about":[{"href":"https:\/\/www.hydraulic-cylinders.net\/hu\/wp-json\/wp\/v2\/types\/product"}],"replies":[{"embeddable":true,"href":"https:\/\/www.hydraulic-cylinders.net\/hu\/wp-json\/wp\/v2\/comments?post=16389"}],"wp:featuredmedia":[{"embeddable":true,"href":"https:\/\/www.hydraulic-cylinders.net\/hu\/wp-json\/wp\/v2\/media\/14774"}],"wp:attachment":[{"href":"https:\/\/www.hydraulic-cylinders.net\/hu\/wp-json\/wp\/v2\/media?parent=16389"}],"wp:term":[{"taxonomy":"product_brand","embeddable":true,"href":"https:\/\/www.hydraulic-cylinders.net\/hu\/wp-json\/wp\/v2\/product_brand?post=16389"},{"taxonomy":"product_cat","embeddable":true,"href":"https:\/\/www.hydraulic-cylinders.net\/hu\/wp-json\/wp\/v2\/product_cat?post=16389"},{"taxonomy":"product_tag","embeddable":true,"href":"https:\/\/www.hydraulic-cylinders.net\/hu\/wp-json\/wp\/v2\/product_tag?post=16389"}],"curies":[{"name":"munkaf\u00fczet","href":"https:\/\/api.w.org\/{rel}","templated":true}]}}