{"id":16390,"date":"2025-01-20T09:11:39","date_gmt":"2025-01-20T09:11:39","guid":{"rendered":"https:\/\/www.hydraulic-cylinders.net\/product\/arm-cylinderfor-xcmg-small-excavator-xe85c\/"},"modified":"2025-01-20T09:11:41","modified_gmt":"2025-01-20T09:11:41","slug":"arm-cylinderfor-xcmg-small-excavator-xe85c","status":"publish","type":"product","link":"https:\/\/www.hydraulic-cylinders.net\/hu\/termek\/arm-cylinderfor-xcmg-small-excavator-xe85c\/","title":{"rendered":"Karhenger XCMG kis kotr\u00f3g\u00e9phez XE85C"},"content":{"rendered":"<h2>Karhenger XCMG kis kotr\u00f3g\u00e9phez XE85C<\/h2>\n<h3>Bevezet\u00e9s<\/h3>\n<p>A karhenger egy speci\u00e1lis hidraulikus henger, amelyet k\u00fcl\u00f6nf\u00e9le g\u00e9pkarok, p\u00e9ld\u00e1ul kotr\u00f3g\u00e9pek, daruk \u00e9s robotkarok line\u00e1ris mozg\u00e1s\u00e1nak \u00e9s erej\u00e9nek biztos\u00edt\u00e1s\u00e1ra haszn\u00e1lnak. A karhenger kulcsszerepet j\u00e1tszik a hidraulikus rendszerben, lehet\u0151v\u00e9 t\u00e9ve a tov\u00e1bbi szersz\u00e1mok vagy tartoz\u00e9kok hat\u00e9kony mozg\u00e1s\u00e1t \u00e9s vez\u00e9rl\u00e9s\u00e9t. Ezek a hengerek nemcsak sima mozg\u00e1st biztos\u00edtanak, hanem k\u00e9pesek ellen\u00e1llni a nagy terhel\u00e9seknek is, biztos\u00edtva a g\u00e9pek hat\u00e9kony m\u0171k\u00f6d\u00e9s\u00e9t \u00e9s megb\u00edzhat\u00f3s\u00e1g\u00e1t k\u00fcl\u00f6nb\u00f6z\u0151 munkak\u00f6r\u00fclm\u00e9nyek k\u00f6z\u00f6tt.<\/p>\n<p><img decoding=\"async\" src=\"https:\/\/www.hydraulic-cylinders.net\/wp-content\/uploads\/2025\/01\/songte-company-2.webp\" alt=\"Karhenger k\u00e9pe\"><\/p>\n<h3>Jellemz\u0151k<\/h3>\n<ul>\n<li>Hat\u00e9kony er\u0151\u00e1tvitel: A karhenger er\u0151s line\u00e1ris mozg\u00e1st \u00e9s er\u0151t biztos\u00edt a g\u00e9pkarok nagy hat\u00e9konys\u00e1g\u00fa teljes\u00edtm\u00e9ny\u00e9nek biztos\u00edt\u00e1sa \u00e9rdek\u00e9ben k\u00fcl\u00f6nf\u00e9le m\u0171veletek sor\u00e1n.<\/li>\n<li>Prec\u00edzi\u00f3s vez\u00e9rl\u00e9s: A hidraulikus rendszeren kereszt\u00fcl a karhenger prec\u00edz mozg\u00e1svez\u00e9rl\u00e9st \u00e9rhet el, \u00edgy a tov\u00e1bbi szersz\u00e1mok m\u0171k\u00f6dtet\u00e9se rugalmasabb \u00e9s pontosabb.<\/li>\n<li>Tart\u00f3s: A karhengerek \u00e1ltal\u00e1ban nagy szil\u00e1rds\u00e1g\u00fa anyagokb\u00f3l k\u00e9sz\u00fclnek, j\u00f3 kop\u00e1s\u00e1ll\u00f3s\u00e1ggal \u00e9s korr\u00f3zi\u00f3\u00e1ll\u00f3s\u00e1ggal rendelkeznek, \u00edgy alkalmasak hossz\u00fa t\u00e1v\u00fa haszn\u00e1latra zord k\u00f6rnyezetben.<\/li>\n<li>T\u00f6bbfunkci\u00f3s alkalmazkod\u00f3k\u00e9pess\u00e9g: Ezek a hengerek sz\u00e9les k\u00f6rben alkalmazhat\u00f3k k\u00fcl\u00f6nf\u00e9le mechanikus berendez\u00e9sekben, p\u00e9ld\u00e1ul kotr\u00f3g\u00e9pekben, darukban \u00e9s robotkarokban, hogy alkalmazkodjanak a k\u00fcl\u00f6nb\u00f6z\u0151 munkak\u00f6vetelm\u00e9nyekhez.<\/li>\n<li>K\u00f6nny\u0171 karbantart\u00e1s: \u00dagy tervezt\u00e9k, hogy k\u00f6nnyen karbantarthat\u00f3 \u00e9s cser\u00e9lhet\u0151 legyen, \u00edgy a rendszeres ellen\u0151rz\u00e9s \u00e9s karbantart\u00e1s k\u00e9nyelmesebb, \u00e9s cs\u00f6kken a berendez\u00e9s \u00e1ll\u00e1sideje.<\/li>\n<\/ul>\n<p>Term\u00e9keink t\u00f6k\u00e9letesen helyettes\u00edthetik ezeket a hidraulikus hengereket. L\u00e1sd az al\u00e1bbi k\u00e9pet:<\/p>\n<p><img decoding=\"async\" src=\"https:\/\/www.hydraulic-cylinders.net\/wp-content\/uploads\/2025\/01\/songte-oil-pipes-and-spare-parts.webp\" alt=\"Hidraulikus henger csere k\u00e9p\"><\/p>\n<h3>Alkalmaz\u00e1sok<\/h3>\n<ul>\n<li><strong>\u00c9p\u00edt\u00e9s:<\/strong> Kotr\u00f3g\u00e9pekn\u00e9l \u00e9s darukn\u00e1l a karhenger a kan\u00e1l vagy a g\u00e9m mozg\u00e1s\u00e1nak vez\u00e9rl\u00e9s\u00e9re szolg\u00e1l, f\u00f6ldmunk\u00e1k, anyagmozgat\u00e1s \u00e9s szerkezeti szerel\u00e9s elv\u00e9gz\u00e9s\u00e9re.<\/li>\n<li><strong>Gy\u00e1rt\u00e1s:<\/strong> Az automatiz\u00e1lt gy\u00e1rt\u00f3sorokon a karhengert robotkarok mozgat\u00e1s\u00e1ra haszn\u00e1lj\u00e1k, \u00f6sszeszerel\u00e9si, hegeszt\u00e9si \u00e9s anyagmozgat\u00e1si folyamatok v\u00e9grehajt\u00e1s\u00e1ra, jav\u00edtva a termel\u00e9si hat\u00e9konys\u00e1got \u00e9s a pontoss\u00e1got.<\/li>\n<li><strong>Mez\u0151gazdas\u00e1gi g\u00e9pek:<\/strong> A mez\u0151gazdas\u00e1gi g\u00e9pekben, p\u00e9ld\u00e1ul a betakar\u00edt\u00f3g\u00e9pekben \u00e9s a vet\u0151g\u00e9pekben a karhenger vez\u00e9rli a m\u0171k\u00f6dtet\u0151 kar mozg\u00e1s\u00e1t, olyan feladatokat l\u00e1tva el, mint a vet\u00e9s, a m\u0171tr\u00e1gy\u00e1z\u00e1s \u00e9s a betakar\u00edt\u00e1s.<\/li>\n<li><strong>B\u00e1ny\u00e1szati:<\/strong> A b\u00e1ny\u00e1szati \u200b\u200bberendez\u00e9sekben a karhengert a b\u00e1ny\u00e1szati \u200b\u200bberendez\u00e9sek karjainak mozg\u00e1s\u00e1nak vez\u00e9rl\u00e9s\u00e9re haszn\u00e1lj\u00e1k, \u00e9rcb\u00e1ny\u00e1szatot \u00e9s -kezel\u00e9st v\u00e9gezve.<\/li>\n<li><strong>Logisztika \u00e9s sz\u00e1ll\u00edt\u00e1s:<\/strong> Targonc\u00e1kban \u00e9s anyagmozgat\u00f3 robotokban a karhenger a vill\u00e1k emel\u00e9s\u00e9nek \u00e9s mozg\u00e1s\u00e1nak vez\u00e9rl\u00e9s\u00e9re szolg\u00e1l, ez\u00e1ltal biztos\u00edtva az anyagmozgat\u00e1st \u00e9s a rakod\u00e1st.<\/li>\n<\/ul>\n<h3>Tervez\u00e9si szempontok \u00e9s kiv\u00e1laszt\u00e1si krit\u00e9riumok<\/h3>\n<ul>\n<li><strong>Teherb\u00edr\u00e1s:<\/strong> A karhengernek k\u00e9pesnek kell lennie arra, hogy ellen\u00e1lljon a tervezett alkalmaz\u00e1s sor\u00e1n fell\u00e9p\u0151 terhel\u00e9snek.<\/li>\n<li><strong>T\u00f6m\u00edt\u00e9s:<\/strong> A karhenger k\u00fcl\u00f6nf\u00e9le t\u00f6m\u00edt\u0151elemeket haszn\u00e1l, p\u00e9ld\u00e1ul dugatty\u00fat\u00f6m\u00edt\u00e9seket \u00e9s r\u00fadt\u00f6m\u00edt\u00e9seket, amelyeknek kop\u00e1s\u00e1ll\u00f3 anyagokb\u00f3l, p\u00e9ld\u00e1ul poliuret\u00e1nb\u00f3l \u00e9s nitrilgumib\u00f3l kell k\u00e9sz\u00fclni\u00fck a hidraulikafolyad\u00e9k sziv\u00e1rg\u00e1s\u00e1nak megakad\u00e1lyoz\u00e1sa \u00e9rdek\u00e9ben.<\/li>\n<li><strong>Tart\u00f3ss\u00e1g:<\/strong> A karhengernek nagy szil\u00e1rds\u00e1g\u00fa anyagokb\u00f3l kell k\u00e9sz\u00fclnie, hogy ellen\u00e1lljon a zord munkak\u00f6rnyezetnek \u00e9s hossz\u00fa \u00e9lettartammal rendelkezzen.<\/li>\n<li><strong>Biztons\u00e1g:<\/strong> A karhengert a biztons\u00e1g szem el\u0151tt tart\u00e1s\u00e1val kell megtervezni, olyan funkci\u00f3kkal, mint a t\u00falterhel\u00e9s elleni v\u00e9delem, a v\u00e9szle\u00e1ll\u00edt\u00f3 \u00e9s az \u00fctk\u00f6z\u00e9sg\u00e1tl\u00f3 rendszerek.<\/li>\n<li><strong>Karbantarthat\u00f3s\u00e1g:<\/strong> A karhengert \u00fagy kell kialak\u00edtani, hogy k\u00f6nnyen karbantarthat\u00f3 \u00e9s jav\u00edthat\u00f3 legyen, olyan jellemz\u0151kkel, mint a hozz\u00e1f\u00e9rhet\u0151 szervizny\u00edl\u00e1sok \u00e9s a cser\u00e9lhet\u0151 alkatr\u00e9szek.<\/li>\n<\/ul>\n<p><img decoding=\"async\" src=\"https:\/\/www.hydraulic-cylinders.net\/wp-content\/uploads\/2025\/01\/songte-cylinder-head-with-all-kinds-excavator-models.webp\" alt=\"Karhenger tervez\u00e9si k\u00e9pe\"><\/p>\n<h3>T\u00f6m\u00edt\u00e9s \u00e9s ken\u00e9s<\/h3>\n<p>A karhenger k\u00fcl\u00f6nf\u00e9le t\u00f6m\u00edt\u0151elemeket haszn\u00e1l a hidraulikafolyad\u00e9k sziv\u00e1rg\u00e1s\u00e1nak megakad\u00e1lyoz\u00e1s\u00e1ra, p\u00e9ld\u00e1ul dugatty\u00fat\u00f6m\u00edt\u00e9seket, r\u00fadt\u00f6m\u00edt\u00e9seket \u00e9s kop\u00f3gy\u0171r\u0171ket. Ezek a t\u00f6m\u00edt\u0151elemek kop\u00e1s\u00e1ll\u00f3 anyagokb\u00f3l, p\u00e9ld\u00e1ul poliuret\u00e1nb\u00f3l \u00e9s nitrilgumib\u00f3l k\u00e9sz\u00fclnek. A hengerfej, a r\u00fad \u00e9s a v\u00e9gz\u00e1r\u00f3 fel\u00fcletei finoman megmunk\u00e1ltak a kop\u00e1s\u00e1ll\u00f3s\u00e1g jav\u00edt\u00e1sa \u00e9rdek\u00e9ben. A karhenger rendszeres ken\u00e9st ig\u00e9nyel megfelel\u0151 mennyis\u00e9g\u0171 hidraulikaolajjal a z\u00f6kken\u0151mentes m\u0171k\u00f6d\u00e9s biztos\u00edt\u00e1sa \u00e9s a t\u00f6m\u00edt\u0151elemek id\u0151 el\u0151tti kop\u00e1s\u00e1nak megakad\u00e1lyoz\u00e1sa \u00e9rdek\u00e9ben.<\/p>\n<h3>Karbantart\u00e1s \u00e9s megel\u0151z\u0151 int\u00e9zked\u00e9sek<\/h3>\n<ul>\n<li>Rendszeresen ellen\u0151rizze a karhengert kop\u00e1s \u00e9s s\u00e9r\u00fcl\u00e9sek jelei szempontj\u00e1b\u00f3l, \u00e9s azonnal cser\u00e9lje ki a kopott vagy s\u00e9r\u00fclt alkatr\u00e9szeket.<\/li>\n<li>Rendszeresen kenje meg a kar henger\u00e9t megfelel\u0151 mennyis\u00e9g\u0171 hidraulikaolajjal.<\/li>\n<li>A hidraulikus rendszer megfelel\u0151 m\u0171k\u00f6d\u00e9s\u00e9nek biztos\u00edt\u00e1sa \u00e9rdek\u00e9ben rendszeresen ellen\u0151rizze \u00e9s karbantartsa a rendszert.<\/li>\n<li>K\u00f6vesse a gy\u00e1rt\u00f3 telep\u00edt\u00e9si \u00e9s karbantart\u00e1si utas\u00edt\u00e1sait.<\/li>\n<li>Hidraulikus berendez\u00e9sekkel v\u00e9gzett munka sor\u00e1n tartsa be az \u00f6sszes biztons\u00e1gi \u00f3vint\u00e9zked\u00e9st.<\/li>\n<\/ul>\n<p><img decoding=\"async\" src=\"https:\/\/www.hydraulic-cylinders.net\/wp-content\/uploads\/2025\/01\/songte-chushion-collar.webp\" alt=\"Karhenger karbantart\u00e1si k\u00e9p\"><\/p>\n<h3>Telep\u00edt\u00e9si \u00fatmutat\u00f3<\/h3>\n<p>Telep\u00edt\u00e9s el\u0151tt ellen\u0151rizze, hogy a kar munkahengere kompatibilis-e a g\u00e9ppel \u00e9s a tartoz\u00e9kkal. K\u00f6vesse a gy\u00e1rt\u00f3 telep\u00edt\u00e9si utas\u00edt\u00e1sait, bele\u00e9rtve a csavarok \u00e9s any\u00e1k nyomat\u00e9k-specifik\u00e1ci\u00f3it is. Gy\u0151z\u0151dj\u00f6n meg arr\u00f3l, hogy minden hidraulikus csatlakoz\u00e1s szoros \u00e9s megfelel\u0151en t\u00f6m\u00edtett. Telep\u00edt\u00e9s ut\u00e1n ellen\u0151rizze a sziv\u00e1rg\u00e1st, \u00e9s v\u00e9gezzen m\u0171k\u00f6d\u00e9si tesztet a megfelel\u0151 m\u0171k\u00f6d\u00e9s biztos\u00edt\u00e1sa \u00e9rdek\u00e9ben.<\/p>\n<p><img decoding=\"async\" src=\"https:\/\/www.hydraulic-cylinders.net\/wp-content\/uploads\/2025\/01\/songte-bushings-with-all-kinds-of-excavator-models.webp\" alt=\"Karhenger beszerel\u00e9si k\u00e9pe\"><\/p>\n<h3>Biztons\u00e1gi szempontok \u00e9s k\u00f6rnyezeti t\u00e9nyez\u0151k<\/h3>\n<p>A biztons\u00e1g kritikus szempont a hidraulikus berendez\u00e9sekkel v\u00e9gzett munka sor\u00e1n. A karhengert a biztons\u00e1g szem el\u0151tt tart\u00e1s\u00e1val kell megtervezni, olyan funkci\u00f3kkal, mint a t\u00falterhel\u00e9s elleni v\u00e9delem, a v\u00e9szle\u00e1ll\u00edt\u00f3 \u00e9s az \u00fctk\u00f6z\u00e9sg\u00e1tl\u00f3 rendszerek. A k\u00f6rnyezeti t\u00e9nyez\u0151k, mint p\u00e9ld\u00e1ul a h\u0151m\u00e9rs\u00e9klet, a p\u00e1ratartalom \u00e9s a vegyszereknek val\u00f3 kitetts\u00e9g, szint\u00e9n befoly\u00e1solhatj\u00e1k a karhenger teljes\u00edtm\u00e9ny\u00e9t \u00e9s \u00e9lettartam\u00e1t, \u00e9s ezeket figyelembe kell venni a henger kiv\u00e1laszt\u00e1sakor \u00e9s haszn\u00e1latakor.<\/p>\n<h3>Hibaelh\u00e1r\u00edt\u00e1s \u00e9s gyakori probl\u00e9m\u00e1k<\/h3>\n<ul>\n<li>Sziv\u00e1rg\u00f3 hidraulikafolyad\u00e9k: Ellen\u0151rizze a t\u00f6m\u00edt\u00e9sek \u00e9s kop\u00f3gy\u0171r\u0171k s\u00e9r\u00fcl\u00e9s\u00e9t vagy kop\u00e1s\u00e1t, \u00e9s sz\u00fcks\u00e9g eset\u00e9n cser\u00e9lje ki \u0151ket.<\/li>\n<li>Lass\u00fa vagy egyenetlen mozg\u00e1s: Ellen\u0151rizze a hidraulikus rendszer megfelel\u0151 m\u0171k\u00f6d\u00e9s\u00e9t \u00e9s a folyad\u00e9kszinteket.<\/li>\n<li>T\u00falzott zaj vagy rezg\u00e9s: Ellen\u0151rizze a s\u00e9r\u00fclt vagy kopott alkatr\u00e9szeket, p\u00e9ld\u00e1ul csap\u00e1gyakat vagy dugatty\u00fakat, \u00e9s sz\u00fcks\u00e9g eset\u00e9n cser\u00e9lje ki \u0151ket.<\/li>\n<\/ul>\n<h3>Hibaelh\u00e1r\u00edt\u00e1si tippek \u00e9s megold\u00e1sok<\/h3>\n<p>Probl\u00e9ma eset\u00e9n a hibaelh\u00e1r\u00edt\u00e1shoz \u00e9s a jav\u00edt\u00e1shoz olvassa el a gy\u00e1rt\u00f3 utas\u00edt\u00e1sait. Sz\u00fcks\u00e9g eset\u00e9n k\u00e9rjen seg\u00edts\u00e9get egy k\u00e9pzett hidraulikus szerel\u0151t\u0151l. A probl\u00e9m\u00e1k megel\u0151z\u00e9se \u00e9rdek\u00e9ben k\u00f6vesse a gy\u00e1rt\u00f3 karbantart\u00e1si utas\u00edt\u00e1sait, \u00e9s v\u00e9gezzen rendszeres ellen\u0151rz\u00e9seket \u00e9s megel\u0151z\u0151 karbantart\u00e1st.<\/p>\n<p><img decoding=\"async\" src=\"https:\/\/www.hydraulic-cylinders.net\/wp-content\/uploads\/2025\/01\/songte-company-4.webp\" alt=\"C\u00e9gprofil k\u00e9p\"><br \/>\n<img decoding=\"async\" src=\"https:\/\/www.hydraulic-cylinders.net\/wp-content\/uploads\/2025\/01\/songte-company-3.webp\" alt=\"C\u00e9gprofil k\u00e9p\"><\/p>\n<h3>R\u00f3lunk<\/h3>\n<p>Sz\u00e9les term\u00e9kv\u00e1laszt\u00e9kkal rendelkez\u0151 p\u00f3talkatr\u00e9sz-hidraulikus hengerek professzion\u00e1lis gy\u00e1rt\u00f3jak\u00e9nt a hazai \u00e9s nemzetk\u00f6zi piacok egyik vezet\u0151 hidraulikus hengergy\u00e1rt\u00f3j\u00e1v\u00e1 \u00e9s nagykereskedelmi forgalmaz\u00f3j\u00e1v\u00e1 v\u00e1ltunk. Mindig a kiv\u00e1l\u00f3 min\u0151s\u00e9g elv\u00e9t valljuk, kiv\u00e1l\u00f3 gy\u00e1rt\u00f3m\u0171helyeinkben ipari termel\u00e9sir\u00e1ny\u00edt\u00e1si strat\u00e9gi\u00e1kra t\u00e1maszkodunk, \u00e9s folyamatosan fejlesztj\u00fck m\u0171szaki sz\u00ednvonalunkat \u00e9s termel\u00e9si hat\u00e9konys\u00e1gunkat. Cs\u00facskateg\u00f3ri\u00e1s digit\u00e1lis gy\u00e1rt\u00f3berendez\u00e9sek \u00e9s professzion\u00e1lis tesztel\u0151rendszerek bevezet\u00e9s\u00e9vel folyamatosan optimaliz\u00e1ljuk gy\u00e1rt\u00e1si platformunkat \u00e9s fejlesztj\u00fck term\u00e9kmin\u0151s\u00e9g-ellen\u0151rz\u00e9si folyamatunkat, er\u0151s innov\u00e1ci\u00f3s k\u00e9pess\u00e9gekkel. C\u00e9lunk, hogy nagy hat\u00e9konys\u00e1ggal, precizit\u00e1ssal \u00e9s kiv\u00e1l\u00f3 min\u0151s\u00e9gi elvekkel el\u00e9g\u00edts\u00fck ki \u00fcgyfeleink sokr\u00e9t\u0171 ig\u00e9nyeit.<\/p>\n<h3>Szolg\u00e1ltat\u00e1saink<\/h3>\n<ul>\n<li>Professzionalizmus: Professzion\u00e1lis csapatunk technikai t\u00e1mogat\u00e1st \u00e9s szolg\u00e1ltat\u00e1sokat ny\u00fajt.<\/li>\n<li>Nemzetk\u00f6zi min\u0151s\u00edt\u00e9s: Sikeresen teljes\u00edtett\u00fck az ISO9001 nemzetk\u00f6zi min\u0151s\u00e9gir\u00e1ny\u00edt\u00e1si rendszer tan\u00fas\u00edtv\u00e1ny\u00e1t.<\/li>\n<li>Testreszab\u00e1s: Testreszabott szolg\u00e1ltat\u00e1sokat k\u00edn\u00e1lunk, hogy megfelelj\u00fcnk az \u00fcgyfelek egyedi ig\u00e9nyeinek.<\/li>\n<li>Gy\u00e1rt\u00f3berendez\u00e9sek: Korszer\u0171 digit\u00e1lis gy\u00e1rt\u00f3berendez\u00e9sekkel \u00e9s professzion\u00e1lis tesztel\u0151rendszerekkel rendelkez\u00fcnk.<\/li>\n<li>\u00c9rt\u00e9kes\u00edt\u00e9s ut\u00e1ni szolg\u00e1ltat\u00e1s: \u00c1tfog\u00f3 \u00e9rt\u00e9kes\u00edt\u00e9s ut\u00e1ni szolg\u00e1ltat\u00e1st \u00e9s technikai t\u00e1mogat\u00e1st ny\u00fajtunk az \u00fcgyfelek el\u00e9gedetts\u00e9g\u00e9nek biztos\u00edt\u00e1sa \u00e9rdek\u00e9ben.<\/li>\n<\/ul>\n<p>Szerz\u0151: lyl<\/p>","protected":false},"excerpt":{"rendered":"<p>Arm Cylinder for XCMG Small Excavator XE85C Introduction An arm cylinder is a specialized hydraulic cylinder used to provide linear motion and power to various machinery arms, such as excavators, cranes, and robotic arms. The arm cylinder plays a crucial role in the hydraulic system, allowing for effective movement and control of additional tools or [&hellip;]<\/p>","protected":false},"featured_media":14772,"comment_status":"open","ping_status":"closed","template":"","meta":{"_et_pb_use_builder":"","_et_pb_old_content":"","_et_gb_content_width":""},"product_brand":[],"product_cat":[1497],"product_tag":[1498,1496],"class_list":{"0":"post-16390","1":"product","2":"type-product","3":"status-publish","4":"has-post-thumbnail","6":"product_cat-arm-cylinders","7":"product_tag-arm-cylinders","8":"product_tag-hydraulic-cylinders","10":"first","11":"instock","12":"shipping-taxable","13":"product-type-simple"},"amp_enabled":true,"_links":{"self":[{"href":"https:\/\/www.hydraulic-cylinders.net\/hu\/wp-json\/wp\/v2\/product\/16390","targetHints":{"allow":["GET"]}}],"collection":[{"href":"https:\/\/www.hydraulic-cylinders.net\/hu\/wp-json\/wp\/v2\/product"}],"about":[{"href":"https:\/\/www.hydraulic-cylinders.net\/hu\/wp-json\/wp\/v2\/types\/product"}],"replies":[{"embeddable":true,"href":"https:\/\/www.hydraulic-cylinders.net\/hu\/wp-json\/wp\/v2\/comments?post=16390"}],"wp:featuredmedia":[{"embeddable":true,"href":"https:\/\/www.hydraulic-cylinders.net\/hu\/wp-json\/wp\/v2\/media\/14772"}],"wp:attachment":[{"href":"https:\/\/www.hydraulic-cylinders.net\/hu\/wp-json\/wp\/v2\/media?parent=16390"}],"wp:term":[{"taxonomy":"product_brand","embeddable":true,"href":"https:\/\/www.hydraulic-cylinders.net\/hu\/wp-json\/wp\/v2\/product_brand?post=16390"},{"taxonomy":"product_cat","embeddable":true,"href":"https:\/\/www.hydraulic-cylinders.net\/hu\/wp-json\/wp\/v2\/product_cat?post=16390"},{"taxonomy":"product_tag","embeddable":true,"href":"https:\/\/www.hydraulic-cylinders.net\/hu\/wp-json\/wp\/v2\/product_tag?post=16390"}],"curies":[{"name":"munkaf\u00fczet","href":"https:\/\/api.w.org\/{rel}","templated":true}]}}