{"id":16405,"date":"2025-01-20T09:12:53","date_gmt":"2025-01-20T09:12:53","guid":{"rendered":"https:\/\/www.hydraulic-cylinders.net\/product\/arm-cylinderfor-xcmg-large-excavator-xe335c\/"},"modified":"2025-01-20T09:12:55","modified_gmt":"2025-01-20T09:12:55","slug":"arm-cylinderfor-xcmg-large-excavator-xe335c","status":"publish","type":"product","link":"https:\/\/www.hydraulic-cylinders.net\/hu\/termek\/arm-cylinderfor-xcmg-large-excavator-xe335c\/","title":{"rendered":"Karhenger XCMG nagy kotr\u00f3g\u00e9phez XE335C"},"content":{"rendered":"<h2>Karhenger XCMG nagy kotr\u00f3g\u00e9phez XE335C<\/h2>\n<p>Az XCMG XE335C nagym\u00e9ret\u0171 kotr\u00f3g\u00e9p karhengere egy speci\u00e1lis hidraulikus henger, amelyet k\u00fcl\u00f6nf\u00e9le g\u00e9pek, p\u00e9ld\u00e1ul kotr\u00f3g\u00e9pek, daruk \u00e9s robotkarok karj\u00e1nak line\u00e1ris mozg\u00e1s\u00e1nak \u00e9s erej\u00e9nek biztos\u00edt\u00e1s\u00e1ra terveztek. A karhenger kulcsszerepet j\u00e1tszik a hidraulikus rendszerekben, lehet\u0151v\u00e9 t\u00e9ve a tov\u00e1bbi szersz\u00e1mok vagy tartoz\u00e9kok hat\u00e9kony mozg\u00e1s\u00e1t \u00e9s vez\u00e9rl\u00e9s\u00e9t. Ezek a hengerek nemcsak a sima mozg\u00e1st biztos\u00edtj\u00e1k, hanem a nagy terhel\u00e9seket is elviselik, biztos\u00edtva a g\u00e9p hat\u00e9kony m\u0171k\u00f6d\u00e9s\u00e9t \u00e9s megb\u00edzhat\u00f3s\u00e1g\u00e1t k\u00fcl\u00f6nb\u00f6z\u0151 munkak\u00f6r\u00fclm\u00e9nyek k\u00f6z\u00f6tt.<\/p>\n<p><img decoding=\"async\" src=\"https:\/\/www.hydraulic-cylinders.net\/wp-content\/uploads\/2025\/01\/songte-company-2.webp\" alt=\"Karhenger\" \/><\/p>\n<h2>A karhenger jellemz\u0151i<\/h2>\n<h3>1. Nagy hat\u00e9konys\u00e1g\u00fa hajt\u00e1s<\/h3>\n<p>A karhenger er\u0151teljes line\u00e1ris mozg\u00e1st \u00e9s er\u0151t biztos\u00edt, biztos\u00edtva a g\u00e9pkar nagy teljes\u00edtm\u00e9ny\u00e9t k\u00fcl\u00f6nf\u00e9le m\u0171veletek sor\u00e1n.<\/p>\n<h3>2. Prec\u00edz vez\u00e9rl\u00e9s<\/h3>\n<p>A hidraulikus rendszeren kereszt\u00fcl a karhenger prec\u00edz mozg\u00e1svez\u00e9rl\u00e9st tesz lehet\u0151v\u00e9, \u00edgy a csatlakoztatott eszk\u00f6z\u00f6k m\u0171k\u00f6dtet\u00e9se rugalmasabb \u00e9s pontosabb.<\/p>\n<h3>3. Er\u0151s tart\u00f3ss\u00e1g<\/h3>\n<p>A karos hengert jellemz\u0151en nagy szil\u00e1rds\u00e1g\u00fa anyagokb\u00f3l gy\u00e1rtj\u00e1k, amelyek kiv\u00e1l\u00f3 kop\u00e1s- \u00e9s korr\u00f3zi\u00f3\u00e1ll\u00f3s\u00e1got biztos\u00edtanak, \u00edgy alkalmass\u00e1 teszik a hossz\u00fa t\u00e1v\u00fa haszn\u00e1latra zord k\u00f6rnyezetben.<\/p>\n<h3>4. Sokoldal\u00fa alkalmazkod\u00f3k\u00e9pess\u00e9g<\/h3>\n<p>Ezek a hengerek sz\u00e9les k\u00f6rben alkalmazhat\u00f3k k\u00fcl\u00f6nf\u00e9le g\u00e9pipari berendez\u00e9sekben, p\u00e9ld\u00e1ul kotr\u00f3g\u00e9pekben, darukban \u00e9s robotkarokban, hogy megfeleljenek a k\u00fcl\u00f6nb\u00f6z\u0151 munkak\u00f6vetelm\u00e9nyeknek.<\/p>\n<h3>5. K\u00f6nny\u0171 karbantart\u00e1s<\/h3>\n<p>A k\u00f6nny\u0171 karbantart\u00e1st \u00e9s cser\u00e9t szem el\u0151tt tartva tervezett karhenger megk\u00f6nny\u00edti a rendszeres ellen\u0151rz\u00e9seket \u00e9s karbantart\u00e1st, cs\u00f6kkentve a berendez\u00e9sek \u00e1ll\u00e1sidej\u00e9t.<\/p>\n<p><img decoding=\"async\" src=\"https:\/\/www.hydraulic-cylinders.net\/wp-content\/uploads\/2025\/01\/songte-oil-pipes-and-spare-parts.webp\" alt=\"Hidraulikus henger\" \/><\/p>\n<h2>A karhenger alkalmaz\u00e1sai<\/h2>\n<p>A karos henger k\u00fcl\u00f6nf\u00e9le ipar\u00e1gakban \u00e9s forgat\u00f3k\u00f6nyvekben alkalmazhat\u00f3:<\/p>\n<h3>1. \u00c9p\u00edt\u0151m\u00e9rn\u00f6ki tudom\u00e1nyok<\/h3>\n<p>Kotr\u00f3g\u00e9pekben \u00e9s darukban a karhenger vez\u00e9rli a kanalak vagy g\u00e9mek mozg\u00e1s\u00e1t f\u00f6ldmunk\u00e1kn\u00e1l, anyagmozgat\u00e1sn\u00e1l \u00e9s szerkezeti telep\u00edt\u00e9sekn\u00e9l.<\/p>\n<h3>2. Gy\u00e1rt\u00e1s<\/h3>\n<p>Az automatiz\u00e1lt gy\u00e1rt\u00f3sorokon a karhenger lehet\u0151v\u00e9 teszi a robotkarok mozgat\u00e1s\u00e1t az \u00f6sszeszerel\u00e9si, hegeszt\u00e9si \u00e9s anyagmozgat\u00e1si folyamatok sor\u00e1n, n\u00f6velve a termel\u00e9si hat\u00e9konys\u00e1got \u00e9s a pontoss\u00e1got.<\/p>\n<h3>3. Mez\u0151gazdas\u00e1gi g\u00e9pek<\/h3>\n<p>A mez\u0151gazdas\u00e1gi g\u00e9pekben, p\u00e9ld\u00e1ul a betakar\u00edt\u00f3g\u00e9pekben \u00e9s a vet\u0151g\u00e9pekben a karhenger vez\u00e9rli a m\u0171k\u00f6dtet\u0151 karok mozg\u00e1s\u00e1t olyan feladatokhoz, mint az vet\u00e9s, a tr\u00e1gy\u00e1z\u00e1s \u00e9s a betakar\u00edt\u00e1s.<\/p>\n<h3>4. B\u00e1ny\u00e1szat<\/h3>\n<p>A b\u00e1ny\u00e1szati \u200b\u200bberendez\u00e9sekben a karhenger vez\u00e9rli a b\u00e1ny\u00e1szati \u200b\u200bg\u00e9pek karjainak mozg\u00e1s\u00e1t az \u00e9rc kitermel\u00e9se \u00e9s sz\u00e1ll\u00edt\u00e1sa sor\u00e1n.<\/p>\n<h3>5. Logisztika \u00e9s sz\u00e1ll\u00edt\u00e1s<\/h3>\n<p>A targonc\u00e1kban \u00e9s anyagmozgat\u00f3 robotokban a karhenger vez\u00e9rli a vill\u00e1k emel\u00e9s\u00e9t \u00e9s mozg\u00e1s\u00e1t, lehet\u0151v\u00e9 t\u00e9ve az anyagmozgat\u00e1st \u00e9s a rakod\u00e1st.<\/p>\n<p><img decoding=\"async\" src=\"https:\/\/www.hydraulic-cylinders.net\/wp-content\/uploads\/2025\/01\/songte-cylinder-head-with-all-kinds-excavator-models.webp\" alt=\"Karhenger alkalmaz\u00e1sok\" \/><\/p>\n<h2>Tervez\u00e9si szempontok \u00e9s kiv\u00e1laszt\u00e1si krit\u00e9riumok<\/h2>\n<p>A hengerfej tervez\u00e9sekor \u00e9s kiv\u00e1laszt\u00e1sakor sz\u00e1mos t\u00e9nyez\u0151t kell figyelembe venni:<\/p>\n<h3>1. Teherb\u00edr\u00e1s<\/h3>\n<p>A karhengert \u00fagy kell megtervezni, hogy ellen\u00e1lljon az adott alkalmaz\u00e1sban v\u00e1rhat\u00f3 terhel\u00e9seknek \u00e9s er\u0151knek.<\/p>\n<h3>2. T\u00f6m\u00edt\u0151k\u00e9pess\u00e9g<\/h3>\n<p>A hat\u00e9kony t\u00f6m\u00edt\u00e9s biztos\u00edt\u00e1sa \u00e9s a sziv\u00e1rg\u00e1s megel\u0151z\u00e9se \u00e9rdek\u00e9ben k\u00fcl\u00f6nf\u00e9le t\u00f6m\u00edt\u0151elemeket, p\u00e9ld\u00e1ul kop\u00e1s\u00e1ll\u00f3 anyagokb\u00f3l, p\u00e9ld\u00e1ul poliuret\u00e1nb\u00f3l \u00e9s nitrilgumib\u00f3l k\u00e9sz\u00fclt dugatty\u00fat\u00f6m\u00edt\u00e9seket \u00e9s r\u00fadt\u00f6m\u00edt\u00e9seket kell haszn\u00e1lni.<\/p>\n<h3>3. Tart\u00f3ss\u00e1g<\/h3>\n<p>A henger szerkezet\u00e9t, bele\u00e9rtve a hengertest \u00e9s a menetes v\u00e9gek fel\u00fcletkezel\u00e9s\u00e9t is, finoman kell megmunk\u00e1lni a kop\u00e1s\u00e1ll\u00f3s\u00e1g n\u00f6vel\u00e9se \u00e9s az \u00e9lettartam meghosszabb\u00edt\u00e1sa \u00e9rdek\u00e9ben.<\/p>\n<h3>4. Biztons\u00e1g<\/h3>\n<p>A karhengernek meg kell felelnie a biztons\u00e1gi el\u0151\u00edr\u00e1soknak, \u00e9s biztons\u00e1gi funkci\u00f3kkal kell rendelkeznie a m\u0171k\u00f6d\u00e9s k\u00f6zbeni balesetek megel\u0151z\u00e9se \u00e9rdek\u00e9ben.<\/p>\n<h3>5. Karbantarthat\u00f3s\u00e1g<\/h3>\n<p>A tervez\u00e9s sor\u00e1n figyelembe kell venni a k\u00f6nny\u0171 karbantart\u00e1st \u00e9s jav\u00edt\u00e1st, lehet\u0151v\u00e9 t\u00e9ve az alkatr\u00e9szek k\u00e9nyelmes ellen\u0151rz\u00e9s\u00e9t, ken\u00e9s\u00e9t \u00e9s cser\u00e9j\u00e9t.<\/p>\n<p><img decoding=\"async\" src=\"https:\/\/www.hydraulic-cylinders.net\/wp-content\/uploads\/2025\/01\/songte-chushion-collar.webp\" alt=\"Karhenger kialak\u00edt\u00e1sa\" \/><\/p>\n<h2>T\u00f6m\u00edt\u00e9s \u00e9s ken\u00e9s<\/h2>\n<p>A karos henger k\u00fcl\u00f6nf\u00e9le t\u00f6m\u00edt\u0151elemeket haszn\u00e1l, p\u00e9ld\u00e1ul dugatty\u00fat\u00f6m\u00edt\u00e9seket \u00e9s r\u00fadt\u00f6m\u00edt\u00e9seket, amelyek kop\u00e1s\u00e1ll\u00f3 anyagokb\u00f3l, p\u00e9ld\u00e1ul poliuret\u00e1nb\u00f3l \u00e9s nitrilgumib\u00f3l k\u00e9sz\u00fclnek. A hengertest \u00e9s a menetes v\u00e9gek finom megmunk\u00e1l\u00e1son esnek \u00e1t a kop\u00e1s\u00e1ll\u00f3s\u00e1g jav\u00edt\u00e1sa \u00e9rdek\u00e9ben. A megfelel\u0151 mennyis\u00e9g\u0171 hidraulikaolajjal t\u00f6rt\u00e9n\u0151 rendszeres ken\u00e9s sz\u00fcks\u00e9ges a z\u00f6kken\u0151mentes m\u0171k\u00f6d\u00e9s biztos\u00edt\u00e1s\u00e1hoz \u00e9s a henger \u00e9lettartam\u00e1nak meghosszabb\u00edt\u00e1s\u00e1hoz.<\/p>\n<h2>Rendszeres ellen\u0151rz\u00e9s \u00e9s megel\u0151z\u0151 karbantart\u00e1s<\/h2>\n<ul>\n<li>Rendszeresen ellen\u0151rizze a karhengert kop\u00e1s, sziv\u00e1rg\u00e1s vagy s\u00e9r\u00fcl\u00e9s jelei szempontj\u00e1b\u00f3l.<\/li>\n<li>Ellen\u0151rizze a hidraulikafolyad\u00e9k szintj\u00e9t \u00e9s min\u0151s\u00e9g\u00e9t a megfelel\u0151 ken\u00e9s \u00e9s tisztas\u00e1g biztos\u00edt\u00e1sa \u00e9rdek\u00e9ben.<\/li>\n<li>V\u00e9gezzen el rendszeres karbantart\u00e1si feladatokat, p\u00e9ld\u00e1ul tiszt\u00edt\u00e1st, ken\u00e9st \u00e9s az alkatr\u00e9szek megh\u00faz\u00e1s\u00e1t.<\/li>\n<li>A tov\u00e1bbi k\u00e1rosod\u00e1s vagy meghib\u00e1sod\u00e1s megel\u0151z\u00e9se \u00e9rdek\u00e9ben halad\u00e9ktalanul cser\u00e9lje ki az elkopott t\u00f6m\u00edt\u00e9seket \u00e9s a s\u00e9r\u00fclt alkatr\u00e9szeket.<\/li>\n<li>K\u00f6vesse a gy\u00e1rt\u00f3 aj\u00e1nl\u00e1sait \u00e9s ir\u00e1nyelveit a megel\u0151z\u0151 karbantart\u00e1ssal kapcsolatban.<\/li>\n<\/ul>\n<h2>Term\u00e9ktelep\u00edt\u00e9si \u00fatmutat\u00f3<\/h2>\n<p>A karhenger megfelel\u0151 beszerel\u00e9se kulcsfontoss\u00e1g\u00fa a teljes\u00edtm\u00e9nye \u00e9s hossz\u00fa \u00e9lettartama szempontj\u00e1b\u00f3l. K\u00f6vesse az al\u00e1bbi l\u00e9p\u00e9seket:<\/p>\n<ol>\n<li>Gy\u0151z\u0151dj\u00f6n meg arr\u00f3l, hogy a kotr\u00f3g\u00e9p vagy a munkag\u00e9p ki van kapcsolva, \u00e9s a hidraulikus rendszer nyom\u00e1smentes.<\/li>\n<li>Biztons\u00e1gosan r\u00f6gz\u00edtse a karhengert a g\u00e9pen kijel\u00f6lt r\u00f6gz\u00edt\u00e9si pontokhoz, a gy\u00e1rt\u00f3 utas\u00edt\u00e1sait k\u00f6vetve.<\/li>\n<li>H\u00fazza meg az \u00f6sszes csatlakoz\u00e1st \u00e9s r\u00f6gz\u00edt\u0151elemet a megadott nyomat\u00e9kkal.<\/li>\n<li>Csatlakoztassa a hidraulikus t\u00f6ml\u0151ket \u00e9s szerelv\u00e9nyeket, \u00fcgyelve a megfelel\u0151 illeszt\u00e9sre \u00e9s t\u00f6m\u00edt\u00e9sre.<\/li>\n<li>T\u00f6ltse fel a hidraulikarendszert az aj\u00e1nlott hidraulikafolyad\u00e9kkal.<\/li>\n<li>A g\u00e9p \u00fczembe helyez\u00e9se el\u0151tt alapos ellen\u0151rz\u00e9st kell v\u00e9gezni a megfelel\u0151 telep\u00edt\u00e9s \u00e9s m\u0171k\u00f6d\u00e9s biztos\u00edt\u00e1sa \u00e9rdek\u00e9ben.<\/li>\n<\/ol>\n<p><img decoding=\"async\" src=\"https:\/\/www.hydraulic-cylinders.net\/wp-content\/uploads\/2025\/01\/songte-bushings-with-all-kinds-of-excavator-models.webp\" alt=\"Karhenger beszerel\u00e9se\" \/><\/p>\n<h2>Biztons\u00e1gi szempontok \u00e9s k\u00f6rnyezeti t\u00e9nyez\u0151k<\/h2>\n<p>A karhenger haszn\u00e1latakor elengedhetetlen a biztons\u00e1gi int\u00e9zked\u00e9sek priorit\u00e1sk\u00e9nt val\u00f3 kezel\u00e9se a balesetek megel\u0151z\u00e9se, valamint a kezel\u0151k \u00e9s a k\u00f6rnyez\u0151 szem\u00e9lyzet j\u00f3l\u00e9t\u00e9nek biztos\u00edt\u00e1sa \u00e9rdek\u00e9ben. A biztons\u00e1gi protokollok \u00e9s el\u0151\u00edr\u00e1sok betart\u00e1sa rendk\u00edv\u00fcl fontos. Ezenk\u00edv\u00fcl a k\u00f6rnyezeti t\u00e9nyez\u0151ket is figyelembe kell venni a g\u00e9p m\u0171k\u00f6d\u00e9se \u00e1ltal okozott k\u00e1ros hat\u00e1sok enyh\u00edt\u00e9se \u00e9rdek\u00e9ben.<\/p>\n<h2>Hibadiagn\u00f3zis \u00e9s gyakori probl\u00e9m\u00e1k<\/h2>\n<p>B\u00e1r a karhenger megb\u00edzhat\u00f3 kialak\u00edt\u00e1s\u00fa, bizonyos hib\u00e1k \u00e9s probl\u00e9m\u00e1k el\u0151fordulhatnak. N\u00e9h\u00e1ny gyakori probl\u00e9ma a k\u00f6vetkez\u0151:<\/p>\n<ul>\n<li>Sziv\u00e1rg\u00e1s a t\u00f6m\u00edt\u00e9sekb\u0151l vagy csatlakoz\u00e1sokb\u00f3l<\/li>\n<li>A kar lass\u00fa vagy el\u00e9gtelen mozg\u00e1sa<\/li>\n<li>Rendellenes zaj m\u0171k\u00f6d\u00e9s k\u00f6zben<\/li>\n<li>Inkonzisztens vagy r\u00e1ngat\u00f3z\u00f3 mozg\u00e1s<\/li>\n<li>A poz\u00edci\u00f3 megtart\u00e1s\u00e1nak vagy fenntart\u00e1s\u00e1nak elmulaszt\u00e1sa<\/li>\n<\/ul>\n<p>Amikor ezekkel a probl\u00e9m\u00e1kkal tal\u00e1lkozik, k\u00f6vesse az al\u00e1bbi tippeket \u00e9s megold\u00e1sokat:<\/p>\n<ul>\n<li>Vizsg\u00e1lja meg a t\u00f6m\u00edt\u00e9seket \u00e9s csatlakoz\u00e1sokat s\u00e9r\u00fcl\u00e9s vagy kop\u00e1s szempontj\u00e1b\u00f3l, \u00e9s sz\u00fcks\u00e9g eset\u00e9n cser\u00e9lje ki.<\/li>\n<li>Ellen\u0151rizze a hidraulikafolyad\u00e9k szintj\u00e9t \u00e9s min\u0151s\u00e9g\u00e9t, sz\u00fcks\u00e9g szerint t\u00f6ltse fel vagy cser\u00e9lje ki.<\/li>\n<li>Biztos\u00edtsa a henger \u00e9s a kapcsol\u00f3d\u00f3 alkatr\u00e9szek megfelel\u0151 be\u00e1ll\u00edt\u00e1s\u00e1t \u00e9s be\u00e1ll\u00edt\u00e1s\u00e1t.<\/li>\n<li>Kenje meg a mozg\u00f3 alkatr\u00e9szeket, \u00e9s ellen\u0151rizze, hogy nincs-e akad\u00e1ly vagy t\u00f6rmel\u00e9k, ami befoly\u00e1solja a kar mozg\u00e1s\u00e1t.<\/li>\n<li>Ha a probl\u00e9m\u00e1k tov\u00e1bbra is fenn\u00e1llnak, forduljon szakemberhez, vagy tov\u00e1bbi seg\u00edts\u00e9g\u00e9rt forduljon a gy\u00e1rt\u00f3hoz.<\/li>\n<\/ul>\n<p><img decoding=\"async\" src=\"https:\/\/www.hydraulic-cylinders.net\/wp-content\/uploads\/2025\/01\/songte-chushion-collar.webp\" alt=\"Karhenger hibadiagn\u00f3zis\" \/><\/p>\n<p>Szerz\u0151: lyl<\/p>\n<h2>C\u00e9g\u00fcnkr\u0151l<\/h2>\n<p>Sz\u00e9les term\u00e9kv\u00e1laszt\u00e9kkal rendelkez\u0151 p\u00f3talkatr\u00e9sz-hidraulikus hengerek professzion\u00e1lis gy\u00e1rt\u00f3ja vagyunk. A hazai \u00e9s a nemzetk\u00f6zi piacok egyik vezet\u0151 hidraulikus hengergy\u00e1rt\u00f3j\u00e1v\u00e1 \u00e9s nagykereskedelmi forgalmaz\u00f3j\u00e1v\u00e1 v\u00e1ltunk. A kiv\u00e1l\u00f3s\u00e1g ir\u00e1nti elk\u00f6telezetts\u00e9g\u00fcnk a kifinomult gy\u00e1rt\u00f3m\u0171hely\u00fcnkben alkalmazott iparos\u00edtott termel\u00e9sir\u00e1ny\u00edt\u00e1si strat\u00e9gi\u00e1kon, valamint a technol\u00f3giai szint\u00fcnk \u00e9s a termel\u00e9s folyamatos fejleszt\u00e9s\u00e9n alapul.<\/p>","protected":false},"excerpt":{"rendered":"<p>Arm CylinderFor XCMG Large Excavator XE335C The Arm Cylinder for XCMG Large Excavator XE335C is a specialized hydraulic cylinder designed to provide linear motion and power to the arm of various types of machinery, such as excavators, cranes, and robotic arms. The arm cylinder plays a key role in hydraulic systems, enabling the efficient movement [&hellip;]<\/p>","protected":false},"featured_media":14786,"comment_status":"open","ping_status":"closed","template":"","meta":{"_et_pb_use_builder":"","_et_pb_old_content":"","_et_gb_content_width":""},"product_brand":[],"product_cat":[1497],"product_tag":[1498,1496],"class_list":{"0":"post-16405","1":"product","2":"type-product","3":"status-publish","4":"has-post-thumbnail","6":"product_cat-arm-cylinders","7":"product_tag-arm-cylinders","8":"product_tag-hydraulic-cylinders","10":"first","11":"instock","12":"shipping-taxable","13":"product-type-simple"},"amp_enabled":true,"_links":{"self":[{"href":"https:\/\/www.hydraulic-cylinders.net\/hu\/wp-json\/wp\/v2\/product\/16405","targetHints":{"allow":["GET"]}}],"collection":[{"href":"https:\/\/www.hydraulic-cylinders.net\/hu\/wp-json\/wp\/v2\/product"}],"about":[{"href":"https:\/\/www.hydraulic-cylinders.net\/hu\/wp-json\/wp\/v2\/types\/product"}],"replies":[{"embeddable":true,"href":"https:\/\/www.hydraulic-cylinders.net\/hu\/wp-json\/wp\/v2\/comments?post=16405"}],"wp:featuredmedia":[{"embeddable":true,"href":"https:\/\/www.hydraulic-cylinders.net\/hu\/wp-json\/wp\/v2\/media\/14786"}],"wp:attachment":[{"href":"https:\/\/www.hydraulic-cylinders.net\/hu\/wp-json\/wp\/v2\/media?parent=16405"}],"wp:term":[{"taxonomy":"product_brand","embeddable":true,"href":"https:\/\/www.hydraulic-cylinders.net\/hu\/wp-json\/wp\/v2\/product_brand?post=16405"},{"taxonomy":"product_cat","embeddable":true,"href":"https:\/\/www.hydraulic-cylinders.net\/hu\/wp-json\/wp\/v2\/product_cat?post=16405"},{"taxonomy":"product_tag","embeddable":true,"href":"https:\/\/www.hydraulic-cylinders.net\/hu\/wp-json\/wp\/v2\/product_tag?post=16405"}],"curies":[{"name":"munkaf\u00fczet","href":"https:\/\/api.w.org\/{rel}","templated":true}]}}