{"id":16406,"date":"2025-01-20T09:12:56","date_gmt":"2025-01-20T09:12:56","guid":{"rendered":"https:\/\/www.hydraulic-cylinders.net\/product\/arm-cylinderfor-xcmg-large-excavator-xe470ck\/"},"modified":"2025-01-20T09:12:58","modified_gmt":"2025-01-20T09:12:58","slug":"arm-cylinderfor-xcmg-large-excavator-xe470ck","status":"publish","type":"product","link":"https:\/\/www.hydraulic-cylinders.net\/hu\/termek\/arm-cylinderfor-xcmg-large-excavator-xe470ck\/","title":{"rendered":"Karhenger XCMG nagy kotr\u00f3g\u00e9phez XE470CK"},"content":{"rendered":"<p>Karhenger XCMG nagy kotr\u00f3g\u00e9phez XE470CK<\/p>\n<p>A karhenger egy speci\u00e1lisan tervezett hidraulikus henger, amelyet els\u0151sorban k\u00fcl\u00f6nf\u00e9le g\u00e9pek, p\u00e9ld\u00e1ul kotr\u00f3g\u00e9pek, daruk \u00e9s robotkarok karj\u00e1nak line\u00e1ris mozg\u00e1s\u00e1nak \u00e9s erej\u00e9nek biztos\u00edt\u00e1s\u00e1ra haszn\u00e1lnak. A karhenger kulcsszerepet j\u00e1tszik a hidraulikus rendszerekben, lehet\u0151v\u00e9 t\u00e9ve a csatlakoztatott szersz\u00e1mok vagy tartoz\u00e9kok mozg\u00e1s\u00e1t \u00e9s hat\u00e9kony vez\u00e9rl\u00e9s\u00e9t. Ezek a hengerek nemcsak sima mozg\u00e1st biztos\u00edtanak, hanem nagy terhel\u00e9seket is elviselnek, biztos\u00edtva a g\u00e9p hat\u00e9kony m\u0171k\u00f6d\u00e9s\u00e9t \u00e9s megb\u00edzhat\u00f3s\u00e1g\u00e1t k\u00fcl\u00f6nb\u00f6z\u0151 munkak\u00f6r\u00fclm\u00e9nyek k\u00f6z\u00f6tt.<\/p>\n<div>\n    <img decoding=\"async\" src=\"https:\/\/www.hydraulic-cylinders.net\/wp-content\/uploads\/2025\/01\/songte-company-2.webp\" alt=\"Karhenger XCMG nagy kotr\u00f3g\u00e9phez XE470CK\">\n<\/div>\n<p>Jellemz\u0151k:<\/p>\n<h2>Hat\u00e9kony er\u0151\u00e1tvitel<\/h2>\n<p>A karhenger er\u0151teljes line\u00e1ris mozg\u00e1st \u00e9s er\u0151t biztos\u00edt, biztos\u00edtva a robotkar nagy hat\u00e9konys\u00e1g\u00fa teljes\u00edtm\u00e9ny\u00e9t k\u00fcl\u00f6nf\u00e9le m\u0171veletek sor\u00e1n.<\/p>\n<h2>Prec\u00edz vez\u00e9rl\u00e9s<\/h2>\n<p>A hidraulikus rendszeren kereszt\u00fcl a karhenger prec\u00edz mozg\u00e1svez\u00e9rl\u00e9st \u00e9rhet el, \u00edgy a csatlakoztatott eszk\u00f6z\u00f6k m\u0171k\u00f6dtet\u00e9se rugalmasabb \u00e9s pontosabb.<\/p>\n<h2>Tart\u00f3s<\/h2>\n<p>A karhengerek \u00e1ltal\u00e1ban nagy szil\u00e1rds\u00e1g\u00fa anyagokb\u00f3l k\u00e9sz\u00fclnek, j\u00f3 kop\u00e1s- \u00e9s korr\u00f3zi\u00f3\u00e1ll\u00f3s\u00e1ggal rendelkeznek, \u00edgy alkalmasak hossz\u00fa t\u00e1v\u00fa haszn\u00e1latra zord k\u00f6rnyezetben.<\/p>\n<h2>T\u00f6bbfunkci\u00f3s alkalmazkod\u00f3k\u00e9pess\u00e9g<\/h2>\n<p>Ezek a munkahengerek sz\u00e9les k\u00f6rben alkalmazhat\u00f3k k\u00fcl\u00f6nf\u00e9le g\u00e9pekben, p\u00e9ld\u00e1ul kotr\u00f3g\u00e9pekben, darukban \u00e9s robotkarokban, hogy alkalmazkodjanak a k\u00fcl\u00f6nb\u00f6z\u0151 munkak\u00f6vetelm\u00e9nyekhez.<\/p>\n<h2>K\u00f6nny\u0171 karbantart\u00e1s<\/h2>\n<p>A k\u00f6nny\u0171 karbantart\u00e1sra \u00e9s cser\u00e9re tervezett hengerek k\u00e9nyelmesebb\u00e9 teszik a rendszeres ellen\u0151rz\u00e9seket \u00e9s karbantart\u00e1st, cs\u00f6kkentve a berendez\u00e9sek \u00e1ll\u00e1sidej\u00e9t.<\/p>\n<div>\n    <img decoding=\"async\" src=\"https:\/\/www.hydraulic-cylinders.net\/wp-content\/uploads\/2025\/01\/songte-oil-pipes-and-spare-parts.webp\" alt=\"Olajcs\u00f6vek \u00e9s alkatr\u00e9szek\">\n<\/div>\n<p>Alkalmaz\u00e1sok:<\/p>\n<h2>\u00c9p\u00edt\u0151m\u00e9rn\u00f6ki<\/h2>\n<p>Kotr\u00f3g\u00e9pekn\u00e9l \u00e9s darukn\u00e1l a karhenger a kan\u00e1l vagy a g\u00e9m mozg\u00e1s\u00e1nak vez\u00e9rl\u00e9s\u00e9re szolg\u00e1l f\u00f6ldmunk\u00e1kn\u00e1l, anyagmozgat\u00e1sn\u00e1l \u00e9s szerkezeti telep\u00edt\u00e9sekn\u00e9l.<\/p>\n<h2>Gy\u00e1rt\u00e1s<\/h2>\n<p>Az automatiz\u00e1lt gy\u00e1rt\u00f3sorokon a karhengert robotkarok mozgat\u00e1s\u00e1ra, \u00f6sszeszerel\u00e9si, hegeszt\u00e9si \u00e9s anyagmozgat\u00e1si folyamatokhoz haszn\u00e1lj\u00e1k a termel\u00e9si hat\u00e9konys\u00e1g \u00e9s a pontoss\u00e1g jav\u00edt\u00e1sa \u00e9rdek\u00e9ben.<\/p>\n<h2>Mez\u0151gazdas\u00e1gi g\u00e9pek<\/h2>\n<p>A mez\u0151gazdas\u00e1gi g\u00e9pekben, p\u00e9ld\u00e1ul a betakar\u00edt\u00f3g\u00e9pekben \u00e9s az \u00fcltet\u0151g\u00e9pekben a karhenger vez\u00e9rli a m\u0171k\u00f6dtet\u0151 kar mozg\u00e1s\u00e1t olyan feladatok elv\u00e9gz\u00e9s\u00e9hez, mint a vet\u00e9s, a m\u0171tr\u00e1gy\u00e1z\u00e1s \u00e9s a betakar\u00edt\u00e1s.<\/p>\n<h2>B\u00e1ny\u00e1szati<\/h2>\n<p>B\u00e1ny\u00e1szati \u200b\u200bberendez\u00e9sekben a karhengert a b\u00e1ny\u00e1szati \u200b\u200bg\u00e9pek karmozg\u00e1s\u00e1nak vez\u00e9rl\u00e9s\u00e9re haszn\u00e1lj\u00e1k, b\u00e1ny\u00e1szathoz \u00e9s anyagmozgat\u00e1shoz.<\/p>\n<h2>Logisztika \u00e9s sz\u00e1ll\u00edtm\u00e1nyoz\u00e1s<\/h2>\n<p>A targonc\u00e1kban \u00e9s anyagmozgat\u00f3 robotokban a karhenger vez\u00e9rli a tehervill\u00e1k emel\u00e9s\u00e9t \u00e9s mozg\u00e1s\u00e1t az anyagmozgat\u00e1s \u00e9s -rakod\u00e1s megval\u00f3s\u00edt\u00e1s\u00e1hoz.<\/p>\n<div>\n    <img decoding=\"async\" src=\"https:\/\/www.hydraulic-cylinders.net\/wp-content\/uploads\/2025\/01\/songte-cylinder-head-with-all-kinds-excavator-models.webp\" alt=\"Hengerfej mindenf\u00e9le kotr\u00f3g\u00e9p modellel\">\n<\/div>\n<p>Tervez\u00e9si szempontok \u00e9s kiv\u00e1laszt\u00e1si krit\u00e9riumok:<\/p>\n<h2>Teherb\u00edr\u00e1s<\/h2>\n<p>A karhengert \u00fagy kell megtervezni, hogy elb\u00edrja a g\u00e9p \u00e1ltal kezelhet\u0151 maxim\u00e1lis terhel\u00e9st a biztons\u00e1gos \u00e9s hat\u00e9kony m\u0171k\u00f6d\u00e9s biztos\u00edt\u00e1sa \u00e9rdek\u00e9ben.<\/p>\n<h2>T\u00f6m\u00edt\u00e9si teljes\u00edtm\u00e9ny<\/h2>\n<p>K\u00fcl\u00f6nb\u00f6z\u0151 t\u00f6m\u00edt\u0151elemeket, p\u00e9ld\u00e1ul dugatty\u00fat\u00f6m\u00edt\u00e9seket \u00e9s r\u00fadt\u00f6m\u00edt\u00e9seket kell haszn\u00e1lni a hidraulikaolaj sziv\u00e1rg\u00e1s\u00e1nak megakad\u00e1lyoz\u00e1s\u00e1ra, hogy biztos\u00edts\u00e1k a g\u00e9p norm\u00e1l m\u0171k\u00f6d\u00e9s\u00e9t.<\/p>\n<h2>Tart\u00f3ss\u00e1g<\/h2>\n<p>A hengernek nagy szil\u00e1rds\u00e1g\u00fa anyagokb\u00f3l kell k\u00e9sz\u00fclnie, j\u00f3 kop\u00e1s- \u00e9s korr\u00f3zi\u00f3\u00e1ll\u00f3s\u00e1ggal, hogy hossz\u00fa t\u00e1von is haszn\u00e1lhat\u00f3 legyen zord k\u00f6rnyezetben.<\/p>\n<h2>Biztons\u00e1g<\/h2>\n<p>A palackot biztons\u00e1gi berendez\u00e9sekkel, p\u00e9ld\u00e1ul t\u00falterhel\u00e9s elleni szelepekkel \u00e9s v\u00e9szle\u00e1ll\u00edt\u00f3 szelepekkel kell felszerelni a balesetek megel\u0151z\u00e9se \u00e9s a biztons\u00e1gos m\u0171k\u00f6d\u00e9s biztos\u00edt\u00e1sa \u00e9rdek\u00e9ben.<\/p>\n<h2>Karbantarthat\u00f3s\u00e1g<\/h2>\n<p>A henger kialak\u00edt\u00e1s\u00e1n\u00e1l figyelembe kell venni az alkatr\u00e9szek egyszer\u0171 karbantart\u00e1s\u00e1t \u00e9s cser\u00e9j\u00e9t, hogy minimaliz\u00e1ljuk az \u00e1ll\u00e1sid\u0151t \u00e9s a karbantart\u00e1si k\u00f6lts\u00e9geket.<\/p>\n<div>\n    <img decoding=\"async\" src=\"https:\/\/www.hydraulic-cylinders.net\/wp-content\/uploads\/2025\/01\/songte-chushion-collar.webp\" alt=\"Chushion gall\u00e9r\">\n<\/div>\n<p>T\u00f6m\u00edt\u00e9s \u00e9s ken\u00e9s:<\/p>\n<p>K\u00fcl\u00f6nb\u00f6z\u0151 t\u00edpus\u00fa t\u00f6m\u00edt\u0151elemeket, p\u00e9ld\u00e1ul dugatty\u00fat\u00f6m\u00edt\u00e9seket \u00e9s r\u00fadt\u00f6m\u00edt\u00e9seket kell haszn\u00e1lni a hidraulikaolaj sziv\u00e1rg\u00e1s\u00e1nak megakad\u00e1lyoz\u00e1s\u00e1ra, amely a g\u00e9p teljes\u00edtm\u00e9ny\u00e9nek cs\u00f6kken\u00e9s\u00e9hez vezethet. A t\u00f6m\u00edt\u0151elemeknek kop\u00e1s\u00e1ll\u00f3 anyagokb\u00f3l, p\u00e9ld\u00e1ul poliuret\u00e1nb\u00f3l \u00e9s nitrilgumib\u00f3l kell k\u00e9sz\u00fclni\u00fck a hossz\u00fa t\u00e1v\u00fa teljes\u00edtm\u00e9ny biztos\u00edt\u00e1sa \u00e9rdek\u00e9ben. A hengertestet \u00e9s a menetes v\u00e9gfel\u00fcleteket finoman megmunk\u00e1lni kell a kop\u00e1s\u00e1ll\u00f3s\u00e1g jav\u00edt\u00e1sa \u00e9rdek\u00e9ben. A hengert megfelel\u0151 hidraulikaolajjal kell felt\u00f6lteni ken\u00e9s \u00e9s h\u0171t\u00e9s c\u00e9lj\u00e1b\u00f3l, az olajat pedig rendszeresen ellen\u0151rizni \u00e9s sz\u00fcks\u00e9g szerint cser\u00e9lni kell.<\/p>\n<p>Karbantart\u00e1s \u00e9s \u00f3vint\u00e9zked\u00e9sek:<\/p>\n<h2>Rendszeres ellen\u0151rz\u00e9s<\/h2>\n<p>A karhengert rendszeresen ellen\u0151rizni kell a kop\u00e1s vagy s\u00e9r\u00fcl\u00e9s jelei szempontj\u00e1b\u00f3l, \u00e9s minden sz\u00fcks\u00e9ges jav\u00edt\u00e1st vagy cser\u00e9t halad\u00e9ktalanul el kell v\u00e9gezni a g\u00e9p norm\u00e1l m\u0171k\u00f6d\u00e9s\u00e9nek biztos\u00edt\u00e1sa \u00e9rdek\u00e9ben.<\/p>\n<h2>Megel\u0151z\u0151 karbantart\u00e1s<\/h2>\n<p>A lehets\u00e9ges probl\u00e9m\u00e1k megel\u0151z\u00e9se \u00e9s a karhenger \u00e9lettartam\u00e1nak meghosszabb\u00edt\u00e1sa \u00e9rdek\u00e9ben rendszeres karbantart\u00e1si feladatokat kell v\u00e9gezni, p\u00e9ld\u00e1ul tiszt\u00edt\u00e1st, ken\u00e9st \u00e9s a csavarok megh\u00faz\u00e1s\u00e1t.<\/p>\n<h2>Helyes telep\u00edt\u00e9s<\/h2>\n<p>A karhengert a gy\u00e1rt\u00f3 utas\u00edt\u00e1sainak \u00e9s a vonatkoz\u00f3 biztons\u00e1gi el\u0151\u00edr\u00e1soknak megfelel\u0151en kell felszerelni a biztons\u00e1gos \u00e9s megb\u00edzhat\u00f3 m\u0171k\u00f6d\u00e9s biztos\u00edt\u00e1sa \u00e9rdek\u00e9ben.<\/p>\n<div>\n    <img decoding=\"async\" src=\"https:\/\/www.hydraulic-cylinders.net\/wp-content\/uploads\/2025\/01\/songte-bushings-with-all-kinds-of-excavator-models.webp\" alt=\"Perselyek mindenf\u00e9le kotr\u00f3g\u00e9p modellhez\">\n<\/div>\n<p>Biztons\u00e1gi szempontok \u00e9s k\u00f6rnyezeti t\u00e9nyez\u0151k:<\/p>\n<p>Karhengerek haszn\u00e1latakor fontos betartani a vonatkoz\u00f3 biztons\u00e1gi el\u0151\u00edr\u00e1sokat \u00e9s elj\u00e1r\u00e1sokat, p\u00e9ld\u00e1ul gondoskodni a g\u00e9pek megfelel\u0151 karbantart\u00e1s\u00e1r\u00f3l \u00e9s \u00fczemeltet\u00e9s\u00e9r\u0151l, valamint a biztons\u00e1gi berendez\u00e9sek felszerel\u00e9s\u00e9r\u0151l \u00e9s megfelel\u0151 m\u0171k\u00f6d\u00e9s\u00e9r\u0151l. A k\u00f6rnyezeti t\u00e9nyez\u0151ket, p\u00e9ld\u00e1ul a h\u0151m\u00e9rs\u00e9kletet \u00e9s a p\u00e1ratartalmat is figyelembe kell venni, mivel ezek befoly\u00e1solhatj\u00e1k a hidraulikus rendszer \u00e9s a karhenger teljes\u00edtm\u00e9ny\u00e9t.<\/p>\n<p>Hibadiagn\u00f3zis \u00e9s gyakori probl\u00e9m\u00e1k:<\/p>\n<p>A karhengerek gyakori probl\u00e9m\u00e1i k\u00f6z\u00e9 tartozik a hidraulikaolaj-sziv\u00e1rg\u00e1s, az el\u00e9gtelen teljes\u00edtm\u00e9ny \u00e9s a rendellenes zaj. Ezeket a probl\u00e9m\u00e1kat a hidraulikus rendszer \u00e9s maga a henger ellen\u0151rz\u00e9s\u00e9vel, valamint tesztek \u00e9s vizsg\u00e1latok elv\u00e9gz\u00e9s\u00e9vel lehet diagnosztiz\u00e1lni. A probl\u00e9m\u00e1k megold\u00e1sa mag\u00e1ban foglalhatja az alkatr\u00e9szek jav\u00edt\u00e1s\u00e1t vagy cser\u00e9j\u00e9t, a hidraulikus rendszer be\u00e1ll\u00edt\u00e1s\u00e1t vagy az \u00fczemi k\u00f6r\u00fclm\u00e9nyek megv\u00e1ltoztat\u00e1s\u00e1t.<\/p>\n<div>\n    <img decoding=\"async\" src=\"https:\/\/www.hydraulic-cylinders.net\/wp-content\/uploads\/2025\/01\/songte-company-4.webp\" alt=\"Songte T\u00e1rsas\u00e1g\">\n<\/div>\n<p>Professzion\u00e1lis hidraulikus hengergy\u00e1rt\u00f3 \u00e9s -besz\u00e1ll\u00edt\u00f3 vagyunk, sz\u00e9les term\u00e9kv\u00e1laszt\u00e9kot k\u00edn\u00e1lva, \u00e9s m\u00e1ra a hazai \u00e9s nemzetk\u00f6zi piacok egyik vezet\u0151 hidraulikus hengergy\u00e1rt\u00f3 \u00e9s nagykereskedelmi forgalmaz\u00f3j\u00e1v\u00e1 v\u00e1ltunk. Mindig a kiv\u00e1l\u00f3 min\u0151s\u00e9g elv\u00e9t k\u00f6vetj\u00fck, kifinomult gy\u00e1rt\u00f3m\u0171helyeinkben iparos\u00edtott termel\u00e9sir\u00e1ny\u00edt\u00e1si strat\u00e9gi\u00e1kra t\u00e1maszkodunk, \u00e9s folyamatosan fejlesztj\u00fck technikai sz\u00ednvonalunkat \u00e9s termel\u00e9si hat\u00e9konys\u00e1gunkat. Cs\u00facskateg\u00f3ri\u00e1s digit\u00e1lis gy\u00e1rt\u00f3berendez\u00e9sek \u00e9s professzion\u00e1lis tesztel\u0151rendszerek bevezet\u00e9s\u00e9vel folyamatosan optimaliz\u00e1ljuk a gy\u00e1rt\u00e1si platformot, fejlesztj\u00fck a term\u00e9kmin\u0151s\u00e9g-ellen\u0151rz\u00e9si folyamatokat, \u00e9s er\u0151s innov\u00e1ci\u00f3s k\u00e9pess\u00e9gekkel rendelkez\u00fcnk. C\u00e9lunk, hogy nagy hat\u00e9konys\u00e1ggal, prec\u00edzen \u00e9s magas min\u0151s\u00e9gi elvekkel el\u00e9g\u00edts\u00fck ki \u00fcgyfeleink sokr\u00e9t\u0171 ig\u00e9nyeit.<\/p>\n<p>C\u00e9g\u00fcnk professzion\u00e1lis szolg\u00e1ltat\u00e1sokat ny\u00fajt, bele\u00e9rtve a nemzetk\u00f6zi tan\u00fas\u00edtv\u00e1nyokat, a szem\u00e9lyre szabott szolg\u00e1ltat\u00e1sokat, a gy\u00e1rt\u00f3berendez\u00e9seket \u00e9s az \u00e9rt\u00e9kes\u00edt\u00e9s ut\u00e1ni szolg\u00e1ltat\u00e1st. Tapasztalt szakemberekb\u0151l \u00e1ll\u00f3 csapatunk k\u00e9pes a hidraulikus hengereket a k\u00fcl\u00f6nb\u00f6z\u0151 \u00fcgyf\u00e9lig\u00e9nyek kiel\u00e9g\u00edt\u00e9s\u00e9re testre szabni, \u00e9s \u00e1tfog\u00f3 \u00e9rt\u00e9kes\u00edt\u00e9s ut\u00e1ni szolg\u00e1ltat\u00e1st ny\u00fajtani. Korszer\u0171 gy\u00e1rt\u00f3berendez\u00e9sekkel \u00e9s teljes k\u00f6r\u0171 min\u0151s\u00e9gellen\u0151rz\u00e9si rendszerrel rendelkez\u00fcnk a term\u00e9kmin\u0151s\u00e9g \u00e9s -stabilit\u00e1s biztos\u00edt\u00e1sa \u00e9rdek\u00e9ben.<\/p>\n<div>\n    <img decoding=\"async\" src=\"https:\/\/www.hydraulic-cylinders.net\/wp-content\/uploads\/2025\/01\/songte-company-3.webp\" alt=\"Songte Company 3\">\n<\/div>\n<p>Szerz\u0151: lyl<\/p>","protected":false},"excerpt":{"rendered":"<p>Arm Cylinder for XCMG Large Excavator XE470CK Arm cylinder is a specially designed hydraulic cylinder that is primarily used to provide linear motion and power to the arm of various types of machinery, such as excavators, cranes, and robotic arms. The arm cylinder plays a crucial role in hydraulic systems, allowing the attached tools or [&hellip;]<\/p>","protected":false},"featured_media":14783,"comment_status":"open","ping_status":"closed","template":"","meta":{"_et_pb_use_builder":"","_et_pb_old_content":"","_et_gb_content_width":""},"product_brand":[],"product_cat":[1497],"product_tag":[1498,1496],"class_list":{"0":"post-16406","1":"product","2":"type-product","3":"status-publish","4":"has-post-thumbnail","6":"product_cat-arm-cylinders","7":"product_tag-arm-cylinders","8":"product_tag-hydraulic-cylinders","10":"first","11":"instock","12":"shipping-taxable","13":"product-type-simple"},"amp_enabled":true,"_links":{"self":[{"href":"https:\/\/www.hydraulic-cylinders.net\/hu\/wp-json\/wp\/v2\/product\/16406","targetHints":{"allow":["GET"]}}],"collection":[{"href":"https:\/\/www.hydraulic-cylinders.net\/hu\/wp-json\/wp\/v2\/product"}],"about":[{"href":"https:\/\/www.hydraulic-cylinders.net\/hu\/wp-json\/wp\/v2\/types\/product"}],"replies":[{"embeddable":true,"href":"https:\/\/www.hydraulic-cylinders.net\/hu\/wp-json\/wp\/v2\/comments?post=16406"}],"wp:featuredmedia":[{"embeddable":true,"href":"https:\/\/www.hydraulic-cylinders.net\/hu\/wp-json\/wp\/v2\/media\/14783"}],"wp:attachment":[{"href":"https:\/\/www.hydraulic-cylinders.net\/hu\/wp-json\/wp\/v2\/media?parent=16406"}],"wp:term":[{"taxonomy":"product_brand","embeddable":true,"href":"https:\/\/www.hydraulic-cylinders.net\/hu\/wp-json\/wp\/v2\/product_brand?post=16406"},{"taxonomy":"product_cat","embeddable":true,"href":"https:\/\/www.hydraulic-cylinders.net\/hu\/wp-json\/wp\/v2\/product_cat?post=16406"},{"taxonomy":"product_tag","embeddable":true,"href":"https:\/\/www.hydraulic-cylinders.net\/hu\/wp-json\/wp\/v2\/product_tag?post=16406"}],"curies":[{"name":"munkaf\u00fczet","href":"https:\/\/api.w.org\/{rel}","templated":true}]}}