{"id":16411,"date":"2025-01-20T09:13:23","date_gmt":"2025-01-20T09:13:23","guid":{"rendered":"https:\/\/www.hydraulic-cylinders.net\/product\/arm-cylinderfor-xcmg-large-excavator-xe500m\/"},"modified":"2025-01-20T09:13:25","modified_gmt":"2025-01-20T09:13:25","slug":"arm-cylinderfor-xcmg-large-excavator-xe500m","status":"publish","type":"product","link":"https:\/\/www.hydraulic-cylinders.net\/hu\/termek\/arm-cylinderfor-xcmg-large-excavator-xe500m\/","title":{"rendered":"Karhenger XCMG nagy kotr\u00f3g\u00e9phez XE500M"},"content":{"rendered":"<p>Karhenger XCMG nagy kotr\u00f3g\u00e9phez XE500M<\/p>\n<p>Bevezet\u00e9s:<br \/>\nA karhenger egy speci\u00e1lisan tervezett hidraulikus henger, amely line\u00e1ris mozg\u00e1st \u00e9s er\u0151t biztos\u00edt k\u00fcl\u00f6nf\u00e9le g\u00e9pek, p\u00e9ld\u00e1ul kotr\u00f3g\u00e9pek, daruk \u00e9s robotkarok karj\u00e1nak. A karhengerek kulcsszerepet j\u00e1tszanak a hidraulikus rendszerekben, lehet\u0151v\u00e9 t\u00e9ve a r\u00f6gz\u00edt\u0151szersz\u00e1mok vagy tartoz\u00e9kok mozg\u00e1s\u00e1t \u00e9s hat\u00e9kony vez\u00e9rl\u00e9s\u00e9t. Ezek a hengerek nemcsak sima mozg\u00e1st biztos\u00edtanak, hanem nagy terhel\u00e9seket is elviselnek, biztos\u00edtva a g\u00e9pek hat\u00e9kony m\u0171k\u00f6d\u00e9s\u00e9t \u00e9s megb\u00edzhat\u00f3s\u00e1g\u00e1t k\u00fcl\u00f6nb\u00f6z\u0151 munkak\u00f6r\u00fclm\u00e9nyek k\u00f6z\u00f6tt.<\/p>\n<p><img decoding=\"async\" src=\"https:\/\/www.hydraulic-cylinders.net\/wp-content\/uploads\/2025\/01\/songte-company-2.webp\"><\/p>\n<p>Jellemz\u0151k:<br \/>\n1. Hat\u00e9kony er\u0151\u00e1tvitel: A karhenger er\u0151s line\u00e1ris mozg\u00e1st \u00e9s er\u0151t biztos\u00edt, biztos\u00edtva a robotkar nagy teljes\u00edtm\u00e9ny\u00e9t k\u00fcl\u00f6nf\u00e9le m\u0171veletek sor\u00e1n.<br \/>\n2. Prec\u00edz vez\u00e9rl\u00e9s: A hidraulikus rendszeren kereszt\u00fcl a karhenger pontos mozg\u00e1svez\u00e9rl\u00e9st \u00e9rhet el, \u00edgy a r\u00f6gz\u00edt\u0151eszk\u00f6z\u00f6k m\u0171k\u00f6d\u00e9se rugalmasabb \u00e9s pontosabb.<br \/>\n3. Er\u0151s tart\u00f3ss\u00e1g: A karhengerek \u00e1ltal\u00e1ban nagy szil\u00e1rds\u00e1g\u00fa anyagokb\u00f3l k\u00e9sz\u00fclnek, j\u00f3 kop\u00e1s- \u00e9s korr\u00f3zi\u00f3\u00e1ll\u00f3s\u00e1ggal rendelkeznek, \u00e9s alkalmasak hossz\u00fa t\u00e1v\u00fa haszn\u00e1latra zord k\u00f6rnyezetben.<br \/>\n4. T\u00f6bbfunkci\u00f3s alkalmazkod\u00f3k\u00e9pess\u00e9g: Ezek a hengerek sz\u00e9les k\u00f6rben alkalmazhat\u00f3k k\u00fcl\u00f6nf\u00e9le mechanikus berendez\u00e9sekben, p\u00e9ld\u00e1ul kotr\u00f3g\u00e9pekben, darukban \u00e9s robotkarokban, alkalmazkodva a k\u00fcl\u00f6nb\u00f6z\u0151 munkak\u00f6vetelm\u00e9nyekhez.<br \/>\n5. K\u00f6nny\u0171 karbantart\u00e1s: A karhengerek kialak\u00edt\u00e1sa a k\u00f6nny\u0171 karbantart\u00e1st \u00e9s cser\u00e9t szem el\u0151tt tartva t\u00f6rt\u00e9nik, \u00edgy a rendszeres ellen\u0151rz\u00e9s \u00e9s karbantart\u00e1s k\u00e9nyelmesebb, \u00e9s cs\u00f6kken a berendez\u00e9s \u00e1ll\u00e1sideje.<\/p>\n<p><img decoding=\"async\" src=\"https:\/\/www.hydraulic-cylinders.net\/wp-content\/uploads\/2025\/01\/songte-oil-pipes-and-spare-parts.webp\"><\/p>\n<p>Alkalmaz\u00e1sok:<br \/>\n1. \u00c9p\u00edt\u0151ipar: A karhengereket a kotr\u00f3g\u00e9pek \u00e9s daruk lap\u00e1tj\u00e1nak vagy g\u00e9mj\u00e9nek mozg\u00e1s\u00e1nak vez\u00e9rl\u00e9s\u00e9re haszn\u00e1lj\u00e1k f\u00f6ldmunk\u00e1kn\u00e1l, anyagmozgat\u00e1sn\u00e1l \u00e9s szerkezeti telep\u00edt\u00e9sekn\u00e9l.<br \/>\n2. Gy\u00e1rt\u00e1s: Az automatiz\u00e1lt gy\u00e1rt\u00f3sorokon a karhengereket robotkarok mozgat\u00e1s\u00e1ra, \u00f6sszeszerel\u00e9si, hegeszt\u00e9si \u00e9s anyagmozgat\u00e1si folyamatokhoz haszn\u00e1lj\u00e1k, jav\u00edtva a termel\u00e9si hat\u00e9konys\u00e1got \u00e9s a pontoss\u00e1got.<br \/>\n3. Mez\u0151gazdas\u00e1gi g\u00e9pek: A mez\u0151gazdas\u00e1gi g\u00e9pekben, p\u00e9ld\u00e1ul a betakar\u00edt\u00f3g\u00e9pekben \u00e9s a vet\u0151g\u00e9pekben a karhengerek vez\u00e9rlik a m\u0171k\u00f6dtet\u0151 karok mozg\u00e1s\u00e1t, olyan feladatokat l\u00e1tva el, mint a vet\u00e9s, a tr\u00e1gy\u00e1z\u00e1s \u00e9s a betakar\u00edt\u00e1s.<br \/>\n4. B\u00e1ny\u00e1szat: A b\u00e1ny\u00e1szati \u200b\u200bberendez\u00e9sekben a karhengereket a b\u00e1ny\u00e1szati \u200b\u200bberendez\u00e9sek karmozg\u00e1s\u00e1nak vez\u00e9rl\u00e9s\u00e9re haszn\u00e1lj\u00e1k b\u00e1ny\u00e1szathoz \u00e9s anyagmozgat\u00e1shoz.<br \/>\n5. Logisztika \u00e9s sz\u00e1ll\u00edt\u00e1s: A targonc\u00e1kban \u00e9s anyagmozgat\u00f3 robotokban a karhengereket a vill\u00e1k emel\u00e9s\u00e9nek \u00e9s mozg\u00e1s\u00e1nak vez\u00e9rl\u00e9s\u00e9re, anyagmozgat\u00e1sra \u00e9s rakod\u00e1sra haszn\u00e1lj\u00e1k.<\/p>\n<p>Tervez\u00e9si szempontok \u00e9s kiv\u00e1laszt\u00e1si krit\u00e9riumok:<br \/>\n1. Teherb\u00edr\u00e1s: A karhengerek \u00fagy vannak kialak\u00edtva, hogy ellen\u00e1lljanak a nagy terhel\u00e9seknek \u00e9s megb\u00edzhat\u00f3 er\u0151\u00e1tvitelt biztos\u00edtsanak.<br \/>\n2. T\u00f6m\u00edt\u00e9s: A henger t\u00f6m\u00edt\u0151teljes\u00edtm\u00e9ny\u00e9nek biztos\u00edt\u00e1s\u00e1ra k\u00fcl\u00f6nf\u00e9le t\u00f6m\u00edt\u0151elemeket, p\u00e9ld\u00e1ul dugatty\u00fat\u00f6m\u00edt\u00e9seket \u00e9s r\u00fadt\u00f6m\u00edt\u00e9seket haszn\u00e1lnak, \u00e9s a t\u00f6m\u00edt\u0151elemekhez nagy kop\u00e1s\u00e1ll\u00f3s\u00e1g\u00fa poliuret\u00e1n vagy nitrilkaucsuk anyagokat v\u00e1lasztanak.<br \/>\n3. Tart\u00f3ss\u00e1g: A hengertest \u00e9s a menetes v\u00e9gfel\u00fclet prec\u00edz megmunk\u00e1l\u00e1s\u00fa a kop\u00e1s\u00e1ll\u00f3s\u00e1g \u00e9s a korr\u00f3zi\u00f3\u00e1ll\u00f3s\u00e1g jav\u00edt\u00e1sa, valamint az \u00e9lettartam meghosszabb\u00edt\u00e1sa \u00e9rdek\u00e9ben.<br \/>\n4. Biztons\u00e1g: A karhengerek biztons\u00e1gi szelepekkel vannak ell\u00e1tva a t\u00falterhel\u00e9s megel\u0151z\u00e9se \u00e9s a biztons\u00e1gos m\u0171k\u00f6d\u00e9s biztos\u00edt\u00e1sa \u00e9rdek\u00e9ben.<br \/>\n5. Karbantart\u00e1s: A karhengerek kialak\u00edt\u00e1sa egyszer\u0171, karbantarthat\u00f3 \u00e9s cser\u00e9lhet\u0151, \u00edgy cs\u00f6kkentve a karbantart\u00e1si id\u0151t \u00e9s k\u00f6lts\u00e9geket.<\/p>\n<p><img decoding=\"async\" src=\"https:\/\/www.hydraulic-cylinders.net\/wp-content\/uploads\/2025\/01\/songte-cylinder-head-with-all-kinds-excavator-models.webp\"><\/p>\n<p>T\u00f6m\u00edt\u00e9s \u00e9s ken\u00e9s:<br \/>\nA karos munkahengerek k\u00fcl\u00f6nf\u00e9le t\u00f6m\u00edt\u0151elemeket haszn\u00e1lnak, p\u00e9ld\u00e1ul dugatty\u00fat\u00f6m\u00edt\u00e9seket, r\u00fadt\u00f6m\u00edt\u00e9seket \u00e9s ablakt\u00f6rl\u0151ket a hidraulikaolaj sziv\u00e1rg\u00e1s\u00e1nak megakad\u00e1lyoz\u00e1s\u00e1ra \u00e9s a henger z\u00f6kken\u0151mentes m\u0171k\u00f6d\u00e9s\u00e9nek biztos\u00edt\u00e1s\u00e1ra. A t\u00f6m\u00edt\u0151elemek anyagak\u00e9nt nagy kop\u00e1s\u00e1ll\u00f3s\u00e1g\u00fa poliuret\u00e1n vagy nitrilkaucsuk ker\u00fcl kiv\u00e1laszt\u00e1sra. A hengertestet \u00e9s a menetes v\u00e9gfel\u00fcletet prec\u00edzen megmunk\u00e1lj\u00e1k a kop\u00e1s\u00e1ll\u00f3s\u00e1g \u00e9s a korr\u00f3zi\u00f3\u00e1ll\u00f3s\u00e1g jav\u00edt\u00e1sa \u00e9rdek\u00e9ben. A henger ken\u00e9s\u00e9nek biztos\u00edt\u00e1s\u00e1hoz rendszeres, megfelel\u0151 mennyis\u00e9g\u0171 hidraulikaolaj hozz\u00e1ad\u00e1sa sz\u00fcks\u00e9ges.<\/p>\n<p>Rendszeres ellen\u0151rz\u00e9s \u00e9s megel\u0151z\u0151 karbantart\u00e1s:<br \/>\n1. Rendszeres ellen\u0151rz\u00e9s: Javasoljuk, hogy rendszeresen ellen\u0151rizze a hengert kop\u00e1s vagy s\u00e9r\u00fcl\u00e9s jelei, p\u00e9ld\u00e1ul karcol\u00e1sok, reped\u00e9sek vagy olajsziv\u00e1rg\u00e1s szempontj\u00e1b\u00f3l.<br \/>\n2. Megel\u0151z\u0151 karbantart\u00e1s: A henger t\u00f6m\u00edtetts\u00e9g\u00e9nek \u00e9s ken\u00e9si teljes\u00edtm\u00e9ny\u00e9nek biztos\u00edt\u00e1sa \u00e9rdek\u00e9ben aj\u00e1nlott rendszeresen cser\u00e9lni a t\u00f6m\u00edt\u0151elemeket \u00e9s a hidraulikaolajat.<\/p>\n<p><img decoding=\"async\" src=\"https:\/\/www.hydraulic-cylinders.net\/wp-content\/uploads\/2025\/01\/songte-chushion-collar.webp\"><\/p>\n<p>Term\u00e9ktelep\u00edt\u00e9si \u00fatmutat\u00f3:<br \/>\n1. Telep\u00edt\u00e9s el\u0151tt figyelmesen olvassa el a telep\u00edt\u00e9si utas\u00edt\u00e1sokat.<br \/>\n2. Szerelje be a hengert a megfelel\u0151 ir\u00e1nyba \u00e9s t\u00e1jol\u00e1ssal.<br \/>\n3. Gy\u0151z\u0151dj\u00f6n meg arr\u00f3l, hogy minden csatlakoz\u00e1s megfelel\u0151en meg van h\u00fazva \u00e9s t\u00f6m\u00edtve.<br \/>\n4. Gy\u0151z\u0151dj\u00f6n meg arr\u00f3l, hogy nincs interferencia a palack \u00e9s m\u00e1s berendez\u00e9sek k\u00f6z\u00f6tt.<br \/>\n5. A beszerel\u00e9s ut\u00e1n ellen\u0151rizze a henger megfelel\u0151 m\u0171k\u00f6d\u00e9s\u00e9t.<\/p>\n<p>Biztons\u00e1gi szempontok \u00e9s k\u00f6rnyezeti t\u00e9nyez\u0151k:<br \/>\n1. A biztons\u00e1gi int\u00e9zked\u00e9sek fontosak a karos munkahengerek haszn\u00e1latakor, mivel neh\u00e9zg\u00e9peket \u00e9s nagynyom\u00e1s\u00fa hidraulikus rendszereket alkalmaznak. A munkav\u00e1llal\u00f3kat megfelel\u0151 k\u00e9pz\u00e9sben \u00e9s biztons\u00e1gi felszerel\u00e9sben kell r\u00e9szes\u00edteni.<br \/>\n2. A karhengereket megfelel\u0151 k\u00f6rnyezetben kell haszn\u00e1lni \u00e9s t\u00e1rolni, hogy elker\u00fclj\u00fck a magas h\u0151m\u00e9rs\u00e9kletnek, p\u00e1ratartalomnak vagy korroz\u00edv anyagoknak val\u00f3 kitetts\u00e9get.<\/p>\n<p>Hibaelh\u00e1r\u00edt\u00e1s \u00e9s gyakori probl\u00e9m\u00e1k:<br \/>\n1. Olajsziv\u00e1rg\u00e1s: Ellen\u0151rizze a t\u00f6m\u00edt\u0151elemeket \u00e9s az olajj\u00e1ratot s\u00e9r\u00fcl\u00e9s vagy elz\u00e1r\u00f3d\u00e1s szempontj\u00e1b\u00f3l. Cser\u00e9lje ki a s\u00e9r\u00fclt vagy kopott t\u00f6m\u00edt\u0151elemeket, \u00e9s tiszt\u00edtsa meg az olajj\u00e1ratot.<br \/>\n2. Lass\u00fa vagy instabil mozg\u00e1s: Ellen\u0151rizze a hidraulikus rendszert, hogy nincs-e el\u00e9gs\u00e9ges olajell\u00e1t\u00e1s vagy -nyom\u00e1s, illetve nincs-e elz\u00e1r\u00f3d\u00e1s az olajj\u00e1ratban. Sz\u00fcks\u00e9g eset\u00e9n jav\u00edtsa meg vagy cser\u00e9lje ki a hidraulikus szivatty\u00fat vagy szelepet.<br \/>\n3. Rendellenes zaj: Ellen\u0151rizze a hengert s\u00e9r\u00fcl\u00e9s vagy kop\u00e1s szempontj\u00e1b\u00f3l, illetve hogy nincs-e leveg\u0151 a hidraulikus rendszerben. Cser\u00e9lje ki a s\u00e9r\u00fclt vagy kopott alkatr\u00e9szeket, \u00e9s l\u00e9gtelen\u00edtse a hidraulikus rendszert.<\/p>\n<p>Term\u00e9kgy\u00e1rt\u00e1s:<br \/>\nSz\u00e9les term\u00e9kv\u00e1laszt\u00e9kkal rendelkez\u0151 p\u00f3talkatr\u00e9sz-hidraulikus hengerek professzion\u00e1lis gy\u00e1rt\u00f3ja vagyunk. A hidraulikus hengerek egyik vezet\u0151 gy\u00e1rt\u00f3j\u00e1v\u00e1 \u00e9s nagykereskedelmi forgalmaz\u00f3j\u00e1v\u00e1 v\u00e1ltunk mind a hazai, mind a nemzetk\u00f6zi piacokon. Mindig a kiv\u00e1l\u00f3 min\u0151s\u00e9g elv\u00e9t k\u00f6vetj\u00fck, \u00e9s folyamatosan fejlesztj\u00fck technol\u00f3gi\u00e1nkat \u00e9s termel\u00e9si hat\u00e9konys\u00e1gunkat. Cs\u00facskateg\u00f3ri\u00e1s digit\u00e1lis gy\u00e1rt\u00f3berendez\u00e9sek \u00e9s professzion\u00e1lis tesztel\u0151rendszerek bevezet\u00e9s\u00e9vel optimaliz\u00e1ljuk gy\u00e1rt\u00e1si platformunkat \u00e9s fejlesztj\u00fck term\u00e9kmin\u0151s\u00e9g-ellen\u0151rz\u00e9si folyamatunkat, er\u0151s innov\u00e1ci\u00f3s k\u00e9pess\u00e9gekkel. C\u00e9lunk, hogy nagy hat\u00e9konys\u00e1ggal, pontoss\u00e1ggal \u00e9s kiv\u00e1l\u00f3 min\u0151s\u00e9g\u0171 term\u00e9kekkel el\u00e9g\u00edts\u00fck ki \u00fcgyfeleink sokr\u00e9t\u0171 ig\u00e9nyeit.<\/p>\n<p><img decoding=\"async\" src=\"https:\/\/www.hydraulic-cylinders.net\/wp-content\/uploads\/2025\/01\/songte-company-4.webp\"><br \/>\n<img decoding=\"async\" src=\"https:\/\/www.hydraulic-cylinders.net\/wp-content\/uploads\/2025\/01\/songte-company-3.webp\"><\/p>\n<p>C\u00e9gbemutat\u00f3:<br \/>\n1. Szakmaiass\u00e1g: Professzion\u00e1lis csapatunk gazdag tapasztalattal rendelkezik a hidraulikus hengeriparban, hogy szem\u00e9lyre szabott szolg\u00e1ltat\u00e1sokat ny\u00fajtson \u00fcgyfeleinknek.<br \/>\n2. Nemzetk\u00f6zi tan\u00fas\u00edt\u00e1s: Term\u00e9keink ISO 9001:2015 tan\u00fas\u00edtv\u00e1nnyal rendelkeznek, \u00e9s a vil\u00e1g sz\u00e1mos orsz\u00e1g\u00e1ba \u00e9s r\u00e9gi\u00f3j\u00e1ba export\u00e1ljuk \u0151ket.<br \/>\n3. Testreszabott szolg\u00e1ltat\u00e1sok: A hidraulikus hengereket az \u00fcgyfelek egyedi ig\u00e9nyei szerint tudjuk testreszabni, sz\u00e9les v\u00e1laszt\u00e9kot k\u00edn\u00e1lva sz\u00e1mukra.<br \/>\n4. Gy\u00e1rt\u00f3berendez\u00e9sek: Korszer\u0171 gy\u00e1rt\u00f3berendez\u00e9sekkel rendelkez\u00fcnk, bele\u00e9rtve a CNC szersz\u00e1mg\u00e9peket, automata hegeszt\u0151g\u00e9peket \u00e9s automata fest\u0151sorokat, hogy hat\u00e9kony \u00e9s kiv\u00e1l\u00f3 min\u0151s\u00e9g\u0171 termel\u00e9st biztos\u00edtsunk.<br \/>\n5. \u00c9rt\u00e9kes\u00edt\u00e9s ut\u00e1ni szolg\u00e1ltat\u00e1sok: Professzion\u00e1lis \u00e9rt\u00e9kes\u00edt\u00e9s ut\u00e1ni szolg\u00e1ltat\u00e1si csapatunk id\u0151ben \u00e9s hat\u00e9konyan ny\u00fajt \u00fcgyfeleinknek szolg\u00e1ltat\u00e1sokat, bele\u00e9rtve a m\u0171szaki t\u00e1mogat\u00e1st, a telep\u00edt\u00e9si \u00fatmutat\u00e1st \u00e9s a karbantart\u00e1si szolg\u00e1ltat\u00e1sokat.<\/p>\n<p>Szerz\u0151: lyl<\/p>","protected":false},"excerpt":{"rendered":"<p>Arm Cylinder for XCMG Large Excavator XE500M Introduction: Arm cylinder is a specially designed hydraulic cylinder that provides linear motion and power to the arm of various types of machinery such as excavators, cranes, and robotic arms. Arm cylinders play a crucial role in hydraulic systems, allowing attachment tools or accessories to move and be [&hellip;]<\/p>","protected":false},"featured_media":14770,"comment_status":"open","ping_status":"closed","template":"","meta":{"_et_pb_use_builder":"","_et_pb_old_content":"","_et_gb_content_width":""},"product_brand":[],"product_cat":[1497],"product_tag":[1498,1496],"class_list":{"0":"post-16411","1":"product","2":"type-product","3":"status-publish","4":"has-post-thumbnail","6":"product_cat-arm-cylinders","7":"product_tag-arm-cylinders","8":"product_tag-hydraulic-cylinders","10":"first","11":"instock","12":"shipping-taxable","13":"product-type-simple"},"amp_enabled":true,"_links":{"self":[{"href":"https:\/\/www.hydraulic-cylinders.net\/hu\/wp-json\/wp\/v2\/product\/16411","targetHints":{"allow":["GET"]}}],"collection":[{"href":"https:\/\/www.hydraulic-cylinders.net\/hu\/wp-json\/wp\/v2\/product"}],"about":[{"href":"https:\/\/www.hydraulic-cylinders.net\/hu\/wp-json\/wp\/v2\/types\/product"}],"replies":[{"embeddable":true,"href":"https:\/\/www.hydraulic-cylinders.net\/hu\/wp-json\/wp\/v2\/comments?post=16411"}],"wp:featuredmedia":[{"embeddable":true,"href":"https:\/\/www.hydraulic-cylinders.net\/hu\/wp-json\/wp\/v2\/media\/14770"}],"wp:attachment":[{"href":"https:\/\/www.hydraulic-cylinders.net\/hu\/wp-json\/wp\/v2\/media?parent=16411"}],"wp:term":[{"taxonomy":"product_brand","embeddable":true,"href":"https:\/\/www.hydraulic-cylinders.net\/hu\/wp-json\/wp\/v2\/product_brand?post=16411"},{"taxonomy":"product_cat","embeddable":true,"href":"https:\/\/www.hydraulic-cylinders.net\/hu\/wp-json\/wp\/v2\/product_cat?post=16411"},{"taxonomy":"product_tag","embeddable":true,"href":"https:\/\/www.hydraulic-cylinders.net\/hu\/wp-json\/wp\/v2\/product_tag?post=16411"}],"curies":[{"name":"munkaf\u00fczet","href":"https:\/\/api.w.org\/{rel}","templated":true}]}}