{"id":16420,"date":"2025-01-20T09:14:05","date_gmt":"2025-01-20T09:14:05","guid":{"rendered":"https:\/\/www.hydraulic-cylinders.net\/product\/arm-cylinderfor-zoomlion-small-excavator-ze60e\/"},"modified":"2025-01-20T09:14:07","modified_gmt":"2025-01-20T09:14:07","slug":"arm-cylinderfor-zoomlion-small-excavator-ze60e","status":"publish","type":"product","link":"https:\/\/www.hydraulic-cylinders.net\/hu\/termek\/arm-cylinderfor-zoomlion-small-excavator-ze60e\/","title":{"rendered":"Karhenger Zoomlion kis kotr\u00f3g\u00e9phez ZE60E"},"content":{"rendered":"<h2>Karhenger Zoomlion ZE60E kis kotr\u00f3g\u00e9phez<\/h2>\n<h3>Bevezet\u00e9s<\/h3>\n<p>A karhenger egy kifejezetten erre a c\u00e9lra tervezett hidraulikus henger, amelyet els\u0151sorban k\u00fcl\u00f6nf\u00e9le g\u00e9pek, p\u00e9ld\u00e1ul kotr\u00f3g\u00e9pek, daruk \u00e9s robotkarok karj\u00e1nak line\u00e1ris mozg\u00e1s\u00e1nak \u00e9s erej\u00e9nek biztos\u00edt\u00e1s\u00e1ra haszn\u00e1lnak. Kulcsszerepet j\u00e1tszik a hidraulikus rendszerben, lehet\u0151v\u00e9 t\u00e9ve tov\u00e1bbi szersz\u00e1mok vagy tartoz\u00e9kok mozg\u00e1s\u00e1t \u00e9s hat\u00e9kony vez\u00e9rl\u00e9s\u00e9t. Ezek a hengerek nemcsak sima mozg\u00e1st biztos\u00edtanak, hanem nagy terhel\u00e9seket is elviselnek, biztos\u00edtva a g\u00e9p hat\u00e9kony m\u0171k\u00f6d\u00e9s\u00e9t \u00e9s megb\u00edzhat\u00f3s\u00e1g\u00e1t k\u00fcl\u00f6nb\u00f6z\u0151 \u00fczemi k\u00f6r\u00fclm\u00e9nyek k\u00f6z\u00f6tt.<\/p>\n<p><img decoding=\"async\" src=\"https:\/\/www.hydraulic-cylinders.net\/wp-content\/uploads\/2025\/01\/songte-company-2.webp\" alt=\"Karhenger k\u00e9pe\"><\/p>\n<h3>Jellemz\u0151k<\/h3>\n<ul>\n<li>Nagy hat\u00e9konys\u00e1g\u00fa er\u0151\u00e1tvitel: A karhenger er\u0151teljes line\u00e1ris mozg\u00e1st \u00e9s er\u0151t biztos\u00edt, biztos\u00edtva a g\u00e9pkar hat\u00e9kony teljes\u00edtm\u00e9ny\u00e9t k\u00fcl\u00f6nb\u00f6z\u0151 m\u0171veletek sor\u00e1n.<\/li>\n<li>Prec\u00edz vez\u00e9rl\u00e9s: A karhenger a hidraulikus rendszeren kereszt\u00fcl pontos mozg\u00e1svez\u00e9rl\u00e9st \u00e9rhet el, \u00edgy a tov\u00e1bbi szersz\u00e1mok m\u0171k\u00f6dtet\u00e9se rugalmasabb \u00e9s pontosabb.<\/li>\n<li>Tart\u00f3s: A karhengerek \u00e1ltal\u00e1ban nagy szil\u00e1rds\u00e1g\u00fa anyagokb\u00f3l k\u00e9sz\u00fclnek, j\u00f3 kop\u00e1s- \u00e9s korr\u00f3zi\u00f3\u00e1ll\u00f3s\u00e1ggal rendelkeznek, \u00edgy alkalmasak hossz\u00fa t\u00e1v\u00fa haszn\u00e1latra zord k\u00f6rnyezetben.<\/li>\n<li>T\u00f6bbfunkci\u00f3s alkalmazkod\u00f3k\u00e9pess\u00e9g: Ezek a munkahengerek sz\u00e9les k\u00f6rben alkalmazhat\u00f3k k\u00fcl\u00f6nf\u00e9le g\u00e9pekben, p\u00e9ld\u00e1ul kotr\u00f3g\u00e9pekben, darukban \u00e9s robotkarokban, alkalmazkodva a k\u00fcl\u00f6nb\u00f6z\u0151 munkak\u00f6vetelm\u00e9nyekhez.<\/li>\n<li>K\u00f6nny\u0171 karbantart\u00e1s: A tervez\u00e9s sor\u00e1n figyelembe vett\u00e9k a karbantart\u00e1s \u00e9s a csere egyszer\u0171s\u00e9g\u00e9t, \u00edgy a rendszeres ellen\u0151rz\u00e9s \u00e9s karbantart\u00e1s k\u00e9nyelmesebb, \u00e9s cs\u00f6kken a berendez\u00e9sek \u00e1ll\u00e1sideje.<\/li>\n<\/ul>\n<p>Mi gy\u00e1rtjuk ezt a term\u00e9ket, \u00e9s term\u00e9keink t\u00f6k\u00e9letesen helyettes\u00edtik ezeket a hidraulikus hengereket.<\/p>\n<p><img decoding=\"async\" src=\"https:\/\/www.hydraulic-cylinders.net\/wp-content\/uploads\/2025\/01\/songte-oil-pipes-and-spare-parts.webp\" alt=\"Alkatr\u00e9szek k\u00e9pe\"><\/p>\n<h3>Alkalmaz\u00e1sok<\/h3>\n<ul>\n<li>\u00c9p\u00edt\u0151ipar: Kotr\u00f3g\u00e9pekben \u00e9s darukban a karhengereket a kan\u00e1l vagy a g\u00e9m mozg\u00e1s\u00e1nak vez\u00e9rl\u00e9s\u00e9re haszn\u00e1lj\u00e1k f\u00f6ldmunk\u00e1khoz, anyagmozgat\u00e1shoz \u00e9s szerkezeti telep\u00edt\u00e9sekhez.<\/li>\n<li>Gy\u00e1rt\u00e1s: Az automatiz\u00e1lt gy\u00e1rt\u00f3sorokon a karhengereket robotkarok mozgat\u00e1s\u00e1ra, \u00f6sszeszerel\u00e9sre, hegeszt\u00e9sre \u00e9s anyagmozgat\u00e1sra haszn\u00e1lj\u00e1k, jav\u00edtva a termel\u00e9si hat\u00e9konys\u00e1got \u00e9s a pontoss\u00e1got.<\/li>\n<li>Mez\u0151gazdas\u00e1gi g\u00e9pek: A mez\u0151gazdas\u00e1gi g\u00e9pekben, p\u00e9ld\u00e1ul a betakar\u00edt\u00f3g\u00e9pekben \u00e9s a vet\u0151g\u00e9pekben a karhengerek szab\u00e1lyozz\u00e1k a m\u0171k\u00f6dtet\u0151 karok mozg\u00e1s\u00e1t, olyan feladatokat l\u00e1tva el, mint a vet\u00e9s, a tr\u00e1gy\u00e1z\u00e1s \u00e9s a betakar\u00edt\u00e1s.<\/li>\n<li>B\u00e1ny\u00e1szat: A b\u00e1ny\u00e1szati \u200b\u200bberendez\u00e9sekben a karhengereket a b\u00e1ny\u00e1szati \u200b\u200bberendez\u00e9sek karjainak mozg\u00e1s\u00e1nak vez\u00e9rl\u00e9s\u00e9re haszn\u00e1lj\u00e1k, b\u00e1ny\u00e1szathoz \u00e9s anyagmozgat\u00e1shoz.<\/li>\n<li>Logisztika \u00e9s sz\u00e1ll\u00edt\u00e1s: A targonc\u00e1kban \u00e9s anyagmozgat\u00f3 robotokban a karhengereket a vill\u00e1k emel\u00e9s\u00e9nek \u00e9s mozg\u00e1s\u00e1nak vez\u00e9rl\u00e9s\u00e9re, anyagmozgat\u00e1sra \u00e9s rakod\u00e1sra haszn\u00e1lj\u00e1k.<\/li>\n<\/ul>\n<h3>Tervez\u00e9si szempontok \u00e9s kiv\u00e1laszt\u00e1si krit\u00e9riumok<\/h3>\n<ul>\n<li>Teherb\u00edr\u00e1s: A karhengernek elegend\u0151 teherb\u00edr\u00e1ssal kell rendelkeznie ahhoz, hogy ellen\u00e1lljon a terhel\u00e9snek \u00fczem k\u00f6zben.<\/li>\n<li>T\u00f6m\u00edt\u00e9s: K\u00fcl\u00f6nb\u00f6z\u0151 t\u00f6m\u00edt\u0151elemeket, p\u00e9ld\u00e1ul dugatty\u00fat\u00f6m\u00edt\u00e9seket \u00e9s r\u00fadt\u00f6m\u00edt\u00e9seket kell haszn\u00e1lni a hidraulikaolaj sziv\u00e1rg\u00e1s\u00e1nak megakad\u00e1lyoz\u00e1s\u00e1ra.<\/li>\n<li>Tart\u00f3ss\u00e1g: A karos munkahengerek \u00e1ltal\u00e1ban zord k\u00f6rnyezeti hat\u00e1soknak vannak kit\u00e9ve, ez\u00e9rt nagy szil\u00e1rds\u00e1g\u00fa, j\u00f3 kop\u00e1s- \u00e9s korr\u00f3zi\u00f3\u00e1ll\u00f3s\u00e1g\u00fa anyagokb\u00f3l kell k\u00e9sz\u00fclni\u00fck.<\/li>\n<li>Biztons\u00e1g: A tervez\u00e9snek figyelembe kell vennie a kezel\u0151 \u00e9s a berendez\u00e9s k\u00f6zel\u00e9ben dolgoz\u00f3k biztons\u00e1g\u00e1t.<\/li>\n<li>Karbantart\u00e1s: A kialak\u00edt\u00e1snak felhaszn\u00e1l\u00f3bar\u00e1tnak \u00e9s k\u00f6nnyen karbantarthat\u00f3nak kell lennie, az alkatr\u00e9szek sz\u00fcks\u00e9g eset\u00e9n k\u00f6nnyen cser\u00e9lhet\u0151k \u00e9s jav\u00edthat\u00f3k.<\/li>\n<\/ul>\n<p><img decoding=\"async\" src=\"https:\/\/www.hydraulic-cylinders.net\/wp-content\/uploads\/2025\/01\/songte-cylinder-head-with-all-kinds-excavator-models.webp\" alt=\"Hengerfej k\u00e9pe\"><\/p>\n<h3>T\u00f6m\u00edt\u00e9s \u00e9s ken\u00e9s<\/h3>\n<p>K\u00fcl\u00f6nb\u00f6z\u0151 t\u00f6m\u00edt\u0151elemeket, p\u00e9ld\u00e1ul dugatty\u00fat\u00f6m\u00edt\u00e9seket \u00e9s r\u00fadt\u00f6m\u00edt\u00e9seket kell haszn\u00e1lni a hidraulikaolaj sziv\u00e1rg\u00e1s\u00e1nak megakad\u00e1lyoz\u00e1s\u00e1ra. Gyakran haszn\u00e1lnak kop\u00e1s\u00e1ll\u00f3 anyagokb\u00f3l, p\u00e9ld\u00e1ul poliuret\u00e1nb\u00f3l \u00e9s nitrilgumib\u00f3l k\u00e9sz\u00fclt t\u00f6m\u00edt\u00e9seket. A hengertestet \u00e9s a menet v\u00e9g\u00e9t finoman meg kell munk\u00e1lni a kop\u00e1s\u00e1ll\u00f3s\u00e1g jav\u00edt\u00e1sa \u00e9rdek\u00e9ben. A henger sima mozg\u00e1s\u00e1nak biztos\u00edt\u00e1sa \u00e9s \u00e9lettartam\u00e1nak meghosszabb\u00edt\u00e1sa \u00e9rdek\u00e9ben rendszeres hidraulikaolajjal val\u00f3 ken\u00e9s sz\u00fcks\u00e9ges.<\/p>\n<h3>Karbantart\u00e1s \u00e9s jav\u00edt\u00e1s<\/h3>\n<ul>\n<li>Rendszeresen ellen\u0151rizze a henger kop\u00e1s\u00e1t \u00e9s s\u00e9r\u00fcl\u00e9seit.<\/li>\n<li>Cser\u00e9lje ki a t\u00f6m\u00edt\u00e9seket \u00e9s m\u00e1s kopott alkatr\u00e9szeket sz\u00fcks\u00e9g szerint.<\/li>\n<li>Gy\u0151z\u0151dj\u00f6n meg arr\u00f3l, hogy a hidraulikaolaj tiszta \u00e9s megfelel\u0151 szinten van.<\/li>\n<li>K\u00f6vesse a gy\u00e1rt\u00f3 utas\u00edt\u00e1sait a sz\u00e9tszerel\u00e9shez \u00e9s az \u00f6sszeszerel\u00e9shez.<\/li>\n<\/ul>\n<p><img decoding=\"async\" src=\"https:\/\/www.hydraulic-cylinders.net\/wp-content\/uploads\/2025\/01\/songte-chushion-collar.webp\" alt=\"Chushion gall\u00e9r k\u00e9p\"><\/p>\n<h3>Telep\u00edt\u00e9si \u00fatmutat\u00f3<\/h3>\n<p>Telep\u00edt\u00e9s el\u0151tt gy\u0151z\u0151dj\u00f6n meg arr\u00f3l, hogy a henger \u00e9s a t\u00f6bbi berendez\u00e9s tiszta, szennyez\u0151d\u00e9st\u0151l \u00e9s t\u00f6rmel\u00e9kt\u0151l mentes. K\u00f6vesse az al\u00e1bbi l\u00e9p\u00e9seket:<\/p>\n<ol>\n<li>Helyezze a hengert a megfelel\u0151 helyzetbe, \u00e9s r\u00f6gz\u00edtse megfelel\u0151 r\u00f6gz\u00edt\u0151konzolokkal vagy csapokkal.<\/li>\n<li>A hidraulikat\u00f6ml\u0151ket \u00e9s -cs\u00f6veket a gy\u00e1rt\u00f3 utas\u00edt\u00e1sainak megfelel\u0151en csatlakoztassa.<\/li>\n<li>T\u00f6ltse fel a hidraulikarendszert az aj\u00e1nlott hidraulikaolajjal, \u00e9s ellen\u0151rizze, hogy nincs-e sziv\u00e1rg\u00e1s.<\/li>\n<li>Ellen\u0151rizze a hengert, hogy megbizonyosodjon a megfelel\u0151 \u00e9s sim\u00e1n m\u0171k\u00f6d\u0151k\u00e9pess\u00e9g\u00e9r\u0151l.<\/li>\n<\/ol>\n<h3>Biztons\u00e1gi szempontok \u00e9s k\u00f6rnyezeti t\u00e9nyez\u0151k<\/h3>\n<p>A karhenger haszn\u00e1latakor elengedhetetlen a biztons\u00e1gi elj\u00e1r\u00e1sok betart\u00e1sa a balesetek \u00e9s s\u00e9r\u00fcl\u00e9sek megel\u0151z\u00e9se \u00e9rdek\u00e9ben. Fontos figyelembe venni a hidraulikus berendez\u00e9sek haszn\u00e1lat\u00e1nak k\u00f6rnyezeti hat\u00e1s\u00e1t is, \u00e9s int\u00e9zked\u00e9seket tenni annak minimaliz\u00e1l\u00e1s\u00e1ra.<\/p>\n<h3>Hibaelh\u00e1r\u00edt\u00e1s \u00e9s gyakori probl\u00e9m\u00e1k<\/h3>\n<p>A karhengerek gyakori probl\u00e9m\u00e1i k\u00f6z\u00e9 tartozik a sziv\u00e1rg\u00e1s, az el\u00e9gtelen teljes\u00edtm\u00e9ny \u00e9s a szab\u00e1lytalan mozg\u00e1s. Ezen probl\u00e9m\u00e1k diagnosztiz\u00e1l\u00e1s\u00e1hoz \u00e9s hibaelh\u00e1r\u00edt\u00e1s\u00e1hoz k\u00f6vesse az al\u00e1bbi l\u00e9p\u00e9seket:<\/p>\n<ol>\n<li>Ellen\u0151rizze a t\u00f6m\u00edt\u00e9sek \u00e9s egy\u00e9b alkatr\u00e9szek s\u00e9r\u00fcl\u00e9s\u00e9t vagy kop\u00e1s\u00e1t.<\/li>\n<li>Gondoskodjon a megfelel\u0151 hidraulikafolyad\u00e9k szintr\u0151l, \u00e9s ellen\u0151rizze a szennyez\u0151d\u00e9seket.<\/li>\n<li>Vizsg\u00e1lja meg a hengert s\u00e9r\u00fcl\u00e9s vagy hib\u00e1s be\u00e1ll\u00edt\u00e1s szempontj\u00e1b\u00f3l.<\/li>\n<li>Ellen\u0151rizze a hidraulikat\u00f6ml\u0151ket \u00e9s -cs\u00f6veket s\u00e9r\u00fcl\u00e9sek, elt\u00f6m\u0151d\u00e9sek vagy egy\u00e9b probl\u00e9m\u00e1k szempontj\u00e1b\u00f3l.<\/li>\n<\/ol>\n<p>A probl\u00e9m\u00e1k megel\u0151z\u00e9se \u00e9rdek\u00e9ben elengedhetetlen a karhenger \u00e9s az egy\u00e9b hidraulikus berendez\u00e9sek rendszeres karbantart\u00e1sa \u00e9s ellen\u0151rz\u00e9se.<\/p>\n<p><img decoding=\"async\" src=\"https:\/\/www.hydraulic-cylinders.net\/wp-content\/uploads\/2025\/01\/songte-bushings-with-all-kinds-of-excavator-models.webp\" alt=\"Perselyek k\u00e9pe\"><\/p>\n<h3>R\u00f3lunk<\/h3>\n<p>Professzion\u00e1lis hidraulikus hengerek gy\u00e1rt\u00f3jak\u00e9nt sz\u00e9les term\u00e9kv\u00e1laszt\u00e9kot k\u00edn\u00e1lunk. A hazai \u00e9s nemzetk\u00f6zi piacok egyik vezet\u0151 hidraulikus hengergy\u00e1rt\u00f3j\u00e1v\u00e1 \u00e9s nagykereskedelmi forgalmaz\u00f3j\u00e1v\u00e1 v\u00e1ltunk. Mindig a kiv\u00e1l\u00f3 min\u0151s\u00e9g elv\u00e9t k\u00f6vetj\u00fck, az iparos\u00edtott termel\u00e9sir\u00e1ny\u00edt\u00e1si strat\u00e9gi\u00e1nkra t\u00e1maszkodva a kifinomult gy\u00e1rt\u00f3m\u0171helyben folyamatosan fejlesztj\u00fck technikai sz\u00ednvonalunkat \u00e9s termel\u00e9si hat\u00e9konys\u00e1gunkat. C\u00e9lunk, hogy \u00fcgyfeleink sokr\u00e9t\u0171 ig\u00e9nyeit nagy hat\u00e9konys\u00e1ggal, prec\u00edzs\u00e9ggel \u00e9s magas min\u0151s\u00e9gi elvekkel el\u00e9g\u00edts\u00fck ki.<\/p>\n<h3>Szolg\u00e1ltat\u00e1saink<\/h3>\n<ul>\n<li>Professzionalizmus: K\u00e9pzett szakemberekb\u0151l \u00e1ll\u00f3 csapatunk sz\u00e9lesk\u00f6r\u0171 tapasztalattal rendelkezik a hidraulikus hengerek ipar\u00e1g\u00e1ban.<\/li>\n<li>Nemzetk\u00f6zi tan\u00fas\u00edtv\u00e1ny: Term\u00e9keink megfeleltek az ISO9001, CE \u00e9s egy\u00e9b nemzetk\u00f6zi tan\u00fas\u00edtv\u00e1nyoknak, biztos\u00edtva min\u0151s\u00e9g\u00fcket \u00e9s biztons\u00e1gukat.<\/li>\n<li>Testreszab\u00e1s: Testreszab\u00e1si szolg\u00e1ltat\u00e1sokat k\u00edn\u00e1lunk \u00fcgyfeleink egyedi ig\u00e9nyeinek kiel\u00e9g\u00edt\u00e9s\u00e9re.<\/li>\n<li>Gy\u00e1rt\u00f3berendez\u00e9sek: Korszer\u0171 digit\u00e1lis gy\u00e1rt\u00f3berendez\u00e9seket \u00e9s professzion\u00e1lis tesztel\u0151rendszereket haszn\u00e1lunk gy\u00e1rt\u00e1si platformunk optimaliz\u00e1l\u00e1sa \u00e9s a term\u00e9kmin\u0151s\u00e9g-ellen\u0151rz\u00e9si folyamatok fejleszt\u00e9se \u00e9rdek\u00e9ben.<\/li>\n<li>\u00c9rt\u00e9kes\u00edt\u00e9s ut\u00e1ni szolg\u00e1ltat\u00e1s: \u00c1tfog\u00f3 \u00e9s id\u0151ben t\u00f6rt\u00e9n\u0151 \u00e9rt\u00e9kes\u00edt\u00e9s ut\u00e1ni szolg\u00e1ltat\u00e1st ny\u00fajtunk az \u00fcgyfelek el\u00e9gedetts\u00e9g\u00e9nek biztos\u00edt\u00e1sa \u00e9rdek\u00e9ben.<\/li>\n<\/ul>\n<p><img decoding=\"async\" src=\"https:\/\/www.hydraulic-cylinders.net\/wp-content\/uploads\/2025\/01\/songte-company-4.webp\" alt=\"C\u00e9ges im\u00e1zs\"><br \/>\n<img decoding=\"async\" src=\"https:\/\/www.hydraulic-cylinders.net\/wp-content\/uploads\/2025\/01\/songte-company-3.webp\" alt=\"C\u00e9ges im\u00e1zs\"><\/p>\n<p>Szerz\u0151: lyl<\/p>","protected":false},"excerpt":{"rendered":"<p>Arm Cylinder for Zoomlion Small Excavator ZE60E Introduction The arm cylinder is a specifically designed hydraulic cylinder primarily used to provide linear motion and power to the arm of various types of machinery such as excavators, cranes, and robotic arms. It plays a key role in the hydraulic system, enabling additional tools or attachments to [&hellip;]<\/p>","protected":false},"featured_media":14772,"comment_status":"open","ping_status":"closed","template":"","meta":{"_et_pb_use_builder":"","_et_pb_old_content":"","_et_gb_content_width":""},"product_brand":[],"product_cat":[1497],"product_tag":[1498,1496],"class_list":{"0":"post-16420","1":"product","2":"type-product","3":"status-publish","4":"has-post-thumbnail","6":"product_cat-arm-cylinders","7":"product_tag-arm-cylinders","8":"product_tag-hydraulic-cylinders","10":"first","11":"instock","12":"shipping-taxable","13":"product-type-simple"},"amp_enabled":true,"_links":{"self":[{"href":"https:\/\/www.hydraulic-cylinders.net\/hu\/wp-json\/wp\/v2\/product\/16420","targetHints":{"allow":["GET"]}}],"collection":[{"href":"https:\/\/www.hydraulic-cylinders.net\/hu\/wp-json\/wp\/v2\/product"}],"about":[{"href":"https:\/\/www.hydraulic-cylinders.net\/hu\/wp-json\/wp\/v2\/types\/product"}],"replies":[{"embeddable":true,"href":"https:\/\/www.hydraulic-cylinders.net\/hu\/wp-json\/wp\/v2\/comments?post=16420"}],"wp:featuredmedia":[{"embeddable":true,"href":"https:\/\/www.hydraulic-cylinders.net\/hu\/wp-json\/wp\/v2\/media\/14772"}],"wp:attachment":[{"href":"https:\/\/www.hydraulic-cylinders.net\/hu\/wp-json\/wp\/v2\/media?parent=16420"}],"wp:term":[{"taxonomy":"product_brand","embeddable":true,"href":"https:\/\/www.hydraulic-cylinders.net\/hu\/wp-json\/wp\/v2\/product_brand?post=16420"},{"taxonomy":"product_cat","embeddable":true,"href":"https:\/\/www.hydraulic-cylinders.net\/hu\/wp-json\/wp\/v2\/product_cat?post=16420"},{"taxonomy":"product_tag","embeddable":true,"href":"https:\/\/www.hydraulic-cylinders.net\/hu\/wp-json\/wp\/v2\/product_tag?post=16420"}],"curies":[{"name":"munkaf\u00fczet","href":"https:\/\/api.w.org\/{rel}","templated":true}]}}