{"id":16427,"date":"2025-01-20T09:14:46","date_gmt":"2025-01-20T09:14:46","guid":{"rendered":"https:\/\/www.hydraulic-cylinders.net\/product\/arm-cylinderfor-zoomlion-middle-excavator-ze230elr\/"},"modified":"2025-01-20T09:14:48","modified_gmt":"2025-01-20T09:14:48","slug":"arm-cylinderfor-zoomlion-middle-excavator-ze230elr","status":"publish","type":"product","link":"https:\/\/www.hydraulic-cylinders.net\/hu\/termek\/arm-cylinderfor-zoomlion-middle-excavator-ze230elr\/","title":{"rendered":"Karhenger Zoomlion k\u00f6z\u00e9ps\u0151 kotr\u00f3g\u00e9phez ZE230ELR"},"content":{"rendered":"<h1>Karhenger Zoomlion k\u00f6z\u00e9ps\u0151 kotr\u00f3g\u00e9phez ZE230ELR<\/h1>\n<h2>Defin\u00edci\u00f3 \u00e9s magyar\u00e1zat<\/h2>\n<p>A karhenger egy speci\u00e1lisan tervezett hidraulikus henger, amely line\u00e1ris mozg\u00e1st \u00e9s er\u0151t biztos\u00edt k\u00fcl\u00f6nf\u00e9le g\u00e9pek, p\u00e9ld\u00e1ul kotr\u00f3g\u00e9pek, daruk \u00e9s robotkarok karj\u00e1nak. Kulcsfontoss\u00e1g\u00fa szerepet j\u00e1tszik a hidraulikus rendszerekben, lehet\u0151v\u00e9 t\u00e9ve a tov\u00e1bbi szersz\u00e1mok vagy tartoz\u00e9kok hat\u00e9kony mozg\u00e1s\u00e1t \u00e9s vez\u00e9rl\u00e9s\u00e9t. Ezek a hengerek nemcsak a sima mozg\u00e1st biztos\u00edtj\u00e1k, hanem a nagy terhel\u00e9seket is elviselik, biztos\u00edtva a g\u00e9pek hat\u00e9kony m\u0171k\u00f6d\u00e9s\u00e9t \u00e9s megb\u00edzhat\u00f3s\u00e1g\u00e1t k\u00fcl\u00f6nb\u00f6z\u0151 munkak\u00f6r\u00fclm\u00e9nyek k\u00f6z\u00f6tt.<\/p>\n<p><img decoding=\"async\" src=\"https:\/\/www.hydraulic-cylinders.net\/wp-content\/uploads\/2025\/01\/songte-company-2.webp\" alt=\"Karhenger k\u00e9pe\"><\/p>\n<h2>Jellemz\u0151k<\/h2>\n<ul>\n<li><strong>Nagy hat\u00e9konys\u00e1g\u00fa er\u0151\u00e1tvitel:<\/strong> A karhenger er\u0151teljes line\u00e1ris mozg\u00e1st \u00e9s er\u0151t biztos\u00edt, biztos\u00edtva a robotkar nagy teljes\u00edtm\u00e9ny\u00e9t k\u00fcl\u00f6nf\u00e9le m\u0171veletek sor\u00e1n.<\/li>\n<li><strong>Prec\u00edz vez\u00e9rl\u00e9s:<\/strong> A hidraulikus rendszeren kereszt\u00fcl a karhenger prec\u00edz mozg\u00e1svez\u00e9rl\u00e9st tesz lehet\u0151v\u00e9, \u00edgy a csatlakoztatott eszk\u00f6z\u00f6k m\u0171k\u00f6dtet\u00e9se rugalmasabb \u00e9s pontosabb.<\/li>\n<li><strong>Tart\u00f3ss\u00e1g:<\/strong> A karos hengert jellemz\u0151en nagy szil\u00e1rds\u00e1g\u00fa anyagokb\u00f3l gy\u00e1rtj\u00e1k, amelyek kiv\u00e1l\u00f3 kop\u00e1s\u00e1ll\u00f3s\u00e1got \u00e9s korr\u00f3zi\u00f3\u00e1ll\u00f3s\u00e1got biztos\u00edtanak, \u00edgy alkalmass\u00e1 teszik a hossz\u00fa t\u00e1v\u00fa haszn\u00e1latra zord k\u00f6rnyezetben.<\/li>\n<li><strong>T\u00f6bbfunkci\u00f3s alkalmazkod\u00f3k\u00e9pess\u00e9g:<\/strong> Ezeket a hengereket sz\u00e9les k\u00f6rben haszn\u00e1lj\u00e1k k\u00fcl\u00f6nf\u00e9le g\u00e9pekben, p\u00e9ld\u00e1ul kotr\u00f3g\u00e9pekben, darukban \u00e9s robotkarokban, alkalmazkodva a k\u00fcl\u00f6nb\u00f6z\u0151 munkak\u00f6vetelm\u00e9nyekhez.<\/li>\n<li><strong>K\u00f6nny\u0171 karbantart\u00e1s:<\/strong> A karhenger tervez\u00e9si szempontjai megk\u00f6nny\u00edtik a karbantart\u00e1s\u00e1t \u00e9s cser\u00e9j\u00e9t, megk\u00f6nny\u00edtve a rendszeres ellen\u0151rz\u00e9seket \u00e9s karbantart\u00e1st, ez\u00e1ltal cs\u00f6kkentve a berendez\u00e9s \u00e1ll\u00e1sidej\u00e9t.<\/li>\n<\/ul>\n<p><img decoding=\"async\" src=\"https:\/\/www.hydraulic-cylinders.net\/wp-content\/uploads\/2025\/01\/songte-oil-pipes-and-spare-parts.webp\" alt=\"Karhenger alkatr\u00e9szek\"><\/p>\n<h2>Alkalmaz\u00e1sok<\/h2>\n<p>A karos henger sz\u00e1mos ipar\u00e1gban alkalmazhat\u00f3:<\/p>\n<ol>\n<li><strong>\u00c9p\u00edt\u0151m\u00e9rn\u00f6ki:<\/strong> Kotr\u00f3g\u00e9pekn\u00e9l \u00e9s darukn\u00e1l a karhenger vez\u00e9rli a kan\u00e1l vagy a g\u00e9m mozg\u00e1s\u00e1t f\u00f6ldmunk\u00e1k, anyagmozgat\u00e1s \u00e9s szerkezeti telep\u00edt\u00e9s sor\u00e1n.<\/li>\n<li><strong>Feldolgoz\u00f3 ipar:<\/strong> Az automatiz\u00e1lt gy\u00e1rt\u00f3sorokon a karhenger megk\u00f6nny\u00edti a robotkarok mozg\u00e1s\u00e1t az \u00f6sszeszerel\u00e9si, hegeszt\u00e9si \u00e9s anyagmozgat\u00e1si folyamatok sor\u00e1n, jav\u00edtva a termel\u00e9si hat\u00e9konys\u00e1got \u00e9s a pontoss\u00e1got.<\/li>\n<li><strong>Mez\u0151gazdas\u00e1gi g\u00e9pek:<\/strong> A mez\u0151gazdas\u00e1gi g\u00e9pekben, p\u00e9ld\u00e1ul a betakar\u00edt\u00f3g\u00e9pekben \u00e9s a vet\u0151g\u00e9pekben a karhenger vez\u00e9rli a m\u0171k\u00f6dtet\u0151 kar mozg\u00e1s\u00e1t, olyan feladatokat l\u00e1tva el, mint a vet\u00e9s, a m\u0171tr\u00e1gy\u00e1z\u00e1s \u00e9s a betakar\u00edt\u00e1s.<\/li>\n<li><strong>B\u00e1ny\u00e1szati:<\/strong> A b\u00e1ny\u00e1szati \u200b\u200bberendez\u00e9sekben a karhenger vez\u00e9rli a b\u00e1ny\u00e1szati \u200b\u200bg\u00e9pek karj\u00e1nak mozg\u00e1s\u00e1t, lehet\u0151v\u00e9 t\u00e9ve az \u00e9rc kinyer\u00e9s\u00e9t \u00e9s kezel\u00e9s\u00e9t.<\/li>\n<li><strong>Logisztika \u00e9s sz\u00e1ll\u00edt\u00e1s:<\/strong> A targonc\u00e1kban \u00e9s anyagmozgat\u00f3 robotokban a karhenger vez\u00e9rli a vill\u00e1k emel\u00e9s\u00e9t \u00e9s mozg\u00e1s\u00e1t, megk\u00f6nny\u00edtve az anyagmozgat\u00e1st \u00e9s a rakod\u00e1st.<\/li>\n<\/ol>\n<h2>Tervez\u00e9si szempontok \u00e9s kiv\u00e1laszt\u00e1si krit\u00e9riumok<\/h2>\n<ul>\n<li><strong>Teherb\u00edr\u00e1s:<\/strong> A karhengert \u00fagy kell megtervezni, hogy ellen\u00e1lljon a g\u00e9p m\u0171k\u00f6d\u00e9s k\u00f6zbeni maxim\u00e1lis terhel\u00e9s\u00e9nek.<\/li>\n<li><strong>T\u00f6m\u00edt\u00e9s:<\/strong> K\u00fcl\u00f6nb\u00f6z\u0151 t\u00f6m\u00edt\u0151elemeket, p\u00e9ld\u00e1ul dugatty\u00fat\u00f6m\u00edt\u00e9seket \u00e9s r\u00fadt\u00f6m\u00edt\u00e9seket haszn\u00e1lnak a megfelel\u0151 t\u00f6m\u00edt\u00e9s biztos\u00edt\u00e1s\u00e1ra. Ezek a t\u00f6m\u00edt\u00e9sek kop\u00e1s\u00e1ll\u00f3 anyagokb\u00f3l, p\u00e9ld\u00e1ul poliuret\u00e1nb\u00f3l \u00e9s nitrilgumib\u00f3l k\u00e9sz\u00fclnek. A hengertestet \u00e9s a menetes v\u00e9gfel\u00fcleteket finoman kezelik a kop\u00e1s\u00e1ll\u00f3s\u00e1g fokoz\u00e1sa \u00e9rdek\u00e9ben.<\/li>\n<li><strong>Tart\u00f3ss\u00e1g:<\/strong> A karhengert \u00fagy kell megtervezni, hogy ellen\u00e1lljon a tervezett alkalmaz\u00e1s k\u00f6vetelm\u00e9nyeinek, \u00e9s hossz\u00fa \u00e9lettartammal rendelkezzen.<\/li>\n<li><strong>Biztons\u00e1g:<\/strong> A t\u00falzott nyom\u00e1s okozta balesetek megel\u0151z\u00e9se \u00e9rdek\u00e9ben figyelembe kell venni a biztons\u00e1gi szempontokat, p\u00e9ld\u00e1ul a biztons\u00e1gi szelepek \u00e9s a nyom\u00e1scs\u00f6kkent\u0151 berendez\u00e9sek be\u00e9p\u00edt\u00e9s\u00e9t.<\/li>\n<li><strong>Karbantarthat\u00f3s\u00e1g:<\/strong> A kialak\u00edt\u00e1snak lehet\u0151v\u00e9 kell tennie az alkatr\u00e9szek egyszer\u0171 karbantart\u00e1s\u00e1t \u00e9s cser\u00e9j\u00e9t, cs\u00f6kkentve az \u00e1ll\u00e1sid\u0151t \u00e9s biztos\u00edtva a hat\u00e9kony m\u0171k\u00f6d\u00e9st.<\/li>\n<\/ul>\n<p><img decoding=\"async\" src=\"https:\/\/www.hydraulic-cylinders.net\/wp-content\/uploads\/2025\/01\/songte-cylinder-head-with-all-kinds-excavator-models.webp\" alt=\"Hidraulikus hengerfej\"><\/p>\n<h2>T\u00f6m\u00edt\u00e9s \u00e9s ken\u00e9s<\/h2>\n<p>A karos henger k\u00fcl\u00f6nf\u00e9le t\u00f6m\u00edt\u0151elemeket haszn\u00e1l, p\u00e9ld\u00e1ul dugatty\u00fat\u00f6m\u00edt\u00e9seket \u00e9s r\u00fadt\u00f6m\u00edt\u00e9seket, amelyek kop\u00e1s\u00e1ll\u00f3 anyagokb\u00f3l, p\u00e9ld\u00e1ul poliuret\u00e1nb\u00f3l \u00e9s nitrilgumib\u00f3l k\u00e9sz\u00fclnek. A hengertest \u00e9s a menetes v\u00e9gek finoman kezeltek a kop\u00e1s\u00e1ll\u00f3s\u00e1g fokoz\u00e1sa \u00e9rdek\u00e9ben. A z\u00f6kken\u0151mentes m\u0171k\u00f6d\u00e9s biztos\u00edt\u00e1s\u00e1hoz rendszeres ken\u00e9s sz\u00fcks\u00e9ges a megfelel\u0151 mennyis\u00e9g\u0171 hidraulikaolajjal.<\/p>\n<h2>Rendszeres ellen\u0151rz\u00e9s \u00e9s megel\u0151z\u0151 karbantart\u00e1s<\/h2>\n<ul>\n<li>Rendszeresen ellen\u0151rizze a karhengert sziv\u00e1rg\u00e1s, s\u00e9r\u00fcl\u00e9s vagy kop\u00e1s jelei szempontj\u00e1b\u00f3l.<\/li>\n<li>Ellen\u0151rizze \u00e9s tartsa karban a hidraulikaolaj szintj\u00e9t \u00e9s min\u0151s\u00e9g\u00e9t a megfelel\u0151 ken\u00e9s biztos\u00edt\u00e1sa \u00e9s a szennyez\u0151d\u00e9s megel\u0151z\u00e9se \u00e9rdek\u00e9ben.<\/li>\n<li>Vizsg\u00e1lja meg \u00e9s tiszt\u00edtsa meg a t\u00f6m\u00edt\u0151 alkatr\u00e9szeket, hogy megakad\u00e1lyozza a t\u00f6rmel\u00e9k vagy szennyez\u0151d\u00e9sek teljes\u00edtm\u00e9ny-n\u00f6veked\u00e9s\u00e9t.<\/li>\n<li>Rendszeresen ellen\u0151rizze a henger teljes\u00edtm\u00e9ny\u00e9t \u00e9s m\u0171k\u00f6d\u00e9s\u00e9t, hogy \u00e9szlelje a rendelleness\u00e9geket vagy a lehets\u00e9ges probl\u00e9m\u00e1kat.<\/li>\n<li>K\u00f6vesse a gy\u00e1rt\u00f3 \u00e1ltal megadott aj\u00e1nlott karbantart\u00e1si \u00fctemtervet.<\/li>\n<\/ul>\n<h2>Term\u00e9ktelep\u00edt\u00e9si \u00fatmutat\u00f3<\/h2>\n<p>A karhenger megfelel\u0151 felszerel\u00e9se elengedhetetlen az optim\u00e1lis teljes\u00edtm\u00e9ny \u00e9s biztons\u00e1g \u00e9rdek\u00e9ben. K\u00f6vesse az al\u00e1bbi l\u00e9p\u00e9seket:<\/p>\n<ol>\n<li>K\u00e9sz\u00edtse el\u0151 a felszerel\u00e9shez sz\u00fcks\u00e9ges eszk\u00f6z\u00f6ket \u00e9s eszk\u00f6z\u00f6ket.<\/li>\n<li>Gy\u0151z\u0151dj\u00f6n meg arr\u00f3l, hogy a g\u00e9p biztons\u00e1gosan elhelyezve \u00e9s kikapcsolt \u00e1llapotban van.<\/li>\n<li>T\u00e1vol\u00edtson el minden megl\u00e9v\u0151 hengert vagy alkatr\u00e9szt, amelyet cser\u00e9lni kell.<\/li>\n<li>R\u00f6gz\u00edtse biztons\u00e1gosan a karhengert a kijel\u00f6lt r\u00f6gz\u00edt\u00e9si pontokhoz.<\/li>\n<li>Csatlakoztassa a hidraulikus t\u00f6ml\u0151ket \u00e9s szerelv\u00e9nyeket a gy\u00e1rt\u00f3 utas\u00edt\u00e1sainak megfelel\u0151en.<\/li>\n<li>H\u00fazza meg az \u00f6sszes csatlakoz\u00e1st, \u00e9s gy\u0151z\u0151dj\u00f6n meg arr\u00f3l, hogy nincs sziv\u00e1rg\u00e1s.<\/li>\n<li>Ellen\u0151rizze a henger m\u0171k\u00f6d\u00e9s\u00e9t, \u00e9s v\u00e9gezze el a sz\u00fcks\u00e9ges be\u00e1ll\u00edt\u00e1sokat.<\/li>\n<li>Az ellen\u0151rz\u00e9s ut\u00e1n kapcsolja be a g\u00e9pet, \u00e9s figyelje meg a karhenger m\u0171k\u00f6d\u00e9s\u00e9t.<\/li>\n<\/ol>\n<p><img decoding=\"async\" src=\"https:\/\/www.hydraulic-cylinders.net\/wp-content\/uploads\/2025\/01\/songte-bushings-with-all-kinds-of-excavator-models.webp\" alt=\"Hidraulikus henger perselyek\"><\/p>\n<h2>Biztons\u00e1gi szempontok \u00e9s k\u00f6rnyezeti t\u00e9nyez\u0151k<\/h2>\n<p>A karos munkahenger haszn\u00e1latakor elengedhetetlen a biztons\u00e1gi int\u00e9zked\u00e9sek priorit\u00e1sk\u00e9nt val\u00f3 kezel\u00e9se. Megfelel\u0151 biztons\u00e1gi \u00f3vint\u00e9zked\u00e9seket kell tenni a balesetek megel\u0151z\u00e9se, valamint a kezel\u0151k \u00e9s a k\u00f6rnyez\u0151 szem\u00e9lyzet j\u00f3l\u00e9t\u00e9nek biztos\u00edt\u00e1sa \u00e9rdek\u00e9ben. A k\u00f6rnyezeti t\u00e9nyez\u0151ket, p\u00e9ld\u00e1ul a h\u0151m\u00e9rs\u00e9kletet \u00e9s a zord k\u00f6r\u00fclm\u00e9nyeknek val\u00f3 kitetts\u00e9get is figyelembe kell venni a megfelel\u0151 anyagok kiv\u00e1laszt\u00e1s\u00e1hoz \u00e9s a megfelel\u0151 v\u00e9d\u0151int\u00e9zked\u00e9sek megt\u00e9tel\u00e9hez.<\/p>\n<h2>Hibaelh\u00e1r\u00edt\u00e1s \u00e9s gyakori probl\u00e9m\u00e1k<\/h2>\n<p>A karhengerrel kapcsolatos gyakori probl\u00e9m\u00e1k k\u00f6z\u00e9 tartozik a sziv\u00e1rg\u00e1s, az el\u00e9gtelen teljes\u00edtm\u00e9ny, az egyenetlen mozg\u00e1s \u00e9s a rendellenes zajok. Ezen probl\u00e9m\u00e1k diagnosztiz\u00e1l\u00e1s\u00e1hoz \u00e9s megold\u00e1s\u00e1hoz:<\/p>\n<ul>\n<li>Azonos\u00edtsa a konkr\u00e9t probl\u00e9m\u00e1t a megfigyelt t\u00fcnetek alapj\u00e1n.<\/li>\n<li>L\u00e1sd a gy\u00e1rt\u00f3 hibaelh\u00e1r\u00edt\u00e1si \u00fatmutat\u00f3j\u00e1t, vagy fordulj a m\u0171szaki t\u00e1mogat\u00e1shoz seg\u00edts\u00e9g\u00e9rt.<\/li>\n<li>K\u00f6vesse az aj\u00e1nlott hibaelh\u00e1r\u00edt\u00e1si l\u00e9p\u00e9seket a kiv\u00e1lt\u00f3 ok azonos\u00edt\u00e1s\u00e1hoz.<\/li>\n<li>V\u00e9gezze el a probl\u00e9ma megold\u00e1s\u00e1hoz sz\u00fcks\u00e9ges megfelel\u0151 megold\u00e1sokat, p\u00e9ld\u00e1ul cser\u00e9lje ki a hib\u00e1s t\u00f6m\u00edt\u00e9seket vagy \u00e1ll\u00edtsa be a nyom\u00e1sbe\u00e1ll\u00edt\u00e1sokat.<\/li>\n<\/ul>\n<p><img decoding=\"async\" src=\"https:\/\/www.hydraulic-cylinders.net\/wp-content\/uploads\/2025\/01\/songte-chushion-collar.webp\" alt=\"Hidraulikus henger gall\u00e9r\"><\/p>\n<p>Ezen hibaelh\u00e1r\u00edt\u00e1si tippek \u00e9s megel\u0151z\u0151 int\u00e9zked\u00e9sek betart\u00e1s\u00e1val az olvas\u00f3k hat\u00e9konyan diagnosztiz\u00e1lhatj\u00e1k \u00e9s megoldhatj\u00e1k a karhengerrel kapcsolatos probl\u00e9m\u00e1kat, minimaliz\u00e1lva a lehets\u00e9ges probl\u00e9m\u00e1kat \u00e9s biztos\u00edtva a z\u00f6kken\u0151mentes m\u0171k\u00f6d\u00e9st.<\/p>\n<h2>C\u00e9g\u00fcnkr\u0151l<\/h2>\n<p>Professzion\u00e1lis hidraulikus hengergy\u00e1rt\u00f3k\u00e9nt sz\u00e9les term\u00e9kv\u00e1laszt\u00e9kkal rendelkez\u00fcnk. A hazai \u00e9s nemzetk\u00f6zi piacok egyik vezet\u0151 hidraulikus hengergy\u00e1rt\u00f3j\u00e1v\u00e1 \u00e9s nagykereskedelmi forgalmaz\u00f3j\u00e1v\u00e1 v\u00e1ltunk. A kiv\u00e1l\u00f3s\u00e1g ir\u00e1nti elk\u00f6telezetts\u00e9g\u00fcnket kiv\u00e1l\u00f3 gy\u00e1rt\u00f3m\u0171hely\u00fcnk \u00e9s ipari termel\u00e9sir\u00e1ny\u00edt\u00e1si strat\u00e9gi\u00e1ink t\u00fckr\u00f6zik, amelyek folyamatosan fejlesztik m\u0171szaki k\u00e9pess\u00e9geinket \u00e9s termel\u00e9si hat\u00e9konys\u00e1gunkat.<\/p>\n<p>Cs\u00facskateg\u00f3ri\u00e1s digit\u00e1lis gy\u00e1rt\u00f3berendez\u00e9sek \u00e9s professzion\u00e1lis tesztel\u0151rendszerek bevezet\u00e9s\u00e9vel optimaliz\u00e1ljuk gy\u00e1rt\u00e1si platformunkat, finom\u00edtjuk term\u00e9kmin\u0151s\u00e9g-ellen\u0151rz\u00e9si folyamatainkat, \u00e9s er\u0151s innov\u00e1ci\u00f3s k\u00e9pess\u00e9gekkel rendelkez\u00fcnk. C\u00e9lunk, hogy a hat\u00e9konys\u00e1g, a pontoss\u00e1g \u00e9s a magas min\u0151s\u00e9g alapelveivel el\u00e9g\u00edts\u00fck ki \u00fcgyfeleink sokr\u00e9t\u0171 ig\u00e9nyeit.<\/p>\n<p><img decoding=\"async\" src=\"https:\/\/www.hydraulic-cylinders.net\/wp-content\/uploads\/2025\/01\/songte-company-4.webp\" alt=\"C\u00e9ges im\u00e1zs\"><br \/>\n<img decoding=\"async\" src=\"https:\/\/www.hydraulic-cylinders.net\/wp-content\/uploads\/2025\/01\/songte-company-3.webp\" alt=\"C\u00e9ges im\u00e1zs\"><\/p>\n<p><em>Szerz\u0151: lyl<\/em><\/p>","protected":false},"excerpt":{"rendered":"<p>Arm CylinderFor Zoomlion Middle Excavator ZE230ELR Definition and Explanation The Arm Cylinder is a specially designed hydraulic cylinder that provides linear motion and power to the arm of various machinery, such as excavators, cranes, and robotic arms. It plays a crucial role in hydraulic systems, enabling the effective movement and control of additional tools or [&hellip;]<\/p>","protected":false},"featured_media":14779,"comment_status":"open","ping_status":"closed","template":"","meta":{"_et_pb_use_builder":"","_et_pb_old_content":"","_et_gb_content_width":""},"product_brand":[],"product_cat":[1497],"product_tag":[1498,1496],"class_list":{"0":"post-16427","1":"product","2":"type-product","3":"status-publish","4":"has-post-thumbnail","6":"product_cat-arm-cylinders","7":"product_tag-arm-cylinders","8":"product_tag-hydraulic-cylinders","10":"first","11":"instock","12":"shipping-taxable","13":"product-type-simple"},"amp_enabled":true,"_links":{"self":[{"href":"https:\/\/www.hydraulic-cylinders.net\/hu\/wp-json\/wp\/v2\/product\/16427","targetHints":{"allow":["GET"]}}],"collection":[{"href":"https:\/\/www.hydraulic-cylinders.net\/hu\/wp-json\/wp\/v2\/product"}],"about":[{"href":"https:\/\/www.hydraulic-cylinders.net\/hu\/wp-json\/wp\/v2\/types\/product"}],"replies":[{"embeddable":true,"href":"https:\/\/www.hydraulic-cylinders.net\/hu\/wp-json\/wp\/v2\/comments?post=16427"}],"wp:featuredmedia":[{"embeddable":true,"href":"https:\/\/www.hydraulic-cylinders.net\/hu\/wp-json\/wp\/v2\/media\/14779"}],"wp:attachment":[{"href":"https:\/\/www.hydraulic-cylinders.net\/hu\/wp-json\/wp\/v2\/media?parent=16427"}],"wp:term":[{"taxonomy":"product_brand","embeddable":true,"href":"https:\/\/www.hydraulic-cylinders.net\/hu\/wp-json\/wp\/v2\/product_brand?post=16427"},{"taxonomy":"product_cat","embeddable":true,"href":"https:\/\/www.hydraulic-cylinders.net\/hu\/wp-json\/wp\/v2\/product_cat?post=16427"},{"taxonomy":"product_tag","embeddable":true,"href":"https:\/\/www.hydraulic-cylinders.net\/hu\/wp-json\/wp\/v2\/product_tag?post=16427"}],"curies":[{"name":"munkaf\u00fczet","href":"https:\/\/api.w.org\/{rel}","templated":true}]}}