{"id":16430,"date":"2025-01-20T09:14:59","date_gmt":"2025-01-20T09:14:59","guid":{"rendered":"https:\/\/www.hydraulic-cylinders.net\/product\/arm-cylinderfor-zoomlion-middle-excavator-ze210e-9\/"},"modified":"2025-01-20T09:15:02","modified_gmt":"2025-01-20T09:15:02","slug":"arm-cylinderfor-zoomlion-middle-excavator-ze210e-9","status":"publish","type":"product","link":"https:\/\/www.hydraulic-cylinders.net\/hu\/termek\/arm-cylinderfor-zoomlion-middle-excavator-ze210e-9\/","title":{"rendered":"Karhenger Zoomlion k\u00f6z\u00e9ps\u0151 kotr\u00f3g\u00e9phez ZE210E-9"},"content":{"rendered":"<p>Karhenger Zoomlion k\u00f6z\u00e9ps\u0151 kotr\u00f3g\u00e9phez ZE210E-9<\/p>\n<p>A karhenger egy speci\u00e1lisan tervezett hidraulikus henger, amely line\u00e1ris mozg\u00e1st \u00e9s er\u0151t biztos\u00edt k\u00fcl\u00f6nf\u00e9le g\u00e9pek, p\u00e9ld\u00e1ul kotr\u00f3g\u00e9pek, daruk \u00e9s robotkarok karjainak. A karhenger kulcsszerepet j\u00e1tszik a hidraulikus rendszerben, lehet\u0151v\u00e9 t\u00e9ve a tartoz\u00e9kok \u00e9s tartoz\u00e9kok hat\u00e9kony mozg\u00e1s\u00e1t \u00e9s vez\u00e9rl\u00e9s\u00e9t. Ezek a hengerek nemcsak sima mozg\u00e1st biztos\u00edtanak, hanem nagy terhel\u00e9seket is elviselnek, biztos\u00edtva a g\u00e9pek magas hat\u00e9konys\u00e1g\u00e1t \u00e9s megb\u00edzhat\u00f3s\u00e1g\u00e1t k\u00fcl\u00f6nb\u00f6z\u0151 \u00fczemi k\u00f6r\u00fclm\u00e9nyek k\u00f6z\u00f6tt.<\/p>\n<p>Jellemz\u0151k:<\/p>\n<p>1. Nagy hat\u00e9konys\u00e1g\u00fa er\u0151\u00e1tvitel: A karhengerek er\u0151teljes line\u00e1ris mozg\u00e1st \u00e9s er\u0151t biztos\u00edtanak, biztos\u00edtva a nagy hat\u00e9konys\u00e1g\u00fa teljes\u00edtm\u00e9nyt k\u00fcl\u00f6nf\u00e9le m\u0171veletek sor\u00e1n.<\/p>\n<p>2. Prec\u00edz vez\u00e9rl\u00e9s: A karhengerek prec\u00edz mozg\u00e1svez\u00e9rl\u00e9st biztos\u00edtanak a hidraulikus rendszeren kereszt\u00fcl, lehet\u0151v\u00e9 t\u00e9ve a tartoz\u00e9kok rugalmasabb \u00e9s pontosabb m\u0171k\u00f6dtet\u00e9s\u00e9t.<\/p>\n<p>3. Er\u0151s tart\u00f3ss\u00e1g: A karhengerek \u00e1ltal\u00e1ban nagy szil\u00e1rds\u00e1g\u00fa anyagokb\u00f3l k\u00e9sz\u00fclnek, amelyek j\u00f3 kop\u00e1s- \u00e9s korr\u00f3zi\u00f3\u00e1ll\u00f3s\u00e1ggal rendelkeznek, \u00e9s alkalmasak hossz\u00fa t\u00e1v\u00fa haszn\u00e1latra zord k\u00f6rnyezetben.<\/p>\n<p>4. T\u00f6bbfunkci\u00f3s alkalmazkod\u00f3k\u00e9pess\u00e9g: Ezek a hengerek sz\u00e9les k\u00f6rben alkalmazhat\u00f3k k\u00fcl\u00f6nf\u00e9le mechanikus berendez\u00e9sekben, p\u00e9ld\u00e1ul kotr\u00f3g\u00e9pekben, darukban \u00e9s robotkarokban, hogy megfeleljenek a k\u00fcl\u00f6nb\u00f6z\u0151 munkaig\u00e9nyeknek.<\/p>\n<p>5. K\u00f6nny\u0171 karbantart\u00e1s: A kialak\u00edt\u00e1s figyelembe veszi az egyszer\u0171 karbantart\u00e1st \u00e9s cser\u00e9t, \u00edgy a rendszeres ellen\u0151rz\u00e9sek \u00e9s karbantart\u00e1s k\u00e9nyelmesebb, cs\u00f6kkentve a berendez\u00e9sek \u00e1ll\u00e1sidej\u00e9t.<\/p>\n<p>Alkalmaz\u00e1sok:<\/p>\n<p>1. \u00c9p\u00edt\u0151ipar: A karhengereket kotr\u00f3g\u00e9pek \u00e9s daruk v\u00f6dreinek vagy g\u00e9mjeinek mozg\u00e1s\u00e1nak vez\u00e9rl\u00e9s\u00e9re haszn\u00e1lj\u00e1k f\u00f6ldmunk\u00e1khoz, anyagmozgat\u00e1shoz \u00e9s szerkezeti telep\u00edt\u00e9sekhez.<\/p>\n<p>2. Gy\u00e1rt\u00e1s: A karhengereket robotkarok mozgat\u00e1s\u00e1ra haszn\u00e1lj\u00e1k automatiz\u00e1lt gy\u00e1rt\u00f3sorokon, \u00f6sszeszerel\u00e9si, hegeszt\u00e9si \u00e9s anyagmozgat\u00e1si folyamatokban, jav\u00edtva a termel\u00e9si hat\u00e9konys\u00e1got \u00e9s a pontoss\u00e1got.<\/p>\n<p>3. Mez\u0151gazdas\u00e1gi g\u00e9pek: A karhengerek a mez\u0151gazdas\u00e1gi g\u00e9pek, p\u00e9ld\u00e1ul betakar\u00edt\u00f3g\u00e9pek \u00e9s vet\u0151g\u00e9pek m\u0171k\u00f6dtet\u0151 karjainak mozg\u00e1s\u00e1nak vez\u00e9rl\u00e9s\u00e9re szolg\u00e1lnak olyan feladatokhoz, mint az vet\u00e9s, a tr\u00e1gy\u00e1z\u00e1s \u00e9s a betakar\u00edt\u00e1s.<\/p>\n<p>4. B\u00e1ny\u00e1szat: A karhengereket a b\u00e1ny\u00e1szati \u200b\u200bberendez\u00e9sek karmozg\u00e1s\u00e1nak vez\u00e9rl\u00e9s\u00e9re haszn\u00e1lj\u00e1k \u00e1sv\u00e1nyok kitermel\u00e9s\u00e9hez \u00e9s sz\u00e1ll\u00edt\u00e1s\u00e1hoz.<\/p>\n<p>5. Logisztika \u00e9s sz\u00e1ll\u00edt\u00e1s: A karhengereket a vill\u00e1k emel\u00e9s\u00e9nek \u00e9s mozg\u00e1s\u00e1nak vez\u00e9rl\u00e9s\u00e9re haszn\u00e1lj\u00e1k targonc\u00e1kban \u00e9s anyagmozgat\u00f3 robotokban, anyagmozgat\u00e1shoz \u00e9s rakod\u00e1shoz.<\/p>\n<p>Tervez\u00e9si szempontok \u00e9s kiv\u00e1laszt\u00e1si krit\u00e9riumok:<\/p>\n<p>1. Teherb\u00edr\u00e1s: A karhengernek k\u00e9pesnek kell lennie az adott alkalmaz\u00e1shoz sz\u00fcks\u00e9ges terhel\u00e9s elvisel\u00e9s\u00e9re.<\/p>\n<p>2. T\u00f6m\u00edt\u00e9s: A karhengert megfelel\u0151 t\u00f6m\u00edt\u0151eszk\u00f6z\u00f6kkel, p\u00e9ld\u00e1ul dugatty\u00fat\u00f6m\u00edt\u00e9sekkel \u00e9s r\u00fadt\u00f6m\u00edt\u00e9sekkel kell felszerelni a folyad\u00e9k sziv\u00e1rg\u00e1s\u00e1nak megakad\u00e1lyoz\u00e1sa \u00e9rdek\u00e9ben.<\/p>\n<p>3. Tart\u00f3ss\u00e1g: A karhenger anyagait \u00e9s fel\u00fcletkezel\u00e9s\u00e9t \u00fagy kell kiv\u00e1lasztani, hogy j\u00f3 kop\u00e1s- \u00e9s korr\u00f3zi\u00f3\u00e1ll\u00f3s\u00e1got biztos\u00edtsanak.<\/p>\n<p>4. Biztons\u00e1g: A karhengert \u00fagy kell kialak\u00edtani, hogy megel\u0151zze a baleseteket \u00e9s biztos\u00edtsa a biztons\u00e1gos m\u0171k\u00f6d\u00e9st.<\/p>\n<p>5. Karbantart\u00e1s: A karhengert \u00fagy kell kialak\u00edtani, hogy k\u00f6nnyen karbantarthat\u00f3 \u00e9s jav\u00edthat\u00f3 legyen.<\/p>\n<p>T\u00f6m\u00edt\u00e9s \u00e9s ken\u00e9s:<\/p>\n<p>A karhengerekben k\u00fcl\u00f6nf\u00e9le t\u00f6m\u00edt\u0151elemeket, p\u00e9ld\u00e1ul dugatty\u00fat\u00f6m\u00edt\u00e9seket \u00e9s r\u00fadt\u00f6m\u00edt\u00e9seket haszn\u00e1lnak a folyad\u00e9ksziv\u00e1rg\u00e1s megakad\u00e1lyoz\u00e1s\u00e1ra. A hengertestet \u00e9s a menetes v\u00e9gfel\u00fcleteket finoman megmunk\u00e1lj\u00e1k a kop\u00e1s\u00e1ll\u00f3s\u00e1g jav\u00edt\u00e1sa \u00e9rdek\u00e9ben, \u00e9s rendszeres ken\u00e9s sz\u00fcks\u00e9ges megfelel\u0151 hidraulikaolajjal.<\/p>\n<p>Telep\u00edt\u00e9si \u00fatmutat\u00f3:<\/p>\n<p>1. V\u00e1lassza ki a megfelel\u0151 karhengert az adott alkalmaz\u00e1si k\u00f6vetelm\u00e9nyeknek megfelel\u0151en.<\/p>\n<p>2. Szerelje fel a karhengert a gy\u00e1rt\u00f3 utas\u00edt\u00e1sai szerint, \u00fcgyelve arra, hogy minden r\u00f6gz\u00edt\u0151csavar \u00e9s anya meg legyen h\u00fazva.<\/p>\n<p>3. Csatlakoztassa a kar henger\u00e9t a hidraulikus rendszerhez, \u00fcgyelve a megfelel\u0151 folyad\u00e9k\u00e1raml\u00e1sra \u00e9s nyom\u00e1sra.<\/p>\n<p>Biztons\u00e1gi szempontok \u00e9s k\u00f6rnyezeti t\u00e9nyez\u0151k:<\/p>\n<p>A karhenger haszn\u00e1latakor elengedhetetlen a biztons\u00e1g, p\u00e9ld\u00e1ul a t\u00falterhel\u00e9s elker\u00fcl\u00e9se \u00e9s a hidraulikus rendszer megfelel\u0151 m\u0171k\u00f6d\u00e9s\u00e9nek biztos\u00edt\u00e1sa. A karhenger kiv\u00e1laszt\u00e1sakor \u00e9s haszn\u00e1latakor a k\u00f6rnyezeti t\u00e9nyez\u0151ket, p\u00e9ld\u00e1ul a h\u0151m\u00e9rs\u00e9kletet \u00e9s a nedvess\u00e9get is figyelembe kell venni.<\/p>\n<p>Hibadiagn\u00f3zis \u00e9s hibaelh\u00e1r\u00edt\u00e1s:<\/p>\n<p>A karhengerek gyakori probl\u00e9m\u00e1i k\u00f6z\u00e9 tartozik a folyad\u00e9ksziv\u00e1rg\u00e1s, az el\u00e9gtelen er\u0151 \u00e9s a rendellenes zaj. A rendszeres ellen\u0151rz\u00e9sek \u00e9s karbantart\u00e1s seg\u00edthet megel\u0151zni ezeket a probl\u00e9m\u00e1kat. Ha ilyen probl\u00e9m\u00e1k mer\u00fclnek fel, az ok\u00e1t azonnal diagnosztiz\u00e1lni kell, \u00e9s megfelel\u0151 int\u00e9zked\u00e9seket kell tenni a megold\u00e1sukra.<\/p>\n<p>C\u00e9gbemutat\u00f3:<\/p>\n<p>Professzion\u00e1lis hidraulikus hengergy\u00e1rt\u00f3k\u00e9nt sz\u00e9les term\u00e9kv\u00e1laszt\u00e9kot k\u00edn\u00e1lunk, \u00e9s a hazai \u00e9s k\u00fclf\u00f6ldi piacok egyik vezet\u0151 hidraulikus hengergy\u00e1rt\u00f3j\u00e1v\u00e1 \u00e9s nagykereskedelmi forgalmaz\u00f3j\u00e1v\u00e1 v\u00e1lunk. Mindig a kiv\u00e1l\u00f3 min\u0151s\u00e9g elv\u00e9t k\u00f6vetj\u00fck, \u00e9s a finomgy\u00e1rt\u00f3 m\u0171hely ipari termel\u00e9sir\u00e1ny\u00edt\u00e1si strat\u00e9gi\u00e1j\u00e1ra t\u00e1maszkodunk, hogy folyamatosan fejlessz\u00fck m\u0171szaki sz\u00ednvonalunkat \u00e9s termel\u00e9si hat\u00e9konys\u00e1gunkat. Cs\u00facskateg\u00f3ri\u00e1s digit\u00e1lis gy\u00e1rt\u00f3berendez\u00e9sek \u00e9s professzion\u00e1lis tesztel\u0151rendszerek bevezet\u00e9s\u00e9vel folyamatosan optimaliz\u00e1ljuk gy\u00e1rt\u00e1si platformunkat, fejlesztj\u00fck term\u00e9kmin\u0151s\u00e9g-ellen\u0151rz\u00e9si folyamatainkat, \u00e9s er\u0151s innov\u00e1ci\u00f3s k\u00e9pess\u00e9gekkel rendelkez\u00fcnk. C\u00e9lunk, hogy nagy hat\u00e9konys\u00e1ggal, prec\u00edzen \u00e9s magas min\u0151s\u00e9gi elvekkel el\u00e9g\u00edts\u00fck ki \u00fcgyfeleink sokr\u00e9t\u0171 ig\u00e9nyeit.<\/p>\n<p>B\u00fcszk\u00e9k vagyunk professzionalizmusunkra, nemzetk\u00f6zi tan\u00fas\u00edtv\u00e1nyainkra, szem\u00e9lyre szabott szolg\u00e1ltat\u00e1sainkra, fejlett gy\u00e1rt\u00f3berendez\u00e9seinkre \u00e9s kiv\u00e1l\u00f3 \u00e9rt\u00e9kes\u00edt\u00e9s ut\u00e1ni szolg\u00e1ltat\u00e1sunkra.<\/p>\n<p>Szerz\u0151: lyl<\/p>","protected":false},"excerpt":{"rendered":"<p>Arm Cylinder for Zoomlion Middle Excavator ZE210E-9 Arm cylinder is a specially designed hydraulic cylinder that provides linear motion and power to the arms of various types of machinery, such as excavators, cranes, and robotic arms. The arm cylinder plays a crucial role in the hydraulic system, enabling the efficient movement and control of attachments [&hellip;]<\/p>","protected":false},"featured_media":14772,"comment_status":"open","ping_status":"closed","template":"","meta":{"_et_pb_use_builder":"","_et_pb_old_content":"","_et_gb_content_width":""},"product_brand":[],"product_cat":[1497],"product_tag":[1498,1496],"class_list":{"0":"post-16430","1":"product","2":"type-product","3":"status-publish","4":"has-post-thumbnail","6":"product_cat-arm-cylinders","7":"product_tag-arm-cylinders","8":"product_tag-hydraulic-cylinders","10":"first","11":"instock","12":"shipping-taxable","13":"product-type-simple"},"amp_enabled":true,"_links":{"self":[{"href":"https:\/\/www.hydraulic-cylinders.net\/hu\/wp-json\/wp\/v2\/product\/16430","targetHints":{"allow":["GET"]}}],"collection":[{"href":"https:\/\/www.hydraulic-cylinders.net\/hu\/wp-json\/wp\/v2\/product"}],"about":[{"href":"https:\/\/www.hydraulic-cylinders.net\/hu\/wp-json\/wp\/v2\/types\/product"}],"replies":[{"embeddable":true,"href":"https:\/\/www.hydraulic-cylinders.net\/hu\/wp-json\/wp\/v2\/comments?post=16430"}],"wp:featuredmedia":[{"embeddable":true,"href":"https:\/\/www.hydraulic-cylinders.net\/hu\/wp-json\/wp\/v2\/media\/14772"}],"wp:attachment":[{"href":"https:\/\/www.hydraulic-cylinders.net\/hu\/wp-json\/wp\/v2\/media?parent=16430"}],"wp:term":[{"taxonomy":"product_brand","embeddable":true,"href":"https:\/\/www.hydraulic-cylinders.net\/hu\/wp-json\/wp\/v2\/product_brand?post=16430"},{"taxonomy":"product_cat","embeddable":true,"href":"https:\/\/www.hydraulic-cylinders.net\/hu\/wp-json\/wp\/v2\/product_cat?post=16430"},{"taxonomy":"product_tag","embeddable":true,"href":"https:\/\/www.hydraulic-cylinders.net\/hu\/wp-json\/wp\/v2\/product_tag?post=16430"}],"curies":[{"name":"munkaf\u00fczet","href":"https:\/\/api.w.org\/{rel}","templated":true}]}}