{"id":1644,"date":"2023-10-10T06:05:51","date_gmt":"2023-10-10T06:05:51","guid":{"rendered":"https:\/\/hydraulic-cylinders.net\/?post_type=product&#038;p=1644"},"modified":"2025-04-11T02:55:30","modified_gmt":"2025-04-11T02:55:30","slug":"press-clamping-cylinder","status":"publish","type":"product","link":"https:\/\/www.hydraulic-cylinders.net\/hu\/termek\/press-clamping-cylinder\/","title":{"rendered":"Pr\u00e9sbefog\u00f3 henger"},"content":{"rendered":"<h1 style=\"text-align: center;\"><strong>Pr\u00e9sbefog\u00f3 henger<\/strong><\/h1>\n<p><img loading=\"lazy\" decoding=\"async\" class=\"aligncenter wp-image-1645\" src=\"https:\/\/hydraulic-cylinders.net\/wp-content\/uploads\/2023\/10\/clamping-cylinder-1-1-300x300.webp\" alt=\"\" width=\"400\" height=\"400\" \/><\/p>\n<p>A pr\u00e9sbefog\u00f3 henger egy \u00e9lvonalbeli term\u00e9k, amely kiv\u00e9teles teljes\u00edtm\u00e9nyt \u00e9s megb\u00edzhat\u00f3s\u00e1got biztos\u00edt k\u00fcl\u00f6nf\u00e9le ipari alkalmaz\u00e1sokban. Fejlett tulajdons\u00e1gainak \u00e9s robusztus kialak\u00edt\u00e1s\u00e1nak k\u00f6sz\u00f6nhet\u0151en ez a henger fokozott szor\u00edt\u00f3er\u0151t, prec\u00edz vez\u00e9rl\u00e9st \u00e9s jobb termel\u00e9kenys\u00e9get k\u00edn\u00e1l.<\/p>\n<p>A pr\u00e9sbefog\u00f3 henger forradalmi v\u00e1ltoz\u00e1st hoz az ipari alkalmaz\u00e1sokban, nagy szor\u00edt\u00f3er\u0151t, prec\u00edz vez\u00e9rl\u00e9st \u00e9s gyors m\u0171k\u00f6d\u00e9st k\u00edn\u00e1lva. Sokoldal\u00fa r\u00f6gz\u00edt\u00e9si lehet\u0151s\u00e9geivel \u00e9s megb\u00edzhat\u00f3 teljes\u00edtm\u00e9ny\u00e9vel ez a henger n\u00f6veli a termel\u00e9kenys\u00e9get, a hat\u00e9konys\u00e1got \u00e9s a pontoss\u00e1got a k\u00fcl\u00f6nf\u00e9le ipari folyamatokban. Az aj\u00e1nlott haszn\u00e1lati m\u00f3dszerek \u00e9s karbantart\u00e1si gyakorlatok betart\u00e1s\u00e1val maximaliz\u00e1lhatja a pr\u00e9sbefog\u00f3 henger \u00e9lettartam\u00e1t, megb\u00edzhat\u00f3s\u00e1g\u00e1t \u00e9s biztons\u00e1g\u00e1t ipari k\u00f6rnyezetben. V\u00e1lassza ezt a hengert, hogy kiakn\u00e1zza ipari folyamataiban rejl\u0151 \u00f6sszes lehet\u0151s\u00e9get, \u00e9s gyorsan kiv\u00e1l\u00f3 eredm\u00e9nyeket \u00e9rjen el.<\/p>\n<p>Pr\u00e9sbefog\u00f3 henger f\u0151bb jellemz\u0151i:<\/p>\n<ol>\n<li>Nagy szor\u00edt\u00f3er\u0151:<\/li>\n<\/ol>\n<ul>\n<li>A pr\u00e9sbefog\u00f3 henger nagy szor\u00edt\u00f3er\u0151vel b\u00fcszk\u00e9lkedhet, amely lehet\u0151v\u00e9 teszi a munkadarabok biztons\u00e1gos r\u00f6gz\u00edt\u00e9s\u00e9t megmunk\u00e1l\u00e1s, hegeszt\u00e9s vagy \u00f6sszeszerel\u00e9s sor\u00e1n.<\/li>\n<li>Robusztus konstrukci\u00f3j\u00e1nak \u00e9s optimaliz\u00e1lt kialak\u00edt\u00e1s\u00e1nak k\u00f6sz\u00f6nhet\u0151en ez a henger megb\u00edzhat\u00f3 \u00e9s \u00e1lland\u00f3 szor\u00edt\u00f3er\u0151t biztos\u00edt, biztos\u00edtva a stabilit\u00e1st \u00e9s a pontoss\u00e1got.<\/li>\n<\/ul>\n<ol start=\"2\">\n<li>Prec\u00edz vez\u00e9rl\u00e9s:<\/li>\n<\/ol>\n<ul>\n<li>Ez a henger prec\u00edz vez\u00e9rl\u0151mechanizmusokkal rendelkezik, amelyek lehet\u0151v\u00e9 teszik a kezel\u0151k sz\u00e1m\u00e1ra a szor\u00edt\u00f3er\u0151 pontos be\u00e1ll\u00edt\u00e1s\u00e1t.<\/li>\n<li>A szor\u00edt\u00f3er\u0151 finomhangol\u00e1s\u00e1nak k\u00e9pess\u00e9ge optim\u00e1lis megfog\u00e1st biztos\u00edt a k\u00e9nyes munkadarabok k\u00e1ros\u00edt\u00e1sa n\u00e9lk\u00fcl, ami kiv\u00e1l\u00f3 min\u0151s\u00e9get \u00e9s kevesebb ut\u00f3munk\u00e1t eredm\u00e9nyez.<\/li>\n<\/ul>\n<ol start=\"3\">\n<li>Gyors m\u0171k\u00f6d\u00e9s:<\/li>\n<\/ol>\n<ul>\n<li>A pr\u00e9sbefog\u00f3 hengert gyors befog\u00e1si \u00e9s kiold\u00e1si m\u0171veletekre tervezt\u00e9k, minimaliz\u00e1lva az \u00e1ll\u00e1sid\u0151t \u00e9s maximaliz\u00e1lva a termel\u00e9kenys\u00e9get.<\/li>\n<li>Hat\u00e9kony kialak\u00edt\u00e1s\u00e1nak \u00e9s nagy sebess\u00e9g\u0171 m\u0171k\u00f6dtet\u00e9s\u00e9nek k\u00f6sz\u00f6nhet\u0151en gyors munkadarab-cser\u00e9t tesz lehet\u0151v\u00e9, cs\u00f6kkentve a ciklusid\u0151ket \u00e9s jav\u00edtva az \u00e1ltal\u00e1nos hat\u00e9konys\u00e1got.<\/li>\n<\/ul>\n<ol start=\"4\">\n<li>Sokoldal\u00fa r\u00f6gz\u00edt\u00e9si lehet\u0151s\u00e9gek:<\/li>\n<\/ol>\n<ul>\n<li>Ez a henger sokoldal\u00fa r\u00f6gz\u00edt\u00e9si lehet\u0151s\u00e9geket k\u00edn\u00e1l, bele\u00e9rtve a peremes, talpas vagy menetes r\u00f6gz\u00edt\u00e9seket, \u00edgy rugalmasan integr\u00e1lhat\u00f3 k\u00fcl\u00f6nb\u00f6z\u0151 ipari rendszerekbe.<\/li>\n<li>A k\u00fcl\u00f6nf\u00e9le r\u00f6gz\u00edt\u00e9si lehet\u0151s\u00e9gek lehet\u0151v\u00e9 teszik az egyszer\u0171 telep\u00edt\u00e9st \u00e9s integr\u00e1l\u00e1st a megl\u00e9v\u0151 g\u00e9pekbe vagy az egyedi munka\u00e1llom\u00e1sokba.<\/li>\n<\/ul>\n<h2><strong>Pr\u00e9sbefog\u00f3 henger param\u00e9tere:<\/strong><\/h2>\n<table border=\"1\" cellspacing=\"0\" cellpadding=\"0\">\n<tbody>\n<tr>\n<td>Term\u00e9k neve<\/td>\n<td>Hidraulikus pr\u00e9sr\u00f6gz\u00edt\u0151 henger<\/td>\n<\/tr>\n<tr>\n<td>Jellemz\u0151k:<\/td>\n<td>H\u00fazza meg a szor\u00edt\u00f3fejet, amely az ac\u00e9l\u00f6ntv\u00e9nyt vagy bug\u00e1t tartja<\/td>\n<\/tr>\n<tr>\n<td>Furat\u00e1tm\u00e9r\u0151:<\/td>\n<td>125 mm\uff5e700 mm<\/td>\n<\/tr>\n<tr>\n<td>R\u00fad \u00e1tm\u00e9r\u0151je:<\/td>\n<td>80 mm\uff5e520 mm<br \/>\nL\u00f6ket \u22641200 mm<\/td>\n<\/tr>\n<tr>\n<td>Tol\u00f3er\u0151:<\/td>\n<td>Maximum 9621 kN<br \/>\n(Henger\u00e1tm\u00e9r\u0151 700 mm\/nyom\u00e1s 25 MPa)<\/td>\n<\/tr>\n<tr>\n<td>\u00a0Szor\u00edt\u00f3henger alkalmaz\u00e1sok:<\/td>\n<td>Hidraulikus pr\u00e9s<\/td>\n<\/tr>\n<\/tbody>\n<\/table>\n<div><\/div>\n<div class=\"txtboxL\">Jellemz\u0151k:<\/div>\n<div class=\"txtboxR\">H\u00fazza meg a szor\u00edt\u00f3fejet, amely az ac\u00e9l\u00f6ntv\u00e9nyt vagy bug\u00e1t tartja<\/div>\n<div class=\"txtboxL\">Specifik\u00e1ci\u00f3:<\/div>\n<div class=\"txtboxR\">Furat\u00e1tm\u00e9r\u0151: 125 mm - 700 mm<br \/>\nR\u00fad \u00e1tm\u00e9r\u0151je: 80mm\uff5e520mm<br \/>\nL\u00f6ket \u22641200 mm<\/div>\n<div class=\"txtboxL\">Tol\u00f3er\u0151:<\/div>\n<div class=\"txtboxR\">Maximum 9621 kN<br \/>\n(Henger\u00e1tm\u00e9r\u0151 700 mm\/nyom\u00e1s 25 MPa)<\/div>\n<h2><strong>Pr\u00e9shenger gy\u00e1r:<\/strong><\/h2>\n<p><img loading=\"lazy\" decoding=\"async\" class=\"alignnone wp-image-1619 size-full\" src=\"https:\/\/hydraulic-cylinders.net\/wp-content\/uploads\/2023\/10\/press-cylinder.webp\" alt=\"\" width=\"1418\" height=\"946\" srcset=\"https:\/\/hydraulic-cylinders.net\/wp-content\/uploads\/2023\/10\/press-cylinder.webp 1418w, https:\/\/hydraulic-cylinders.net\/wp-content\/uploads\/2023\/10\/press-cylinder-1280x854.webp 1280w, https:\/\/hydraulic-cylinders.net\/wp-content\/uploads\/2023\/10\/press-cylinder-980x654.webp 980w, https:\/\/hydraulic-cylinders.net\/wp-content\/uploads\/2023\/10\/press-cylinder-480x320.webp 480w\" sizes=\"(min-width: 0px) and (max-width: 480px) 480px, (min-width: 481px) and (max-width: 980px) 980px, (min-width: 981px) and (max-width: 1280px) 1280px, (min-width: 1281px) 1418px, 100vw\" \/><\/p>\n<h2><strong>A pr\u00e9sbefog\u00f3 henger haszn\u00e1lati m\u00f3dja<\/strong><strong>:<\/strong><\/h2>\n<ol>\n<li><strong>Szerel\u00e9s \u00e9s telep\u00edt\u00e9s:<\/strong><\/li>\n<\/ol>\n<ul>\n<li>Kezdje az alkalmaz\u00e1snak megfelel\u0151 r\u00f6gz\u00edt\u00e9si opci\u00f3 kiv\u00e1laszt\u00e1s\u00e1val, p\u00e9ld\u00e1ul peremes, talpas vagy menetes testes r\u00f6gz\u00edt\u00e9ssel.<\/li>\n<li>K\u00f6vesse a gy\u00e1rt\u00f3 utas\u00edt\u00e1sait vagy ir\u00e1nyelveit a pr\u00e9sbefog\u00f3 henger biztons\u00e1gos r\u00f6gz\u00edt\u00e9s\u00e9hez a k\u00edv\u00e1nt helyre, biztos\u00edtva a megfelel\u0151 be\u00e1ll\u00edt\u00e1st \u00e9s stabilit\u00e1st.<\/li>\n<\/ul>\n<ol start=\"2\">\n<li><strong>A szor\u00edt\u00f3er\u0151 be\u00e1ll\u00edt\u00e1sa:<\/strong><\/li>\n<\/ol>\n<ul>\n<li>Az alkalmaz\u00e1s k\u00f6vetelm\u00e9nyeit\u0151l f\u00fcgg\u0151en haszn\u00e1lja a mell\u00e9kelt vez\u00e9rl\u0151ket vagy be\u00e1ll\u00edt\u00f3 mechanizmusokat a k\u00edv\u00e1nt szor\u00edt\u00f3er\u0151 be\u00e1ll\u00edt\u00e1s\u00e1hoz.<\/li>\n<li>Gondosan m\u00e9rlegelje a munkadarab anyag\u00e1t, m\u00e9ret\u00e9t \u00e9s a feldolgoz\u00e1si k\u00f6vetelm\u00e9nyeket az optim\u00e1lis szor\u00edt\u00f3er\u0151 el\u00e9r\u00e9se \u00e9rdek\u00e9ben a legjobb eredm\u00e9ny el\u00e9r\u00e9se \u00e9rdek\u00e9ben.<\/li>\n<\/ul>\n<ol start=\"3\">\n<li><strong>Munkadarab befog\u00e1sa:<\/strong><\/li>\n<\/ol>\n<ul>\n<li>Helyezze a munkadarabot a pr\u00e9sbefog\u00f3 henger befog\u00e1si tartom\u00e1ny\u00e1n bel\u00fclre.<\/li>\n<li>Aktiv\u00e1lja a hengert a szor\u00edt\u00f3er\u0151 kifejt\u00e9s\u00e9hez, biztos\u00edtva a munkadarab biztons\u00e1gos megfog\u00e1s\u00e1t.<\/li>\n<li>Ellen\u0151rizze, hogy a szor\u00edt\u00f3er\u0151 elegend\u0151-e a munkadarab szil\u00e1rd r\u00f6gz\u00edt\u00e9s\u00e9hez a k\u00edv\u00e1nt m\u0171velet sor\u00e1n.<\/li>\n<\/ul>\n<h2><strong>Hogyan kell leszerelni a hidraulikus henger v\u00e9gsapk\u00e1j\u00e1t?<\/strong><\/h2>\n<div class=\"ChatMessage_chatMessage__xkgHx\" data-complete=\"true\">\n<div class=\"ChatMessage_botMessageHeader__8yA1R\">\n<div class=\"ChatMessage_headerWrapper__UeGSI\">\n<div class=\"ChatMessage_badge__ah1FU\">A hidraulikus henger z\u00e1r\u00f3sapk\u00e1j\u00e1nak elt\u00e1vol\u00edt\u00e1sa egy egyszer\u0171 folyamat, amely n\u00e9h\u00e1ny alapvet\u0151 szersz\u00e1mot \u00e9s gondos v\u00e9grehajt\u00e1st ig\u00e9nyel. \u00cdme egy l\u00e9p\u00e9sr\u0151l l\u00e9p\u00e9sre \u00fatmutat\u00f3 a hidraulikus henger z\u00e1r\u00f3sapk\u00e1j\u00e1nak elt\u00e1vol\u00edt\u00e1s\u00e1hoz:<\/div>\n<\/div>\n<\/div>\n<div class=\"ChatMessage_messageRow__DHlnq\">\n<div class=\"ChatMessage_messageWrapper__4Ugd6\">\n<div class=\"Message_row__ug_UU\">\n<div class=\"Message_botMessageBubble__aYctV\">\n<div class=\"Markdown_markdownContainer__Tz3HQ\">\n<ol>\n<li><strong>Els\u0151 a biztons\u00e1g:<\/strong> A hidraulikus hengeren v\u00e9gzett b\u00e1rmilyen munka megkezd\u00e9se el\u0151tt gy\u0151z\u0151dj\u00f6n meg arr\u00f3l, hogy a rendszer nyom\u00e1smentes\u00edtett \u00e9s minden hidraulikus t\u00e1pell\u00e1t\u00e1s ki van kapcsolva. Ez megakad\u00e1lyozza a v\u00e1ratlan mozg\u00e1st vagy a hidraulikafolyad\u00e9k ki\u00f6ml\u00e9s\u00e9t.<\/li>\n<li><strong>Eszk\u00f6z\u00f6k \u00f6sszegy\u0171jt\u00e9se:<\/strong> Sz\u00fcks\u00e9ged lesz megfelel\u0151 szersz\u00e1mokra, bele\u00e9rtve vill\u00e1skulcsokat, dug\u00f3kulcsk\u00e9szleteket, gumikalap\u00e1csot \u00e9s fesz\u00edt\u0151vasat vagy csavarh\u00faz\u00f3t.<\/li>\n<li><strong>A z\u00e1r\u00f3kupak azonos\u00edt\u00e1sa:<\/strong> A v\u00e9gz\u00e1r\u00f3 kupak jellemz\u0151en a hidraulikus henger egyik v\u00e9g\u00e9n tal\u00e1lhat\u00f3, \u00e9s csavarokkal vagy r\u00f6gz\u00edt\u0151gy\u0171r\u0171kkel van r\u00f6gz\u00edtve.<\/li>\n<li><strong>Hozz\u00e1f\u00e9r\u00e9s a csavarokhoz:<\/strong> Ha a v\u00e9gz\u00e1r\u00f3 csavarokkal van r\u00f6gz\u00edtve, haszn\u00e1lja a megfelel\u0151 vill\u00e1skulcsot vagy dug\u00f3kulcsk\u00e9szletet a csavarok meglaz\u00edt\u00e1s\u00e1hoz \u00e9s elt\u00e1vol\u00edt\u00e1s\u00e1hoz. El\u0151sz\u00f6r keresztben laz\u00edtsa meg a csavarokat, hogy biztos\u00edtsa az egyenletes nyom\u00e1skiold\u00e1st.<\/li>\n<li><strong>A r\u00f6gz\u00edt\u0151gy\u0171r\u0171k elt\u00e1vol\u00edt\u00e1sa:<\/strong> A v\u00e9gz\u00e1r\u00f3t n\u00e9ha r\u00f6gz\u00edt\u0151gy\u0171r\u0171kkel r\u00f6gz\u00edthetik. Haszn\u00e1ljon fesz\u00edt\u0151vasat vagy csavarh\u00faz\u00f3t a r\u00f6gz\u00edt\u0151gy\u0171r\u0171k \u00f3vatos lefesz\u00edt\u00e9s\u00e9hez, \u00fcgyelve arra, hogy ne k\u00e1ros\u00edts\u00e1k a hengert vagy a v\u00e9gz\u00e1r\u00f3t.<\/li>\n<li><strong>Finoman koppintson:<\/strong> Miut\u00e1n a csavarokat vagy a r\u00f6gz\u00edt\u0151gy\u0171r\u0171ket elt\u00e1vol\u00edtott\u00e1k, a v\u00e9gz\u00e1r\u00f3 sapka tov\u00e1bbra is szorosan t\u00f6m\u00edtett lehet a hidraulikus nyom\u00e1s vagy s\u00farl\u00f3d\u00e1s miatt. Gumikalap\u00e1ccsal finoman \u00fct\u00f6gesse meg a v\u00e9gz\u00e1r\u00f3 sapka ker\u00fclet\u00e9t. Ez seg\u00edt fellaz\u00edtani a ragaszt\u00f3t vagy t\u00f6m\u00edt\u0151anyagot, \u00e9s meglaz\u00edtani a v\u00e9gz\u00e1r\u00f3 sapk\u00e1t.<\/li>\n<li><strong>Fesz\u00edtse le a z\u00e1r\u00f3kupakot:<\/strong> Miut\u00e1n meglaz\u00edtotta a v\u00e9gsapk\u00e1t, egy fesz\u00edt\u0151vassal vagy csavarh\u00faz\u00f3val \u00f3vatosan fesz\u00edtse le a v\u00e9gsapk\u00e1t. Kezdje az egyik sz\u00e9l\u00e9n\u00e9l, \u00e9s haladjon k\u00f6rbe, finoman \u00e9s egyenletesen nyomva, hogy elker\u00fclje a henger vagy a v\u00e9gsapka s\u00e9r\u00fcl\u00e9s\u00e9t. Egy gumikalap\u00e1ccsal finoman kocogtassa meg a fesz\u00edt\u0151vasat a v\u00e9gsapka kiold\u00e1s\u00e1hoz.<\/li>\n<li><strong>Ellen\u0151rizd \u00e9s tiszt\u00edtsd meg:<\/strong> Miut\u00e1n a v\u00e9gz\u00e1r\u00f3 kupakot elt\u00e1vol\u00edtotta, ellen\u0151rizze, hogy l\u00e1that\u00f3-e rajta s\u00e9r\u00fcl\u00e9s, kop\u00e1s vagy sziv\u00e1rg\u00e1s. Jegyezze fel az esetlegesen cser\u00e9lend\u0151 t\u00f6m\u00edt\u00e9seket vagy t\u00f6m\u00edt\u0151gy\u0171r\u0171ket. Alaposan tiszt\u00edtsa meg a v\u00e9gz\u00e1r\u00f3 kupakot \u00e9s a henger r\u00f6gz\u00edt\u0151fel\u00fclet\u00e9t a megfelel\u0151 \u00f6sszeszerel\u00e9si t\u00f6m\u00edt\u00e9s biztos\u00edt\u00e1sa \u00e9rdek\u00e9ben.<\/li>\n<\/ol>\n<\/div>\n<\/div>\n<\/div>\n<\/div>\n<\/div>\n<\/div>\n<h2><strong>A gy\u00e1r kapacit\u00e1sa \u00e9s kapacit\u00e1sa:<\/strong><\/h2>\n<h3>(1) \u00d6sszeszerel\u00e9s<\/h3>\n<p>Els\u0151 oszt\u00e1ly\u00fa f\u00fcggetlen kutat\u00e1si \u00e9s fejleszt\u00e9si \u00f6sszeszerel\u00e9si platformmal rendelkez\u00fcnk. A hidraulikus hengergy\u00e1rt\u00f3 m\u0171hely n\u00e9gy f\u00e9lautomata emel\u0151henger-\u00f6sszeszerel\u0151 sorral \u00e9s egy automata billen\u0151henger-\u00f6sszeszerel\u0151 sorral rendelkezik, tervezett \u00e9ves gy\u00e1rt\u00e1si kapacit\u00e1sa 1 milli\u00f3 darab. A speci\u00e1lis henger m\u0171hely k\u00fcl\u00f6nb\u00f6z\u0151 specifik\u00e1ci\u00f3j\u00fa f\u00e9lautomata tiszt\u00edt\u00f3 \u00f6sszeszerel\u0151 rendszerrel van felszerelve, amelynek tervezett \u00e9ves termel\u00e9si kapacit\u00e1sa 200.000, \u00e9s h\u00edres CNC megmunk\u00e1l\u00f3 berendez\u00e9ssel, megmunk\u00e1l\u00f3 k\u00f6zponttal, nagy pontoss\u00e1g\u00fa hengerfeldolgoz\u00f3 speci\u00e1lis berendez\u00e9ssel, robothegeszt\u0151 g\u00e9ppel, automatikus tiszt\u00edt\u00f3g\u00e9ppel, automatikus henger \u00f6sszeszerel\u0151 g\u00e9ppel \u00e9s automatikus fest\u00e9si gy\u00e1rt\u00f3sorral van felszerelve. A megl\u00e9v\u0151 kritikus berendez\u00e9sek t\u00f6bb mint 300 k\u00e9szlet (k\u00e9szlet). A berendez\u00e9sek er\u0151forr\u00e1sainak optim\u00e1lis eloszt\u00e1sa \u00e9s hat\u00e9kony felhaszn\u00e1l\u00e1sa biztos\u00edtja a term\u00e9kek pontoss\u00e1gi k\u00f6vetelm\u00e9nyeit \u00e9s megfelel a term\u00e9kek min\u0151s\u00e9gi ig\u00e9nyeinek.<\/p>\n<p><img loading=\"lazy\" decoding=\"async\" class=\"alignnone wp-image-626\" src=\"https:\/\/hydraulic-cylinders.net\/wp-content\/uploads\/2023\/08\/hydraulic-cylinder-product-1-300x158.webp\" alt=\"\" width=\"495\" height=\"260\" srcset=\"https:\/\/hydraulic-cylinders.net\/wp-content\/uploads\/2023\/08\/hydraulic-cylinder-product-1-300x158.webp 495w, https:\/\/hydraulic-cylinders.net\/wp-content\/uploads\/2023\/08\/hydraulic-cylinder-product-1-480x252.webp 480w\" sizes=\"(min-width: 0px) and (max-width: 480px) 480px, (min-width: 481px) 495px, 100vw\" \/> <img loading=\"lazy\" decoding=\"async\" class=\"alignnone wp-image-627\" src=\"https:\/\/hydraulic-cylinders.net\/wp-content\/uploads\/2023\/08\/hydraulic-cylinder-product-2-300x189.webp\" alt=\"\" width=\"413\" height=\"260\" \/><\/p>\n<h3>(2) Megmunk\u00e1l\u00e1s<\/h3>\n<p>A megmunk\u00e1l\u00f3m\u0171hely egyedi, ferde s\u00edneszterg\u00e1l\u00f3 k\u00f6zponttal, megmunk\u00e1l\u00f3k\u00f6zponttal, nagysebess\u00e9g\u0171 h\u00f3nol\u00f3g\u00e9ppel, hegeszt\u0151robottal \u00e9s egy\u00e9b kapcsol\u00f3d\u00f3 berendez\u00e9sekkel van felszerelve, amelyek legfeljebb 400 mm bels\u0151 \u00e1tm\u00e9r\u0151j\u0171 \u00e9s legfeljebb 6 m\u00e9ter hossz\u00fa hengercs\u00f6vek megmunk\u00e1l\u00e1s\u00e1ra k\u00e9pesek.<\/p>\n<p><img loading=\"lazy\" decoding=\"async\" class=\"alignnone wp-image-628 size-large\" src=\"https:\/\/hydraulic-cylinders.net\/wp-content\/uploads\/2023\/08\/hydraulic-cylinder-product-3-1024x391.webp\" alt=\"\" width=\"1024\" height=\"391\" srcset=\"https:\/\/hydraulic-cylinders.net\/wp-content\/uploads\/2023\/08\/hydraulic-cylinder-product-3-980x374.webp 980w, https:\/\/hydraulic-cylinders.net\/wp-content\/uploads\/2023\/08\/hydraulic-cylinder-product-3-480x183.webp 480w\" sizes=\"(min-width: 0px) and (max-width: 480px) 480px, (min-width: 481px) and (max-width: 980px) 980px, (min-width: 981px) 1024px, 100vw\" \/><\/p>\n<h3>(3) Hegeszt\u00e9s<\/h3>\n<p><img loading=\"lazy\" decoding=\"async\" class=\"alignnone wp-image-629 size-large\" src=\"https:\/\/hydraulic-cylinders.net\/wp-content\/uploads\/2023\/08\/hydraulic-cylinder-product-4-1024x510.webp\" alt=\"\" width=\"1024\" height=\"510\" srcset=\"https:\/\/hydraulic-cylinders.net\/wp-content\/uploads\/2023\/08\/hydraulic-cylinder-product-4-980x488.webp 980w, https:\/\/hydraulic-cylinders.net\/wp-content\/uploads\/2023\/08\/hydraulic-cylinder-product-4-480x239.webp 480w\" sizes=\"(min-width: 0px) and (max-width: 480px) 480px, (min-width: 481px) and (max-width: 980px) 980px, (min-width: 981px) 1024px, 100vw\" \/><\/p>\n<h3>(4) Fest\u00e9s \u00e9s bevonatol\u00e1s<\/h3>\n<p>Kis \u00e9s k\u00f6zepes m\u00e9ret\u0171 hengeres automatikus v\u00edzb\u00e1zis\u00fa fest\u00e9kbevon\u00f3 sorokkal, az automatikus robot be- \u00e9s kirakod\u00e1s, valamint az automatikus permetez\u00e9s megval\u00f3s\u00edt\u00e1s\u00e1hoz, a tervez\u00e9si kapacit\u00e1s m\u0171szakonk\u00e9nt 4000 darab;<br \/>\nRendelkez\u00fcnk egy f\u00e9lautomata fest\u00e9kgy\u00e1rt\u00f3sorral is nagym\u00e9ret\u0171 palackokhoz, amelyet egy er\u0151\u00e1tviteli l\u00e1nc hajt, m\u0171szakonk\u00e9nt 60 doboz tervez\u00e9si kapacit\u00e1ssal.<\/p>\n<p><img loading=\"lazy\" decoding=\"async\" class=\"alignnone wp-image-630\" src=\"https:\/\/hydraulic-cylinders.net\/wp-content\/uploads\/2023\/08\/hydraulic-cylinder-product-5-300x213.webp\" alt=\"\" width=\"366\" height=\"260\" \/> <img loading=\"lazy\" decoding=\"async\" class=\"alignnone wp-image-631\" src=\"https:\/\/hydraulic-cylinders.net\/wp-content\/uploads\/2023\/08\/hydraulic-cylinder-product-6-300x225.webp\" alt=\"\" width=\"347\" height=\"260\" \/><\/p>\n<h3>(5) Tesztel\u00e9s<\/h3>\n<p>Els\u0151 oszt\u00e1ly\u00fa ellen\u0151rz\u0151 l\u00e9tes\u00edtm\u00e9nyekkel \u00e9s tesztpadokkal rendelkez\u00fcnk annak biztos\u00edt\u00e1s\u00e1ra, hogy a palack teljes\u00edtm\u00e9nye megfeleljen a k\u00f6vetelm\u00e9nyeknek.<\/p>\n<p><img loading=\"lazy\" decoding=\"async\" class=\"alignnone wp-image-632\" src=\"https:\/\/hydraulic-cylinders.net\/wp-content\/uploads\/2023\/08\/hydraulic-cylinder-product-8-300x200.webp\" alt=\"\" width=\"389\" height=\"260\" \/><\/p>\n<p>&nbsp;<\/p>\n<p>&nbsp;<\/p>\n<p>Mi vagyunk az egyik legjobb hidraulikus henger gy\u00e1rt\u00f3. \u00c1tfog\u00f3 hidraulikus hengereket k\u00edn\u00e1lunk. Megfelel\u0151 szolg\u00e1ltat\u00e1sokat is biztos\u00edtunk. <a href=\"https:\/\/hzpt.com\/agricultural-pto-gearbox\/\" target=\"_blank\" rel=\"noopener\">mez\u0151gazdas\u00e1gi sebess\u00e9gv\u00e1lt\u00f3k<\/a>Term\u00e9keinket vil\u00e1gszerte export\u00e1ltuk \u00fcgyfeleinknek, \u00e9s kiv\u00e1l\u00f3 term\u00e9kmin\u0151s\u00e9g\u00fcnknek \u00e9s \u00e9rt\u00e9kes\u00edt\u00e9s ut\u00e1ni szolg\u00e1ltat\u00e1sunknak k\u00f6sz\u00f6nhet\u0151en j\u00f3 h\u00edrnevet szerezt\u00fcnk. Szeretettel v\u00e1rjuk belf\u00f6ldi \u00e9s k\u00fclf\u00f6ldi \u00fcgyfeleinket, hogy \u00fczleti t\u00e1rgyal\u00e1sok, inform\u00e1ci\u00f3csere \u00e9s egy\u00e9b lehet\u0151s\u00e9gek c\u00e9lj\u00e1b\u00f3l kapcsolatba l\u00e9pjenek vel\u00fcnk. <a href=\"https:\/\/www.hydraulic-cylinders.net\/hu\/contact-us\/\">egy\u00fcttm\u0171k\u00f6dni vel\u00fcnk<\/a>!<\/p>","protected":false},"excerpt":{"rendered":"<p>Press Clamping Cylinder The press clamping cylinder is a cutting-edge product that delivers exceptional performance and reliability in various industrial applications. With its advanced features and robust design, this cylinder offers enhanced clamping force, precise control, and improved productivity. The press clamping cylinder is a game-changer in industrial applications, offering high clamping force, precise control, [&hellip;]<\/p>","protected":false},"featured_media":1646,"comment_status":"open","ping_status":"closed","template":"","meta":{"_et_pb_use_builder":"","_et_pb_old_content":"","_et_gb_content_width":""},"product_brand":[],"product_cat":[1522,1549,1376],"product_tag":[1380],"class_list":{"0":"post-1644","1":"product","2":"type-product","3":"status-publish","4":"has-post-thumbnail","6":"product_cat-press-hydraulic-cylinders","7":"product_cat-single-acting-hydraulic-cylinder","8":"product_cat-hydraulic-cylinder","9":"product_tag-hydraulic-cylinder","11":"first","12":"instock","13":"shipping-taxable","14":"product-type-simple"},"amp_enabled":true,"_links":{"self":[{"href":"https:\/\/www.hydraulic-cylinders.net\/hu\/wp-json\/wp\/v2\/product\/1644","targetHints":{"allow":["GET"]}}],"collection":[{"href":"https:\/\/www.hydraulic-cylinders.net\/hu\/wp-json\/wp\/v2\/product"}],"about":[{"href":"https:\/\/www.hydraulic-cylinders.net\/hu\/wp-json\/wp\/v2\/types\/product"}],"replies":[{"embeddable":true,"href":"https:\/\/www.hydraulic-cylinders.net\/hu\/wp-json\/wp\/v2\/comments?post=1644"}],"wp:featuredmedia":[{"embeddable":true,"href":"https:\/\/www.hydraulic-cylinders.net\/hu\/wp-json\/wp\/v2\/media\/1646"}],"wp:attachment":[{"href":"https:\/\/www.hydraulic-cylinders.net\/hu\/wp-json\/wp\/v2\/media?parent=1644"}],"wp:term":[{"taxonomy":"product_brand","embeddable":true,"href":"https:\/\/www.hydraulic-cylinders.net\/hu\/wp-json\/wp\/v2\/product_brand?post=1644"},{"taxonomy":"product_cat","embeddable":true,"href":"https:\/\/www.hydraulic-cylinders.net\/hu\/wp-json\/wp\/v2\/product_cat?post=1644"},{"taxonomy":"product_tag","embeddable":true,"href":"https:\/\/www.hydraulic-cylinders.net\/hu\/wp-json\/wp\/v2\/product_tag?post=1644"}],"curies":[{"name":"munkaf\u00fczet","href":"https:\/\/api.w.org\/{rel}","templated":true}]}}