{"id":16453,"date":"2025-01-21T05:26:23","date_gmt":"2025-01-21T05:26:23","guid":{"rendered":"https:\/\/www.hydraulic-cylinders.net\/product\/arm-cylinder-for-sunward-middle-excavator-swe260elr\/"},"modified":"2025-01-21T05:26:25","modified_gmt":"2025-01-21T05:26:25","slug":"arm-cylinder-for-sunward-middle-excavator-swe260elr","status":"publish","type":"product","link":"https:\/\/www.hydraulic-cylinders.net\/hu\/termek\/arm-cylinder-for-sunward-middle-excavator-swe260elr\/","title":{"rendered":"Karhenger Sunward k\u00f6z\u00e9ps\u0151 kotr\u00f3g\u00e9phez SWE260ELR"},"content":{"rendered":"<h1>Karhenger Sunward k\u00f6z\u00e9ps\u0151 kotr\u00f3g\u00e9phez SWE260ELR<\/h1>\n<h2>Defin\u00edci\u00f3 \u00e9s magyar\u00e1zat<\/h2>\n<p>A karhenger egy speci\u00e1lisan tervezett hidraulikus henger, amelyet f\u0151k\u00e9nt k\u00fcl\u00f6nf\u00e9le g\u00e9pek, p\u00e9ld\u00e1ul kotr\u00f3g\u00e9pek, daruk \u00e9s mechanikus karok karjainak line\u00e1ris mozg\u00e1s\u00e1nak \u00e9s erej\u00e9nek biztos\u00edt\u00e1s\u00e1ra haszn\u00e1lnak. A karhenger kritikus szerepet j\u00e1tszik a hidraulikus rendszerben, lehet\u0151v\u00e9 t\u00e9ve a tov\u00e1bbi szersz\u00e1mok vagy tartoz\u00e9kok hat\u00e9kony mozg\u00e1s\u00e1t \u00e9s vez\u00e9rl\u00e9s\u00e9t. Ezek a hengerek nemcsak sima mozg\u00e1st tesznek lehet\u0151v\u00e9, hanem nagy terhel\u00e9seket is elviselnek, biztos\u00edtva a g\u00e9pek hat\u00e9kony m\u0171k\u00f6d\u00e9s\u00e9t \u00e9s megb\u00edzhat\u00f3s\u00e1g\u00e1t k\u00fcl\u00f6nb\u00f6z\u0151 \u00fczemi k\u00f6r\u00fclm\u00e9nyek k\u00f6z\u00f6tt.<\/p>\n<p><img decoding=\"async\" src=\"https:\/\/www.hydraulic-cylinders.net\/wp-content\/uploads\/2025\/01\/songte-company-2.webp\"><\/p>\n<h2>Jellemz\u0151k<\/h2>\n<ul>\n<li>Nagy hat\u00e9konys\u00e1g\u00fa er\u0151\u00e1tvitel: A karhenger er\u0151teljes line\u00e1ris mozg\u00e1st \u00e9s er\u0151t biztos\u00edt, biztos\u00edtva a mechanikus kar nagy hat\u00e9konys\u00e1g\u00fa teljes\u00edtm\u00e9ny\u00e9t k\u00fcl\u00f6nb\u00f6z\u0151 m\u0171veletek sor\u00e1n.<\/li>\n<li>Prec\u00edz vez\u00e9rl\u00e9s: A hidraulikus rendszeren kereszt\u00fcl a karhenger prec\u00edz mozg\u00e1svez\u00e9rl\u00e9st \u00e9rhet el, \u00edgy a tov\u00e1bbi szersz\u00e1mok m\u0171k\u00f6dtet\u00e9se rugalmasabb \u00e9s pontosabb.<\/li>\n<li>Er\u0151s tart\u00f3ss\u00e1g: A karhenger \u00e1ltal\u00e1ban nagy szil\u00e1rds\u00e1g\u00fa anyagokb\u00f3l k\u00e9sz\u00fcl, amelyek j\u00f3 kop\u00e1s- \u00e9s korr\u00f3zi\u00f3\u00e1ll\u00f3s\u00e1ggal rendelkeznek, \u00e9s alkalmasak hossz\u00fa t\u00e1v\u00fa haszn\u00e1latra zord k\u00f6rnyezetben.<\/li>\n<li>T\u00f6bbfunkci\u00f3s alkalmazkod\u00f3k\u00e9pess\u00e9g: Ezek a munkahengerek sz\u00e9les k\u00f6rben alkalmazhat\u00f3k k\u00fcl\u00f6nf\u00e9le mechanikus berendez\u00e9sekben, p\u00e9ld\u00e1ul kotr\u00f3g\u00e9pekben, darukban \u00e9s mechanikus karokban, hogy megfeleljenek a k\u00fcl\u00f6nb\u00f6z\u0151 munkak\u00f6vetelm\u00e9nyeknek.<\/li>\n<li>K\u00f6nny\u0171 karbantart\u00e1s: Az egyszer\u0171 karbantart\u00e1s \u00e9s csere \u00e9rdek\u00e9ben a rendszeres ellen\u0151rz\u00e9s \u00e9s karbantart\u00e1s k\u00e9nyelmesebb, cs\u00f6kkentve a berendez\u00e9sek \u00e1ll\u00e1sidej\u00e9t.<\/li>\n<\/ul>\n<p><img decoding=\"async\" src=\"https:\/\/www.hydraulic-cylinders.net\/wp-content\/uploads\/2025\/01\/songte-oil-pipes-and-spare-parts.webp\"><\/p>\n<h2>Alkalmaz\u00e1sok<\/h2>\n<p>A karhenger sz\u00e9les k\u00f6rben alkalmazhat\u00f3 k\u00fcl\u00f6nb\u00f6z\u0151 ipar\u00e1gakban:<\/p>\n<ul>\n<li>\u00c9p\u00edt\u0151ipar: Kotr\u00f3g\u00e9pekn\u00e9l \u00e9s darukn\u00e1l a karhenger a kan\u00e1l vagy a g\u00e9m mozg\u00e1s\u00e1nak vez\u00e9rl\u00e9s\u00e9re szolg\u00e1l f\u00f6ldmunk\u00e1kn\u00e1l, anyagmozgat\u00e1sn\u00e1l \u00e9s szerkezeti telep\u00edt\u00e9sekn\u00e9l.<\/li>\n<li>Gy\u00e1rt\u00e1s: Az automatiz\u00e1lt gy\u00e1rt\u00f3sorokon a karhengert mechanikus karok mozgat\u00e1s\u00e1ra haszn\u00e1lj\u00e1k, p\u00e9ld\u00e1ul \u00f6sszeszerel\u00e9shez, hegeszt\u00e9shez \u00e9s anyagmozgat\u00e1shoz, jav\u00edtva a termel\u00e9si hat\u00e9konys\u00e1got \u00e9s a pontoss\u00e1got.<\/li>\n<li>Mez\u0151gazdas\u00e1gi g\u00e9pek: A mez\u0151gazdas\u00e1gi g\u00e9pekben, p\u00e9ld\u00e1ul a betakar\u00edt\u00f3g\u00e9pekben \u00e9s a vet\u0151g\u00e9pekben a karhenger vez\u00e9rli a m\u0171k\u00f6dtet\u0151 kar mozg\u00e1s\u00e1t, olyan feladatokat l\u00e1tva el, mint az vet\u00e9s, a tr\u00e1gy\u00e1z\u00e1s \u00e9s a betakar\u00edt\u00e1s.<\/li>\n<li>B\u00e1ny\u00e1szat: A b\u00e1ny\u00e1szati \u200b\u200bberendez\u00e9sekben a karhengert a b\u00e1ny\u00e1szati \u200b\u200bberendez\u00e9sek karmozg\u00e1s\u00e1nak vez\u00e9rl\u00e9s\u00e9re haszn\u00e1lj\u00e1k, olyan feladatokat l\u00e1tva el, mint a b\u00e1ny\u00e1szat \u00e9s az \u00e1sv\u00e1nyok sz\u00e1ll\u00edt\u00e1sa.<\/li>\n<li>Logisztika \u00e9s sz\u00e1ll\u00edt\u00e1s: Targonc\u00e1kban \u00e9s anyagmozgat\u00f3 robotokban a karhengerrel vez\u00e9relhet\u0151 a villa emel\u00e9se \u00e9s mozgat\u00e1sa az anyagok sz\u00e1ll\u00edt\u00e1sa \u00e9s egym\u00e1sra rak\u00e1sa sor\u00e1n.<\/li>\n<\/ul>\n<h2>Tervez\u00e9si szempontok \u00e9s kiv\u00e1laszt\u00e1si krit\u00e9riumok<\/h2>\n<p>A tervez\u00e9si szempontok tekintet\u00e9ben a karhenger teherb\u00edr\u00e1sa, t\u00f6m\u00edt\u00e9se, tart\u00f3ss\u00e1ga, biztons\u00e1ga \u00e9s karbantarthat\u00f3s\u00e1ga kritikus t\u00e9nyez\u0151k. \u00cdme n\u00e9h\u00e1ny kulcsfontoss\u00e1g\u00fa szempont, amelyet figyelembe kell venni:<\/p>\n<ul>\n<li>Teherb\u00edr\u00e1s: A karhengernek k\u00e9pesnek kell lennie arra, hogy ellen\u00e1lljon a nagy terhel\u00e9seknek, \u00e9s stabil line\u00e1ris mozg\u00e1st biztos\u00edtson a hat\u00e9kony m\u0171k\u00f6d\u00e9s \u00e9rdek\u00e9ben.<\/li>\n<li>T\u00f6m\u00edt\u00e9s: K\u00fcl\u00f6nb\u00f6z\u0151 t\u00f6m\u00edt\u00e9sek, p\u00e9ld\u00e1ul dugatty\u00fat\u00f6m\u00edt\u00e9sek \u00e9s r\u00fadt\u00f6m\u00edt\u00e9sek haszn\u00e1lata, amelyek kop\u00e1s\u00e1ll\u00f3 anyagokb\u00f3l, p\u00e9ld\u00e1ul poliuret\u00e1nb\u00f3l \u00e9s nitrilgumib\u00f3l k\u00e9sz\u00fclnek, hat\u00e9kony t\u00f6m\u00edt\u00e9st biztos\u00edtanak a sziv\u00e1rg\u00e1s megakad\u00e1lyoz\u00e1sa \u00e9s a henger \u00e9lettartam\u00e1nak jav\u00edt\u00e1sa \u00e9rdek\u00e9ben.<\/li>\n<li>Tart\u00f3ss\u00e1g: A hengertestet \u00e9s a menetes v\u00e9gfel\u00fcletet finoman kell megmunk\u00e1lni a kop\u00e1s\u00e1ll\u00f3s\u00e1g jav\u00edt\u00e1sa \u00e9rdek\u00e9ben.<\/li>\n<li>Biztons\u00e1g: A karhengert biztons\u00e1gi funkci\u00f3kkal, p\u00e9ld\u00e1ul nyom\u00e1scs\u00f6kkent\u0151 szelepekkel kell ell\u00e1tni a balesetek megel\u0151z\u00e9se \u00e9rdek\u00e9ben.<\/li>\n<li>Karbantarthat\u00f3s\u00e1g: Figyelembe kell venni a karbantart\u00e1s \u00e9s a csere egyszer\u0171s\u00e9g\u00e9t, cs\u00f6kkentve a berendez\u00e9sek \u00e1ll\u00e1sidej\u00e9t.<\/li>\n<\/ul>\n<p><img decoding=\"async\" src=\"https:\/\/www.hydraulic-cylinders.net\/wp-content\/uploads\/2025\/01\/songte-cylinder-head-with-all-kinds-excavator-models.webp\"><\/p>\n<h2>T\u00f6m\u00edt\u00e9s \u00e9s ken\u00e9s<\/h2>\n<p>A karhenger k\u00fcl\u00f6nf\u00e9le t\u00f6m\u00edt\u0151elemeket haszn\u00e1l, p\u00e9ld\u00e1ul dugatty\u00fat\u00f6m\u00edt\u00e9seket \u00e9s r\u00fadt\u00f6m\u00edt\u00e9seket, amelyek kop\u00e1s\u00e1ll\u00f3 anyagokb\u00f3l, p\u00e9ld\u00e1ul poliuret\u00e1nb\u00f3l \u00e9s nitrilgumib\u00f3l k\u00e9sz\u00fclnek, hogy hat\u00e9kony t\u00f6m\u00edt\u00e9st biztos\u00edtsanak a sziv\u00e1rg\u00e1s megel\u0151z\u00e9se \u00e9s a henger \u00e9lettartam\u00e1nak jav\u00edt\u00e1sa \u00e9rdek\u00e9ben. A hengertest \u00e9s a menetes v\u00e9gfel\u00fclet finom megmunk\u00e1l\u00e1s\u00fa a kop\u00e1s\u00e1ll\u00f3s\u00e1g jav\u00edt\u00e1sa \u00e9rdek\u00e9ben. A ken\u00e9shez elengedhetetlen a megfelel\u0151 mennyis\u00e9g\u0171 hidraulikaolaj rendszeres ut\u00e1nt\u00f6lt\u00e9se.<\/p>\n<p><img decoding=\"async\" src=\"https:\/\/www.hydraulic-cylinders.net\/wp-content\/uploads\/2025\/01\/songte-chushion-collar.webp\"><\/p>\n<h2>Rendszeres ellen\u0151rz\u00e9s \u00e9s megel\u0151z\u0151 karbantart\u00e1si int\u00e9zked\u00e9sek<\/h2>\n<p>A rendszeres ellen\u0151rz\u00e9s \u00e9s a megel\u0151z\u0151 karbantart\u00e1s elengedhetetlen a karhenger megfelel\u0151 m\u0171k\u00f6d\u00e9s\u00e9hez. \u00cdme n\u00e9h\u00e1ny int\u00e9zked\u00e9s, amelyet \u00e9rdemes megfontolni:<\/p>\n<ul>\n<li>Rendszeresen ellen\u0151rizze a palack kop\u00e1s\u00e1nak, sziv\u00e1rg\u00e1s\u00e1nak \u00e9s s\u00e9r\u00fcl\u00e9s\u00e9nek jeleit, \u00e9s a s\u00e9r\u00fclt alkatr\u00e9szeket halad\u00e9ktalanul cser\u00e9lje ki.<\/li>\n<li>Rendszeresen t\u00f6ltse fel a hidraulikaolajat a megfelel\u0151 ken\u00e9s fenntart\u00e1sa \u00e9rdek\u00e9ben.<\/li>\n<li>Figyeljen a hidraulikus rendszer m\u0171k\u00f6d\u00e9si \u00e1llapot\u00e1ra, \u00e9s rendszeresen tiszt\u00edtsa vagy cser\u00e9lje ki a szennyezett hidraulikaolajat \u00e9s sz\u0171r\u0151ket.<\/li>\n<\/ul>\n<h2>Telep\u00edt\u00e9si \u00fatmutat\u00f3<\/h2>\n<p>A hengerfej felszerel\u00e9sekor elengedhetetlen a k\u00f6vetkez\u0151k betart\u00e1sa:<\/p>\n<ul>\n<li>Gy\u0151z\u0151dj\u00f6n meg arr\u00f3l, hogy a telep\u00edt\u00e9si poz\u00edci\u00f3 megfelel\u0151, \u00e9s a csatlakoz\u00e1s biztons\u00e1gos.<\/li>\n<li>Gy\u0151z\u0151dj\u00f6n meg arr\u00f3l, hogy a hidraulikus rendszer \u00fczemi nyom\u00e1sa megegyezik a henger n\u00e9vleges nyom\u00e1s\u00e1val.<\/li>\n<li>Gy\u0151z\u0151dj\u00f6n meg arr\u00f3l, hogy a henger p\u00e1rhuzamos a mechanikus karral, \u00e9s hogy a hengerr\u00fad mer\u0151leges a mechanikus kar forg\u00e1spontj\u00e1ra.<\/li>\n<li>Haszn\u00e1lat el\u0151tt v\u00e9gezzen terhel\u00e9s n\u00e9lk\u00fcli pr\u00f3b\u00e1t a palack megfelel\u0151 m\u0171k\u00f6d\u00e9s\u00e9nek ellen\u0151rz\u00e9s\u00e9re.<\/li>\n<\/ul>\n<p><img decoding=\"async\" src=\"https:\/\/www.hydraulic-cylinders.net\/wp-content\/uploads\/2025\/01\/songte-bushings-with-all-kinds-of-excavator-models.webp\"><\/p>\n<h2>Biztons\u00e1gi szempontok \u00e9s k\u00f6rnyezeti t\u00e9nyez\u0151k<\/h2>\n<p>A karos henger haszn\u00e1latakor elengedhetetlen a biztons\u00e1gi el\u0151\u00edr\u00e1sok betart\u00e1sa a balesetek \u00e9s s\u00e9r\u00fcl\u00e9sek megel\u0151z\u00e9se \u00e9rdek\u00e9ben. Fontos biztos\u00edtani, hogy a henger n\u00e9vleges nyom\u00e1sa megegyezzen a hidraulikus rendszer \u00fczemi nyom\u00e1s\u00e1val, \u00e9s nyom\u00e1scs\u00f6kkent\u0151 szelepeket kell haszn\u00e1lni a t\u00falterhel\u00e9s elker\u00fcl\u00e9se \u00e9rdek\u00e9ben. Figyelembe kell venni a k\u00f6rnyezeti t\u00e9nyez\u0151ket is, p\u00e9ld\u00e1ul a h\u0151m\u00e9rs\u00e9kletet \u00e9s a p\u00e1ratartalmat, amelyek befoly\u00e1solhatj\u00e1k a henger teljes\u00edtm\u00e9ny\u00e9t.<\/p>\n<h2>Hibaelh\u00e1r\u00edt\u00e1s \u00e9s gyakori probl\u00e9m\u00e1k<\/h2>\n<p>A karhengerrel kapcsolatban felmer\u00fcl\u0151 gyakori probl\u00e9m\u00e1k a k\u00f6vetkez\u0151k:<\/p>\n<ul>\n<li>T\u00f6m\u00edt\u00e9s meghib\u00e1sod\u00e1sa vagy sziv\u00e1rg\u00e1s<\/li>\n<li>A hengertest vagy a dugatty\u00far\u00fad t\u00falzott kop\u00e1sa vagy s\u00e9r\u00fcl\u00e9se<\/li>\n<li>Helytelen telep\u00edt\u00e9s vagy csatlakoztat\u00e1s<\/li>\n<li>Nem megfelel\u0151 haszn\u00e1lat vagy t\u00falterhel\u00e9s<\/li>\n<\/ul>\n<p>A probl\u00e9m\u00e1k diagnosztiz\u00e1l\u00e1s\u00e1hoz \u00e9s megold\u00e1s\u00e1hoz tekintse meg a term\u00e9k k\u00e9zik\u00f6nyv\u00e9t, vagy k\u00e9rjen seg\u00edts\u00e9get egy szakembert\u0151l. A probl\u00e9m\u00e1k megel\u0151z\u00e9se \u00e9rdek\u00e9ben elengedhetetlen a telep\u00edt\u00e9si \u00e9s karbantart\u00e1si ir\u00e1nyelvek betart\u00e1sa, \u00e9s a palack n\u00e9vleges kapacit\u00e1s\u00e1n bel\u00fcli haszn\u00e1lata.<\/p>\n<p><img decoding=\"async\" src=\"https:\/\/www.hydraulic-cylinders.net\/wp-content\/uploads\/2025\/01\/songte-company-4.webp\"><br \/>\n<img decoding=\"async\" src=\"https:\/\/www.hydraulic-cylinders.net\/wp-content\/uploads\/2025\/01\/songte-company-3.webp\"><\/p>\n<h2>R\u00f3lunk<\/h2>\n<p>Professzion\u00e1lis hidraulikus hengergy\u00e1rt\u00f3k\u00e9nt sz\u00e9les term\u00e9kv\u00e1laszt\u00e9kkal rendelkez\u00fcnk, \u00e9s m\u00e1ra a hazai \u00e9s nemzetk\u00f6zi piacok egyik vezet\u0151 hidraulikus hengergy\u00e1rt\u00f3j\u00e1v\u00e1 \u00e9s nagykereskedelmi forgalmaz\u00f3j\u00e1v\u00e1 v\u00e1ltunk. Mindig a kiv\u00e1l\u00f3 min\u0151s\u00e9g elv\u00e9t k\u00f6vetj\u00fck, gondosan kidolgozott m\u0171helyeinkben iparos\u00edtott termel\u00e9sir\u00e1ny\u00edt\u00e1si strat\u00e9gi\u00e1kra t\u00e1maszkodunk, \u00e9s folyamatosan fejlesztj\u00fck m\u0171szaki sz\u00ednvonalunkat \u00e9s termel\u00e9si hat\u00e9konys\u00e1gunkat. Cs\u00facskateg\u00f3ri\u00e1s digit\u00e1lis gy\u00e1rt\u00f3berendez\u00e9sek \u00e9s professzion\u00e1lis tesztel\u0151rendszerek bevezet\u00e9s\u00e9vel folyamatosan optimaliz\u00e1ljuk gy\u00e1rt\u00e1si platformunkat, fejlesztj\u00fck term\u00e9kmin\u0151s\u00e9g-ellen\u0151rz\u00e9si folyamatainkat, \u00e9s er\u0151s innov\u00e1ci\u00f3s k\u00e9pess\u00e9gekkel rendelkez\u00fcnk. C\u00e9lunk, hogy \u00fcgyfeleink sokr\u00e9t\u0171 ig\u00e9nyeit nagy hat\u00e9konys\u00e1ggal, pontoss\u00e1ggal \u00e9s min\u0151s\u00e9ggel el\u00e9g\u00edts\u00fck ki.<\/p>\n<p>Professzion\u00e1lis, nemzetk\u00f6zileg tan\u00fas\u00edtott, szem\u00e9lyre szabott szolg\u00e1ltat\u00e1sokat, korszer\u0171 gy\u00e1rt\u00f3berendez\u00e9seket \u00e9s kiv\u00e1l\u00f3 \u00e9rt\u00e9kes\u00edt\u00e9s ut\u00e1ni szolg\u00e1ltat\u00e1st k\u00edn\u00e1lunk az \u00fcgyfelek el\u00e9gedetts\u00e9g\u00e9nek biztos\u00edt\u00e1sa \u00e9rdek\u00e9ben.<\/p>\n<p>Szerz\u0151: lyl.<\/p>","protected":false},"excerpt":{"rendered":"<p>Arm Cylinder For Sunward Middle Excavator SWE260ELR Definition and Explanation The arm cylinder is a specially designed hydraulic cylinder that is mainly used to provide linear motion and power to the arms of various types of machinery, such as excavators, cranes, and mechanical arms. The arm cylinder plays a critical role in the hydraulic system, [&hellip;]<\/p>","protected":false},"featured_media":14766,"comment_status":"open","ping_status":"closed","template":"","meta":{"_et_pb_use_builder":"","_et_pb_old_content":"","_et_gb_content_width":""},"product_brand":[],"product_cat":[1497],"product_tag":[1498,1496],"class_list":{"0":"post-16453","1":"product","2":"type-product","3":"status-publish","4":"has-post-thumbnail","6":"product_cat-arm-cylinders","7":"product_tag-arm-cylinders","8":"product_tag-hydraulic-cylinders","10":"first","11":"instock","12":"shipping-taxable","13":"product-type-simple"},"amp_enabled":true,"_links":{"self":[{"href":"https:\/\/www.hydraulic-cylinders.net\/hu\/wp-json\/wp\/v2\/product\/16453","targetHints":{"allow":["GET"]}}],"collection":[{"href":"https:\/\/www.hydraulic-cylinders.net\/hu\/wp-json\/wp\/v2\/product"}],"about":[{"href":"https:\/\/www.hydraulic-cylinders.net\/hu\/wp-json\/wp\/v2\/types\/product"}],"replies":[{"embeddable":true,"href":"https:\/\/www.hydraulic-cylinders.net\/hu\/wp-json\/wp\/v2\/comments?post=16453"}],"wp:featuredmedia":[{"embeddable":true,"href":"https:\/\/www.hydraulic-cylinders.net\/hu\/wp-json\/wp\/v2\/media\/14766"}],"wp:attachment":[{"href":"https:\/\/www.hydraulic-cylinders.net\/hu\/wp-json\/wp\/v2\/media?parent=16453"}],"wp:term":[{"taxonomy":"product_brand","embeddable":true,"href":"https:\/\/www.hydraulic-cylinders.net\/hu\/wp-json\/wp\/v2\/product_brand?post=16453"},{"taxonomy":"product_cat","embeddable":true,"href":"https:\/\/www.hydraulic-cylinders.net\/hu\/wp-json\/wp\/v2\/product_cat?post=16453"},{"taxonomy":"product_tag","embeddable":true,"href":"https:\/\/www.hydraulic-cylinders.net\/hu\/wp-json\/wp\/v2\/product_tag?post=16453"}],"curies":[{"name":"munkaf\u00fczet","href":"https:\/\/api.w.org\/{rel}","templated":true}]}}