{"id":16474,"date":"2025-01-21T05:27:48","date_gmt":"2025-01-21T05:27:48","guid":{"rendered":"https:\/\/www.hydraulic-cylinders.net\/product\/arm-cylinder-for-lishide-large-excavator-sc360-8\/"},"modified":"2025-01-21T05:27:50","modified_gmt":"2025-01-21T05:27:50","slug":"arm-cylinder-for-lishide-large-excavator-sc360-8","status":"publish","type":"product","link":"https:\/\/www.hydraulic-cylinders.net\/hu\/termek\/arm-cylinder-for-lishide-large-excavator-sc360-8\/","title":{"rendered":"Karhenger Lishide nagym\u00e9ret\u0171 kotr\u00f3g\u00e9phez SC360.8"},"content":{"rendered":"<h1>Karhenger Lishide nagym\u00e9ret\u0171 kotr\u00f3g\u00e9phez SC360.8<\/h1>\n<h2>Bevezet\u00e9s<\/h2>\n<h3>Defin\u00edci\u00f3 \u00e9s magyar\u00e1zat<\/h3>\n<p>A Lishide nagym\u00e9ret\u0171 kotr\u00f3g\u00e9p SC360.8 karhengere egy speci\u00e1lisan tervezett hidraulikus henger, amely line\u00e1ris mozg\u00e1st \u00e9s er\u0151t biztos\u00edt k\u00fcl\u00f6nf\u00e9le g\u00e9pek, p\u00e9ld\u00e1ul kotr\u00f3g\u00e9pek, daruk \u00e9s mechanikus karok karj\u00e1nak. A karhenger kritikus szerepet j\u00e1tszik a hidraulikus rendszerben, lehet\u0151v\u00e9 t\u00e9ve a tov\u00e1bbi szersz\u00e1mok vagy tartoz\u00e9kok mozg\u00e1s\u00e1t \u00e9s hat\u00e9kony vez\u00e9rl\u00e9s\u00e9t. Ezek a hengerek nemcsak sima mozg\u00e1st biztos\u00edtanak, hanem nagy terhel\u00e9seket is elviselnek, biztos\u00edtva a g\u00e9p hat\u00e9kony m\u0171k\u00f6d\u00e9s\u00e9t \u00e9s megb\u00edzhat\u00f3s\u00e1g\u00e1t k\u00fcl\u00f6nb\u00f6z\u0151 \u00fczemi k\u00f6r\u00fclm\u00e9nyek k\u00f6z\u00f6tt.<\/p>\n<p><img decoding=\"async\" src=\"https:\/\/www.hydraulic-cylinders.net\/wp-content\/uploads\/2025\/01\/songte-company-2.webp\" alt=\"Karhenger Lishide nagym\u00e9ret\u0171 kotr\u00f3g\u00e9phez SC360.8\"><\/p>\n<h2>Jellemz\u0151k<\/h2>\n<h3>Nagy hat\u00e9konys\u00e1g\u00fa \u00e1tvitel<\/h3>\n<p>A karhenger er\u0151teljes line\u00e1ris mozg\u00e1st \u00e9s er\u0151t biztos\u00edt, biztos\u00edtva a mechanikus kar nagy hat\u00e9konys\u00e1g\u00fa teljes\u00edtm\u00e9ny\u00e9t k\u00fcl\u00f6nf\u00e9le m\u0171veletek sor\u00e1n.<\/p>\n<h3>Prec\u00edz vez\u00e9rl\u00e9s<\/h3>\n<p>A hidraulikus rendszeren kereszt\u00fcl a karhenger prec\u00edz mozg\u00e1svez\u00e9rl\u00e9st tesz lehet\u0151v\u00e9, \u00edgy a tov\u00e1bbi szersz\u00e1mok m\u0171k\u00f6dtet\u00e9se rugalmasabb \u00e9s pontosabb.<\/p>\n<h3>Er\u0151s tart\u00f3ss\u00e1g<\/h3>\n<p>A karhenger jellemz\u0151en nagy szil\u00e1rds\u00e1g\u00fa anyagokb\u00f3l k\u00e9sz\u00fcl, j\u00f3 kop\u00e1s\u00e1ll\u00f3s\u00e1ggal \u00e9s korr\u00f3zi\u00f3\u00e1ll\u00f3s\u00e1ggal, \u00edgy alkalmas hossz\u00fa t\u00e1v\u00fa haszn\u00e1latra zord k\u00f6rnyezetben.<\/p>\n<h3>T\u00f6bbfunkci\u00f3s alkalmazkod\u00f3k\u00e9pess\u00e9g<\/h3>\n<p>Ezek a munkahengerek sz\u00e9les k\u00f6rben alkalmazhat\u00f3k k\u00fcl\u00f6nf\u00e9le mechanikus berendez\u00e9sekhez, p\u00e9ld\u00e1ul kotr\u00f3g\u00e9pekhez, darukhoz \u00e9s mechanikus karokhoz, k\u00fcl\u00f6nb\u00f6z\u0151 munkaig\u00e9nyekhez.<\/p>\n<h3>K\u00f6nny\u0171 karbantart\u00e1s<\/h3>\n<p>A k\u00f6nnyen karbantarthat\u00f3 \u00e9s cser\u00e9lhet\u0151 karos munkahenger k\u00e9nyelmesebb\u00e9 teszi a rendszeres ellen\u0151rz\u00e9st \u00e9s karbantart\u00e1st, cs\u00f6kkentve a berendez\u00e9s \u00e1ll\u00e1sidej\u00e9t.<\/p>\n<p><img decoding=\"async\" src=\"https:\/\/www.hydraulic-cylinders.net\/wp-content\/uploads\/2025\/01\/songte-oil-pipes-and-spare-parts.webp\" alt=\"Karhenger Lishide nagym\u00e9ret\u0171 kotr\u00f3g\u00e9phez SC360.8\"><\/p>\n<h2>Alkalmaz\u00e1sok<\/h2>\n<h3>\u00c9p\u00edt\u0151m\u00e9rn\u00f6ki<\/h3>\n<p>Kotr\u00f3g\u00e9pekben \u00e9s darukban a karhenger a lap\u00e1tok vagy g\u00e9mek mozg\u00e1s\u00e1nak vez\u00e9rl\u00e9s\u00e9re szolg\u00e1l f\u00f6ldmunk\u00e1k, anyagmozgat\u00e1s \u00e9s szerkezettelep\u00edt\u00e9s sor\u00e1n.<\/p>\n<h3>Feldolgoz\u00f3 ipar<\/h3>\n<p>Az automatiz\u00e1lt gy\u00e1rt\u00f3sorokon a karhengert mechanikus karok mozgat\u00e1s\u00e1ra, \u00f6sszeszerel\u00e9si, hegeszt\u00e9si \u00e9s anyagmozgat\u00e1si folyamatokhoz haszn\u00e1lj\u00e1k, jav\u00edtva a termel\u00e9si hat\u00e9konys\u00e1got \u00e9s a pontoss\u00e1got.<\/p>\n<h3>Mez\u0151gazdas\u00e1gi g\u00e9pek<\/h3>\n<p>A mez\u0151gazdas\u00e1gi g\u00e9pekben, p\u00e9ld\u00e1ul a betakar\u00edt\u00f3g\u00e9pekben \u00e9s a vet\u0151g\u00e9pekben a karhenger vez\u00e9rli a m\u0171k\u00f6dtet\u0151 kar mozg\u00e1s\u00e1t, olyan feladatokat l\u00e1tva el, mint az vet\u00e9s, a tr\u00e1gy\u00e1z\u00e1s \u00e9s a betakar\u00edt\u00e1s.<\/p>\n<h3>B\u00e1ny\u00e1szati<\/h3>\n<p>B\u00e1ny\u00e1szati \u200b\u200bberendez\u00e9sekben a karhengert a b\u00e1ny\u00e1szati \u200b\u200bberendez\u00e9sek karj\u00e1nak mozg\u00e1s\u00e1nak vez\u00e9rl\u00e9s\u00e9re haszn\u00e1lj\u00e1k, \u00e9rcb\u00e1ny\u00e1szathoz \u00e9s -sz\u00e1ll\u00edt\u00e1shoz.<\/p>\n<h3>Logisztika \u00e9s sz\u00e1ll\u00edtm\u00e1nyoz\u00e1s<\/h3>\n<p>Targonc\u00e1kban \u00e9s anyagmozgat\u00f3 robotokban a karhengert haszn\u00e1lj\u00e1k a rakom\u00e1ny emel\u00e9s\u00e9nek \u00e9s mozgat\u00e1s\u00e1nak vez\u00e9rl\u00e9s\u00e9re, az anyagmozgat\u00e1s \u00e9s a rakod\u00e1s elv\u00e9gz\u00e9s\u00e9re.<\/p>\n<p><img decoding=\"async\" src=\"https:\/\/www.hydraulic-cylinders.net\/wp-content\/uploads\/2025\/01\/songte-chushion-collar.webp\" alt=\"Karhenger Lishide nagym\u00e9ret\u0171 kotr\u00f3g\u00e9phez SC360.8\"><\/p>\n<h2>Tervez\u00e9si szempontok \u00e9s kiv\u00e1laszt\u00e1si krit\u00e9riumok<\/h2>\n<h3>Teherb\u00edr\u00e1s<\/h3>\n<p>A karhenger nagy teherb\u00edr\u00e1ssal rendelkezik a g\u00e9p biztons\u00e1gos \u00e9s hat\u00e9kony m\u0171k\u00f6d\u00e9s\u00e9nek biztos\u00edt\u00e1sa \u00e9rdek\u00e9ben.<\/p>\n<h3>T\u00f6m\u00edt\u00e9s<\/h3>\n<p>A karos henger k\u00fcl\u00f6nf\u00e9le t\u00f6m\u00edt\u0151elemeket haszn\u00e1l, p\u00e9ld\u00e1ul dugatty\u00fat\u00f6m\u00edt\u00e9seket \u00e9s r\u00fadt\u00f6m\u00edt\u00e9seket, amelyek kop\u00e1s\u00e1ll\u00f3 anyagokb\u00f3l, p\u00e9ld\u00e1ul poliuret\u00e1nb\u00f3l \u00e9s nitrilgumib\u00f3l k\u00e9sz\u00fclnek, hogy biztos\u00edts\u00e1k a hidraulikus rendszer t\u00f6m\u00edt\u0151hat\u00e1s\u00e1t. A hengertest \u00e9s a menetes v\u00e9gek finom megmunk\u00e1l\u00e1s\u00faak a kop\u00e1s\u00e1ll\u00f3s\u00e1g jav\u00edt\u00e1sa \u00e9rdek\u00e9ben. A ken\u00e9shez rendszeres hidraulikaolaj-ut\u00e1np\u00f3tl\u00e1s sz\u00fcks\u00e9ges.<\/p>\n<h3>Tart\u00f3ss\u00e1g<\/h3>\n<p>A karhenger nagy szil\u00e1rds\u00e1g\u00fa anyagokb\u00f3l k\u00e9sz\u00fcl, \u00e9s szigor\u00fa gy\u00e1rt\u00e1si folyamatokon megy kereszt\u00fcl a j\u00f3 kop\u00e1s\u00e1ll\u00f3s\u00e1g \u00e9s korr\u00f3zi\u00f3\u00e1ll\u00f3s\u00e1g biztos\u00edt\u00e1sa \u00e9rdek\u00e9ben, \u00edgy alkalmas hossz\u00fa t\u00e1v\u00fa haszn\u00e1latra zord k\u00f6rnyezetben.<\/p>\n<h3>Biztons\u00e1g<\/h3>\n<p>A karhenger biztons\u00e1gi szempontokat figyelembe v\u00e9ve lett tervezve, bele\u00e9rtve a biztons\u00e1gi szelepek be\u00e9p\u00edt\u00e9s\u00e9t is, amelyek nyom\u00e1st tudnak kiengedni, amikor a hidraulikus rendszer meghaladja a kapacit\u00e1s\u00e1t, cs\u00f6kkentve ezzel a balesetek kock\u00e1zat\u00e1t.<\/p>\n<h3>Karbantarthat\u00f3s\u00e1g<\/h3>\n<p>A karhenger \u00fagy lett kialak\u00edtva, hogy k\u00f6nnyen karbantarthat\u00f3 \u00e9s cser\u00e9lhet\u0151 legyen, cs\u00f6kkentve az \u00e1ll\u00e1sid\u0151t \u00e9s a karbantart\u00e1si k\u00f6lts\u00e9geket.<\/p>\n<p><img decoding=\"async\" src=\"https:\/\/www.hydraulic-cylinders.net\/wp-content\/uploads\/2025\/01\/songte-cylinder-head-with-all-kinds-excavator-models.webp\" alt=\"Karhenger Lishide nagym\u00e9ret\u0171 kotr\u00f3g\u00e9phez SC360.8\"><\/p>\n<h2>Megel\u0151z\u0151 karbantart\u00e1s<\/h2>\n<h3>Rendszeres ellen\u0151rz\u00e9s<\/h3>\n<p>A karhenger rendszeres ellen\u0151rz\u00e9se seg\u00edthet a potenci\u00e1lis hib\u00e1k \u00e9szlel\u00e9s\u00e9ben \u00e9s megel\u0151z\u00e9s\u00e9ben, valamint a g\u00e9p norm\u00e1l m\u0171k\u00f6d\u00e9s\u00e9nek biztos\u00edt\u00e1s\u00e1ban.<\/p>\n<h3>Rendszeres ken\u00e9s<\/h3>\n<p>A karhenger hidraulikus rendszere rendszeres ken\u00e9st ig\u00e9nyel a j\u00f3 teljes\u00edtm\u00e9ny fenntart\u00e1s\u00e1hoz. Rendszeres id\u0151k\u00f6z\u00f6nk\u00e9nt megfelel\u0151 mennyis\u00e9g\u0171 hidraulikaolajat kell a rendszerbe t\u00f6lteni.<\/p>\n<h3>Kopott alkatr\u00e9szek cser\u00e9je<\/h3>\n<p>A karhenger kopott alkatr\u00e9szeit id\u0151ben ki kell cser\u00e9lni a g\u00e9p megfelel\u0151 m\u0171k\u00f6d\u00e9s\u00e9nek biztos\u00edt\u00e1sa \u00e9rdek\u00e9ben.<\/p>\n<h3>Szakmai karbantart\u00e1s<\/h3>\n<p>A karhenger karbantart\u00e1si \u00e9s jav\u00edt\u00e1si munk\u00e1it szakk\u00e9pzett karbantart\u00f3 szem\u00e9lyzetnek kell elv\u00e9geznie, hogy elker\u00fclje a nem megfelel\u0151 karbantart\u00e1st, amely k\u00e1rokat okozhat.<\/p>\n<p><img decoding=\"async\" src=\"https:\/\/www.hydraulic-cylinders.net\/wp-content\/uploads\/2025\/01\/songte-bushings-with-all-kinds-of-excavator-models.webp\" alt=\"Karhenger Lishide nagym\u00e9ret\u0171 kotr\u00f3g\u00e9phez SC360.8\"><\/p>\n<h2>Telep\u00edt\u00e9si \u00fatmutat\u00f3<\/h2>\n<p>Telep\u00edt\u00e9s el\u0151tt figyelmesen olvassa el a karhengerhez mell\u00e9kelt telep\u00edt\u00e9si utas\u00edt\u00e1sokat a megfelel\u0151 telep\u00edt\u00e9s biztos\u00edt\u00e1sa \u00e9rdek\u00e9ben. A telep\u00edt\u00e9si folyamatot megfelel\u0151 tapasztalattal \u00e9s k\u00e9pes\u00edt\u00e9ssel rendelkez\u0151 szakembereknek kell elv\u00e9gezni\u00fck. A telep\u00edt\u00e9s sor\u00e1n a csatlakoz\u00f3 alkatr\u00e9szek fel\u00fclet\u00e9nek tiszt\u00e1nak \u00e9s t\u00f6rmel\u00e9kmentesnek kell lennie. A karhenger haszn\u00e1lata el\u0151tt tesztelni kell a hidraulikus rendszert, hogy ne legyen sziv\u00e1rg\u00e1s vagy egy\u00e9b probl\u00e9ma.<\/p>\n<h2>Biztons\u00e1gi szempontok \u00e9s k\u00f6rnyezeti t\u00e9nyez\u0151k<\/h2>\n<h3>Biztons\u00e1gi int\u00e9zked\u00e9sek<\/h3>\n<p>A g\u00e9pek \u00fczemeltet\u00e9se sor\u00e1n a balesetek elker\u00fcl\u00e9se \u00e9rdek\u00e9ben szigor\u00faan be kell tartani a berendez\u00e9shez mell\u00e9kelt biztons\u00e1gi utas\u00edt\u00e1sokat. A karbantart\u00e1si \u00e9s jav\u00edt\u00e1si munk\u00e1kat csak szakk\u00e9pzett szem\u00e9lyzet v\u00e9gezheti.<\/p>\n<h2>Hibaelh\u00e1r\u00edt\u00e1s \u00e9s gyakori probl\u00e9m\u00e1k<\/h2>\n<h3>Gyakori probl\u00e9m\u00e1k<\/h3>\n<p>A karhenger gyakori probl\u00e9m\u00e1i k\u00f6z\u00e9 tartozik az olajsziv\u00e1rg\u00e1s, az el\u00e9gtelen nyom\u00e1s \u00e9s a rendellenes zaj m\u0171k\u00f6d\u00e9s k\u00f6zben.<\/p>\n<h3>Hibaelh\u00e1r\u00edt\u00e1si tippek \u00e9s megold\u00e1sok<\/h3>\n<p>Ha probl\u00e9ma mer\u00fcl fel a karhengerrel, le kell \u00e1ll\u00edtani a g\u00e9p haszn\u00e1lat\u00e1t, \u00e9s szakk\u00e9pzett karbantart\u00f3 szem\u00e9lyzetet kell k\u00e9rni a hibaelh\u00e1r\u00edt\u00e1s \u00e9s a jav\u00edt\u00e1s elv\u00e9gz\u00e9s\u00e9hez. N\u00e9h\u00e1ny gyakori megold\u00e1s a kopott alkatr\u00e9szek cser\u00e9je, a hidraulikus nyom\u00e1s be\u00e1ll\u00edt\u00e1sa \u00e9s a hidraulikaolaj ut\u00e1nt\u00f6lt\u00e9se. S\u00falyos probl\u00e9m\u00e1k eset\u00e9n sz\u00fcks\u00e9g lehet a karhenger teljes cser\u00e9j\u00e9re.<\/p>\n<p><img decoding=\"async\" src=\"https:\/\/www.hydraulic-cylinders.net\/wp-content\/uploads\/2025\/01\/songte-company-4.webp\" alt=\"Karhenger Lishide nagym\u00e9ret\u0171 kotr\u00f3g\u00e9phez SC360.8\"><br \/>\n<img decoding=\"async\" src=\"https:\/\/www.hydraulic-cylinders.net\/wp-content\/uploads\/2025\/01\/songte-company-3.webp\" alt=\"Karhenger Lishide nagym\u00e9ret\u0171 kotr\u00f3g\u00e9phez SC360.8\"><\/p>\n<h2>R\u00f3lunk<\/h2>\n<p>Professzion\u00e1lis gy\u00e1rt\u00f3k\u00e9nt k\u00edn\u00e1lunk p\u00f3talkatr\u00e9szeket hidraulikus hengerekb\u0151l, sz\u00e9les term\u00e9kv\u00e1laszt\u00e9kkal. A hazai \u00e9s k\u00fclf\u00f6ldi piacok egyik vezet\u0151 hidraulikus hengergy\u00e1rt\u00f3j\u00e1v\u00e1 \u00e9s nagykereskedelmi forgalmaz\u00f3j\u00e1v\u00e1 v\u00e1ltunk. Mindig a kiv\u00e1l\u00f3 min\u0151s\u00e9g elv\u00e9t k\u00f6vetj\u00fck, a kifinomult gy\u00e1rt\u00f3m\u0171hely iparos\u00edtott termel\u00e9sir\u00e1ny\u00edt\u00e1si strat\u00e9gi\u00e1j\u00e1ra t\u00e1maszkodva folyamatosan fejlesztj\u00fck m\u0171szaki sz\u00ednvonalunkat \u00e9s termel\u00e9si hat\u00e9konys\u00e1gunkat. Cs\u00facskateg\u00f3ri\u00e1s digit\u00e1lis gy\u00e1rt\u00f3berendez\u00e9sek \u00e9s professzion\u00e1lis tesztel\u0151rendszerek bevezet\u00e9s\u00e9vel folyamatosan optimaliz\u00e1ljuk gy\u00e1rt\u00e1si platformunkat, fejlesztj\u00fck term\u00e9kmin\u0151s\u00e9g-ellen\u0151rz\u00e9si folyamatunkat, \u00e9s er\u0151s innov\u00e1ci\u00f3s k\u00e9pess\u00e9gekkel rendelkez\u00fcnk. C\u00e9lunk, hogy \u00fcgyfeleink sokr\u00e9t\u0171 ig\u00e9nyeit nagy hat\u00e9konys\u00e1ggal, pontoss\u00e1ggal \u00e9s kiv\u00e1l\u00f3 min\u0151s\u00e9gben el\u00e9g\u00edts\u00fck ki.<\/p>\n<h3>Szakmaiass\u00e1g<\/h3>\n<p>Tapasztalt szakemberekb\u0151l \u00e1ll\u00f3 csapatunk elk\u00f6telezett amellett, hogy \u00fcgyfeleink sz\u00e1m\u00e1ra kiv\u00e1l\u00f3 min\u0151s\u00e9g\u0171 \u00e9s megb\u00edzhat\u00f3 term\u00e9keket \u00e9s szolg\u00e1ltat\u00e1sokat ny\u00fajtson.<\/p>\n<h3>Nemzetk\u00f6zi min\u0151s\u00edt\u00e9s<\/h3>\n<p>Term\u00e9keink sz\u00e1mos nemzetk\u00f6zi tan\u00fas\u00edtv\u00e1nnyal rendelkeznek, ami garant\u00e1lja term\u00e9keink magas min\u0151s\u00e9g\u00e9t \u00e9s biztons\u00e1goss\u00e1g\u00e1t.<\/p>\n<h3>Testreszab\u00e1si szolg\u00e1ltat\u00e1sok<\/h3>\n<p>Testreszabott szolg\u00e1ltat\u00e1sokat ny\u00fajtunk \u00fcgyfeleink egyedi ig\u00e9nyeinek kiel\u00e9g\u00edt\u00e9s\u00e9re.<\/p>\n<h3>Termel\u00e9si berendez\u00e9sek<\/h3>\n<p>Korszer\u0171 gy\u00e1rt\u00f3berendez\u00e9sekkel \u00e9s tesztel\u0151rendszerekkel rendelkez\u00fcnk term\u00e9keink magas min\u0151s\u00e9g\u00e9nek biztos\u00edt\u00e1sa \u00e9rdek\u00e9ben.<\/p>\n<h3>\u00c9rt\u00e9kes\u00edt\u00e9s ut\u00e1ni szolg\u00e1ltat\u00e1s<\/h3>\n<p>\u00c1tfog\u00f3 \u00e9rt\u00e9kes\u00edt\u00e9s ut\u00e1ni szolg\u00e1ltat\u00e1st k\u00edn\u00e1lunk \u00fcgyfeleink el\u00e9gedetts\u00e9g\u00e9nek biztos\u00edt\u00e1sa \u00e9rdek\u00e9ben.<\/p>\n<p>Szerz\u0151: lyl.<\/p>","protected":false},"excerpt":{"rendered":"<p>Arm Cylinder For Lishide Large Excavator SC360.8 Introduction Definition and Explanation The Arm Cylinder for Lishide Large Excavator SC360.8 is a specially designed hydraulic cylinder that provides linear movement and power to the arm of various machinery, such as excavators, cranes, and mechanical arms. The arm cylinder plays a critical role in the hydraulic system, [&hellip;]<\/p>","protected":false},"featured_media":14763,"comment_status":"open","ping_status":"closed","template":"","meta":{"_et_pb_use_builder":"","_et_pb_old_content":"","_et_gb_content_width":""},"product_brand":[],"product_cat":[1497],"product_tag":[1498,1496],"class_list":{"0":"post-16474","1":"product","2":"type-product","3":"status-publish","4":"has-post-thumbnail","6":"product_cat-arm-cylinders","7":"product_tag-arm-cylinders","8":"product_tag-hydraulic-cylinders","10":"first","11":"instock","12":"shipping-taxable","13":"product-type-simple"},"amp_enabled":true,"_links":{"self":[{"href":"https:\/\/www.hydraulic-cylinders.net\/hu\/wp-json\/wp\/v2\/product\/16474","targetHints":{"allow":["GET"]}}],"collection":[{"href":"https:\/\/www.hydraulic-cylinders.net\/hu\/wp-json\/wp\/v2\/product"}],"about":[{"href":"https:\/\/www.hydraulic-cylinders.net\/hu\/wp-json\/wp\/v2\/types\/product"}],"replies":[{"embeddable":true,"href":"https:\/\/www.hydraulic-cylinders.net\/hu\/wp-json\/wp\/v2\/comments?post=16474"}],"wp:featuredmedia":[{"embeddable":true,"href":"https:\/\/www.hydraulic-cylinders.net\/hu\/wp-json\/wp\/v2\/media\/14763"}],"wp:attachment":[{"href":"https:\/\/www.hydraulic-cylinders.net\/hu\/wp-json\/wp\/v2\/media?parent=16474"}],"wp:term":[{"taxonomy":"product_brand","embeddable":true,"href":"https:\/\/www.hydraulic-cylinders.net\/hu\/wp-json\/wp\/v2\/product_brand?post=16474"},{"taxonomy":"product_cat","embeddable":true,"href":"https:\/\/www.hydraulic-cylinders.net\/hu\/wp-json\/wp\/v2\/product_cat?post=16474"},{"taxonomy":"product_tag","embeddable":true,"href":"https:\/\/www.hydraulic-cylinders.net\/hu\/wp-json\/wp\/v2\/product_tag?post=16474"}],"curies":[{"name":"munkaf\u00fczet","href":"https:\/\/api.w.org\/{rel}","templated":true}]}}