{"id":16488,"date":"2025-01-21T05:28:46","date_gmt":"2025-01-21T05:28:46","guid":{"rendered":"https:\/\/www.hydraulic-cylinders.net\/product\/arm-cylinder-for-lovol-middle-excavator-fr220\/"},"modified":"2025-01-21T05:28:49","modified_gmt":"2025-01-21T05:28:49","slug":"arm-cylinder-for-lovol-middle-excavator-fr220","status":"publish","type":"product","link":"https:\/\/www.hydraulic-cylinders.net\/hu\/termek\/arm-cylinder-for-lovol-middle-excavator-fr220\/","title":{"rendered":"Karhenger Lovol k\u00f6z\u00e9ps\u0151 kotr\u00f3g\u00e9phez FR220"},"content":{"rendered":"<h1>Karhenger Lovol k\u00f6z\u00e9ps\u0151 kotr\u00f3g\u00e9phez FR220<\/h1>\n<h2>Bevezet\u00e9s<\/h2>\n<p>A Lovol FR220 k\u00f6z\u00e9pkotr\u00f3g\u00e9p karhengere egy speci\u00e1lisan tervezett hidraulikus henger, amely line\u00e1ris mozg\u00e1st \u00e9s teljes\u00edtm\u00e9nyt biztos\u00edt k\u00fcl\u00f6nf\u00e9le g\u00e9pek, p\u00e9ld\u00e1ul kotr\u00f3g\u00e9pek, daruk \u00e9s robotkarok karjai sz\u00e1m\u00e1ra. A karhenger kulcsszerepet j\u00e1tszik a hidraulikus rendszerekben, lehet\u0151v\u00e9 t\u00e9ve tov\u00e1bbi szersz\u00e1mok vagy tartoz\u00e9kok mozg\u00e1s\u00e1t \u00e9s hat\u00e9kony vez\u00e9rl\u00e9s\u00e9t. Ezek a hengerek nemcsak a sima mozg\u00e1st biztos\u00edtj\u00e1k, hanem a nagy terhel\u00e9seket is elviselik, biztos\u00edtva a g\u00e9p hat\u00e9kony m\u0171k\u00f6d\u00e9s\u00e9t \u00e9s megb\u00edzhat\u00f3s\u00e1g\u00e1t k\u00fcl\u00f6nb\u00f6z\u0151 munkak\u00f6r\u00fclm\u00e9nyek k\u00f6z\u00f6tt.<\/p>\n<p><img decoding=\"async\" src=\"https:\/\/www.hydraulic-cylinders.net\/wp-content\/uploads\/2025\/01\/songte-company-2.webp\"><\/p>\n<h2>Jellemz\u0151k<\/h2>\n<ul>\n<li><strong>Nagy hat\u00e9konys\u00e1g\u00fa \u00e1tvitel:<\/strong> A karhenger er\u0151teljes line\u00e1ris mozg\u00e1st \u00e9s er\u0151t biztos\u00edt, biztos\u00edtva a robotkar nagy hat\u00e9konys\u00e1g\u00fa teljes\u00edtm\u00e9ny\u00e9t k\u00fcl\u00f6nf\u00e9le m\u0171veletek sor\u00e1n.<\/li>\n<li><strong>Prec\u00edz vez\u00e9rl\u00e9s:<\/strong> A hidraulikus rendszeren kereszt\u00fcl a karhenger prec\u00edz mozg\u00e1svez\u00e9rl\u00e9st tesz lehet\u0151v\u00e9, \u00edgy a csatlakoztatott eszk\u00f6z\u00f6k m\u0171k\u00f6dtet\u00e9se rugalmasabb \u00e9s pontosabb.<\/li>\n<li><strong>Tart\u00f3ss\u00e1g:<\/strong> A karhenger jellemz\u0151en nagy szil\u00e1rds\u00e1g\u00fa anyagokb\u00f3l k\u00e9sz\u00fcl, kiv\u00e1l\u00f3 kop\u00e1s- \u00e9s korr\u00f3zi\u00f3\u00e1ll\u00f3s\u00e1ggal, \u00edgy alkalmass\u00e1 teszi a hossz\u00fa t\u00e1v\u00fa haszn\u00e1latra zord k\u00f6rnyezetben.<\/li>\n<li><strong>T\u00f6bbfunkci\u00f3s alkalmazkod\u00f3k\u00e9pess\u00e9g:<\/strong> Ezek a munkahengerek sz\u00e9les k\u00f6rben alkalmazhat\u00f3k k\u00fcl\u00f6nf\u00e9le g\u00e9peken, p\u00e9ld\u00e1ul kotr\u00f3g\u00e9peken, darukon \u00e9s robotkarokon, alkalmazkodva a k\u00fcl\u00f6nb\u00f6z\u0151 munkak\u00f6vetelm\u00e9nyekhez.<\/li>\n<li><strong>K\u00f6nny\u0171 karbantart\u00e1s:<\/strong> A k\u00f6nny\u0171 karbantart\u00e1st \u00e9s cser\u00e9t szem el\u0151tt tartva tervezett karhenger lehet\u0151v\u00e9 teszi a k\u00e9nyelmes id\u0151szakos ellen\u0151rz\u00e9seket \u00e9s karbantart\u00e1st, cs\u00f6kkentve a berendez\u00e9s \u00e1ll\u00e1sidej\u00e9t.<\/li>\n<\/ul>\n<p><img decoding=\"async\" src=\"https:\/\/www.hydraulic-cylinders.net\/wp-content\/uploads\/2025\/01\/songte-oil-pipes-and-spare-parts.webp\"><\/p>\n<h2>Alkalmaz\u00e1sok<\/h2>\n<ul>\n<li><strong>\u00c9p\u00edt\u0151m\u00e9rn\u00f6ki:<\/strong> Kotr\u00f3g\u00e9pekn\u00e9l \u00e9s darukn\u00e1l a karhenger a kan\u00e1l vagy a g\u00e9m mozg\u00e1s\u00e1nak vez\u00e9rl\u00e9s\u00e9re szolg\u00e1l f\u00f6ldmunk\u00e1kn\u00e1l, anyagmozgat\u00e1sn\u00e1l \u00e9s szerkezeti telep\u00edt\u00e9sn\u00e9l.<\/li>\n<li><strong>Feldolgoz\u00f3 ipar:<\/strong> Az automatiz\u00e1lt gy\u00e1rt\u00f3sorokon a karhengert robotkarok mozgat\u00e1s\u00e1ra haszn\u00e1lj\u00e1k, lehet\u0151v\u00e9 t\u00e9ve az \u00f6sszeszerel\u00e9si, hegeszt\u00e9si \u00e9s anyagmozgat\u00e1si folyamatokat a termel\u00e9si hat\u00e9konys\u00e1g \u00e9s a pontoss\u00e1g jav\u00edt\u00e1sa \u00e9rdek\u00e9ben.<\/li>\n<li><strong>Mez\u0151gazdas\u00e1gi g\u00e9pek:<\/strong> A mez\u0151gazdas\u00e1gi g\u00e9pekben, p\u00e9ld\u00e1ul a betakar\u00edt\u00f3g\u00e9pekben \u00e9s a vet\u0151g\u00e9pekben a karhenger vez\u00e9rli a m\u0171k\u00f6dtet\u0151 kar mozg\u00e1s\u00e1t, olyan feladatokat l\u00e1tva el, mint a vet\u00e9s, a m\u0171tr\u00e1gy\u00e1z\u00e1s \u00e9s a betakar\u00edt\u00e1s.<\/li>\n<li><strong>B\u00e1nyaipar:<\/strong> B\u00e1ny\u00e1szati \u200b\u200bberendez\u00e9sekben a karhengert a b\u00e1ny\u00e1szati \u200b\u200bberendez\u00e9sek karj\u00e1nak mozg\u00e1s\u00e1nak vez\u00e9rl\u00e9s\u00e9re haszn\u00e1lj\u00e1k \u00e9rcek kitermel\u00e9se \u00e9s sz\u00e1ll\u00edt\u00e1sa sor\u00e1n.<\/li>\n<li><strong>Logisztika \u00e9s sz\u00e1ll\u00edt\u00e1s:<\/strong> Targonc\u00e1kban \u00e9s anyagmozgat\u00f3 robotokban a karhenger a vill\u00e1k emel\u00e9s\u00e9nek \u00e9s mozg\u00e1s\u00e1nak vez\u00e9rl\u00e9s\u00e9re szolg\u00e1l, megk\u00f6nny\u00edtve az anyagok kezel\u00e9s\u00e9t \u00e9s egym\u00e1sra rak\u00e1s\u00e1t.<\/li>\n<\/ul>\n<h2>Tervez\u00e9si szempontok \u00e9s kiv\u00e1laszt\u00e1si krit\u00e9riumok<\/h2>\n<ul>\n<li><strong>Teherb\u00edr\u00e1s:<\/strong> A karhenger \u00fagy van kialak\u00edtva, hogy ellen\u00e1lljon bizonyos terhel\u00e9seknek, biztos\u00edtva a biztons\u00e1gos m\u0171k\u00f6d\u00e9st k\u00fcl\u00f6nf\u00e9le munkak\u00f6r\u00fclm\u00e9nyek k\u00f6z\u00f6tt.<\/li>\n<li><strong>T\u00f6m\u00edt\u00e9s:<\/strong> K\u00fcl\u00f6nb\u00f6z\u0151 t\u00f6m\u00edt\u0151elemeket, p\u00e9ld\u00e1ul dugatty\u00fat\u00f6m\u00edt\u00e9seket \u00e9s r\u00fadt\u00f6m\u00edt\u00e9seket haszn\u00e1lnak a hidraulikafolyad\u00e9k sziv\u00e1rg\u00e1s\u00e1nak megakad\u00e1lyoz\u00e1s\u00e1ra. Ezek a t\u00f6m\u00edt\u00e9sek kop\u00e1s\u00e1ll\u00f3 anyagokb\u00f3l, p\u00e9ld\u00e1ul poliuret\u00e1nb\u00f3l \u00e9s nitrilgumib\u00f3l k\u00e9sz\u00fclnek.<\/li>\n<li><strong>Tart\u00f3ss\u00e1g:<\/strong> A hengertest \u00e9s a menetes v\u00e9gfel\u00fclet finoman kezelt, hogy fokozza a kop\u00e1s\u00e1ll\u00f3s\u00e1got \u00e9s meghosszabb\u00edtsa az \u00e9lettartamot.<\/li>\n<li><strong>Biztons\u00e1g:<\/strong> A biztons\u00e1gi szempontokat be\u00e9p\u00edtett\u00e9k a tervez\u00e9sbe, biztos\u00edtva a karhenger biztons\u00e1gos \u00e9s megb\u00edzhat\u00f3 m\u0171k\u00f6d\u00e9s\u00e9t.<\/li>\n<li><strong>Karbantarthat\u00f3s\u00e1g:<\/strong> A kialak\u00edt\u00e1s lehet\u0151v\u00e9 teszi az egyszer\u0171 karbantart\u00e1st \u00e9s cser\u00e9t, cs\u00f6kkentve az \u00e1ll\u00e1sid\u0151t \u00e9s optimaliz\u00e1lva a karhenger \u00e9lettartam\u00e1t.<\/li>\n<\/ul>\n<p><img decoding=\"async\" src=\"https:\/\/www.hydraulic-cylinders.net\/wp-content\/uploads\/2025\/01\/songte-cylinder-head-with-all-kinds-excavator-models.webp\"><\/p>\n<h2>T\u00f6m\u00edt\u00e9s \u00e9s ken\u00e9s<\/h2>\n<p>A karhenger k\u00fcl\u00f6nf\u00e9le t\u00f6m\u00edt\u0151elemeket haszn\u00e1l, p\u00e9ld\u00e1ul dugatty\u00fat\u00f6m\u00edt\u00e9seket \u00e9s r\u00fadt\u00f6m\u00edt\u00e9seket, amelyek kop\u00e1s\u00e1ll\u00f3 anyagokb\u00f3l, p\u00e9ld\u00e1ul poliuret\u00e1nb\u00f3l \u00e9s nitrilgumib\u00f3l k\u00e9sz\u00fclnek. A hengertest \u00e9s a menetes v\u00e9gfel\u00fclet prec\u00edz megmunk\u00e1l\u00e1son esik \u00e1t a kop\u00e1s\u00e1ll\u00f3s\u00e1g jav\u00edt\u00e1sa \u00e9rdek\u00e9ben. A z\u00f6kken\u0151mentes m\u0171k\u00f6d\u00e9s biztos\u00edt\u00e1s\u00e1hoz rendszeres ken\u00e9s sz\u00fcks\u00e9ges megfelel\u0151 mennyis\u00e9g\u0171 hidraulikaolajjal.<\/p>\n<h2>Rendszeres ellen\u0151rz\u00e9s \u00e9s megel\u0151z\u0151 karbantart\u00e1s<\/h2>\n<ul>\n<li>Rendszeresen ellen\u0151rizze a t\u00f6m\u00edt\u00e9seket \u00e9s egy\u00e9b alkatr\u00e9szeket, hogy nincsenek-e sziv\u00e1rg\u00e1sra, kop\u00e1sra vagy s\u00e9r\u00fcl\u00e9sre utal\u00f3 jelek.<\/li>\n<li>Vizsg\u00e1lja meg a hengertestet \u00e9s a v\u00e9gfel\u00fcleteket, hogy nincsenek-e rajtuk rendelleness\u00e9gek vagy kop\u00e1s jelei.<\/li>\n<li>Tartsa fenn a megfelel\u0151 hidraulikafolyad\u00e9k szintet \u00e9s gondoskodjon a tisztas\u00e1gr\u00f3l.<\/li>\n<li>K\u00f6vesse a gy\u00e1rt\u00f3 \u00e1ltal megadott aj\u00e1nlott karbantart\u00e1si \u00fctemtervet.<\/li>\n<li>Az optim\u00e1lis teljes\u00edtm\u00e9ny biztos\u00edt\u00e1sa \u00e9rdek\u00e9ben id\u0151szakos nyom\u00e1spr\u00f3b\u00e1kat \u00e9s funkcion\u00e1lis ellen\u0151rz\u00e9seket v\u00e9gezzen.<\/li>\n<\/ul>\n<h2>Term\u00e9ktelep\u00edt\u00e9si \u00fatmutat\u00f3<\/h2>\n<p>A karhenger megfelel\u0151 beszerel\u00e9se elengedhetetlen a teljes\u00edtm\u00e9ny\u00e9hez \u00e9s hossz\u00fa \u00e9lettartam\u00e1hoz. K\u00f6vesse az al\u00e1bbi l\u00e9p\u00e9seket:<\/p>\n<ol>\n<li>K\u00e9sz\u00edtse el\u0151 a sz\u00fcks\u00e9ges szersz\u00e1mokat \u00e9s berendez\u00e9seket a telep\u00edt\u00e9shez.<\/li>\n<li>Gy\u0151z\u0151dj\u00f6n meg arr\u00f3l, hogy a r\u00f6gz\u00edt\u0151fel\u00fcletek tiszt\u00e1k \u00e9s t\u00f6rmel\u00e9kt\u0151l mentesek.<\/li>\n<li>R\u00f6gz\u00edtse a karhengert a kijel\u00f6lt r\u00f6gz\u00edt\u00e9si pontokhoz, a gy\u00e1rt\u00f3 utas\u00edt\u00e1sait k\u00f6vetve.<\/li>\n<li>H\u00fazza meg a r\u00f6gz\u00edt\u0151csavarokat vagy csavarokat a megadott nyomat\u00e9kkal.<\/li>\n<li>Ellen\u0151rizze a megfelel\u0151 illeszked\u00e9st \u00e9s a mozg\u00e1sszabads\u00e1got.<\/li>\n<li>Csatlakoztassa a hidraulikus t\u00f6ml\u0151ket vagy cs\u00f6veket a hidraulikus rendszer k\u00f6vetelm\u00e9nyeinek megfelel\u0151en.<\/li>\n<li>Haszn\u00e1latba v\u00e9tel el\u0151tt ellen\u0151rizze a karhenger megfelel\u0151 m\u0171k\u00f6d\u00e9s\u00e9t.<\/li>\n<\/ol>\n<p><img decoding=\"async\" src=\"https:\/\/www.hydraulic-cylinders.net\/wp-content\/uploads\/2025\/01\/songte-bushings-with-all-kinds-of-excavator-models.webp\"><\/p>\n<h2>Biztons\u00e1gi szempontok \u00e9s k\u00f6rnyezeti t\u00e9nyez\u0151k<\/h2>\n<p>A karhenger haszn\u00e1latakor elengedhetetlen a biztons\u00e1gi int\u00e9zked\u00e9sek betart\u00e1sa a balesetek megel\u0151z\u00e9se \u00e9s a biztons\u00e1gos munkak\u00f6rnyezet biztos\u00edt\u00e1sa \u00e9rdek\u00e9ben. Ford\u00edtson figyelmet a k\u00f6vetkez\u0151kre:<\/p>\n<ul>\n<li>Tartsa be a berendez\u00e9s gy\u00e1rt\u00f3ja \u00e1ltal megadott \u00f6sszes biztons\u00e1gi ir\u00e1nyelvet \u00e9s el\u0151\u00edr\u00e1st.<\/li>\n<li>Viseljen megfelel\u0151 szem\u00e9lyi v\u00e9d\u0151felszerel\u00e9st (PPE) a g\u00e9pek kezel\u00e9se vagy k\u00f6zel\u00e9ben v\u00e9gzett munka sor\u00e1n.<\/li>\n<li>Rendszeresen ellen\u0151rizze a karhengert, hogy nincsenek-e rajta kop\u00e1s vagy s\u00e9r\u00fcl\u00e9s jelei, amelyek vesz\u00e9lyeztethetik a biztons\u00e1got.<\/li>\n<li>A hidraulikafolyad\u00e9kokat \u00e9s egy\u00e9b hullad\u00e9kokat a k\u00f6rnyezetv\u00e9delmi el\u0151\u00edr\u00e1soknak megfelel\u0151en \u00e1rtalmatlan\u00edtsa.<\/li>\n<\/ul>\n<h2>Hibaelh\u00e1r\u00edt\u00e1s \u00e9s gyakori probl\u00e9m\u00e1k<\/h2>\n<p>Ha probl\u00e9m\u00e1kat tapasztal a karhengerrel, olvassa el az al\u00e1bbi hibaelh\u00e1r\u00edt\u00e1si l\u00e9p\u00e9seket:<\/p>\n<ul>\n<li><strong>Probl\u00e9ma:<\/strong> Sziv\u00e1rg\u00e1s a hengerb\u0151l<br \/>\n    <strong>Megold\u00e1s:<\/strong> Ellen\u0151rizze a t\u00f6m\u00edt\u00e9seket, \u00e9s cser\u00e9lje ki a s\u00e9r\u00fclt vagy elkopott alkatr\u00e9szeket.<\/li>\n<li><strong>Probl\u00e9ma:<\/strong> A kar el\u00e9gtelen vagy r\u00e1ngat\u00f3z\u00f3 mozg\u00e1sa<br \/>\n    <strong>Megold\u00e1s:<\/strong> Ellen\u0151rizze a hidraulikus rendszert elt\u00f6m\u0151d\u00e9sek vagy sziv\u00e1rg\u00e1sok szempontj\u00e1b\u00f3l, \u00e9s gondoskodjon a megfelel\u0151 folyad\u00e9kszintr\u0151l \u00e9s nyom\u00e1sr\u00f3l.<\/li>\n<li><strong>Probl\u00e9ma:<\/strong> Rendellenes zaj m\u0171k\u00f6d\u00e9s k\u00f6zben<br \/>\n    <strong>Megold\u00e1s:<\/strong> Ellen\u0151rizze a mozg\u00f3 alkatr\u00e9szek laza r\u00f6gz\u00edt\u0151csavarjait vagy t\u00falzott kop\u00e1s\u00e1t, \u00e9s v\u00e9gezze el a sz\u00fcks\u00e9ges be\u00e1ll\u00edt\u00e1sokat vagy cser\u00e9ket.<\/li>\n<\/ul>\n<p>Ezen hibaelh\u00e1r\u00edt\u00e1si tippek \u00e9s megel\u0151z\u0151 int\u00e9zked\u00e9sek betart\u00e1s\u00e1val az olvas\u00f3k hat\u00e9konyan diagnosztiz\u00e1lhatj\u00e1k \u00e9s megoldhatj\u00e1k a karhengerrel kapcsolatos probl\u00e9m\u00e1kat, minimaliz\u00e1lva a lehets\u00e9ges probl\u00e9m\u00e1kat.<\/p>\n<p><img decoding=\"async\" src=\"https:\/\/www.hydraulic-cylinders.net\/wp-content\/uploads\/2025\/01\/songte-chushion-collar.webp\"><\/p>\n<p>Ne felejtsd el logikusan fel\u00e9p\u00edteni a cikket, haszn\u00e1lj alc\u00edmeket a k\u00f6nny\u0171 navig\u00e1ci\u00f3 \u00e9rdek\u00e9ben, \u00e9p\u00edts be relev\u00e1ns k\u00e9peket vagy diagramokat a jobb meg\u00e9rt\u00e9s \u00e9rdek\u00e9ben, \u00e9s \u00fcgyelj arra, hogy a tartalom vil\u00e1gos, t\u00f6m\u00f6r \u00e9s megfelel\u0151 legyen a k\u00fcl\u00f6nb\u00f6z\u0151 szint\u0171 technikai tud\u00e1ssal rendelkez\u0151 olvas\u00f3k sz\u00e1m\u00e1ra.<\/p>\n<h2>R\u00f3lunk<\/h2>\n<p>Professzion\u00e1lis hidraulikus hengergy\u00e1rt\u00f3k\u00e9nt sz\u00e9les term\u00e9kv\u00e1laszt\u00e9kot k\u00edn\u00e1lunk. A hidraulikus hengerek egyik vezet\u0151 gy\u00e1rt\u00f3j\u00e1v\u00e1 \u00e9s nagykereskedelmi forgalmaz\u00f3j\u00e1v\u00e1 v\u00e1ltunk mind a hazai, mind a nemzetk\u00f6zi piacokon. A kiv\u00e1l\u00f3 min\u0151s\u00e9g elv\u00e9t fenntartva, folyamatosan fejlesztj\u00fck technol\u00f3giai k\u00e9pess\u00e9geinket \u00e9s termel\u00e9si hat\u00e9konys\u00e1gunkat finom\u00edtott gy\u00e1rt\u00e1si folyamatok r\u00e9v\u00e9n. Fejlett digit\u00e1lis gy\u00e1rt\u00f3berendez\u00e9sek \u00e9s professzion\u00e1lis tesztel\u0151rendszerek bevezet\u00e9s\u00e9vel optimaliz\u00e1ljuk gy\u00e1rt\u00e1si platformunkat \u00e9s fejlesztj\u00fck term\u00e9kmin\u0151s\u00e9g-ellen\u0151rz\u00e9si folyamatainkat, lehet\u0151v\u00e9 t\u00e9ve sz\u00e1munkra az innov\u00e1ci\u00f3t \u00e9s a soksz\u00edn\u0171 \u00fcgyf\u00e9lig\u00e9nyek hat\u00e9kony, pontos \u00e9s kiv\u00e1l\u00f3 min\u0151s\u00e9g\u0171 kiel\u00e9g\u00edt\u00e9s\u00e9t.<\/p>\n<p><img decoding=\"async\" src=\"https:\/\/www.hydraulic-cylinders.net\/wp-content\/uploads\/2025\/01\/songte-company-4.webp\"><br \/>\n<img","protected":false},"excerpt":{"rendered":"<p>Arm Cylinder For Lovol Middle Excavator FR220 Introduction Arm Cylinder for Lovol Middle Excavator FR220 is a specially designed hydraulic cylinder that provides linear motion and power for the arm of various types of machinery, such as excavators, cranes, and robotic arms. The arm cylinder plays a key role in hydraulic systems, allowing additional tools [&hellip;]<\/p>","protected":false},"featured_media":14779,"comment_status":"open","ping_status":"closed","template":"","meta":{"_et_pb_use_builder":"","_et_pb_old_content":"","_et_gb_content_width":""},"product_brand":[],"product_cat":[1497],"product_tag":[1498,1496],"class_list":{"0":"post-16488","1":"product","2":"type-product","3":"status-publish","4":"has-post-thumbnail","6":"product_cat-arm-cylinders","7":"product_tag-arm-cylinders","8":"product_tag-hydraulic-cylinders","10":"first","11":"instock","12":"shipping-taxable","13":"product-type-simple"},"amp_enabled":true,"_links":{"self":[{"href":"https:\/\/www.hydraulic-cylinders.net\/hu\/wp-json\/wp\/v2\/product\/16488","targetHints":{"allow":["GET"]}}],"collection":[{"href":"https:\/\/www.hydraulic-cylinders.net\/hu\/wp-json\/wp\/v2\/product"}],"about":[{"href":"https:\/\/www.hydraulic-cylinders.net\/hu\/wp-json\/wp\/v2\/types\/product"}],"replies":[{"embeddable":true,"href":"https:\/\/www.hydraulic-cylinders.net\/hu\/wp-json\/wp\/v2\/comments?post=16488"}],"wp:featuredmedia":[{"embeddable":true,"href":"https:\/\/www.hydraulic-cylinders.net\/hu\/wp-json\/wp\/v2\/media\/14779"}],"wp:attachment":[{"href":"https:\/\/www.hydraulic-cylinders.net\/hu\/wp-json\/wp\/v2\/media?parent=16488"}],"wp:term":[{"taxonomy":"product_brand","embeddable":true,"href":"https:\/\/www.hydraulic-cylinders.net\/hu\/wp-json\/wp\/v2\/product_brand?post=16488"},{"taxonomy":"product_cat","embeddable":true,"href":"https:\/\/www.hydraulic-cylinders.net\/hu\/wp-json\/wp\/v2\/product_cat?post=16488"},{"taxonomy":"product_tag","embeddable":true,"href":"https:\/\/www.hydraulic-cylinders.net\/hu\/wp-json\/wp\/v2\/product_tag?post=16488"}],"curies":[{"name":"munkaf\u00fczet","href":"https:\/\/api.w.org\/{rel}","templated":true}]}}