{"id":16505,"date":"2025-01-21T05:29:57","date_gmt":"2025-01-21T05:29:57","guid":{"rendered":"https:\/\/www.hydraulic-cylinders.net\/product\/arm-cylinder-for-liugong-middle-excavator-clg225c\/"},"modified":"2025-01-21T05:30:14","modified_gmt":"2025-01-21T05:30:14","slug":"arm-cylinder-for-liugong-middle-excavator-clg225c","status":"publish","type":"product","link":"https:\/\/www.hydraulic-cylinders.net\/hu\/termek\/arm-cylinder-for-liugong-middle-excavator-clg225c\/","title":{"rendered":"Karhenger Liugong k\u00f6z\u00e9ps\u0151 kotr\u00f3g\u00e9phez CLG225C"},"content":{"rendered":"<p>Karhenger Liugong k\u00f6z\u00e9ps\u0151 kotr\u00f3g\u00e9phez CLG225C <\/p>\n<p>Bevezet\u00e9s<\/p>\n<p>A karhenger egy speci\u00e1lisan tervezett hidraulikus henger, amelyet els\u0151sorban k\u00fcl\u00f6nf\u00e9le g\u00e9pek, p\u00e9ld\u00e1ul kotr\u00f3g\u00e9pek, daruk \u00e9s mechanikus karok karjainak line\u00e1ris mozg\u00e1s\u00e1nak \u00e9s erej\u00e9nek biztos\u00edt\u00e1s\u00e1ra haszn\u00e1lnak. A karhenger kulcsszerepet j\u00e1tszik a hidraulikus rendszerekben, lehet\u0151v\u00e9 t\u00e9ve a csatlakoztatott szersz\u00e1mok vagy tartoz\u00e9kok mozg\u00e1s\u00e1t \u00e9s hat\u00e9kony vez\u00e9rl\u00e9s\u00e9t. Ezek a hengerek nemcsak sima mozg\u00e1st biztos\u00edtanak, hanem nagy terhel\u00e9seket is elviselnek, biztos\u00edtva a g\u00e9p hat\u00e9kony m\u0171k\u00f6d\u00e9s\u00e9t \u00e9s megb\u00edzhat\u00f3s\u00e1g\u00e1t k\u00fcl\u00f6nb\u00f6z\u0151 \u00fczemi k\u00f6r\u00fclm\u00e9nyek k\u00f6z\u00f6tt.<\/p>\n<p>Defin\u00edci\u00f3 \u00e9s magyar\u00e1zat<\/p>\n<p>A karhenger egy olyan hidraulikus henger, amelyet k\u00fcl\u00f6nf\u00e9le g\u00e9pek, p\u00e9ld\u00e1ul kotr\u00f3g\u00e9pek, daruk \u00e9s mechanikus karok karjainak line\u00e1ris mozg\u00e1s\u00e1nak \u00e9s erej\u00e9nek biztos\u00edt\u00e1s\u00e1ra haszn\u00e1lnak. A hidraulikus rendszerek kulcsfontoss\u00e1g\u00fa eleme, amely lehet\u0151v\u00e9 teszi a csatlakoztatott szersz\u00e1mok vagy tartoz\u00e9kok mozg\u00e1s\u00e1t \u00e9s hat\u00e9kony vez\u00e9rl\u00e9s\u00e9t. Ezeket a hengereket tart\u00f3sra \u00e9s megb\u00edzhat\u00f3ra tervezt\u00e9k, sima mozg\u00e1st biztos\u00edtva \u00e9s nagy terhel\u00e9seket elviselve.<\/p>\n<p><img decoding=\"async\" src=\"https:\/\/www.hydraulic-cylinders.net\/wp-content\/uploads\/2025\/01\/songte-company-2.webp\" alt=\"Karhenger\" \/><\/p>\n<p>Jellemz\u0151k<\/p>\n<p>A karhenger sz\u00e1mos olyan tulajdons\u00e1ggal rendelkezik, amelyek n\u00e9lk\u00fcl\u00f6zhetetlen alkatr\u00e9sz\u00e9v\u00e9 teszik a k\u00fcl\u00f6nf\u00e9le g\u00e9pekben. Ezek k\u00f6z\u00fcl n\u00e9h\u00e1ny:<\/p>\n<p>1. Nagy hat\u00e9konys\u00e1g\u00fa er\u0151\u00e1tvitel: A karhenger er\u0151teljes line\u00e1ris mozg\u00e1st \u00e9s er\u0151t biztos\u00edt, biztos\u00edtva a mechanikus kar hat\u00e9kony teljes\u00edtm\u00e9ny\u00e9t k\u00fcl\u00f6nb\u00f6z\u0151 m\u0171veletek sor\u00e1n.<\/p>\n<p>2. Prec\u00edz vez\u00e9rl\u00e9s: Hidraulikus rendszereken kereszt\u00fcl a karhenger pontos mozg\u00e1svez\u00e9rl\u00e9st \u00e9rhet el, \u00edgy a csatlakoztatott szersz\u00e1mok m\u0171k\u00f6d\u00e9se rugalmasabb \u00e9s pontosabb.<\/p>\n<p>3. Er\u0151s tart\u00f3ss\u00e1g: A karhenger \u00e1ltal\u00e1ban nagy szil\u00e1rds\u00e1g\u00fa anyagokb\u00f3l k\u00e9sz\u00fcl, j\u00f3 kop\u00e1s- \u00e9s korr\u00f3zi\u00f3\u00e1ll\u00f3s\u00e1ggal rendelkezik, \u00edgy alkalmass\u00e1 teszi a hossz\u00fa t\u00e1v\u00fa haszn\u00e1latra zord k\u00f6rnyezetben.<\/p>\n<p>4. T\u00f6bbfunkci\u00f3s alkalmazkod\u00f3k\u00e9pess\u00e9g: Ezek a hengerek sz\u00e9les k\u00f6rben alkalmazhat\u00f3k k\u00fcl\u00f6nf\u00e9le g\u00e9pekben, p\u00e9ld\u00e1ul kotr\u00f3g\u00e9pekben, darukban \u00e9s mechanikus karokban, \u00e9s alkalmazkodnak a k\u00fcl\u00f6nb\u00f6z\u0151 munkak\u00f6vetelm\u00e9nyekhez.<\/p>\n<p>5. K\u00f6nny\u0171 karbantart\u00e1s: A k\u00f6nny\u0171 karbantart\u00e1s \u00e9s csere \u00e9rdek\u00e9ben tervezett karhenger k\u00e9nyelmesebb\u00e9 teszi a rendszeres ellen\u0151rz\u00e9st \u00e9s karbantart\u00e1st, ez\u00e1ltal cs\u00f6kkentve a berendez\u00e9s \u00e1ll\u00e1sidej\u00e9t.<\/p>\n<p>Ezt a term\u00e9ket el\u0151 tudjuk \u00e1ll\u00edtani, \u00e9s term\u00e9keink t\u00f6k\u00e9letesen helyettes\u00edthetik ezeket a hidraulikus hengereket.<\/p>\n<p><img decoding=\"async\" src=\"https:\/\/www.hydraulic-cylinders.net\/wp-content\/uploads\/2025\/01\/songte-oil-pipes-and-spare-parts.webp\" alt=\"Hidraulikus henger\" \/><\/p>\n<p>Alkalmaz\u00e1sok<\/p>\n<p>A karhengernek sz\u00e1mos alkalmaz\u00e1sa van a k\u00fcl\u00f6nb\u00f6z\u0151 ipar\u00e1gakban. N\u00e9h\u00e1ny ilyen alkalmaz\u00e1s a k\u00f6vetkez\u0151:<\/p>\n<p>1. \u00c9p\u00edt\u00e9s: Kotr\u00f3g\u00e9pekn\u00e9l \u00e9s darukn\u00e1l a karhenger a kanalat vagy a g\u00e9m mozg\u00e1s\u00e1nak vez\u00e9rl\u00e9s\u00e9re szolg\u00e1l f\u00f6ldmunk\u00e1k, anyagmozgat\u00e1s \u00e9s szerkezeti telep\u00edt\u00e9s sor\u00e1n.<\/p>\n<p>2. Gy\u00e1rt\u00e1s: Az automatiz\u00e1lt gy\u00e1rt\u00f3sorokon a karhengert mechanikus karok mozgat\u00e1s\u00e1ra haszn\u00e1lj\u00e1k \u00f6sszeszerel\u00e9si, hegeszt\u00e9si \u00e9s anyagmozgat\u00e1si folyamatokhoz, jav\u00edtva a termel\u00e9si hat\u00e9konys\u00e1got \u00e9s a pontoss\u00e1got.<\/p>\n<p>3. Mez\u0151gazdas\u00e1gi g\u00e9pek: A mez\u0151gazdas\u00e1gi g\u00e9pekben, p\u00e9ld\u00e1ul a betakar\u00edt\u00f3g\u00e9pekben \u00e9s a vet\u0151g\u00e9pekben a karhenger vez\u00e9rli a m\u0171k\u00f6dtet\u0151 kar mozg\u00e1s\u00e1t, olyan feladatokat l\u00e1tva el, mint a vet\u00e9s, a tr\u00e1gy\u00e1z\u00e1s \u00e9s a betakar\u00edt\u00e1s.<\/p>\n<p>4. B\u00e1ny\u00e1szat: B\u00e1ny\u00e1szati \u200b\u200bberendez\u00e9sekben a karhenger a b\u00e1ny\u00e1szati \u200b\u200bberendez\u00e9sek karmozg\u00e1s\u00e1nak vez\u00e9rl\u00e9s\u00e9re szolg\u00e1l, \u00e1sv\u00e1nyok b\u00e1ny\u00e1szat\u00e1t \u00e9s sz\u00e1ll\u00edt\u00e1s\u00e1t v\u00e9gzi.<\/p>\n<p>5. Logisztika \u00e9s sz\u00e1ll\u00edt\u00e1s: A targonc\u00e1kban \u00e9s anyagmozgat\u00f3 robotokban a karhenger a villa emel\u00e9s\u00e9nek \u00e9s mozg\u00e1s\u00e1nak vez\u00e9rl\u00e9s\u00e9re szolg\u00e1l, ez\u00e1ltal biztos\u00edtva az anyagmozgat\u00e1st \u00e9s a rakod\u00e1st.<\/p>\n<p>Tervez\u00e9si szempontok \u00e9s kiv\u00e1laszt\u00e1si krit\u00e9riumok<\/p>\n<p>A karhenger kialak\u00edt\u00e1sa kulcsfontoss\u00e1g\u00fa a teljes\u00edtm\u00e9nye \u00e9s tart\u00f3ss\u00e1ga szempontj\u00e1b\u00f3l. Karhenger kiv\u00e1laszt\u00e1sakor sz\u00e1mos fontos szempontot kell szem el\u0151tt tartani, t\u00f6bbek k\u00f6z\u00f6tt:<\/p>\n<p>1. Teherb\u00edr\u00e1s: A karhengert \u00fagy kell megtervezni, hogy ellen\u00e1lljon a m\u0171k\u00f6d\u00e9s k\u00f6zbeni maxim\u00e1lis terhel\u00e9snek.<\/p>\n<p>2. T\u00f6m\u00edt\u00e9s: A karhenger t\u00f6m\u00edt\u00e9s\u00e9t gondosan kell megtervezni az olajsziv\u00e1rg\u00e1s megakad\u00e1lyoz\u00e1sa \u00e9s a zavartalan m\u0171k\u00f6d\u00e9s biztos\u00edt\u00e1sa \u00e9rdek\u00e9ben.<\/p>\n<p>3. Tart\u00f3ss\u00e1g: A karhengernek nagy szil\u00e1rds\u00e1g\u00fa anyagokb\u00f3l kell k\u00e9sz\u00fclnie, hogy ellen\u00e1lljon a zord \u00fczemi k\u00f6rnyezetnek \u00e9s biztos\u00edtsa a hossz\u00fa t\u00e1v\u00fa megb\u00edzhat\u00f3s\u00e1got.<\/p>\n<p>4. Biztons\u00e1g: A karhengert biztons\u00e1gi funkci\u00f3kkal kell ell\u00e1tni a balesetek megel\u0151z\u00e9se \u00e9s a biztons\u00e1gos m\u0171k\u00f6d\u00e9s biztos\u00edt\u00e1sa \u00e9rdek\u00e9ben.<\/p>\n<p>5. Karbantart\u00e1s: A karhengert \u00fagy kell kialak\u00edtani, hogy k\u00f6nnyen karbantarthat\u00f3 \u00e9s jav\u00edthat\u00f3 legyen, cs\u00f6kkentve az \u00e1ll\u00e1sid\u0151t \u00e9s a karbantart\u00e1si k\u00f6lts\u00e9geket.<\/p>\n<p><img decoding=\"async\" src=\"https:\/\/www.hydraulic-cylinders.net\/wp-content\/uploads\/2025\/01\/songte-cylinder-head-with-all-kinds-excavator-models.webp\" alt=\"Kar hengerfej\" \/><\/p>\n<p>T\u00f6m\u00edt\u00e9s \u00e9s ken\u00e9s<\/p>\n<p>A karhengert gondosan t\u00f6m\u00edteni kell az olajsziv\u00e1rg\u00e1s megakad\u00e1lyoz\u00e1sa \u00e9s a zavartalan m\u0171k\u00f6d\u00e9s biztos\u00edt\u00e1sa \u00e9rdek\u00e9ben. A karhengerekben k\u00fcl\u00f6nf\u00e9le t\u00f6m\u00edt\u0151elemeket haszn\u00e1lnak, p\u00e9ld\u00e1ul dugatty\u00fat\u00f6m\u00edt\u00e9seket, r\u00fadt\u00f6m\u00edt\u00e9seket \u00e9s kop\u00f3gy\u0171r\u0171ket. Ezek az alkatr\u00e9szek jellemz\u0151en olyan anyagokb\u00f3l k\u00e9sz\u00fclnek, mint a poliuret\u00e1n \u00e9s a nitrilgumi, amelyek kiv\u00e1l\u00f3 kop\u00e1s\u00e1ll\u00f3s\u00e1ggal rendelkeznek.<\/p>\n<p>A karhenger hengerteste \u00e9s menetes v\u00e9gei finom megmunk\u00e1l\u00e1s\u00faak a kop\u00e1s\u00e1ll\u00f3s\u00e1g jav\u00edt\u00e1sa \u00e9rdek\u00e9ben. A megfelel\u0151 mennyis\u00e9g\u0171 hidraulikaolaj rendszeres hozz\u00e1ad\u00e1sa jav\u00edthatja a ken\u00e9st \u00e9s meghosszabb\u00edthatja a karhenger \u00e9lettartam\u00e1t.<\/p>\n<p>Karbantart\u00e1s \u00e9s megel\u0151z\u0151 int\u00e9zked\u00e9sek<\/p>\n<p>A rendszeres ellen\u0151rz\u00e9s \u00e9s a megel\u0151z\u0151 karbantart\u00e1s seg\u00edthet a karhenger z\u00f6kken\u0151mentes \u00e9s biztons\u00e1gos m\u0171k\u00f6d\u00e9s\u00e9nek biztos\u00edt\u00e1s\u00e1ban. N\u00e9h\u00e1ny megel\u0151z\u0151 int\u00e9zked\u00e9s a k\u00f6vetkez\u0151ket foglalhatja mag\u00e1ban:<\/p>\n<p>1. Ellen\u0151rizze az olajsziv\u00e1rg\u00e1st \u00e9s a t\u00f6m\u00edt\u0151elemek kop\u00e1s\u00e1t.<\/p>\n<p>2. Ellen\u0151rizze a hengertestet \u00e9s a menetes v\u00e9geket kop\u00e1s \u00e9s s\u00e9r\u00fcl\u00e9s szempontj\u00e1b\u00f3l.<\/p>\n<p>3. Id\u0151ben cser\u00e9lje ki a kopott vagy s\u00e9r\u00fclt alkatr\u00e9szeket.<\/p>\n<p>4. Rendszeresen t\u00f6ltse fel a megfelel\u0151 mennyis\u00e9g\u0171 hidraulikaolajat.<\/p>\n<p>Telep\u00edt\u00e9si \u00fatmutat\u00f3<\/p>\n<p>A karhenger helyes beszerel\u00e9se kulcsfontoss\u00e1g\u00fa a teljes\u00edtm\u00e9nye \u00e9s biztons\u00e1ga szempontj\u00e1b\u00f3l. Karhenger beszerel\u00e9sekor k\u00f6vesse az al\u00e1bbi l\u00e9p\u00e9seket:<\/p>\n<p>1. Gy\u0151z\u0151dj\u00f6n meg arr\u00f3l, hogy a szerel\u00e9si fel\u00fclet tiszta, sorja- \u00e9s hibamentes.<\/p>\n<p>2. Ellen\u0151rizze a henger m\u00e9reteit \u00e9s a r\u00f6gz\u00edt\u0151furatokat a megfelel\u0151 illeszt\u00e9s \u00e9rdek\u00e9ben.<\/p>\n<p>3. Szerelje fel a hengert, \u00e9s r\u00f6gz\u00edtse a r\u00f6gz\u00edt\u0151csavarokkal.<\/p>\n<p>4. Szerelje fel a sz\u00fcks\u00e9ges hidraulikavezet\u00e9keket \u00e9s szerelv\u00e9nyeket.<\/p>\n<p>5. Ellen\u0151rizze a palack megfelel\u0151 m\u0171k\u00f6d\u00e9s\u00e9t \u00e9s sziv\u00e1rg\u00e1s\u00e1t.<\/p>\n<p><img decoding=\"async\" src=\"https:\/\/www.hydraulic-cylinders.net\/wp-content\/uploads\/2025\/01\/songte-bushings-with-all-kinds-of-excavator-models.webp\" alt=\"Karhenger perselyek\" \/><\/p>\n<p>Biztons\u00e1gi szempontok \u00e9s k\u00f6rnyezeti t\u00e9nyez\u0151k<\/p>\n<p>A karhenger biztons\u00e1gos m\u0171k\u00f6d\u00e9se kritikus fontoss\u00e1g\u00fa a teljes g\u00e9prendszer biztons\u00e1ga szempontj\u00e1b\u00f3l. A g\u00e9p \u00fczemeltet\u00e9se sor\u00e1n elengedhetetlen a biztons\u00e1gi el\u0151\u00edr\u00e1sok betart\u00e1sa, valamint a karhenger rendszeres karbantart\u00e1sa \u00e9s ellen\u0151rz\u00e9se.<\/p>\n<p>Fontos figyelembe venni a k\u00f6rnyezeti t\u00e9nyez\u0151ket is, amelyek k\u00f6z\u00f6tt a karhenger m\u0171k\u00f6dni fog. A sz\u00e9ls\u0151s\u00e9ges h\u0151m\u00e9rs\u00e9kletek, a por \u00e9s a korroz\u00edv k\u00f6rnyezet befoly\u00e1solhatja a karhenger teljes\u00edtm\u00e9ny\u00e9t \u00e9s \u00e9lettartam\u00e1t. A m\u0171k\u00f6d\u00e9si k\u00f6rnyezetnek megfelel\u0151 karhenger kiv\u00e1laszt\u00e1sa elengedhetetlen a hossz\u00fa \u00e9lettartam \u00e9s a teljes\u00edtm\u00e9ny szempontj\u00e1b\u00f3l.<\/p>\n<p>Hibadiagn\u00f3zis \u00e9s gyakori probl\u00e9m\u00e1k<\/p>\n<p>Mint minden mechanikus alkatr\u00e9szn\u00e9l, a karhengern\u00e9l is el\u0151fordulhatnak hib\u00e1k \u00e9s probl\u00e9m\u00e1k m\u0171k\u00f6d\u00e9s k\u00f6zben. N\u00e9h\u00e1ny gyakori probl\u00e9ma a k\u00f6vetkez\u0151:<\/p>\n<p>1. Olajsziv\u00e1rg\u00e1s a hengerb\u0151l.<\/p>\n<p>2. T\u00f6m\u00edt\u00e9s s\u00e9r\u00fcl\u00e9se.<\/p>\n<p>3. A r\u00fad karcol\u00f3dik.<\/p>\n<p>4. Dugatty\u00fa kop\u00e1sa.<\/p>\n<p>5. Hajl\u00edtott r\u00fad.<\/p>\n<p>Ezen probl\u00e9m\u00e1k diagnosztiz\u00e1l\u00e1s\u00e1hoz \u00e9s megold\u00e1s\u00e1hoz fontos a karhenger kialak\u00edt\u00e1s\u00e1nak \u00e9s m\u0171k\u00f6d\u00e9s\u00e9nek alapos ismerete. A rendszeres ellen\u0151rz\u00e9s \u00e9s karbantart\u00e1s seg\u00edthet megel\u0151zni ezen probl\u00e9m\u00e1k el\u0151fordul\u00e1s\u00e1t.<\/p>\n<p><img decoding=\"async\" src=\"https:\/\/www.hydraulic-cylinders.net\/wp-content\/uploads\/2025\/01\/songte-chushion-collar.webp\" alt=\"Karhenger P\u00e1rna Gall\u00e9r\" \/><\/p>\n<p>K\u00f6vetkeztet\u00e9s<\/p>\n<p>Professzion\u00e1lis gy\u00e1rt\u00f3k\u00e9nt sz\u00e9les term\u00e9kv\u00e1laszt\u00e9kkal k\u00edn\u00e1lunk p\u00f3talkatr\u00e9szeket hidraulikus hengerek ter\u00e9n. M\u00e1ra a hazai \u00e9s a nemzetk\u00f6zi piacok egyik vezet\u0151 hidraulikus hengergy\u00e1rt\u00f3j\u00e1v\u00e1 \u00e9s nagykereskedelmi forgalmaz\u00f3j\u00e1v\u00e1 v\u00e1ltunk. Mindig a kiv\u00e1l\u00f3 min\u0151s\u00e9g elv\u00e9t k\u00f6vetj\u00fck, kifinomult gy\u00e1rt\u00f3m\u0171hely\u00fcnk iparos\u00edtott termel\u00e9sir\u00e1ny\u00edt\u00e1si strat\u00e9gi\u00e1j\u00e1ra t\u00e1maszkodva folyamatosan fejlesztj\u00fck m\u0171szaki sz\u00ednvonalunkat \u00e9s termel\u00e9si hat\u00e9konys\u00e1gunkat. Cs\u00facskateg\u00f3ri\u00e1s digit\u00e1lis gy\u00e1rt\u00f3berendez\u00e9sek \u00e9s professzion\u00e1lis tesztel\u0151rendszerek bevezet\u00e9s\u00e9vel folyamatosan optimaliz\u00e1ljuk gy\u00e1rt\u00e1si platformunkat, t\u00f6k\u00e9letes\u00edtj\u00fck term\u00e9kmin\u0151s\u00e9g-ellen\u0151rz\u00e9si folyamatunkat, \u00e9s er\u0151s innov\u00e1ci\u00f3s k\u00e9pess\u00e9gekkel rendelkez\u00fcnk. C\u00e9lunk, hogy \u00fcgyfeleink sokr\u00e9t\u0171 ig\u00e9nyeit hat\u00e9konyan, pontosan \u00e9s magas min\u0151s\u00e9gben el\u00e9g\u00edts\u00fck ki.<\/p>\n<p>T\u00f6bbek k\u00f6z\u00f6tt professzion\u00e1lis szolg\u00e1ltat\u00e1sokat, nemzetk\u00f6zi tan\u00fas\u00edtv\u00e1nyokat, testreszabott szolg\u00e1ltat\u00e1sokat, gy\u00e1rt\u00f3berendez\u00e9seket \u00e9s \u00e9rt\u00e9kes\u00edt\u00e9s ut\u00e1ni szolg\u00e1ltat\u00e1sokat k\u00edn\u00e1lunk. <\/p>\n<p><img decoding=\"async\" src=\"https:\/\/www.hydraulic-cylinders.net\/wp-content\/uploads\/2025\/01\/songte-company-4.webp\" alt=\"C\u00e9gprofil\" \/><\/p>\n<p><img decoding=\"async\" src=\"https:\/\/www.hydraulic-cylinders.net\/wp-content\/uploads\/2025\/01\/songte-company-3.webp\" alt=\"C\u00e9gprofil\" \/><\/p>\n<p>Szerz\u0151: lyl<\/p>","protected":false},"excerpt":{"rendered":"<p>Arm Cylinder For Liugong Middle Excavator CLG225C Introduction The arm cylinder is a specially designed hydraulic cylinder that is primarily used to provide linear motion and power to the arms of various types of machinery, such as excavators, cranes, and mechanical arms. The arm cylinder plays a crucial role in hydraulic systems, enabling attached tools [&hellip;]<\/p>","protected":false},"featured_media":14759,"comment_status":"open","ping_status":"closed","template":"","meta":{"_et_pb_use_builder":"","_et_pb_old_content":"","_et_gb_content_width":""},"product_brand":[],"product_cat":[1497],"product_tag":[1498,1496],"class_list":{"0":"post-16505","1":"product","2":"type-product","3":"status-publish","4":"has-post-thumbnail","6":"product_cat-arm-cylinders","7":"product_tag-arm-cylinders","8":"product_tag-hydraulic-cylinders","10":"first","11":"instock","12":"shipping-taxable","13":"product-type-simple"},"amp_enabled":true,"_links":{"self":[{"href":"https:\/\/www.hydraulic-cylinders.net\/hu\/wp-json\/wp\/v2\/product\/16505","targetHints":{"allow":["GET"]}}],"collection":[{"href":"https:\/\/www.hydraulic-cylinders.net\/hu\/wp-json\/wp\/v2\/product"}],"about":[{"href":"https:\/\/www.hydraulic-cylinders.net\/hu\/wp-json\/wp\/v2\/types\/product"}],"replies":[{"embeddable":true,"href":"https:\/\/www.hydraulic-cylinders.net\/hu\/wp-json\/wp\/v2\/comments?post=16505"}],"wp:featuredmedia":[{"embeddable":true,"href":"https:\/\/www.hydraulic-cylinders.net\/hu\/wp-json\/wp\/v2\/media\/14759"}],"wp:attachment":[{"href":"https:\/\/www.hydraulic-cylinders.net\/hu\/wp-json\/wp\/v2\/media?parent=16505"}],"wp:term":[{"taxonomy":"product_brand","embeddable":true,"href":"https:\/\/www.hydraulic-cylinders.net\/hu\/wp-json\/wp\/v2\/product_brand?post=16505"},{"taxonomy":"product_cat","embeddable":true,"href":"https:\/\/www.hydraulic-cylinders.net\/hu\/wp-json\/wp\/v2\/product_cat?post=16505"},{"taxonomy":"product_tag","embeddable":true,"href":"https:\/\/www.hydraulic-cylinders.net\/hu\/wp-json\/wp\/v2\/product_tag?post=16505"}],"curies":[{"name":"munkaf\u00fczet","href":"https:\/\/api.w.org\/{rel}","templated":true}]}}