{"id":16518,"date":"2025-01-21T05:31:04","date_gmt":"2025-01-21T05:31:04","guid":{"rendered":"https:\/\/www.hydraulic-cylinders.net\/product\/arm-cylinder-for-liugong-large-excavator-clg950e\/"},"modified":"2025-01-21T05:31:07","modified_gmt":"2025-01-21T05:31:07","slug":"arm-cylinder-for-liugong-large-excavator-clg950e","status":"publish","type":"product","link":"https:\/\/www.hydraulic-cylinders.net\/hu\/termek\/arm-cylinder-for-liugong-large-excavator-clg950e\/","title":{"rendered":"Karhenger Liugong nagy kotr\u00f3g\u00e9phez CLG950E"},"content":{"rendered":"<h1>Karhenger Liugong nagy kotr\u00f3g\u00e9phez CLG950E<\/h1>\n<h2>Bevezet\u00e9s<\/h2>\n<p>A karhenger egy speci\u00e1lisan tervezett hidraulikus henger, amelyet f\u0151k\u00e9nt k\u00fcl\u00f6nf\u00e9le g\u00e9pkarok, p\u00e9ld\u00e1ul kotr\u00f3g\u00e9pek, daruk \u00e9s mechanikus karok line\u00e1ris mozg\u00e1s\u00e1nak \u00e9s teljes\u00edtm\u00e9ny\u00e9nek biztos\u00edt\u00e1s\u00e1ra haszn\u00e1lnak. A karhenger kulcsszerepet j\u00e1tszik a hidraulikus rendszerben, lehet\u0151v\u00e9 t\u00e9ve a tov\u00e1bbi szersz\u00e1mok vagy tartoz\u00e9kok hat\u00e9kony mozg\u00e1s\u00e1t \u00e9s vez\u00e9rl\u00e9s\u00e9t. Ezek a hengerek nemcsak sima mozg\u00e1st biztos\u00edtanak, hanem nagy terhel\u00e9seket is elb\u00edrnak, biztos\u00edtva a g\u00e9pek magas hat\u00e9konys\u00e1g\u00e1t \u00e9s megb\u00edzhat\u00f3s\u00e1g\u00e1t k\u00fcl\u00f6nb\u00f6z\u0151 \u00fczemi k\u00f6r\u00fclm\u00e9nyek k\u00f6z\u00f6tt.<\/p>\n<p><img decoding=\"async\" src=\"https:\/\/www.hydraulic-cylinders.net\/wp-content\/uploads\/2025\/01\/songte-company-2.webp\" alt=\"Karhenger k\u00e9pe\"><\/p>\n<h2>Jellemz\u0151k<\/h2>\n<ul>\n<li>\n<h3>Nagy hat\u00e9konys\u00e1g\u00fa \u00e1tvitel<\/h3>\n<p>A karhenger er\u0151teljes line\u00e1ris mozg\u00e1st \u00e9s er\u0151t biztos\u00edt, hogy biztos\u00edtsa a mechanikus kar nagy hat\u00e9konys\u00e1g\u00fa teljes\u00edtm\u00e9ny\u00e9t k\u00fcl\u00f6nb\u00f6z\u0151 m\u0171veletek sor\u00e1n.<\/p>\n<\/li>\n<li>\n<h3>Prec\u00edz vez\u00e9rl\u00e9s<\/h3>\n<p>A hidraulikus rendszeren kereszt\u00fcl a karhenger prec\u00edz mozg\u00e1svez\u00e9rl\u00e9st \u00e9rhet el, \u00edgy a tov\u00e1bbi szersz\u00e1mok m\u0171k\u00f6dtet\u00e9se rugalmasabb \u00e9s pontosabb.<\/p>\n<\/li>\n<li>\n<h3>Tart\u00f3ss\u00e1g<\/h3>\n<p>A karhenger \u00e1ltal\u00e1ban nagy szil\u00e1rds\u00e1g\u00fa, j\u00f3 kop\u00e1s\u00e1ll\u00f3s\u00e1g\u00fa \u00e9s korr\u00f3zi\u00f3\u00e1ll\u00f3s\u00e1g\u00fa anyagokb\u00f3l k\u00e9sz\u00fcl, amelyek alkalmasak hossz\u00fa t\u00e1v\u00fa haszn\u00e1latra zord k\u00f6rnyezetben.<\/p>\n<\/li>\n<li>\n<h3>T\u00f6bbfunkci\u00f3s alkalmazkod\u00f3k\u00e9pess\u00e9g<\/h3>\n<p>Ezek a hengerek sz\u00e9les k\u00f6rben alkalmazhat\u00f3k k\u00fcl\u00f6nf\u00e9le mechanikus berendez\u00e9sekben, p\u00e9ld\u00e1ul kotr\u00f3g\u00e9pekben, darukban \u00e9s mechanikus karokban, hogy alkalmazkodjanak a k\u00fcl\u00f6nb\u00f6z\u0151 munkak\u00f6vetelm\u00e9nyekhez.<\/p>\n<\/li>\n<li>\n<h3>K\u00f6nny\u0171 karbantart\u00e1s<\/h3>\n<p>A karhenger kialak\u00edt\u00e1sa a k\u00f6nny\u0171 karbantart\u00e1st \u00e9s cser\u00e9t szem el\u0151tt tartva t\u00f6rt\u00e9nt, \u00edgy a rendszeres ellen\u0151rz\u00e9s \u00e9s karbantart\u00e1s k\u00e9nyelmesebb, \u00e9s cs\u00f6kken a berendez\u00e9s \u00e1ll\u00e1sideje.<\/p>\n<\/li>\n<\/ul>\n<p><img decoding=\"async\" src=\"https:\/\/www.hydraulic-cylinders.net\/wp-content\/uploads\/2025\/01\/songte-oil-pipes-and-spare-parts.webp\" alt=\"Hidraulikus henger alkatr\u00e9szek\"><\/p>\n<h2>Alkalmaz\u00e1sok<\/h2>\n<p>A karhenger k\u00fcl\u00f6nf\u00e9le ipar\u00e1gakban \u00e9s berendez\u00e9sekben haszn\u00e1lhat\u00f3, p\u00e9ld\u00e1ul:<\/p>\n<ul>\n<li>\n<h3>\u00c9p\u00edt\u0151m\u00e9rn\u00f6ki<\/h3>\n<p>Kotr\u00f3g\u00e9pekn\u00e9l \u00e9s darukn\u00e1l a karhenger a kan\u00e1l vagy a g\u00e9m mozg\u00e1s\u00e1nak vez\u00e9rl\u00e9s\u00e9re szolg\u00e1l f\u00f6ldmozgat\u00e1s, anyagmozgat\u00e1s \u00e9s szerkezeti telep\u00edt\u00e9s sor\u00e1n.<\/p>\n<\/li>\n<li>\n<h3>Gy\u00e1rt\u00e1s<\/h3>\n<p>Az automatiz\u00e1lt gy\u00e1rt\u00f3sorokon a karhengert haszn\u00e1lj\u00e1k a mechanikus kar mozg\u00e1s\u00e1nak vez\u00e9rl\u00e9s\u00e9re az \u00f6sszeszerel\u00e9si, hegeszt\u00e9si \u00e9s anyagmozgat\u00e1si folyamatok sor\u00e1n, jav\u00edtva a termel\u00e9si hat\u00e9konys\u00e1got \u00e9s a pontoss\u00e1got.<\/p>\n<\/li>\n<li>\n<h3>Mez\u0151gazdas\u00e1gi g\u00e9pek<\/h3>\n<p>A mez\u0151gazdas\u00e1gi g\u00e9pekben, p\u00e9ld\u00e1ul a betakar\u00edt\u00f3g\u00e9pekben \u00e9s a vet\u0151g\u00e9pekben a karhenger vez\u00e9rli a m\u0171k\u00f6dtet\u0151 kar mozg\u00e1s\u00e1t olyan feladatokhoz, mint a vet\u00e9s, a m\u0171tr\u00e1gy\u00e1z\u00e1s \u00e9s a betakar\u00edt\u00e1s.<\/p>\n<\/li>\n<li>\n<h3>B\u00e1ny\u00e1szati<\/h3>\n<p>B\u00e1ny\u00e1szati \u200b\u200bberendez\u00e9sekben a karhengert a b\u00e1ny\u00e1szati \u200b\u200bberendez\u00e9sek karj\u00e1nak mozg\u00e1s\u00e1nak vez\u00e9rl\u00e9s\u00e9re haszn\u00e1lj\u00e1k, p\u00e9ld\u00e1ul az \u00e1sv\u00e1nyok kitermel\u00e9s\u00e9re \u00e9s sz\u00e1ll\u00edt\u00e1s\u00e1ra.<\/p>\n<\/li>\n<li>\n<h3>Logisztika \u00e9s sz\u00e1ll\u00edtm\u00e1nyoz\u00e1s<\/h3>\n<p>Targonc\u00e1kban \u00e9s anyagmozgat\u00f3 robotokban a karhenger a vill\u00e1k emel\u00e9s\u00e9nek \u00e9s mozg\u00e1s\u00e1nak vez\u00e9rl\u00e9s\u00e9re szolg\u00e1l, ez\u00e1ltal anyagmozgat\u00e1st \u00e9s rakod\u00e1st tesz lehet\u0151v\u00e9.<\/p>\n<\/li>\n<\/ul>\n<h2>Tervez\u00e9si szempontok \u00e9s kiv\u00e1laszt\u00e1si krit\u00e9riumok<\/h2>\n<p>A hengerfejek tervez\u00e9sekor a k\u00f6vetkez\u0151 t\u00e9nyez\u0151ket kell figyelembe venni:<\/p>\n<ul>\n<li>\n<h3>Teherb\u00edr\u00e1s<\/h3>\n<p>A karhengernek megfelel\u0151 teherb\u00edr\u00e1ssal kell rendelkeznie ahhoz, hogy ellen\u00e1lljon a m\u0171k\u00f6d\u00e9s k\u00f6zben fell\u00e9p\u0151 terhel\u00e9snek.<\/p>\n<\/li>\n<li>\n<h3>T\u00f6m\u00edt\u00e9si teljes\u00edtm\u00e9ny<\/h3>\n<p>A karhengernek j\u00f3 t\u00f6m\u00edt\u0151teljes\u00edtm\u00e9nnyel kell rendelkeznie az olajsziv\u00e1rg\u00e1s megakad\u00e1lyoz\u00e1sa \u00e9s a megb\u00edzhat\u00f3 m\u0171k\u00f6d\u00e9s biztos\u00edt\u00e1sa \u00e9rdek\u00e9ben.<\/p>\n<\/li>\n<li>\n<h3>Tart\u00f3ss\u00e1g<\/h3>\n<p>A karhengernek nagy szil\u00e1rds\u00e1g\u00fa, j\u00f3 kop\u00e1s\u00e1ll\u00f3s\u00e1g\u00fa \u00e9s korr\u00f3zi\u00f3\u00e1ll\u00f3 anyagokb\u00f3l kell k\u00e9sz\u00fclnie, hogy hossz\u00fa t\u00e1v\u00fa haszn\u00e1latot biztos\u00edtson zord k\u00f6r\u00fclm\u00e9nyek k\u00f6z\u00f6tt.<\/p>\n<\/li>\n<li>\n<h3>Biztons\u00e1g<\/h3>\n<p>A karhengernek meg kell felelnie a biztons\u00e1gi el\u0151\u00edr\u00e1soknak a balesetek megel\u0151z\u00e9se \u00e9rdek\u00e9ben m\u0171k\u00f6d\u00e9s k\u00f6zben.<\/p>\n<\/li>\n<li>\n<h3>Karbantarthat\u00f3s\u00e1g<\/h3>\n<p>A karhengert \u00fagy kell megtervezni, hogy k\u00f6nnyen karbantarthat\u00f3 \u00e9s cser\u00e9lhet\u0151 legyen, ez\u00e1ltal cs\u00f6kkentve a berendez\u00e9s \u00e1ll\u00e1sidej\u00e9t.<\/p>\n<\/li>\n<\/ul>\n<p><img decoding=\"async\" src=\"https:\/\/www.hydraulic-cylinders.net\/wp-content\/uploads\/2025\/01\/songte-cylinder-head-with-all-kinds-excavator-models.webp\" alt=\"Hengerfej k\u00e9pe\"><\/p>\n<h2>T\u00f6m\u00edt\u00e9s \u00e9s ken\u00e9s<\/h2>\n<p>A karhenger k\u00fcl\u00f6nf\u00e9le t\u00f6m\u00edt\u0151elemeket haszn\u00e1l, p\u00e9ld\u00e1ul dugatty\u00fat\u00f6m\u00edt\u00e9seket \u00e9s r\u00fadt\u00f6m\u00edt\u00e9seket, amelyek kop\u00e1s\u00e1ll\u00f3 anyagokb\u00f3l, p\u00e9ld\u00e1ul poliuret\u00e1nb\u00f3l \u00e9s nitrilgumib\u00f3l k\u00e9sz\u00fclnek. A hengertest \u00e9s a menetes v\u00e9gfel\u00fclet finoman megmunk\u00e1lt a kop\u00e1s\u00e1ll\u00f3s\u00e1g jav\u00edt\u00e1sa \u00e9rdek\u00e9ben. A z\u00f6kken\u0151mentes m\u0171k\u00f6d\u00e9s biztos\u00edt\u00e1sa \u00e9rdek\u00e9ben rendszeres ken\u00e9s megfelel\u0151 hidraulikaolajjal is sz\u00fcks\u00e9ges.<\/p>\n<h2>Karbantart\u00e1s \u00e9s megel\u0151z\u00e9s<\/h2>\n<p>A karhenger megb\u00edzhat\u00f3 m\u0171k\u00f6d\u00e9s\u00e9nek biztos\u00edt\u00e1s\u00e1hoz rendszeres ellen\u0151rz\u00e9s \u00e9s karbantart\u00e1s sz\u00fcks\u00e9ges. A k\u00f6vetkez\u0151 int\u00e9zked\u00e9seket kell megtenni:<\/p>\n<ul>\n<li>\n<h3>Ellen\u0151rizze az olajsziv\u00e1rg\u00e1st<\/h3>\n<p>Rendszeresen ellen\u0151rizze a t\u00f6m\u00edt\u0151elemeket \u00e9s a hengertestet olajsziv\u00e1rg\u00e1s szempontj\u00e1b\u00f3l, \u00e9s sz\u00fcks\u00e9g eset\u00e9n cser\u00e9lje ki azokat.<\/p>\n<\/li>\n<li>\n<h3>Tiszt\u00edtsa meg a hengert<\/h3>\n<p>Rendszeresen tiszt\u00edtsa a hengert, hogy megakad\u00e1lyozza a por \u00e9s t\u00f6rmel\u00e9k bejut\u00e1s\u00e1t a hengerbe, \u00e9s a t\u00f6m\u00edt\u0151 alkatr\u00e9szek k\u00e1rosod\u00e1s\u00e1t.<\/p>\n<\/li>\n<li>\n<h3>Kop\u00e1s ellen\u0151rz\u00e9se<\/h3>\n<p>Rendszeresen ellen\u0151rizze a dugatty\u00far\u00fad \u00e9s a hengertest kop\u00e1si \u00e1llapot\u00e1t, \u00e9s sz\u00fcks\u00e9g eset\u00e9n cser\u00e9lje ki \u0151ket.<\/p>\n<\/li>\n<li>\n<h3>Cser\u00e9lje ki a hidraulikaolajat<\/h3>\n<p>Rendszeresen cser\u00e9lje ki a hidraulikaolajat az olaj szennyez\u0151d\u00e9s\u00e9nek \u00e9s roml\u00e1s\u00e1nak elker\u00fcl\u00e9se \u00e9rdek\u00e9ben.<\/p>\n<\/li>\n<li>\n<h3>T\u00falterhel\u00e9s elker\u00fcl\u00e9se<\/h3>\n<p>Ker\u00fclje a karhenger t\u00falterhel\u00e9s\u00e9t, hogy elker\u00fclje a t\u00f6m\u00edt\u0151 alkatr\u00e9szek \u00e9s a hengertest k\u00e1rosod\u00e1s\u00e1t.<\/p>\n<\/li>\n<\/ul>\n<p><img decoding=\"async\" src=\"https:\/\/www.hydraulic-cylinders.net\/wp-content\/uploads\/2025\/01\/songte-chushion-collar.webp\" alt=\"Chushion gall\u00e9r k\u00e9p\"><\/p>\n<h2>Telep\u00edt\u00e9si \u00fatmutat\u00f3<\/h2>\n<p>A hengerfej felszerel\u00e9sekor a k\u00f6vetkez\u0151 l\u00e9p\u00e9seket kell tenni:<\/p>\n<ul>\n<li>\n<h3>Kompatibilit\u00e1s ellen\u0151rz\u00e9se<\/h3>\n<p>Telep\u00edt\u00e9s el\u0151tt ellen\u0151rizze, hogy a karhenger kompatibilis-e a mechanikus karral, \u00e9s hogy a telep\u00edt\u00e9si poz\u00edci\u00f3 megfelel\u0151-e.<\/p>\n<\/li>\n<li>\n<h3>Szerelje be a hengert<\/h3>\n<p>Szerelje fel a karhengert a telep\u00edt\u00e9si utas\u00edt\u00e1soknak megfelel\u0151en, \u00e9s \u00e1ll\u00edtsa be a telep\u00edt\u00e9si poz\u00edci\u00f3t \u00e9s sz\u00f6get a megfelel\u0151 r\u00f6gz\u00edt\u00e9s \u00e9rdek\u00e9ben.<\/p>\n<\/li>\n<li>\n<h3>Csatlakoztassa a hidraulikat\u00f6ml\u0151ket<\/h3>\n<p>Csatlakoztassa a hidraulikat\u00f6ml\u0151ket az utas\u00edt\u00e1soknak megfelel\u0151en, \u00e9s h\u00fazza meg \u0151ket az olajsziv\u00e1rg\u00e1s elker\u00fcl\u00e9se \u00e9rdek\u00e9ben.<\/p>\n<\/li>\n<li>\n<h3>Ellen\u0151rizze a sziv\u00e1rg\u00e1sokat<\/h3>\n<p>A telep\u00edt\u00e9s ut\u00e1n futtassa a mechanikus kart az olajsziv\u00e1rg\u00e1s ellen\u0151rz\u00e9s\u00e9hez, \u00e9s gy\u0151z\u0151dj\u00f6n meg arr\u00f3l, hogy a kar hengere sim\u00e1n m\u0171k\u00f6dik.<\/p>\n<\/li>\n<\/ul>\n<h2>Biztons\u00e1gi szempontok \u00e9s k\u00f6rnyezeti t\u00e9nyez\u0151k<\/h2>\n<p>A karhengerrel felszerelt mechanikus kar m\u0171k\u00f6dtet\u00e9sekor biztons\u00e1gi int\u00e9zked\u00e9seket kell tenni a balesetek megel\u0151z\u00e9se \u00e9rdek\u00e9ben. Ezenk\u00edv\u00fcl a karhenger kiv\u00e1laszt\u00e1sakor a k\u00f6rnyezeti t\u00e9nyez\u0151ket is figyelembe kell venni, hogy az megfeleljen az alkalmaz\u00e1s k\u00f6rnyezeti k\u00f6vetelm\u00e9nyeinek.<\/p>\n<h2>Hibaelh\u00e1r\u00edt\u00e1s \u00e9s gyakori probl\u00e9m\u00e1k<\/h2>\n<p>Az al\u00e1bbiakban n\u00e9h\u00e1ny gyakori probl\u00e9ma tal\u00e1lhat\u00f3, amelyek a karhengerrel kapcsolatban el\u0151fordulhatnak:<\/p>\n<ul>\n<li>\n<h3>Olajsziv\u00e1rg\u00e1s<\/h3>\n<p>A t\u00f6m\u00edt\u0151 alkatr\u00e9szek kopottak vagy s\u00e9r\u00fcltek, ami olajsziv\u00e1rg\u00e1st okoz a hengertestb\u0151l.<\/p>\n<\/li>\n<li>\n<h3>El\u00e9gtelen er\u0151<\/h3>\n<p>A karhenger nem tud elegend\u0151 line\u00e1ris mozg\u00e1st \u00e9s er\u0151t biztos\u00edtani az el\u00e9gtelen hidraulikus nyom\u00e1s, illetve a hengertest vagy a dugatty\u00far\u00fad s\u00e9r\u00fcl\u00e9se miatt.<\/p>\n<\/li>\n<li>\n<h3>Rendellenes zaj<\/h3>\n<p>A karhengerrel felszerelt mechanikus kar m\u0171k\u00f6d\u00e9s k\u00f6zben rendellenes zajt ad ki, ami a hengertest vagy a dugatty\u00far\u00fad s\u00e9r\u00fcl\u00e9s\u00e9re utal.<\/p>\n<\/li>\n<li>\n<h3>Lass\u00fa v\u00e1laszid\u0151<\/h3>\n<p>A karhengerrel felszerelt mechanikus kar lassan vagy k\u00e9s\u00e9ssel reag\u00e1l m\u0171k\u00f6d\u00e9s k\u00f6zben, ami el\u00e9gtelen hidraulikus nyom\u00e1sra vagy a hengertest vagy a dugatty\u00far\u00fad s\u00e9r\u00fcl\u00e9s\u00e9re utal.<\/p>\n<\/li>\n<\/ul>\n<p>Ezen probl\u00e9m\u00e1k megold\u00e1sa \u00e9rdek\u00e9ben a k\u00f6vetkez\u0151 int\u00e9zked\u00e9seket kell megtenni:<\/p>\n<ul>\n<li>\n<h3>Cser\u00e9lje ki a t\u00f6m\u00edt\u0151 alkatr\u00e9szeket<\/h3>\n<p>Cser\u00e9lje ki a kopott vagy s\u00e9r\u00fclt t\u00f6m\u00edt\u0151elemeket az olajsziv\u00e1rg\u00e1s megel\u0151z\u00e9se \u00e9rdek\u00e9ben.<\/p>\n<\/li>\n<li>\n<h3>Jav\u00edtsa meg vagy cser\u00e9lje ki a hengert<\/h3>\n<p>Ha a hengertest vagy a dugatty\u00far\u00fad s\u00e9r\u00fclt, jav\u00edtsa meg vagy cser\u00e9lje ki a karhenger norm\u00e1l m\u0171k\u00f6d\u00e9s\u00e9nek helyre\u00e1ll\u00edt\u00e1sa \u00e9rdek\u00e9ben.<\/p>\n<\/li>\n<li>\n<h3>Hidraulikus nyom\u00e1s be\u00e1ll\u00edt\u00e1sa<\/h3>\n<p>\u00c1ll\u00edtsa be a hidraulikus nyom\u00e1st \u00fagy, hogy az megfeleljen a karhenger \u00fczemi k\u00f6vetelm\u00e9nyeinek.<\/p>\n<\/li>\n<li>\n<h3>Tiszta henger<\/h3>\n<p>Tiszt\u00edtsa meg a hengert a por \u00e9s a t\u00f6rmel\u00e9k elt\u00e1vol\u00edt\u00e1s\u00e1t\u00f3l, amelyek rendellenes zajt vagy lass\u00fa reakci\u00f3id\u0151t okozhatnak.<\/p>\n<\/li>\n<\/ul>\n<p><img decoding=\"async\" src=\"https:\/\/www.hydraulic-cylinders.net\/wp-content\/uploads\/2025\/01\/songte-bushings-with-all-kinds-of-excavator-models.webp\" alt=\"Perselyek k\u00e9pe\"><\/p>\n<h2>R\u00f3lunk<\/h2>\n<p>Sz\u00e9les term\u00e9kv\u00e1laszt\u00e9kkal rendelkez\u0151 p\u00f3talkatr\u00e9sz-hidraulikus hengerek professzion\u00e1lis gy\u00e1rt\u00f3ja vagyunk. A hazai \u00e9s nemzetk\u00f6zi piacok egyik vezet\u0151 hidraulikus hengergy\u00e1rt\u00f3j\u00e1v\u00e1 \u00e9s nagykereskedelmi forgalmaz\u00f3j\u00e1v\u00e1 v\u00e1ltunk. Mindig a kiv\u00e1l\u00f3 min\u0151s\u00e9g elv\u00e9t k\u00f6vetj\u00fck, \u00e9s a kifinomult gy\u00e1rt\u00f3m\u0171helyek iparos\u00edtott termel\u00e9sir\u00e1ny\u00edt\u00e1si strat\u00e9gi\u00e1j\u00e1ra t\u00e1maszkodunk technol\u00f3gi\u00e1nk \u00e9s termel\u00e9si hat\u00e9konys\u00e1gunk folyamatos fejleszt\u00e9se \u00e9rdek\u00e9ben. Cs\u00facskateg\u00f3ri\u00e1s digit\u00e1lis gy\u00e1rt\u00f3berendez\u00e9sek \u00e9s professzion\u00e1lis tesztel\u0151rendszerek bevezet\u00e9s\u00e9vel folyamatosan optimaliz\u00e1ljuk gy\u00e1rt\u00e1si platformunkat, fejlesztj\u00fck term\u00e9kmin\u0151s\u00e9g-ellen\u0151rz\u00e9si folyamatainkat, \u00e9s er\u0151s innov\u00e1ci\u00f3s k\u00e9pess\u00e9gekkel rendelkez\u00fcnk. C\u00e9lunk, hogy nagy hat\u00e9konys\u00e1ggal, pontoss\u00e1ggal \u00e9s magas min\u0151s\u00e9gi elvekkel el\u00e9g\u00edts\u00fck ki \u00fcgyfeleink sokr\u00e9t\u0171 ig\u00e9nyeit.<\/p>\n<p>C\u00e9g\u00fcnk sz\u00e9lesk\u00f6r\u0171 szolg\u00e1ltat\u00e1sokat k\u00edn\u00e1l a szakmai hozz\u00e1\u00e9rt\u00e9st\u0151l, nemzetk\u00f6zi tan\u00fas\u00edt\u00e1sokon, egyedi szolg\u00e1ltat\u00e1sokon, gy\u00e1rt\u00f3berendez\u00e9seken \u00e1t az \u00e9rt\u00e9kes\u00edt\u00e9s ut\u00e1ni szolg\u00e1ltat\u00e1sokig.<\/p>\n<p><img decoding=\"async\" src=\"https:\/\/www.hydraulic-cylinders.net\/wp-content\/uploads\/2025\/01\/songte-company-4.webp\" alt=\"C\u00e9ges im\u00e1zs\"><br \/>\n<img decoding=\"async\" src=\"https:\/\/www.hydraulic-cylinders.net\/wp-content\/uploads\/2025\/01\/songte-company-3.webp\" alt=\"C\u00e9ges im\u00e1zs\"><\/p>\n<p>Szerz\u0151: lyl<\/p>","protected":false},"excerpt":{"rendered":"<p>Arm Cylinder For Liugong Large Excavator CLG950E Introduction The arm cylinder is a specially designed hydraulic cylinder that is mainly used to provide linear motion and power for various machinery arms, such as excavators, cranes, and mechanical arms. The arm cylinder plays a key role in the hydraulic system, enabling the effective movement and control [&hellip;]<\/p>","protected":false},"featured_media":14779,"comment_status":"open","ping_status":"closed","template":"","meta":{"_et_pb_use_builder":"","_et_pb_old_content":"","_et_gb_content_width":""},"product_brand":[],"product_cat":[1497],"product_tag":[1498,1496],"class_list":{"0":"post-16518","1":"product","2":"type-product","3":"status-publish","4":"has-post-thumbnail","6":"product_cat-arm-cylinders","7":"product_tag-arm-cylinders","8":"product_tag-hydraulic-cylinders","10":"first","11":"instock","12":"shipping-taxable","13":"product-type-simple"},"amp_enabled":true,"_links":{"self":[{"href":"https:\/\/www.hydraulic-cylinders.net\/hu\/wp-json\/wp\/v2\/product\/16518","targetHints":{"allow":["GET"]}}],"collection":[{"href":"https:\/\/www.hydraulic-cylinders.net\/hu\/wp-json\/wp\/v2\/product"}],"about":[{"href":"https:\/\/www.hydraulic-cylinders.net\/hu\/wp-json\/wp\/v2\/types\/product"}],"replies":[{"embeddable":true,"href":"https:\/\/www.hydraulic-cylinders.net\/hu\/wp-json\/wp\/v2\/comments?post=16518"}],"wp:featuredmedia":[{"embeddable":true,"href":"https:\/\/www.hydraulic-cylinders.net\/hu\/wp-json\/wp\/v2\/media\/14779"}],"wp:attachment":[{"href":"https:\/\/www.hydraulic-cylinders.net\/hu\/wp-json\/wp\/v2\/media?parent=16518"}],"wp:term":[{"taxonomy":"product_brand","embeddable":true,"href":"https:\/\/www.hydraulic-cylinders.net\/hu\/wp-json\/wp\/v2\/product_brand?post=16518"},{"taxonomy":"product_cat","embeddable":true,"href":"https:\/\/www.hydraulic-cylinders.net\/hu\/wp-json\/wp\/v2\/product_cat?post=16518"},{"taxonomy":"product_tag","embeddable":true,"href":"https:\/\/www.hydraulic-cylinders.net\/hu\/wp-json\/wp\/v2\/product_tag?post=16518"}],"curies":[{"name":"munkaf\u00fczet","href":"https:\/\/api.w.org\/{rel}","templated":true}]}}