{"id":16548,"date":"2025-01-21T05:33:09","date_gmt":"2025-01-21T05:33:09","guid":{"rendered":"https:\/\/www.hydraulic-cylinders.net\/product\/arm-cylinder-for-lonking-large-excavator-lg6365\/"},"modified":"2025-01-21T05:33:11","modified_gmt":"2025-01-21T05:33:11","slug":"arm-cylinder-for-lonking-large-excavator-lg6365","status":"publish","type":"product","link":"https:\/\/www.hydraulic-cylinders.net\/hu\/termek\/arm-cylinder-for-lonking-large-excavator-lg6365\/","title":{"rendered":"Karhenger Lonking nagym\u00e9ret\u0171 kotr\u00f3g\u00e9phez LG6365"},"content":{"rendered":"<h2>Karhenger Lonking nagym\u00e9ret\u0171 kotr\u00f3g\u00e9phez LG6365<\/h2>\n<h3>Defin\u00edci\u00f3 \u00e9s magyar\u00e1zat<\/h3>\n<p>A karhenger egy speci\u00e1lisan tervezett hidraulikus henger, amelyet els\u0151sorban k\u00fcl\u00f6nf\u00e9le g\u00e9pek, p\u00e9ld\u00e1ul kotr\u00f3g\u00e9pek, daruk \u00e9s robotkarok karj\u00e1nak line\u00e1ris mozg\u00e1s\u00e1nak \u00e9s erej\u00e9nek biztos\u00edt\u00e1s\u00e1ra haszn\u00e1lnak. A karhenger kulcsszerepet j\u00e1tszik a hidraulikus rendszerben, lehet\u0151v\u00e9 t\u00e9ve a tartoz\u00e9kok vagy tartoz\u00e9kok hat\u00e9kony mozgat\u00e1s\u00e1t \u00e9s vez\u00e9rl\u00e9s\u00e9t. Ezek a hengerek nemcsak sima mozg\u00e1st biztos\u00edtanak, hanem nagy terhel\u00e9seket is elviselnek, biztos\u00edtva a g\u00e9p hat\u00e9kony m\u0171k\u00f6d\u00e9s\u00e9t \u00e9s megb\u00edzhat\u00f3s\u00e1g\u00e1t k\u00fcl\u00f6nb\u00f6z\u0151 munkak\u00f6r\u00fclm\u00e9nyek k\u00f6z\u00f6tt.<\/p>\n<p><img decoding=\"async\" src=\"https:\/\/www.hydraulic-cylinders.net\/wp-content\/uploads\/2025\/01\/songte-company-2.webp\" alt=\"karhenger k\u00e9pe\" \/><\/p>\n<h3>Jellemz\u0151k<\/h3>\n<ul>\n<li><strong>Nagy hat\u00e9konys\u00e1g\u00fa er\u0151\u00e1tvitel:<\/strong> A karhengerek er\u0151teljes line\u00e1ris mozg\u00e1st \u00e9s er\u0151t biztos\u00edtanak, biztos\u00edtva a nagy teljes\u00edtm\u00e9nyt k\u00fcl\u00f6nf\u00e9le m\u0171veletek, p\u00e9ld\u00e1ul emel\u00e9s \u00e9s \u00e1s\u00e1s sor\u00e1n.<\/li>\n<li><strong>Prec\u00edz vez\u00e9rl\u00e9s:<\/strong> A hidraulikus rendszeren kereszt\u00fcl a karhengerek pontos mozg\u00e1svez\u00e9rl\u00e9st \u00e9rhetnek el, \u00edgy a tartoz\u00e9kok m\u0171k\u00f6d\u00e9se rugalmasabb \u00e9s pontosabb.<\/li>\n<li><strong>Er\u0151s tart\u00f3ss\u00e1g:<\/strong> A karhengerek \u00e1ltal\u00e1ban nagy szil\u00e1rds\u00e1g\u00fa anyagokb\u00f3l k\u00e9sz\u00fclnek, j\u00f3 kop\u00e1s- \u00e9s korr\u00f3zi\u00f3\u00e1ll\u00f3s\u00e1ggal rendelkeznek, \u00edgy alkalmasak hossz\u00fa t\u00e1v\u00fa haszn\u00e1latra zord k\u00f6rnyezetben.<\/li>\n<li><strong>T\u00f6bbfunkci\u00f3s alkalmazkod\u00f3k\u00e9pess\u00e9g:<\/strong> Ezek a munkahengerek sz\u00e9les k\u00f6rben alkalmazhat\u00f3k k\u00fcl\u00f6nf\u00e9le g\u00e9pekben, p\u00e9ld\u00e1ul kotr\u00f3g\u00e9pekben, darukban \u00e9s robotkarokban, alkalmazkodva a k\u00fcl\u00f6nb\u00f6z\u0151 munkak\u00f6vetelm\u00e9nyekhez.<\/li>\n<li><strong>K\u00f6nny\u0171 karbantart\u00e1s:<\/strong> A karhenger kialak\u00edt\u00e1sa a k\u00f6nny\u0171 karbantart\u00e1st \u00e9s cser\u00e9t szem el\u0151tt tartva t\u00f6rt\u00e9nt, \u00edgy a rendszeres ellen\u0151rz\u00e9s \u00e9s karbantart\u00e1s k\u00e9nyelmesebb, \u00e9s cs\u00f6kken a berendez\u00e9s \u00e1ll\u00e1sideje.<\/li>\n<\/ul>\n<p>Ezt a term\u00e9ket el\u0151 tudjuk \u00e1ll\u00edtani, \u00e9s term\u00e9k\u00fcnk t\u00f6k\u00e9letesen helyettes\u00edtheti ezeket a hidraulikus hengereket.<\/p>\n<p><img decoding=\"async\" src=\"https:\/\/www.hydraulic-cylinders.net\/wp-content\/uploads\/2025\/01\/songte-oil-pipes-and-spare-parts.webp\" alt=\"olajcs\u00f6vek \u00e9s alkatr\u00e9szek k\u00e9pe\" \/><\/p>\n<h3>Alkalmaz\u00e1sok<\/h3>\n<p>A karhengert sz\u00e9les k\u00f6rben haszn\u00e1lj\u00e1k k\u00fcl\u00f6nf\u00e9le ipar\u00e1gakban, t\u00f6bbek k\u00f6z\u00f6tt:<\/p>\n<ul>\n<li><strong>\u00c9p\u00edt\u00e9s:<\/strong> Kotr\u00f3g\u00e9pekn\u00e9l \u00e9s darukn\u00e1l a karhenger a v\u00f6dr\u00f6k vagy g\u00e9mek mozg\u00e1s\u00e1nak vez\u00e9rl\u00e9s\u00e9re szolg\u00e1l f\u00f6ldmunk\u00e1kn\u00e1l, anyagmozgat\u00e1sn\u00e1l \u00e9s szerkezeti telep\u00edt\u00e9sekn\u00e9l.<\/li>\n<li><strong>Gy\u00e1rt\u00e1s:<\/strong> Az automatiz\u00e1lt gy\u00e1rt\u00f3sorokon a karhengert olyan folyamatm\u0171veletek v\u00e9grehajt\u00e1s\u00e1ra haszn\u00e1lj\u00e1k, mint az \u00f6sszeszerel\u00e9s, hegeszt\u00e9s \u00e9s anyagmozgat\u00e1s, jav\u00edtva a termel\u00e9si hat\u00e9konys\u00e1got \u00e9s a pontoss\u00e1got.<\/li>\n<li><strong>Mez\u0151gazdas\u00e1g:<\/strong> A mez\u0151gazdas\u00e1gi g\u00e9pekben, p\u00e9ld\u00e1ul a betakar\u00edt\u00f3g\u00e9pekben \u00e9s a vet\u0151g\u00e9pekben a karhenger vez\u00e9rli a m\u0171k\u00f6dtet\u0151 kar mozg\u00e1s\u00e1t, olyan feladatokat l\u00e1tva el, mint a vet\u00e9s, a m\u0171tr\u00e1gy\u00e1z\u00e1s \u00e9s a betakar\u00edt\u00e1s.<\/li>\n<li><strong>B\u00e1ny\u00e1szati:<\/strong> A b\u00e1ny\u00e1szati \u200b\u200bberendez\u00e9sekben a karhengert a b\u00e1ny\u00e1szati \u200b\u200bberendez\u00e9sek karj\u00e1nak mozg\u00e1s\u00e1nak vez\u00e9rl\u00e9s\u00e9re haszn\u00e1lj\u00e1k, olyan feladatok elv\u00e9gz\u00e9s\u00e9re, mint a b\u00e1ny\u00e1szat \u00e9s az anyagmozgat\u00e1s.<\/li>\n<li><strong>Logisztika \u00e9s sz\u00e1ll\u00edt\u00e1s:<\/strong> Targonc\u00e1kban \u00e9s anyagmozgat\u00f3 robotokban a karhenger a rakom\u00e1ny emel\u00e9s\u00e9nek \u00e9s mozgat\u00e1s\u00e1nak vez\u00e9rl\u00e9s\u00e9re, az anyagmozgat\u00e1s \u00e9s a rakod\u00e1s elv\u00e9gz\u00e9s\u00e9re szolg\u00e1l.<\/li>\n<\/ul>\n<h3>Tervez\u00e9si szempontok \u00e9s kiv\u00e1laszt\u00e1si krit\u00e9riumok<\/h3>\n<p>A hengerfejek tervez\u00e9sekor \u00e9s kiv\u00e1laszt\u00e1sakor sz\u00e1mos kulcsfontoss\u00e1g\u00fa t\u00e9nyez\u0151t kell figyelembe venni:<\/p>\n<ul>\n<li><strong>Teherb\u00edr\u00e1s:<\/strong> A karhengernek elegend\u0151 teherb\u00edr\u00e1ssal kell rendelkeznie ahhoz, hogy ellen\u00e1lljon a tartoz\u00e9kok \u00e9s anyagok s\u00faly\u00e1nak.<\/li>\n<li><strong>T\u00f6m\u00edt\u00e9s:<\/strong> K\u00fcl\u00f6nb\u00f6z\u0151 t\u00f6m\u00edt\u0151elemeket, p\u00e9ld\u00e1ul dugatty\u00fat\u00f6m\u00edt\u00e9seket \u00e9s r\u00fadt\u00f6m\u00edt\u00e9seket kell haszn\u00e1lni a folyad\u00e9ksziv\u00e1rg\u00e1s megakad\u00e1lyoz\u00e1sa \u00e9s a megb\u00edzhat\u00f3 teljes\u00edtm\u00e9ny biztos\u00edt\u00e1sa \u00e9rdek\u00e9ben.<\/li>\n<li><strong>Tart\u00f3ss\u00e1g:<\/strong> A karhengernek kiv\u00e1l\u00f3 min\u0151s\u00e9g\u0171 anyagokb\u00f3l kell k\u00e9sz\u00fclnie, \u00e9s megfelel\u0151 fel\u00fcletkezel\u00e9sen kell \u00e1tesnie a kop\u00e1s- \u00e9s korr\u00f3zi\u00f3\u00e1ll\u00f3s\u00e1g, valamint a hossz\u00fa t\u00e1v\u00fa haszn\u00e1lat biztos\u00edt\u00e1sa \u00e9rdek\u00e9ben zord k\u00f6rnyezetben.<\/li>\n<li><strong>Biztons\u00e1g:<\/strong> A balesetek megel\u0151z\u00e9se \u00e9rdek\u00e9ben figyelembe kell venni a t\u00falterhel\u00e9s elleni v\u00e9delem \u00e9s a v\u00e9szle\u00e1ll\u00edt\u00f3 funkci\u00f3it.<\/li>\n<li><strong>Karbantarthat\u00f3s\u00e1g:<\/strong> A karhengernek k\u00f6nnyen karbantarthat\u00f3nak \u00e9s cser\u00e9lhet\u0151nek kell lennie a berendez\u00e9s \u00e1ll\u00e1sidej\u00e9nek minimaliz\u00e1l\u00e1sa \u00e9rdek\u00e9ben.<\/li>\n<\/ul>\n<p><img decoding=\"async\" src=\"https:\/\/www.hydraulic-cylinders.net\/wp-content\/uploads\/2025\/01\/songte-cylinder-head-with-all-kinds-excavator-models.webp\" alt=\"hengerfej mindenf\u00e9le kotr\u00f3g\u00e9p modell k\u00e9p\u00e9vel\" \/><\/p>\n<h3>T\u00f6m\u00edt\u00e9s \u00e9s ken\u00e9s<\/h3>\n<p>A karhengerek k\u00fcl\u00f6nf\u00e9le t\u00f6m\u00edt\u0151elemeket, p\u00e9ld\u00e1ul dugatty\u00fat\u00f6m\u00edt\u00e9seket \u00e9s r\u00fadt\u00f6m\u00edt\u00e9seket haszn\u00e1lnak a folyad\u00e9ksziv\u00e1rg\u00e1s megakad\u00e1lyoz\u00e1s\u00e1ra \u00e9s a megb\u00edzhat\u00f3 teljes\u00edtm\u00e9ny biztos\u00edt\u00e1s\u00e1ra. Ezek a t\u00f6m\u00edt\u0151elemek kop\u00e1s\u00e1ll\u00f3 anyagokb\u00f3l, p\u00e9ld\u00e1ul poliuret\u00e1nb\u00f3l \u00e9s nitrilgumib\u00f3l k\u00e9sz\u00fclnek. A hengertest \u00e9s a menetes v\u00e9gfel\u00fclet finom megmunk\u00e1l\u00e1s\u00fa a kop\u00e1s\u00e1ll\u00f3s\u00e1g jav\u00edt\u00e1sa \u00e9rdek\u00e9ben. A hidraulikaolajjal t\u00f6rt\u00e9n\u0151 megfelel\u0151 ken\u00e9s sz\u00fcks\u00e9ges a z\u00f6kken\u0151mentes m\u0171k\u00f6d\u00e9s biztos\u00edt\u00e1s\u00e1hoz \u00e9s a karhenger \u00e9lettartam\u00e1nak meghosszabb\u00edt\u00e1s\u00e1hoz.<\/p>\n<h3>Ellen\u0151rz\u00e9s \u00e9s megel\u0151z\u0151 karbantart\u00e1s<\/h3>\n<p>A rendszeres ellen\u0151rz\u00e9s \u00e9s a megel\u0151z\u0151 karbantart\u00e1s elengedhetetlen a karhenger megb\u00edzhat\u00f3 m\u0171k\u00f6d\u00e9s\u00e9nek biztos\u00edt\u00e1s\u00e1hoz \u00e9s a berendez\u00e9s \u00e1ll\u00e1sidej\u00e9nek minimaliz\u00e1l\u00e1s\u00e1hoz. A legfontosabb ellen\u0151rz\u00e9si \u00e9s karbantart\u00e1si t\u00e9telek k\u00f6z\u00e9 tartozik a sziv\u00e1rg\u00e1sok ellen\u0151rz\u00e9se, a hengertest \u00e9s a dugatty\u00far\u00fad fel\u00fclet\u00e9nek kop\u00e1s\u00e1nak vizsg\u00e1lata, valamint a kopott vagy s\u00e9r\u00fclt t\u00f6m\u00edt\u0151elemek cser\u00e9je. Ezenk\u00edv\u00fcl a hidraulikaolaj rendszeres cser\u00e9je, valamint a hengertest \u00e9s a dugatty\u00far\u00fad tiszt\u00edt\u00e1sa seg\u00edthet megel\u0151zni a meghib\u00e1sod\u00e1sokat.<\/p>\n<p><img decoding=\"async\" src=\"https:\/\/www.hydraulic-cylinders.net\/wp-content\/uploads\/2025\/01\/songte-chushion-collar.webp\" alt=\"p\u00e1rnagall\u00e9r k\u00e9p\" \/><\/p>\n<h3>Telep\u00edt\u00e9si \u00fatmutat\u00f3<\/h3>\n<p>A karhenger beszerel\u00e9se el\u0151tt gy\u0151z\u0151dj\u00f6n meg arr\u00f3l, hogy a hidraulikus rendszer tiszta \u00e9s szennyez\u0151d\u00e9sekt\u0151l mentes. A henger beszerel\u00e9sekor ker\u00fclje a hengertest \u00e9s a dugatty\u00far\u00fad \u00fct\u00f6get\u00e9s\u00e9t vagy \u00fct\u00e9s\u00e9t, hogy elker\u00fclje a s\u00e9r\u00fcl\u00e9seket. A henger menetes v\u00e9g\u00e9t a megadott nyomat\u00e9kkal kell megh\u00fazni a megb\u00edzhat\u00f3 t\u00f6m\u00edt\u00e9s biztos\u00edt\u00e1sa \u00e9rdek\u00e9ben. A beszerel\u00e9s ut\u00e1n v\u00e9gezzen nyom\u00e1spr\u00f3b\u00e1t a sziv\u00e1rg\u00e1sok ellen\u0151rz\u00e9s\u00e9re \u00e9s a megfelel\u0151 m\u0171k\u00f6d\u00e9s biztos\u00edt\u00e1s\u00e1ra.<\/p>\n<h3>Biztons\u00e1gi szempontok \u00e9s k\u00f6rnyezeti t\u00e9nyez\u0151k<\/h3>\n<p>A karhenger haszn\u00e1latakor fontos a biztons\u00e1gi elj\u00e1r\u00e1sok betart\u00e1sa a balesetek megel\u0151z\u00e9se \u00e9rdek\u00e9ben. A kezel\u0151knek k\u00e9pzettnek \u00e9s k\u00e9pzettnek kell lenni\u00fck a berendez\u00e9s kezel\u00e9s\u00e9re, \u00e9s olyan biztons\u00e1gi funkci\u00f3kat kell haszn\u00e1lniuk, mint a t\u00falterhel\u00e9sv\u00e9delem \u00e9s a v\u00e9szle\u00e1ll\u00edt\u00f3. Ezenk\u00edv\u00fcl a megfelel\u0151 m\u0171k\u00f6d\u00e9s biztos\u00edt\u00e1sa \u00e9s a meghib\u00e1sod\u00e1sok megel\u0151z\u00e9se \u00e9rdek\u00e9ben figyelembe kell venni a k\u00f6rnyezeti t\u00e9nyez\u0151ket, p\u00e9ld\u00e1ul a h\u0151m\u00e9rs\u00e9kletet \u00e9s a p\u00e1ratartalmat.<\/p>\n<h3>Hibaelh\u00e1r\u00edt\u00e1s \u00e9s gyakori probl\u00e9m\u00e1k<\/h3>\n<p>A karhengerek gyakori probl\u00e9m\u00e1i k\u00f6z\u00e9 tartozik a folyad\u00e9ksziv\u00e1rg\u00e1s, az el\u00e9gtelen teljes\u00edtm\u00e9ny \u00e9s a rendellenes zaj. Ezen probl\u00e9m\u00e1k diagnosztiz\u00e1l\u00e1s\u00e1hoz \u00e9s megold\u00e1s\u00e1hoz fontos ellen\u0151rizni a t\u00f6m\u00edt\u0151 alkatr\u00e9szeket, a hidraulikaolaj szintj\u00e9t, valamint a hengertest \u00e9s a dugatty\u00far\u00fad fel\u00fclet\u00e9t kop\u00e1s vagy s\u00e9r\u00fcl\u00e9s szempontj\u00e1b\u00f3l. Ezenk\u00edv\u00fcl a rendszeres ellen\u0151rz\u00e9s \u00e9s karbantart\u00e1s seg\u00edthet megel\u0151zni a lehets\u00e9ges probl\u00e9m\u00e1kat.<\/p>\n<p>Ha a probl\u00e9m\u00e1k tov\u00e1bbra is fenn\u00e1llnak, forduljon szakemberhez seg\u00edts\u00e9g\u00e9rt \u00e9s jav\u00edt\u00e1si szolg\u00e1ltat\u00e1sok\u00e9rt.<\/p>\n<p><img decoding=\"async\" src=\"https:\/\/www.hydraulic-cylinders.net\/wp-content\/uploads\/2025\/01\/songte-bushings-with-all-kinds-of-excavator-models.webp\" alt=\"perselyek mindenf\u00e9le kotr\u00f3g\u00e9p modell k\u00e9p\u00e9vel\" \/><\/p>\n<h3>R\u00f3lunk<\/h3>\n<p>Sz\u00e9les term\u00e9kv\u00e1laszt\u00e9kkal rendelkez\u0151 p\u00f3talkatr\u00e9sz-hidraulikus hengerek professzion\u00e1lis gy\u00e1rt\u00f3jak\u00e9nt \u00e9s nagykereskedelmi forgalmaz\u00f3j\u00e1v\u00e1 v\u00e1ltunk a hazai \u00e9s a nemzetk\u00f6zi piacokon. Mindig a kiv\u00e1l\u00f3 min\u0151s\u00e9g elv\u00e9t k\u00f6vetj\u00fck, a kifinomult gy\u00e1rt\u00f3m\u0171hely iparos\u00edtott termel\u00e9sir\u00e1ny\u00edt\u00e1si strat\u00e9gi\u00e1j\u00e1ra t\u00e1maszkodunk, \u00e9s folyamatosan fejlesztj\u00fck m\u0171szaki sz\u00ednvonalunkat \u00e9s termel\u00e9si hat\u00e9konys\u00e1gunkat. Korszer\u0171 digit\u00e1lis gy\u00e1rt\u00f3berendez\u00e9sek \u00e9s professzion\u00e1lis tesztel\u0151rendszerek bevezet\u00e9s\u00e9vel optimaliz\u00e1ljuk a gy\u00e1rt\u00e1si platformot, jav\u00edtjuk a term\u00e9kmin\u0151s\u00e9g-ellen\u0151rz\u00e9si folyamatot, \u00e9s er\u0151s innov\u00e1ci\u00f3s k\u00e9pess\u00e9gekkel rendelkez\u00fcnk. C\u00e9lunk, hogy nagy hat\u00e9konys\u00e1ggal, prec\u00edzen \u00e9s magas min\u0151s\u00e9gi elvekkel el\u00e9g\u00edts\u00fck ki \u00fcgyfeleink sokr\u00e9t\u0171 ig\u00e9nyeit.<\/p>\n<p>Ezenk\u00edv\u00fcl szem\u00e9lyre szabott szolg\u00e1ltat\u00e1sokat ny\u00fajtunk, nemzetk\u00f6zi tan\u00fas\u00edtv\u00e1nyokkal, korszer\u0171 gy\u00e1rt\u00f3berendez\u00e9sekkel \u00e9s kiv\u00e1l\u00f3 \u00e9rt\u00e9kes\u00edt\u00e9s ut\u00e1ni szolg\u00e1ltat\u00e1ssal biztos\u00edtjuk az \u00fcgyfelek el\u00e9gedetts\u00e9g\u00e9t.<\/p>\n<p><img decoding=\"async\" src=\"https:\/\/www.hydraulic-cylinders.net\/wp-content\/uploads\/2025\/01\/songte-company-4.webp\" alt=\"c\u00e9ges im\u00e1zs\" \/><br \/>\n<img decoding=\"async\" src=\"https:\/\/www.hydraulic-cylinders.net\/wp-content\/uploads\/2025\/01\/songte-company-3.webp\" alt=\"c\u00e9ges im\u00e1zs\" \/><\/p>\n<p>Szerz\u0151: lyl.<\/p>","protected":false},"excerpt":{"rendered":"<p>Arm Cylinder For Lonking Large Excavator LG6365 Definition and Explanation An arm cylinder is a specially designed hydraulic cylinder that is primarily used to provide linear motion and power to the arm of various types of machinery such as excavators, cranes, and robotic arms. The arm cylinder plays a crucial role in the hydraulic system, [&hellip;]<\/p>","protected":false},"featured_media":14779,"comment_status":"open","ping_status":"closed","template":"","meta":{"_et_pb_use_builder":"","_et_pb_old_content":"","_et_gb_content_width":""},"product_brand":[],"product_cat":[1497],"product_tag":[1498,1496],"class_list":{"0":"post-16548","1":"product","2":"type-product","3":"status-publish","4":"has-post-thumbnail","6":"product_cat-arm-cylinders","7":"product_tag-arm-cylinders","8":"product_tag-hydraulic-cylinders","10":"first","11":"instock","12":"shipping-taxable","13":"product-type-simple"},"amp_enabled":true,"_links":{"self":[{"href":"https:\/\/www.hydraulic-cylinders.net\/hu\/wp-json\/wp\/v2\/product\/16548","targetHints":{"allow":["GET"]}}],"collection":[{"href":"https:\/\/www.hydraulic-cylinders.net\/hu\/wp-json\/wp\/v2\/product"}],"about":[{"href":"https:\/\/www.hydraulic-cylinders.net\/hu\/wp-json\/wp\/v2\/types\/product"}],"replies":[{"embeddable":true,"href":"https:\/\/www.hydraulic-cylinders.net\/hu\/wp-json\/wp\/v2\/comments?post=16548"}],"wp:featuredmedia":[{"embeddable":true,"href":"https:\/\/www.hydraulic-cylinders.net\/hu\/wp-json\/wp\/v2\/media\/14779"}],"wp:attachment":[{"href":"https:\/\/www.hydraulic-cylinders.net\/hu\/wp-json\/wp\/v2\/media?parent=16548"}],"wp:term":[{"taxonomy":"product_brand","embeddable":true,"href":"https:\/\/www.hydraulic-cylinders.net\/hu\/wp-json\/wp\/v2\/product_brand?post=16548"},{"taxonomy":"product_cat","embeddable":true,"href":"https:\/\/www.hydraulic-cylinders.net\/hu\/wp-json\/wp\/v2\/product_cat?post=16548"},{"taxonomy":"product_tag","embeddable":true,"href":"https:\/\/www.hydraulic-cylinders.net\/hu\/wp-json\/wp\/v2\/product_tag?post=16548"}],"curies":[{"name":"munkaf\u00fczet","href":"https:\/\/api.w.org\/{rel}","templated":true}]}}