{"id":16558,"date":"2025-01-21T05:33:49","date_gmt":"2025-01-21T05:33:49","guid":{"rendered":"https:\/\/www.hydraulic-cylinders.net\/product\/arm-cylinder-for-liebherr-middle-excavator-r924\/"},"modified":"2025-01-21T05:33:51","modified_gmt":"2025-01-21T05:33:51","slug":"arm-cylinder-for-liebherr-middle-excavator-r924","status":"publish","type":"product","link":"https:\/\/www.hydraulic-cylinders.net\/hu\/termek\/arm-cylinder-for-liebherr-middle-excavator-r924\/","title":{"rendered":"Karhenger Liebherr k\u00f6z\u00e9ps\u0151 kotr\u00f3g\u00e9phez R924"},"content":{"rendered":"<h1>Karhenger Liebherr k\u00f6z\u00e9ps\u0151 kotr\u00f3g\u00e9phez R924<\/h1>\n<h2>Bevezet\u00e9s<\/h2>\n<p>A Liebherr R924 k\u00f6z\u00e9pkotr\u00f3g\u00e9p karhengere egy speci\u00e1lis hidraulikus henger, amelyet k\u00fcl\u00f6nf\u00e9le g\u00e9pek, p\u00e9ld\u00e1ul kotr\u00f3g\u00e9pek, daruk \u00e9s mechanikus karok karj\u00e1nak line\u00e1ris mozg\u00e1s\u00e1nak \u00e9s teljes\u00edtm\u00e9ny\u00e9nek biztos\u00edt\u00e1s\u00e1ra terveztek. A karhenger kulcsszerepet j\u00e1tszik a hidraulikus rendszerekben, lehet\u0151v\u00e9 t\u00e9ve a tov\u00e1bbi szersz\u00e1mok vagy tartoz\u00e9kok hat\u00e9kony mozg\u00e1s\u00e1t \u00e9s vez\u00e9rl\u00e9s\u00e9t. Ezek a hengerek nemcsak a sima mozg\u00e1st biztos\u00edtj\u00e1k, hanem a nagy terhel\u00e9seket is elviselik, biztos\u00edtva a hat\u00e9kony m\u0171k\u00f6d\u00e9st \u00e9s a megb\u00edzhat\u00f3s\u00e1got k\u00fcl\u00f6nb\u00f6z\u0151 munkak\u00f6r\u00fclm\u00e9nyek k\u00f6z\u00f6tt.<\/p>\n<p><img decoding=\"async\" src=\"https:\/\/www.hydraulic-cylinders.net\/wp-content\/uploads\/2025\/01\/songte-company-2.webp\"><\/p>\n<h2>Jellemz\u0151k<\/h2>\n<ul>\n<li><strong>Nagy hat\u00e9konys\u00e1g\u00fa \u00e1tvitel:<\/strong> A karhenger er\u0151teljes line\u00e1ris mozg\u00e1st \u00e9s er\u0151t biztos\u00edt, biztos\u00edtva a mechanikus kar nagy hat\u00e9konys\u00e1g\u00fa teljes\u00edtm\u00e9ny\u00e9t k\u00fcl\u00f6nf\u00e9le m\u0171veletek sor\u00e1n.<\/li>\n<li><strong>Prec\u00edz vez\u00e9rl\u00e9s:<\/strong> A hidraulikus rendszeren kereszt\u00fcl a karhenger prec\u00edz mozg\u00e1svez\u00e9rl\u00e9st tesz lehet\u0151v\u00e9, \u00edgy a csatlakoztatott eszk\u00f6z\u00f6k kezel\u00e9se rugalmasabb \u00e9s pontosabb.<\/li>\n<li><strong>Tart\u00f3ss\u00e1g:<\/strong> A karhenger jellemz\u0151en nagy szil\u00e1rds\u00e1g\u00fa anyagokb\u00f3l k\u00e9sz\u00fcl, kiv\u00e1l\u00f3 kop\u00e1s\u00e1ll\u00f3s\u00e1got \u00e9s korr\u00f3zi\u00f3\u00e1ll\u00f3s\u00e1got biztos\u00edtva, \u00edgy alkalmass\u00e1 t\u00e9ve a hossz\u00fa t\u00e1v\u00fa haszn\u00e1latra zord k\u00f6rnyezetben.<\/li>\n<li><strong>T\u00f6bbfunkci\u00f3s alkalmazkod\u00f3k\u00e9pess\u00e9g:<\/strong> Ezek a munkahengerek sz\u00e9les k\u00f6rben alkalmazhat\u00f3k k\u00fcl\u00f6nf\u00e9le g\u00e9pipari berendez\u00e9sekben, p\u00e9ld\u00e1ul kotr\u00f3g\u00e9pekben, darukban \u00e9s mechanikus karokban, alkalmazkodva a k\u00fcl\u00f6nb\u00f6z\u0151 munkak\u00f6vetelm\u00e9nyekhez.<\/li>\n<li><strong>K\u00f6nny\u0171 karbantart\u00e1s:<\/strong> A k\u00f6nny\u0171 karbantart\u00e1st \u00e9s cser\u00e9t szem el\u0151tt tartva tervezett karhenger megk\u00f6nny\u00edti a rendszeres ellen\u0151rz\u00e9seket \u00e9s karbantart\u00e1st, cs\u00f6kkentve a berendez\u00e9s \u00e1ll\u00e1sidej\u00e9t.<\/li>\n<\/ul>\n<p><img decoding=\"async\" src=\"https:\/\/www.hydraulic-cylinders.net\/wp-content\/uploads\/2025\/01\/songte-oil-pipes-and-spare-parts.webp\"><\/p>\n<h2>Alkalmaz\u00e1sok<\/h2>\n<p>A Liebherr R924 k\u00f6z\u00e9pkotr\u00f3g\u00e9p karhengere sz\u00e1mos ipar\u00e1gban alkalmazhat\u00f3:<\/p>\n<ul>\n<li><strong>\u00c9p\u00edt\u0151m\u00e9rn\u00f6ki:<\/strong> Kotr\u00f3g\u00e9pekn\u00e9l \u00e9s darukn\u00e1l a karhenger vez\u00e9rli a kan\u00e1l vagy a g\u00e9m mozg\u00e1s\u00e1t f\u00f6ldmunk\u00e1kn\u00e1l, anyagmozgat\u00e1sn\u00e1l \u00e9s szerkezeti telep\u00edt\u00e9sn\u00e9l.<\/li>\n<li><strong>Feldolgoz\u00f3 ipar:<\/strong> Az automatiz\u00e1lt gy\u00e1rt\u00f3sorokon a karhengert mechanikus karok mozgat\u00e1s\u00e1ra haszn\u00e1lj\u00e1k olyan folyamatokban, mint az \u00f6sszeszerel\u00e9s, hegeszt\u00e9s \u00e9s anyagmozgat\u00e1s, n\u00f6velve a termel\u00e9si hat\u00e9konys\u00e1got \u00e9s a pontoss\u00e1got.<\/li>\n<li><strong>Mez\u0151gazdas\u00e1gi g\u00e9pek:<\/strong> A mez\u0151gazdas\u00e1gi g\u00e9pekben, p\u00e9ld\u00e1ul a betakar\u00edt\u00f3g\u00e9pekben \u00e9s a vet\u0151g\u00e9pekben a karhenger vez\u00e9rli a m\u0171k\u00f6dtet\u0151 karok mozg\u00e1s\u00e1t olyan feladatokhoz, mint a vet\u00e9s, a m\u0171tr\u00e1gy\u00e1z\u00e1s \u00e9s a betakar\u00edt\u00e1s.<\/li>\n<li><strong>B\u00e1ny\u00e1szati:<\/strong> A b\u00e1ny\u00e1szati \u200b\u200bberendez\u00e9sekben a karhenger vez\u00e9rli a b\u00e1ny\u00e1szati \u200b\u200beszk\u00f6z\u00f6k karj\u00e1nak mozg\u00e1s\u00e1t az \u00e9rc kitermel\u00e9se \u00e9s sz\u00e1ll\u00edt\u00e1sa sor\u00e1n.<\/li>\n<li><strong>Logisztika \u00e9s sz\u00e1ll\u00edt\u00e1s:<\/strong> A targonc\u00e1kban \u00e9s anyagmozgat\u00f3 robotokban a karhenger vez\u00e9rli a vill\u00e1k emel\u00e9s\u00e9t \u00e9s mozg\u00e1s\u00e1t, lehet\u0151v\u00e9 t\u00e9ve az anyagmozgat\u00e1st \u00e9s a rakod\u00e1st.<\/li>\n<\/ul>\n<h2>Tervez\u00e9si szempontok \u00e9s kiv\u00e1laszt\u00e1si krit\u00e9riumok<\/h2>\n<p>A Liebherr R924 k\u00f6z\u00e9pkotr\u00f3g\u00e9p karhenger\u00e9nek tervez\u00e9si szempontjai \u00e9s kiv\u00e1laszt\u00e1si krit\u00e9riumai tekintet\u00e9ben a k\u00f6vetkez\u0151 t\u00e9nyez\u0151k fontosak:<\/p>\n<ul>\n<li><strong>Teherb\u00edr\u00e1s:<\/strong> A karhengert \u00fagy kell megtervezni, hogy hat\u00e9konyan kezelje a sz\u00fcks\u00e9ges teherb\u00edr\u00e1st.<\/li>\n<li><strong>T\u00f6m\u00edt\u00e9s:<\/strong> K\u00fcl\u00f6nb\u00f6z\u0151 t\u00f6m\u00edt\u0151elemeket, p\u00e9ld\u00e1ul dugatty\u00fat\u00f6m\u00edt\u00e9seket \u00e9s r\u00fadt\u00f6m\u00edt\u00e9seket haszn\u00e1lnak, amelyek jellemz\u0151en kop\u00e1s\u00e1ll\u00f3 anyagokb\u00f3l, p\u00e9ld\u00e1ul poliuret\u00e1nb\u00f3l \u00e9s nitrilgumib\u00f3l k\u00e9sz\u00fclnek.<\/li>\n<li><strong>Tart\u00f3ss\u00e1g:<\/strong> A hengertestet \u00e9s a menetes v\u00e9geket finom megmunk\u00e1l\u00e1ssal kezelik a kop\u00e1s\u00e1ll\u00f3s\u00e1g jav\u00edt\u00e1sa \u00e9rdek\u00e9ben.<\/li>\n<li><strong>Biztons\u00e1g:<\/strong> A tervez\u00e9snek priorit\u00e1sk\u00e9nt kell kezelnie a biztons\u00e1gi funkci\u00f3kat a balesetek megel\u0151z\u00e9se \u00e9s a kezel\u0151 v\u00e9delme \u00e9rdek\u00e9ben.<\/li>\n<li><strong>Karbantarthat\u00f3s\u00e1g:<\/strong> A megfelel\u0151 hidraulikaolajjal t\u00f6rt\u00e9n\u0151 rendszeres ken\u00e9s, valamint a karbantart\u00e1s \u00e9s jav\u00edt\u00e1s c\u00e9lj\u00e1b\u00f3l t\u00f6rt\u00e9n\u0151 k\u00f6nny\u0171 hozz\u00e1f\u00e9rhet\u0151s\u00e9g alapvet\u0151 szempont.<\/li>\n<\/ul>\n<p><img decoding=\"async\" src=\"https:\/\/www.hydraulic-cylinders.net\/wp-content\/uploads\/2025\/01\/songte-cylinder-head-with-all-kinds-excavator-models.webp\"><\/p>\n<h2>T\u00f6m\u00edt\u00e9s \u00e9s ken\u00e9s<\/h2>\n<p>A Liebherr R924 k\u00f6z\u00e9pkotr\u00f3g\u00e9p karhengere k\u00fcl\u00f6nf\u00e9le t\u00f6m\u00edt\u0151elemeket haszn\u00e1l, bele\u00e9rtve a dugatty\u00fat\u00f6m\u00edt\u00e9seket \u00e9s a r\u00fadt\u00f6m\u00edt\u00e9seket. Ezek a t\u00f6m\u00edt\u00e9sek kop\u00e1s\u00e1ll\u00f3 anyagokb\u00f3l, p\u00e9ld\u00e1ul poliuret\u00e1nb\u00f3l \u00e9s nitrilgumib\u00f3l k\u00e9sz\u00fclnek. A hengertest \u00e9s a menetes v\u00e9gek finom megmunk\u00e1l\u00e1son esnek \u00e1t a kop\u00e1s\u00e1ll\u00f3s\u00e1g fokoz\u00e1sa \u00e9rdek\u00e9ben. A megfelel\u0151 hidraulikaolajjal t\u00f6rt\u00e9n\u0151 rendszeres ken\u00e9s sz\u00fcks\u00e9ges a z\u00f6kken\u0151mentes m\u0171k\u00f6d\u00e9s \u00e9s a hossz\u00fa \u00e9lettartam biztos\u00edt\u00e1s\u00e1hoz.<\/p>\n<h2>Rendszeres ellen\u0151rz\u00e9s \u00e9s megel\u0151z\u0151 karbantart\u00e1s<\/h2>\n<p>A Liebherr R924 k\u00f6z\u00e9pkotr\u00f3g\u00e9p karhenger\u00e9nek optim\u00e1lis teljes\u00edtm\u00e9ny\u00e9nek \u00e9s hossz\u00fa \u00e9lettartam\u00e1nak biztos\u00edt\u00e1sa \u00e9rdek\u00e9ben a k\u00f6vetkez\u0151 rendszeres ellen\u0151rz\u00e9si \u00e9s megel\u0151z\u0151 karbantart\u00e1si int\u00e9zked\u00e9seket kell elv\u00e9gezni:<\/p>\n<ul>\n<li>Vizsg\u00e1lja meg a t\u00f6m\u00edt\u00e9seket, \u00e9s sz\u00fcks\u00e9g eset\u00e9n cser\u00e9lje ki \u0151ket.<\/li>\n<li>Ellen\u0151rizze az esetleges sziv\u00e1rg\u00e1sokat, \u00e9s azonnal jav\u00edtsa ki.<\/li>\n<li>Monitor the cylinder&#8217;s performance and functionality regularly.<\/li>\n<li>K\u00f6vesse a gy\u00e1rt\u00f3 \u00e1ltal megadott aj\u00e1nlott karbantart\u00e1si \u00fctemtervet.<\/li>\n<li>Proakt\u00edvan kezelje a lehets\u00e9ges probl\u00e9m\u00e1kat a nagyobb hib\u00e1k megel\u0151z\u00e9se \u00e9rdek\u00e9ben.<\/li>\n<\/ul>\n<h2>Term\u00e9ktelep\u00edt\u00e9si \u00fatmutat\u00f3<\/h2>\n<p>A Liebherr Middle Excavator R924 karhenger\u00e9nek megfelel\u0151 beszerel\u00e9se elengedhetetlen az optim\u00e1lis teljes\u00edtm\u00e9nyhez. A sikeres beszerel\u00e9shez k\u00f6vesse az al\u00e1bbi l\u00e9p\u00e9seket:<\/p>\n<ol>\n<li>Ensure the excavator&#8217;s power is turned off.<\/li>\n<li>Helyezze a palackot a berendez\u00e9s specifik\u00e1ci\u00f3inak megfelel\u0151en a megfelel\u0151 ir\u00e1nyba.<\/li>\n<li>Biztons\u00e1gosan r\u00f6gz\u00edtse a hengert a r\u00f6gz\u00edt\u00e9si pontokhoz.<\/li>\n<li>Csatlakoztassa a hidraulikus t\u00f6ml\u0151ket \u00e9s szerelv\u00e9nyeket a gy\u00e1rt\u00f3 utas\u00edt\u00e1sainak megfelel\u0151en.<\/li>\n<li>Ellen\u0151rizze az esetleges sziv\u00e1rg\u00e1sokat, \u00e9s v\u00e9gezzen m\u0171k\u00f6d\u00e9si tesztet.<\/li>\n<\/ol>\n<p><img decoding=\"async\" src=\"https:\/\/www.hydraulic-cylinders.net\/wp-content\/uploads\/2025\/01\/songte-bushings-with-all-kinds-of-excavator-models.webp\"><\/p>\n<h2>Biztons\u00e1gi szempontok \u00e9s k\u00f6rnyezeti t\u00e9nyez\u0151k<\/h2>\n<p>A Liebherr R924 k\u00f6z\u00e9pkotr\u00f3g\u00e9p karhenger\u00e9nek haszn\u00e1latakor kulcsfontoss\u00e1g\u00fa a biztons\u00e1gi int\u00e9zked\u00e9sek priorit\u00e1sk\u00e9nt val\u00f3 kezel\u00e9se. A megfelel\u0151 k\u00e9pz\u00e9s \u00e9s a biztons\u00e1gi protokollok betart\u00e1sa elengedhetetlen a balesetek megel\u0151z\u00e9se \u00e9s a kezel\u0151k j\u00f3l\u00e9t\u00e9nek biztos\u00edt\u00e1sa \u00e9rdek\u00e9ben. Ezenk\u00edv\u00fcl a k\u00f6rnyezeti t\u00e9nyez\u0151k, p\u00e9ld\u00e1ul a hidraulikafolyad\u00e9kok megfelel\u0151 \u00e1rtalmatlan\u00edt\u00e1sa \u00e9s az alkatr\u00e9szek \u00fajrahasznos\u00edt\u00e1sa figyelembev\u00e9tele seg\u00edt minimaliz\u00e1lni a k\u00f6rnyezetre gyakorolt \u200b\u200bhat\u00e1st.<\/p>\n<h2>Hibaelh\u00e1r\u00edt\u00e1s \u00e9s gyakori probl\u00e9m\u00e1k<\/h2>\n<p>\u00cdme n\u00e9h\u00e1ny gyakori hibaelh\u00e1r\u00edt\u00e1si l\u00e9p\u00e9s \u00e9s megold\u00e1s a Liebherr k\u00f6z\u00e9pkotr\u00f3g\u00e9p R924 karhenger\u00e9hez:<\/p>\n<ul>\n<li><strong>Probl\u00e9ma:<\/strong> A karhenger lass\u00fa vagy r\u00e1ngat\u00f3z\u00f3 mozg\u00e1sa.<\/li>\n<p><strong>Megold\u00e1s:<\/strong> Ellen\u0151rizze, hogy nincs-e alacsony hidraulikafolyad\u00e9k-szint, \u00e9s sz\u00fcks\u00e9g eset\u00e9n t\u00f6ltse fel. Vizsg\u00e1lja meg a t\u00f6m\u00edt\u00e9seket s\u00e9r\u00fcl\u00e9s vagy sziv\u00e1rg\u00e1s szempontj\u00e1b\u00f3l, \u00e9s sz\u00fcks\u00e9g eset\u00e9n cser\u00e9lje ki \u0151ket.<\/p>\n<li><strong>Probl\u00e9ma:<\/strong> T\u00falzott zaj m\u0171k\u00f6d\u00e9s k\u00f6zben.<\/li>\n<p><strong>Megold\u00e1s:<\/strong> Vizsg\u00e1lja meg a hengert laza vagy kopott alkatr\u00e9szek szempontj\u00e1b\u00f3l. Sz\u00fcks\u00e9g szerint h\u00fazza meg vagy cser\u00e9lje ki az alkatr\u00e9szeket.<\/p>\n<li><strong>Probl\u00e9ma:<\/strong> A henger nem h\u00faz\u00f3dik ki vagy be teljesen.<\/li>\n<p><strong>Megold\u00e1s:<\/strong> Ellen\u0151rizze, hogy nincsenek-e eldugulva a hidraulikavezet\u00e9kek. Vizsg\u00e1lja meg a vez\u00e9rl\u0151szelepek \u00e9s m\u00e1gnesszelepek megfelel\u0151 m\u0171k\u00f6d\u00e9s\u00e9t.<\/p>\n<\/ul>\n<p>A hibaelh\u00e1r\u00edt\u00e1si l\u00e9p\u00e9sek k\u00f6vet\u00e9se seg\u00edthet a gyakori probl\u00e9m\u00e1k hat\u00e9kony diagnosztiz\u00e1l\u00e1s\u00e1ban \u00e9s megold\u00e1s\u00e1ban. Fontos a megel\u0151z\u0151 int\u00e9zked\u00e9sek bevezet\u00e9se a lehets\u00e9ges probl\u00e9m\u00e1k minimaliz\u00e1l\u00e1sa \u00e9rdek\u00e9ben.<\/p>\n<p><img decoding=\"async\" src=\"https:\/\/www.hydraulic-cylinders.net\/wp-content\/uploads\/2025\/01\/songte-chushion-collar.webp\"><\/p>\n<p>Ne felejtsd el logikusan fel\u00e9p\u00edteni a cikket, haszn\u00e1lj alc\u00edmeket a k\u00f6nny\u0171 navig\u00e1ci\u00f3 \u00e9rdek\u00e9ben, \u00e9p\u00edts be relev\u00e1ns k\u00e9peket vagy diagramokat a jobb meg\u00e9rt\u00e9s \u00e9rdek\u00e9ben, \u00e9s \u00fcgyelj arra, hogy a tartalom vil\u00e1gos, t\u00f6m\u00f6r \u00e9s megfelel\u0151 legyen a k\u00fcl\u00f6nb\u00f6z\u0151 szint\u0171 technikai tud\u00e1ssal rendelkez\u0151 olvas\u00f3k sz\u00e1m\u00e1ra.<\/p>\n<h2>R\u00f3lunk<\/h2>\n<p>Professzion\u00e1lis hidraulikus hengergy\u00e1rt\u00f3k\u00e9nt sz\u00e9les term\u00e9kv\u00e1laszt\u00e9kot k\u00edn\u00e1lunk. A hazai \u00e9s nemzetk\u00f6zi piacok egyik vezet\u0151 hidraulikus hengergy\u00e1rt\u00f3j\u00e1v\u00e1 \u00e9s nagykereskedelmi forgalmaz\u00f3j\u00e1v\u00e1 v\u00e1ltunk. A kiv\u00e1l\u00f3s\u00e1g elv\u00e9t k\u00f6vetve folyamatosan fejlesztj\u00fck m\u0171szaki szak\u00e9rtelm\u00fcnket \u00e9s termel\u00e9si hat\u00e9konys\u00e1gunkat iparos\u00edtott termel\u00e9sir\u00e1ny\u00edt\u00e1si strat\u00e9gi\u00e1k r\u00e9v\u00e9n, korszer\u0171 gy\u00e1rt\u00f3m\u0171hely\u00fcnkben. Cs\u00facskateg\u00f3ri\u00e1s digit\u00e1lis gy\u00e1rt\u00f3berendez\u00e9sek \u00e9s professzion\u00e1lis tesztel\u0151rendszerek bevezet\u00e9s\u00e9vel optimaliz\u00e1ljuk gy\u00e1rt\u00e1si platformunkat \u00e9s fejlesztj\u00fck term\u00e9kmin\u0151s\u00e9g-ellen\u0151rz\u00e9si folyamatainkat, er\u0151s innov\u00e1ci\u00f3s k\u00e9pess\u00e9geket demonstr\u00e1lva. C\u00e9lunk, hogy hat\u00e9konyan, prec\u00edzen \u00e9s kiv\u00e1l\u00f3 min\u0151s\u00e9g\u0171 term\u00e9kekkel el\u00e9g\u00edts\u00fck ki \u00fcgyfeleink v\u00e1ltozatos ig\u00e9nyeit.<\/p>\n<p><img decoding=\"async\" src=\"https:\/\/www.hydraulic-cylinders.net\/wp-content\/uploads\/2025\/01\/songte-company-4.webp\"><br \/>\n<img","protected":false},"excerpt":{"rendered":"<p>Arm Cylinder For Liebherr Middle Excavator R924 Introduction The Arm Cylinder for Liebherr Middle Excavator R924 is a specialized hydraulic cylinder designed to provide linear motion and power to the arm of various types of machinery, such as excavators, cranes, and mechanical arms. The arm cylinder plays a crucial role in hydraulic systems, enabling the [&hellip;]<\/p>","protected":false},"featured_media":14779,"comment_status":"open","ping_status":"closed","template":"","meta":{"_et_pb_use_builder":"","_et_pb_old_content":"","_et_gb_content_width":""},"product_brand":[],"product_cat":[1497],"product_tag":[1498,1496],"class_list":{"0":"post-16558","1":"product","2":"type-product","3":"status-publish","4":"has-post-thumbnail","6":"product_cat-arm-cylinders","7":"product_tag-arm-cylinders","8":"product_tag-hydraulic-cylinders","10":"first","11":"instock","12":"shipping-taxable","13":"product-type-simple"},"amp_enabled":true,"_links":{"self":[{"href":"https:\/\/www.hydraulic-cylinders.net\/hu\/wp-json\/wp\/v2\/product\/16558","targetHints":{"allow":["GET"]}}],"collection":[{"href":"https:\/\/www.hydraulic-cylinders.net\/hu\/wp-json\/wp\/v2\/product"}],"about":[{"href":"https:\/\/www.hydraulic-cylinders.net\/hu\/wp-json\/wp\/v2\/types\/product"}],"replies":[{"embeddable":true,"href":"https:\/\/www.hydraulic-cylinders.net\/hu\/wp-json\/wp\/v2\/comments?post=16558"}],"wp:featuredmedia":[{"embeddable":true,"href":"https:\/\/www.hydraulic-cylinders.net\/hu\/wp-json\/wp\/v2\/media\/14779"}],"wp:attachment":[{"href":"https:\/\/www.hydraulic-cylinders.net\/hu\/wp-json\/wp\/v2\/media?parent=16558"}],"wp:term":[{"taxonomy":"product_brand","embeddable":true,"href":"https:\/\/www.hydraulic-cylinders.net\/hu\/wp-json\/wp\/v2\/product_brand?post=16558"},{"taxonomy":"product_cat","embeddable":true,"href":"https:\/\/www.hydraulic-cylinders.net\/hu\/wp-json\/wp\/v2\/product_cat?post=16558"},{"taxonomy":"product_tag","embeddable":true,"href":"https:\/\/www.hydraulic-cylinders.net\/hu\/wp-json\/wp\/v2\/product_tag?post=16558"}],"curies":[{"name":"munkaf\u00fczet","href":"https:\/\/api.w.org\/{rel}","templated":true}]}}