{"id":16567,"date":"2025-01-21T05:34:29","date_gmt":"2025-01-21T05:34:29","guid":{"rendered":"https:\/\/www.hydraulic-cylinders.net\/product\/arm-cylinder-for-liebherr-large-excavator-r980sme\/"},"modified":"2025-01-21T05:34:31","modified_gmt":"2025-01-21T05:34:31","slug":"arm-cylinder-for-liebherr-large-excavator-r980sme","status":"publish","type":"product","link":"https:\/\/www.hydraulic-cylinders.net\/hu\/termek\/arm-cylinder-for-liebherr-large-excavator-r980sme\/","title":{"rendered":"Karhenger Liebherr nagy kotr\u00f3g\u00e9phez R980SME"},"content":{"rendered":"<h1>Karhenger Liebherr nagy kotr\u00f3g\u00e9phez R980SME<\/h1>\n<h2>Bevezet\u00e9s<\/h2>\n<p>A karhenger egy speci\u00e1lisan tervezett hidraulikus henger, amely line\u00e1ris mozg\u00e1st \u00e9s teljes\u00edtm\u00e9nyt biztos\u00edt k\u00fcl\u00f6nf\u00e9le g\u00e9pek, p\u00e9ld\u00e1ul kotr\u00f3g\u00e9pek, daruk \u00e9s robotkarok karjai sz\u00e1m\u00e1ra. Kulcsfontoss\u00e1g\u00fa szerepet j\u00e1tszik a hidraulikus rendszerekben, lehet\u0151v\u00e9 t\u00e9ve a tov\u00e1bbi szersz\u00e1mok vagy tartoz\u00e9kok hat\u00e9kony mozg\u00e1s\u00e1t \u00e9s vez\u00e9rl\u00e9s\u00e9t. Ezek a hengerek nemcsak a sima mozg\u00e1st biztos\u00edtj\u00e1k, hanem a nagy terhel\u00e9seket is elviselik, biztos\u00edtva a g\u00e9pek hat\u00e9kony m\u0171k\u00f6d\u00e9s\u00e9t \u00e9s megb\u00edzhat\u00f3s\u00e1g\u00e1t k\u00fcl\u00f6nb\u00f6z\u0151 munkak\u00f6r\u00fclm\u00e9nyek k\u00f6z\u00f6tt.<\/p>\n<p><img decoding=\"async\" src=\"https:\/\/www.hydraulic-cylinders.net\/wp-content\/uploads\/2025\/01\/songte-company-2.webp\"><\/p>\n<h2>Jellemz\u0151k<\/h2>\n<ul>\n<li>Nagy hat\u00e9konys\u00e1g\u00fa er\u0151\u00e1tvitel: A karhenger er\u0151teljes line\u00e1ris mozg\u00e1st \u00e9s er\u0151t biztos\u00edt, biztos\u00edtva a mechanikus kar nagy teljes\u00edtm\u00e9ny\u00e9t k\u00fcl\u00f6nf\u00e9le m\u0171veletek sor\u00e1n.<\/li>\n<li>Prec\u00edzi\u00f3s vez\u00e9rl\u00e9s: A hidraulikus rendszeren kereszt\u00fcl a karhenger prec\u00edz mozg\u00e1svez\u00e9rl\u00e9st tesz lehet\u0151v\u00e9, \u00edgy a csatlakoztatott eszk\u00f6z\u00f6k m\u0171k\u00f6dtet\u00e9se rugalmasabb \u00e9s pontosabb.<\/li>\n<li>Nagy tart\u00f3ss\u00e1g: A karos munkahengerek jellemz\u0151en nagy szil\u00e1rds\u00e1g\u00fa anyagokb\u00f3l k\u00e9sz\u00fclnek, amelyek kiv\u00e1l\u00f3 kop\u00e1s- \u00e9s korr\u00f3zi\u00f3\u00e1ll\u00f3s\u00e1got biztos\u00edtanak, \u00edgy alkalmasak hossz\u00fa t\u00e1v\u00fa haszn\u00e1latra zord k\u00f6rnyezetben.<\/li>\n<li>T\u00f6bbfunkci\u00f3s alkalmazkod\u00f3k\u00e9pess\u00e9g: Ezek a munkahengerek sz\u00e9les k\u00f6rben alkalmazhat\u00f3k k\u00fcl\u00f6nf\u00e9le g\u00e9pekhez, p\u00e9ld\u00e1ul kotr\u00f3g\u00e9pekhez, darukhoz \u00e9s robotkarokhoz, \u00edgy kiel\u00e9g\u00edtik a k\u00fcl\u00f6nb\u00f6z\u0151 munkak\u00f6vetelm\u00e9nyeket.<\/li>\n<li>K\u00f6nny\u0171 karbantart\u00e1s: A k\u00f6nny\u0171 karbantart\u00e1st \u00e9s cser\u00e9t szem el\u0151tt tartva tervezt\u00e9k, \u00edgy a rendszeres ellen\u0151rz\u00e9sek \u00e9s karbantart\u00e1s k\u00e9nyelmess\u00e9 v\u00e1lik, ami cs\u00f6kkenti a berendez\u00e9sek \u00e1ll\u00e1sidej\u00e9t.<\/li>\n<\/ul>\n<p><img decoding=\"async\" src=\"https:\/\/www.hydraulic-cylinders.net\/wp-content\/uploads\/2025\/01\/songte-oil-pipes-and-spare-parts.webp\"><\/p>\n<h2>Alkalmaz\u00e1sok<\/h2>\n<ul>\n<li>\u00c9p\u00edt\u0151ipar: A karhengereket kotr\u00f3g\u00e9pekben \u00e9s darukban haszn\u00e1lj\u00e1k a v\u00f6dr\u00f6k vagy g\u00e9mek mozg\u00e1s\u00e1nak vez\u00e9rl\u00e9s\u00e9re f\u00f6ldmunk\u00e1k, anyagmozgat\u00e1s \u00e9s szerkezeti telep\u00edt\u00e9s sor\u00e1n.<\/li>\n<li>Gy\u00e1rt\u00f3ipar: Az automatiz\u00e1lt gy\u00e1rt\u00f3sorokon a karhengerek vez\u00e9rlik a robotkarok mozg\u00e1s\u00e1t olyan folyamatokban, mint az \u00f6sszeszerel\u00e9s, a hegeszt\u00e9s \u00e9s az anyagmozgat\u00e1s, n\u00f6velve a termel\u00e9si hat\u00e9konys\u00e1got \u00e9s a pontoss\u00e1got.<\/li>\n<li>Mez\u0151gazdas\u00e1gi g\u00e9pek: A karhengerek vez\u00e9rlik a m\u0171k\u00f6dtet\u0151 karok mozg\u00e1s\u00e1t mez\u0151gazdas\u00e1gi berendez\u00e9sekben, p\u00e9ld\u00e1ul betakar\u00edt\u00f3g\u00e9pekben \u00e9s vet\u0151g\u00e9pekben, olyan feladatokat l\u00e1tva el, mint a vet\u00e9s, a tr\u00e1gy\u00e1z\u00e1s \u00e9s a betakar\u00edt\u00e1s.<\/li>\n<li>B\u00e1ny\u00e1szat: A karhengerek szab\u00e1lyozz\u00e1k a b\u00e1ny\u00e1szati \u200b\u200bberendez\u00e9sek karj\u00e1nak mozg\u00e1s\u00e1t, lehet\u0151v\u00e9 t\u00e9ve az \u00e9rc kitermel\u00e9s\u00e9t \u00e9s sz\u00e1ll\u00edt\u00e1s\u00e1t a b\u00e1ny\u00e1szati \u200b\u200bm\u0171veletek sor\u00e1n.<\/li>\n<li>Logisztika \u00e9s sz\u00e1ll\u00edt\u00e1s: A targonc\u00e1kban \u00e9s anyagmozgat\u00f3 robotokban a karhengerek vez\u00e9rlik a vill\u00e1k emel\u00e9s\u00e9t \u00e9s mozg\u00e1s\u00e1t, megk\u00f6nny\u00edtve az anyagmozgat\u00e1st \u00e9s a rakod\u00e1st.<\/li>\n<\/ul>\n<h2>Tervez\u00e9si szempontok \u00e9s kiv\u00e1laszt\u00e1si krit\u00e9riumok<\/h2>\n<ul>\n<li>Teherb\u00edr\u00e1s: Ismertesse a karhenger teherb\u00edr\u00e1s\u00e1nak fontoss\u00e1g\u00e1t \u00e9s a tervez\u00e9s\u00e9n\u00e9l figyelembe veend\u0151 t\u00e9nyez\u0151ket.<\/li>\n<li>T\u00f6m\u00edt\u00e9s \u00e9s ken\u00e9s: Ismertesse a k\u00fcl\u00f6nf\u00e9le t\u00f6m\u00edt\u00e9sek, p\u00e9ld\u00e1ul dugatty\u00fat\u00f6m\u00edt\u00e9sek \u00e9s r\u00fadt\u00f6m\u00edt\u00e9sek haszn\u00e1lat\u00e1t, amelyek kop\u00e1s\u00e1ll\u00f3 anyagokb\u00f3l, p\u00e9ld\u00e1ul poliuret\u00e1nb\u00f3l \u00e9s nitrilgumib\u00f3l k\u00e9sz\u00fclnek. Eml\u00edtse meg a hidraulikaolajjal val\u00f3 ken\u00e9s fontoss\u00e1g\u00e1t az optim\u00e1lis teljes\u00edtm\u00e9ny \u00e9rdek\u00e9ben.<\/li>\n<li>Tart\u00f3ss\u00e1g: A hengertestek \u00e9s a menetes v\u00e9gek finom fel\u00fcletkezel\u00e9s\u00e9nek k\u00f6sz\u00f6nhet\u0151en fokozza a kop\u00e1s\u00e1ll\u00f3s\u00e1got \u00e9s biztos\u00edtja a hossz\u00fa \u00e9lettartamot.<\/li>\n<li>Biztons\u00e1g: Ismertesse a karhenger kialak\u00edt\u00e1s\u00e1ba be\u00e9p\u00edtett biztons\u00e1gi int\u00e9zked\u00e9seket \u00e9s funkci\u00f3kat, amelyek c\u00e9lja a balesetek megel\u0151z\u00e9se \u00e9s a biztons\u00e1gos m\u0171k\u00f6d\u00e9s biztos\u00edt\u00e1sa.<\/li>\n<li>Karbantart\u00e1s: Magyar\u00e1zza el a rendszeres ellen\u0151rz\u00e9sek \u00e9s a megel\u0151z\u0151 karbantart\u00e1s sz\u00fcks\u00e9gess\u00e9g\u00e9t, tippeket adva a hat\u00e9kony diagn\u00f3zishoz \u00e9s a probl\u00e9mamegold\u00e1shoz. Javasoljon int\u00e9zked\u00e9seket a lehets\u00e9ges probl\u00e9m\u00e1k minimaliz\u00e1l\u00e1s\u00e1ra.<\/li>\n<\/ul>\n<p><img decoding=\"async\" src=\"https:\/\/www.hydraulic-cylinders.net\/wp-content\/uploads\/2025\/01\/songte-cylinder-head-with-all-kinds-excavator-models.webp\"><\/p>\n<h2>Term\u00e9ktelep\u00edt\u00e9si \u00fatmutat\u00f3<\/h2>\n<p>[Adjon meg egy \u00e1tfog\u00f3 \u00fatmutat\u00f3t a karhenger helyes beszerel\u00e9s\u00e9hez, bele\u00e9rtve a l\u00e9p\u00e9senk\u00e9nti utas\u00edt\u00e1sokat \u00e9s az esetleges konkr\u00e9t szempontokat. Gy\u0151z\u0151dj\u00f6n meg arr\u00f3l, hogy az \u00fatmutat\u00f3 legal\u00e1bb 300 sz\u00f3 hossz\u00fa.]<\/p>\n<p><img decoding=\"async\" src=\"https:\/\/www.hydraulic-cylinders.net\/wp-content\/uploads\/2025\/01\/songte-bushings-with-all-kinds-of-excavator-models.webp\"><\/p>\n<h2>Biztons\u00e1gi szempontok \u00e9s k\u00f6rnyezeti t\u00e9nyez\u0151k<\/h2>\n<p>[Besz\u00e9lj\u00e9tek meg a biztons\u00e1gi int\u00e9zked\u00e9sek fontoss\u00e1g\u00e1t a karos munkahenger haszn\u00e1latakor, \u00e9s azt, hogy ez hogyan j\u00e1rul hozz\u00e1 a biztons\u00e1gosabb munkak\u00f6rnyezethez. Gy\u0151z\u0151djetek meg r\u00f3la, hogy a tartalom legal\u00e1bb 200 sz\u00f3 hossz\u00fa.]<\/p>\n<h2>Hibaelh\u00e1r\u00edt\u00e1s \u00e9s gyakori probl\u00e9m\u00e1k<\/h2>\n<p>[Emelje ki azokat a gyakori probl\u00e9m\u00e1kat, amelyekkel a felhaszn\u00e1l\u00f3k a karhengerrel kapcsolatban tal\u00e1lkozhatnak, \u00e9s adjon hibaelh\u00e1r\u00edt\u00e1si tippeket \u00e9s megold\u00e1sokat. Javasoljon megel\u0151z\u0151 int\u00e9zked\u00e9seket a lehets\u00e9ges probl\u00e9m\u00e1k minimaliz\u00e1l\u00e1sa \u00e9rdek\u00e9ben. Gy\u0151z\u0151dj\u00f6n meg arr\u00f3l, hogy a tartalom legal\u00e1bb 300 sz\u00f3 hossz\u00fa.]<\/p>\n<p><img decoding=\"async\" src=\"https:\/\/www.hydraulic-cylinders.net\/wp-content\/uploads\/2025\/01\/songte-chushion-collar.webp\"><\/p>\n<p>Ne felejtsd el logikusan fel\u00e9p\u00edteni a cikket, haszn\u00e1lj alc\u00edmeket a k\u00f6nny\u0171 navig\u00e1ci\u00f3 \u00e9rdek\u00e9ben, \u00e9p\u00edts be relev\u00e1ns k\u00e9peket vagy diagramokat a jobb meg\u00e9rt\u00e9s \u00e9rdek\u00e9ben, \u00e9s \u00fcgyelj arra, hogy a tartalom vil\u00e1gos, t\u00f6m\u00f6r \u00e9s k\u00fcl\u00f6nb\u00f6z\u0151 szint\u0171 technikai tud\u00e1ssal rendelkez\u0151 olvas\u00f3k sz\u00e1m\u00e1ra is megfelel\u0151 legyen.<\/p>\n<p>V\u00e9g\u00fcl hangs\u00falyozzuk, hogy professzion\u00e1lis hidraulikus hengergy\u00e1rt\u00f3k vagyunk, sz\u00e9les term\u00e9kv\u00e1laszt\u00e9kkal. A hazai \u00e9s nemzetk\u00f6zi piacok egyik vezet\u0151 hidraulikus hengergy\u00e1rt\u00f3j\u00e1v\u00e1 \u00e9s nagykereskedelmi forgalmaz\u00f3j\u00e1v\u00e1 v\u00e1ltunk. A kiv\u00e1l\u00f3s\u00e1g elv\u00e9t k\u00f6vetj\u00fck, \u00e9s folyamatosan fejlesztj\u00fck m\u0171szaki k\u00e9pess\u00e9geinket \u00e9s termel\u00e9si hat\u00e9konys\u00e1gunkat kifinomult gy\u00e1rt\u00f3m\u0171helyek \u00e9s iparos\u00edtott termel\u00e9sir\u00e1ny\u00edt\u00e1si strat\u00e9gi\u00e1k r\u00e9v\u00e9n. Fejlett digit\u00e1lis gy\u00e1rt\u00f3berendez\u00e9sek \u00e9s professzion\u00e1lis tesztel\u0151rendszerek bevezet\u00e9s\u00e9vel optimaliz\u00e1ljuk gy\u00e1rt\u00e1si platformunkat \u00e9s jav\u00edtjuk term\u00e9kmin\u0151s\u00e9g-ellen\u0151rz\u00e9si folyamatainkat, er\u0151s innov\u00e1ci\u00f3s k\u00e9pess\u00e9geket demonstr\u00e1lva. C\u00e9lunk, hogy \u00fcgyfeleink soksz\u00edn\u0171 ig\u00e9nyeit hat\u00e9konyan, prec\u00edzen \u00e9s kiv\u00e1l\u00f3 min\u0151s\u00e9gben el\u00e9g\u00edts\u00fck ki.<\/p>\n<p><img decoding=\"async\" src=\"https:\/\/www.hydraulic-cylinders.net\/wp-content\/uploads\/2025\/01\/songte-company-4.webp\"><br \/>\n<img decoding=\"async\" src=\"https:\/\/www.hydraulic-cylinders.net\/wp-content\/uploads\/2025\/01\/songte-company-3.webp\"><\/p>\n<p>Szerz\u0151: lyl<\/p>","protected":false},"excerpt":{"rendered":"<p>Arm Cylinder For Liebherr Large Excavator R980SME Introduction The arm cylinder is a specially designed hydraulic cylinder that provides linear motion and power for the arm of various machinery, such as excavators, cranes, and robotic arms. It plays a crucial role in hydraulic systems, enabling the effective movement and control of additional tools or attachments. [&hellip;]<\/p>","protected":false},"featured_media":14783,"comment_status":"open","ping_status":"closed","template":"","meta":{"_et_pb_use_builder":"","_et_pb_old_content":"","_et_gb_content_width":""},"product_brand":[],"product_cat":[1497],"product_tag":[1498,1496],"class_list":{"0":"post-16567","1":"product","2":"type-product","3":"status-publish","4":"has-post-thumbnail","6":"product_cat-arm-cylinders","7":"product_tag-arm-cylinders","8":"product_tag-hydraulic-cylinders","10":"first","11":"instock","12":"shipping-taxable","13":"product-type-simple"},"amp_enabled":true,"_links":{"self":[{"href":"https:\/\/www.hydraulic-cylinders.net\/hu\/wp-json\/wp\/v2\/product\/16567","targetHints":{"allow":["GET"]}}],"collection":[{"href":"https:\/\/www.hydraulic-cylinders.net\/hu\/wp-json\/wp\/v2\/product"}],"about":[{"href":"https:\/\/www.hydraulic-cylinders.net\/hu\/wp-json\/wp\/v2\/types\/product"}],"replies":[{"embeddable":true,"href":"https:\/\/www.hydraulic-cylinders.net\/hu\/wp-json\/wp\/v2\/comments?post=16567"}],"wp:featuredmedia":[{"embeddable":true,"href":"https:\/\/www.hydraulic-cylinders.net\/hu\/wp-json\/wp\/v2\/media\/14783"}],"wp:attachment":[{"href":"https:\/\/www.hydraulic-cylinders.net\/hu\/wp-json\/wp\/v2\/media?parent=16567"}],"wp:term":[{"taxonomy":"product_brand","embeddable":true,"href":"https:\/\/www.hydraulic-cylinders.net\/hu\/wp-json\/wp\/v2\/product_brand?post=16567"},{"taxonomy":"product_cat","embeddable":true,"href":"https:\/\/www.hydraulic-cylinders.net\/hu\/wp-json\/wp\/v2\/product_cat?post=16567"},{"taxonomy":"product_tag","embeddable":true,"href":"https:\/\/www.hydraulic-cylinders.net\/hu\/wp-json\/wp\/v2\/product_tag?post=16567"}],"curies":[{"name":"munkaf\u00fczet","href":"https:\/\/api.w.org\/{rel}","templated":true}]}}