{"id":16597,"date":"2025-01-21T05:36:49","date_gmt":"2025-01-21T05:36:49","guid":{"rendered":"https:\/\/www.hydraulic-cylinders.net\/product\/arm-cylinder-for-jcm-small-excavator-907d\/"},"modified":"2025-01-21T05:36:51","modified_gmt":"2025-01-21T05:36:51","slug":"arm-cylinder-for-jcm-small-excavator-907d","status":"publish","type":"product","link":"https:\/\/www.hydraulic-cylinders.net\/hu\/termek\/arm-cylinder-for-jcm-small-excavator-907d\/","title":{"rendered":"Karhenger JCM kis kotr\u00f3g\u00e9phez 907D"},"content":{"rendered":"<h1>Karhenger JCM kis kotr\u00f3g\u00e9phez 907D<\/h1>\n<h2>Bevezet\u00e9s<\/h2>\n<h3>Meghat\u00e1roz\u00e1s<\/h3>\n<p>A karhenger egy speci\u00e1lisan tervezett hidraulikus henger, amely line\u00e1ris mozg\u00e1st \u00e9s er\u0151t biztos\u00edt k\u00fcl\u00f6nf\u00e9le g\u00e9pek, p\u00e9ld\u00e1ul kotr\u00f3g\u00e9pek, daruk \u00e9s mechanikus karok karjainak. A karhenger kulcsszerepet j\u00e1tszik a hidraulikus rendszerekben, lehet\u0151v\u00e9 t\u00e9ve a tartoz\u00e9kok vagy tartoz\u00e9kok mozg\u00e1s\u00e1t \u00e9s hat\u00e9kony vez\u00e9rl\u00e9s\u00e9t. Ezek a hengerek nemcsak sima mozg\u00e1st biztos\u00edtanak, hanem nagy terhel\u00e9seket is elviselnek, biztos\u00edtva a g\u00e9pek hat\u00e9kony m\u0171k\u00f6d\u00e9s\u00e9t \u00e9s megb\u00edzhat\u00f3s\u00e1g\u00e1t k\u00fcl\u00f6nb\u00f6z\u0151 munkak\u00f6r\u00fclm\u00e9nyek k\u00f6z\u00f6tt.<\/p>\n<p><img decoding=\"async\" src=\"https:\/\/www.hydraulic-cylinders.net\/wp-content\/uploads\/2025\/01\/songte-company-2.webp\"\/><\/p>\n<h2>Jellemz\u0151k<\/h2>\n<p>A karhengerek sz\u00e1mos olyan tulajdons\u00e1ggal rendelkeznek, amelyek hat\u00e9konny\u00e1 \u00e9s megb\u00edzhat\u00f3v\u00e1 teszik \u0151ket k\u00fcl\u00f6nf\u00e9le alkalmaz\u00e1sokban. Ezek k\u00f6z\u00fcl n\u00e9h\u00e1ny:<\/p>\n<ul>\n<li><strong>Nagy hat\u00e9konys\u00e1g\u00fa \u00e1tvitel:<\/strong> A karhengerek er\u0151teljes line\u00e1ris mozg\u00e1st \u00e9s er\u0151t biztos\u00edtanak, biztos\u00edtva a g\u00e9pkarok nagy teljes\u00edtm\u00e9ny\u00e9t k\u00fcl\u00f6nf\u00e9le m\u0171veletek sor\u00e1n.<\/li>\n<li><strong>Prec\u00edz vez\u00e9rl\u00e9s:<\/strong> Hidraulikus rendszereken kereszt\u00fcl a karhengerek pontos mozg\u00e1svez\u00e9rl\u00e9st \u00e9rhetnek el, \u00edgy a tartoz\u00e9kok m\u0171k\u00f6d\u00e9se rugalmasabb \u00e9s prec\u00edzebb.<\/li>\n<li><strong>Tart\u00f3ss\u00e1g:<\/strong> A karhengerek \u00e1ltal\u00e1ban nagy szil\u00e1rds\u00e1g\u00fa anyagokb\u00f3l k\u00e9sz\u00fclnek, amelyek j\u00f3 kop\u00e1s- \u00e9s korr\u00f3zi\u00f3\u00e1ll\u00f3s\u00e1ggal rendelkeznek, \u00edgy alkalmasak hossz\u00fa t\u00e1v\u00fa haszn\u00e1latra zord k\u00f6rnyezetben.<\/li>\n<li><strong>T\u00f6bbfunkci\u00f3s alkalmazkod\u00f3k\u00e9pess\u00e9g:<\/strong> Ezek a munkahengerek sz\u00e9les k\u00f6rben alkalmazhat\u00f3k k\u00fcl\u00f6nf\u00e9le g\u00e9pekben, p\u00e9ld\u00e1ul kotr\u00f3g\u00e9pekben, darukban \u00e9s mechanikus karokban, alkalmazkodva a k\u00fcl\u00f6nb\u00f6z\u0151 munkak\u00f6vetelm\u00e9nyekhez.<\/li>\n<li><strong>K\u00f6nny\u0171 karbantart\u00e1s:<\/strong> A tervez\u00e9s sor\u00e1n figyelembe vett\u00e9k a karbantart\u00e1s \u00e9s a csere egyszer\u0171s\u00e9g\u00e9t, \u00edgy a rendszeres ellen\u0151rz\u00e9s \u00e9s karbantart\u00e1s k\u00e9nyelmesebb\u00e9 v\u00e1lt, \u00e9s cs\u00f6kkentett\u00e9k a berendez\u00e9sek \u00e1ll\u00e1sidej\u00e9t.<\/li>\n<\/ul>\n<p><img decoding=\"async\" src=\"https:\/\/www.hydraulic-cylinders.net\/wp-content\/uploads\/2025\/01\/songte-oil-pipes-and-spare-parts.webp\"\/><\/p>\n<h2>Alkalmaz\u00e1sok<\/h2>\n<p>A karhengereket sz\u00e9les k\u00f6rben haszn\u00e1lj\u00e1k k\u00fcl\u00f6nf\u00e9le ipar\u00e1gakban \u00e9s alkalmaz\u00e1sokban, bele\u00e9rtve:<\/p>\n<ul>\n<li><strong>\u00c9p\u00edt\u00e9s:<\/strong> Kotr\u00f3g\u00e9pekben \u00e9s darukban a karhengereket a v\u00f6dr\u00f6k vagy g\u00e9mek mozg\u00e1s\u00e1nak vez\u00e9rl\u00e9s\u00e9re haszn\u00e1lj\u00e1k f\u00f6ldmunk\u00e1kn\u00e1l, anyagmozgat\u00e1sn\u00e1l \u00e9s szerkezeti telep\u00edt\u00e9sekn\u00e9l.<\/li>\n<li><strong>Gy\u00e1rt\u00e1s:<\/strong> Az automatiz\u00e1lt gy\u00e1rt\u00f3sorokon a karhengereket mechanikus karok mozgat\u00e1s\u00e1ra haszn\u00e1lj\u00e1k az \u00f6sszeszerel\u00e9s, hegeszt\u00e9s \u00e9s anyagmozgat\u00e1si folyamatok sor\u00e1n, jav\u00edtva a termel\u00e9si hat\u00e9konys\u00e1got \u00e9s a pontoss\u00e1got.<\/li>\n<li><strong>Mez\u0151gazdas\u00e1gi g\u00e9pek:<\/strong> A mez\u0151gazdas\u00e1gi g\u00e9pekben, p\u00e9ld\u00e1ul a betakar\u00edt\u00f3g\u00e9pekben \u00e9s a vet\u0151g\u00e9pekben, a karhengerek vez\u00e9rlik a m\u0171k\u00f6dtet\u0151 karok mozg\u00e1s\u00e1t, olyan feladatokat l\u00e1tva el, mint a vet\u00e9s, a tr\u00e1gy\u00e1z\u00e1s \u00e9s a betakar\u00edt\u00e1s.<\/li>\n<li><strong>B\u00e1ny\u00e1szati:<\/strong> A b\u00e1ny\u00e1szati \u200b\u200bberendez\u00e9sekben a karhengereket a b\u00e1ny\u00e1szati \u200b\u200bberendez\u00e9sek karjainak mozg\u00e1s\u00e1nak vez\u00e9rl\u00e9s\u00e9re haszn\u00e1lj\u00e1k az \u00e9rc kitermel\u00e9se \u00e9s sz\u00e1ll\u00edt\u00e1sa sor\u00e1n.<\/li>\n<li><strong>Logisztika \u00e9s sz\u00e1ll\u00edt\u00e1s:<\/strong> A targonc\u00e1kban \u00e9s anyagmozgat\u00f3 robotokban a karhengereket a vill\u00e1k emel\u00e9s\u00e9nek \u00e9s mozg\u00e1s\u00e1nak vez\u00e9rl\u00e9s\u00e9re haszn\u00e1lj\u00e1k, megval\u00f3s\u00edtva az anyagmozgat\u00e1st \u00e9s a rakod\u00e1st.<\/li>\n<\/ul>\n<h2>Tervez\u00e9si szempontok \u00e9s kiv\u00e1laszt\u00e1si szabv\u00e1nyok<\/h2>\n<p>A karhengerek sz\u00e1mos tervez\u00e9si szempontot \u00e9s kiv\u00e1laszt\u00e1si szabv\u00e1nyt figyelembe vesznek, amelyek biztos\u00edtj\u00e1k teljes\u00edtm\u00e9ny\u00fcket \u00e9s megb\u00edzhat\u00f3s\u00e1gukat k\u00fcl\u00f6nf\u00e9le alkalmaz\u00e1sokban. Ezen szempontok \u00e9s szabv\u00e1nyok n\u00e9melyike \u200b\u200ba k\u00f6vetkez\u0151:<\/p>\n<ul>\n<li><strong>Teherb\u00edr\u00e1s:<\/strong> A hat\u00e9kony m\u0171k\u00f6d\u00e9s \u00e9rdek\u00e9ben a karhengereknek el kell b\u00edrniuk a tartoz\u00e9kok \u00e9s tartoz\u00e9kok s\u00faly\u00e1t \u00e9s terhel\u00e9s\u00e9t.<\/li>\n<li><strong>T\u00f6m\u00edt\u00e9s:<\/strong> A karos munkahengerek k\u00fcl\u00f6nf\u00e9le t\u00f6m\u00edt\u0151elemeket haszn\u00e1lnak, p\u00e9ld\u00e1ul dugatty\u00fat\u00f6m\u00edt\u00e9seket \u00e9s r\u00fadt\u00f6m\u00edt\u00e9seket, amelyek kop\u00e1s\u00e1ll\u00f3 anyagokb\u00f3l, p\u00e9ld\u00e1ul poliuret\u00e1nb\u00f3l \u00e9s nitrilgumib\u00f3l k\u00e9sz\u00fclnek, hogy biztos\u00edts\u00e1k t\u00f6m\u00edt\u0151teljes\u00edtm\u00e9ny\u00fcket \u00e9s hossz\u00fa \u00e9lettartamukat.<\/li>\n<li><strong>Tart\u00f3ss\u00e1g:<\/strong> A karhengereket nagy szil\u00e1rds\u00e1g\u00fa, j\u00f3 kop\u00e1s\u00e1ll\u00f3s\u00e1g\u00fa \u00e9s korr\u00f3zi\u00f3\u00e1ll\u00f3s\u00e1g\u00fa anyagokb\u00f3l kell k\u00e9sz\u00edteni, hogy biztos\u00edts\u00e1k tart\u00f3ss\u00e1gukat zord k\u00f6rnyezetben.<\/li>\n<li><strong>Biztons\u00e1g:<\/strong> A karhengereknek meg kell felelni\u00fck a biztons\u00e1gi el\u0151\u00edr\u00e1soknak, \u00e9s olyan funkci\u00f3kkal kell rendelkezni\u00fck, mint a nyom\u00e1scs\u00f6kkent\u0151 szelepek \u00e9s a v\u00e9szle\u00e1ll\u00edt\u00f3 gombok a kezel\u0151k \u00e9s a g\u00e9pek v\u00e9delme \u00e9rdek\u00e9ben.<\/li>\n<li><strong>Karbantart\u00e1s:<\/strong> A karhengereket \u00fagy kell megtervezni, hogy k\u00f6nnyen karbantarthat\u00f3k \u00e9s jav\u00edthat\u00f3k legyenek, k\u00f6nnyen hozz\u00e1f\u00e9rhet\u0151 \u00e9s cser\u00e9lhet\u0151 alkatr\u00e9szekkel.<\/li>\n<\/ul>\n<p><img decoding=\"async\" src=\"https:\/\/www.hydraulic-cylinders.net\/wp-content\/uploads\/2025\/01\/songte-cylinder-head-with-all-kinds-excavator-models.webp\"\/><\/p>\n<h2>T\u00f6m\u00edt\u00e9s \u00e9s ken\u00e9s<\/h2>\n<p>A karos munkahengerek k\u00fcl\u00f6nf\u00e9le t\u00f6m\u00edt\u0151elemeket haszn\u00e1lnak, p\u00e9ld\u00e1ul dugatty\u00fat\u00f6m\u00edt\u00e9seket \u00e9s r\u00fadt\u00f6m\u00edt\u00e9seket, amelyek kop\u00e1s\u00e1ll\u00f3 anyagokb\u00f3l, p\u00e9ld\u00e1ul poliuret\u00e1nb\u00f3l \u00e9s nitrilgumib\u00f3l k\u00e9sz\u00fclnek, hogy biztos\u00edts\u00e1k t\u00f6m\u00edt\u0151teljes\u00edtm\u00e9ny\u00fcket \u00e9s hossz\u00fa \u00e9lettartamukat. A hengertest \u00e9s a menetes v\u00e9gfel\u00fclet finom megmunk\u00e1l\u00e1s\u00fa a kop\u00e1s\u00e1ll\u00f3s\u00e1g jav\u00edt\u00e1sa \u00e9rdek\u00e9ben. Rendszeresen kell kenni \u0151ket megfelel\u0151 mennyis\u00e9g\u0171 hidraulikaolajjal a sima \u00e9s hat\u00e9kony m\u0171k\u00f6d\u00e9s\u00fck biztos\u00edt\u00e1sa \u00e9rdek\u00e9ben.<\/p>\n<h2>Karbantart\u00e1s \u00e9s megel\u0151z\u0151 int\u00e9zked\u00e9sek<\/h2>\n<p>A rendszeres ellen\u0151rz\u00e9s \u00e9s a megel\u0151z\u0151 karbantart\u00e1s elengedhetetlen a karos munkahengerek hat\u00e9kony m\u0171k\u00f6d\u00e9s\u00e9nek \u00e9s hossz\u00fa \u00e9lettartam\u00e1nak biztos\u00edt\u00e1s\u00e1hoz. N\u00e9h\u00e1ny karbantart\u00e1si \u00e9s megel\u0151z\u0151 int\u00e9zked\u00e9s a k\u00f6vetkez\u0151ket foglalja mag\u00e1ban:<\/p>\n<ul>\n<li><strong>Rendszeresen ellen\u0151rizze \u00e9s cser\u00e9lje ki a kopott vagy s\u00e9r\u00fclt t\u00f6m\u00edt\u00e9seket \u00e9s alkatr\u00e9szeket.<\/strong><\/li>\n<li><strong>Rendszeresen tiszt\u00edtsa \u00e9s kenje meg a hengert \u00e9s alkatr\u00e9szeit.<\/strong><\/li>\n<li><strong>Rendszeresen ellen\u0151rizze a hidraulikaolaj szintj\u00e9t \u00e9s min\u0151s\u00e9g\u00e9t, \u00e9s sz\u00fcks\u00e9g szerint cser\u00e9lje ki.<\/strong><\/li>\n<li><strong>Ellen\u0151rizze a sziv\u00e1rg\u00e1sokat, \u00e9s azonnal jav\u00edtsa ki azokat a tov\u00e1bbi k\u00e1rok elker\u00fcl\u00e9se \u00e9rdek\u00e9ben.<\/strong><\/li>\n<li><strong>Haszn\u00e1laton k\u00edv\u00fcl a palackot megfelel\u0151en t\u00e1rolja, tiszta, sz\u00e1raz \u00e9s biztons\u00e1gos k\u00f6rnyezetben.<\/strong><\/li>\n<\/ul>\n<p><img decoding=\"async\" src=\"https:\/\/www.hydraulic-cylinders.net\/wp-content\/uploads\/2025\/01\/songte-chushion-collar.webp\"\/><\/p>\n<h2>Telep\u00edt\u00e9si \u00fatmutat\u00f3<\/h2>\n<p>A karhengerek beszerel\u00e9se a henger specifik\u00e1ci\u00f3inak \u00e9s a g\u00e9p k\u00f6vetelm\u00e9nyeinek gondos m\u00e9rlegel\u00e9s\u00e9t ig\u00e9nyli. N\u00e9h\u00e1ny beszerel\u00e9si ir\u00e1nyelv a k\u00f6vetkez\u0151ket tartalmazza:<\/p>\n<ul>\n<li><strong>A beszerel\u00e9s el\u0151tt gy\u0151z\u0151dj\u00f6n meg arr\u00f3l, hogy a henger \u00e9s alkatr\u00e9szei tiszt\u00e1k \u00e9s t\u00f6rmel\u00e9kekt\u0151l mentesek.<\/strong><\/li>\n<li><strong>Gy\u0151z\u0151dj\u00f6n meg arr\u00f3l, hogy a henger a megfelel\u0151 helyzetben \u00e9s ir\u00e1nyban van felszerelve, a r\u00f6gz\u00edt\u0151furatok \u00e9s csapok megfelel\u0151 illeszt\u00e9s\u00e9vel.<\/strong><\/li>\n<li><strong>H\u00fazza meg a r\u00f6gz\u00edt\u0151csavarokat \u00e9s any\u00e1kat a megfelel\u0151 nyomat\u00e9kbe\u00e1ll\u00edt\u00e1ssal.<\/strong><\/li>\n<li><strong>Csatlakoztassa megfelel\u0151en a hidraulikat\u00f6ml\u0151ket \u00e9s szerelv\u00e9nyeket, \u00fcgyelve arra, hogy ne legyen sziv\u00e1rg\u00e1s vagy megt\u00f6r\u00e9s.<\/strong><\/li>\n<li><strong>Haszn\u00e1lat el\u0151tt ellen\u0151rizze a henger m\u0171k\u00f6d\u00e9s\u00e9t, \u00e9s gy\u0151z\u0151dj\u00f6n meg arr\u00f3l, hogy megfelel\u0151en m\u0171k\u00f6dik.<\/strong><\/li>\n<\/ul>\n<h2>Biztons\u00e1gi szempontok \u00e9s k\u00f6rnyezeti t\u00e9nyez\u0151k<\/h2>\n<p>A karhengereknek meg kell felelni\u00fck a biztons\u00e1gi el\u0151\u00edr\u00e1soknak, \u00e9s olyan funkci\u00f3kkal kell rendelkezni\u00fck, mint a nyom\u00e1scs\u00f6kkent\u0151 szelepek \u00e9s a v\u00e9szle\u00e1ll\u00edt\u00f3 gombok a kezel\u0151k \u00e9s a g\u00e9pek v\u00e9delme \u00e9rdek\u00e9ben. A karhengereket haszn\u00e1l\u00f3 g\u00e9pek \u00fczemeltet\u00e9sekor elengedhetetlen a biztons\u00e1gi ir\u00e1nyelvek \u00e9s el\u0151\u00edr\u00e1sok betart\u00e1sa. A k\u00f6rnyezeti t\u00e9nyez\u0151k, mint p\u00e9ld\u00e1ul a h\u0151m\u00e9rs\u00e9klet, a p\u00e1ratartalom \u00e9s a vegyszereknek val\u00f3 kitetts\u00e9g, szint\u00e9n befoly\u00e1solhatj\u00e1k a karhengerek teljes\u00edtm\u00e9ny\u00e9t \u00e9s \u00e9lettartam\u00e1t. Fontos figyelembe venni ezeket a t\u00e9nyez\u0151ket a karhengerek kiv\u00e1laszt\u00e1sakor \u00e9s haszn\u00e1latakor.<\/p>\n<h2>Hibaelh\u00e1r\u00edt\u00e1s \u00e9s gyakori probl\u00e9m\u00e1k<\/h2>\n<p>A karhengerek haszn\u00e1lata sor\u00e1n felmer\u00fcl\u0151 gyakori probl\u00e9m\u00e1k k\u00f6z\u00e9 tartoznak a sziv\u00e1rg\u00e1sok, a meghib\u00e1sod\u00e1sok \u00e9s a nem megfelel\u0151 m\u0171k\u00f6d\u00e9s. Ezen probl\u00e9m\u00e1k diagnosztiz\u00e1l\u00e1s\u00e1hoz \u00e9s megold\u00e1s\u00e1hoz n\u00e9h\u00e1ny hibaelh\u00e1r\u00edt\u00e1si tipp \u00e9s megold\u00e1s:<\/p>\n<ul>\n<li><strong>Ellen\u0151rizze a sziv\u00e1rg\u00e1sokat, \u00e9s jav\u00edtsa meg vagy cser\u00e9lje ki a s\u00e9r\u00fclt t\u00f6m\u00edt\u00e9seket vagy alkatr\u00e9szeket.<\/strong><\/li>\n<li><strong>Ellen\u0151rizze a hidraulikaolaj szintj\u00e9t \u00e9s min\u0151s\u00e9g\u00e9t, \u00e9s sz\u00fcks\u00e9g szerint cser\u00e9lje ki.<\/strong><\/li>\n<li><strong>Vizsg\u00e1lja meg a hengert s\u00e9r\u00fcl\u00e9s vagy kop\u00e1s szempontj\u00e1b\u00f3l, \u00e9s cser\u00e9lje ki az elkopott vagy s\u00e9r\u00fclt alkatr\u00e9szeket.<\/strong><\/li>\n<li><strong>Ellen\u0151rizze az elt\u00f6m\u0151d\u00e9seket vagy akad\u00e1lyokat, \u00e9s sz\u00fcntesse meg azokat.<\/strong><\/li>\n<li><strong>Ha a probl\u00e9ma tov\u00e1bbra is fenn\u00e1ll vagy s\u00falyos, olvassa el a gy\u00e1rt\u00f3 k\u00e9zik\u00f6nyv\u00e9t, vagy k\u00e9rjen szak\u00e9rt\u0151i tan\u00e1csot.<\/strong><\/li>\n<\/ul>\n<p><img decoding=\"async\" src=\"https:\/\/www.hydraulic-cylinders.net\/wp-content\/uploads\/2025\/01\/songte-bushings-with-all-kinds-of-excavator-models.webp\"\/><\/p>\n<h2>R\u00f3lunk<\/h2>\n<p>Sz\u00e9les term\u00e9kv\u00e1laszt\u00e9kkal rendelkez\u0151 p\u00f3talkatr\u00e9sz-hidraulikus hengerek professzion\u00e1lis gy\u00e1rt\u00f3jak\u00e9nt \u00e9s nagykereskedelmi forgalmaz\u00f3j\u00e1v\u00e1 v\u00e1ltunk a hazai \u00e9s a nemzetk\u00f6zi piacokon. Mindig a kiv\u00e1l\u00f3 min\u0151s\u00e9g elv\u00e9t k\u00f6vetj\u00fck, a kifinomult gy\u00e1rt\u00f3m\u0171helyek ipari termel\u00e9sir\u00e1ny\u00edt\u00e1si strat\u00e9gi\u00e1j\u00e1ra t\u00e1maszkodva, folyamatosan fejlesztve m\u0171szaki sz\u00ednvonalunkat \u00e9s termel\u00e9si hat\u00e9konys\u00e1gunkat. Cs\u00facskateg\u00f3ri\u00e1s digit\u00e1lis gy\u00e1rt\u00f3berendez\u00e9sek \u00e9s professzion\u00e1lis tesztel\u0151rendszerek bevezet\u00e9s\u00e9vel folyamatosan optimaliz\u00e1ljuk gy\u00e1rt\u00e1si platformunkat, fejlesztj\u00fck term\u00e9kmin\u0151s\u00e9g-ellen\u0151rz\u00e9si folyamatainkat, \u00e9s er\u0151s innov\u00e1ci\u00f3s k\u00e9pess\u00e9gekkel rendelkez\u00fcnk. C\u00e9lunk, hogy nagy hat\u00e9konys\u00e1ggal, pontoss\u00e1ggal \u00e9s magas min\u0151s\u00e9gi elvek betart\u00e1s\u00e1val el\u00e9g\u00edts\u00fck ki \u00fcgyfeleink sokr\u00e9t\u0171 ig\u00e9nyeit.<\/p>\n<h2>Szolg\u00e1ltat\u00e1saink<\/h2>\n<p>\u00dcgyfeleink sz\u00e1m\u00e1ra k\u00fcl\u00f6nf\u00e9le szolg\u00e1ltat\u00e1sokat ny\u00fajtunk, bele\u00e9rtve:<\/p>\n<ul>\n<li><strong>Szakmaiass\u00e1g:<\/strong> Csapatunk tapasztalt m\u00e9rn\u00f6k\u00f6kb\u0151l \u00e9s technikusokb\u00f3l \u00e1ll, akik professzion\u00e1lis \u00e9s szem\u00e9lyre szabott megold\u00e1sokat tudnak k\u00edn\u00e1lni az \u00fcgyfelek egyedi ig\u00e9nyeinek kiel\u00e9g\u00edt\u00e9s\u00e9re.<\/li>\n<li><strong>Nemzetk\u00f6zi min\u0151s\u00edt\u00e9s:<\/strong> Term\u00e9keink sz\u00e1mos nemzetk\u00f6zi tan\u00fas\u00edtv\u00e1nnyal rendelkeznek, mint p\u00e9ld\u00e1ul az ISO9001, CE \u00e9s SGS.<\/li>\n<li><strong>Testreszab\u00e1s:<\/strong> Testreszabhatjuk term\u00e9keinket az \u00fcgyf\u00e9l egyedi ig\u00e9nyei szerint, p\u00e9ld\u00e1ul m\u00e9ret, nyom\u00e1s \u00e9s anyag szerint.<\/li>\n<li><strong>Gy\u00e1rt\u00f3berendez\u00e9sek:<\/strong> Korszer\u0171 gy\u00e1rt\u00f3berendez\u00e9seket \u00e9s elj\u00e1r\u00e1sokat haszn\u00e1lunk term\u00e9keink magas min\u0151s\u00e9g\u00e9nek \u00e9s pontoss\u00e1g\u00e1nak biztos\u00edt\u00e1sa \u00e9rdek\u00e9ben.<\/li>\n<li><strong>\u00c9rt\u00e9kes\u00edt\u00e9s ut\u00e1ni szolg\u00e1ltat\u00e1s:<\/strong> \u00c1tfog\u00f3 \u00e9rt\u00e9kes\u00edt\u00e9s ut\u00e1ni szolg\u00e1ltat\u00e1sokat ny\u00fajtunk, mint p\u00e9ld\u00e1ul karbantart\u00e1s, jav\u00edt\u00e1s \u00e9s m\u0171szaki t\u00e1mogat\u00e1s, hogy biztos\u00edtsuk \u00fcgyfeleink el\u00e9gedetts\u00e9g\u00e9t.<\/li>\n<\/ul>\n<p><img decoding=\"async\" src=\"https:\/\/www.hydraulic-cylinders.net\/wp-content\/uploads\/2025\/01\/songte-company-4.webp\"\/><br \/>\n<img decoding=\"async\" src=\"https:\/\/www.hydraulic-cylinders.net\/wp-content\/uploads\/2025\/01\/songte-company-3.webp\"\/><\/p>\n<p>Szerz\u0151: lyl<\/p>","protected":false},"excerpt":{"rendered":"<p>Arm Cylinder For JCM Small Excavator 907D Introduction Definition An arm cylinder is a specially designed hydraulic cylinder that provides linear motion and power to the arms of various types of machinery, such as excavators, cranes, and mechanical arms. The arm cylinder plays a crucial role in hydraulic systems, allowing attachments or accessories to move [&hellip;]<\/p>","protected":false},"featured_media":14783,"comment_status":"open","ping_status":"closed","template":"","meta":{"_et_pb_use_builder":"","_et_pb_old_content":"","_et_gb_content_width":""},"product_brand":[],"product_cat":[1497],"product_tag":[1498,1496],"class_list":{"0":"post-16597","1":"product","2":"type-product","3":"status-publish","4":"has-post-thumbnail","6":"product_cat-arm-cylinders","7":"product_tag-arm-cylinders","8":"product_tag-hydraulic-cylinders","10":"first","11":"instock","12":"shipping-taxable","13":"product-type-simple"},"amp_enabled":true,"_links":{"self":[{"href":"https:\/\/www.hydraulic-cylinders.net\/hu\/wp-json\/wp\/v2\/product\/16597","targetHints":{"allow":["GET"]}}],"collection":[{"href":"https:\/\/www.hydraulic-cylinders.net\/hu\/wp-json\/wp\/v2\/product"}],"about":[{"href":"https:\/\/www.hydraulic-cylinders.net\/hu\/wp-json\/wp\/v2\/types\/product"}],"replies":[{"embeddable":true,"href":"https:\/\/www.hydraulic-cylinders.net\/hu\/wp-json\/wp\/v2\/comments?post=16597"}],"wp:featuredmedia":[{"embeddable":true,"href":"https:\/\/www.hydraulic-cylinders.net\/hu\/wp-json\/wp\/v2\/media\/14783"}],"wp:attachment":[{"href":"https:\/\/www.hydraulic-cylinders.net\/hu\/wp-json\/wp\/v2\/media?parent=16597"}],"wp:term":[{"taxonomy":"product_brand","embeddable":true,"href":"https:\/\/www.hydraulic-cylinders.net\/hu\/wp-json\/wp\/v2\/product_brand?post=16597"},{"taxonomy":"product_cat","embeddable":true,"href":"https:\/\/www.hydraulic-cylinders.net\/hu\/wp-json\/wp\/v2\/product_cat?post=16597"},{"taxonomy":"product_tag","embeddable":true,"href":"https:\/\/www.hydraulic-cylinders.net\/hu\/wp-json\/wp\/v2\/product_tag?post=16597"}],"curies":[{"name":"munkaf\u00fczet","href":"https:\/\/api.w.org\/{rel}","templated":true}]}}