{"id":16618,"date":"2025-01-21T05:38:13","date_gmt":"2025-01-21T05:38:13","guid":{"rendered":"https:\/\/www.hydraulic-cylinders.net\/product\/arm-cylinder-for-bobcat-small-excavator-e63\/"},"modified":"2025-01-21T05:38:16","modified_gmt":"2025-01-21T05:38:16","slug":"arm-cylinder-for-bobcat-small-excavator-e63","status":"publish","type":"product","link":"https:\/\/www.hydraulic-cylinders.net\/hu\/termek\/arm-cylinder-for-bobcat-small-excavator-e63\/","title":{"rendered":"Karhenger Bobcat kis kotr\u00f3g\u00e9phez E63"},"content":{"rendered":"<p>Karhenger Bobcat kis kotr\u00f3g\u00e9phez E63<\/p>\n<p>Bevezet\u00e9s:<\/p>\n<p>A karhenger egy speci\u00e1lis hidraulikus henger, amelyet f\u0151k\u00e9nt k\u00fcl\u00f6nf\u00e9le g\u00e9pek, p\u00e9ld\u00e1ul kotr\u00f3g\u00e9pek, daruk \u00e9s robotkarok karjainak line\u00e1ris mozg\u00e1s\u00e1nak \u00e9s erej\u00e9nek biztos\u00edt\u00e1s\u00e1ra haszn\u00e1lnak. A karhenger kulcsszerepet j\u00e1tszik a hidraulikus rendszerekben, lehet\u0151v\u00e9 t\u00e9ve a tartoz\u00e9kok vagy tartoz\u00e9kok hat\u00e9kony mozg\u00e1s\u00e1t \u00e9s vez\u00e9rl\u00e9s\u00e9t. Ezek a hengerek nemcsak sima mozg\u00e1st biztos\u00edtanak, hanem nagy terhel\u00e9seket is elb\u00edrnak, biztos\u00edtva a g\u00e9pek hat\u00e9kony m\u0171k\u00f6d\u00e9s\u00e9t \u00e9s megb\u00edzhat\u00f3s\u00e1g\u00e1t k\u00fcl\u00f6nb\u00f6z\u0151 \u00fczemi k\u00f6r\u00fclm\u00e9nyek k\u00f6z\u00f6tt.<\/p>\n<p>Meghat\u00e1roz\u00e1s \u00e9s magyar\u00e1zat:<\/p>\n<p>A karhenger egy hidraulikus henger, amelyet arra terveztek, hogy line\u00e1ris mozg\u00e1st \u00e9s er\u0151t biztos\u00edtson a g\u00e9pek karjainak. A hidraulikus hengerek \u00fagy m\u0171k\u00f6dnek, hogy a folyad\u00e9knyom\u00e1s energi\u00e1j\u00e1t mechanikai er\u0151v\u00e9 \u00e9s mozg\u00e1ss\u00e1 alak\u00edtj\u00e1k. A karhenger a hidraulikus rendszer r\u00e9sze, amely biztos\u00edtja a kar mozg\u00e1s\u00e1hoz sz\u00fcks\u00e9ges er\u0151t. A hidraulikus rendszer egy hidraulikus szivatty\u00fab\u00f3l, hidraulikafolyad\u00e9kb\u00f3l, hidraulikus motorb\u00f3l \u00e9s hidraulikus hengerb\u0151l \u00e1ll. <\/p>\n<p>A karhengert \u00fagy tervezt\u00e9k, hogy ellen\u00e1lljon a nagy nyom\u00e1snak \u00e9s a neh\u00e9z terhel\u00e9seknek, valamint sima \u00e9s pontos mozg\u00e1st biztos\u00edtson. A henger \u00e1ltal\u00e1ban nagy szil\u00e1rds\u00e1g\u00fa anyagokb\u00f3l k\u00e9sz\u00fcl, j\u00f3 kop\u00e1s- \u00e9s korr\u00f3zi\u00f3\u00e1ll\u00f3s\u00e1ggal rendelkezik, \u00edgy alkalmass\u00e1 teszi a zord k\u00f6rnyezetben val\u00f3 haszn\u00e1latra. A karhengert sz\u00e9les k\u00f6rben haszn\u00e1lj\u00e1k k\u00fcl\u00f6nf\u00e9le g\u00e9pekben, p\u00e9ld\u00e1ul kotr\u00f3g\u00e9pekben, darukban \u00e9s robotkarokban.<\/p>\n<p>Jellemz\u0151k:<\/p>\n<p>1. Nagy hat\u00e9konys\u00e1g\u00fa er\u0151\u00e1tvitel: A karhenger er\u0151teljes line\u00e1ris mozg\u00e1st \u00e9s er\u0151t biztos\u00edt, biztos\u00edtva a g\u00e9pkar nagy hat\u00e9konys\u00e1g\u00fa teljes\u00edtm\u00e9ny\u00e9t k\u00fcl\u00f6nb\u00f6z\u0151 m\u0171veletek sor\u00e1n.<\/p>\n<p>2. Prec\u00edz vez\u00e9rl\u00e9s: A hidraulikus rendszerrel a karhenger prec\u00edz mozg\u00e1svez\u00e9rl\u00e9st \u00e9rhet el, \u00edgy a tartoz\u00e9kok m\u0171k\u00f6d\u00e9se rugalmasabb \u00e9s pontosabb.<\/p>\n<p>3. Er\u0151s tart\u00f3ss\u00e1g: A karhengerek \u00e1ltal\u00e1ban nagy szil\u00e1rds\u00e1g\u00fa anyagokb\u00f3l k\u00e9sz\u00fclnek, j\u00f3 kop\u00e1s- \u00e9s korr\u00f3zi\u00f3\u00e1ll\u00f3s\u00e1ggal rendelkeznek, \u00edgy alkalmasak hossz\u00fa t\u00e1v\u00fa haszn\u00e1latra zord k\u00f6rnyezetben.<\/p>\n<p>4. T\u00f6bbfunkci\u00f3s alkalmazkod\u00f3k\u00e9pess\u00e9g: Ezek a munkahengerek sz\u00e9les k\u00f6rben alkalmazhat\u00f3k k\u00fcl\u00f6nf\u00e9le g\u00e9pekben, p\u00e9ld\u00e1ul kotr\u00f3g\u00e9pekben, darukban \u00e9s robotkarokban, alkalmazkodva a k\u00fcl\u00f6nb\u00f6z\u0151 munkak\u00f6vetelm\u00e9nyekhez.<\/p>\n<p>5. K\u00f6nny\u0171 karbantart\u00e1s: A karhenger kialak\u00edt\u00e1sa figyelembe veszi a karbantart\u00e1s \u00e9s a csere egyszer\u0171s\u00e9g\u00e9t, \u00edgy k\u00f6nnyebb elv\u00e9gezni a rendszeres ellen\u0151rz\u00e9seket \u00e9s karbantart\u00e1st, cs\u00f6kkentve a berendez\u00e9s \u00e1ll\u00e1sidej\u00e9t.<\/p>\n<p>Termel\u00e9s:<\/p>\n<p>Term\u00e9keink t\u00f6k\u00e9letesen helyettes\u00edthetik ezeket a hidraulikus hengereket. Karhengereink kiv\u00e1l\u00f3 min\u0151s\u00e9g\u0171ek \u00e9s szigor\u00fa min\u0151s\u00e9gellen\u0151rz\u00e9s alatt k\u00e9sz\u00fclnek. Kiv\u00e1l\u00f3 min\u0151s\u00e9g\u0171 anyagokat \u00e9s korszer\u0171 gy\u00e1rt\u00f3berendez\u00e9seket haszn\u00e1lunk term\u00e9keink tart\u00f3ss\u00e1g\u00e1nak \u00e9s megb\u00edzhat\u00f3s\u00e1g\u00e1nak biztos\u00edt\u00e1sa \u00e9rdek\u00e9ben.<\/p>\n<p>Alkalmaz\u00e1s:<\/p>\n<p>1. \u00c9p\u00edt\u0151ipar: Kotr\u00f3g\u00e9pekn\u00e9l \u00e9s darukn\u00e1l a karhengereket a kan\u00e1l vagy a g\u00e9m mozg\u00e1s\u00e1nak vez\u00e9rl\u00e9s\u00e9re haszn\u00e1lj\u00e1k f\u00f6ldmunk\u00e1k, anyagmozgat\u00e1s \u00e9s szerkezeti szerel\u00e9s sor\u00e1n.<\/p>\n<p>2. Gy\u00e1rt\u00e1s: Az automatiz\u00e1lt gy\u00e1rt\u00f3sorokon a karhengereket robotkarok mozgat\u00e1s\u00e1ra haszn\u00e1lj\u00e1k \u00f6sszeszerel\u00e9si, hegeszt\u00e9si \u00e9s anyagmozgat\u00e1si folyamatok sor\u00e1n, jav\u00edtva a termel\u00e9si hat\u00e9konys\u00e1got \u00e9s a pontoss\u00e1got.<\/p>\n<p>3. Mez\u0151gazdas\u00e1gi g\u00e9pek: A mez\u0151gazdas\u00e1gi g\u00e9pekben, p\u00e9ld\u00e1ul a betakar\u00edt\u00f3g\u00e9pekben \u00e9s a vet\u0151g\u00e9pekben a karhengerek szab\u00e1lyozz\u00e1k a m\u0171k\u00f6dtet\u0151 kar mozg\u00e1s\u00e1t, olyan feladatokat l\u00e1tva el, mint az vet\u00e9s, a tr\u00e1gy\u00e1z\u00e1s \u00e9s a betakar\u00edt\u00e1s.<\/p>\n<p>4. B\u00e1ny\u00e1szat: A b\u00e1ny\u00e1szati \u200b\u200bberendez\u00e9sekben a karhengereket a b\u00e1ny\u00e1szati \u200b\u200bberendez\u00e9s karj\u00e1nak mozg\u00e1s\u00e1nak vez\u00e9rl\u00e9s\u00e9re haszn\u00e1lj\u00e1k az \u00e9rc kitermel\u00e9se \u00e9s sz\u00e1ll\u00edt\u00e1sa sor\u00e1n.<\/p>\n<p>5. Logisztika \u00e9s sz\u00e1ll\u00edt\u00e1s: A targonc\u00e1kban \u00e9s anyagmozgat\u00f3 robotokban a karhengereket a vill\u00e1k mozg\u00e1s\u00e1nak \u00e9s emel\u00e9s\u00e9nek vez\u00e9rl\u00e9s\u00e9re haszn\u00e1lj\u00e1k, megval\u00f3s\u00edtva az anyagok kezel\u00e9s\u00e9t \u00e9s egym\u00e1sra rak\u00e1s\u00e1t.<\/p>\n<p>Tervez\u00e9si szempontok:<\/p>\n<p>1. Teherb\u00edr\u00e1s: A karhengert \u00fagy kell megtervezni, hogy elb\u00edrja a m\u0171k\u00f6d\u00e9s sor\u00e1n fell\u00e9p\u0151 maxim\u00e1lis terhel\u00e9st, biztos\u00edtva a biztons\u00e1got \u00e9s a megb\u00edzhat\u00f3s\u00e1got.<\/p>\n<p>2. T\u00f6m\u00edt\u00e9s: A karhengert megfelel\u0151en t\u00f6m\u00edteni kell a folyad\u00e9k sziv\u00e1rg\u00e1s\u00e1nak megakad\u00e1lyoz\u00e1sa \u00e9rdek\u00e9ben, biztos\u00edtva a hidraulikus rendszer zavartalan m\u0171k\u00f6d\u00e9s\u00e9t.<\/p>\n<p>3. Tart\u00f3ss\u00e1g: A karhengernek nagy szil\u00e1rds\u00e1g\u00fa anyagokb\u00f3l kell k\u00e9sz\u00fclnie, \u00e9s j\u00f3 kop\u00e1s- \u00e9s korr\u00f3zi\u00f3\u00e1ll\u00f3s\u00e1ggal kell rendelkeznie, hogy ellen\u00e1lljon a zord \u00fczemi k\u00f6r\u00fclm\u00e9nyeknek.<\/p>\n<p>4. Biztons\u00e1g: A karhengert \u00fagy kell megtervezni, hogy megel\u0151zze a baleseteket, \u00e9s biztos\u00edtsa az emberek \u00e9s a berendez\u00e9sek biztons\u00e1g\u00e1t.<\/p>\n<p>5. Karbantart\u00e1s: A karhengert \u00fagy kell megtervezni, hogy k\u00f6nnyen karbantarthat\u00f3 \u00e9s cser\u00e9lhet\u0151 legyen, cs\u00f6kkentve a berendez\u00e9s \u00e1ll\u00e1sidej\u00e9t \u00e9s a karbantart\u00e1si k\u00f6lts\u00e9geket.<\/p>\n<p>T\u00f6m\u00edt\u00e9s \u00e9s ken\u00e9s:<\/p>\n<p>A karhenger z\u00f6kken\u0151mentes m\u0171k\u00f6d\u00e9s\u00e9nek biztos\u00edt\u00e1sa \u00e9rdek\u00e9ben k\u00fcl\u00f6nf\u00e9le t\u00f6m\u00edt\u0151elemeket, p\u00e9ld\u00e1ul dugatty\u00fat\u00f6m\u00edt\u00e9seket \u00e9s r\u00fadt\u00f6m\u00edt\u00e9seket haszn\u00e1lnak. Ezek a t\u00f6m\u00edt\u00e9sek \u00e1ltal\u00e1ban kop\u00e1s\u00e1ll\u00f3 anyagokb\u00f3l, p\u00e9ld\u00e1ul poliuret\u00e1nb\u00f3l \u00e9s nitrilgumib\u00f3l k\u00e9sz\u00fclnek. Ezenk\u00edv\u00fcl a hengertest \u00e9s a menetes v\u00e9g fel\u00fclet\u00e9t prec\u00edzen megmunk\u00e1lj\u00e1k a kop\u00e1s\u00e1ll\u00f3s\u00e1g jav\u00edt\u00e1sa \u00e9rdek\u00e9ben. A hidraulikus rendszer ken\u00e9s\u00e9nek fenntart\u00e1s\u00e1hoz rendszeres olajcsere \u00e9s a megfelel\u0151 hidraulikaolaj haszn\u00e1lata sz\u00fcks\u00e9ges.<\/p>\n<p>Karbantart\u00e1s \u00e9s jav\u00edt\u00e1s:<\/p>\n<p>A karhenger rendszeres ellen\u0151rz\u00e9se \u00e9s karbantart\u00e1sa sz\u00fcks\u00e9ges a megb\u00edzhat\u00f3s\u00e1g\u00e1nak \u00e9s biztons\u00e1g\u00e1nak biztos\u00edt\u00e1s\u00e1hoz. Ha probl\u00e9ma mer\u00fcl fel a karhengerrel, azt id\u0151ben meg kell jav\u00edtani vagy ki kell cser\u00e9lni. A karhenger megfelel\u0151 telep\u00edt\u00e9se \u00e9s haszn\u00e1lata cs\u00f6kkenti a meghib\u00e1sod\u00e1sok val\u00f3sz\u00edn\u0171s\u00e9g\u00e9t \u00e9s meghosszabb\u00edtja az \u00e9lettartam\u00e1t.<\/p>\n<p>Telep\u00edt\u00e9si \u00fatmutat\u00f3:<\/p>\n<p>1. Telep\u00edt\u00e9s el\u0151tt ellen\u0151rizze a karhenger megjelen\u00e9s\u00e9t, \u00e9s tiszt\u00edtsa meg a hengert \u00e9s a telep\u00edt\u00e9si fel\u00fcletet.<\/p>\n<p>2. Szerelje fel a karhengert a telep\u00edt\u00e9si utas\u00edt\u00e1soknak megfelel\u0151en, \u00e9s a megfelel\u0151 szersz\u00e1mokkal h\u00fazza meg a csavarokat.<\/p>\n<p>3. Csatlakoztassa a hidraulikavezet\u00e9ket a karhengerhez, \u00e9s gy\u0151z\u0151dj\u00f6n meg arr\u00f3l, hogy megfelel\u0151en t\u00f6m\u00edtett.<\/p>\n<p>4. T\u00f6ltse fel a hidraulikarendszert a megfelel\u0151 hidraulikaolajjal.<\/p>\n<p>5. Ellen\u0151rizze a karhenger megfelel\u0151 m\u0171k\u00f6d\u00e9s\u00e9t.<\/p>\n<p>Biztons\u00e1gi szempontok:<\/p>\n<p>A karhenger haszn\u00e1latakor megfelel\u0151 biztons\u00e1gi int\u00e9zked\u00e9seket kell tenni a balesetek megel\u0151z\u00e9se \u00e9rdek\u00e9ben. Fontos a telep\u00edt\u00e9si utas\u00edt\u00e1sok betart\u00e1sa \u00e9s a karhenger megfelel\u0151 haszn\u00e1lata. Ha probl\u00e9ma van a karhengerrel, azt id\u0151ben meg kell jav\u00edtani vagy ki kell cser\u00e9lni a balesetek elker\u00fcl\u00e9se \u00e9rdek\u00e9ben.<\/p>\n<p>Hibadiagn\u00f3zis \u00e9s gyakori probl\u00e9m\u00e1k:<\/p>\n<p>1. Sziv\u00e1rg\u00e1s: A sziv\u00e1rg\u00e1s gyakori probl\u00e9ma a hidraulikus hengerekn\u00e9l, amelyet s\u00e9r\u00fclt t\u00f6m\u00edt\u00e9sek vagy m\u00e1s alkatr\u00e9szek okozhatnak.<\/p>\n<p>2. Gyenge mozg\u00e1s: A karhenger gyenge mozg\u00e1s\u00e1t k\u00fcl\u00f6nf\u00e9le t\u00e9nyez\u0151k okozhatj\u00e1k, p\u00e9ld\u00e1ul alacsony hidraulikus nyom\u00e1s, s\u00e9r\u00fclt hengeralkatr\u00e9szek vagy eldugult hidraulikus vezet\u00e9k.<\/p>\n<p>3. Rendellenes zaj: A rendellenes zajt k\u00fcl\u00f6nf\u00e9le t\u00e9nyez\u0151k okozhatj\u00e1k, p\u00e9ld\u00e1ul s\u00e9r\u00fclt alkatr\u00e9szek, alacsony hidraulikus nyom\u00e1s vagy leveg\u0151 a hidraulikus rendszerben.<\/p>\n<p>Hibaelh\u00e1r\u00edt\u00e1s \u00e9s megel\u0151z\u00e9s:<\/p>\n<p>1. Sziv\u00e1rg\u00e1s: Cser\u00e9lje ki a s\u00e9r\u00fclt t\u00f6m\u00edt\u00e9seket \u00e9s egy\u00e9b alkatr\u00e9szeket, \u00e9s gy\u0151z\u0151dj\u00f6n meg arr\u00f3l, hogy a hidraulikus rendszer megfelel\u0151en t\u00f6m\u00edtett.<\/p>\n<p>2. Gyenge mozg\u00e1s: Ellen\u0151rizze a hidraulikus nyom\u00e1st, cser\u00e9lje ki a s\u00e9r\u00fclt alkatr\u00e9szeket, \u00e9s gy\u0151z\u0151dj\u00f6n meg arr\u00f3l, hogy a hidraulikus vezet\u00e9k nincs elt\u00f6m\u0151dve.<\/p>\n<p>3. Rendellenes zaj: Ellen\u0151rizze a s\u00e9r\u00fclt alkatr\u00e9szeket, a hidraulikus nyom\u00e1st, \u00e9s t\u00e1vol\u00edtsa el a leveg\u0151t a hidraulikus rendszerb\u0151l.<\/p>\n<p>K\u00f6vetkeztet\u00e9s:<\/p>\n<p>Sz\u00e9les term\u00e9kv\u00e1laszt\u00e9kkal rendelkez\u0151 p\u00f3talkatr\u00e9sz-hidraulikus hengerek professzion\u00e1lis gy\u00e1rt\u00f3jak\u00e9nt a hazai \u00e9s k\u00fclf\u00f6ldi piacok egyik vezet\u0151 hidraulikus hengergy\u00e1rt\u00f3j\u00e1v\u00e1 \u00e9s nagykereskedelmi forgalmaz\u00f3j\u00e1v\u00e1 v\u00e1ltunk. Mindig a kiv\u00e1l\u00f3 min\u0151s\u00e9g elv\u00e9t k\u00f6vetj\u00fck, \u00e9s finom gy\u00e1rt\u00f3m\u0171helyeinkben iparos\u00edtott termel\u00e9sir\u00e1ny\u00edt\u00e1si strat\u00e9gi\u00e1kra t\u00e1maszkodunk technol\u00f3giai szint\u00fcnk \u00e9s termel\u00e9si hat\u00e9konys\u00e1gunk folyamatos fejleszt\u00e9se \u00e9rdek\u00e9ben. C\u00e9lunk, hogy nagy hat\u00e9konys\u00e1ggal, pontoss\u00e1ggal \u00e9s kiv\u00e1l\u00f3 min\u0151s\u00e9g\u0171 term\u00e9kekkel el\u00e9g\u00edts\u00fck ki \u00fcgyfeleink sokr\u00e9t\u0171 ig\u00e9nyeit.<\/p>\n<p>C\u00e9g\u00fcnk elk\u00f6telezett a professzion\u00e1lis, nemzetk\u00f6zi tan\u00fas\u00edt\u00e1s, a szem\u00e9lyre szabott szolg\u00e1ltat\u00e1sok, a korszer\u0171 gy\u00e1rt\u00f3berendez\u00e9sek \u00e9s a kiv\u00e1l\u00f3 \u00e9rt\u00e9kes\u00edt\u00e9s ut\u00e1ni szolg\u00e1ltat\u00e1sok biztos\u00edt\u00e1sa ir\u00e1nt. C\u00e9g\u00fcnk fejl\u0151d\u00e9s\u00e9vel tov\u00e1bbra is kiv\u00e1l\u00f3 min\u0151s\u00e9g\u0171 term\u00e9keket \u00e9s szolg\u00e1ltat\u00e1sokat fogunk ny\u00fajtani \u00fcgyfeleink sz\u00e1m\u00e1ra.<\/p>\n<p>Szerz\u0151: lyl<\/p>","protected":false},"excerpt":{"rendered":"<p>Arm Cylinder For Bobcat Small Excavator E63 Introduction: Arm cylinder is a specialized hydraulic cylinder that is mainly used to provide linear motion and power to the arms of various types of machinery such as excavators, cranes, and robotic arms. The arm cylinder plays a crucial role in hydraulic systems, enabling the effective movement and [&hellip;]<\/p>","protected":false},"featured_media":14779,"comment_status":"open","ping_status":"closed","template":"","meta":{"_et_pb_use_builder":"","_et_pb_old_content":"","_et_gb_content_width":""},"product_brand":[],"product_cat":[1497],"product_tag":[1498,1496],"class_list":{"0":"post-16618","1":"product","2":"type-product","3":"status-publish","4":"has-post-thumbnail","6":"product_cat-arm-cylinders","7":"product_tag-arm-cylinders","8":"product_tag-hydraulic-cylinders","10":"first","11":"instock","12":"shipping-taxable","13":"product-type-simple"},"amp_enabled":true,"_links":{"self":[{"href":"https:\/\/www.hydraulic-cylinders.net\/hu\/wp-json\/wp\/v2\/product\/16618","targetHints":{"allow":["GET"]}}],"collection":[{"href":"https:\/\/www.hydraulic-cylinders.net\/hu\/wp-json\/wp\/v2\/product"}],"about":[{"href":"https:\/\/www.hydraulic-cylinders.net\/hu\/wp-json\/wp\/v2\/types\/product"}],"replies":[{"embeddable":true,"href":"https:\/\/www.hydraulic-cylinders.net\/hu\/wp-json\/wp\/v2\/comments?post=16618"}],"wp:featuredmedia":[{"embeddable":true,"href":"https:\/\/www.hydraulic-cylinders.net\/hu\/wp-json\/wp\/v2\/media\/14779"}],"wp:attachment":[{"href":"https:\/\/www.hydraulic-cylinders.net\/hu\/wp-json\/wp\/v2\/media?parent=16618"}],"wp:term":[{"taxonomy":"product_brand","embeddable":true,"href":"https:\/\/www.hydraulic-cylinders.net\/hu\/wp-json\/wp\/v2\/product_brand?post=16618"},{"taxonomy":"product_cat","embeddable":true,"href":"https:\/\/www.hydraulic-cylinders.net\/hu\/wp-json\/wp\/v2\/product_cat?post=16618"},{"taxonomy":"product_tag","embeddable":true,"href":"https:\/\/www.hydraulic-cylinders.net\/hu\/wp-json\/wp\/v2\/product_tag?post=16618"}],"curies":[{"name":"munkaf\u00fczet","href":"https:\/\/api.w.org\/{rel}","templated":true}]}}