{"id":16620,"date":"2025-01-21T05:38:22","date_gmt":"2025-01-21T05:38:22","guid":{"rendered":"https:\/\/www.hydraulic-cylinders.net\/product\/arm-cylinder-for-bobcat-small-excavator-e32\/"},"modified":"2025-01-21T05:38:24","modified_gmt":"2025-01-21T05:38:24","slug":"arm-cylinder-for-bobcat-small-excavator-e32","status":"publish","type":"product","link":"https:\/\/www.hydraulic-cylinders.net\/hu\/termek\/arm-cylinder-for-bobcat-small-excavator-e32\/","title":{"rendered":"Karhenger Bobcat kis kotr\u00f3g\u00e9phez E32"},"content":{"rendered":"<h1>Karhenger Bobcat kis kotr\u00f3g\u00e9phez E32<\/h1>\n<h2>Bevezet\u00e9s<\/h2>\n<p>A Bobcat E32 kis kotr\u00f3g\u00e9p karhengere egy speci\u00e1lis hidraulikus henger, amelyet arra terveztek, hogy line\u00e1ris mozg\u00e1st \u00e9s er\u0151t biztos\u00edtson k\u00fcl\u00f6nf\u00e9le g\u00e9pek, p\u00e9ld\u00e1ul kotr\u00f3g\u00e9pek, daruk \u00e9s robotkarok karjainak. A karhengerek kulcsszerepet j\u00e1tszanak a hidraulikus rendszerekben, lehet\u0151v\u00e9 t\u00e9ve a tov\u00e1bbi szersz\u00e1mok vagy tartoz\u00e9kok hat\u00e9kony mozg\u00e1s\u00e1t \u00e9s vez\u00e9rl\u00e9s\u00e9t. Ezek a hengerek nemcsak sima mozg\u00e1st tesznek lehet\u0151v\u00e9, hanem nagy terhel\u00e9seket is elviselnek, biztos\u00edtva a g\u00e9p hat\u00e9kony m\u0171k\u00f6d\u00e9s\u00e9t \u00e9s megb\u00edzhat\u00f3s\u00e1g\u00e1t k\u00fcl\u00f6nb\u00f6z\u0151 munkak\u00f6r\u00fclm\u00e9nyek k\u00f6z\u00f6tt.<\/p>\n<p><img decoding=\"async\" src=\"https:\/\/www.hydraulic-cylinders.net\/wp-content\/uploads\/2025\/01\/songte-company-2.webp\" alt=\"Karhenger k\u00e9pe\"><\/p>\n<h2>Jellemz\u0151k<\/h2>\n<ul>\n<li>Nagy hat\u00e9konys\u00e1g\u00fa er\u0151\u00e1tvitel: A karhenger er\u0151teljes line\u00e1ris mozg\u00e1st \u00e9s er\u0151t biztos\u00edt, biztos\u00edtva a mechanikus kar nagy teljes\u00edtm\u00e9ny\u00e9t k\u00fcl\u00f6nf\u00e9le m\u0171veletek sor\u00e1n.<\/li>\n<li>Prec\u00edz vez\u00e9rl\u00e9s: A hidraulikus rendszeren kereszt\u00fcl a karhenger prec\u00edz mozg\u00e1svez\u00e9rl\u00e9st tesz lehet\u0151v\u00e9, \u00edgy a csatlakoztatott eszk\u00f6z\u00f6k m\u0171k\u00f6dtet\u00e9se rugalmasabb \u00e9s pontosabb.<\/li>\n<li>Tart\u00f3ss\u00e1g: A karos munkahengerek jellemz\u0151en nagy szil\u00e1rds\u00e1g\u00fa anyagokb\u00f3l k\u00e9sz\u00fclnek, amelyek kiv\u00e1l\u00f3 kop\u00e1s\u00e1ll\u00f3s\u00e1got \u00e9s korr\u00f3zi\u00f3\u00e1ll\u00f3s\u00e1got biztos\u00edtanak, \u00edgy alkalmasak hossz\u00fa t\u00e1v\u00fa haszn\u00e1latra zord k\u00f6rnyezetben.<\/li>\n<li>T\u00f6bbfunkci\u00f3s alkalmazkod\u00f3k\u00e9pess\u00e9g: Ezek a munkahengerek sz\u00e9les k\u00f6rben alkalmazhat\u00f3k k\u00fcl\u00f6nf\u00e9le g\u00e9pekben, p\u00e9ld\u00e1ul kotr\u00f3g\u00e9pekben, darukban \u00e9s robotkarokban, alkalmazkodva a k\u00fcl\u00f6nb\u00f6z\u0151 munkak\u00f6vetelm\u00e9nyekhez.<\/li>\n<li>K\u00f6nny\u0171 karbantart\u00e1s: A k\u00f6nny\u0171 karbantart\u00e1st \u00e9s cser\u00e9t szem el\u0151tt tartva tervezt\u00e9k, a hengerek megk\u00f6nny\u00edtik a rutinszer\u0171 ellen\u0151rz\u00e9seket \u00e9s karbantart\u00e1st, cs\u00f6kkentve a berendez\u00e9sek \u00e1ll\u00e1sidej\u00e9t.<\/li>\n<\/ul>\n<p><img decoding=\"async\" src=\"https:\/\/www.hydraulic-cylinders.net\/wp-content\/uploads\/2025\/01\/songte-oil-pipes-and-spare-parts.webp\" alt=\"Term\u00e9kk\u00e9p\"><\/p>\n<h2>Alkalmaz\u00e1sok<\/h2>\n<p>A Bobcat Small Excavator E32 karhengere sz\u00e1mos ipar\u00e1gban alkalmazhat\u00f3:<\/p>\n<ol>\n<li>\u00c9p\u00edt\u0151ipar: Kotr\u00f3g\u00e9pekben \u00e9s darukban haszn\u00e1lj\u00e1k, a karhenger a v\u00f6dr\u00f6k vagy g\u00e9mek mozg\u00e1s\u00e1t vez\u00e9rli f\u00f6ldmunk\u00e1kn\u00e1l, anyagmozgat\u00e1sn\u00e1l \u00e9s szerkezeti telep\u00edt\u00e9sn\u00e9l.<\/li>\n<li>Gy\u00e1rt\u00f3ipar: Az automatiz\u00e1lt gy\u00e1rt\u00f3sorokon a karhenger hajtja a robotkarok mozg\u00e1s\u00e1t az \u00f6sszeszerel\u00e9si, hegeszt\u00e9si \u00e9s anyagmozgat\u00e1si folyamatok sor\u00e1n, n\u00f6velve a termel\u00e9si hat\u00e9konys\u00e1got \u00e9s a pontoss\u00e1got.<\/li>\n<li>Mez\u0151gazdas\u00e1gi g\u00e9pek: A mez\u0151gazdas\u00e1gi berendez\u00e9sekben, p\u00e9ld\u00e1ul a betakar\u00edt\u00f3g\u00e9pekben \u00e9s a vet\u0151g\u00e9pekben a karhenger vez\u00e9rli a m\u0171k\u00f6dtet\u0151 karok mozg\u00e1s\u00e1t olyan feladatokhoz, mint a vet\u00e9s, a m\u0171tr\u00e1gy\u00e1z\u00e1s \u00e9s a betakar\u00edt\u00e1s.<\/li>\n<li>B\u00e1ny\u00e1szat: A b\u00e1ny\u00e1szati \u200b\u200bberendez\u00e9sekben a karhenger vez\u00e9rli a b\u00e1ny\u00e1szati \u200b\u200bg\u00e9pek karj\u00e1nak mozg\u00e1s\u00e1t az \u00e9rc kitermel\u00e9se \u00e9s sz\u00e1ll\u00edt\u00e1sa sor\u00e1n.<\/li>\n<li>Logisztika \u00e9s sz\u00e1ll\u00edt\u00e1s: A targonc\u00e1kban \u00e9s anyagmozgat\u00f3 robotokban a karhenger vez\u00e9rli a vill\u00e1k emel\u00e9s\u00e9t \u00e9s mozg\u00e1s\u00e1t, lehet\u0151v\u00e9 t\u00e9ve az anyagmozgat\u00e1st \u00e9s a rakod\u00e1st.<\/li>\n<\/ol>\n<h2>Tervez\u00e9si szempontok \u00e9s kiv\u00e1laszt\u00e1si krit\u00e9riumok<\/h2>\n<p>A hengerfej tervez\u00e9sekor \u00e9s kiv\u00e1laszt\u00e1sakor sz\u00e1mos kulcsfontoss\u00e1g\u00fa t\u00e9nyez\u0151t kell figyelembe venni:<\/p>\n<ol>\n<li>Teherb\u00edr\u00e1s: A hengernek k\u00e9pesnek kell lennie ellen\u00e1llni a m\u0171k\u00f6d\u00e9s k\u00f6zben fell\u00e9p\u0151 maxim\u00e1lis terhel\u00e9snek.<\/li>\n<li>T\u00f6m\u00edt\u00e9s: K\u00fcl\u00f6nb\u00f6z\u0151 t\u00f6m\u00edt\u0151elemeket, p\u00e9ld\u00e1ul dugatty\u00fat\u00f6m\u00edt\u00e9seket \u00e9s r\u00fadt\u00f6m\u00edt\u00e9seket haszn\u00e1lnak, amelyek jellemz\u0151en kop\u00e1s\u00e1ll\u00f3 anyagokb\u00f3l, p\u00e9ld\u00e1ul poliuret\u00e1nb\u00f3l \u00e9s nitrilgumib\u00f3l k\u00e9sz\u00fclnek.<\/li>\n<li>Tart\u00f3ss\u00e1g: A hengertest \u00e9s a menetes v\u00e9gek finom megmunk\u00e1l\u00e1s\u00faak a kop\u00e1s\u00e1ll\u00f3s\u00e1g fokoz\u00e1sa \u00e9rdek\u00e9ben.<\/li>\n<li>Biztons\u00e1g: A tervez\u00e9snek priorit\u00e1st kell \u00e9lveznie a biztons\u00e1gi funkci\u00f3k tekintet\u00e9ben a balesetek megel\u0151z\u00e9se \u00e9s a kezel\u0151 v\u00e9delme \u00e9rdek\u00e9ben.<\/li>\n<li>Karbantarthat\u00f3s\u00e1g: A megfelel\u0151 karbantart\u00e1shoz rendszeres hidraulikaolajjal t\u00f6rt\u00e9n\u0151 ken\u00e9s \u00e9s id\u0151szakos ellen\u0151rz\u00e9s sz\u00fcks\u00e9ges.<\/li>\n<\/ol>\n<p><img decoding=\"async\" src=\"https:\/\/www.hydraulic-cylinders.net\/wp-content\/uploads\/2025\/01\/songte-cylinder-head-with-all-kinds-excavator-models.webp\" alt=\"Term\u00e9kk\u00e9p\"><\/p>\n<h2>T\u00f6m\u00edt\u00e9s \u00e9s ken\u00e9s<\/h2>\n<p>A karhenger k\u00fcl\u00f6nf\u00e9le t\u00f6m\u00edt\u0151elemeket haszn\u00e1l, bele\u00e9rtve a dugatty\u00fat\u00f6m\u00edt\u00e9seket \u00e9s a r\u00fadt\u00f6m\u00edt\u00e9seket, amelyek kop\u00e1s\u00e1ll\u00f3 anyagokb\u00f3l, p\u00e9ld\u00e1ul poliuret\u00e1nb\u00f3l \u00e9s nitrilgumib\u00f3l k\u00e9sz\u00fclnek. A hengertest \u00e9s a menetes v\u00e9gek prec\u00edz megmunk\u00e1l\u00e1son esnek \u00e1t a kop\u00e1s\u00e1ll\u00f3s\u00e1g jav\u00edt\u00e1sa \u00e9rdek\u00e9ben. A t\u00f6m\u00edt\u00e9sek z\u00f6kken\u0151mentes m\u0171k\u00f6d\u00e9s\u00e9nek \u00e9s ken\u00e9s\u00e9nek biztos\u00edt\u00e1s\u00e1hoz rendszeres ken\u00e9s sz\u00fcks\u00e9ges a megfelel\u0151 mennyis\u00e9g\u0171 hidraulikaolajjal.<\/p>\n<h2>Rendszeres ellen\u0151rz\u00e9s \u00e9s megel\u0151z\u0151 karbantart\u00e1s<\/h2>\n<p>Az optim\u00e1lis teljes\u00edtm\u00e9ny \u00e9s a hossz\u00fa \u00e9lettartam biztos\u00edt\u00e1sa \u00e9rdek\u00e9ben elengedhetetlen a rendszeres ellen\u0151rz\u00e9s \u00e9s a megel\u0151z\u0151 karbantart\u00e1s. A k\u00f6vetkez\u0151 int\u00e9zked\u00e9seket kell megtenni:<\/p>\n<ul>\n<li>Vizsg\u00e1lja meg a hengert sziv\u00e1rg\u00e1s vagy s\u00e9r\u00fcl\u00e9s jelei szempontj\u00e1b\u00f3l.<\/li>\n<li>Figyelje a t\u00f6m\u00edt\u00e9sek \u00e1llapot\u00e1t, \u00e9s sz\u00fcks\u00e9g eset\u00e9n cser\u00e9lje ki azokat.<\/li>\n<li>Rendszeresen ellen\u0151rizze a ken\u00e9st \u00e9s az olajszintet, \u00e9s sz\u00fcks\u00e9g szerint t\u00f6ltse fel.<\/li>\n<li>Vizsg\u00e1lja meg a henger r\u00f6gz\u00edt\u00e9s\u00e9t \u00e9s csatlakoz\u00e1sait, hogy nincs-e rajtuk lazas\u00e1g vagy kop\u00e1s.<\/li>\n<\/ul>\n<h2>Term\u00e9ktelep\u00edt\u00e9si \u00fatmutat\u00f3<\/h2>\n<p>A karhenger megfelel\u0151 beszerel\u00e9se elengedhetetlen a m\u0171k\u00f6d\u00e9s\u00e9hez \u00e9s biztons\u00e1g\u00e1hoz. K\u00f6vesse az al\u00e1bbi l\u00e9p\u00e9seket:<\/p>\n<ol>\n<li>K\u00e9sz\u00edtse el\u0151 a sz\u00fcks\u00e9ges eszk\u00f6z\u00f6ket \u00e9s biztons\u00e1gi felszerel\u00e9seket.<\/li>\n<li>Helyezze el megfelel\u0151en a hengert, \u00e9s igaz\u00edtsa a r\u00f6gz\u00edt\u00e9si pontokhoz.<\/li>\n<li>R\u00f6gz\u00edtse biztons\u00e1gosan a hengert megfelel\u0151 csavarokkal \u00e9s any\u00e1kkal.<\/li>\n<li>Csatlakoztassa a hidraulikat\u00f6ml\u0151ket a hengerhez a gy\u00e1rt\u00f3 utas\u00edt\u00e1sainak megfelel\u0151en.<\/li>\n<li>V\u00e9gezzen alapos ellen\u0151rz\u00e9st a megfelel\u0151 telep\u00edt\u00e9s \u00e9s m\u0171k\u00f6d\u00e9s biztos\u00edt\u00e1sa \u00e9rdek\u00e9ben.<\/li>\n<\/ol>\n<p><img decoding=\"async\" src=\"https:\/\/www.hydraulic-cylinders.net\/wp-content\/uploads\/2025\/01\/songte-bushings-with-all-kinds-of-excavator-models.webp\" alt=\"Term\u00e9kk\u00e9p\"><\/p>\n<h2>Biztons\u00e1gi szempontok \u00e9s k\u00f6rnyezeti t\u00e9nyez\u0151k<\/h2>\n<p>A karhengerrel v\u00e9gzett munka sor\u00e1n a biztons\u00e1gi int\u00e9zked\u00e9sek rendk\u00edv\u00fcl fontosak mind a kezel\u0151k, mind a g\u00e9pek v\u00e9delme \u00e9rdek\u00e9ben. Alapvet\u0151 fontoss\u00e1g\u00fa a gy\u00e1rt\u00f3 \u00e1ltal megadott \u00f6sszes biztons\u00e1gi ir\u00e1nyelv betart\u00e1sa \u00e9s a helyi el\u0151\u00edr\u00e1sok betart\u00e1sa. Ezenk\u00edv\u00fcl a k\u00f6rnyezeti t\u00e9nyez\u0151k, p\u00e9ld\u00e1ul az olajsziv\u00e1rg\u00e1s megel\u0151z\u00e9se \u00e9s a haszn\u00e1lt hidraulikaolaj megfelel\u0151 \u00e1rtalmatlan\u00edt\u00e1sa figyelembev\u00e9tele is kulcsfontoss\u00e1g\u00fa a negat\u00edv hat\u00e1sok minimaliz\u00e1l\u00e1sa \u00e9rdek\u00e9ben.<\/p>\n<h2>Hibaelh\u00e1r\u00edt\u00e1s \u00e9s gyakori probl\u00e9m\u00e1k<\/h2>\n<p>A karhengerrel kapcsolatos probl\u00e9m\u00e1k eset\u00e9n n\u00e9h\u00e1ny gyakori probl\u00e9ma mer\u00fclhet fel:<\/p>\n<ol>\n<li>Hidraulikafolyad\u00e9k sziv\u00e1rg\u00e1sa a t\u00f6m\u00edt\u00e9sekb\u0151l vagy a csatlakoz\u00e1sokb\u00f3l.<\/li>\n<li>Cs\u00f6kkent teljes\u00edtm\u00e9ny vagy lass\u00fa mozg\u00e1s.<\/li>\n<li>T\u00falzott zaj m\u0171k\u00f6d\u00e9s k\u00f6zben.<\/li>\n<li>Inkonzisztens vagy r\u00e1ngat\u00f3z\u00f3 mozg\u00e1s.<\/li>\n<li>Energiahi\u00e1ny vagy a m\u0171k\u00f6d\u00e9s teljes megsz\u0171n\u00e9se.<\/li>\n<\/ol>\n<p>A probl\u00e9m\u00e1k megold\u00e1s\u00e1hoz vegye figyelembe a k\u00f6vetkez\u0151 hibaelh\u00e1r\u00edt\u00e1si tippeket \u00e9s megold\u00e1sokat:<\/p>\n<ul>\n<li>Vizsg\u00e1lja meg \u00e9s cser\u00e9lje ki a s\u00e9r\u00fclt t\u00f6m\u00edt\u00e9seket vagy csatlakoz\u00e1sokat.<\/li>\n<li>Ellen\u0151rizze a hidraulikafolyad\u00e9k szintj\u00e9t \u00e9s min\u0151s\u00e9g\u00e9t, \u00e9s sz\u00fcks\u00e9g szerint t\u00f6ltse fel vagy cser\u00e9lje ki.<\/li>\n<li>Biztos\u00edtsa a henger \u00e9s a t\u00f6m\u00edt\u00e9sek megfelel\u0151 ken\u00e9s\u00e9t.<\/li>\n<li>Vizsg\u00e1lja meg a hidraulikus rendszert esetleges elt\u00f6m\u0151d\u00e9sek vagy meghib\u00e1sod\u00e1sok szempontj\u00e1b\u00f3l.<\/li>\n<li>Ha a probl\u00e9ma tov\u00e1bbra is fenn\u00e1ll, tov\u00e1bbi seg\u00edts\u00e9g\u00e9rt forduljon szakk\u00e9pzett szerel\u0151h\u00f6z.<\/li>\n<\/ul>\n<p><img decoding=\"async\" src=\"https:\/\/www.hydraulic-cylinders.net\/wp-content\/uploads\/2025\/01\/songte-chushion-collar.webp\" alt=\"Term\u00e9kk\u00e9p\"><\/p>\n<p>Ne felejtsd el logikusan fel\u00e9p\u00edteni a cikket, haszn\u00e1lj alc\u00edmeket a k\u00f6nny\u0171 navig\u00e1ci\u00f3 \u00e9rdek\u00e9ben, \u00e9p\u00edts be relev\u00e1ns k\u00e9peket vagy diagramokat a jobb meg\u00e9rt\u00e9s \u00e9rdek\u00e9ben, \u00e9s \u00fcgyelj arra, hogy a tartalom vil\u00e1gos, t\u00f6m\u00f6r \u00e9s megfelel\u0151 legyen a k\u00fcl\u00f6nb\u00f6z\u0151 szint\u0171 technikai tud\u00e1ssal rendelkez\u0151 olvas\u00f3k sz\u00e1m\u00e1ra.<\/p>\n<h2>R\u00f3lunk<\/h2>\n<p>Professzion\u00e1lis gy\u00e1rt\u00f3k\u00e9nt cser\u00e9lhet\u0151 hidraulikus hengereket gy\u00e1rtunk, sz\u00e9les term\u00e9kv\u00e1laszt\u00e9kot k\u00edn\u00e1lva. A hazai \u00e9s nemzetk\u00f6zi piacok egyik vezet\u0151 hidraulikus hengergy\u00e1rt\u00f3j\u00e1v\u00e1 \u00e9s nagykereskedelmi forgalmaz\u00f3j\u00e1v\u00e1 v\u00e1ltunk. A kiv\u00e1l\u00f3s\u00e1g ir\u00e1nti elk\u00f6telezetts\u00e9g\u00fcnket kifinomult gy\u00e1rt\u00f3m\u0171hely\u00fcnkben alkalmazott ipar\u00e1gvezet\u0151 termel\u00e9sir\u00e1ny\u00edt\u00e1si strat\u00e9gi\u00e1inkkal t\u00e1masztjuk al\u00e1. Fejlett digit\u00e1lis gy\u00e1rt\u00f3berendez\u00e9sek \u00e9s professzion\u00e1lis tesztel\u0151rendszerek bevezet\u00e9s\u00e9vel folyamatosan optimaliz\u00e1ljuk gy\u00e1rt\u00e1si platformunkat \u00e9s fejlesztj\u00fck term\u00e9kmin\u0151s\u00e9g-ellen\u0151rz\u00e9si folyamatainkat. Er\u0151s innov\u00e1ci\u00f3s k\u00e9pess\u00e9gekkel rendelkez\u00fcnk, \u00e9s c\u00e9lunk, hogy a hat\u00e9konys\u00e1g, a pontoss\u00e1g \u00e9s a magas min\u0151s\u00e9g elvei alapj\u00e1n el\u00e9g\u00edts\u00fck ki \u00fcgyfeleink soksz\u00edn\u0171 ig\u00e9nyeit.<\/p>\n<p><img decoding=\"async\" src=\"https:\/\/www.hydraulic-cylinders.net\/wp-content\/uploads\/2025\/01\/songte-company-4.webp\" alt=\"C\u00e9ges im\u00e1zs\"><br \/>\n<img decoding=\"async\" src=\"https:\/\/www.hydraulic-cylinders.net\/wp-content\/uploads\/2025\/01\/songte-company-3.webp\" alt=\"C\u00e9ges im\u00e1zs\"><\/p>\n<p>Tov\u00e1bb\u00e1 b\u00fcszk\u00e9k vagyunk professzionalizmusunkra, nemzetk\u00f6zi tan\u00fas\u00edtv\u00e1nyainkra, testreszabott szolg\u00e1ltat\u00e1sainkra, gy\u00e1rt\u00f3berendez\u00e9seinkre \u00e9s \u00e9rt\u00e9kes\u00edt\u00e9s ut\u00e1ni t\u00e1mogat\u00e1sunkra.<\/p>\n<p>Szerz\u0151: lyl<\/p>","protected":false},"excerpt":{"rendered":"<p>Arm Cylinder For Bobcat Small Excavator E32 Introduction The Arm Cylinder for Bobcat Small Excavator E32 is a specialized hydraulic cylinder designed to provide linear motion and power to the arm of various types of machinery such as excavators, cranes, and robotic arms. The arm cylinders play a crucial role in hydraulic systems, allowing for [&hellip;]<\/p>","protected":false},"featured_media":14774,"comment_status":"open","ping_status":"closed","template":"","meta":{"_et_pb_use_builder":"","_et_pb_old_content":"","_et_gb_content_width":""},"product_brand":[],"product_cat":[1497],"product_tag":[1498,1496],"class_list":{"0":"post-16620","1":"product","2":"type-product","3":"status-publish","4":"has-post-thumbnail","6":"product_cat-arm-cylinders","7":"product_tag-arm-cylinders","8":"product_tag-hydraulic-cylinders","10":"first","11":"instock","12":"shipping-taxable","13":"product-type-simple"},"amp_enabled":true,"_links":{"self":[{"href":"https:\/\/www.hydraulic-cylinders.net\/hu\/wp-json\/wp\/v2\/product\/16620","targetHints":{"allow":["GET"]}}],"collection":[{"href":"https:\/\/www.hydraulic-cylinders.net\/hu\/wp-json\/wp\/v2\/product"}],"about":[{"href":"https:\/\/www.hydraulic-cylinders.net\/hu\/wp-json\/wp\/v2\/types\/product"}],"replies":[{"embeddable":true,"href":"https:\/\/www.hydraulic-cylinders.net\/hu\/wp-json\/wp\/v2\/comments?post=16620"}],"wp:featuredmedia":[{"embeddable":true,"href":"https:\/\/www.hydraulic-cylinders.net\/hu\/wp-json\/wp\/v2\/media\/14774"}],"wp:attachment":[{"href":"https:\/\/www.hydraulic-cylinders.net\/hu\/wp-json\/wp\/v2\/media?parent=16620"}],"wp:term":[{"taxonomy":"product_brand","embeddable":true,"href":"https:\/\/www.hydraulic-cylinders.net\/hu\/wp-json\/wp\/v2\/product_brand?post=16620"},{"taxonomy":"product_cat","embeddable":true,"href":"https:\/\/www.hydraulic-cylinders.net\/hu\/wp-json\/wp\/v2\/product_cat?post=16620"},{"taxonomy":"product_tag","embeddable":true,"href":"https:\/\/www.hydraulic-cylinders.net\/hu\/wp-json\/wp\/v2\/product_tag?post=16620"}],"curies":[{"name":"munkaf\u00fczet","href":"https:\/\/api.w.org\/{rel}","templated":true}]}}