{"id":16643,"date":"2025-01-21T05:39:57","date_gmt":"2025-01-21T05:39:57","guid":{"rendered":"https:\/\/www.hydraulic-cylinders.net\/product\/arm-cylinder-for-takeuchi-small-excavator-tb150c\/"},"modified":"2025-01-21T05:39:59","modified_gmt":"2025-01-21T05:39:59","slug":"arm-cylinder-for-takeuchi-small-excavator-tb150c","status":"publish","type":"product","link":"https:\/\/www.hydraulic-cylinders.net\/hu\/termek\/arm-cylinder-for-takeuchi-small-excavator-tb150c\/","title":{"rendered":"Karhenger Takeuchi TB150C kis kotr\u00f3g\u00e9phez"},"content":{"rendered":"<h2>Karhenger Takeuchi TB150C kis kotr\u00f3g\u00e9phez<\/h2>\n<p>A karhenger egy speci\u00e1lisan tervezett hidraulikus henger, amely line\u00e1ris mozg\u00e1st \u00e9s er\u0151t biztos\u00edt k\u00fcl\u00f6nf\u00e9le g\u00e9pek, p\u00e9ld\u00e1ul kotr\u00f3g\u00e9pek, daruk \u00e9s robotkarok karjainak. Kulcsfontoss\u00e1g\u00fa szerepet j\u00e1tszik a hidraulikus rendszerekben, lehet\u0151v\u00e9 t\u00e9ve a tartoz\u00e9kok \u00e9s tartoz\u00e9kok hat\u00e9kony mozg\u00e1s\u00e1t \u00e9s vez\u00e9rl\u00e9s\u00e9t. Ezek a hengerek nemcsak a sima mozg\u00e1st biztos\u00edtj\u00e1k, hanem a nagy terhel\u00e9seket is elviselik, biztos\u00edtva a hat\u00e9kony m\u0171k\u00f6d\u00e9st \u00e9s a megb\u00edzhat\u00f3s\u00e1got k\u00fcl\u00f6nb\u00f6z\u0151 munkak\u00f6r\u00fclm\u00e9nyek k\u00f6z\u00f6tt.<\/p>\n<p><img decoding=\"async\" src=\"https:\/\/www.hydraulic-cylinders.net\/wp-content\/uploads\/2025\/01\/songte-company-2.webp\"><\/p>\n<h2>Jellemz\u0151k<\/h2>\n<ul>\n<li>Nagy hat\u00e9konys\u00e1g\u00fa er\u0151\u00e1tvitel: A karhenger er\u0151teljes line\u00e1ris mozg\u00e1st \u00e9s er\u0151t biztos\u00edt, biztos\u00edtva a nagy teljes\u00edtm\u00e9nyt k\u00fcl\u00f6nf\u00e9le m\u0171veletek sor\u00e1n.<\/li>\n<li>Prec\u00edz vez\u00e9rl\u00e9s: A hidraulikus rendszeren kereszt\u00fcl a kar munkahengere prec\u00edz mozg\u00e1svez\u00e9rl\u00e9st tesz lehet\u0151v\u00e9, \u00edgy a tartoz\u00e9kok kezel\u00e9se rugalmasabb \u00e9s pontosabb.<\/li>\n<li>Tart\u00f3ss\u00e1g: A karos munkahengerek nagy szil\u00e1rds\u00e1g\u00fa anyagokb\u00f3l k\u00e9sz\u00fclnek, kiv\u00e1l\u00f3 kop\u00e1s- \u00e9s korr\u00f3zi\u00f3\u00e1ll\u00f3s\u00e1ggal rendelkeznek, \u00edgy alkalmasak hossz\u00fa t\u00e1v\u00fa haszn\u00e1latra zord k\u00f6rnyezetben.<\/li>\n<li>Multifunkcionalit\u00e1s \u00e9s alkalmazkod\u00f3k\u00e9pess\u00e9g: Ezek a munkahengerek sz\u00e9les k\u00f6rben alkalmazhat\u00f3k k\u00fcl\u00f6nf\u00e9le g\u00e9pekben, p\u00e9ld\u00e1ul kotr\u00f3g\u00e9pekben, darukban \u00e9s robotkarokban, kiel\u00e9g\u00edtve a k\u00fcl\u00f6nb\u00f6z\u0151 munkaig\u00e9nyeket.<\/li>\n<li>K\u00f6nny\u0171 karbantart\u00e1s: A k\u00f6nny\u0171 karbantart\u00e1s \u00e9s csere \u00e9rdek\u00e9ben tervezett karhengerek megk\u00f6nny\u00edtik a rendszeres ellen\u0151rz\u00e9seket \u00e9s karbantart\u00e1st, cs\u00f6kkentve a berendez\u00e9s \u00e1ll\u00e1sidej\u00e9t.<\/li>\n<\/ul>\n<p><img decoding=\"async\" src=\"https:\/\/www.hydraulic-cylinders.net\/wp-content\/uploads\/2025\/01\/songte-oil-pipes-and-spare-parts.webp\"><\/p>\n<h2>Alkalmaz\u00e1sok<\/h2>\n<p>Karhengerek sz\u00e1mos ipar\u00e1gban alkalmazhat\u00f3k:<\/p>\n<ul>\n<li>\u00c9p\u00edt\u0151ipar: Kotr\u00f3g\u00e9pekben \u00e9s darukban haszn\u00e1lj\u00e1k, a karhengerek a v\u00f6dr\u00f6k vagy g\u00e9mek mozg\u00e1s\u00e1t szab\u00e1lyozz\u00e1k f\u00f6ldmunk\u00e1kn\u00e1l, anyagmozgat\u00e1sn\u00e1l \u00e9s szerkezeti telep\u00edt\u00e9sekn\u00e9l.<\/li>\n<li>Gy\u00e1rt\u00e1s: Az automatiz\u00e1lt gy\u00e1rt\u00f3sorokon a karhengerek lehet\u0151v\u00e9 teszik a robotkarok mozg\u00e1s\u00e1t az \u00f6sszeszerel\u00e9si, hegeszt\u00e9si \u00e9s anyagmozgat\u00e1si folyamatok sor\u00e1n, jav\u00edtva a termel\u00e9si hat\u00e9konys\u00e1got \u00e9s a pontoss\u00e1got.<\/li>\n<li>Mez\u0151gazdas\u00e1gi g\u00e9pek: A mez\u0151gazdas\u00e1gi g\u00e9pekben, mint p\u00e9ld\u00e1ul a betakar\u00edt\u00f3g\u00e9pekben \u00e9s a vet\u0151g\u00e9pekben, a karhengerek vez\u00e9rlik a m\u0171k\u00f6dtet\u0151 karok mozg\u00e1s\u00e1t olyan feladatokhoz, mint a vet\u00e9s, a m\u0171tr\u00e1gy\u00e1z\u00e1s \u00e9s a betakar\u00edt\u00e1s.<\/li>\n<li>B\u00e1ny\u00e1szat: A b\u00e1ny\u00e1szati \u200b\u200bberendez\u00e9sekben a karhengerek szab\u00e1lyozz\u00e1k a kar mozg\u00e1s\u00e1t az \u00e9rcek b\u00e1ny\u00e1szat\u00e1hoz \u00e9s sz\u00e1ll\u00edt\u00e1s\u00e1hoz.<\/li>\n<li>Logisztika \u00e9s sz\u00e1ll\u00edt\u00e1s: A targonc\u00e1kban \u00e9s anyagmozgat\u00f3 robotokban a karhengerek vez\u00e9rlik a vill\u00e1k emel\u00e9s\u00e9t \u00e9s mozg\u00e1s\u00e1t az anyagmozgat\u00e1s \u00e9s -rakod\u00e1s sor\u00e1n.<\/li>\n<\/ul>\n<h2>Tervez\u00e9si szempontok \u00e9s kiv\u00e1laszt\u00e1si krit\u00e9riumok<\/h2>\n<p>A karhengerek tervez\u00e9sekor sz\u00e1mos t\u00e9nyez\u0151t \u00e9s kiv\u00e1laszt\u00e1si krit\u00e9riumot kell figyelembe venni:<\/p>\n<ul>\n<li>Teherb\u00edr\u00e1s: A karhengereket \u00fagy kell megtervezni, hogy ellen\u00e1lljanak a sz\u00fcks\u00e9ges teherb\u00edr\u00e1snak.<\/li>\n<li>T\u00f6m\u00edt\u00e9s: A hat\u00e9kony t\u00f6m\u00edt\u00e9s biztos\u00edt\u00e1s\u00e1hoz k\u00fcl\u00f6nf\u00e9le t\u00f6m\u00edt\u0151elemeket, p\u00e9ld\u00e1ul kop\u00e1s\u00e1ll\u00f3 anyagokb\u00f3l, p\u00e9ld\u00e1ul poliuret\u00e1nb\u00f3l vagy nitrilgumib\u00f3l k\u00e9sz\u00fclt dugatty\u00fat\u00f6m\u00edt\u00e9seket \u00e9s r\u00fadt\u00f6m\u00edt\u00e9seket kell haszn\u00e1lni.<\/li>\n<li>Tart\u00f3ss\u00e1g: A hengertestet \u00e9s a menetes v\u00e9gfel\u00fcleteket prec\u00edz megmunk\u00e1l\u00e1snak kell al\u00e1vetni a kop\u00e1s\u00e1ll\u00f3s\u00e1g fokoz\u00e1sa \u00e9rdek\u00e9ben.<\/li>\n<li>Biztons\u00e1g: A karhengereknek meg kell felelni\u00fck a biztons\u00e1gi el\u0151\u00edr\u00e1soknak a balesetek megel\u0151z\u00e9se \u00e9rdek\u00e9ben m\u0171k\u00f6d\u00e9s k\u00f6zben.<\/li>\n<li>Karbantarthat\u00f3s\u00e1g: Az optim\u00e1lis teljes\u00edtm\u00e9ny \u00e9s a hossz\u00fa \u00e9lettartam biztos\u00edt\u00e1s\u00e1hoz rendszeres ken\u00e9s megfelel\u0151 hidraulikaolajjal \u00e9s id\u0151szakos karbantart\u00e1s sz\u00fcks\u00e9ges.<\/li>\n<\/ul>\n<p><img decoding=\"async\" src=\"https:\/\/www.hydraulic-cylinders.net\/wp-content\/uploads\/2025\/01\/songte-cylinder-head-with-all-kinds-excavator-models.webp\"><\/p>\n<h2>T\u00f6m\u00edt\u00e9s \u00e9s ken\u00e9s<\/h2>\n<p>A karos munkahengerek k\u00fcl\u00f6nf\u00e9le t\u00f6m\u00edt\u00e9seket haszn\u00e1lnak, p\u00e9ld\u00e1ul dugatty\u00fat\u00f6m\u00edt\u00e9seket \u00e9s r\u00fadt\u00f6m\u00edt\u00e9seket, amelyek kop\u00e1s\u00e1ll\u00f3 anyagokb\u00f3l, p\u00e9ld\u00e1ul poliuret\u00e1nb\u00f3l vagy nitrilgumib\u00f3l k\u00e9sz\u00fclnek. A hengertest \u00e9s a menetes v\u00e9gek finom megmunk\u00e1l\u00e1son esnek \u00e1t a kop\u00e1s\u00e1ll\u00f3s\u00e1g jav\u00edt\u00e1sa \u00e9rdek\u00e9ben. A megfelel\u0151 hidraulikaolajjal t\u00f6rt\u00e9n\u0151 rendszeres ken\u00e9s sz\u00fcks\u00e9ges a z\u00f6kken\u0151mentes m\u0171k\u00f6d\u00e9s \u00e9s a hossz\u00fa \u00e9lettartam biztos\u00edt\u00e1s\u00e1hoz.<\/p>\n<h2>Rendszeres ellen\u0151rz\u00e9s \u00e9s megel\u0151z\u0151 karbantart\u00e1si int\u00e9zked\u00e9sek<\/h2>\n<p>A karhengerek megfelel\u0151 m\u0171k\u00f6d\u00e9s\u00e9nek \u00e9s hossz\u00fa \u00e9lettartam\u00e1nak biztos\u00edt\u00e1sa \u00e9rdek\u00e9ben a k\u00f6vetkez\u0151 int\u00e9zked\u00e9seket kell tenni:<\/p>\n<ul>\n<li>Rendszeresen ellen\u0151rizze a palackot kop\u00e1s, sziv\u00e1rg\u00e1s vagy s\u00e9r\u00fcl\u00e9s jelei szempontj\u00e1b\u00f3l.<\/li>\n<li>Ellen\u0151rizze a t\u00f6m\u00edt\u00e9seket, \u00e9s sz\u00fcks\u00e9g eset\u00e9n cser\u00e9lje ki \u0151ket.<\/li>\n<li>Figyelje a hidraulikaolaj szintj\u00e9t \u00e9s min\u0151s\u00e9g\u00e9t, sz\u00fcks\u00e9g szerint t\u00f6ltse fel vagy cser\u00e9lje ki.<\/li>\n<li>H\u00fazza meg a laza csatlakoz\u00f3kat \u00e9s szerelv\u00e9nyeket.<\/li>\n<li>K\u00f6vesse a gy\u00e1rt\u00f3 karbantart\u00e1si ir\u00e1nyelveit, \u00e9s \u00fctemezzen be rendszeres szakmai ellen\u0151rz\u00e9seket.<\/li>\n<\/ul>\n<h2>Term\u00e9ktelep\u00edt\u00e9si \u00fatmutat\u00f3<\/h2>\n<p>A karhengerek megfelel\u0151 beszerel\u00e9se elengedhetetlen az optim\u00e1lis teljes\u00edtm\u00e9ny\u00fckh\u00f6z. K\u00f6vesse az al\u00e1bbi l\u00e9p\u00e9seket:<\/p>\n<ol>\n<li>Gy\u0151z\u0151dj\u00f6n meg arr\u00f3l, hogy a berendez\u00e9s ki van kapcsolva, \u00e9s biztons\u00e1gos, stabil helyzetben van.<\/li>\n<li>Ha van, \u00f3vatosan t\u00e1vol\u00edtsa el a r\u00e9gi hengert a csatlakoz\u00e1sok lev\u00e1laszt\u00e1s\u00e1val.<\/li>\n<li>A beszerel\u00e9s el\u0151tt ellen\u0151rizze az \u00faj karhengert s\u00e9r\u00fcl\u00e9sek vagy hib\u00e1k szempontj\u00e1b\u00f3l.<\/li>\n<li>Csatlakoztassa az \u00faj hengert, igaz\u00edtsa a r\u00f6gz\u00edt\u00e9si pontokat, \u00e9s biztons\u00e1gosan k\u00f6sse \u00f6ssze a hidraulikavezet\u00e9keket.<\/li>\n<li>A telep\u00edt\u00e9s ut\u00e1n ellen\u0151rizze, hogy nincs-e sziv\u00e1rg\u00e1s vagy rendellenes mozg\u00e1s.<\/li>\n<\/ol>\n<p><img decoding=\"async\" src=\"https:\/\/www.hydraulic-cylinders.net\/wp-content\/uploads\/2025\/01\/songte-bushings-with-all-kinds-of-excavator-models.webp\"><\/p>\n<h2>Biztons\u00e1gi szempontok \u00e9s k\u00f6rnyezeti t\u00e9nyez\u0151k<\/h2>\n<p>Karhengerekkel v\u00e9gzett munka sor\u00e1n a biztons\u00e1gi int\u00e9zked\u00e9sek figyelembev\u00e9tele kulcsfontoss\u00e1g\u00fa a balesetek megel\u0151z\u00e9se \u00e9s a kezel\u0151 j\u00f3l\u00e9t\u00e9nek biztos\u00edt\u00e1sa \u00e9rdek\u00e9ben. Fontos a biztons\u00e1gi protokollok betart\u00e1sa, p\u00e9ld\u00e1ul a megfelel\u0151 szem\u00e9lyi v\u00e9d\u0151felszerel\u00e9s visel\u00e9se \u00e9s a megfelel\u0151 \u00fczemeltet\u00e9si elj\u00e1r\u00e1sok betart\u00e1sa. Ezenk\u00edv\u00fcl a k\u00f6rnyezeti t\u00e9nyez\u0151ket, p\u00e9ld\u00e1ul a h\u0151m\u00e9rs\u00e9kletet \u00e9s a p\u00e1ratartalmat is figyelembe kell venni a karhengerek optim\u00e1lis teljes\u00edtm\u00e9ny\u00e9nek \u00e9s hossz\u00fa \u00e9lettartam\u00e1nak biztos\u00edt\u00e1sa \u00e9rdek\u00e9ben.<\/p>\n<h2>Hibaelh\u00e1r\u00edt\u00e1s \u00e9s gyakori probl\u00e9m\u00e1k<\/h2>\n<p>\u00cdme n\u00e9h\u00e1ny gyakori probl\u00e9ma, amely a karhengerekkel kapcsolatban felmer\u00fclhet:<\/p>\n<ul>\n<li>Sziv\u00e1rg\u00e1s: Ellen\u0151rizze a t\u00f6m\u00edt\u00e9seket \u00e9s csatlakoz\u00e1sokat sziv\u00e1rg\u00e1s szempontj\u00e1b\u00f3l. Cser\u00e9lje ki a hib\u00e1s t\u00f6m\u00edt\u00e9seket, vagy h\u00fazza meg a laza csatlakoz\u00e1sokat.<\/li>\n<li>Egyenetlen mozg\u00e1s: Ellen\u0151rizze a hidraulikus rendszert, \u00e9s biztos\u00edtsa a megfelel\u0151 hidraulikaolaj-szintet \u00e9s -nyom\u00e1st. Ellen\u0151rizze a rendszerben az esetleges elt\u00f6m\u0151d\u00e9seket vagy meghib\u00e1sod\u00e1sokat.<\/li>\n<li>Rendellenes zaj: Vizsg\u00e1lja meg a zaj forr\u00e1s\u00e1t, p\u00e9ld\u00e1ul laza vagy s\u00e9r\u00fclt alkatr\u00e9szeket. Sz\u00fcks\u00e9g szerint h\u00fazza meg vagy cser\u00e9lje ki.<\/li>\n<li>Gyenge teljes\u00edtm\u00e9ny: Ellen\u0151rizze a henger kop\u00e1s\u00e1nak vagy s\u00e9r\u00fcl\u00e9s\u00e9nek jeleit. Vizsg\u00e1lja meg a hidraulikus rendszer t\u00f6bbi alkatr\u00e9sz\u00e9t is a lehets\u00e9ges probl\u00e9m\u00e1k szempontj\u00e1b\u00f3l.<\/li>\n<\/ul>\n<p>A probl\u00e9m\u00e1k elh\u00e1r\u00edt\u00e1s\u00e1hoz \u00e9s megold\u00e1s\u00e1hoz tekintse meg a gy\u00e1rt\u00f3 ir\u00e1nyelveit, vagy k\u00e9rjen szakember seg\u00edts\u00e9g\u00e9t. A rendszeres megel\u0151z\u0151 int\u00e9zked\u00e9sek seg\u00edthetnek minimaliz\u00e1lni a lehets\u00e9ges probl\u00e9m\u00e1kat.<\/p>\n<p><img decoding=\"async\" src=\"https:\/\/www.hydraulic-cylinders.net\/wp-content\/uploads\/2025\/01\/songte-chushion-collar.webp\"><\/p>\n<p>Ne felejtsd el logikusan fel\u00e9p\u00edteni a cikket, haszn\u00e1lj alc\u00edmeket a k\u00f6nny\u0171 navig\u00e1ci\u00f3 \u00e9rdek\u00e9ben, \u00e9p\u00edts be relev\u00e1ns k\u00e9peket vagy diagramokat a jobb meg\u00e9rt\u00e9s \u00e9rdek\u00e9ben, \u00e9s \u00fcgyelj arra, hogy a tartalom vil\u00e1gos, t\u00f6m\u00f6r \u00e9s megfelel\u0151 legyen a k\u00fcl\u00f6nb\u00f6z\u0151 technikai tud\u00e1sszint\u0171 olvas\u00f3k sz\u00e1m\u00e1ra.<\/p>\n<h2>R\u00f3lunk<\/h2>\n<p>Professzion\u00e1lis hidraulikus hengergy\u00e1rt\u00f3k\u00e9nt sz\u00e9les term\u00e9kv\u00e1laszt\u00e9kot k\u00edn\u00e1lunk. A hazai \u00e9s a nemzetk\u00f6zi piacok egyik vezet\u0151 hidraulikus hengergy\u00e1rt\u00f3j\u00e1v\u00e1 \u00e9s nagykereskedelmi forgalmaz\u00f3j\u00e1v\u00e1 v\u00e1ltunk. Elk\u00f6telezettek vagyunk a kiv\u00e1l\u00f3 min\u0151s\u00e9g ir\u00e1nt, \u00e9s kifinomult gy\u00e1rt\u00f3m\u0171helyeinkben iparos\u00edtott termel\u00e9sir\u00e1ny\u00edt\u00e1si strat\u00e9gi\u00e1kra t\u00e1maszkodunk, hogy folyamatosan fejlessz\u00fck m\u0171szaki szak\u00e9rtelm\u00fcnket \u00e9s termel\u00e9si hat\u00e9konys\u00e1gunkat. Fejlett digit\u00e1lis gy\u00e1rt\u00f3berendez\u00e9sek \u00e9s professzion\u00e1lis tesztel\u0151rendszerek bevezet\u00e9s\u00e9vel optimaliz\u00e1ljuk gy\u00e1rt\u00e1si platformunkat \u00e9s fejlesztj\u00fck term\u00e9kmin\u0151s\u00e9g-ellen\u0151rz\u00e9si folyamatainkat, lehet\u0151v\u00e9 t\u00e9ve sz\u00e1munkra az er\u0151s innov\u00e1ci\u00f3s k\u00e9pess\u00e9geket. C\u00e9lunk, hogy a hat\u00e9konys\u00e1g, a pontoss\u00e1g \u00e9s a magas min\u0151s\u00e9g elvei alapj\u00e1n el\u00e9g\u00edts\u00fck ki a soksz\u00edn\u0171 \u00fcgyf\u00e9lig\u00e9nyeket.<\/p>\n<p><img decoding=\"async\" src=\"https:\/\/www.hydraulic-cylinders.net\/wp-content\/uploads\/2025\/01\/songte-company-4.webp\"><br \/>\n<img decoding=\"async\" src=\"https:\/\/www.hydraulic-cylinders.net\/wp-content\/uploads\/2025\/01\/songte-company-3.webp\"><\/p>\n<p>Szerz\u0151: lyl<\/p>","protected":false},"excerpt":{"rendered":"<p>Arm Cylinder For Takeuchi Small Excavator TB150C Arm Cylinder is a specially designed hydraulic cylinder that provides linear motion and power to the arms of various machinery, such as excavators, cranes, and robotic arms. It plays a crucial role in hydraulic systems, allowing for effective movement and control of attachments and accessories. These cylinders not [&hellip;]<\/p>","protected":false},"featured_media":14766,"comment_status":"open","ping_status":"closed","template":"","meta":{"_et_pb_use_builder":"","_et_pb_old_content":"","_et_gb_content_width":""},"product_brand":[],"product_cat":[1497],"product_tag":[1498,1496],"class_list":{"0":"post-16643","1":"product","2":"type-product","3":"status-publish","4":"has-post-thumbnail","6":"product_cat-arm-cylinders","7":"product_tag-arm-cylinders","8":"product_tag-hydraulic-cylinders","10":"first","11":"instock","12":"shipping-taxable","13":"product-type-simple"},"amp_enabled":true,"_links":{"self":[{"href":"https:\/\/www.hydraulic-cylinders.net\/hu\/wp-json\/wp\/v2\/product\/16643","targetHints":{"allow":["GET"]}}],"collection":[{"href":"https:\/\/www.hydraulic-cylinders.net\/hu\/wp-json\/wp\/v2\/product"}],"about":[{"href":"https:\/\/www.hydraulic-cylinders.net\/hu\/wp-json\/wp\/v2\/types\/product"}],"replies":[{"embeddable":true,"href":"https:\/\/www.hydraulic-cylinders.net\/hu\/wp-json\/wp\/v2\/comments?post=16643"}],"wp:featuredmedia":[{"embeddable":true,"href":"https:\/\/www.hydraulic-cylinders.net\/hu\/wp-json\/wp\/v2\/media\/14766"}],"wp:attachment":[{"href":"https:\/\/www.hydraulic-cylinders.net\/hu\/wp-json\/wp\/v2\/media?parent=16643"}],"wp:term":[{"taxonomy":"product_brand","embeddable":true,"href":"https:\/\/www.hydraulic-cylinders.net\/hu\/wp-json\/wp\/v2\/product_brand?post=16643"},{"taxonomy":"product_cat","embeddable":true,"href":"https:\/\/www.hydraulic-cylinders.net\/hu\/wp-json\/wp\/v2\/product_cat?post=16643"},{"taxonomy":"product_tag","embeddable":true,"href":"https:\/\/www.hydraulic-cylinders.net\/hu\/wp-json\/wp\/v2\/product_tag?post=16643"}],"curies":[{"name":"munkaf\u00fczet","href":"https:\/\/api.w.org\/{rel}","templated":true}]}}