{"id":16650,"date":"2025-01-21T05:44:14","date_gmt":"2025-01-21T05:44:14","guid":{"rendered":"https:\/\/www.hydraulic-cylinders.net\/product\/arm-cylinder-for-case-small-excavator-cx130b\/"},"modified":"2025-01-21T05:44:16","modified_gmt":"2025-01-21T05:44:16","slug":"arm-cylinder-for-case-small-excavator-cx130b","status":"publish","type":"product","link":"https:\/\/www.hydraulic-cylinders.net\/hu\/termek\/arm-cylinder-for-case-small-excavator-cx130b\/","title":{"rendered":"Karhenger Case kis kotr\u00f3g\u00e9phez CX130B"},"content":{"rendered":"<h1>Karhenger Case kis kotr\u00f3g\u00e9phez CX130B<\/h1>\n<h2>Bevezet\u00e9s<\/h2>\n<p>A karhenger egy speci\u00e1lisan tervezett hidraulikus henger, amely line\u00e1ris mozg\u00e1st \u00e9s er\u0151t biztos\u00edt k\u00fcl\u00f6nf\u00e9le g\u00e9pek, p\u00e9ld\u00e1ul kotr\u00f3g\u00e9pek, daruk \u00e9s robotkarok karj\u00e1nak. Kulcsfontoss\u00e1g\u00fa szerepet j\u00e1tszik a hidraulikus rendszerekben, lehet\u0151v\u00e9 t\u00e9ve a tov\u00e1bbi szersz\u00e1mok vagy tartoz\u00e9kok hat\u00e9kony mozg\u00e1s\u00e1t \u00e9s vez\u00e9rl\u00e9s\u00e9t. Ezek a hengerek nemcsak a sima mozg\u00e1st biztos\u00edtj\u00e1k, hanem a nagy terhel\u00e9seket is elviselik, biztos\u00edtva a g\u00e9pek hat\u00e9kony m\u0171k\u00f6d\u00e9s\u00e9t \u00e9s megb\u00edzhat\u00f3s\u00e1g\u00e1t k\u00fcl\u00f6nb\u00f6z\u0151 munkak\u00f6r\u00fclm\u00e9nyek k\u00f6z\u00f6tt.<\/p>\n<p><img decoding=\"async\" src=\"https:\/\/www.hydraulic-cylinders.net\/wp-content\/uploads\/2025\/01\/songte-company-2.webp\"><\/p>\n<h2>Jellemz\u0151k<\/h2>\n<ul>\n<li><strong>Hat\u00e9kony er\u0151\u00e1tvitel:<\/strong> A karhenger er\u0151teljes line\u00e1ris mozg\u00e1st \u00e9s er\u0151t biztos\u00edt, biztos\u00edtva a g\u00e9pkar nagy teljes\u00edtm\u00e9ny\u00e9t.<\/li>\n<li><strong>Prec\u00edz vez\u00e9rl\u00e9s:<\/strong> A hidraulikus rendszeren kereszt\u00fcl a karhenger pontos mozg\u00e1svez\u00e9rl\u00e9st \u00e9r el, \u00edgy a tov\u00e1bbi szersz\u00e1mok kezel\u00e9se rugalmasabb \u00e9s prec\u00edzebb.<\/li>\n<li><strong>Tart\u00f3ss\u00e1g:<\/strong> A karos munkahengerek jellemz\u0151en nagy szil\u00e1rds\u00e1g\u00fa anyagokb\u00f3l k\u00e9sz\u00fclnek, amelyek kiv\u00e1l\u00f3 kop\u00e1s- \u00e9s korr\u00f3zi\u00f3\u00e1ll\u00f3s\u00e1got biztos\u00edtanak, \u00edgy alkalmasak hossz\u00fa t\u00e1v\u00fa haszn\u00e1latra zord k\u00f6rnyezetben.<\/li>\n<li><strong>Sokoldal\u00fa alkalmazkod\u00f3k\u00e9pess\u00e9g:<\/strong> Ezek a hengerek sz\u00e9les k\u00f6rben alkalmazhat\u00f3k k\u00fcl\u00f6nf\u00e9le g\u00e9pekben, p\u00e9ld\u00e1ul kotr\u00f3g\u00e9pekben, darukban \u00e9s robotkarokban, kiel\u00e9g\u00edtve a k\u00fcl\u00f6nb\u00f6z\u0151 m\u0171k\u00f6d\u00e9si ig\u00e9nyeket.<\/li>\n<li><strong>K\u00f6nny\u0171 karbantart\u00e1s:<\/strong> A tervez\u00e9s sor\u00e1n figyelembe vett egyszer\u0171 karbantart\u00e1s \u00e9s csere megk\u00f6nny\u00edti a rendszeres ellen\u0151rz\u00e9st \u00e9s karbantart\u00e1st, cs\u00f6kkentve a berendez\u00e9sek \u00e1ll\u00e1sidej\u00e9t.<\/li>\n<\/ul>\n<p><img decoding=\"async\" src=\"https:\/\/www.hydraulic-cylinders.net\/wp-content\/uploads\/2025\/01\/songte-oil-pipes-and-spare-parts.webp\"><\/p>\n<h2>Alkalmaz\u00e1sok<\/h2>\n<p>A karhenger k\u00fcl\u00f6nb\u00f6z\u0151 ipar\u00e1gakban \u00e9s forgat\u00f3k\u00f6nyvekben alkalmazhat\u00f3:<\/p>\n<ul>\n<li><strong>\u00c9p\u00edt\u0151m\u00e9rn\u00f6ki:<\/strong> Kotr\u00f3g\u00e9pekn\u00e9l \u00e9s darukn\u00e1l a karhenger vez\u00e9rli a kan\u00e1l vagy a g\u00e9m mozg\u00e1s\u00e1t f\u00f6ldmozgat\u00e1s, anyagmozgat\u00e1s \u00e9s szerkezeti telep\u00edt\u00e9s sor\u00e1n.<\/li>\n<li><strong>Feldolgoz\u00f3 ipar:<\/strong> Az automatiz\u00e1lt gy\u00e1rt\u00f3sorokon a karhenger lehet\u0151v\u00e9 teszi a robotkarok mozg\u00e1s\u00e1t az \u00f6sszeszerel\u00e9si, hegeszt\u00e9si \u00e9s anyagmozgat\u00e1si folyamatok sor\u00e1n, n\u00f6velve a termel\u00e9kenys\u00e9get \u00e9s a pontoss\u00e1got.<\/li>\n<li><strong>Mez\u0151gazdas\u00e1gi g\u00e9pek:<\/strong> A mez\u0151gazdas\u00e1gi g\u00e9pekben, p\u00e9ld\u00e1ul a betakar\u00edt\u00f3g\u00e9pekben \u00e9s a vet\u0151g\u00e9pekben a karhenger vez\u00e9rli a m\u0171k\u00f6dtet\u0151 karok mozg\u00e1s\u00e1t olyan feladatokhoz, mint a vet\u00e9s, a m\u0171tr\u00e1gy\u00e1z\u00e1s \u00e9s a betakar\u00edt\u00e1s.<\/li>\n<li><strong>B\u00e1ny\u00e1szati:<\/strong> B\u00e1ny\u00e1szati \u200b\u200bberendez\u00e9sekben a karhengert a b\u00e1ny\u00e1szati \u200b\u200bg\u00e9pek karmozg\u00e1s\u00e1nak vez\u00e9rl\u00e9s\u00e9re haszn\u00e1lj\u00e1k \u00e9rc kitermel\u00e9se \u00e9s sz\u00e1ll\u00edt\u00e1sa sor\u00e1n.<\/li>\n<li><strong>Logisztika \u00e9s sz\u00e1ll\u00edt\u00e1s:<\/strong> A targonc\u00e1kban \u00e9s anyagmozgat\u00f3 robotokban a karhenger vez\u00e9rli a vill\u00e1k emel\u00e9s\u00e9t \u00e9s mozgat\u00e1s\u00e1t, lehet\u0151v\u00e9 t\u00e9ve az anyagmozgat\u00e1si \u00e9s rakod\u00e1si m\u0171veleteket.<\/li>\n<\/ul>\n<h2>Tervez\u00e9si szempontok \u00e9s kiv\u00e1laszt\u00e1si krit\u00e9riumok<\/h2>\n<ul>\n<li><strong>Teherb\u00edr\u00e1s:<\/strong> A karhengert \u00fagy kell megtervezni, hogy ellen\u00e1lljon a g\u00e9p adott terhel\u00e9si k\u00f6vetelm\u00e9nyeinek, biztos\u00edtva a biztons\u00e1gos \u00e9s hat\u00e9kony m\u0171k\u00f6d\u00e9st.<\/li>\n<li><strong>T\u00f6m\u00edt\u00e9s:<\/strong> K\u00fcl\u00f6nb\u00f6z\u0151 t\u00f6m\u00edt\u0151elemeket, p\u00e9ld\u00e1ul dugatty\u00fat\u00f6m\u00edt\u00e9seket \u00e9s r\u00fadt\u00f6m\u00edt\u00e9seket haszn\u00e1lnak kop\u00e1s\u00e1ll\u00f3 anyagokb\u00f3l, p\u00e9ld\u00e1ul poliuret\u00e1nb\u00f3l \u00e9s nitrilgumib\u00f3l, a sz\u00fcks\u00e9ges folyad\u00e9kt\u00f6m\u00f6rs\u00e9g fenntart\u00e1sa \u00e9rdek\u00e9ben.<\/li>\n<li><strong>Tart\u00f3ss\u00e1g:<\/strong> A hengertest \u00e9s a menetes v\u00e9gfel\u00fclet prec\u00edz megmunk\u00e1l\u00e1son esik \u00e1t a kop\u00e1s\u00e1ll\u00f3s\u00e1g jav\u00edt\u00e1sa \u00e9s a hossz\u00fa \u00e9lettartam biztos\u00edt\u00e1sa \u00e9rdek\u00e9ben.<\/li>\n<li><strong>Biztons\u00e1g:<\/strong> A biztons\u00e1gi szempontok elengedhetetlenek a tervez\u00e9si \u00e9s gy\u00e1rt\u00e1si folyamat sor\u00e1n, hogy elker\u00fclj\u00fck a lehets\u00e9ges vesz\u00e9lyeket \u00e9s biztos\u00edtsuk a kezel\u0151 v\u00e9delm\u00e9t.<\/li>\n<li><strong>Karbantarthat\u00f3s\u00e1g:<\/strong> A karhengert \u00fagy kell megtervezni, hogy k\u00f6nnyen karbantarthat\u00f3 \u00e9s jav\u00edthat\u00f3 legyen, lehet\u0151v\u00e9 t\u00e9ve a hat\u00e9kony ellen\u0151rz\u00e9st \u00e9s minimaliz\u00e1lva az \u00e1ll\u00e1sid\u0151t.<\/li>\n<\/ul>\n<p><img decoding=\"async\" src=\"https:\/\/www.hydraulic-cylinders.net\/wp-content\/uploads\/2025\/01\/songte-cylinder-head-with-all-kinds-excavator-models.webp\"><\/p>\n<h2>T\u00f6m\u00edt\u00e9s \u00e9s ken\u00e9s<\/h2>\n<p>A karhenger k\u00fcl\u00f6nf\u00e9le t\u00f6m\u00edt\u0151elemeket haszn\u00e1l, p\u00e9ld\u00e1ul dugatty\u00fat\u00f6m\u00edt\u00e9seket \u00e9s r\u00fadt\u00f6m\u00edt\u00e9seket, amelyek kop\u00e1s\u00e1ll\u00f3 anyagokb\u00f3l, p\u00e9ld\u00e1ul poliuret\u00e1nb\u00f3l \u00e9s nitrilgumib\u00f3l k\u00e9sz\u00fclnek. A hengertest \u00e9s a menetes v\u00e9gfel\u00fclet prec\u00edz megmunk\u00e1l\u00e1son esik \u00e1t a kop\u00e1s\u00e1ll\u00f3s\u00e1g jav\u00edt\u00e1sa \u00e9rdek\u00e9ben. A henger z\u00f6kken\u0151mentes m\u0171k\u00f6d\u00e9s\u00e9nek \u00e9s hossz\u00fa \u00e9lettartam\u00e1nak biztos\u00edt\u00e1s\u00e1hoz a megfelel\u0151 hidraulikaolajjal t\u00f6rt\u00e9n\u0151 rendszeres ken\u00e9s sz\u00fcks\u00e9ges.<\/p>\n<h2>Rendszeres ellen\u0151rz\u00e9s \u00e9s megel\u0151z\u0151 karbantart\u00e1s<\/h2>\n<p>Az optim\u00e1lis teljes\u00edtm\u00e9ny \u00e9s a hossz\u00fa \u00e9lettartam biztos\u00edt\u00e1sa \u00e9rdek\u00e9ben elengedhetetlen a rendszeres ellen\u0151rz\u00e9s \u00e9s a megel\u0151z\u0151 karbantart\u00e1s:<\/p>\n<ul>\n<li>Vizsg\u00e1lja meg a hengert kop\u00e1s, sziv\u00e1rg\u00e1s vagy s\u00e9r\u00fcl\u00e9s jelei szempontj\u00e1b\u00f3l.<\/li>\n<li>Ellen\u0151rizze \u00e9s cser\u00e9lje ki az elkopott t\u00f6m\u00edt\u00e9seket vagy alkatr\u00e9szeket.<\/li>\n<li>Gondoskodjon a megfelel\u0151 ken\u00e9sr\u0151l, \u00e9s sz\u00fcks\u00e9g szerint t\u00f6ltse fel a hidraulikaolajat.<\/li>\n<li>H\u00fazza meg a laza csatlakoz\u00e1sokat vagy csavarokat.<\/li>\n<li>K\u00f6vesse a gy\u00e1rt\u00f3 \u00e1ltal megadott aj\u00e1nlott karbantart\u00e1si \u00fctemterveket.<\/li>\n<\/ul>\n<h2>Term\u00e9ktelep\u00edt\u00e9si \u00fatmutat\u00f3<\/h2>\n<p>A karhenger megfelel\u0151 beszerel\u00e9se kulcsfontoss\u00e1g\u00fa a teljes\u00edtm\u00e9nye \u00e9s hossz\u00fa \u00e9lettartama szempontj\u00e1b\u00f3l. K\u00f6vesse az al\u00e1bbi l\u00e9p\u00e9seket:<\/p>\n<ol>\n<li>K\u00e9sz\u00edtse el\u0151 a r\u00f6gz\u00edt\u00e9si helyet a g\u00e9pkaron.<\/li>\n<li>Biztons\u00e1gosan r\u00f6gz\u00edtse a hengert a kijel\u00f6lt r\u00f6gz\u00edt\u00e9si pontokhoz megfelel\u0151 csavarokkal vagy r\u00f6gz\u00edt\u0151elemekkel.<\/li>\n<li>Csatlakoztassa a hidraulikat\u00f6ml\u0151ket a hengerhez \u00e9s a g\u00e9p hidraulikarendszer\u00e9hez az aj\u00e1nlott ir\u00e1nyelveknek megfelel\u0151en.<\/li>\n<li>Gy\u0151z\u0151dj\u00f6n meg arr\u00f3l, hogy minden csatlakoz\u00e1s szoros \u00e9s sziv\u00e1rg\u00e1smentes.<\/li>\n<li>Ellen\u0151rizze a henger m\u0171k\u00f6d\u00e9s\u00e9t a funkcionalit\u00e1s ellen\u0151rz\u00e9se \u00e9rdek\u00e9ben.<\/li>\n<\/ol>\n<p><img decoding=\"async\" src=\"https:\/\/www.hydraulic-cylinders.net\/wp-content\/uploads\/2025\/01\/songte-bushings-with-all-kinds-of-excavator-models.webp\"><\/p>\n<h2>Biztons\u00e1gi szempontok \u00e9s k\u00f6rnyezeti t\u00e9nyez\u0151k<\/h2>\n<p>Karos munkahengerek haszn\u00e1latakor a megfelel\u0151 biztons\u00e1gi int\u00e9zked\u00e9sek bevezet\u00e9se elengedhetetlen a balesetek megel\u0151z\u00e9se \u00e9s a kezel\u0151 biztons\u00e1g\u00e1nak garant\u00e1l\u00e1sa \u00e9rdek\u00e9ben. A biztons\u00e1gi \u00f3vint\u00e9zked\u00e9seknek a k\u00f6vetkez\u0151ket kell tartalmazniuk:<\/p>\n<ul>\n<li>Megfelel\u0151 k\u00e9pz\u00e9s biztos\u00edt\u00e1sa a kezel\u0151k sz\u00e1m\u00e1ra a palackok kezel\u00e9s\u00e9vel \u00e9s a biztons\u00e1gi protokollokkal kapcsolatban.<\/li>\n<li>V\u00e9d\u0151felszerel\u00e9s, p\u00e9ld\u00e1ul keszty\u0171 \u00e9s v\u00e9d\u0151szem\u00fcveg haszn\u00e1lata hidraulikus rendszerekkel v\u00e9gzett munka sor\u00e1n.<\/li>\n<li>Rendszeresen ellen\u0151rizze a hengert \u00e9s a hidraulikus rendszert a lehets\u00e9ges biztons\u00e1gi kock\u00e1zatok szempontj\u00e1b\u00f3l.<\/li>\n<li>Minden vonatkoz\u00f3 biztons\u00e1gi el\u0151\u00edr\u00e1s \u00e9s ir\u00e1nyelv betart\u00e1sa.<\/li>\n<\/ul>\n<h2>Hibaelh\u00e1r\u00edt\u00e1s \u00e9s gyakori probl\u00e9m\u00e1k<\/h2>\n<p>A karhengerekn\u00e9l el\u0151fordulhatnak bizonyos probl\u00e9m\u00e1k, de ezek a k\u00f6vetkez\u0151 tippekkel diagnosztiz\u00e1lhat\u00f3k \u00e9s megoldhat\u00f3k:<\/p>\n<ul>\n<li>Ha a henger nem h\u00faz\u00f3dik ki vagy be, ellen\u0151rizze a hidraulikafolyad\u00e9k szintj\u00e9t \u00e9s nyom\u00e1s\u00e1t.<\/li>\n<li>Vizsg\u00e1lja meg a t\u00f6m\u00edt\u00e9seket sziv\u00e1rg\u00e1s vagy s\u00e9r\u00fcl\u00e9s jelei szempontj\u00e1b\u00f3l, \u00e9s sz\u00fcks\u00e9g eset\u00e9n cser\u00e9lje ki.<\/li>\n<li>Ellen\u0151rizze a hidraulikavezet\u00e9kekben l\u00e9v\u0151 esetleges elt\u00f6m\u0151d\u00e9seket vagy sz\u0171k\u00fcleteket, \u00e9s sz\u00fcks\u00e9g eset\u00e9n sz\u00fcntesse meg azokat.<\/li>\n<li>Ha a henger egyenetlen\u00fcl m\u0171k\u00f6dik vagy szokatlan zajokat ad ki, ellen\u0151rizze az alkatr\u00e9szek kop\u00e1s\u00e1t, \u00e9s sz\u00fcks\u00e9g eset\u00e9n cser\u00e9lje ki azokat.<\/li>\n<\/ul>\n<p><img decoding=\"async\" src=\"https:\/\/www.hydraulic-cylinders.net\/wp-content\/uploads\/2025\/01\/songte-chushion-collar.webp\"><\/p>\n<p>Ne felejtsd el logikusan fel\u00e9p\u00edteni a cikket, alc\u00edmekkel a k\u00f6nny\u0171 navig\u00e1ci\u00f3 \u00e9rdek\u00e9ben. Haszn\u00e1lj relev\u00e1ns k\u00e9peket vagy diagramokat a jobb meg\u00e9rt\u00e9s \u00e9rdek\u00e9ben. Gy\u0151z\u0151dj meg r\u00f3la, hogy a tartalom vil\u00e1gos, t\u00f6m\u00f6r \u00e9s megfelel\u0151 a k\u00fcl\u00f6nb\u00f6z\u0151 szint\u0171 technikai tud\u00e1ssal rendelkez\u0151 olvas\u00f3k sz\u00e1m\u00e1ra.<\/p>\n<h2>R\u00f3lunk<\/h2>\n<p>Professzion\u00e1lis gy\u00e1rt\u00f3k\u00e9nt cser\u00e9lhet\u0151 hidraulikus hengereket gy\u00e1rtunk, sz\u00e9les term\u00e9kv\u00e1laszt\u00e9kkal. A hazai \u00e9s nemzetk\u00f6zi piacok egyik vezet\u0151 hidraulikus hengergy\u00e1rt\u00f3j\u00e1v\u00e1 \u00e9s nagykereskedelmi forgalmaz\u00f3j\u00e1v\u00e1 v\u00e1ltunk. A kiv\u00e1l\u00f3 min\u0151s\u00e9g elv\u00e9t fenntartva, kifinomult gy\u00e1rt\u00f3m\u0171helyeinkben iparos\u00edtott termel\u00e9sir\u00e1ny\u00edt\u00e1si strat\u00e9gi\u00e1kra t\u00e1maszkodunk, hogy folyamatosan fejlessz\u00fck m\u0171szaki szak\u00e9rtelm\u00fcnket \u00e9s termel\u00e9si hat\u00e9konys\u00e1gunkat. Cs\u00facskateg\u00f3ri\u00e1s digit\u00e1lis gy\u00e1rt\u00f3berendez\u00e9sek \u00e9s professzion\u00e1lis tesztel\u0151rendszerek bevezet\u00e9s\u00e9vel optimaliz\u00e1ljuk gy\u00e1rt\u00e1si platformunkat \u00e9s fejlesztj\u00fck term\u00e9kmin\u0151s\u00e9g-ellen\u0151rz\u00e9si folyamatainkat, ami er\u0151s innov\u00e1ci\u00f3s k\u00e9pess\u00e9geket biztos\u00edt sz\u00e1munkra. C\u00e9lunk, hogy hat\u00e9konyan, prec\u00edzen \u00e9s kiv\u00e1l\u00f3 min\u0151s\u00e9g\u0171 term\u00e9kekkel el\u00e9g\u00edts\u00fck ki \u00fcgyfeleink sokr\u00e9t\u0171 ig\u00e9nyeit.<\/p>\n<p><img decoding=\"async\" src=\"https:\/\/www.hydraulic-cylinders.net\/wp-content\/uploads\/2025\/01\/songte-company-4.webp\"><br \/>\n<img decoding=\"async\" src=\"https:\/\/www.hydraulic-cylinders.net\/wp-content\/uploads\/2025\/01\/songte-company-3.webp\"><\/p>\n<p>C\u00e9g\u00fcnk kiemelkedik a k\u00f6vetkez\u0151k tekintet\u00e9ben:<\/p>\n<ul>\n<li>Szak\u00e9rtelem \u00e9s hozz\u00e1\u00e9rt\u00e9s a hidraulikus hengerek ter\u00fclet\u00e9n.<\/li>\n<li>Nemzetk\u00f6zi tan\u00fas\u00edtv\u00e1nyok garant\u00e1lj\u00e1k a legmagasabb min\u0151s\u00e9gi szabv\u00e1nyokat.<\/li>\n<li>Testreszab\u00e1si lehet\u0151s\u00e9gek az egyedi ig\u00e9nyek kiel\u00e9g\u00edt\u00e9s\u00e9re.<\/li>\n<li>Korszer\u0171 gy\u00e1rt\u00f3berendez\u00e9sek.<\/li>\n<li>Kiv\u00e1l\u00f3 \u00e9rt\u00e9kes\u00edt\u00e9s ut\u00e1ni szolg\u00e1ltat\u00e1s \u00e9s t\u00e1mogat\u00e1s.<\/li>\n<\/ul>\n<p>Szerz\u0151: lyl<\/<\/p>","protected":false},"excerpt":{"rendered":"<p>Arm Cylinder For Case Small Excavator CX130B Introduction The arm cylinder is a specially designed hydraulic cylinder that provides linear motion and power to the arm of various machinery, such as excavators, cranes, and robotic arms. It plays a crucial role in hydraulic systems, enabling the effective movement and control of additional tools or attachments. [&hellip;]<\/p>","protected":false},"featured_media":14777,"comment_status":"open","ping_status":"closed","template":"","meta":{"_et_pb_use_builder":"","_et_pb_old_content":"","_et_gb_content_width":""},"product_brand":[],"product_cat":[1497],"product_tag":[1498,1496],"class_list":{"0":"post-16650","1":"product","2":"type-product","3":"status-publish","4":"has-post-thumbnail","6":"product_cat-arm-cylinders","7":"product_tag-arm-cylinders","8":"product_tag-hydraulic-cylinders","10":"first","11":"instock","12":"shipping-taxable","13":"product-type-simple"},"amp_enabled":true,"_links":{"self":[{"href":"https:\/\/www.hydraulic-cylinders.net\/hu\/wp-json\/wp\/v2\/product\/16650","targetHints":{"allow":["GET"]}}],"collection":[{"href":"https:\/\/www.hydraulic-cylinders.net\/hu\/wp-json\/wp\/v2\/product"}],"about":[{"href":"https:\/\/www.hydraulic-cylinders.net\/hu\/wp-json\/wp\/v2\/types\/product"}],"replies":[{"embeddable":true,"href":"https:\/\/www.hydraulic-cylinders.net\/hu\/wp-json\/wp\/v2\/comments?post=16650"}],"wp:featuredmedia":[{"embeddable":true,"href":"https:\/\/www.hydraulic-cylinders.net\/hu\/wp-json\/wp\/v2\/media\/14777"}],"wp:attachment":[{"href":"https:\/\/www.hydraulic-cylinders.net\/hu\/wp-json\/wp\/v2\/media?parent=16650"}],"wp:term":[{"taxonomy":"product_brand","embeddable":true,"href":"https:\/\/www.hydraulic-cylinders.net\/hu\/wp-json\/wp\/v2\/product_brand?post=16650"},{"taxonomy":"product_cat","embeddable":true,"href":"https:\/\/www.hydraulic-cylinders.net\/hu\/wp-json\/wp\/v2\/product_cat?post=16650"},{"taxonomy":"product_tag","embeddable":true,"href":"https:\/\/www.hydraulic-cylinders.net\/hu\/wp-json\/wp\/v2\/product_tag?post=16650"}],"curies":[{"name":"munkaf\u00fczet","href":"https:\/\/api.w.org\/{rel}","templated":true}]}}