{"id":16653,"date":"2025-01-21T05:44:26","date_gmt":"2025-01-21T05:44:26","guid":{"rendered":"https:\/\/www.hydraulic-cylinders.net\/product\/arm-cylinder-for-case-middle-excavator-cx220b\/"},"modified":"2025-01-21T05:44:28","modified_gmt":"2025-01-21T05:44:28","slug":"arm-cylinder-for-case-middle-excavator-cx220b","status":"publish","type":"product","link":"https:\/\/www.hydraulic-cylinders.net\/hu\/termek\/arm-cylinder-for-case-middle-excavator-cx220b\/","title":{"rendered":"Karhenger Case Middle Excavator CX220B kotr\u00f3g\u00e9phez"},"content":{"rendered":"<p>Karhenger Case Middle Excavator CX220B kotr\u00f3g\u00e9phez<\/p>\n<p>Bevezet\u00e9s:<br \/>\nA karhenger egy speci\u00e1lis hidraulikus henger, amelyet k\u00fcl\u00f6nf\u00e9le g\u00e9pek, p\u00e9ld\u00e1ul kotr\u00f3g\u00e9pek, daruk \u00e9s mechanikus karok line\u00e1ris mozg\u00e1s\u00e1nak \u00e9s teljes\u00edtm\u00e9ny\u00e9nek biztos\u00edt\u00e1s\u00e1ra terveztek. A karhenger kulcsszerepet j\u00e1tszik a hidraulikus rendszerben az\u00e1ltal, hogy lehet\u0151v\u00e9 teszi a tartoz\u00e9kok \u00e9s tartoz\u00e9kok hat\u00e9kony mozg\u00e1s\u00e1t \u00e9s vez\u00e9rl\u00e9s\u00e9t. Ezek a hengerek nemcsak sima mozg\u00e1st tesznek lehet\u0151v\u00e9, hanem nagy terhel\u00e9seket is elviselnek, biztos\u00edtva a g\u00e9pek hat\u00e9kony m\u0171k\u00f6d\u00e9s\u00e9t \u00e9s megb\u00edzhat\u00f3s\u00e1g\u00e1t k\u00fcl\u00f6nb\u00f6z\u0151 \u00fczemi k\u00f6r\u00fclm\u00e9nyek k\u00f6z\u00f6tt.<\/p>\n<p>Jellemz\u0151k:<br \/>\n1. Hat\u00e9kony er\u0151\u00e1tvitel: A karhengerek er\u0151teljes line\u00e1ris mozg\u00e1st \u00e9s er\u0151t biztos\u00edtanak, biztos\u00edtva a mechanikus karok hat\u00e9kony teljes\u00edtm\u00e9ny\u00e9t k\u00fcl\u00f6nf\u00e9le m\u0171veletek sor\u00e1n.<br \/>\n2. Prec\u00edz vez\u00e9rl\u00e9s: A hidraulikus rendszereknek k\u00f6sz\u00f6nhet\u0151en a karhengerek prec\u00edz mozg\u00e1svez\u00e9rl\u00e9st tesznek lehet\u0151v\u00e9, \u00edgy a tartoz\u00e9kok m\u0171k\u00f6d\u00e9se rugalmasabb \u00e9s pontosabb.<br \/>\n3. Nagy tart\u00f3ss\u00e1g: A karos munkahengerek jellemz\u0151en nagy szil\u00e1rds\u00e1g\u00fa anyagokb\u00f3l k\u00e9sz\u00fclnek, j\u00f3 kop\u00e1s- \u00e9s korr\u00f3zi\u00f3\u00e1ll\u00f3s\u00e1ggal, \u00edgy alkalmasak hossz\u00fa t\u00e1v\u00fa haszn\u00e1latra zord k\u00f6rnyezetben.<br \/>\n4. Sokoldal\u00fa alkalmazkod\u00f3k\u00e9pess\u00e9g: Ezek a hengerek sz\u00e9les k\u00f6rben alkalmazhat\u00f3k k\u00fcl\u00f6nf\u00e9le mechanikus berendez\u00e9sekben, p\u00e9ld\u00e1ul kotr\u00f3g\u00e9pekben, darukban \u00e9s mechanikus karokban, hogy megfeleljenek a k\u00fcl\u00f6nb\u00f6z\u0151 munkak\u00f6vetelm\u00e9nyeknek.<br \/>\n5. K\u00f6nny\u0171 karbantart\u00e1s: A k\u00f6nny\u0171 karbantart\u00e1st \u00e9s cser\u00e9t szem el\u0151tt tartva tervezett karhengerek k\u00e9nyelmesebb\u00e9 teszik a rendszeres ellen\u0151rz\u00e9st \u00e9s karbantart\u00e1st, cs\u00f6kkentve a berendez\u00e9sek \u00e1ll\u00e1sidej\u00e9t.<\/p>\n<p>Alkalmaz\u00e1sok:<br \/>\n1. \u00c9p\u00edt\u0151ipar: Kotr\u00f3g\u00e9pekben \u00e9s darukban a karhengereket a v\u00f6dr\u00f6k vagy g\u00e9mek mozg\u00e1s\u00e1nak vez\u00e9rl\u00e9s\u00e9re haszn\u00e1lj\u00e1k f\u00f6ldmunk\u00e1kn\u00e1l, anyagmozgat\u00e1sn\u00e1l \u00e9s szerkezeti telep\u00edt\u00e9sekn\u00e9l.<br \/>\n2. Gy\u00e1rt\u00e1s: Az automatiz\u00e1lt gy\u00e1rt\u00f3sorokon a karhengereket mechanikus karok mozgat\u00e1s\u00e1ra haszn\u00e1lj\u00e1k az \u00f6sszeszerel\u00e9si, hegeszt\u00e9si \u00e9s anyagmozgat\u00e1si folyamatok sor\u00e1n, jav\u00edtva a termel\u00e9si hat\u00e9konys\u00e1got \u00e9s a pontoss\u00e1got.<br \/>\n3. Mez\u0151gazdas\u00e1gi g\u00e9pek: A mez\u0151gazdas\u00e1gi g\u00e9pekben, p\u00e9ld\u00e1ul a betakar\u00edt\u00f3g\u00e9pekben \u00e9s a vet\u0151g\u00e9pekben a karhengerek vez\u00e9rlik a m\u0171k\u00f6dtet\u0151 karok mozg\u00e1s\u00e1t olyan feladatok elv\u00e9gz\u00e9s\u00e9hez, mint az vet\u00e9s, a tr\u00e1gy\u00e1z\u00e1s \u00e9s a betakar\u00edt\u00e1s.<br \/>\n4. B\u00e1ny\u00e1szat: A b\u00e1ny\u00e1szati \u200b\u200bberendez\u00e9sekben a karhengereket a b\u00e1ny\u00e1szati \u200b\u200bberendez\u00e9sek karjainak mozg\u00e1s\u00e1nak vez\u00e9rl\u00e9s\u00e9re haszn\u00e1lj\u00e1k \u00e9rcb\u00e1ny\u00e1szat \u00e9s -sz\u00e1ll\u00edt\u00e1s sor\u00e1n.<br \/>\n5. Logisztika \u00e9s sz\u00e1ll\u00edt\u00e1s: A targonc\u00e1kban \u00e9s anyagmozgat\u00f3 robotokban a karhengereket a vill\u00e1k emel\u00e9s\u00e9nek \u00e9s mozg\u00e1s\u00e1nak vez\u00e9rl\u00e9s\u00e9re haszn\u00e1lj\u00e1k, \u00edgy biztos\u00edtva az anyagmozgat\u00e1st \u00e9s a rakod\u00e1st.<\/p>\n<p>Tervez\u00e9si szempontok \u00e9s kiv\u00e1laszt\u00e1si krit\u00e9riumok:<br \/>\n1. Teherb\u00edr\u00e1s: A karhengereket \u00fagy kell megtervezni, hogy ellen\u00e1lljanak a m\u0171k\u00f6d\u00e9s k\u00f6zben fell\u00e9p\u0151 maxim\u00e1lis terhel\u00e9snek.<br \/>\n2. T\u00f6m\u00edt\u00e9s: K\u00fcl\u00f6nb\u00f6z\u0151 t\u00f6m\u00edt\u0151elemeket, p\u00e9ld\u00e1ul dugatty\u00fat\u00f6m\u00edt\u00e9seket \u00e9s r\u00fadt\u00f6m\u00edt\u00e9seket haszn\u00e1lnak a hidraulikafolyad\u00e9k sziv\u00e1rg\u00e1s\u00e1nak \u00e9s a szennyez\u0151d\u00e9sek bejut\u00e1s\u00e1nak megakad\u00e1lyoz\u00e1s\u00e1ra.<br \/>\n3. Tart\u00f3ss\u00e1g: A karhengereket j\u00f3 kop\u00e1s- \u00e9s korr\u00f3zi\u00f3\u00e1ll\u00f3 anyagokb\u00f3l kell k\u00e9sz\u00edteni, hogy hossz\u00fa t\u00e1von is haszn\u00e1lhat\u00f3k legyenek zord k\u00f6rnyezetben.<br \/>\n4. Biztons\u00e1g: A karhengereket \u00fagy kell megtervezni, hogy megel\u0151zz\u00e9k a henger meghib\u00e1sod\u00e1sa vagy meghib\u00e1sod\u00e1sa okozta baleseteket.<br \/>\n5. Karbantarthat\u00f3s\u00e1g: A karhengereket \u00fagy kell megtervezni, hogy k\u00f6nnyen karbantarthat\u00f3k \u00e9s jav\u00edthat\u00f3k legyenek, k\u00f6nnyen hozz\u00e1f\u00e9rhet\u0151 alkatr\u00e9szekkel \u00e9s cserealkatr\u00e9szekkel.<\/p>\n<p>T\u00f6m\u00edt\u00e9s \u00e9s ken\u00e9s:<br \/>\nK\u00fcl\u00f6nb\u00f6z\u0151 t\u00f6m\u00edt\u0151elemeket, p\u00e9ld\u00e1ul dugatty\u00fat\u00f6m\u00edt\u00e9seket \u00e9s r\u00fadt\u00f6m\u00edt\u00e9seket haszn\u00e1lnak a hidraulikafolyad\u00e9k sziv\u00e1rg\u00e1s\u00e1nak \u00e9s a szennyez\u0151d\u00e9sek bejut\u00e1s\u00e1nak megakad\u00e1lyoz\u00e1s\u00e1ra. A karhengereket rendszeres id\u0151k\u00f6z\u00f6nk\u00e9nt kenni kell a megfelel\u0151 hidraulikaolajjal a teljes\u00edtm\u00e9ny \u00e9s a tart\u00f3ss\u00e1g fenntart\u00e1sa \u00e9rdek\u00e9ben.<\/p>\n<p>Megel\u0151z\u0151 karbantart\u00e1s \u00e9s hibaelh\u00e1r\u00edt\u00e1s:<br \/>\nA karhenger rendszeres ellen\u0151rz\u00e9se \u00e9s karbantart\u00e1sa sz\u00fcks\u00e9ges a folyamatos hat\u00e9kony m\u0171k\u00f6d\u00e9s biztos\u00edt\u00e1s\u00e1hoz. A karhenger m\u0171k\u00f6d\u00e9s\u00e9vel kapcsolatos gyakori probl\u00e9m\u00e1k k\u00f6z\u00e9 tartozik a hidraulikafolyad\u00e9k sziv\u00e1rg\u00e1sa, a henger t\u00falzott kop\u00e1sa \u00e9s a dugatty\u00far\u00fad s\u00e9r\u00fcl\u00e9se. A karhenger teljes\u00edtm\u00e9ny\u00e9nek fenntart\u00e1sa \u00e9s a lehets\u00e9ges probl\u00e9m\u00e1k megel\u0151z\u00e9se \u00e9rdek\u00e9ben a gy\u00e1rt\u00f3 \u00e1ltal aj\u00e1nlott hibaelh\u00e1r\u00edt\u00e1si \u00e9s jav\u00edt\u00e1si elj\u00e1r\u00e1sokat be kell tartani.<\/p>\n<p>Telep\u00edt\u00e9si \u00fatmutat\u00f3:<br \/>\n1. Tiszt\u00edtsa meg az \u00f6sszes r\u00f6gz\u00edt\u0151fel\u00fcletet, \u00e9s gy\u0151z\u0151dj\u00f6n meg arr\u00f3l, hogy mentesek a rozsd\u00e1t\u00f3l, a szennyez\u0151d\u00e9st\u0151l \u00e9s a t\u00f6rmel\u00e9kt\u0151l.<br \/>\n2. Igaz\u00edtsa a karhenger tart\u00f3j\u00e1t a g\u00e9pen l\u00e9v\u0151 r\u00f6gz\u00edt\u00e9si ponthoz, \u00e9s r\u00f6gz\u00edtse megfelel\u0151 csavarokkal vagy r\u00f6gz\u00edt\u0151elemekkel.<br \/>\n3. Connect the hydraulic lines to the arm cylinder according to the manufacturer&#8217;s instructions.<br \/>\n4. Ellen\u0151rizze a henger megfelel\u0151 m\u0171k\u00f6d\u00e9s\u00e9t, bele\u00e9rtve a sima mozg\u00e1st \u00e9s a hidraulikus vez\u00e9rl\u00e9sekre adott megfelel\u0151 reakci\u00f3t.<\/p>\n<p>Biztons\u00e1gi szempontok \u00e9s k\u00f6rnyezeti t\u00e9nyez\u0151k:<br \/>\nHidraulikus berendez\u00e9sekkel v\u00e9gzett munka sor\u00e1n biztons\u00e1gi int\u00e9zked\u00e9seket kell tenni, p\u00e9ld\u00e1ul megfelel\u0151 v\u00e9d\u0151felszerel\u00e9st kell viselni, \u00e9s be kell tartani az aj\u00e1nlott karbantart\u00e1si \u00e9s jav\u00edt\u00e1si elj\u00e1r\u00e1sokat. A k\u00f6rnyezeti t\u00e9nyez\u0151k, mint p\u00e9ld\u00e1ul a h\u0151m\u00e9rs\u00e9klet \u00e9s a p\u00e1ratartalom, befoly\u00e1solhatj\u00e1k a karhenger teljes\u00edtm\u00e9ny\u00e9t, \u00e9s ezeket figyelembe kell venni sz\u00e9ls\u0151s\u00e9ges k\u00f6r\u00fclm\u00e9nyek k\u00f6z\u00f6tt t\u00f6rt\u00e9n\u0151 \u00fczemeltet\u00e9s eset\u00e9n.<\/p>\n<p>Professzion\u00e1lis alternat\u00edv hidraulikus henger gy\u00e1rt\u00f3k\u00e9nt sz\u00e9les term\u00e9k- \u00e9s szolg\u00e1ltat\u00e1sv\u00e1laszt\u00e9kot k\u00edn\u00e1lunk. Vezet\u0151 hidraulikus henger gy\u00e1rt\u00f3v\u00e1 \u00e9s nagykereskedelmi forgalmaz\u00f3v\u00e1 v\u00e1ltunk a hazai \u00e9s a nemzetk\u00f6zi piacokon. Mindig a kiv\u00e1l\u00f3 min\u0151s\u00e9g elv\u00e9t k\u00f6vetj\u00fck, kifinomult gy\u00e1rt\u00f3m\u0171hely\u00fcnk iparos\u00edtott termel\u00e9sir\u00e1ny\u00edt\u00e1si strat\u00e9gi\u00e1j\u00e1ra t\u00e1maszkodva folyamatosan fejlesztj\u00fck technikai sz\u00ednvonalunkat \u00e9s termel\u00e9si hat\u00e9konys\u00e1gunkat. Korszer\u0171 digit\u00e1lis gy\u00e1rt\u00f3berendez\u00e9sek \u00e9s professzion\u00e1lis tesztel\u0151rendszerek bevezet\u00e9s\u00e9vel folyamatosan optimaliz\u00e1ljuk a gy\u00e1rt\u00e1si platformokat, fejlesztj\u00fck a term\u00e9kmin\u0151s\u00e9g-ellen\u0151rz\u00e9si folyamatokat, \u00e9s er\u0151s innov\u00e1ci\u00f3s k\u00e9pess\u00e9gekkel rendelkez\u00fcnk. C\u00e9lunk, hogy \u00fcgyfeleink sokr\u00e9t\u0171 ig\u00e9nyeit a hat\u00e9konys\u00e1g, a pontoss\u00e1g \u00e9s a magas min\u0151s\u00e9g elveivel el\u00e9g\u00edts\u00fck ki.<\/p>\n<p>C\u00e9g\u00fcnk a k\u00f6vetkez\u0151 k\u00e9pess\u00e9gekkel rendelkezik:<br \/>\n1. Szak\u00e9rtelem: Tapasztalt szakemberekb\u0151l \u00e1ll\u00f3 csapatunk van, akik j\u00e1rtasak a hidraulikus hengerek tervez\u00e9s\u00e9ben, gy\u00e1rt\u00e1s\u00e1ban \u00e9s \u00fcgyf\u00e9lszolg\u00e1lat\u00e1ban.<br \/>\n2. Nemzetk\u00f6zi tan\u00fas\u00edt\u00e1s: Term\u00e9keink megfelelnek a nemzetk\u00f6zi min\u0151s\u00e9gi szabv\u00e1nyoknak, \u00e9s k\u00fcl\u00f6nf\u00e9le tan\u00fas\u00edtv\u00e1nyokat kaptak, p\u00e9ld\u00e1ul ISO9001 \u00e9s CE min\u0151s\u00edt\u00e9st.<br \/>\n3. Testreszab\u00e1si szolg\u00e1ltat\u00e1sok: Az \u00fcgyf\u00e9l ig\u00e9nyei alapj\u00e1n testreszabott hidraulikus henger megold\u00e1sokat k\u00edn\u00e1lunk.<br \/>\n4. Gy\u00e1rt\u00f3berendez\u00e9sek: Korszer\u0171 digit\u00e1lis gy\u00e1rt\u00f3berendez\u00e9seket haszn\u00e1lunk a gy\u00e1rt\u00e1si folyamatok pontoss\u00e1g\u00e1nak \u00e9s hat\u00e9konys\u00e1g\u00e1nak biztos\u00edt\u00e1sa \u00e9rdek\u00e9ben.<br \/>\n5. \u00c9rt\u00e9kes\u00edt\u00e9s ut\u00e1ni szolg\u00e1ltat\u00e1sok: \u00c1tfog\u00f3 \u00e9rt\u00e9kes\u00edt\u00e9s ut\u00e1ni szolg\u00e1ltat\u00e1si rendszerrel rendelkez\u00fcnk, amely mag\u00e1ban foglalja a m\u0171szaki t\u00e1mogat\u00e1st, a karbantart\u00e1st \u00e9s a jav\u00edt\u00e1si szolg\u00e1ltat\u00e1sokat.<\/p>\n<p>Szerz\u0151: lyl.<\/p>","protected":false},"excerpt":{"rendered":"<p>Arm Cylinder for Case Middle Excavator CX220B Introduction: Arm cylinder is a specialized hydraulic cylinder designed to provide linear motion and power for various types of machinery, such as excavators, cranes, and mechanical arms. The arm cylinder plays a crucial role in a hydraulic system by enabling the effective movement and control of attachments and [&hellip;]<\/p>","protected":false},"featured_media":14770,"comment_status":"open","ping_status":"closed","template":"","meta":{"_et_pb_use_builder":"","_et_pb_old_content":"","_et_gb_content_width":""},"product_brand":[],"product_cat":[1497],"product_tag":[1498,1496],"class_list":{"0":"post-16653","1":"product","2":"type-product","3":"status-publish","4":"has-post-thumbnail","6":"product_cat-arm-cylinders","7":"product_tag-arm-cylinders","8":"product_tag-hydraulic-cylinders","10":"first","11":"instock","12":"shipping-taxable","13":"product-type-simple"},"amp_enabled":true,"_links":{"self":[{"href":"https:\/\/www.hydraulic-cylinders.net\/hu\/wp-json\/wp\/v2\/product\/16653","targetHints":{"allow":["GET"]}}],"collection":[{"href":"https:\/\/www.hydraulic-cylinders.net\/hu\/wp-json\/wp\/v2\/product"}],"about":[{"href":"https:\/\/www.hydraulic-cylinders.net\/hu\/wp-json\/wp\/v2\/types\/product"}],"replies":[{"embeddable":true,"href":"https:\/\/www.hydraulic-cylinders.net\/hu\/wp-json\/wp\/v2\/comments?post=16653"}],"wp:featuredmedia":[{"embeddable":true,"href":"https:\/\/www.hydraulic-cylinders.net\/hu\/wp-json\/wp\/v2\/media\/14770"}],"wp:attachment":[{"href":"https:\/\/www.hydraulic-cylinders.net\/hu\/wp-json\/wp\/v2\/media?parent=16653"}],"wp:term":[{"taxonomy":"product_brand","embeddable":true,"href":"https:\/\/www.hydraulic-cylinders.net\/hu\/wp-json\/wp\/v2\/product_brand?post=16653"},{"taxonomy":"product_cat","embeddable":true,"href":"https:\/\/www.hydraulic-cylinders.net\/hu\/wp-json\/wp\/v2\/product_cat?post=16653"},{"taxonomy":"product_tag","embeddable":true,"href":"https:\/\/www.hydraulic-cylinders.net\/hu\/wp-json\/wp\/v2\/product_tag?post=16653"}],"curies":[{"name":"munkaf\u00fczet","href":"https:\/\/api.w.org\/{rel}","templated":true}]}}