{"id":16659,"date":"2025-01-21T05:44:51","date_gmt":"2025-01-21T05:44:51","guid":{"rendered":"https:\/\/www.hydraulic-cylinders.net\/product\/arm-cylinder-for-case-large-excavator-cx360bhr\/"},"modified":"2025-01-21T05:44:53","modified_gmt":"2025-01-21T05:44:53","slug":"arm-cylinder-for-case-large-excavator-cx360bhr","status":"publish","type":"product","link":"https:\/\/www.hydraulic-cylinders.net\/hu\/termek\/arm-cylinder-for-case-large-excavator-cx360bhr\/","title":{"rendered":"Karhenger Case nagym\u00e9ret\u0171 kotr\u00f3g\u00e9phez CX360BHR"},"content":{"rendered":"<p>Karhenger Case nagym\u00e9ret\u0171 kotr\u00f3g\u00e9phez CX360BHR<\/p>\n<p>Bevezet\u00e9s<\/p>\n<p>A karhenger egy speci\u00e1lis hidraulikus henger, amelyet els\u0151sorban k\u00fcl\u00f6nf\u00e9le g\u00e9pek, p\u00e9ld\u00e1ul kotr\u00f3g\u00e9pek, daruk \u00e9s mechanikus karok karjainak line\u00e1ris mozg\u00e1s\u00e1nak \u00e9s erej\u00e9nek biztos\u00edt\u00e1s\u00e1ra haszn\u00e1lnak. A karhenger kulcsszerepet j\u00e1tszik a hidraulikus rendszerben, lehet\u0151v\u00e9 t\u00e9ve a tov\u00e1bbi szersz\u00e1mok vagy tartoz\u00e9kok hat\u00e9kony mozg\u00e1s\u00e1t \u00e9s vez\u00e9rl\u00e9s\u00e9t. Ezek a hengerek nemcsak sima mozg\u00e1st tesznek lehet\u0151v\u00e9, hanem nagy terhel\u00e9seket is elviselnek, biztos\u00edtva a g\u00e9pek hat\u00e9kony m\u0171k\u00f6d\u00e9s\u00e9t \u00e9s megb\u00edzhat\u00f3s\u00e1g\u00e1t k\u00fcl\u00f6nb\u00f6z\u0151 \u00fczemi k\u00f6r\u00fclm\u00e9nyek k\u00f6z\u00f6tt.<\/p>\n<p>Defin\u00edci\u00f3 \u00e9s magyar\u00e1zat<\/p>\n<p>A karhenger egy hidraulikus henger, amelyet kifejezetten arra terveztek, hogy line\u00e1ris mozg\u00e1st \u00e9s er\u0151t biztos\u00edtson k\u00fcl\u00f6nf\u00e9le g\u00e9pkarok sz\u00e1m\u00e1ra. Ezek a hengerek a hidraulikus rendszer kulcsfontoss\u00e1g\u00fa alkatr\u00e9szei, \u00e9s felel\u0151sek a tartoz\u00e9kok \u00e9s szersz\u00e1mok mozg\u00e1s\u00e1nak vez\u00e9rl\u00e9s\u00e9\u00e9rt. A karhengerek nagy szil\u00e1rds\u00e1g\u00fa anyagokb\u00f3l k\u00e9sz\u00fclnek, \u00e9s hihetetlen\u00fcl tart\u00f3sak, \u00edgy ide\u00e1lisak a zord \u00fczemi k\u00f6rnyezetben val\u00f3 haszn\u00e1latra.<\/p>\n<p>Jellemz\u0151k<\/p>\n<p>1. Nagy hat\u00e9konys\u00e1g\u00fa er\u0151\u00e1tvitel \u2013 A karhenger er\u0151teljes line\u00e1ris mozg\u00e1st \u00e9s er\u0151t biztos\u00edt, biztos\u00edtva a mechanikus kar nagy teljes\u00edtm\u00e9ny\u0171 \u00e9s hat\u00e9kony m\u0171k\u00f6d\u00e9s\u00e9t k\u00fcl\u00f6nf\u00e9le m\u0171veletek sor\u00e1n.<\/p>\n<p>2. Prec\u00edz vez\u00e9rl\u00e9s \u2013 A karhenger lehet\u0151v\u00e9 teszi a kieg\u00e9sz\u00edt\u0151 szersz\u00e1mok pontos mozg\u00e1svez\u00e9rl\u00e9s\u00e9t a hidraulikus rendszeren kereszt\u00fcl, \u00edgy a szersz\u00e1mok m\u0171k\u00f6dtet\u00e9se rugalmasabb \u00e9s prec\u00edzebb.<\/p>\n<p>3. Nagy tart\u00f3ss\u00e1g \u2013 A karos munkahengerek jellemz\u0151en nagy szil\u00e1rds\u00e1g\u00fa anyagokb\u00f3l k\u00e9sz\u00fclnek, amelyek j\u00f3 kop\u00e1s\u00e1ll\u00f3s\u00e1ggal \u00e9s korr\u00f3zi\u00f3\u00e1ll\u00f3s\u00e1ggal rendelkeznek, \u00edgy alkalmasak hossz\u00fa t\u00e1v\u00fa haszn\u00e1latra zord k\u00f6rnyezetben.<\/p>\n<p>4. T\u00f6bbfunkci\u00f3s alkalmazkod\u00f3k\u00e9pess\u00e9g \u2013 Ezek a munkahengerek sz\u00e9les k\u00f6rben alkalmazhat\u00f3k k\u00fcl\u00f6nf\u00e9le g\u00e9pipari berendez\u00e9sekben, p\u00e9ld\u00e1ul kotr\u00f3g\u00e9pekben, darukban \u00e9s mechanikus karokban, hogy megfeleljenek a k\u00fcl\u00f6nb\u00f6z\u0151 munkaig\u00e9nyeknek.<\/p>\n<p>5. K\u00f6nny\u0171 karbantart\u00e1s \u2013 A karhenger kialak\u00edt\u00e1sa a k\u00f6nny\u0171 karbantart\u00e1st \u00e9s cser\u00e9t szem el\u0151tt tartva t\u00f6rt\u00e9nt, \u00edgy a rendszeres ellen\u0151rz\u00e9s \u00e9s karbantart\u00e1s k\u00e9nyelmesebb, \u00e9s cs\u00f6kken a berendez\u00e9s \u00e1ll\u00e1sideje.<\/p>\n<p>Termel\u00e9s<\/p>\n<p>Olyan karhengereket gy\u00e1rtunk, amelyek t\u00f6k\u00e9letesen helyettes\u00edthetik ezeket a hidraulikus hengereket. Term\u00e9keink kiv\u00e1l\u00f3 min\u0151s\u00e9gben \u00e9s precizit\u00e1ssal k\u00e9sz\u00fclnek, biztos\u00edtva a g\u00e9pek megb\u00edzhat\u00f3 \u00e9s hat\u00e9kony m\u0171k\u00f6d\u00e9s\u00e9t.<\/p>\n<p>Alkalmaz\u00e1sok<\/p>\n<p>1. \u00c9p\u00edt\u0151ipar \u2013 Kotr\u00f3g\u00e9pekn\u00e9l \u00e9s darukn\u00e1l a karhenger a kan\u00e1l vagy emel\u0151 mozg\u00e1s\u00e1nak vez\u00e9rl\u00e9s\u00e9re szolg\u00e1l f\u00f6ldmunk\u00e1k, anyagmozgat\u00e1s \u00e9s szerkezettelep\u00edt\u00e9s sor\u00e1n.<\/p>\n<p>2. Gy\u00e1rt\u00e1s \u2013 Az automatiz\u00e1lt gy\u00e1rt\u00f3sorokon a karhengert mechanikus karok mozgat\u00e1s\u00e1ra haszn\u00e1lj\u00e1k az \u00f6sszeszerel\u00e9si, hegeszt\u00e9si \u00e9s anyagmozgat\u00e1si folyamatok sor\u00e1n, n\u00f6velve a termel\u00e9si hat\u00e9konys\u00e1got \u00e9s a pontoss\u00e1got.<\/p>\n<p>3. Mez\u0151gazdas\u00e1gi g\u00e9pek \u2013 A mez\u0151gazdas\u00e1gi g\u00e9pekben, p\u00e9ld\u00e1ul a betakar\u00edt\u00f3g\u00e9pekben \u00e9s a vet\u0151g\u00e9pekben a karhenger vez\u00e9rli a m\u0171k\u00f6dtet\u0151 kar mozg\u00e1s\u00e1t, olyan feladatokat l\u00e1tva el, mint az vet\u00e9s, a tr\u00e1gy\u00e1z\u00e1s \u00e9s a betakar\u00edt\u00e1s.<\/p>\n<p>4. B\u00e1ny\u00e1szat \u2013 B\u00e1ny\u00e1szati \u200b\u200bberendez\u00e9sekben a karhenger a b\u00e1ny\u00e1szati \u200b\u200bberendez\u00e9sek karj\u00e1nak mozg\u00e1s\u00e1t szab\u00e1lyozza \u00e9rcb\u00e1ny\u00e1szat \u00e9s -sz\u00e1ll\u00edt\u00e1s sor\u00e1n.<\/p>\n<p>5. Logisztika \u00e9s sz\u00e1ll\u00edt\u00e1s \u2013 A targonc\u00e1kban \u00e9s anyagmozgat\u00f3 robotokban a karhenger a rakom\u00e1ny emel\u00e9s\u00e9nek \u00e9s mozgat\u00e1s\u00e1nak vez\u00e9rl\u00e9s\u00e9re szolg\u00e1l, megval\u00f3s\u00edtva az anyagok kezel\u00e9s\u00e9t \u00e9s egym\u00e1sra rak\u00e1s\u00e1t.<\/p>\n<p>Tervez\u00e9si szempontok \u00e9s kiv\u00e1laszt\u00e1si krit\u00e9riumok<\/p>\n<p>1. Teherb\u00edr\u00e1s \u2013 A karhenger teherb\u00edr\u00e1s\u00e1nak k\u00e9pesnek kell lennie a berendez\u00e9s \u00e9s a kieg\u00e9sz\u00edt\u0151 szersz\u00e1mok vagy tartoz\u00e9kok s\u00faly\u00e1nak elb\u00edr\u00e1s\u00e1ra.<\/p>\n<p>2. T\u00f6m\u00edt\u00e9s \u2013 A karhenger k\u00fcl\u00f6nf\u00e9le t\u00f6m\u00edt\u00e9seket ig\u00e9nyel, p\u00e9ld\u00e1ul dugatty\u00fat\u00f6m\u00edt\u00e9seket \u00e9s r\u00fadt\u00f6m\u00edt\u00e9seket a hidraulikafolyad\u00e9k sziv\u00e1rg\u00e1s\u00e1nak megakad\u00e1lyoz\u00e1sa \u00e9s a megfelel\u0151 m\u0171k\u00f6d\u00e9s biztos\u00edt\u00e1sa \u00e9rdek\u00e9ben.<\/p>\n<p>3. Tart\u00f3ss\u00e1g \u2013 A karhengernek kiv\u00e1l\u00f3 min\u0151s\u00e9g\u0171 anyagokb\u00f3l kell k\u00e9sz\u00fclnie, amelyek ellen\u00e1llnak a zord \u00fczemi k\u00f6r\u00fclm\u00e9nyeknek \u00e9s a gyakori haszn\u00e1latnak.<\/p>\n<p>4. Biztons\u00e1g \u2013 A karhengert a biztons\u00e1g szem el\u0151tt tart\u00e1s\u00e1val kell megtervezni, biztos\u00edtva, hogy m\u0171k\u00f6d\u00e9s k\u00f6zben ne forduljanak el\u0151 hib\u00e1k vagy m\u0171k\u00f6d\u00e9si zavarok.<\/p>\n<p>5. Karbantart\u00e1s \u2013 A karhengernek k\u00f6nnyen karbantarthat\u00f3nak \u00e9s jav\u00edthat\u00f3nak kell lennie, olyan alkatr\u00e9szekkel, amelyek k\u00f6nnyen cser\u00e9lhet\u0151k vagy jav\u00edthat\u00f3k.<\/p>\n<p>T\u00f6m\u00edt\u00e9s \u00e9s ken\u00e9s<\/p>\n<p>A karhenger k\u00fcl\u00f6nf\u00e9le t\u00f6m\u00edt\u0151elemeket haszn\u00e1l, p\u00e9ld\u00e1ul dugatty\u00fat\u00f6m\u00edt\u00e9seket \u00e9s r\u00fadt\u00f6m\u00edt\u00e9seket, amelyek kop\u00e1s\u00e1ll\u00f3 anyagokb\u00f3l, p\u00e9ld\u00e1ul poliuret\u00e1nb\u00f3l \u00e9s nitrilgumib\u00f3l k\u00e9sz\u00fclnek. A hengertest \u00e9s a menetes v\u00e9gek finom megmunk\u00e1l\u00e1s\u00faak a kop\u00e1s\u00e1ll\u00f3s\u00e1g jav\u00edt\u00e1sa \u00e9rdek\u00e9ben. A megfelel\u0151 mennyis\u00e9g\u0171 hidraulikaolaj rendszeres hozz\u00e1ad\u00e1sa biztos\u00edthatja a henger z\u00f6kken\u0151mentes m\u0171k\u00f6d\u00e9s\u00e9t.<\/p>\n<p>Karbantart\u00e1s \u00e9s megel\u0151z\u0151 int\u00e9zked\u00e9sek<\/p>\n<p>A rendszeres ellen\u0151rz\u00e9s, karbantart\u00e1s \u00e9s megel\u0151z\u0151 int\u00e9zked\u00e9sek elengedhetetlenek a karhenger \u00e9lettartam\u00e1nak meghosszabb\u00edt\u00e1s\u00e1hoz \u00e9s a k\u00e1rosod\u00e1s megel\u0151z\u00e9s\u00e9hez. A megfelel\u0151 ken\u00e9si szint fenntart\u00e1sa, az elkopott t\u00f6m\u00edt\u00e9sek cser\u00e9je \u00e9s a hidraulikus rendszer tiszt\u00edt\u00e1sa mind kulcsfontoss\u00e1g\u00fa.<\/p>\n<p>Telep\u00edt\u00e9si \u00fatmutat\u00f3<\/p>\n<p>1. Helyezze el a palackot a berendez\u00e9s specifik\u00e1ci\u00f3inak megfelel\u0151en.<\/p>\n<p>2. Csatlakoztassa a hidraulikat\u00f6ml\u0151ket a hengerhez \u00e9s a hidraulikarendszerhez.<\/p>\n<p>3. Ellen\u0151rizze a hidraulikus rendszer sziv\u00e1rg\u00e1s\u00e1t.<\/p>\n<p>4. Ellen\u0151rizze a berendez\u00e9s megfelel\u0151 m\u0171k\u00f6d\u00e9s\u00e9t.<\/p>\n<p>Biztons\u00e1gi szempontok \u00e9s k\u00f6rnyezeti t\u00e9nyez\u0151k<\/p>\n<p>A karhenger telep\u00edt\u00e9sekor \u00e9s \u00fczemeltet\u00e9sekor biztons\u00e1gi int\u00e9zked\u00e9seket kell betartani. A megfelel\u0151 m\u0171k\u00f6d\u00e9s biztos\u00edt\u00e1sa \u00e9s a k\u00e1rosod\u00e1s elker\u00fcl\u00e9se \u00e9rdek\u00e9ben a k\u00f6rnyezeti t\u00e9nyez\u0151ket, p\u00e9ld\u00e1ul a h\u0151m\u00e9rs\u00e9kletet \u00e9s a p\u00e1ratartalmat is figyelembe kell venni.<\/p>\n<p>Hibaelh\u00e1r\u00edt\u00e1s \u00e9s gyakori probl\u00e9m\u00e1k<\/p>\n<p>A karhengerek gyakori probl\u00e9m\u00e1i k\u00f6z\u00e9 tartozik a sziv\u00e1rg\u00e1s, az el\u00e9gtelen teljes\u00edtm\u00e9ny \u00e9s a lass\u00fa mozg\u00e1s. Ezeket a probl\u00e9m\u00e1kat a kopott t\u00f6m\u00edt\u00e9sek ellen\u0151rz\u00e9s\u00e9vel \u00e9s cser\u00e9j\u00e9vel, a hidraulikus rendszer nyom\u00e1s\u00e1nak be\u00e1ll\u00edt\u00e1s\u00e1val vagy a hidraulikus rendszer tiszt\u00edt\u00e1s\u00e1val lehet megoldani.<\/p>\n<p>K\u00f6vetkeztet\u00e9s<\/p>\n<p>Sz\u00e9les term\u00e9kv\u00e1laszt\u00e9kkal rendelkez\u0151, professzion\u00e1lis hidraulikus hengergy\u00e1rt\u00f3k vagyunk. A hazai \u00e9s nemzetk\u00f6zi piacok egyik vezet\u0151 hidraulikus hengergy\u00e1rt\u00f3j\u00e1v\u00e1 \u00e9s nagykereskedelmi forgalmaz\u00f3j\u00e1v\u00e1 v\u00e1ltunk. Mindig a kiv\u00e1l\u00f3 min\u0151s\u00e9g elv\u00e9t k\u00f6vetj\u00fck, folyamatosan fejlesztj\u00fck termel\u00e9si hat\u00e9konys\u00e1gunkat \u00e9s technol\u00f3giai sz\u00ednvonalunkat, \u00e9s szem\u00e9lyre szabott szolg\u00e1ltat\u00e1sokat ny\u00fajtunk \u00fcgyfeleink sz\u00e1m\u00e1ra.<\/p>\n<p>Term\u00e9keink nemzetk\u00f6zi tan\u00fas\u00edtv\u00e1nnyal rendelkeznek, \u00e9s professzion\u00e1lis, hat\u00e9kony \u00e9rt\u00e9kes\u00edt\u00e9s ut\u00e1ni szervizcsapatunk gyors \u00e9s \u00e1tfog\u00f3 szolg\u00e1ltat\u00e1sokat tud ny\u00fajtani \u00fcgyfeleink sz\u00e1m\u00e1ra. Korszer\u0171 gy\u00e1rt\u00f3berendez\u00e9seket \u00e9s vizsg\u00e1lati rendszereket haszn\u00e1lunk term\u00e9keink min\u0151s\u00e9g\u00e9nek \u00e1lland\u00f3 biztos\u00edt\u00e1sa \u00e9rdek\u00e9ben.<\/p>\n<p>Szerz\u0151: lyl<\/p>","protected":false},"excerpt":{"rendered":"<p>Arm Cylinder For Case Large Excavator CX360BHR Introduction The arm cylinder is a specialized hydraulic cylinder that is primarily used to provide linear motion and power for the arms of various machinery, such as excavators, cranes, and mechanical arms. The arm cylinder plays a key role in the hydraulic system, allowing for effective movement and [&hellip;]<\/p>","protected":false},"featured_media":14779,"comment_status":"open","ping_status":"closed","template":"","meta":{"_et_pb_use_builder":"","_et_pb_old_content":"","_et_gb_content_width":""},"product_brand":[],"product_cat":[1497],"product_tag":[1498,1496],"class_list":{"0":"post-16659","1":"product","2":"type-product","3":"status-publish","4":"has-post-thumbnail","6":"product_cat-arm-cylinders","7":"product_tag-arm-cylinders","8":"product_tag-hydraulic-cylinders","10":"first","11":"instock","12":"shipping-taxable","13":"product-type-simple"},"amp_enabled":true,"_links":{"self":[{"href":"https:\/\/www.hydraulic-cylinders.net\/hu\/wp-json\/wp\/v2\/product\/16659","targetHints":{"allow":["GET"]}}],"collection":[{"href":"https:\/\/www.hydraulic-cylinders.net\/hu\/wp-json\/wp\/v2\/product"}],"about":[{"href":"https:\/\/www.hydraulic-cylinders.net\/hu\/wp-json\/wp\/v2\/types\/product"}],"replies":[{"embeddable":true,"href":"https:\/\/www.hydraulic-cylinders.net\/hu\/wp-json\/wp\/v2\/comments?post=16659"}],"wp:featuredmedia":[{"embeddable":true,"href":"https:\/\/www.hydraulic-cylinders.net\/hu\/wp-json\/wp\/v2\/media\/14779"}],"wp:attachment":[{"href":"https:\/\/www.hydraulic-cylinders.net\/hu\/wp-json\/wp\/v2\/media?parent=16659"}],"wp:term":[{"taxonomy":"product_brand","embeddable":true,"href":"https:\/\/www.hydraulic-cylinders.net\/hu\/wp-json\/wp\/v2\/product_brand?post=16659"},{"taxonomy":"product_cat","embeddable":true,"href":"https:\/\/www.hydraulic-cylinders.net\/hu\/wp-json\/wp\/v2\/product_cat?post=16659"},{"taxonomy":"product_tag","embeddable":true,"href":"https:\/\/www.hydraulic-cylinders.net\/hu\/wp-json\/wp\/v2\/product_tag?post=16659"}],"curies":[{"name":"munkaf\u00fczet","href":"https:\/\/api.w.org\/{rel}","templated":true}]}}