{"id":16664,"date":"2025-01-21T05:45:22","date_gmt":"2025-01-21T05:45:22","guid":{"rendered":"https:\/\/www.hydraulic-cylinders.net\/product\/arm-cylinder-for-zhenyu-small-excavator-zy330\/"},"modified":"2025-01-21T05:45:24","modified_gmt":"2025-01-21T05:45:24","slug":"arm-cylinder-for-zhenyu-small-excavator-zy330","status":"publish","type":"product","link":"https:\/\/www.hydraulic-cylinders.net\/hu\/termek\/arm-cylinder-for-zhenyu-small-excavator-zy330\/","title":{"rendered":"Karhenger Zhenyu kis kotr\u00f3g\u00e9phez ZY330"},"content":{"rendered":"<h1>Karhenger Zhenyu kis kotr\u00f3g\u00e9phez ZY330<\/h1>\n<h2>Bevezet\u00e9s<\/h2>\n<p>A karhenger egy speci\u00e1lisan tervezett hidraulikus henger, amely line\u00e1ris mozg\u00e1st \u00e9s er\u0151t biztos\u00edt k\u00fcl\u00f6nf\u00e9le g\u00e9pek, p\u00e9ld\u00e1ul kotr\u00f3g\u00e9pek, daruk \u00e9s robotkarok karj\u00e1nak. Kulcsfontoss\u00e1g\u00fa szerepet j\u00e1tszik a hidraulikus rendszerekben, lehet\u0151v\u00e9 t\u00e9ve a tov\u00e1bbi szersz\u00e1mok vagy tartoz\u00e9kok hat\u00e9kony mozgat\u00e1s\u00e1t \u00e9s vez\u00e9rl\u00e9s\u00e9t. Ezek a hengerek nemcsak a sima mozg\u00e1st biztos\u00edtj\u00e1k, hanem a nagy terhel\u00e9seket is elviselik, biztos\u00edtva a g\u00e9p hat\u00e9kony m\u0171k\u00f6d\u00e9s\u00e9t \u00e9s megb\u00edzhat\u00f3s\u00e1g\u00e1t k\u00fcl\u00f6nb\u00f6z\u0151 munkak\u00f6r\u00fclm\u00e9nyek k\u00f6z\u00f6tt.<\/p>\n<h3>Defin\u00edci\u00f3 \u00e9s magyar\u00e1zat<\/h3>\n<p>A karhenger egy hidraulikus henger, amelyet kifejezetten arra terveztek, hogy line\u00e1ris mozg\u00e1st \u00e9s er\u0151t biztos\u00edtson k\u00fcl\u00f6nf\u00e9le g\u00e9pek karj\u00e1nak. Lehet\u0151v\u00e9 teszi tov\u00e1bbi szersz\u00e1mok vagy tartoz\u00e9kok, p\u00e9ld\u00e1ul v\u00f6dr\u00f6k, g\u00e9mek vagy karok hat\u00e9kony mozgat\u00e1s\u00e1t \u00e9s vez\u00e9rl\u00e9s\u00e9t olyan g\u00e9pekben, mint a kotr\u00f3g\u00e9pek, daruk \u00e9s robotkarok. Ezek a hengerek a hidraulikus rendszerek alapvet\u0151 alkatr\u00e9szei, amelyek lehet\u0151v\u00e9 teszik a g\u00e9pek z\u00f6kken\u0151mentes \u00e9s pontos m\u0171k\u00f6d\u00e9s\u00e9t.<\/p>\n<p><img decoding=\"async\" src=\"https:\/\/www.hydraulic-cylinders.net\/wp-content\/uploads\/2025\/01\/songte-company-2.webp\" alt=\"Karhenger\" \/><\/p>\n<h2>Jellemz\u0151k<\/h2>\n<ul>\n<li><strong>Nagy hat\u00e9konys\u00e1g\u00fa \u00e1tvitel:<\/strong> A karhenger er\u0151teljes line\u00e1ris mozg\u00e1st \u00e9s er\u0151t biztos\u00edt, biztos\u00edtva a g\u00e9pkar nagy hat\u00e9konys\u00e1g\u00e1t a k\u00fcl\u00f6nb\u00f6z\u0151 m\u0171veletek sor\u00e1n.<\/li>\n<li><strong>Prec\u00edz vez\u00e9rl\u00e9s:<\/strong> A hidraulikus rendszeren kereszt\u00fcl a karhenger prec\u00edz mozg\u00e1svez\u00e9rl\u00e9st tesz lehet\u0151v\u00e9, \u00edgy a csatlakoztatott eszk\u00f6z\u00f6k kezel\u00e9se rugalmasabb \u00e9s pontosabb.<\/li>\n<li><strong>Tart\u00f3ss\u00e1g:<\/strong> A karhengerek jellemz\u0151en nagy szil\u00e1rds\u00e1g\u00fa anyagokb\u00f3l k\u00e9sz\u00fclnek, kiv\u00e1l\u00f3 kop\u00e1s- \u00e9s korr\u00f3zi\u00f3\u00e1ll\u00f3s\u00e1ggal rendelkeznek, \u00edgy alkalmasak hossz\u00fa t\u00e1v\u00fa haszn\u00e1latra zord k\u00f6rnyezetben.<\/li>\n<li><strong>T\u00f6bbfunkci\u00f3s alkalmazkod\u00f3k\u00e9pess\u00e9g:<\/strong> Ezek a munkahengerek sz\u00e9les k\u00f6rben alkalmazhat\u00f3k k\u00fcl\u00f6nf\u00e9le g\u00e9pekhez, p\u00e9ld\u00e1ul kotr\u00f3g\u00e9pekhez, darukhoz \u00e9s robotkarokhoz, alkalmazkodva a k\u00fcl\u00f6nb\u00f6z\u0151 munkak\u00f6vetelm\u00e9nyekhez.<\/li>\n<li><strong>K\u00f6nny\u0171 karbantart\u00e1s:<\/strong> A karhenger kialak\u00edt\u00e1sa a k\u00f6nny\u0171 karbantart\u00e1st \u00e9s cser\u00e9t szem el\u0151tt tartva t\u00f6rt\u00e9nt, \u00edgy a rendszeres ellen\u0151rz\u00e9s \u00e9s karbantart\u00e1s k\u00e9nyelmesebb, \u00e9s cs\u00f6kken a berendez\u00e9s \u00e1ll\u00e1sideje.<\/li>\n<\/ul>\n<p><img decoding=\"async\" src=\"https:\/\/www.hydraulic-cylinders.net\/wp-content\/uploads\/2025\/01\/songte-oil-pipes-and-spare-parts.webp\" alt=\"Hidraulikus hengerek\" \/><\/p>\n<h2>Alkalmaz\u00e1sok<\/h2>\n<p>A karhenger k\u00fcl\u00f6nf\u00e9le ipar\u00e1gakban \u00e9s szektorokban alkalmazhat\u00f3:<\/p>\n<h3>1. \u00c9p\u00edt\u0151m\u00e9rn\u00f6ki tudom\u00e1nyok<\/h3>\n<p>Kotr\u00f3g\u00e9pekn\u00e9l \u00e9s darukn\u00e1l a karhenger a v\u00f6dr\u00f6k vagy g\u00e9mek mozg\u00e1s\u00e1nak vez\u00e9rl\u00e9s\u00e9re szolg\u00e1l, megk\u00f6nny\u00edtve a f\u00f6ldmozgat\u00e1st, az anyagmozgat\u00e1st \u00e9s a szerkezeti telep\u00edt\u00e9st.<\/p>\n<h3>2. Gy\u00e1rt\u00e1s<\/h3>\n<p>Az automatiz\u00e1lt gy\u00e1rt\u00f3sorokon a karhengert robotkarok mozgat\u00e1s\u00e1ra haszn\u00e1lj\u00e1k, lehet\u0151v\u00e9 t\u00e9ve az \u00f6sszeszerel\u00e9si, hegeszt\u00e9si \u00e9s anyagmozgat\u00e1si folyamatokat, jav\u00edtva a termel\u00e9si hat\u00e9konys\u00e1got \u00e9s a pontoss\u00e1got.<\/p>\n<h3>3. Mez\u0151gazdas\u00e1gi g\u00e9pek<\/h3>\n<p>A mez\u0151gazdas\u00e1gi g\u00e9pekben, p\u00e9ld\u00e1ul a betakar\u00edt\u00f3g\u00e9pekben \u00e9s a vet\u0151g\u00e9pekben a karhenger vez\u00e9rli a m\u0171k\u00f6dtet\u0151 karok mozg\u00e1s\u00e1t, olyan feladatokat l\u00e1tva el, mint a vet\u00e9s, a m\u0171tr\u00e1gy\u00e1z\u00e1s \u00e9s a betakar\u00edt\u00e1s.<\/p>\n<h3>4. B\u00e1ny\u00e1szat<\/h3>\n<p>A b\u00e1ny\u00e1szati \u200b\u200bberendez\u00e9sekben a karhengert a b\u00e1ny\u00e1szati \u200b\u200bg\u00e9pek karmozg\u00e1s\u00e1nak vez\u00e9rl\u00e9s\u00e9re haszn\u00e1lj\u00e1k, megk\u00f6nny\u00edtve az \u00e9rc kitermel\u00e9s\u00e9t \u00e9s sz\u00e1ll\u00edt\u00e1s\u00e1t.<\/p>\n<h3>5. Logisztika \u00e9s sz\u00e1ll\u00edt\u00e1s<\/h3>\n<p>A targonc\u00e1kban \u00e9s anyagmozgat\u00f3 robotokban a karhenger vez\u00e9rli a vill\u00e1k emel\u00e9s\u00e9t \u00e9s mozg\u00e1s\u00e1t, lehet\u0151v\u00e9 t\u00e9ve az anyagmozgat\u00e1st \u00e9s a rakod\u00e1st.<\/p>\n<p><img decoding=\"async\" src=\"https:\/\/www.hydraulic-cylinders.net\/wp-content\/uploads\/2025\/01\/songte-cylinder-head-with-all-kinds-excavator-models.webp\" alt=\"Hengerfej\" \/><\/p>\n<h2>Tervez\u00e9si szempontok \u00e9s kiv\u00e1laszt\u00e1si krit\u00e9riumok<\/h2>\n<ul>\n<li><strong>Teherb\u00edr\u00e1s:<\/strong> A karhenger \u00fagy van kialak\u00edtva, hogy ellen\u00e1lljon a g\u00e9pek, amelyekben haszn\u00e1lni fogj\u00e1k, speci\u00e1lis terhel\u00e9si k\u00f6vetelm\u00e9nyeinek.<\/li>\n<li><strong>T\u00f6m\u00edt\u00e9s:<\/strong> K\u00fcl\u00f6nb\u00f6z\u0151 t\u00f6m\u00edt\u0151elemeket, p\u00e9ld\u00e1ul dugatty\u00fat\u00f6m\u00edt\u00e9seket \u00e9s r\u00fadt\u00f6m\u00edt\u00e9seket haszn\u00e1lnak, amelyek jellemz\u0151en kop\u00e1s\u00e1ll\u00f3 anyagokb\u00f3l, p\u00e9ld\u00e1ul poliuret\u00e1nb\u00f3l \u00e9s nitrilgumib\u00f3l k\u00e9sz\u00fclnek.<\/li>\n<li><strong>Tart\u00f3ss\u00e1g:<\/strong> A hengertest \u00e9s a menetes v\u00e9gek finom megmunk\u00e1l\u00e1son esnek \u00e1t a kop\u00e1s\u00e1ll\u00f3s\u00e1g n\u00f6vel\u00e9se \u00e9s az \u00e9lettartam meghosszabb\u00edt\u00e1sa \u00e9rdek\u00e9ben.<\/li>\n<li><strong>Biztons\u00e1g:<\/strong> A biztons\u00e1gi szempontok k\u00f6z\u00e9 tartozik a kiv\u00e1l\u00f3 min\u0151s\u00e9g\u0171 anyagok haszn\u00e1lata, a prec\u00edz m\u00e9rn\u00f6ki munka \u00e9s a biztons\u00e1gi el\u0151\u00edr\u00e1sok betart\u00e1sa a balesetek vagy meghib\u00e1sod\u00e1sok megel\u0151z\u00e9se \u00e9rdek\u00e9ben.<\/li>\n<li><strong>Karbantarthat\u00f3s\u00e1g:<\/strong> A karhenger kialak\u00edt\u00e1sa figyelembe veszi a karbantart\u00e1s \u00e9s a csere egyszer\u0171s\u00e9g\u00e9t, biztos\u00edtva a k\u00f6nny\u0171 hozz\u00e1f\u00e9r\u00e9st a rendszeres ellen\u0151rz\u00e9sekhez \u00e9s cs\u00f6kkentve a jav\u00edt\u00e1sok miatti \u00e1ll\u00e1sid\u0151t.<\/li>\n<\/ul>\n<p><img decoding=\"async\" src=\"https:\/\/www.hydraulic-cylinders.net\/wp-content\/uploads\/2025\/01\/songte-chushion-collar.webp\" alt=\"Chushion gall\u00e9r\" \/><\/p>\n<h2>T\u00f6m\u00edt\u00e9s \u00e9s ken\u00e9s<\/h2>\n<p>A karhenger k\u00fcl\u00f6nf\u00e9le t\u00f6m\u00edt\u0151elemeket haszn\u00e1l, p\u00e9ld\u00e1ul dugatty\u00fat\u00f6m\u00edt\u00e9seket \u00e9s r\u00fadt\u00f6m\u00edt\u00e9seket, amelyek kop\u00e1s\u00e1ll\u00f3 anyagokb\u00f3l, p\u00e9ld\u00e1ul poliuret\u00e1nb\u00f3l \u00e9s nitrilgumib\u00f3l k\u00e9sz\u00fclnek. A hengertest \u00e9s a menetes v\u00e9gek finoman kezeltek a kop\u00e1s\u00e1ll\u00f3s\u00e1g jav\u00edt\u00e1sa \u00e9rdek\u00e9ben. A henger z\u00f6kken\u0151mentes m\u0171k\u00f6d\u00e9s\u00e9hez \u00e9s hossz\u00fa \u00e9lettartam\u00e1hoz sz\u00fcks\u00e9ges a megfelel\u0151 hidraulikaolajjal t\u00f6rt\u00e9n\u0151 rendszeres ken\u00e9s.<\/p>\n<h2>Rendszeres ellen\u0151rz\u00e9s \u00e9s megel\u0151z\u0151 karbantart\u00e1s<\/h2>\n<ul>\n<li>Rendszeresen ellen\u0151rizze a karhengert, hogy nincsenek-e rajta kop\u00e1s, sziv\u00e1rg\u00e1s vagy a t\u00f6m\u00edt\u00e9sek \u00e9s alkatr\u00e9szek s\u00e9r\u00fcl\u00e9sei.<\/li>\n<li>Ellen\u0151rizze a hidraulikaolaj szintj\u00e9t \u00e9s min\u0151s\u00e9g\u00e9t, \u00e9s sz\u00fcks\u00e9g szerint cser\u00e9lje ki vagy t\u00f6ltse fel.<\/li>\n<li>Gy\u0151z\u0151dj\u00f6n meg arr\u00f3l, hogy minden csatlakoz\u00e1s \u00e9s szerelv\u00e9ny biztons\u00e1gos \u00e9s megfelel\u0151en meg van h\u00fazva.<\/li>\n<li>Tiszt\u00edtsa meg a hengert \u00e9s a k\u00f6rnyez\u0151 ter\u00fcleteket a szennyez\u0151d\u00e9sekt\u0151l \u00e9s t\u00f6rmel\u00e9kekt\u0151l, amelyek befoly\u00e1solhatj\u00e1k a teljes\u00edtm\u00e9ny\u00e9t.<\/li>\n<li>K\u00f6vesse a gy\u00e1rt\u00f3 megel\u0151z\u0151 karbantart\u00e1si ir\u00e1nyelveit, bele\u00e9rtve az alkatr\u00e9szek ken\u00e9s\u00e9t \u00e9s cser\u00e9j\u00e9t az aj\u00e1nlott id\u0151k\u00f6z\u00f6nk\u00e9nt.<\/li>\n<\/ul>\n<h2>Term\u00e9ktelep\u00edt\u00e9si \u00fatmutat\u00f3<\/h2>\n<p>A karhenger megfelel\u0151 beszerel\u00e9se elengedhetetlen az optim\u00e1lis teljes\u00edtm\u00e9ny \u00e9s hossz\u00fa \u00e9lettartam \u00e9rdek\u00e9ben. A beszerel\u00e9shez k\u00f6vesse az al\u00e1bbi l\u00e9p\u00e9seket:<\/p>\n<ol>\n<li>Gy\u0151z\u0151dj\u00f6n meg arr\u00f3l, hogy a g\u00e9p biztons\u00e1gosan elhelyezve \u00e9s kikapcsolt \u00e1llapotban van.<\/li>\n<li>T\u00e1vol\u00edtson el minden r\u00e9gi vagy s\u00e9r\u00fclt hengert a r\u00f6gz\u00edt\u0151csavarok meglaz\u00edt\u00e1s\u00e1val \u00e9s a hidraulikat\u00f6ml\u0151k lev\u00e1laszt\u00e1s\u00e1val.<\/li>\n<li>Vizsg\u00e1lja meg az \u00faj karhengert s\u00e9r\u00fcl\u00e9s vagy hiba jelei szempontj\u00e1b\u00f3l.<\/li>\n<li>Vigyen fel egy v\u00e9kony r\u00e9teg hidraulikaolajat vagy zs\u00edrt a henger felfogat\u00e1si fel\u00fclet\u00e9re.<\/li>\n<li>Igaz\u00edtsa a hengert a r\u00f6gz\u00edt\u0151konzolhoz, \u00e9s r\u00f6gz\u00edtse a hely\u00e9n a megfelel\u0151 csavarokkal \u00e9s any\u00e1kkal.<\/li>\n<li>Csatlakoztassa a hidraulikat\u00f6ml\u0151ket, \u00fcgyelve a megfelel\u0151 elvezet\u00e9sre \u00e9s a szoros csatlakoz\u00e1sokra.<\/li>\n<li>A henger m\u0171k\u00f6d\u00e9s\u00e9t a hidraulikus rendszer lass\u00fa aktiv\u00e1l\u00e1s\u00e1val \u00e9s a rendelleness\u00e9gek vagy sziv\u00e1rg\u00e1sok ellen\u0151rz\u00e9s\u00e9vel ellen\u0151rizheti.<\/li>\n<\/ol>\n<p><img decoding=\"async\" src=\"https:\/\/www.hydraulic-cylinders.net\/wp-content\/uploads\/2025\/01\/songte-bushings-with-all-kinds-of-excavator-models.webp\" alt=\"perselyek\" \/><\/p>\n<h2>Biztons\u00e1gi szempontok \u00e9s k\u00f6rnyezeti t\u00e9nyez\u0151k<\/h2>\n<p>A karhenger haszn\u00e1latakor fontos a biztons\u00e1gi int\u00e9zked\u00e9sek betart\u00e1sa a balesetek megel\u0151z\u00e9se \u00e9s a kezel\u0151 biztons\u00e1g\u00e1nak garant\u00e1l\u00e1sa \u00e9rdek\u00e9ben. N\u00e9h\u00e1ny fontos biztons\u00e1gi \u00f3vint\u00e9zked\u00e9s:<\/p>\n<ul>\n<li>Tartsa be a g\u00e9pgy\u00e1rt\u00f3 \u00e1ltal megadott \u00f6sszes biztons\u00e1gi ir\u00e1nyelvet \u00e9s el\u0151\u00edr\u00e1st.<\/li>\n<li>Szerelje fel a kezel\u0151ket a sz\u00fcks\u00e9ges szem\u00e9lyi v\u00e9d\u0151felszerel\u00e9sekkel (PPE), p\u00e9ld\u00e1ul keszty\u0171vel \u00e9s v\u00e9d\u0151szem\u00fcveggel.<\/li>\n<li>Rendszeresen ellen\u0151rizze a kar henger\u00e9t \u00e9s a hidraulikus rendszert kop\u00e1s, s\u00e9r\u00fcl\u00e9s vagy sziv\u00e1rg\u00e1s jelei szempontj\u00e1b\u00f3l.<\/li>\n<li>A v\u00e1ratlan meghib\u00e1sod\u00e1sok elker\u00fcl\u00e9se \u00e9rdek\u00e9ben gondoskodjon a henger megfelel\u0151 ken\u00e9s\u00e9r\u0151l \u00e9s karbantart\u00e1s\u00e1r\u00f3l.<\/li>\n<li>A haszn\u00e1lt hidraulikaolajat vagy hullad\u00e9kanyagokat a helyi k\u00f6rnyezetv\u00e9delmi el\u0151\u00edr\u00e1soknak megfelel\u0151en \u00e1rtalmatlan\u00edtsa.<\/li>\n<\/ul>\n<h2>Hibaelh\u00e1r\u00edt\u00e1s \u00e9s gyakori probl\u00e9m\u00e1k<\/h2>\n<p>\u00cdme n\u00e9h\u00e1ny gyakori probl\u00e9ma, amely a karhengerrel kapcsolatban felmer\u00fclhet, \u00e9s lehets\u00e9ges hibaelh\u00e1r\u00edt\u00e1si tippek:<\/p>\n<ul>\n<li><strong>Sziv\u00e1rg\u00e1s:<\/strong> Ellen\u0151rizze a laza csatlakoz\u00e1sokat vagy s\u00e9r\u00fclt t\u00f6m\u00edt\u00e9seket. Cser\u00e9lje ki a hib\u00e1s alkatr\u00e9szeket, \u00e9s gondoskodjon a szerelv\u00e9nyek megfelel\u0151 megh\u00faz\u00e1s\u00e1r\u00f3l.<\/li>\n<li><strong>Rendellenes zaj:<\/strong> Vizsg\u00e1lja meg a hengert, hogy nincsenek-e rajta laza alkatr\u00e9szek vagy szennyez\u0151d\u00e9sek. Sz\u00fcks\u00e9g szerint tiszt\u00edtsa meg vagy cser\u00e9lje ki az alkatr\u00e9szeket.<\/li>\n<li><strong>Gyenge teljes\u00edtm\u00e9ny:<\/strong> Ellen\u0151rizze a hidraulikarendszert alacsony folyad\u00e9kszint vagy szennyezett olaj szempontj\u00e1b\u00f3l. Tiszt\u00edtsa meg vagy cser\u00e9lje ki a sz\u0171r\u0151ket, \u00e9s sz\u00fcks\u00e9g szerint t\u00f6ltse fel a hidraulikaolajat.<\/li>\n<\/ul>\n<p>Ezen hibaelh\u00e1r\u00edt\u00e1si tippek k\u00f6vet\u00e9s\u00e9vel az olvas\u00f3k hat\u00e9konyan tudj\u00e1k diagnosztiz\u00e1lni \u00e9s megoldani a gyakori probl\u00e9m\u00e1kat. Ezenk\u00edv\u00fcl a megel\u0151z\u0151 int\u00e9zked\u00e9sek bevezet\u00e9se seg\u00edt minimaliz\u00e1lni a lehets\u00e9ges probl\u00e9m\u00e1kat.<\/p>\n<p><img","protected":false},"excerpt":{"rendered":"<p>Arm Cylinder For Zhenyu Small Excavator ZY330 Introduction The arm cylinder is a specially designed hydraulic cylinder that provides linear movement and power to the arm of various machinery such as excavators, cranes, and robotic arms. It plays a crucial role in hydraulic systems, enabling the efficient movement and control of additional tools or attachments. [&hellip;]<\/p>","protected":false},"featured_media":14766,"comment_status":"open","ping_status":"closed","template":"","meta":{"_et_pb_use_builder":"","_et_pb_old_content":"","_et_gb_content_width":""},"product_brand":[],"product_cat":[1497],"product_tag":[1498,1496],"class_list":{"0":"post-16664","1":"product","2":"type-product","3":"status-publish","4":"has-post-thumbnail","6":"product_cat-arm-cylinders","7":"product_tag-arm-cylinders","8":"product_tag-hydraulic-cylinders","10":"first","11":"instock","12":"shipping-taxable","13":"product-type-simple"},"amp_enabled":true,"_links":{"self":[{"href":"https:\/\/www.hydraulic-cylinders.net\/hu\/wp-json\/wp\/v2\/product\/16664","targetHints":{"allow":["GET"]}}],"collection":[{"href":"https:\/\/www.hydraulic-cylinders.net\/hu\/wp-json\/wp\/v2\/product"}],"about":[{"href":"https:\/\/www.hydraulic-cylinders.net\/hu\/wp-json\/wp\/v2\/types\/product"}],"replies":[{"embeddable":true,"href":"https:\/\/www.hydraulic-cylinders.net\/hu\/wp-json\/wp\/v2\/comments?post=16664"}],"wp:featuredmedia":[{"embeddable":true,"href":"https:\/\/www.hydraulic-cylinders.net\/hu\/wp-json\/wp\/v2\/media\/14766"}],"wp:attachment":[{"href":"https:\/\/www.hydraulic-cylinders.net\/hu\/wp-json\/wp\/v2\/media?parent=16664"}],"wp:term":[{"taxonomy":"product_brand","embeddable":true,"href":"https:\/\/www.hydraulic-cylinders.net\/hu\/wp-json\/wp\/v2\/product_brand?post=16664"},{"taxonomy":"product_cat","embeddable":true,"href":"https:\/\/www.hydraulic-cylinders.net\/hu\/wp-json\/wp\/v2\/product_cat?post=16664"},{"taxonomy":"product_tag","embeddable":true,"href":"https:\/\/www.hydraulic-cylinders.net\/hu\/wp-json\/wp\/v2\/product_tag?post=16664"}],"curies":[{"name":"munkaf\u00fczet","href":"https:\/\/api.w.org\/{rel}","templated":true}]}}