{"id":16687,"date":"2025-01-21T05:46:58","date_gmt":"2025-01-21T05:46:58","guid":{"rendered":"https:\/\/www.hydraulic-cylinders.net\/product\/arm-cylinder-for-jingong-wheel-type-jcm9075l\/"},"modified":"2025-01-21T05:47:00","modified_gmt":"2025-01-21T05:47:00","slug":"arm-cylinder-for-jingong-wheel-type-jcm9075l","status":"publish","type":"product","link":"https:\/\/www.hydraulic-cylinders.net\/hu\/termek\/arm-cylinder-for-jingong-wheel-type-jcm9075l\/","title":{"rendered":"Jingong JCM9075L t\u00edpus\u00fa ker\u00e9khez val\u00f3 karhenger"},"content":{"rendered":"<h1>Jingong JCM9075L t\u00edpus\u00fa ker\u00e9khez val\u00f3 karhenger<\/h1>\n<h2>Term\u00e9kdefin\u00edci\u00f3<\/h2>\n<p>A karhenger egy speci\u00e1lisan tervezett hidraulikus henger, amelyet els\u0151sorban k\u00fcl\u00f6nf\u00e9le g\u00e9pkarok, p\u00e9ld\u00e1ul kotr\u00f3g\u00e9pek, daruk \u00e9s mechanikus karok line\u00e1ris mozg\u00e1s\u00e1nak \u00e9s erej\u00e9nek biztos\u00edt\u00e1s\u00e1ra haszn\u00e1lnak. A karhenger kritikus szerepet j\u00e1tszik a hidraulikus rendszerben, lehet\u0151v\u00e9 t\u00e9ve a tartoz\u00e9kok vagy tartoz\u00e9kok mozg\u00e1s\u00e1t \u00e9s hat\u00e9kony vez\u00e9rl\u00e9s\u00e9t. Ezek a hengerek nemcsak sima mozg\u00e1st biztos\u00edtanak, hanem nagy terhel\u00e9seket is elviselnek, biztos\u00edtva a g\u00e9p hat\u00e9kony m\u0171k\u00f6d\u00e9s\u00e9t \u00e9s megb\u00edzhat\u00f3s\u00e1g\u00e1t k\u00fcl\u00f6nb\u00f6z\u0151 munkak\u00f6r\u00fclm\u00e9nyek k\u00f6z\u00f6tt.<\/p>\n<p><img decoding=\"async\" src=\"https:\/\/www.hydraulic-cylinders.net\/wp-content\/uploads\/2025\/01\/songte-company-2.webp\"><\/p>\n<h2>Term\u00e9kjellemz\u0151k<\/h2>\n<h3>Nagy hat\u00e9konys\u00e1g\u00fa \u00e1tvitel<\/h3>\n<p>A karhenger er\u0151teljes line\u00e1ris mozg\u00e1st \u00e9s er\u0151t biztos\u00edt, biztos\u00edtva a mechanikus kar nagy hat\u00e9konys\u00e1g\u00fa teljes\u00edtm\u00e9ny\u00e9t k\u00fcl\u00f6nf\u00e9le m\u0171veletek sor\u00e1n.<\/p>\n<h3>Prec\u00edz vez\u00e9rl\u00e9s<\/h3>\n<p>A hidraulikus rendszeren kereszt\u00fcl a karhenger pontos mozg\u00e1svez\u00e9rl\u00e9st \u00e9rhet el, \u00edgy a csatlakoztatott szersz\u00e1mok m\u0171k\u00f6d\u00e9se rugalmasabb \u00e9s pontosabb.<\/p>\n<h3>Er\u0151s tart\u00f3ss\u00e1g<\/h3>\n<p>A karhenger \u00e1ltal\u00e1ban nagy szil\u00e1rds\u00e1g\u00fa anyagokb\u00f3l k\u00e9sz\u00fcl, j\u00f3 kop\u00e1s- \u00e9s korr\u00f3zi\u00f3\u00e1ll\u00f3s\u00e1ggal rendelkezik, \u00edgy alkalmass\u00e1 teszi a hossz\u00fa t\u00e1v\u00fa haszn\u00e1latra zord k\u00f6rnyezetben.<\/p>\n<h3>T\u00f6bbfunkci\u00f3s alkalmazkod\u00f3k\u00e9pess\u00e9g<\/h3>\n<p>Ezek a hengerek sz\u00e9les k\u00f6rben alkalmazhat\u00f3k k\u00fcl\u00f6nf\u00e9le mechanikus berendez\u00e9sekben, p\u00e9ld\u00e1ul kotr\u00f3g\u00e9pekben, darukban \u00e9s mechanikus karokban, hogy alkalmazkodjanak a k\u00fcl\u00f6nb\u00f6z\u0151 munkak\u00f6vetelm\u00e9nyekhez.<\/p>\n<h3>K\u00f6nny\u0171 karbantart\u00e1s<\/h3>\n<p>A tervez\u00e9s sor\u00e1n figyelembe vett\u00e9k a karbantart\u00e1s \u00e9s a csere egyszer\u0171s\u00e9g\u00e9t, \u00edgy a rendszeres ellen\u0151rz\u00e9s \u00e9s karbantart\u00e1s k\u00e9nyelmesebb\u00e9 v\u00e1lt, cs\u00f6kkentve a berendez\u00e9sek \u00e1ll\u00e1sidej\u00e9t.<\/p>\n<p><img decoding=\"async\" src=\"https:\/\/www.hydraulic-cylinders.net\/wp-content\/uploads\/2025\/01\/songte-oil-pipes-and-spare-parts.webp\"><\/p>\n<h2>Term\u00e9kalkalmaz\u00e1sok<\/h2>\n<h3>\u00c9p\u00edt\u0151m\u00e9rn\u00f6ki<\/h3>\n<p>Kotr\u00f3g\u00e9pekn\u00e9l \u00e9s darukn\u00e1l a karhenger a v\u00f6dr\u00f6k vagy g\u00e9mek mozg\u00e1s\u00e1nak vez\u00e9rl\u00e9s\u00e9re szolg\u00e1l f\u00f6ldmunk\u00e1kn\u00e1l, anyagmozgat\u00e1sn\u00e1l \u00e9s szerkezeti telep\u00edt\u00e9sekn\u00e9l.<\/p>\n<h3>Feldolgoz\u00f3 ipar<\/h3>\n<p>Az automatiz\u00e1lt gy\u00e1rt\u00f3sorokon a karhengert mechanikus karok mozgat\u00e1s\u00e1ra haszn\u00e1lj\u00e1k az \u00f6sszeszerel\u00e9si, hegeszt\u00e9si \u00e9s anyagmozgat\u00e1si folyamatok sor\u00e1n, jav\u00edtva a termel\u00e9si hat\u00e9konys\u00e1got \u00e9s a pontoss\u00e1got.<\/p>\n<h3>Mez\u0151gazdas\u00e1gi g\u00e9pek<\/h3>\n<p>A mez\u0151gazdas\u00e1gi g\u00e9pekben, p\u00e9ld\u00e1ul a betakar\u00edt\u00f3g\u00e9pekben \u00e9s a vet\u0151g\u00e9pekben a karhenger vez\u00e9rli a m\u0171k\u00f6dtet\u0151 kar mozg\u00e1s\u00e1t, olyan feladatokat l\u00e1tva el, mint a vet\u00e9s, a m\u0171tr\u00e1gy\u00e1z\u00e1s \u00e9s a betakar\u00edt\u00e1s.<\/p>\n<h3>B\u00e1nyaipar<\/h3>\n<p>B\u00e1ny\u00e1szati \u200b\u200bberendez\u00e9sekben a karhengert a b\u00e1ny\u00e1szati \u200b\u200bberendez\u00e9s karj\u00e1nak mozg\u00e1s\u00e1nak vez\u00e9rl\u00e9s\u00e9re haszn\u00e1lj\u00e1k \u00e1sv\u00e1nyok b\u00e1ny\u00e1szat\u00e1hoz \u00e9s sz\u00e1ll\u00edt\u00e1s\u00e1hoz.<\/p>\n<h3>Logisztika \u00e9s sz\u00e1ll\u00edtm\u00e1nyoz\u00e1s<\/h3>\n<p>Targonc\u00e1kban \u00e9s anyagmozgat\u00f3 robotokban a karhenger a tehervill\u00e1k emel\u00e9s\u00e9nek \u00e9s mozg\u00e1s\u00e1nak vez\u00e9rl\u00e9s\u00e9re szolg\u00e1l, ez\u00e1ltal biztos\u00edtva az anyagmozgat\u00e1st \u00e9s a rakod\u00e1st.<\/p>\n<h2>Tervez\u00e9si szempontok \u00e9s kiv\u00e1laszt\u00e1si krit\u00e9riumok<\/h2>\n<h3>Teherb\u00edr\u00e1s<\/h3>\n<p>A karhenger legfontosabb szempontja a teherb\u00edr\u00e1sa. K\u00e9pesnek kell lennie ellen\u00e1llni a szerel\u00e9k s\u00faly\u00e1nak \u00e9s az esetlegesen viselt tov\u00e1bbi terhel\u00e9seknek.<\/p>\n<h3>T\u00f6m\u00edt\u00e9s<\/h3>\n<p>A karhenger hat\u00e9kony t\u00f6m\u00edt\u00e9st ig\u00e9nyel az olajsziv\u00e1rg\u00e1s \u00e9s a szennyez\u0151d\u00e9s megakad\u00e1lyoz\u00e1sa \u00e9rdek\u00e9ben. K\u00fcl\u00f6nb\u00f6z\u0151 t\u00edpus\u00fa t\u00f6m\u00edt\u00e9seket, p\u00e9ld\u00e1ul dugatty\u00fat\u00f6m\u00edt\u00e9seket \u00e9s r\u00fadt\u00f6m\u00edt\u00e9seket haszn\u00e1lnak a hat\u00e9kony t\u00f6m\u00edt\u00e9shez.<\/p>\n<h3>Tart\u00f3ss\u00e1g<\/h3>\n<p>A karhenger kop\u00e1snak van kit\u00e9ve, ez\u00e9rt nagy szil\u00e1rds\u00e1g\u00fa, kop\u00e1s-, korr\u00f3zi\u00f3- \u00e9s kop\u00e1s\u00e1ll\u00f3 anyagokb\u00f3l kell k\u00e9sz\u00fclnie.<\/p>\n<h3>Biztons\u00e1g<\/h3>\n<p>A karhengert a biztons\u00e1gi el\u0151\u00edr\u00e1soknak megfelel\u0151en kell megtervezni \u00e9s gy\u00e1rtani, biztos\u00edtva, hogy m\u0171k\u00f6d\u00e9s k\u00f6zben ne meghib\u00e1sodjon, \u00e9s ne okozzon k\u00e1rt a szem\u00e9lyzetben vagy a berendez\u00e9sekben.<\/p>\n<h3>Karbantarthat\u00f3s\u00e1g<\/h3>\n<p>A karhenger kialak\u00edt\u00e1s\u00e1nak figyelembe kell vennie a karbantart\u00e1s \u00e9s az alkatr\u00e9szek cser\u00e9j\u00e9nek egyszer\u0171s\u00e9g\u00e9t, \u00edgy a rendszeres ellen\u0151rz\u00e9s \u00e9s karbantart\u00e1s k\u00e9nyelmesebb, cs\u00f6kkentve a berendez\u00e9s \u00e1ll\u00e1sidej\u00e9t.<\/p>\n<p><img decoding=\"async\" src=\"https:\/\/www.hydraulic-cylinders.net\/wp-content\/uploads\/2025\/01\/songte-cylinder-head-with-all-kinds-excavator-models.webp\"><\/p>\n<h2>T\u00f6m\u00edt\u00e9s \u00e9s ken\u00e9s<\/h2>\n<p>A karhenger k\u00fcl\u00f6nf\u00e9le t\u00f6m\u00edt\u00e9seket haszn\u00e1l, p\u00e9ld\u00e1ul dugatty\u00fat\u00f6m\u00edt\u00e9seket \u00e9s r\u00fadt\u00f6m\u00edt\u00e9seket, amelyek kop\u00e1s\u00e1ll\u00f3 anyagokb\u00f3l, p\u00e9ld\u00e1ul poliuret\u00e1nb\u00f3l \u00e9s nitrilgumib\u00f3l k\u00e9sz\u00fclnek a hat\u00e9kony t\u00f6m\u00edt\u00e9s \u00e9rdek\u00e9ben. A hengertestet \u00e9s a menetes v\u00e9gfel\u00fcleteket gondosan megmunk\u00e1lj\u00e1k a kop\u00e1s\u00e1ll\u00f3s\u00e1g jav\u00edt\u00e1sa \u00e9rdek\u00e9ben. A ken\u00e9shez rendszeres hidraulikaolaj hozz\u00e1ad\u00e1sa sz\u00fcks\u00e9ges.<\/p>\n<p><img decoding=\"async\" src=\"https:\/\/www.hydraulic-cylinders.net\/wp-content\/uploads\/2025\/01\/songte-chushion-collar.webp\"><\/p>\n<h2>Karbantart\u00e1s \u00e9s megel\u0151z\u0151 int\u00e9zked\u00e9sek<\/h2>\n<h3>Rendszeres ellen\u0151rz\u00e9s<\/h3>\n<p>A karhengert rendszeresen ellen\u0151rizni kell a megfelel\u0151 m\u0171k\u00f6d\u00e9s biztos\u00edt\u00e1sa \u00e9rdek\u00e9ben. Ez mag\u00e1ban foglalja a t\u00f6m\u00edt\u00e9sek \u00e9s egy\u00e9b alkatr\u00e9szek kop\u00e1s\u00e1nak, sziv\u00e1rg\u00e1s\u00e1nak \u00e9s s\u00e9r\u00fcl\u00e9s\u00e9nek ellen\u0151rz\u00e9s\u00e9t.<\/p>\n<h3>Megel\u0151z\u0151 karbantart\u00e1s<\/h3>\n<p>A megel\u0151z\u0151 karbantart\u00e1s elengedhetetlen a karhenger megfelel\u0151 m\u0171k\u00f6d\u00e9s\u00e9nek fenntart\u00e1s\u00e1hoz. Ez mag\u00e1ban foglalja a rendszeres tiszt\u00edt\u00e1st, ken\u00e9st \u00e9s a kopott alkatr\u00e9szek cser\u00e9j\u00e9t.<\/p>\n<h2>Term\u00e9ktelep\u00edt\u00e9si \u00fatmutat\u00f3<\/h2>\n<p>A balesetek elker\u00fcl\u00e9se \u00e9rdek\u00e9ben gy\u0151z\u0151dj\u00f6n meg arr\u00f3l, hogy a karhenger megfelel\u0151en \u00e9s biztons\u00e1gosan van felszerelve. A megfelel\u0151 telep\u00edt\u00e9shez k\u00f6vesse a gy\u00e1rt\u00f3 utas\u00edt\u00e1sait. Gy\u0151z\u0151dj\u00f6n meg arr\u00f3l, hogy a hidraulikaolaj szintje megfelel\u0151, \u00e9s nincs sziv\u00e1rg\u00e1s. A telep\u00edt\u00e9s ut\u00e1n ellen\u0151rizze a karhenger m\u0171k\u00f6d\u00e9s\u00e9t.<\/p>\n<p><img decoding=\"async\" src=\"https:\/\/www.hydraulic-cylinders.net\/wp-content\/uploads\/2025\/01\/songte-bushings-with-all-kinds-of-excavator-models.webp\"><\/p>\n<h2>Biztons\u00e1gi szempontok \u00e9s k\u00f6rnyezeti t\u00e9nyez\u0151k<\/h2>\n<p>A karhenger haszn\u00e1latakor k\u00f6vesse a gy\u00e1rt\u00f3 \u00e1ltal megadott biztons\u00e1gi ir\u00e1nyelveket. Gondoskodjon arr\u00f3l, hogy a berendez\u00e9st csak k\u00e9pzett szem\u00e9lyzet kezelje. A k\u00f6rnyezetszennyez\u00e9s elker\u00fcl\u00e9se \u00e9rdek\u00e9ben megfelel\u0151en \u00e1rtalmatlan\u00edtsa a hidraulikaolajat vagy m\u00e1s folyad\u00e9kokat.<\/p>\n<h2>Hibaelh\u00e1r\u00edt\u00e1s \u00e9s gyakori probl\u00e9m\u00e1k<\/h2>\n<h3>Sziv\u00e1rg\u00e1s<\/h3>\n<p>A kar hengere sziv\u00e1roghat a kopott t\u00f6m\u00edt\u00e9sek vagy a s\u00e9r\u00fclt alkatr\u00e9szek miatt. Ellen\u0151rizze a t\u00f6m\u00edt\u00e9seket, \u00e9s sz\u00fcks\u00e9g eset\u00e9n cser\u00e9lje ki \u0151ket.<\/p>\n<h3>Lass\u00fa mozg\u00e1s<\/h3>\n<p>Ha a kar hengere lassan mozog, ellen\u0151rizze a hidraulikaolaj szintj\u00e9t \u00e9s az olaj \u00e1llapot\u00e1t. Sz\u00fcks\u00e9g eset\u00e9n cser\u00e9lje ki az olajat \u00e9s a sz\u0171r\u0151t.<\/p>\n<h2>Hibaelh\u00e1r\u00edt\u00e1si tippek \u00e9s megold\u00e1sok<\/h2>\n<p>A probl\u00e9m\u00e1k megold\u00e1s\u00e1nak megk\u00eds\u00e9rl\u00e9se el\u0151tt elengedhetetlen a megfelel\u0151 diagn\u00f3zis. A megfelel\u0151 diagn\u00f3zis \u00e9s jav\u00edt\u00e1s \u00e9rdek\u00e9ben k\u00f6vesse a gy\u00e1rt\u00f3 utas\u00edt\u00e1sait. A rendszeres karbantart\u00e1s \u00e9s ellen\u0151rz\u00e9s megel\u0151zheti a potenci\u00e1lis probl\u00e9m\u00e1k el\u0151fordul\u00e1s\u00e1t.<\/p>\n<p><img decoding=\"async\" src=\"https:\/\/www.hydraulic-cylinders.net\/wp-content\/uploads\/2025\/01\/songte-company-4.webp\"><\/p>\n<h2>R\u00f3lunk<\/h2>\n<p>Professzion\u00e1lis hidraulikus hengergy\u00e1rt\u00f3k\u00e9nt sz\u00e9les term\u00e9kv\u00e1laszt\u00e9kot k\u00edn\u00e1lunk. M\u00e1ra a hazai \u00e9s a nemzetk\u00f6zi piacok egyik vezet\u0151 hidraulikus hengergy\u00e1rt\u00f3j\u00e1v\u00e1 \u00e9s nagykereskedelmi forgalmaz\u00f3j\u00e1v\u00e1 v\u00e1ltunk. Mindig a kiv\u00e1l\u00f3 min\u0151s\u00e9g elv\u00e9t k\u00f6vetj\u00fck, \u00e9s a kifinomult gy\u00e1rt\u00f3m\u0171helyek iparos\u00edtott termel\u00e9sir\u00e1ny\u00edt\u00e1si strat\u00e9gi\u00e1j\u00e1ra t\u00e1maszkodunk, hogy folyamatosan fejlessz\u00fck technikai sz\u00ednvonalunkat \u00e9s termel\u00e9si hat\u00e9konys\u00e1gunkat. Cs\u00facskateg\u00f3ri\u00e1s digit\u00e1lis gy\u00e1rt\u00f3berendez\u00e9sek \u00e9s professzion\u00e1lis tesztel\u0151rendszerek bevezet\u00e9s\u00e9vel folyamatosan optimaliz\u00e1ljuk gy\u00e1rt\u00e1si platformunkat \u00e9s fejlesztj\u00fck term\u00e9kmin\u0151s\u00e9g-ellen\u0151rz\u00e9si folyamatainkat, er\u0151s innov\u00e1ci\u00f3s k\u00e9pess\u00e9ggel. C\u00e9lunk, hogy nagy hat\u00e9konys\u00e1ggal, prec\u00edzen \u00e9s magas min\u0151s\u00e9gi elvekkel el\u00e9g\u00edts\u00fck ki \u00fcgyfeleink sokr\u00e9t\u0171 ig\u00e9nyeit.<\/p>\n<h2>Szolg\u00e1ltat\u00e1saink<\/h2>\n<ul>\n<li>\n<h3>Szakmaiass\u00e1g<\/h3>\n<p>Tapasztalt m\u00e9rn\u00f6k\u00f6kb\u0151l \u00e9s technikusokb\u00f3l \u00e1ll\u00f3 csapatunk hidraulikus hengerek tervez\u00e9s\u00e9re, fejleszt\u00e9s\u00e9re \u00e9s gy\u00e1rt\u00e1s\u00e1ra specializ\u00e1l\u00f3dott.<\/p>\n<\/li>\n<li>\n<h3>Nemzetk\u00f6zi tan\u00fas\u00edtv\u00e1nyok<\/h3>\n<p>Term\u00e9keink sz\u00e1mos nemzetk\u00f6zi tan\u00fas\u00edtv\u00e1nnyal rendelkeznek, mint p\u00e9ld\u00e1ul az ISO9001, CE \u00e9s SGS, amelyek garant\u00e1lj\u00e1k a term\u00e9kmin\u0151s\u00e9get \u00e9s a biztons\u00e1got.<\/p>\n<\/li>\n<li>\n<h3>Testreszab\u00e1s<\/h3>\n<p>Testreszabott szolg\u00e1ltat\u00e1sokat k\u00edn\u00e1lunk, hogy megfelelj\u00fcnk az \u00fcgyfelek egyedi ig\u00e9nyeinek, bele\u00e9rtve a m\u00e9retet, az alakot \u00e9s a teljes\u00edtm\u00e9nyt.<\/p>\n<\/li>\n<li>\n<h3>Termel\u00e9si berendez\u00e9sek<\/h3>\n<p>Korszer\u0171 \u00e9s cs\u00facskateg\u00f3ri\u00e1s digit\u00e1lis gy\u00e1rt\u00f3berendez\u00e9sekkel rendelkez\u00fcnk, bele\u00e9rtve a CNC szersz\u00e1mg\u00e9peket, tesztplatformokat \u00e9s m\u00e9r\u0151m\u0171szereket.<\/p>\n<\/li>\n<li>\n<h3>\u00c9rt\u00e9kes\u00edt\u00e9s ut\u00e1ni szolg\u00e1ltat\u00e1s<\/h3>\n<p>\u00c1tfog\u00f3 \u00e9rt\u00e9kes\u00edt\u00e9s ut\u00e1ni szolg\u00e1ltat\u00e1sokat ny\u00fajtunk, bele\u00e9rtve a m\u0171szaki t\u00e1mogat\u00e1st, a karbantart\u00e1st \u00e9s a jav\u00edt\u00e1st, hogy biztos\u00edtsuk \u00fcgyfeleink el\u00e9gedetts\u00e9g\u00e9t.<\/p>\n<\/li>\n<\/ul>\n<p><img decoding=\"async\" src=\"https:\/\/www.hydraulic-cylinders.net\/wp-content\/uploads\/2025\/01\/songte-company-3.webp\"><\/p>\n<p>Szerz\u0151: lyl<\/p>","protected":false},"excerpt":{"rendered":"<p>Arm Cylinder For Jingong Wheel Type JCM9075L Product Definition An arm cylinder is a specially designed hydraulic cylinder that is primarily used to provide linear motion and power to various machine arms, such as excavators, cranes, and mechanical arms. The arm cylinder plays a critical role in the hydraulic system, allowing attachments or accessories to [&hellip;]<\/p>","protected":false},"featured_media":14786,"comment_status":"open","ping_status":"closed","template":"","meta":{"_et_pb_use_builder":"","_et_pb_old_content":"","_et_gb_content_width":""},"product_brand":[],"product_cat":[1497],"product_tag":[1498,1496],"class_list":{"0":"post-16687","1":"product","2":"type-product","3":"status-publish","4":"has-post-thumbnail","6":"product_cat-arm-cylinders","7":"product_tag-arm-cylinders","8":"product_tag-hydraulic-cylinders","10":"first","11":"instock","12":"shipping-taxable","13":"product-type-simple"},"amp_enabled":true,"_links":{"self":[{"href":"https:\/\/www.hydraulic-cylinders.net\/hu\/wp-json\/wp\/v2\/product\/16687","targetHints":{"allow":["GET"]}}],"collection":[{"href":"https:\/\/www.hydraulic-cylinders.net\/hu\/wp-json\/wp\/v2\/product"}],"about":[{"href":"https:\/\/www.hydraulic-cylinders.net\/hu\/wp-json\/wp\/v2\/types\/product"}],"replies":[{"embeddable":true,"href":"https:\/\/www.hydraulic-cylinders.net\/hu\/wp-json\/wp\/v2\/comments?post=16687"}],"wp:featuredmedia":[{"embeddable":true,"href":"https:\/\/www.hydraulic-cylinders.net\/hu\/wp-json\/wp\/v2\/media\/14786"}],"wp:attachment":[{"href":"https:\/\/www.hydraulic-cylinders.net\/hu\/wp-json\/wp\/v2\/media?parent=16687"}],"wp:term":[{"taxonomy":"product_brand","embeddable":true,"href":"https:\/\/www.hydraulic-cylinders.net\/hu\/wp-json\/wp\/v2\/product_brand?post=16687"},{"taxonomy":"product_cat","embeddable":true,"href":"https:\/\/www.hydraulic-cylinders.net\/hu\/wp-json\/wp\/v2\/product_cat?post=16687"},{"taxonomy":"product_tag","embeddable":true,"href":"https:\/\/www.hydraulic-cylinders.net\/hu\/wp-json\/wp\/v2\/product_tag?post=16687"}],"curies":[{"name":"munkaf\u00fczet","href":"https:\/\/api.w.org\/{rel}","templated":true}]}}