{"id":16692,"date":"2025-01-21T05:47:23","date_gmt":"2025-01-21T05:47:23","guid":{"rendered":"https:\/\/www.hydraulic-cylinders.net\/product\/arm-cylinder-for-jchi-ns35r-8\/"},"modified":"2025-01-21T05:47:25","modified_gmt":"2025-01-21T05:47:25","slug":"arm-cylinder-for-jchi-ns35r-8","status":"publish","type":"product","link":"https:\/\/www.hydraulic-cylinders.net\/hu\/termek\/arm-cylinder-for-jchi-ns35r-8\/","title":{"rendered":"Karhenger JCHI NS35R-8-hoz"},"content":{"rendered":"<h2>Karhenger JCHI NS35R-8-hoz<\/h2>\n<h3>Bevezet\u00e9s<\/h3>\n<p>A JCHI NS35R-8 karhengere egy speci\u00e1lisan tervezett hidraulikus henger, amely line\u00e1ris mozg\u00e1st \u00e9s er\u0151t biztos\u00edt k\u00fcl\u00f6nf\u00e9le g\u00e9pek, p\u00e9ld\u00e1ul kotr\u00f3g\u00e9pek, daruk \u00e9s mechanikus karok karj\u00e1nak. A karhenger kulcsszerepet j\u00e1tszik a hidraulikus rendszerekben, lehet\u0151v\u00e9 t\u00e9ve a tov\u00e1bbi szersz\u00e1mok vagy tartoz\u00e9kok hat\u00e9kony mozg\u00e1s\u00e1t \u00e9s vez\u00e9rl\u00e9s\u00e9t. Ezek a hengerek nemcsak sima mozg\u00e1st tesznek lehet\u0151v\u00e9, hanem nagy terhel\u00e9seket is elviselnek, biztos\u00edtva a g\u00e9p hat\u00e9kony m\u0171k\u00f6d\u00e9s\u00e9t \u00e9s megb\u00edzhat\u00f3s\u00e1g\u00e1t k\u00fcl\u00f6nb\u00f6z\u0151 munkak\u00f6r\u00fclm\u00e9nyek k\u00f6z\u00f6tt.<\/p>\n<p><img decoding=\"async\" src=\"https:\/\/www.hydraulic-cylinders.net\/wp-content\/uploads\/2025\/01\/songte-company-2.webp\"><\/p>\n<h3>Jellemz\u0151k<\/h3>\n<ul>\n<li><strong>Nagy hat\u00e9konys\u00e1g\u00fa \u00e1tvitel:<\/strong> A karhenger er\u0151teljes line\u00e1ris mozg\u00e1st \u00e9s er\u0151t biztos\u00edt, biztos\u00edtva a mechanikus kar nagy teljes\u00edtm\u00e9ny\u00e9t k\u00fcl\u00f6nf\u00e9le m\u0171veletek sor\u00e1n.<\/li>\n<li><strong>Prec\u00edz vez\u00e9rl\u00e9s:<\/strong> A hidraulikus rendszeren kereszt\u00fcl a karhenger prec\u00edz mozg\u00e1svez\u00e9rl\u00e9st \u00e9r el, \u00edgy a csatlakoztatott eszk\u00f6z\u00f6k m\u0171k\u00f6dtet\u00e9se rugalmasabb \u00e9s pontosabb.<\/li>\n<li><strong>Tart\u00f3ss\u00e1g:<\/strong> A karos munkahengerek jellemz\u0151en nagy szil\u00e1rds\u00e1g\u00fa anyagokb\u00f3l k\u00e9sz\u00fclnek, amelyek kiv\u00e1l\u00f3 kop\u00e1s\u00e1ll\u00f3s\u00e1got \u00e9s korr\u00f3zi\u00f3\u00e1ll\u00f3s\u00e1got biztos\u00edtanak, \u00edgy alkalmasak hossz\u00fa t\u00e1v\u00fa haszn\u00e1latra zord k\u00f6rnyezetben.<\/li>\n<li><strong>T\u00f6bbfunkci\u00f3s alkalmazkod\u00f3k\u00e9pess\u00e9g:<\/strong> Ezek a munkahengerek sz\u00e9les k\u00f6rben alkalmazhat\u00f3k k\u00fcl\u00f6nf\u00e9le g\u00e9pekhez, p\u00e9ld\u00e1ul kotr\u00f3g\u00e9pekhez, darukhoz \u00e9s mechanikus karokhoz, alkalmazkodva a k\u00fcl\u00f6nb\u00f6z\u0151 munkak\u00f6vetelm\u00e9nyekhez.<\/li>\n<li><strong>K\u00f6nny\u0171 karbantart\u00e1s:<\/strong> A tervez\u00e9s sor\u00e1n figyelembe vett\u00e9k a karbantart\u00e1s \u00e9s a csere egyszer\u0171s\u00e9g\u00e9t, \u00edgy a rendszeres ellen\u0151rz\u00e9sek \u00e9s karbantart\u00e1s k\u00e9nyelmesebb\u00e9 v\u00e1lt, \u00e9s cs\u00f6kkentett\u00e9k a berendez\u00e9sek \u00e1ll\u00e1sidej\u00e9t.<\/li>\n<\/ul>\n<p><img decoding=\"async\" src=\"https:\/\/www.hydraulic-cylinders.net\/wp-content\/uploads\/2025\/01\/songte-oil-pipes-and-spare-parts.webp\"><\/p>\n<h3>Alkalmaz\u00e1sok<\/h3>\n<p>A karhenger k\u00fcl\u00f6nf\u00e9le ipar\u00e1gakban alkalmazhat\u00f3:<\/p>\n<ul>\n<li><strong>\u00c9p\u00edt\u0151m\u00e9rn\u00f6ki:<\/strong> Kotr\u00f3g\u00e9pekn\u00e9l \u00e9s darukn\u00e1l a karhenger vez\u00e9rli a kan\u00e1l vagy a g\u00e9m mozg\u00e1s\u00e1t, lehet\u0151v\u00e9 t\u00e9ve a f\u00f6ldmozgat\u00e1st, az anyagmozgat\u00e1st \u00e9s a szerkezeti telep\u00edt\u00e9st.<\/li>\n<li><strong>Feldolgoz\u00f3 ipar:<\/strong> Az automatiz\u00e1lt gy\u00e1rt\u00f3sorokon a karhenger megk\u00f6nny\u00edti a mechanikus karok mozg\u00e1s\u00e1t olyan folyamatokban, mint az \u00f6sszeszerel\u00e9s, hegeszt\u00e9s \u00e9s anyagmozgat\u00e1s, n\u00f6velve a termel\u00e9si hat\u00e9konys\u00e1got \u00e9s a pontoss\u00e1got.<\/li>\n<li><strong>Mez\u0151gazdas\u00e1gi g\u00e9pek:<\/strong> A mez\u0151gazdas\u00e1gi g\u00e9pekben, mint p\u00e9ld\u00e1ul a betakar\u00edt\u00f3g\u00e9pekben \u00e9s a vet\u0151g\u00e9pekben, a karhenger vez\u00e9rli a m\u0171k\u00f6dtet\u0151 kar mozg\u00e1s\u00e1t olyan feladatokhoz, mint a vet\u00e9s, a m\u0171tr\u00e1gy\u00e1z\u00e1s \u00e9s a betakar\u00edt\u00e1s.<\/li>\n<li><strong>B\u00e1ny\u00e1szati:<\/strong> A b\u00e1ny\u00e1szati \u200b\u200bberendez\u00e9sekben a karhenger vez\u00e9rli a b\u00e1ny\u00e1szati \u200b\u200bg\u00e9pek karj\u00e1nak mozg\u00e1s\u00e1t az \u00e9rc kitermel\u00e9se \u00e9s sz\u00e1ll\u00edt\u00e1sa sor\u00e1n.<\/li>\n<li><strong>Logisztika \u00e9s sz\u00e1ll\u00edt\u00e1s:<\/strong> A targonc\u00e1kban \u00e9s anyagmozgat\u00f3 robotokban a karhenger vez\u00e9rli a vill\u00e1k emel\u00e9s\u00e9t \u00e9s mozg\u00e1s\u00e1t, lehet\u0151v\u00e9 t\u00e9ve az anyagmozgat\u00e1st \u00e9s a rakod\u00e1st.<\/li>\n<\/ul>\n<h3>Tervez\u00e9si szempontok \u00e9s kiv\u00e1laszt\u00e1si szabv\u00e1nyok<\/h3>\n<p>A karhengerek tervez\u00e9s\u00e9nek m\u00e9rlegel\u00e9sekor sz\u00e1mos t\u00e9nyez\u0151t kell figyelembe venni:<\/p>\n<ul>\n<li><strong>Teherb\u00edr\u00f3 k\u00e9pess\u00e9g:<\/strong> A karhengernek k\u00e9pesnek kell lennie a v\u00e1rhat\u00f3 terhel\u00e9sek kezel\u00e9s\u00e9re a teljes\u00edtm\u00e9ny vagy a biztons\u00e1g fel\u00e1ldoz\u00e1sa n\u00e9lk\u00fcl.<\/li>\n<li><strong>T\u00f6m\u00edt\u00e9s:<\/strong> A megfelel\u0151 t\u00f6m\u00edt\u00e9s biztos\u00edt\u00e1s\u00e1hoz k\u00fcl\u00f6nf\u00e9le t\u00f6m\u00edt\u0151elemeket, p\u00e9ld\u00e1ul dugatty\u00fat\u00f6m\u00edt\u00e9seket \u00e9s r\u00fadt\u00f6m\u00edt\u00e9seket kell haszn\u00e1lni. Ezek a t\u00f6m\u00edt\u00e9sek kop\u00e1s\u00e1ll\u00f3 anyagokb\u00f3l, p\u00e9ld\u00e1ul poliuret\u00e1nb\u00f3l \u00e9s nitrilgumib\u00f3l k\u00e9sz\u00fclnek.<\/li>\n<li><strong>Tart\u00f3ss\u00e1g:<\/strong> A hengertest \u00e9s a menetes v\u00e9gek prec\u00edz megmunk\u00e1l\u00e1son esnek \u00e1t a kop\u00e1s\u00e1ll\u00f3s\u00e1g jav\u00edt\u00e1sa \u00e9rdek\u00e9ben. A z\u00f6kken\u0151mentes m\u0171k\u00f6d\u00e9s biztos\u00edt\u00e1sa \u00e9rdek\u00e9ben rendszeres hidraulikaolajjal t\u00f6rt\u00e9n\u0151 ken\u00e9s sz\u00fcks\u00e9ges.<\/li>\n<li><strong>Biztons\u00e1g:<\/strong> A balesetek megel\u0151z\u00e9se \u00e9rdek\u00e9ben biztons\u00e1gi int\u00e9zked\u00e9seket kell be\u00e9p\u00edteni a tervez\u00e9sbe, p\u00e9ld\u00e1ul nyom\u00e1scs\u00f6kkent\u0151 szelepeket \u00e9s v\u00e9szle\u00e1ll\u00edt\u00f3 rendszereket.<\/li>\n<li><strong>Karbantarthat\u00f3s\u00e1g:<\/strong> A tervez\u00e9si jellemz\u0151knek lehet\u0151v\u00e9 kell tenni\u00fck az egyszer\u0171 karbantart\u00e1st \u00e9s jav\u00edt\u00e1st, cs\u00f6kkentve az \u00e1ll\u00e1sid\u0151t \u00e9s jav\u00edtva az \u00e1ltal\u00e1nos hat\u00e9konys\u00e1got.<\/li>\n<\/ul>\n<p><img decoding=\"async\" src=\"https:\/\/www.hydraulic-cylinders.net\/wp-content\/uploads\/2025\/01\/songte-cylinder-head-with-all-kinds-excavator-models.webp\"><\/p>\n<h3>T\u00f6m\u00edt\u00e9s \u00e9s ken\u00e9s<\/h3>\n<p>A JCHI NS35R-8 hidraulikus hengere k\u00fcl\u00f6nf\u00e9le t\u00f6m\u00edt\u0151elemeket haszn\u00e1l a megfelel\u0151 t\u00f6m\u00edt\u00e9s biztos\u00edt\u00e1s\u00e1hoz. Ezek az alkatr\u00e9szek, mint p\u00e9ld\u00e1ul a dugatty\u00fat\u00f6m\u00edt\u00e9sek \u00e9s a r\u00fadt\u00f6m\u00edt\u00e9sek, kop\u00e1s\u00e1ll\u00f3 anyagokb\u00f3l, p\u00e9ld\u00e1ul poliuret\u00e1nb\u00f3l \u00e9s nitrilgumib\u00f3l k\u00e9sz\u00fclnek. A hengertest \u00e9s a menetes v\u00e9gek prec\u00edz megmunk\u00e1l\u00e1son esnek \u00e1t a kop\u00e1s\u00e1ll\u00f3s\u00e1g jav\u00edt\u00e1sa \u00e9rdek\u00e9ben. A henger z\u00f6kken\u0151mentes m\u0171k\u00f6d\u00e9s\u00e9nek biztos\u00edt\u00e1sa \u00e9s \u00e9lettartam\u00e1nak meghosszabb\u00edt\u00e1sa \u00e9rdek\u00e9ben rendszeres ken\u00e9s sz\u00fcks\u00e9ges megfelel\u0151 mennyis\u00e9g\u0171 hidraulikaolajjal.<\/p>\n<h3>Rendszeres ellen\u0151rz\u00e9s \u00e9s megel\u0151z\u0151 karbantart\u00e1s<\/h3>\n<p>Az optim\u00e1lis teljes\u00edtm\u00e9ny \u00e9s hossz\u00fa \u00e9lettartam biztos\u00edt\u00e1sa \u00e9rdek\u00e9ben rendszeres ellen\u0151rz\u00e9seket \u00e9s megel\u0151z\u0151 karbantart\u00e1st javasolunk:<\/p>\n<ul>\n<li>Vizsg\u00e1lja meg a hengert sziv\u00e1rg\u00e1s, s\u00e9r\u00fcl\u00e9s vagy kop\u00e1s jelei szempontj\u00e1b\u00f3l.<\/li>\n<li>Ellen\u0151rizze \u00e9s sz\u00fcks\u00e9g szerint t\u00f6ltse fel a hidraulikaolaj szintj\u00e9t.<\/li>\n<li>Tiszt\u00edtsa meg a hengert \u00e9s alkatr\u00e9szeit a szennyez\u0151d\u00e9sekt\u0151l \u00e9s t\u00f6rmel\u00e9kekt\u0151l.<\/li>\n<li>Figyelje a henger m\u0171k\u00f6d\u00e9s\u00e9t, hogy nem \u00e9szlel-e szokatlan zajokat vagy rezg\u00e9seket.<\/li>\n<li>K\u00f6vesse a gy\u00e1rt\u00f3 karbantart\u00e1si id\u0151k\u00f6z\u00f6kre \u00e9s elj\u00e1r\u00e1sokra vonatkoz\u00f3 ir\u00e1nyelveit.<\/li>\n<\/ul>\n<h3>Term\u00e9ktelep\u00edt\u00e9si \u00fatmutat\u00f3<\/h3>\n<p>A JCHI NS35R-8 karhenger\u00e9nek megfelel\u0151 beszerel\u00e9se kulcsfontoss\u00e1g\u00fa a teljes\u00edtm\u00e9nye \u00e9s biztons\u00e1ga szempontj\u00e1b\u00f3l. K\u00f6vesse az al\u00e1bbi l\u00e9p\u00e9seket:<\/p>\n<ol>\n<li>Gy\u0151z\u0151dj\u00f6n meg arr\u00f3l, hogy a g\u00e9p ki van kapcsolva, \u00e9s a hidraulikus rendszer nyom\u00e1smentes.<\/li>\n<li>Helyezze a karhengert a kijel\u00f6lt r\u00f6gz\u00edt\u00e9si helyre.<\/li>\n<li>R\u00f6gz\u00edtse biztons\u00e1gosan a hengert megfelel\u0151 csavarokkal vagy r\u00f6gz\u00edt\u0151elemekkel.<\/li>\n<li>Connect the hydraulic lines to the cylinder&#8217;s ports, ensuring proper alignment and sealing.<\/li>\n<li>Ellen\u0151rizze az \u00f6sszes csatlakoz\u00e1st, \u00e9s h\u00fazza meg \u0151ket az aj\u00e1nlott nyomat\u00e9kkal.<\/li>\n<li>Ellen\u0151rizze a henger m\u0171k\u00f6d\u00e9s\u00e9t, hogy ellen\u0151rizze a funkcionalit\u00e1s\u00e1t, \u00e9s v\u00e9gezze el a sz\u00fcks\u00e9ges be\u00e1ll\u00edt\u00e1sokat.<\/li>\n<\/ol>\n<p><img decoding=\"async\" src=\"https:\/\/www.hydraulic-cylinders.net\/wp-content\/uploads\/2025\/01\/songte-bushings-with-all-kinds-of-excavator-models.webp\"><\/p>\n<h3>Biztons\u00e1gi szempontok \u00e9s k\u00f6rnyezeti t\u00e9nyez\u0151k<\/h3>\n<p>A JCHI NS35R-8 karos munkahenger\u00e9vel v\u00e9gzett munka sor\u00e1n fontos a biztons\u00e1gi int\u00e9zked\u00e9sek priorit\u00e1sk\u00e9nt val\u00f3 kezel\u00e9se. A megfelel\u0151 biztons\u00e1gi \u00f3vint\u00e9zked\u00e9sek, p\u00e9ld\u00e1ul a v\u00e9d\u0151felszerel\u00e9s visel\u00e9se \u00e9s a megfelel\u0151 \u00fczemeltet\u00e9si elj\u00e1r\u00e1sok betart\u00e1sa elengedhetetlen a balesetek \u00e9s s\u00e9r\u00fcl\u00e9sek megel\u0151z\u00e9se \u00e9rdek\u00e9ben. Ezenk\u00edv\u00fcl a k\u00f6rnyezeti t\u00e9nyez\u0151k, p\u00e9ld\u00e1ul a h\u0151m\u00e9rs\u00e9klet, a p\u00e1ratartalom \u00e9s a szennyez\u0151d\u00e9seknek val\u00f3 kitetts\u00e9g figyelembev\u00e9tele seg\u00edthet a munkahenger optim\u00e1lis teljes\u00edtm\u00e9ny\u00e9nek \u00e9s hossz\u00fa \u00e9lettartam\u00e1nak biztos\u00edt\u00e1s\u00e1ban.<\/p>\n<h3>Hibaelh\u00e1r\u00edt\u00e1s \u00e9s gyakori probl\u00e9m\u00e1k<\/h3>\n<p>El\u0151fordulhat, hogy probl\u00e9m\u00e1k mer\u00fclnek fel a JCHI NS35R-8 karhenger\u00e9vel. \u00cdme n\u00e9h\u00e1ny gyakori probl\u00e9ma \u00e9s lehets\u00e9ges megold\u00e1suk:<\/p>\n<ul>\n<li><strong>Sziv\u00e1rg\u00e1s:<\/strong> Vizsg\u00e1lja meg a hengert s\u00e9r\u00fclt t\u00f6m\u00edt\u00e9sek vagy szerelv\u00e9nyek szempontj\u00e1b\u00f3l, \u00e9s sz\u00fcks\u00e9g eset\u00e9n cser\u00e9lje ki azokat.<\/li>\n<li><strong>Rendellenes zaj vagy rezg\u00e9s:<\/strong> Ellen\u0151rizze a mozg\u00f3 alkatr\u00e9szek laza r\u00f6gz\u00edt\u0151csavarjait vagy t\u00falzott kop\u00e1s\u00e1t. H\u00fazza meg a csavarokat, vagy cser\u00e9lje ki a kopott alkatr\u00e9szeket.<\/li>\n<li><strong>Gyenge teljes\u00edtm\u00e9ny:<\/strong> Gondoskodjon a megfelel\u0151 ken\u00e9sr\u0151l, \u00e9s ellen\u0151rizze, hogy nincsenek-e elz\u00e1r\u00f3d\u00e1sok vagy sz\u0171k\u00fcletek a hidraulikavezet\u00e9kekben. Sz\u00fcks\u00e9g szerint \u00e1ll\u00edtsa be vagy cser\u00e9lje ki az alkatr\u00e9szeket.<\/li>\n<\/ul>\n<p>A hibaelh\u00e1r\u00edt\u00e1si tippek \u00e9s probl\u00e9mamegold\u00e1si m\u00f3dszerek k\u00f6vet\u00e9s\u00e9vel az olvas\u00f3k hat\u00e9konyan diagnosztiz\u00e1lhatj\u00e1k \u00e9s megoldhatj\u00e1k a karhengerrel kapcsolatos probl\u00e9m\u00e1kat. A megel\u0151z\u0151 int\u00e9zked\u00e9sek bevezet\u00e9se seg\u00edthet minimaliz\u00e1lni a lehets\u00e9ges probl\u00e9m\u00e1kat.<\/p>\n<p><img decoding=\"async\" src=\"https:\/\/www.hydraulic-cylinders.net\/wp-content\/uploads\/2025\/01\/songte-chushion-collar.webp\"><\/p>\n<p>Szerz\u0151: lyl<\/p>\n<h3>C\u00e9g\u00fcnkr\u0151l<\/h3>\n<p>Professzion\u00e1lis hidraulikus munkahengerek gy\u00e1rt\u00f3ja vagyunk, sz\u00e9les term\u00e9kv\u00e1laszt\u00e9kkal. A hidraulikus munkahengerek egyik vezet\u0151 gy\u00e1rt\u00f3j\u00e1v\u00e1 \u00e9s nagykereskedelmi forgalmaz\u00f3j\u00e1v\u00e1 v\u00e1ltunk mind a hazai, mind a nemzetk\u00f6zi piacokon. C\u00e9g\u00fcnk a kiv\u00e1l\u00f3 min\u0151s\u00e9g elv\u00e9t vallja, j\u00f3l felszerelt gy\u00e1rt\u00f3m\u0171hely\u00fcnkben iparos\u00edtott termel\u00e9sir\u00e1ny\u00edt\u00e1si strat\u00e9gi\u00e1kra t\u00e1maszkodva folyamatosan fejlesztj\u00fck m\u0171szaki sz\u00ednvonalunkat \u00e9s termel\u00e9si hat\u00e9konys\u00e1gunkat.<\/p>\n<p>Fejlett digit\u00e1lis gy\u00e1rt\u00f3berendez\u00e9sek \u00e9s professzion\u00e1lis tesztel\u0151rendszerek bevezet\u00e9s\u00e9vel optimaliz\u00e1ljuk gy\u00e1rt\u00e1si platformunkat \u00e9s fejlesztj\u00fck term\u00e9kmin\u0151s\u00e9g-ellen\u0151rz\u00e9si folyamatainkat. Nagy hangs\u00falyt fektet\u00fcnk az innov\u00e1ci\u00f3ra, \u00e9s arra t\u00f6reksz\u00fcnk, hogy \u00fcgyfeleink sokr\u00e9t\u0171 ig\u00e9nyeit nagy hat\u00e9konys\u00e1ggal, pontoss\u00e1ggal \u00e9s min\u0151s\u00e9ggel el\u00e9g\u00edts\u00fck ki. C\u00e9g\u00fcnk b\u00fcszke professzionalizmus\u00e1ra, nemzetk\u00f6zi tan\u00fas\u00edtv\u00e1nyaira, testreszabott szolg\u00e1ltat\u00e1saira, gy\u00e1rt\u00f3berendez\u00e9seire \u00e9s \u00e9rt\u00e9kes\u00edt\u00e9s ut\u00e1ni t\u00e1mogat\u00e1s\u00e1ra.<\/p>\n<p><img decoding=\"async\" src=\"https:\/\/www.hydraulic-cylinders.net\/wp-content\/uploads\/2025\/01\/songte-company-4.webp\"><br \/>\n<img","protected":false},"excerpt":{"rendered":"<p>Arm Cylinder For JCHI NS35R-8 Introduction The Arm Cylinder for JCHI NS35R-8 is a specially designed hydraulic cylinder that provides linear motion and power to the arm of various types of machinery, such as excavators, cranes, and mechanical arms. The arm cylinder plays a crucial role in hydraulic systems, allowing for the efficient movement and [&hellip;]<\/p>","protected":false},"featured_media":14772,"comment_status":"open","ping_status":"closed","template":"","meta":{"_et_pb_use_builder":"","_et_pb_old_content":"","_et_gb_content_width":""},"product_brand":[],"product_cat":[1497],"product_tag":[1498,1496],"class_list":{"0":"post-16692","1":"product","2":"type-product","3":"status-publish","4":"has-post-thumbnail","6":"product_cat-arm-cylinders","7":"product_tag-arm-cylinders","8":"product_tag-hydraulic-cylinders","10":"first","11":"instock","12":"shipping-taxable","13":"product-type-simple"},"amp_enabled":true,"_links":{"self":[{"href":"https:\/\/www.hydraulic-cylinders.net\/hu\/wp-json\/wp\/v2\/product\/16692","targetHints":{"allow":["GET"]}}],"collection":[{"href":"https:\/\/www.hydraulic-cylinders.net\/hu\/wp-json\/wp\/v2\/product"}],"about":[{"href":"https:\/\/www.hydraulic-cylinders.net\/hu\/wp-json\/wp\/v2\/types\/product"}],"replies":[{"embeddable":true,"href":"https:\/\/www.hydraulic-cylinders.net\/hu\/wp-json\/wp\/v2\/comments?post=16692"}],"wp:featuredmedia":[{"embeddable":true,"href":"https:\/\/www.hydraulic-cylinders.net\/hu\/wp-json\/wp\/v2\/media\/14772"}],"wp:attachment":[{"href":"https:\/\/www.hydraulic-cylinders.net\/hu\/wp-json\/wp\/v2\/media?parent=16692"}],"wp:term":[{"taxonomy":"product_brand","embeddable":true,"href":"https:\/\/www.hydraulic-cylinders.net\/hu\/wp-json\/wp\/v2\/product_brand?post=16692"},{"taxonomy":"product_cat","embeddable":true,"href":"https:\/\/www.hydraulic-cylinders.net\/hu\/wp-json\/wp\/v2\/product_cat?post=16692"},{"taxonomy":"product_tag","embeddable":true,"href":"https:\/\/www.hydraulic-cylinders.net\/hu\/wp-json\/wp\/v2\/product_tag?post=16692"}],"curies":[{"name":"munkaf\u00fczet","href":"https:\/\/api.w.org\/{rel}","templated":true}]}}